{"id":11107,"date":"2025-08-25T13:38:22","date_gmt":"2025-08-25T12:38:22","guid":{"rendered":"https:\/\/lda.be\/?post_type=product&#038;p=11107"},"modified":"2025-08-25T14:29:25","modified_gmt":"2025-08-25T13:29:25","slug":"actionneur-msa-gage","status":"publish","type":"product","link":"https:\/\/lda.be\/fr\/produit\/actionneur-msa-gage\/","title":{"rendered":"Actionneur MSA gage"},"content":{"rendered":"<p>L&#8217;actionneur de mesure MSA est une solution simple qui ne n\u00e9cessite aucun module externe suppl\u00e9mentaire et permet aux utilisateurs d&#8217;acc\u00e9der directement \u00e0 leur PLC\/carte de comptage \u00e0 grande vitesse. Il peut supporter des charges lat\u00e9rales plus \u00e9lev\u00e9es et est beaucoup plus rentable que les LVDT traditionnels. Le MSA8 est le premier mod\u00e8le de la s\u00e9rie. Il est compact, avec des dimensions de 95 mm x 28 mm x 8 mm pour une course de 10 mm. Le MSA est disponible avec une protection IP54 standard, tandis qu&#8217;une option IP65 est disponible pour les environnements exigeants.<\/p>\n<p>Le mod\u00e8le MSA8-010-01-0-CS5 combine une taille compacte avec une course de 10 mm, une masse mobile de 0,011 kg et un poids total de 0,054 kg, ce qui le rend adapt\u00e9 aux applications o\u00f9 la pr\u00e9cision et le gain de place sont essentiels.<\/p>\n","protected":false},"excerpt":{"rendered":"<p>L&#8217;actionneur de mesure MSA est une solution simple qui ne n\u00e9cessite aucun module externe suppl\u00e9mentaire et permet aux utilisateurs d&#8217;acc\u00e9der directement \u00e0 leur PLC\/carte de comptage \u00e0 grande vitesse. Il peut supporter des charges lat\u00e9rales plus \u00e9lev\u00e9es et est beaucoup plus rentable que les LVDT traditionnels. Le MSA8 est le premier mod\u00e8le de la s\u00e9rie. [&hellip;]<\/p>\n","protected":false},"featured_media":11080,"comment_status":"closed","ping_status":"closed","template":"","meta":[],"product_brand":[1760,1759],"product_cat":[838,854,864],"product_tag":[],"class_list":{"0":"post-11107","1":"product","2":"type-product","3":"status-publish","4":"has-post-thumbnail","6":"product_brand-linear-actuators","7":"product_brand-smac","8":"product_cat-electricite","9":"product_cat-technologie-de-bobine-mobile","10":"product_cat-actionneurs-lineaires-fr","12":"first","13":"instock","14":"shipping-taxable","15":"product-type-simple"},"yoast_head":"<!-- This site is optimized with the Yoast SEO plugin v27.3 - https:\/\/yoast.com\/product\/yoast-seo-wordpress\/ -->\n<title>Actionneur MSA gage - LDA Belgique<\/title>\n<meta name=\"description\" content=\"L&#039;actionneur MSA8 gage offre une connexion directe \u00e0 l&#039;API, une capacit\u00e9 de charge lat\u00e9rale \u00e9lev\u00e9e et une protection IP54. Course de 10 mm, r\u00e9solution jusqu&#039;\u00e0 0,1 \u03bcm et alimentation 5-15 VCC. Disponible en Belgique chez LDA.\" \/>\n<meta name=\"robots\" content=\"index, follow, max-snippet:-1, max-image-preview:large, max-video-preview:-1\" \/>\n<link rel=\"canonical\" href=\"https:\/\/lda.be\/fr\/produit\/actionneur-msa-gage\/\" \/>\n<meta property=\"og:locale\" content=\"fr_FR\" \/>\n<meta property=\"og:type\" content=\"article\" \/>\n<meta property=\"og:title\" content=\"Actionneur MSA gage - LDA Belgique\" \/>\n<meta property=\"og:description\" content=\"L&#039;actionneur MSA8 gage offre une connexion directe \u00e0 l&#039;API, une capacit\u00e9 de charge lat\u00e9rale \u00e9lev\u00e9e et une protection IP54. Course de 10 mm, r\u00e9solution jusqu&#039;\u00e0 0,1 \u03bcm et alimentation 5-15 VCC. Disponible en Belgique chez LDA.\" \/>\n<meta property=\"og:url\" content=\"https:\/\/lda.be\/fr\/produit\/actionneur-msa-gage\/\" \/>\n<meta property=\"og:site_name\" content=\"LDA Belgique\" \/>\n<meta property=\"article:modified_time\" content=\"2025-08-25T13:29:25+00:00\" \/>\n<meta property=\"og:image\" content=\"https:\/\/lda.be\/wp-content\/uploads\/2025\/08\/MSA-serie.webp\" \/>\n\t<meta property=\"og:image:width\" content=\"800\" \/>\n\t<meta property=\"og:image:height\" content=\"800\" \/>\n\t<meta property=\"og:image:type\" content=\"image\/webp\" \/>\n<meta name=\"twitter:card\" content=\"summary_large_image\" \/>\n<meta name=\"twitter:label1\" content=\"Dur\u00e9e de lecture estim\u00e9e\" \/>\n\t<meta name=\"twitter:data1\" content=\"1 minute\" \/>\n<script type=\"application\/ld+json\" class=\"yoast-schema-graph\">{\"@context\":\"https:\\\/\\\/schema.org\",\"@graph\":[{\"@type\":\"WebPage\",\"@id\":\"https:\\\/\\\/lda.be\\\/fr\\\/produit\\\/actionneur-msa-gage\\\/\",\"url\":\"https:\\\/\\\/lda.be\\\/fr\\\/produit\\\/actionneur-msa-gage\\\/\",\"name\":\"Actionneur MSA gage - LDA Belgique\",\"isPartOf\":{\"@id\":\"https:\\\/\\\/lda.be\\\/fr\\\/#website\"},\"primaryImageOfPage\":{\"@id\":\"https:\\\/\\\/lda.be\\\/fr\\\/produit\\\/actionneur-msa-gage\\\/#primaryimage\"},\"image\":{\"@id\":\"https:\\\/\\\/lda.be\\\/fr\\\/produit\\\/actionneur-msa-gage\\\/#primaryimage\"},\"thumbnailUrl\":\"https:\\\/\\\/lda.be\\\/wp-content\\\/uploads\\\/2025\\\/08\\\/MSA-serie.webp\",\"datePublished\":\"2025-08-25T12:38:22+00:00\",\"dateModified\":\"2025-08-25T13:29:25+00:00\",\"description\":\"L'actionneur MSA8 gage offre une connexion directe \u00e0 l'API, une capacit\u00e9 de charge lat\u00e9rale \u00e9lev\u00e9e et une protection IP54. Course de 10 mm, r\u00e9solution jusqu'\u00e0 0,1 \u03bcm et alimentation 5-15 VCC. Disponible en Belgique chez LDA.\",\"breadcrumb\":{\"@id\":\"https:\\\/\\\/lda.be\\\/fr\\\/produit\\\/actionneur-msa-gage\\\/#breadcrumb\"},\"inLanguage\":\"fr-FR\",\"potentialAction\":[{\"@type\":\"ReadAction\",\"target\":[\"https:\\\/\\\/lda.be\\\/fr\\\/produit\\\/actionneur-msa-gage\\\/\"]}]},{\"@type\":\"ImageObject\",\"inLanguage\":\"fr-FR\",\"@id\":\"https:\\\/\\\/lda.be\\\/fr\\\/produit\\\/actionneur-msa-gage\\\/#primaryimage\",\"url\":\"https:\\\/\\\/lda.be\\\/wp-content\\\/uploads\\\/2025\\\/08\\\/MSA-serie.webp\",\"contentUrl\":\"https:\\\/\\\/lda.be\\\/wp-content\\\/uploads\\\/2025\\\/08\\\/MSA-serie.webp\",\"width\":800,\"height\":800,\"caption\":\"MSA serie\"},{\"@type\":\"BreadcrumbList\",\"@id\":\"https:\\\/\\\/lda.be\\\/fr\\\/produit\\\/actionneur-msa-gage\\\/#breadcrumb\",\"itemListElement\":[{\"@type\":\"ListItem\",\"position\":1,\"name\":\"Accueil\",\"item\":\"https:\\\/\\\/lda.be\\\/fr\\\/\"},{\"@type\":\"ListItem\",\"position\":2,\"name\":\"Produits\",\"item\":\"https:\\\/\\\/lda.be\\\/fr\\\/produits\\\/\"},{\"@type\":\"ListItem\",\"position\":3,\"name\":\"Actionneur MSA gage\"}]},{\"@type\":\"WebSite\",\"@id\":\"https:\\\/\\\/lda.be\\\/fr\\\/#website\",\"url\":\"https:\\\/\\\/lda.be\\\/fr\\\/\",\"name\":\"LDA Belgium\",\"description\":\"Solutions For Life\",\"publisher\":{\"@id\":\"https:\\\/\\\/lda.be\\\/fr\\\/#organization\"},\"potentialAction\":[{\"@type\":\"SearchAction\",\"target\":{\"@type\":\"EntryPoint\",\"urlTemplate\":\"https:\\\/\\\/lda.be\\\/fr\\\/?s={search_term_string}\"},\"query-input\":{\"@type\":\"PropertyValueSpecification\",\"valueRequired\":true,\"valueName\":\"search_term_string\"}}],\"inLanguage\":\"fr-FR\"},{\"@type\":\"Organization\",\"@id\":\"https:\\\/\\\/lda.be\\\/fr\\\/#organization\",\"name\":\"LDA Belgium\",\"url\":\"https:\\\/\\\/lda.be\\\/fr\\\/\",\"logo\":{\"@type\":\"ImageObject\",\"inLanguage\":\"fr-FR\",\"@id\":\"https:\\\/\\\/lda.be\\\/fr\\\/#\\\/schema\\\/logo\\\/image\\\/\",\"url\":\"https:\\\/\\\/lda.be\\\/wp-content\\\/uploads\\\/2022\\\/07\\\/Logo-LDA.webp\",\"contentUrl\":\"https:\\\/\\\/lda.be\\\/wp-content\\\/uploads\\\/2022\\\/07\\\/Logo-LDA.webp\",\"width\":311,\"height\":101,\"caption\":\"LDA Belgium\"},\"image\":{\"@id\":\"https:\\\/\\\/lda.be\\\/fr\\\/#\\\/schema\\\/logo\\\/image\\\/\"},\"sameAs\":[\"https:\\\/\\\/www.linkedin.com\\\/company\\\/lda-belgium-nv\"]}]}<\/script>\n<!-- \/ Yoast SEO plugin. -->","yoast_head_json":{"title":"Actionneur MSA gage - LDA Belgique","description":"L'actionneur MSA8 gage offre une connexion directe \u00e0 l'API, une capacit\u00e9 de charge lat\u00e9rale \u00e9lev\u00e9e et une protection IP54. Course de 10 mm, r\u00e9solution jusqu'\u00e0 0,1 \u03bcm et alimentation 5-15 VCC. Disponible en Belgique chez LDA.","robots":{"index":"index","follow":"follow","max-snippet":"max-snippet:-1","max-image-preview":"max-image-preview:large","max-video-preview":"max-video-preview:-1"},"canonical":"https:\/\/lda.be\/fr\/produit\/actionneur-msa-gage\/","og_locale":"fr_FR","og_type":"article","og_title":"Actionneur MSA gage - LDA Belgique","og_description":"L'actionneur MSA8 gage offre une connexion directe \u00e0 l'API, une capacit\u00e9 de charge lat\u00e9rale \u00e9lev\u00e9e et une protection IP54. Course de 10 mm, r\u00e9solution jusqu'\u00e0 0,1 \u03bcm et alimentation 5-15 VCC. Disponible en Belgique chez LDA.","og_url":"https:\/\/lda.be\/fr\/produit\/actionneur-msa-gage\/","og_site_name":"LDA Belgique","article_modified_time":"2025-08-25T13:29:25+00:00","og_image":[{"width":800,"height":800,"url":"https:\/\/lda.be\/wp-content\/uploads\/2025\/08\/MSA-serie.webp","type":"image\/webp"}],"twitter_card":"summary_large_image","twitter_misc":{"Dur\u00e9e de lecture estim\u00e9e":"1 minute"},"schema":{"@context":"https:\/\/schema.org","@graph":[{"@type":"WebPage","@id":"https:\/\/lda.be\/fr\/produit\/actionneur-msa-gage\/","url":"https:\/\/lda.be\/fr\/produit\/actionneur-msa-gage\/","name":"Actionneur MSA gage - LDA Belgique","isPartOf":{"@id":"https:\/\/lda.be\/fr\/#website"},"primaryImageOfPage":{"@id":"https:\/\/lda.be\/fr\/produit\/actionneur-msa-gage\/#primaryimage"},"image":{"@id":"https:\/\/lda.be\/fr\/produit\/actionneur-msa-gage\/#primaryimage"},"thumbnailUrl":"https:\/\/lda.be\/wp-content\/uploads\/2025\/08\/MSA-serie.webp","datePublished":"2025-08-25T12:38:22+00:00","dateModified":"2025-08-25T13:29:25+00:00","description":"L'actionneur MSA8 gage offre une connexion directe \u00e0 l'API, une capacit\u00e9 de charge lat\u00e9rale \u00e9lev\u00e9e et une protection IP54. Course de 10 mm, r\u00e9solution jusqu'\u00e0 0,1 \u03bcm et alimentation 5-15 VCC. Disponible en Belgique chez LDA.","breadcrumb":{"@id":"https:\/\/lda.be\/fr\/produit\/actionneur-msa-gage\/#breadcrumb"},"inLanguage":"fr-FR","potentialAction":[{"@type":"ReadAction","target":["https:\/\/lda.be\/fr\/produit\/actionneur-msa-gage\/"]}]},{"@type":"ImageObject","inLanguage":"fr-FR","@id":"https:\/\/lda.be\/fr\/produit\/actionneur-msa-gage\/#primaryimage","url":"https:\/\/lda.be\/wp-content\/uploads\/2025\/08\/MSA-serie.webp","contentUrl":"https:\/\/lda.be\/wp-content\/uploads\/2025\/08\/MSA-serie.webp","width":800,"height":800,"caption":"MSA serie"},{"@type":"BreadcrumbList","@id":"https:\/\/lda.be\/fr\/produit\/actionneur-msa-gage\/#breadcrumb","itemListElement":[{"@type":"ListItem","position":1,"name":"Accueil","item":"https:\/\/lda.be\/fr\/"},{"@type":"ListItem","position":2,"name":"Produits","item":"https:\/\/lda.be\/fr\/produits\/"},{"@type":"ListItem","position":3,"name":"Actionneur MSA gage"}]},{"@type":"WebSite","@id":"https:\/\/lda.be\/fr\/#website","url":"https:\/\/lda.be\/fr\/","name":"LDA Belgium","description":"Solutions For Life","publisher":{"@id":"https:\/\/lda.be\/fr\/#organization"},"potentialAction":[{"@type":"SearchAction","target":{"@type":"EntryPoint","urlTemplate":"https:\/\/lda.be\/fr\/?s={search_term_string}"},"query-input":{"@type":"PropertyValueSpecification","valueRequired":true,"valueName":"search_term_string"}}],"inLanguage":"fr-FR"},{"@type":"Organization","@id":"https:\/\/lda.be\/fr\/#organization","name":"LDA Belgium","url":"https:\/\/lda.be\/fr\/","logo":{"@type":"ImageObject","inLanguage":"fr-FR","@id":"https:\/\/lda.be\/fr\/#\/schema\/logo\/image\/","url":"https:\/\/lda.be\/wp-content\/uploads\/2022\/07\/Logo-LDA.webp","contentUrl":"https:\/\/lda.be\/wp-content\/uploads\/2022\/07\/Logo-LDA.webp","width":311,"height":101,"caption":"LDA Belgium"},"image":{"@id":"https:\/\/lda.be\/fr\/#\/schema\/logo\/image\/"},"sameAs":["https:\/\/www.linkedin.com\/company\/lda-belgium-nv"]}]}},"_links":{"self":[{"href":"https:\/\/lda.be\/fr\/wp-json\/wp\/v2\/product\/11107","targetHints":{"allow":["GET"]}}],"collection":[{"href":"https:\/\/lda.be\/fr\/wp-json\/wp\/v2\/product"}],"about":[{"href":"https:\/\/lda.be\/fr\/wp-json\/wp\/v2\/types\/product"}],"replies":[{"embeddable":true,"href":"https:\/\/lda.be\/fr\/wp-json\/wp\/v2\/comments?post=11107"}],"wp:featuredmedia":[{"embeddable":true,"href":"https:\/\/lda.be\/fr\/wp-json\/wp\/v2\/media\/11080"}],"wp:attachment":[{"href":"https:\/\/lda.be\/fr\/wp-json\/wp\/v2\/media?parent=11107"}],"wp:term":[{"taxonomy":"product_brand","embeddable":true,"href":"https:\/\/lda.be\/fr\/wp-json\/wp\/v2\/product_brand?post=11107"},{"taxonomy":"product_cat","embeddable":true,"href":"https:\/\/lda.be\/fr\/wp-json\/wp\/v2\/product_cat?post=11107"},{"taxonomy":"product_tag","embeddable":true,"href":"https:\/\/lda.be\/fr\/wp-json\/wp\/v2\/product_tag?post=11107"}],"curies":[{"name":"wp","href":"https:\/\/api.w.org\/{rel}","templated":true}]}}