{"id":11118,"date":"2025-08-25T15:00:58","date_gmt":"2025-08-25T14:00:58","guid":{"rendered":"https:\/\/lda.be\/?post_type=product&#038;p=11118"},"modified":"2025-08-25T15:15:52","modified_gmt":"2025-08-25T14:15:52","slug":"lal-serie-actionneurs-lineaires","status":"publish","type":"product","link":"https:\/\/lda.be\/fr\/produit\/lal-serie-actionneurs-lineaires\/","title":{"rendered":"LAL S\u00e9rie actionneurs lin\u00e9aires"},"content":{"rendered":"<p>La s\u00e9rie LAL de SMAC comprend des actionneurs lin\u00e9aires avec une course pouvant atteindre 150 mm et une force maximale de 500 N. Comme tous les actionneurs SMAC, les mod\u00e8les LAL offrent un contr\u00f4le ind\u00e9pendant de la position, de la vitesse et de la force, combin\u00e9 \u00e0 la fonctionnalit\u00e9 Soft-Land\u2122 pour une d\u00e9termination pr\u00e9cise de la force et de la position.<\/p>\n<p>La s\u00e9rie comprend diff\u00e9rents mod\u00e8les (LAL35, LAL55, LAL95, LAL300 et LAL500) adapt\u00e9s \u00e0 diverses applications dans des secteurs tels que l&#8217;automobile, la technologie m\u00e9dicale, l&#8217;assemblage \u00e9lectronique et le contr\u00f4le qualit\u00e9.<\/p>\n","protected":false},"excerpt":{"rendered":"<p>La s\u00e9rie LAL de SMAC comprend des actionneurs lin\u00e9aires avec une course pouvant atteindre 150 mm et une force maximale de 500 N. Comme tous les actionneurs SMAC, les mod\u00e8les LAL offrent un contr\u00f4le ind\u00e9pendant de la position, de la vitesse et de la force, combin\u00e9 \u00e0 la fonctionnalit\u00e9 Soft-Land\u2122 pour une d\u00e9termination pr\u00e9cise de [&hellip;]<\/p>\n","protected":false},"featured_media":11112,"comment_status":"closed","ping_status":"closed","template":"","meta":[],"product_brand":[1760,1759],"product_cat":[838,854,864],"product_tag":[],"class_list":{"0":"post-11118","1":"product","2":"type-product","3":"status-publish","4":"has-post-thumbnail","6":"product_brand-linear-actuators","7":"product_brand-smac","8":"product_cat-electricite","9":"product_cat-technologie-de-bobine-mobile","10":"product_cat-actionneurs-lineaires-fr","12":"first","13":"instock","14":"shipping-taxable","15":"product-type-simple"},"yoast_head":"<!-- This site is optimized with the Yoast SEO plugin v27.3 - https:\/\/yoast.com\/product\/yoast-seo-wordpress\/ -->\n<title>LAL S\u00e9rie actionneurs lin\u00e9aires - LDA Belgique<\/title>\n<meta name=\"description\" content=\"La s\u00e9rie d&#039;actionneurs lin\u00e9aires LAL de SMAC offre la technologie Soft-Land\u2122. Course jusqu&#039;\u00e0 150 mm, force maximale jusqu&#039;\u00e0 500 N et options telles que IP67 et r\u00e9solutions d&#039;encodeur jusqu&#039;\u00e0 0,1 \u00b5m. Disponible en Belgique chez LDA.\" \/>\n<meta name=\"robots\" content=\"index, follow, max-snippet:-1, max-image-preview:large, max-video-preview:-1\" \/>\n<link rel=\"canonical\" href=\"https:\/\/lda.be\/fr\/produit\/lal-serie-actionneurs-lineaires\/\" \/>\n<meta property=\"og:locale\" content=\"fr_FR\" \/>\n<meta property=\"og:type\" content=\"article\" \/>\n<meta property=\"og:title\" content=\"LAL S\u00e9rie actionneurs lin\u00e9aires - LDA Belgique\" \/>\n<meta property=\"og:description\" content=\"La s\u00e9rie d&#039;actionneurs lin\u00e9aires LAL de SMAC offre la technologie Soft-Land\u2122. Course jusqu&#039;\u00e0 150 mm, force maximale jusqu&#039;\u00e0 500 N et options telles que IP67 et r\u00e9solutions d&#039;encodeur jusqu&#039;\u00e0 0,1 \u00b5m. Disponible en Belgique chez LDA.\" \/>\n<meta property=\"og:url\" content=\"https:\/\/lda.be\/fr\/produit\/lal-serie-actionneurs-lineaires\/\" \/>\n<meta property=\"og:site_name\" content=\"LDA Belgique\" \/>\n<meta property=\"article:modified_time\" content=\"2025-08-25T14:15:52+00:00\" \/>\n<meta property=\"og:image\" content=\"https:\/\/lda.be\/wp-content\/uploads\/2025\/08\/LAL-serie.webp\" \/>\n\t<meta property=\"og:image:width\" content=\"800\" \/>\n\t<meta property=\"og:image:height\" content=\"800\" \/>\n\t<meta property=\"og:image:type\" content=\"image\/webp\" \/>\n<meta name=\"twitter:card\" content=\"summary_large_image\" \/>\n<meta name=\"twitter:label1\" content=\"Dur\u00e9e de lecture estim\u00e9e\" \/>\n\t<meta name=\"twitter:data1\" content=\"1 minute\" \/>\n<script type=\"application\/ld+json\" class=\"yoast-schema-graph\">{\"@context\":\"https:\\\/\\\/schema.org\",\"@graph\":[{\"@type\":\"WebPage\",\"@id\":\"https:\\\/\\\/lda.be\\\/fr\\\/produit\\\/lal-serie-actionneurs-lineaires\\\/\",\"url\":\"https:\\\/\\\/lda.be\\\/fr\\\/produit\\\/lal-serie-actionneurs-lineaires\\\/\",\"name\":\"LAL S\u00e9rie actionneurs lin\u00e9aires - LDA Belgique\",\"isPartOf\":{\"@id\":\"https:\\\/\\\/lda.be\\\/fr\\\/#website\"},\"primaryImageOfPage\":{\"@id\":\"https:\\\/\\\/lda.be\\\/fr\\\/produit\\\/lal-serie-actionneurs-lineaires\\\/#primaryimage\"},\"image\":{\"@id\":\"https:\\\/\\\/lda.be\\\/fr\\\/produit\\\/lal-serie-actionneurs-lineaires\\\/#primaryimage\"},\"thumbnailUrl\":\"https:\\\/\\\/lda.be\\\/wp-content\\\/uploads\\\/2025\\\/08\\\/LAL-serie.webp\",\"datePublished\":\"2025-08-25T14:00:58+00:00\",\"dateModified\":\"2025-08-25T14:15:52+00:00\",\"description\":\"La s\u00e9rie d'actionneurs lin\u00e9aires LAL de SMAC offre la technologie Soft-Land\u2122. Course jusqu'\u00e0 150 mm, force maximale jusqu'\u00e0 500 N et options telles que IP67 et r\u00e9solutions d'encodeur jusqu'\u00e0 0,1 \u00b5m. Disponible en Belgique chez LDA.\",\"breadcrumb\":{\"@id\":\"https:\\\/\\\/lda.be\\\/fr\\\/produit\\\/lal-serie-actionneurs-lineaires\\\/#breadcrumb\"},\"inLanguage\":\"fr-FR\",\"potentialAction\":[{\"@type\":\"ReadAction\",\"target\":[\"https:\\\/\\\/lda.be\\\/fr\\\/produit\\\/lal-serie-actionneurs-lineaires\\\/\"]}]},{\"@type\":\"ImageObject\",\"inLanguage\":\"fr-FR\",\"@id\":\"https:\\\/\\\/lda.be\\\/fr\\\/produit\\\/lal-serie-actionneurs-lineaires\\\/#primaryimage\",\"url\":\"https:\\\/\\\/lda.be\\\/wp-content\\\/uploads\\\/2025\\\/08\\\/LAL-serie.webp\",\"contentUrl\":\"https:\\\/\\\/lda.be\\\/wp-content\\\/uploads\\\/2025\\\/08\\\/LAL-serie.webp\",\"width\":800,\"height\":800,\"caption\":\"LAL serie\"},{\"@type\":\"BreadcrumbList\",\"@id\":\"https:\\\/\\\/lda.be\\\/fr\\\/produit\\\/lal-serie-actionneurs-lineaires\\\/#breadcrumb\",\"itemListElement\":[{\"@type\":\"ListItem\",\"position\":1,\"name\":\"Accueil\",\"item\":\"https:\\\/\\\/lda.be\\\/fr\\\/\"},{\"@type\":\"ListItem\",\"position\":2,\"name\":\"Produits\",\"item\":\"https:\\\/\\\/lda.be\\\/fr\\\/produits\\\/\"},{\"@type\":\"ListItem\",\"position\":3,\"name\":\"LAL S\u00e9rie actionneurs lin\u00e9aires\"}]},{\"@type\":\"WebSite\",\"@id\":\"https:\\\/\\\/lda.be\\\/fr\\\/#website\",\"url\":\"https:\\\/\\\/lda.be\\\/fr\\\/\",\"name\":\"LDA Belgium\",\"description\":\"Solutions For Life\",\"publisher\":{\"@id\":\"https:\\\/\\\/lda.be\\\/fr\\\/#organization\"},\"potentialAction\":[{\"@type\":\"SearchAction\",\"target\":{\"@type\":\"EntryPoint\",\"urlTemplate\":\"https:\\\/\\\/lda.be\\\/fr\\\/?s={search_term_string}\"},\"query-input\":{\"@type\":\"PropertyValueSpecification\",\"valueRequired\":true,\"valueName\":\"search_term_string\"}}],\"inLanguage\":\"fr-FR\"},{\"@type\":\"Organization\",\"@id\":\"https:\\\/\\\/lda.be\\\/fr\\\/#organization\",\"name\":\"LDA Belgium\",\"url\":\"https:\\\/\\\/lda.be\\\/fr\\\/\",\"logo\":{\"@type\":\"ImageObject\",\"inLanguage\":\"fr-FR\",\"@id\":\"https:\\\/\\\/lda.be\\\/fr\\\/#\\\/schema\\\/logo\\\/image\\\/\",\"url\":\"https:\\\/\\\/lda.be\\\/wp-content\\\/uploads\\\/2022\\\/07\\\/Logo-LDA.webp\",\"contentUrl\":\"https:\\\/\\\/lda.be\\\/wp-content\\\/uploads\\\/2022\\\/07\\\/Logo-LDA.webp\",\"width\":311,\"height\":101,\"caption\":\"LDA Belgium\"},\"image\":{\"@id\":\"https:\\\/\\\/lda.be\\\/fr\\\/#\\\/schema\\\/logo\\\/image\\\/\"},\"sameAs\":[\"https:\\\/\\\/www.linkedin.com\\\/company\\\/lda-belgium-nv\"]}]}<\/script>\n<!-- \/ Yoast SEO plugin. -->","yoast_head_json":{"title":"LAL S\u00e9rie actionneurs lin\u00e9aires - LDA Belgique","description":"La s\u00e9rie d'actionneurs lin\u00e9aires LAL de SMAC offre la technologie Soft-Land\u2122. Course jusqu'\u00e0 150 mm, force maximale jusqu'\u00e0 500 N et options telles que IP67 et r\u00e9solutions d'encodeur jusqu'\u00e0 0,1 \u00b5m. Disponible en Belgique chez LDA.","robots":{"index":"index","follow":"follow","max-snippet":"max-snippet:-1","max-image-preview":"max-image-preview:large","max-video-preview":"max-video-preview:-1"},"canonical":"https:\/\/lda.be\/fr\/produit\/lal-serie-actionneurs-lineaires\/","og_locale":"fr_FR","og_type":"article","og_title":"LAL S\u00e9rie actionneurs lin\u00e9aires - LDA Belgique","og_description":"La s\u00e9rie d'actionneurs lin\u00e9aires LAL de SMAC offre la technologie Soft-Land\u2122. Course jusqu'\u00e0 150 mm, force maximale jusqu'\u00e0 500 N et options telles que IP67 et r\u00e9solutions d'encodeur jusqu'\u00e0 0,1 \u00b5m. Disponible en Belgique chez LDA.","og_url":"https:\/\/lda.be\/fr\/produit\/lal-serie-actionneurs-lineaires\/","og_site_name":"LDA Belgique","article_modified_time":"2025-08-25T14:15:52+00:00","og_image":[{"width":800,"height":800,"url":"https:\/\/lda.be\/wp-content\/uploads\/2025\/08\/LAL-serie.webp","type":"image\/webp"}],"twitter_card":"summary_large_image","twitter_misc":{"Dur\u00e9e de lecture estim\u00e9e":"1 minute"},"schema":{"@context":"https:\/\/schema.org","@graph":[{"@type":"WebPage","@id":"https:\/\/lda.be\/fr\/produit\/lal-serie-actionneurs-lineaires\/","url":"https:\/\/lda.be\/fr\/produit\/lal-serie-actionneurs-lineaires\/","name":"LAL S\u00e9rie actionneurs lin\u00e9aires - LDA Belgique","isPartOf":{"@id":"https:\/\/lda.be\/fr\/#website"},"primaryImageOfPage":{"@id":"https:\/\/lda.be\/fr\/produit\/lal-serie-actionneurs-lineaires\/#primaryimage"},"image":{"@id":"https:\/\/lda.be\/fr\/produit\/lal-serie-actionneurs-lineaires\/#primaryimage"},"thumbnailUrl":"https:\/\/lda.be\/wp-content\/uploads\/2025\/08\/LAL-serie.webp","datePublished":"2025-08-25T14:00:58+00:00","dateModified":"2025-08-25T14:15:52+00:00","description":"La s\u00e9rie d'actionneurs lin\u00e9aires LAL de SMAC offre la technologie Soft-Land\u2122. Course jusqu'\u00e0 150 mm, force maximale jusqu'\u00e0 500 N et options telles que IP67 et r\u00e9solutions d'encodeur jusqu'\u00e0 0,1 \u00b5m. Disponible en Belgique chez LDA.","breadcrumb":{"@id":"https:\/\/lda.be\/fr\/produit\/lal-serie-actionneurs-lineaires\/#breadcrumb"},"inLanguage":"fr-FR","potentialAction":[{"@type":"ReadAction","target":["https:\/\/lda.be\/fr\/produit\/lal-serie-actionneurs-lineaires\/"]}]},{"@type":"ImageObject","inLanguage":"fr-FR","@id":"https:\/\/lda.be\/fr\/produit\/lal-serie-actionneurs-lineaires\/#primaryimage","url":"https:\/\/lda.be\/wp-content\/uploads\/2025\/08\/LAL-serie.webp","contentUrl":"https:\/\/lda.be\/wp-content\/uploads\/2025\/08\/LAL-serie.webp","width":800,"height":800,"caption":"LAL serie"},{"@type":"BreadcrumbList","@id":"https:\/\/lda.be\/fr\/produit\/lal-serie-actionneurs-lineaires\/#breadcrumb","itemListElement":[{"@type":"ListItem","position":1,"name":"Accueil","item":"https:\/\/lda.be\/fr\/"},{"@type":"ListItem","position":2,"name":"Produits","item":"https:\/\/lda.be\/fr\/produits\/"},{"@type":"ListItem","position":3,"name":"LAL S\u00e9rie actionneurs lin\u00e9aires"}]},{"@type":"WebSite","@id":"https:\/\/lda.be\/fr\/#website","url":"https:\/\/lda.be\/fr\/","name":"LDA Belgium","description":"Solutions For Life","publisher":{"@id":"https:\/\/lda.be\/fr\/#organization"},"potentialAction":[{"@type":"SearchAction","target":{"@type":"EntryPoint","urlTemplate":"https:\/\/lda.be\/fr\/?s={search_term_string}"},"query-input":{"@type":"PropertyValueSpecification","valueRequired":true,"valueName":"search_term_string"}}],"inLanguage":"fr-FR"},{"@type":"Organization","@id":"https:\/\/lda.be\/fr\/#organization","name":"LDA Belgium","url":"https:\/\/lda.be\/fr\/","logo":{"@type":"ImageObject","inLanguage":"fr-FR","@id":"https:\/\/lda.be\/fr\/#\/schema\/logo\/image\/","url":"https:\/\/lda.be\/wp-content\/uploads\/2022\/07\/Logo-LDA.webp","contentUrl":"https:\/\/lda.be\/wp-content\/uploads\/2022\/07\/Logo-LDA.webp","width":311,"height":101,"caption":"LDA Belgium"},"image":{"@id":"https:\/\/lda.be\/fr\/#\/schema\/logo\/image\/"},"sameAs":["https:\/\/www.linkedin.com\/company\/lda-belgium-nv"]}]}},"_links":{"self":[{"href":"https:\/\/lda.be\/fr\/wp-json\/wp\/v2\/product\/11118","targetHints":{"allow":["GET"]}}],"collection":[{"href":"https:\/\/lda.be\/fr\/wp-json\/wp\/v2\/product"}],"about":[{"href":"https:\/\/lda.be\/fr\/wp-json\/wp\/v2\/types\/product"}],"replies":[{"embeddable":true,"href":"https:\/\/lda.be\/fr\/wp-json\/wp\/v2\/comments?post=11118"}],"wp:featuredmedia":[{"embeddable":true,"href":"https:\/\/lda.be\/fr\/wp-json\/wp\/v2\/media\/11112"}],"wp:attachment":[{"href":"https:\/\/lda.be\/fr\/wp-json\/wp\/v2\/media?parent=11118"}],"wp:term":[{"taxonomy":"product_brand","embeddable":true,"href":"https:\/\/lda.be\/fr\/wp-json\/wp\/v2\/product_brand?post=11118"},{"taxonomy":"product_cat","embeddable":true,"href":"https:\/\/lda.be\/fr\/wp-json\/wp\/v2\/product_cat?post=11118"},{"taxonomy":"product_tag","embeddable":true,"href":"https:\/\/lda.be\/fr\/wp-json\/wp\/v2\/product_tag?post=11118"}],"curies":[{"name":"wp","href":"https:\/\/api.w.org\/{rel}","templated":true}]}}