{"id":11181,"date":"2025-08-26T13:40:58","date_gmt":"2025-08-26T12:40:58","guid":{"rendered":"https:\/\/lda.be\/?post_type=product&#038;p=11181"},"modified":"2025-08-26T13:49:57","modified_gmt":"2025-08-26T12:49:57","slug":"lbl-serie-actionneurs-lineaires","status":"publish","type":"product","link":"https:\/\/lda.be\/fr\/produit\/lbl-serie-actionneurs-lineaires\/","title":{"rendered":"LBL S\u00e9rie actionneurs lin\u00e9aires"},"content":{"rendered":"<p>La s\u00e9rie SMAC LBL est une solution comp\u00e9titive en termes de prix, sp\u00e9cialement con\u00e7ue pour remplacer les vis \u00e0 billes et les v\u00e9rins pneumatiques dans l&#8217;industrie de l&#8217;emballage. Cette s\u00e9rie offre une puissance, une vitesse et une fiabilit\u00e9 \u00e9lev\u00e9es, avec une dur\u00e9e de vie pr\u00e9vue de plus de 100 millions de cycles.<\/p>\n<p>Un avantage unique de la s\u00e9rie LBL est la possibilit\u00e9 d&#8217;empiler les actionneurs pour les stations multi-actionneurs OEM. Ces actionneurs empil\u00e9s constituent une solution \u00e9conomique pour l&#8217;automatisation de plusieurs axes. Ils simplifient le montage, r\u00e9duisent le c\u00e2blage et permettent un \u00e9change rapide des unit\u00e9s, ce qui minimise les temps d&#8217;arr\u00eat. D\u00e9couvrez-en plus sur la solution SMAC STACK.<\/p>\n<p>La s\u00e9rie LBL est disponible avec des courses de 25 mm \u00e0 200 mm et fournit une force maximale de 60 N. De plus, le LBL est extr\u00eamement rapide, avec des acc\u00e9l\u00e9rations sup\u00e9rieures \u00e0 50 G, ce qui le rend id\u00e9al pour les applications o\u00f9 la vitesse et la pr\u00e9cision sont cruciales.<\/p>\n","protected":false},"excerpt":{"rendered":"<p>La s\u00e9rie SMAC LBL est une solution comp\u00e9titive en termes de prix, sp\u00e9cialement con\u00e7ue pour remplacer les vis \u00e0 billes et les v\u00e9rins pneumatiques dans l&#8217;industrie de l&#8217;emballage. Cette s\u00e9rie offre une puissance, une vitesse et une fiabilit\u00e9 \u00e9lev\u00e9es, avec une dur\u00e9e de vie pr\u00e9vue de plus de 100 millions de cycles. Un avantage unique [&hellip;]<\/p>\n","protected":false},"featured_media":11168,"comment_status":"closed","ping_status":"closed","template":"","meta":[],"product_brand":[1760,1759],"product_cat":[838,854,864],"product_tag":[],"class_list":{"0":"post-11181","1":"product","2":"type-product","3":"status-publish","4":"has-post-thumbnail","6":"product_brand-linear-actuators","7":"product_brand-smac","8":"product_cat-electricite","9":"product_cat-technologie-de-bobine-mobile","10":"product_cat-actionneurs-lineaires-fr","12":"first","13":"instock","14":"shipping-taxable","15":"product-type-simple"},"yoast_head":"<!-- This site is optimized with the Yoast SEO plugin v27.3 - https:\/\/yoast.com\/product\/yoast-seo-wordpress\/ -->\n<title>LBL S\u00e9rie actionneurs lin\u00e9aires - LDA Belgique<\/title>\n<meta name=\"description\" content=\"Actionneurs SMAC LBL : remplacent les vis \u00e0 billes et les v\u00e9rins pneumatiques. Empilables, rapides (50G), plus de 100 millions de cycles. Id\u00e9aux pour l&#039;emballage. LDA Belgique.\" \/>\n<meta name=\"robots\" content=\"index, follow, max-snippet:-1, max-image-preview:large, max-video-preview:-1\" \/>\n<link rel=\"canonical\" href=\"https:\/\/lda.be\/fr\/produit\/lbl-serie-actionneurs-lineaires\/\" \/>\n<meta property=\"og:locale\" content=\"fr_FR\" \/>\n<meta property=\"og:type\" content=\"article\" \/>\n<meta property=\"og:title\" content=\"LBL S\u00e9rie actionneurs lin\u00e9aires - LDA Belgique\" \/>\n<meta property=\"og:description\" content=\"Actionneurs SMAC LBL : remplacent les vis \u00e0 billes et les v\u00e9rins pneumatiques. Empilables, rapides (50G), plus de 100 millions de cycles. Id\u00e9aux pour l&#039;emballage. LDA Belgique.\" \/>\n<meta property=\"og:url\" content=\"https:\/\/lda.be\/fr\/produit\/lbl-serie-actionneurs-lineaires\/\" \/>\n<meta property=\"og:site_name\" content=\"LDA Belgique\" \/>\n<meta property=\"article:modified_time\" content=\"2025-08-26T12:49:57+00:00\" \/>\n<meta property=\"og:image\" content=\"https:\/\/lda.be\/wp-content\/uploads\/2025\/08\/LBL-serie.webp\" \/>\n\t<meta property=\"og:image:width\" content=\"800\" \/>\n\t<meta property=\"og:image:height\" content=\"800\" \/>\n\t<meta property=\"og:image:type\" content=\"image\/webp\" \/>\n<meta name=\"twitter:card\" content=\"summary_large_image\" \/>\n<meta name=\"twitter:label1\" content=\"Dur\u00e9e de lecture estim\u00e9e\" \/>\n\t<meta name=\"twitter:data1\" content=\"1 minute\" \/>\n<script type=\"application\/ld+json\" class=\"yoast-schema-graph\">{\"@context\":\"https:\\\/\\\/schema.org\",\"@graph\":[{\"@type\":\"WebPage\",\"@id\":\"https:\\\/\\\/lda.be\\\/fr\\\/produit\\\/lbl-serie-actionneurs-lineaires\\\/\",\"url\":\"https:\\\/\\\/lda.be\\\/fr\\\/produit\\\/lbl-serie-actionneurs-lineaires\\\/\",\"name\":\"LBL S\u00e9rie actionneurs lin\u00e9aires - LDA Belgique\",\"isPartOf\":{\"@id\":\"https:\\\/\\\/lda.be\\\/fr\\\/#website\"},\"primaryImageOfPage\":{\"@id\":\"https:\\\/\\\/lda.be\\\/fr\\\/produit\\\/lbl-serie-actionneurs-lineaires\\\/#primaryimage\"},\"image\":{\"@id\":\"https:\\\/\\\/lda.be\\\/fr\\\/produit\\\/lbl-serie-actionneurs-lineaires\\\/#primaryimage\"},\"thumbnailUrl\":\"https:\\\/\\\/lda.be\\\/wp-content\\\/uploads\\\/2025\\\/08\\\/LBL-serie.webp\",\"datePublished\":\"2025-08-26T12:40:58+00:00\",\"dateModified\":\"2025-08-26T12:49:57+00:00\",\"description\":\"Actionneurs SMAC LBL : remplacent les vis \u00e0 billes et les v\u00e9rins pneumatiques. Empilables, rapides (50G), plus de 100 millions de cycles. Id\u00e9aux pour l'emballage. LDA Belgique.\",\"breadcrumb\":{\"@id\":\"https:\\\/\\\/lda.be\\\/fr\\\/produit\\\/lbl-serie-actionneurs-lineaires\\\/#breadcrumb\"},\"inLanguage\":\"fr-FR\",\"potentialAction\":[{\"@type\":\"ReadAction\",\"target\":[\"https:\\\/\\\/lda.be\\\/fr\\\/produit\\\/lbl-serie-actionneurs-lineaires\\\/\"]}]},{\"@type\":\"ImageObject\",\"inLanguage\":\"fr-FR\",\"@id\":\"https:\\\/\\\/lda.be\\\/fr\\\/produit\\\/lbl-serie-actionneurs-lineaires\\\/#primaryimage\",\"url\":\"https:\\\/\\\/lda.be\\\/wp-content\\\/uploads\\\/2025\\\/08\\\/LBL-serie.webp\",\"contentUrl\":\"https:\\\/\\\/lda.be\\\/wp-content\\\/uploads\\\/2025\\\/08\\\/LBL-serie.webp\",\"width\":800,\"height\":800,\"caption\":\"LBL serie\"},{\"@type\":\"BreadcrumbList\",\"@id\":\"https:\\\/\\\/lda.be\\\/fr\\\/produit\\\/lbl-serie-actionneurs-lineaires\\\/#breadcrumb\",\"itemListElement\":[{\"@type\":\"ListItem\",\"position\":1,\"name\":\"Accueil\",\"item\":\"https:\\\/\\\/lda.be\\\/fr\\\/\"},{\"@type\":\"ListItem\",\"position\":2,\"name\":\"Produits\",\"item\":\"https:\\\/\\\/lda.be\\\/fr\\\/produits\\\/\"},{\"@type\":\"ListItem\",\"position\":3,\"name\":\"LBL S\u00e9rie actionneurs lin\u00e9aires\"}]},{\"@type\":\"WebSite\",\"@id\":\"https:\\\/\\\/lda.be\\\/fr\\\/#website\",\"url\":\"https:\\\/\\\/lda.be\\\/fr\\\/\",\"name\":\"LDA Belgium\",\"description\":\"Solutions For Life\",\"publisher\":{\"@id\":\"https:\\\/\\\/lda.be\\\/fr\\\/#organization\"},\"potentialAction\":[{\"@type\":\"SearchAction\",\"target\":{\"@type\":\"EntryPoint\",\"urlTemplate\":\"https:\\\/\\\/lda.be\\\/fr\\\/?s={search_term_string}\"},\"query-input\":{\"@type\":\"PropertyValueSpecification\",\"valueRequired\":true,\"valueName\":\"search_term_string\"}}],\"inLanguage\":\"fr-FR\"},{\"@type\":\"Organization\",\"@id\":\"https:\\\/\\\/lda.be\\\/fr\\\/#organization\",\"name\":\"LDA Belgium\",\"url\":\"https:\\\/\\\/lda.be\\\/fr\\\/\",\"logo\":{\"@type\":\"ImageObject\",\"inLanguage\":\"fr-FR\",\"@id\":\"https:\\\/\\\/lda.be\\\/fr\\\/#\\\/schema\\\/logo\\\/image\\\/\",\"url\":\"https:\\\/\\\/lda.be\\\/wp-content\\\/uploads\\\/2022\\\/07\\\/Logo-LDA.webp\",\"contentUrl\":\"https:\\\/\\\/lda.be\\\/wp-content\\\/uploads\\\/2022\\\/07\\\/Logo-LDA.webp\",\"width\":311,\"height\":101,\"caption\":\"LDA Belgium\"},\"image\":{\"@id\":\"https:\\\/\\\/lda.be\\\/fr\\\/#\\\/schema\\\/logo\\\/image\\\/\"},\"sameAs\":[\"https:\\\/\\\/www.linkedin.com\\\/company\\\/lda-belgium-nv\"]}]}<\/script>\n<!-- \/ Yoast SEO plugin. -->","yoast_head_json":{"title":"LBL S\u00e9rie actionneurs lin\u00e9aires - LDA Belgique","description":"Actionneurs SMAC LBL : remplacent les vis \u00e0 billes et les v\u00e9rins pneumatiques. Empilables, rapides (50G), plus de 100 millions de cycles. Id\u00e9aux pour l'emballage. LDA Belgique.","robots":{"index":"index","follow":"follow","max-snippet":"max-snippet:-1","max-image-preview":"max-image-preview:large","max-video-preview":"max-video-preview:-1"},"canonical":"https:\/\/lda.be\/fr\/produit\/lbl-serie-actionneurs-lineaires\/","og_locale":"fr_FR","og_type":"article","og_title":"LBL S\u00e9rie actionneurs lin\u00e9aires - LDA Belgique","og_description":"Actionneurs SMAC LBL : remplacent les vis \u00e0 billes et les v\u00e9rins pneumatiques. Empilables, rapides (50G), plus de 100 millions de cycles. Id\u00e9aux pour l'emballage. LDA Belgique.","og_url":"https:\/\/lda.be\/fr\/produit\/lbl-serie-actionneurs-lineaires\/","og_site_name":"LDA Belgique","article_modified_time":"2025-08-26T12:49:57+00:00","og_image":[{"width":800,"height":800,"url":"https:\/\/lda.be\/wp-content\/uploads\/2025\/08\/LBL-serie.webp","type":"image\/webp"}],"twitter_card":"summary_large_image","twitter_misc":{"Dur\u00e9e de lecture estim\u00e9e":"1 minute"},"schema":{"@context":"https:\/\/schema.org","@graph":[{"@type":"WebPage","@id":"https:\/\/lda.be\/fr\/produit\/lbl-serie-actionneurs-lineaires\/","url":"https:\/\/lda.be\/fr\/produit\/lbl-serie-actionneurs-lineaires\/","name":"LBL S\u00e9rie actionneurs lin\u00e9aires - LDA Belgique","isPartOf":{"@id":"https:\/\/lda.be\/fr\/#website"},"primaryImageOfPage":{"@id":"https:\/\/lda.be\/fr\/produit\/lbl-serie-actionneurs-lineaires\/#primaryimage"},"image":{"@id":"https:\/\/lda.be\/fr\/produit\/lbl-serie-actionneurs-lineaires\/#primaryimage"},"thumbnailUrl":"https:\/\/lda.be\/wp-content\/uploads\/2025\/08\/LBL-serie.webp","datePublished":"2025-08-26T12:40:58+00:00","dateModified":"2025-08-26T12:49:57+00:00","description":"Actionneurs SMAC LBL : remplacent les vis \u00e0 billes et les v\u00e9rins pneumatiques. Empilables, rapides (50G), plus de 100 millions de cycles. Id\u00e9aux pour l'emballage. LDA Belgique.","breadcrumb":{"@id":"https:\/\/lda.be\/fr\/produit\/lbl-serie-actionneurs-lineaires\/#breadcrumb"},"inLanguage":"fr-FR","potentialAction":[{"@type":"ReadAction","target":["https:\/\/lda.be\/fr\/produit\/lbl-serie-actionneurs-lineaires\/"]}]},{"@type":"ImageObject","inLanguage":"fr-FR","@id":"https:\/\/lda.be\/fr\/produit\/lbl-serie-actionneurs-lineaires\/#primaryimage","url":"https:\/\/lda.be\/wp-content\/uploads\/2025\/08\/LBL-serie.webp","contentUrl":"https:\/\/lda.be\/wp-content\/uploads\/2025\/08\/LBL-serie.webp","width":800,"height":800,"caption":"LBL serie"},{"@type":"BreadcrumbList","@id":"https:\/\/lda.be\/fr\/produit\/lbl-serie-actionneurs-lineaires\/#breadcrumb","itemListElement":[{"@type":"ListItem","position":1,"name":"Accueil","item":"https:\/\/lda.be\/fr\/"},{"@type":"ListItem","position":2,"name":"Produits","item":"https:\/\/lda.be\/fr\/produits\/"},{"@type":"ListItem","position":3,"name":"LBL S\u00e9rie actionneurs lin\u00e9aires"}]},{"@type":"WebSite","@id":"https:\/\/lda.be\/fr\/#website","url":"https:\/\/lda.be\/fr\/","name":"LDA Belgium","description":"Solutions For Life","publisher":{"@id":"https:\/\/lda.be\/fr\/#organization"},"potentialAction":[{"@type":"SearchAction","target":{"@type":"EntryPoint","urlTemplate":"https:\/\/lda.be\/fr\/?s={search_term_string}"},"query-input":{"@type":"PropertyValueSpecification","valueRequired":true,"valueName":"search_term_string"}}],"inLanguage":"fr-FR"},{"@type":"Organization","@id":"https:\/\/lda.be\/fr\/#organization","name":"LDA Belgium","url":"https:\/\/lda.be\/fr\/","logo":{"@type":"ImageObject","inLanguage":"fr-FR","@id":"https:\/\/lda.be\/fr\/#\/schema\/logo\/image\/","url":"https:\/\/lda.be\/wp-content\/uploads\/2022\/07\/Logo-LDA.webp","contentUrl":"https:\/\/lda.be\/wp-content\/uploads\/2022\/07\/Logo-LDA.webp","width":311,"height":101,"caption":"LDA Belgium"},"image":{"@id":"https:\/\/lda.be\/fr\/#\/schema\/logo\/image\/"},"sameAs":["https:\/\/www.linkedin.com\/company\/lda-belgium-nv"]}]}},"_links":{"self":[{"href":"https:\/\/lda.be\/fr\/wp-json\/wp\/v2\/product\/11181","targetHints":{"allow":["GET"]}}],"collection":[{"href":"https:\/\/lda.be\/fr\/wp-json\/wp\/v2\/product"}],"about":[{"href":"https:\/\/lda.be\/fr\/wp-json\/wp\/v2\/types\/product"}],"replies":[{"embeddable":true,"href":"https:\/\/lda.be\/fr\/wp-json\/wp\/v2\/comments?post=11181"}],"wp:featuredmedia":[{"embeddable":true,"href":"https:\/\/lda.be\/fr\/wp-json\/wp\/v2\/media\/11168"}],"wp:attachment":[{"href":"https:\/\/lda.be\/fr\/wp-json\/wp\/v2\/media?parent=11181"}],"wp:term":[{"taxonomy":"product_brand","embeddable":true,"href":"https:\/\/lda.be\/fr\/wp-json\/wp\/v2\/product_brand?post=11181"},{"taxonomy":"product_cat","embeddable":true,"href":"https:\/\/lda.be\/fr\/wp-json\/wp\/v2\/product_cat?post=11181"},{"taxonomy":"product_tag","embeddable":true,"href":"https:\/\/lda.be\/fr\/wp-json\/wp\/v2\/product_tag?post=11181"}],"curies":[{"name":"wp","href":"https:\/\/api.w.org\/{rel}","templated":true}]}}