{"id":11209,"date":"2025-08-26T14:47:02","date_gmt":"2025-08-26T13:47:02","guid":{"rendered":"https:\/\/lda.be\/?post_type=product&#038;p=11209"},"modified":"2025-08-26T14:54:33","modified_gmt":"2025-08-26T13:54:33","slug":"lar-serie-actionneurs-lineaires-rotatifs","status":"publish","type":"product","link":"https:\/\/lda.be\/fr\/produit\/lar-serie-actionneurs-lineaires-rotatifs\/","title":{"rendered":"LAR S\u00e9rie actionneurs lin\u00e9aires rotatifs"},"content":{"rendered":"<p>La s\u00e9rie SMAC LAR31 combine un mouvement lin\u00e9aire (bobine mobile) et rotatif (moteur sans balais) dans un seul actionneur. Gr\u00e2ce \u00e0 un passage sous vide \u00e0 travers l&#8217;arbre et au moteur rotatif, le LAR31 emp\u00eache l&#8217;accumulation de poussi\u00e8re dans la buse, ce qui \u00e9limine les probl\u00e8mes courants dans les environnements sensibles.<\/p>\n<p>Avec plus de 10 000 unit\u00e9s vendues et une dur\u00e9e de vie de plus de 100 millions de cycles sans entretien, le LAR31 est une solution \u00e9prouv\u00e9e pour les applications industrielles exigeantes. L&#8217;actionneur offre une force, une position et une vitesse programmables dans tous les axes, ce qui le rend id\u00e9al pour la manipulation de circuits int\u00e9gr\u00e9s, les tournevis, le collage de puces \u00e0 haute r\u00e9solution, le calibrage, le tri, le pick-and-place, l&#8217;orientation et les op\u00e9rations de pressage.<\/p>\n","protected":false},"excerpt":{"rendered":"<p>La s\u00e9rie SMAC LAR31 combine un mouvement lin\u00e9aire (bobine mobile) et rotatif (moteur sans balais) dans un seul actionneur. Gr\u00e2ce \u00e0 un passage sous vide \u00e0 travers l&#8217;arbre et au moteur rotatif, le LAR31 emp\u00eache l&#8217;accumulation de poussi\u00e8re dans la buse, ce qui \u00e9limine les probl\u00e8mes courants dans les environnements sensibles. Avec plus de 10 [&hellip;]<\/p>\n","protected":false},"featured_media":11190,"comment_status":"closed","ping_status":"closed","template":"","meta":[],"product_brand":[1761,1759],"product_cat":[838,854,862],"product_tag":[],"class_list":{"0":"post-11209","1":"product","2":"type-product","3":"status-publish","4":"has-post-thumbnail","6":"product_brand-linear-rotary-actuaros","7":"product_brand-smac","8":"product_cat-electricite","9":"product_cat-technologie-de-bobine-mobile","10":"product_cat-actionneurs-lineaires-rotatifs","12":"first","13":"instock","14":"shipping-taxable","15":"product-type-simple"},"yoast_head":"<!-- This site is optimized with the Yoast SEO plugin v27.3 - https:\/\/yoast.com\/product\/yoast-seo-wordpress\/ -->\n<title>LAR S\u00e9rie actionneurs lin\u00e9aires rotatifs - LDA Belgique<\/title>\n<meta name=\"description\" content=\"SMAC LAR31 : actionneur lin\u00e9aire et rotatif avec passage sous vide. R\u00e9solution de 5 \u00b5m, plus de 100 millions de cycles, force programmable. Id\u00e9al pour la manipulation de circuits int\u00e9gr\u00e9s et l&#039;automatisation de pr\u00e9cision. LDA Belgique.\" \/>\n<meta name=\"robots\" content=\"index, follow, max-snippet:-1, max-image-preview:large, max-video-preview:-1\" \/>\n<link rel=\"canonical\" href=\"https:\/\/lda.be\/fr\/produit\/lar-serie-actionneurs-lineaires-rotatifs\/\" \/>\n<meta property=\"og:locale\" content=\"fr_FR\" \/>\n<meta property=\"og:type\" content=\"article\" \/>\n<meta property=\"og:title\" content=\"LAR S\u00e9rie actionneurs lin\u00e9aires rotatifs - LDA Belgique\" \/>\n<meta property=\"og:description\" content=\"SMAC LAR31 : actionneur lin\u00e9aire et rotatif avec passage sous vide. R\u00e9solution de 5 \u00b5m, plus de 100 millions de cycles, force programmable. Id\u00e9al pour la manipulation de circuits int\u00e9gr\u00e9s et l&#039;automatisation de pr\u00e9cision. LDA Belgique.\" \/>\n<meta property=\"og:url\" content=\"https:\/\/lda.be\/fr\/produit\/lar-serie-actionneurs-lineaires-rotatifs\/\" \/>\n<meta property=\"og:site_name\" content=\"LDA Belgique\" \/>\n<meta property=\"article:modified_time\" content=\"2025-08-26T13:54:33+00:00\" \/>\n<meta property=\"og:image\" content=\"https:\/\/lda.be\/wp-content\/uploads\/2025\/08\/LAR-serie.webp\" \/>\n\t<meta property=\"og:image:width\" content=\"800\" \/>\n\t<meta property=\"og:image:height\" content=\"800\" \/>\n\t<meta property=\"og:image:type\" content=\"image\/webp\" \/>\n<meta name=\"twitter:card\" content=\"summary_large_image\" \/>\n<meta name=\"twitter:label1\" content=\"Dur\u00e9e de lecture estim\u00e9e\" \/>\n\t<meta name=\"twitter:data1\" content=\"1 minute\" \/>\n<script type=\"application\/ld+json\" class=\"yoast-schema-graph\">{\"@context\":\"https:\\\/\\\/schema.org\",\"@graph\":[{\"@type\":\"WebPage\",\"@id\":\"https:\\\/\\\/lda.be\\\/fr\\\/produit\\\/lar-serie-actionneurs-lineaires-rotatifs\\\/\",\"url\":\"https:\\\/\\\/lda.be\\\/fr\\\/produit\\\/lar-serie-actionneurs-lineaires-rotatifs\\\/\",\"name\":\"LAR S\u00e9rie actionneurs lin\u00e9aires rotatifs - LDA Belgique\",\"isPartOf\":{\"@id\":\"https:\\\/\\\/lda.be\\\/fr\\\/#website\"},\"primaryImageOfPage\":{\"@id\":\"https:\\\/\\\/lda.be\\\/fr\\\/produit\\\/lar-serie-actionneurs-lineaires-rotatifs\\\/#primaryimage\"},\"image\":{\"@id\":\"https:\\\/\\\/lda.be\\\/fr\\\/produit\\\/lar-serie-actionneurs-lineaires-rotatifs\\\/#primaryimage\"},\"thumbnailUrl\":\"https:\\\/\\\/lda.be\\\/wp-content\\\/uploads\\\/2025\\\/08\\\/LAR-serie.webp\",\"datePublished\":\"2025-08-26T13:47:02+00:00\",\"dateModified\":\"2025-08-26T13:54:33+00:00\",\"description\":\"SMAC LAR31 : actionneur lin\u00e9aire et rotatif avec passage sous vide. R\u00e9solution de 5 \u00b5m, plus de 100 millions de cycles, force programmable. Id\u00e9al pour la manipulation de circuits int\u00e9gr\u00e9s et l'automatisation de pr\u00e9cision. LDA Belgique.\",\"breadcrumb\":{\"@id\":\"https:\\\/\\\/lda.be\\\/fr\\\/produit\\\/lar-serie-actionneurs-lineaires-rotatifs\\\/#breadcrumb\"},\"inLanguage\":\"fr-FR\",\"potentialAction\":[{\"@type\":\"ReadAction\",\"target\":[\"https:\\\/\\\/lda.be\\\/fr\\\/produit\\\/lar-serie-actionneurs-lineaires-rotatifs\\\/\"]}]},{\"@type\":\"ImageObject\",\"inLanguage\":\"fr-FR\",\"@id\":\"https:\\\/\\\/lda.be\\\/fr\\\/produit\\\/lar-serie-actionneurs-lineaires-rotatifs\\\/#primaryimage\",\"url\":\"https:\\\/\\\/lda.be\\\/wp-content\\\/uploads\\\/2025\\\/08\\\/LAR-serie.webp\",\"contentUrl\":\"https:\\\/\\\/lda.be\\\/wp-content\\\/uploads\\\/2025\\\/08\\\/LAR-serie.webp\",\"width\":800,\"height\":800},{\"@type\":\"BreadcrumbList\",\"@id\":\"https:\\\/\\\/lda.be\\\/fr\\\/produit\\\/lar-serie-actionneurs-lineaires-rotatifs\\\/#breadcrumb\",\"itemListElement\":[{\"@type\":\"ListItem\",\"position\":1,\"name\":\"Accueil\",\"item\":\"https:\\\/\\\/lda.be\\\/fr\\\/\"},{\"@type\":\"ListItem\",\"position\":2,\"name\":\"Produits\",\"item\":\"https:\\\/\\\/lda.be\\\/fr\\\/produits\\\/\"},{\"@type\":\"ListItem\",\"position\":3,\"name\":\"LAR S\u00e9rie actionneurs lin\u00e9aires rotatifs\"}]},{\"@type\":\"WebSite\",\"@id\":\"https:\\\/\\\/lda.be\\\/fr\\\/#website\",\"url\":\"https:\\\/\\\/lda.be\\\/fr\\\/\",\"name\":\"LDA Belgium\",\"description\":\"Solutions For Life\",\"publisher\":{\"@id\":\"https:\\\/\\\/lda.be\\\/fr\\\/#organization\"},\"potentialAction\":[{\"@type\":\"SearchAction\",\"target\":{\"@type\":\"EntryPoint\",\"urlTemplate\":\"https:\\\/\\\/lda.be\\\/fr\\\/?s={search_term_string}\"},\"query-input\":{\"@type\":\"PropertyValueSpecification\",\"valueRequired\":true,\"valueName\":\"search_term_string\"}}],\"inLanguage\":\"fr-FR\"},{\"@type\":\"Organization\",\"@id\":\"https:\\\/\\\/lda.be\\\/fr\\\/#organization\",\"name\":\"LDA Belgium\",\"url\":\"https:\\\/\\\/lda.be\\\/fr\\\/\",\"logo\":{\"@type\":\"ImageObject\",\"inLanguage\":\"fr-FR\",\"@id\":\"https:\\\/\\\/lda.be\\\/fr\\\/#\\\/schema\\\/logo\\\/image\\\/\",\"url\":\"https:\\\/\\\/lda.be\\\/wp-content\\\/uploads\\\/2022\\\/07\\\/Logo-LDA.webp\",\"contentUrl\":\"https:\\\/\\\/lda.be\\\/wp-content\\\/uploads\\\/2022\\\/07\\\/Logo-LDA.webp\",\"width\":311,\"height\":101,\"caption\":\"LDA Belgium\"},\"image\":{\"@id\":\"https:\\\/\\\/lda.be\\\/fr\\\/#\\\/schema\\\/logo\\\/image\\\/\"},\"sameAs\":[\"https:\\\/\\\/www.linkedin.com\\\/company\\\/lda-belgium-nv\"]}]}<\/script>\n<!-- \/ Yoast SEO plugin. -->","yoast_head_json":{"title":"LAR S\u00e9rie actionneurs lin\u00e9aires rotatifs - LDA Belgique","description":"SMAC LAR31 : actionneur lin\u00e9aire et rotatif avec passage sous vide. R\u00e9solution de 5 \u00b5m, plus de 100 millions de cycles, force programmable. Id\u00e9al pour la manipulation de circuits int\u00e9gr\u00e9s et l'automatisation de pr\u00e9cision. LDA Belgique.","robots":{"index":"index","follow":"follow","max-snippet":"max-snippet:-1","max-image-preview":"max-image-preview:large","max-video-preview":"max-video-preview:-1"},"canonical":"https:\/\/lda.be\/fr\/produit\/lar-serie-actionneurs-lineaires-rotatifs\/","og_locale":"fr_FR","og_type":"article","og_title":"LAR S\u00e9rie actionneurs lin\u00e9aires rotatifs - LDA Belgique","og_description":"SMAC LAR31 : actionneur lin\u00e9aire et rotatif avec passage sous vide. R\u00e9solution de 5 \u00b5m, plus de 100 millions de cycles, force programmable. Id\u00e9al pour la manipulation de circuits int\u00e9gr\u00e9s et l'automatisation de pr\u00e9cision. LDA Belgique.","og_url":"https:\/\/lda.be\/fr\/produit\/lar-serie-actionneurs-lineaires-rotatifs\/","og_site_name":"LDA Belgique","article_modified_time":"2025-08-26T13:54:33+00:00","og_image":[{"width":800,"height":800,"url":"https:\/\/lda.be\/wp-content\/uploads\/2025\/08\/LAR-serie.webp","type":"image\/webp"}],"twitter_card":"summary_large_image","twitter_misc":{"Dur\u00e9e de lecture estim\u00e9e":"1 minute"},"schema":{"@context":"https:\/\/schema.org","@graph":[{"@type":"WebPage","@id":"https:\/\/lda.be\/fr\/produit\/lar-serie-actionneurs-lineaires-rotatifs\/","url":"https:\/\/lda.be\/fr\/produit\/lar-serie-actionneurs-lineaires-rotatifs\/","name":"LAR S\u00e9rie actionneurs lin\u00e9aires rotatifs - LDA Belgique","isPartOf":{"@id":"https:\/\/lda.be\/fr\/#website"},"primaryImageOfPage":{"@id":"https:\/\/lda.be\/fr\/produit\/lar-serie-actionneurs-lineaires-rotatifs\/#primaryimage"},"image":{"@id":"https:\/\/lda.be\/fr\/produit\/lar-serie-actionneurs-lineaires-rotatifs\/#primaryimage"},"thumbnailUrl":"https:\/\/lda.be\/wp-content\/uploads\/2025\/08\/LAR-serie.webp","datePublished":"2025-08-26T13:47:02+00:00","dateModified":"2025-08-26T13:54:33+00:00","description":"SMAC LAR31 : actionneur lin\u00e9aire et rotatif avec passage sous vide. R\u00e9solution de 5 \u00b5m, plus de 100 millions de cycles, force programmable. Id\u00e9al pour la manipulation de circuits int\u00e9gr\u00e9s et l'automatisation de pr\u00e9cision. LDA Belgique.","breadcrumb":{"@id":"https:\/\/lda.be\/fr\/produit\/lar-serie-actionneurs-lineaires-rotatifs\/#breadcrumb"},"inLanguage":"fr-FR","potentialAction":[{"@type":"ReadAction","target":["https:\/\/lda.be\/fr\/produit\/lar-serie-actionneurs-lineaires-rotatifs\/"]}]},{"@type":"ImageObject","inLanguage":"fr-FR","@id":"https:\/\/lda.be\/fr\/produit\/lar-serie-actionneurs-lineaires-rotatifs\/#primaryimage","url":"https:\/\/lda.be\/wp-content\/uploads\/2025\/08\/LAR-serie.webp","contentUrl":"https:\/\/lda.be\/wp-content\/uploads\/2025\/08\/LAR-serie.webp","width":800,"height":800},{"@type":"BreadcrumbList","@id":"https:\/\/lda.be\/fr\/produit\/lar-serie-actionneurs-lineaires-rotatifs\/#breadcrumb","itemListElement":[{"@type":"ListItem","position":1,"name":"Accueil","item":"https:\/\/lda.be\/fr\/"},{"@type":"ListItem","position":2,"name":"Produits","item":"https:\/\/lda.be\/fr\/produits\/"},{"@type":"ListItem","position":3,"name":"LAR S\u00e9rie actionneurs lin\u00e9aires rotatifs"}]},{"@type":"WebSite","@id":"https:\/\/lda.be\/fr\/#website","url":"https:\/\/lda.be\/fr\/","name":"LDA Belgium","description":"Solutions For Life","publisher":{"@id":"https:\/\/lda.be\/fr\/#organization"},"potentialAction":[{"@type":"SearchAction","target":{"@type":"EntryPoint","urlTemplate":"https:\/\/lda.be\/fr\/?s={search_term_string}"},"query-input":{"@type":"PropertyValueSpecification","valueRequired":true,"valueName":"search_term_string"}}],"inLanguage":"fr-FR"},{"@type":"Organization","@id":"https:\/\/lda.be\/fr\/#organization","name":"LDA Belgium","url":"https:\/\/lda.be\/fr\/","logo":{"@type":"ImageObject","inLanguage":"fr-FR","@id":"https:\/\/lda.be\/fr\/#\/schema\/logo\/image\/","url":"https:\/\/lda.be\/wp-content\/uploads\/2022\/07\/Logo-LDA.webp","contentUrl":"https:\/\/lda.be\/wp-content\/uploads\/2022\/07\/Logo-LDA.webp","width":311,"height":101,"caption":"LDA Belgium"},"image":{"@id":"https:\/\/lda.be\/fr\/#\/schema\/logo\/image\/"},"sameAs":["https:\/\/www.linkedin.com\/company\/lda-belgium-nv"]}]}},"_links":{"self":[{"href":"https:\/\/lda.be\/fr\/wp-json\/wp\/v2\/product\/11209","targetHints":{"allow":["GET"]}}],"collection":[{"href":"https:\/\/lda.be\/fr\/wp-json\/wp\/v2\/product"}],"about":[{"href":"https:\/\/lda.be\/fr\/wp-json\/wp\/v2\/types\/product"}],"replies":[{"embeddable":true,"href":"https:\/\/lda.be\/fr\/wp-json\/wp\/v2\/comments?post=11209"}],"wp:featuredmedia":[{"embeddable":true,"href":"https:\/\/lda.be\/fr\/wp-json\/wp\/v2\/media\/11190"}],"wp:attachment":[{"href":"https:\/\/lda.be\/fr\/wp-json\/wp\/v2\/media?parent=11209"}],"wp:term":[{"taxonomy":"product_brand","embeddable":true,"href":"https:\/\/lda.be\/fr\/wp-json\/wp\/v2\/product_brand?post=11209"},{"taxonomy":"product_cat","embeddable":true,"href":"https:\/\/lda.be\/fr\/wp-json\/wp\/v2\/product_cat?post=11209"},{"taxonomy":"product_tag","embeddable":true,"href":"https:\/\/lda.be\/fr\/wp-json\/wp\/v2\/product_tag?post=11209"}],"curies":[{"name":"wp","href":"https:\/\/api.w.org\/{rel}","templated":true}]}}