{"id":11330,"date":"2025-08-29T08:44:33","date_gmt":"2025-08-29T07:44:33","guid":{"rendered":"https:\/\/lda.be\/?post_type=product&#038;p=11330"},"modified":"2025-08-29T08:49:45","modified_gmt":"2025-08-29T07:49:45","slug":"lds-serie-actionneurs-lineaires-a-coulisse","status":"publish","type":"product","link":"https:\/\/lda.be\/fr\/produit\/lds-serie-actionneurs-lineaires-a-coulisse\/","title":{"rendered":"LDS s\u00e9rie actionneurs lin\u00e9aires \u00e0 coulisse"},"content":{"rendered":"<p>D\u00e9velopp\u00e9e sur la base de la s\u00e9rie LDL qui a connu un grand succ\u00e8s, la s\u00e9rie LDS offre une alternative compacte et \u00e9conomique pour les applications n\u00e9cessitant des mouvements de pr\u00e9cision. Avec une course de 10 mm et une r\u00e9solution d&#8217;encodeur standard de 5 microns, la s\u00e9rie LDS offre des performances fiables dans un design facile \u00e0 int\u00e9grer.<\/p>\n<p>Malgr\u00e9 sa petite taille, le LDS est enti\u00e8rement programmable en termes de force, de position et de vitesse, et prend en charge le retour d&#8217;information en temps r\u00e9el. Gr\u00e2ce \u00e0 la possibilit\u00e9 de modifier les param\u00e8tres \u00e0 la vol\u00e9e, l&#8217;actionneur est particuli\u00e8rement adapt\u00e9 aux applications dynamiques et exigeantes. Des mod\u00e8les \u00e0 course plus longue ou avec contr\u00f4leur int\u00e9gr\u00e9 sont disponibles sur demande.<\/p>\n","protected":false},"excerpt":{"rendered":"<p>D\u00e9velopp\u00e9e sur la base de la s\u00e9rie LDL qui a connu un grand succ\u00e8s, la s\u00e9rie LDS offre une alternative compacte et \u00e9conomique pour les applications n\u00e9cessitant des mouvements de pr\u00e9cision. Avec une course de 10 mm et une r\u00e9solution d&#8217;encodeur standard de 5 microns, la s\u00e9rie LDS offre des performances fiables dans un design [&hellip;]<\/p>\n","protected":false},"featured_media":11324,"comment_status":"closed","ping_status":"closed","template":"","meta":[],"product_brand":[1760,1759],"product_cat":[838,854,864],"product_tag":[],"class_list":{"0":"post-11330","1":"product","2":"type-product","3":"status-publish","4":"has-post-thumbnail","6":"product_brand-linear-actuators","7":"product_brand-smac","8":"product_cat-electricite","9":"product_cat-technologie-de-bobine-mobile","10":"product_cat-actionneurs-lineaires-fr","12":"first","13":"instock","14":"shipping-taxable","15":"product-type-simple"},"yoast_head":"<!-- This site is optimized with the Yoast SEO plugin v27.3 - https:\/\/yoast.com\/product\/yoast-seo-wordpress\/ -->\n<title>LDS s\u00e9rie actionneurs lin\u00e9aires \u00e0 coulisse - LDA Belgique<\/title>\n<meta name=\"robots\" content=\"index, follow, max-snippet:-1, max-image-preview:large, max-video-preview:-1\" \/>\n<link rel=\"canonical\" href=\"https:\/\/lda.be\/fr\/produit\/lds-serie-actionneurs-lineaires-a-coulisse\/\" \/>\n<meta property=\"og:locale\" content=\"fr_FR\" \/>\n<meta property=\"og:type\" content=\"article\" \/>\n<meta property=\"og:title\" content=\"LDS s\u00e9rie actionneurs lin\u00e9aires \u00e0 coulisse - LDA Belgique\" \/>\n<meta property=\"og:description\" content=\"D\u00e9velopp\u00e9e sur la base de la s\u00e9rie LDL qui a connu un grand succ\u00e8s, la s\u00e9rie LDS offre une alternative compacte et \u00e9conomique pour les applications n\u00e9cessitant des mouvements de pr\u00e9cision. Avec une course de 10 mm et une r\u00e9solution d&#8217;encodeur standard de 5 microns, la s\u00e9rie LDS offre des performances fiables dans un design [&hellip;]\" \/>\n<meta property=\"og:url\" content=\"https:\/\/lda.be\/fr\/produit\/lds-serie-actionneurs-lineaires-a-coulisse\/\" \/>\n<meta property=\"og:site_name\" content=\"LDA Belgique\" \/>\n<meta property=\"article:modified_time\" content=\"2025-08-29T07:49:45+00:00\" \/>\n<meta property=\"og:image\" content=\"https:\/\/lda.be\/wp-content\/uploads\/2025\/08\/LDS-serie.webp\" \/>\n\t<meta property=\"og:image:width\" content=\"800\" \/>\n\t<meta property=\"og:image:height\" content=\"800\" \/>\n\t<meta property=\"og:image:type\" content=\"image\/webp\" \/>\n<meta name=\"twitter:card\" content=\"summary_large_image\" \/>\n<meta name=\"twitter:label1\" content=\"Dur\u00e9e de lecture estim\u00e9e\" \/>\n\t<meta name=\"twitter:data1\" content=\"1 minute\" \/>\n<script type=\"application\/ld+json\" class=\"yoast-schema-graph\">{\"@context\":\"https:\\\/\\\/schema.org\",\"@graph\":[{\"@type\":\"WebPage\",\"@id\":\"https:\\\/\\\/lda.be\\\/fr\\\/produit\\\/lds-serie-actionneurs-lineaires-a-coulisse\\\/\",\"url\":\"https:\\\/\\\/lda.be\\\/fr\\\/produit\\\/lds-serie-actionneurs-lineaires-a-coulisse\\\/\",\"name\":\"LDS s\u00e9rie actionneurs lin\u00e9aires \u00e0 coulisse - LDA Belgique\",\"isPartOf\":{\"@id\":\"https:\\\/\\\/lda.be\\\/fr\\\/#website\"},\"primaryImageOfPage\":{\"@id\":\"https:\\\/\\\/lda.be\\\/fr\\\/produit\\\/lds-serie-actionneurs-lineaires-a-coulisse\\\/#primaryimage\"},\"image\":{\"@id\":\"https:\\\/\\\/lda.be\\\/fr\\\/produit\\\/lds-serie-actionneurs-lineaires-a-coulisse\\\/#primaryimage\"},\"thumbnailUrl\":\"https:\\\/\\\/lda.be\\\/wp-content\\\/uploads\\\/2025\\\/08\\\/LDS-serie.webp\",\"datePublished\":\"2025-08-29T07:44:33+00:00\",\"dateModified\":\"2025-08-29T07:49:45+00:00\",\"breadcrumb\":{\"@id\":\"https:\\\/\\\/lda.be\\\/fr\\\/produit\\\/lds-serie-actionneurs-lineaires-a-coulisse\\\/#breadcrumb\"},\"inLanguage\":\"fr-FR\",\"potentialAction\":[{\"@type\":\"ReadAction\",\"target\":[\"https:\\\/\\\/lda.be\\\/fr\\\/produit\\\/lds-serie-actionneurs-lineaires-a-coulisse\\\/\"]}]},{\"@type\":\"ImageObject\",\"inLanguage\":\"fr-FR\",\"@id\":\"https:\\\/\\\/lda.be\\\/fr\\\/produit\\\/lds-serie-actionneurs-lineaires-a-coulisse\\\/#primaryimage\",\"url\":\"https:\\\/\\\/lda.be\\\/wp-content\\\/uploads\\\/2025\\\/08\\\/LDS-serie.webp\",\"contentUrl\":\"https:\\\/\\\/lda.be\\\/wp-content\\\/uploads\\\/2025\\\/08\\\/LDS-serie.webp\",\"width\":800,\"height\":800,\"caption\":\"LDS serie van SMAC\"},{\"@type\":\"BreadcrumbList\",\"@id\":\"https:\\\/\\\/lda.be\\\/fr\\\/produit\\\/lds-serie-actionneurs-lineaires-a-coulisse\\\/#breadcrumb\",\"itemListElement\":[{\"@type\":\"ListItem\",\"position\":1,\"name\":\"Accueil\",\"item\":\"https:\\\/\\\/lda.be\\\/fr\\\/\"},{\"@type\":\"ListItem\",\"position\":2,\"name\":\"Produits\",\"item\":\"https:\\\/\\\/lda.be\\\/fr\\\/produits\\\/\"},{\"@type\":\"ListItem\",\"position\":3,\"name\":\"LDS s\u00e9rie actionneurs lin\u00e9aires \u00e0 coulisse\"}]},{\"@type\":\"WebSite\",\"@id\":\"https:\\\/\\\/lda.be\\\/fr\\\/#website\",\"url\":\"https:\\\/\\\/lda.be\\\/fr\\\/\",\"name\":\"LDA Belgium\",\"description\":\"Solutions For Life\",\"publisher\":{\"@id\":\"https:\\\/\\\/lda.be\\\/fr\\\/#organization\"},\"potentialAction\":[{\"@type\":\"SearchAction\",\"target\":{\"@type\":\"EntryPoint\",\"urlTemplate\":\"https:\\\/\\\/lda.be\\\/fr\\\/?s={search_term_string}\"},\"query-input\":{\"@type\":\"PropertyValueSpecification\",\"valueRequired\":true,\"valueName\":\"search_term_string\"}}],\"inLanguage\":\"fr-FR\"},{\"@type\":\"Organization\",\"@id\":\"https:\\\/\\\/lda.be\\\/fr\\\/#organization\",\"name\":\"LDA Belgium\",\"url\":\"https:\\\/\\\/lda.be\\\/fr\\\/\",\"logo\":{\"@type\":\"ImageObject\",\"inLanguage\":\"fr-FR\",\"@id\":\"https:\\\/\\\/lda.be\\\/fr\\\/#\\\/schema\\\/logo\\\/image\\\/\",\"url\":\"https:\\\/\\\/lda.be\\\/wp-content\\\/uploads\\\/2022\\\/07\\\/Logo-LDA.webp\",\"contentUrl\":\"https:\\\/\\\/lda.be\\\/wp-content\\\/uploads\\\/2022\\\/07\\\/Logo-LDA.webp\",\"width\":311,\"height\":101,\"caption\":\"LDA Belgium\"},\"image\":{\"@id\":\"https:\\\/\\\/lda.be\\\/fr\\\/#\\\/schema\\\/logo\\\/image\\\/\"},\"sameAs\":[\"https:\\\/\\\/www.linkedin.com\\\/company\\\/lda-belgium-nv\"]}]}<\/script>\n<!-- \/ Yoast SEO plugin. -->","yoast_head_json":{"title":"LDS s\u00e9rie actionneurs lin\u00e9aires \u00e0 coulisse - LDA Belgique","robots":{"index":"index","follow":"follow","max-snippet":"max-snippet:-1","max-image-preview":"max-image-preview:large","max-video-preview":"max-video-preview:-1"},"canonical":"https:\/\/lda.be\/fr\/produit\/lds-serie-actionneurs-lineaires-a-coulisse\/","og_locale":"fr_FR","og_type":"article","og_title":"LDS s\u00e9rie actionneurs lin\u00e9aires \u00e0 coulisse - LDA Belgique","og_description":"D\u00e9velopp\u00e9e sur la base de la s\u00e9rie LDL qui a connu un grand succ\u00e8s, la s\u00e9rie LDS offre une alternative compacte et \u00e9conomique pour les applications n\u00e9cessitant des mouvements de pr\u00e9cision. Avec une course de 10 mm et une r\u00e9solution d&#8217;encodeur standard de 5 microns, la s\u00e9rie LDS offre des performances fiables dans un design [&hellip;]","og_url":"https:\/\/lda.be\/fr\/produit\/lds-serie-actionneurs-lineaires-a-coulisse\/","og_site_name":"LDA Belgique","article_modified_time":"2025-08-29T07:49:45+00:00","og_image":[{"width":800,"height":800,"url":"https:\/\/lda.be\/wp-content\/uploads\/2025\/08\/LDS-serie.webp","type":"image\/webp"}],"twitter_card":"summary_large_image","twitter_misc":{"Dur\u00e9e de lecture estim\u00e9e":"1 minute"},"schema":{"@context":"https:\/\/schema.org","@graph":[{"@type":"WebPage","@id":"https:\/\/lda.be\/fr\/produit\/lds-serie-actionneurs-lineaires-a-coulisse\/","url":"https:\/\/lda.be\/fr\/produit\/lds-serie-actionneurs-lineaires-a-coulisse\/","name":"LDS s\u00e9rie actionneurs lin\u00e9aires \u00e0 coulisse - LDA Belgique","isPartOf":{"@id":"https:\/\/lda.be\/fr\/#website"},"primaryImageOfPage":{"@id":"https:\/\/lda.be\/fr\/produit\/lds-serie-actionneurs-lineaires-a-coulisse\/#primaryimage"},"image":{"@id":"https:\/\/lda.be\/fr\/produit\/lds-serie-actionneurs-lineaires-a-coulisse\/#primaryimage"},"thumbnailUrl":"https:\/\/lda.be\/wp-content\/uploads\/2025\/08\/LDS-serie.webp","datePublished":"2025-08-29T07:44:33+00:00","dateModified":"2025-08-29T07:49:45+00:00","breadcrumb":{"@id":"https:\/\/lda.be\/fr\/produit\/lds-serie-actionneurs-lineaires-a-coulisse\/#breadcrumb"},"inLanguage":"fr-FR","potentialAction":[{"@type":"ReadAction","target":["https:\/\/lda.be\/fr\/produit\/lds-serie-actionneurs-lineaires-a-coulisse\/"]}]},{"@type":"ImageObject","inLanguage":"fr-FR","@id":"https:\/\/lda.be\/fr\/produit\/lds-serie-actionneurs-lineaires-a-coulisse\/#primaryimage","url":"https:\/\/lda.be\/wp-content\/uploads\/2025\/08\/LDS-serie.webp","contentUrl":"https:\/\/lda.be\/wp-content\/uploads\/2025\/08\/LDS-serie.webp","width":800,"height":800,"caption":"LDS serie van SMAC"},{"@type":"BreadcrumbList","@id":"https:\/\/lda.be\/fr\/produit\/lds-serie-actionneurs-lineaires-a-coulisse\/#breadcrumb","itemListElement":[{"@type":"ListItem","position":1,"name":"Accueil","item":"https:\/\/lda.be\/fr\/"},{"@type":"ListItem","position":2,"name":"Produits","item":"https:\/\/lda.be\/fr\/produits\/"},{"@type":"ListItem","position":3,"name":"LDS s\u00e9rie actionneurs lin\u00e9aires \u00e0 coulisse"}]},{"@type":"WebSite","@id":"https:\/\/lda.be\/fr\/#website","url":"https:\/\/lda.be\/fr\/","name":"LDA Belgium","description":"Solutions For Life","publisher":{"@id":"https:\/\/lda.be\/fr\/#organization"},"potentialAction":[{"@type":"SearchAction","target":{"@type":"EntryPoint","urlTemplate":"https:\/\/lda.be\/fr\/?s={search_term_string}"},"query-input":{"@type":"PropertyValueSpecification","valueRequired":true,"valueName":"search_term_string"}}],"inLanguage":"fr-FR"},{"@type":"Organization","@id":"https:\/\/lda.be\/fr\/#organization","name":"LDA Belgium","url":"https:\/\/lda.be\/fr\/","logo":{"@type":"ImageObject","inLanguage":"fr-FR","@id":"https:\/\/lda.be\/fr\/#\/schema\/logo\/image\/","url":"https:\/\/lda.be\/wp-content\/uploads\/2022\/07\/Logo-LDA.webp","contentUrl":"https:\/\/lda.be\/wp-content\/uploads\/2022\/07\/Logo-LDA.webp","width":311,"height":101,"caption":"LDA Belgium"},"image":{"@id":"https:\/\/lda.be\/fr\/#\/schema\/logo\/image\/"},"sameAs":["https:\/\/www.linkedin.com\/company\/lda-belgium-nv"]}]}},"_links":{"self":[{"href":"https:\/\/lda.be\/fr\/wp-json\/wp\/v2\/product\/11330","targetHints":{"allow":["GET"]}}],"collection":[{"href":"https:\/\/lda.be\/fr\/wp-json\/wp\/v2\/product"}],"about":[{"href":"https:\/\/lda.be\/fr\/wp-json\/wp\/v2\/types\/product"}],"replies":[{"embeddable":true,"href":"https:\/\/lda.be\/fr\/wp-json\/wp\/v2\/comments?post=11330"}],"wp:featuredmedia":[{"embeddable":true,"href":"https:\/\/lda.be\/fr\/wp-json\/wp\/v2\/media\/11324"}],"wp:attachment":[{"href":"https:\/\/lda.be\/fr\/wp-json\/wp\/v2\/media?parent=11330"}],"wp:term":[{"taxonomy":"product_brand","embeddable":true,"href":"https:\/\/lda.be\/fr\/wp-json\/wp\/v2\/product_brand?post=11330"},{"taxonomy":"product_cat","embeddable":true,"href":"https:\/\/lda.be\/fr\/wp-json\/wp\/v2\/product_cat?post=11330"},{"taxonomy":"product_tag","embeddable":true,"href":"https:\/\/lda.be\/fr\/wp-json\/wp\/v2\/product_tag?post=11330"}],"curies":[{"name":"wp","href":"https:\/\/api.w.org\/{rel}","templated":true}]}}