{"id":11502,"date":"2025-09-01T15:18:28","date_gmt":"2025-09-01T14:18:28","guid":{"rendered":"https:\/\/lda.be\/?post_type=product&#038;p=11502"},"modified":"2025-09-01T15:28:42","modified_gmt":"2025-09-01T14:28:42","slug":"actionneurs-lineaires-a-glissiere-serie-lcs","status":"publish","type":"product","link":"https:\/\/lda.be\/fr\/produit\/actionneurs-lineaires-a-glissiere-serie-lcs\/","title":{"rendered":"Actionneurs lin\u00e9aires \u00e0 glissi\u00e8re s\u00e9rie LCS"},"content":{"rendered":"<p>La s\u00e9rie LCS30 est une gamme d&#8217;actionneurs lin\u00e9aires \u00e9lectriques compacts, sp\u00e9cialement con\u00e7us pour les applications o\u00f9 l&#8217;espace, le niveau sonore et la consommation d&#8217;\u00e9nergie doivent rester limit\u00e9s. Gr\u00e2ce \u00e0 son fonctionnement extr\u00eamement silencieux et \u00e0 sa pr\u00e9cision de positionnement submicronique, le LCS30 offre une solution unique pour les mouvements de pr\u00e9cision ne n\u00e9cessitant qu&#8217;une force l\u00e9g\u00e8re pour d\u00e9placer et prot\u00e9ger en toute s\u00e9curit\u00e9 des composants d\u00e9licats.<\/p>\n<p>Avec une dur\u00e9e de vie &gt;10 fois sup\u00e9rieure \u00e0 celle des appareils pneumatiques ou m\u00e9caniques et des co\u00fbts d&#8217;exploitation &lt;5 fois inf\u00e9rieurs \u00e0 ceux des alternatives pneumatiques, le LCS30 constitue un investissement rentable. De plus, l&#8217;actionneur atteint des vitesses de cycle plus de deux fois sup\u00e9rieures \u00e0 celles des solutions traditionnelles.<\/p>\n<p>Gr\u00e2ce \u00e0 sa capacit\u00e9 \u00e0 \u00eatre mont\u00e9 \u00e0 la fois horizontalement et verticalement, le LCS30 est id\u00e9al pour les nouvelles conceptions de machines, les mises \u00e0 niveau de syst\u00e8mes ou l&#8217;ajout de technologies de pointe dans des installations existantes.<\/p>\n","protected":false},"excerpt":{"rendered":"<p>La s\u00e9rie LCS30 est une gamme d&#8217;actionneurs lin\u00e9aires \u00e9lectriques compacts, sp\u00e9cialement con\u00e7us pour les applications o\u00f9 l&#8217;espace, le niveau sonore et la consommation d&#8217;\u00e9nergie doivent rester limit\u00e9s. Gr\u00e2ce \u00e0 son fonctionnement extr\u00eamement silencieux et \u00e0 sa pr\u00e9cision de positionnement submicronique, le LCS30 offre une solution unique pour les mouvements de pr\u00e9cision ne n\u00e9cessitant qu&#8217;une force [&hellip;]<\/p>\n","protected":false},"featured_media":11496,"comment_status":"closed","ping_status":"closed","template":"","meta":[],"product_brand":[1760,1759],"product_cat":[838,854,864],"product_tag":[],"class_list":{"0":"post-11502","1":"product","2":"type-product","3":"status-publish","4":"has-post-thumbnail","6":"product_brand-linear-actuators","7":"product_brand-smac","8":"product_cat-electricite","9":"product_cat-technologie-de-bobine-mobile","10":"product_cat-actionneurs-lineaires-fr","12":"first","13":"instock","14":"shipping-taxable","15":"product-type-simple"},"yoast_head":"<!-- This site is optimized with the Yoast SEO plugin v27.3 - https:\/\/yoast.com\/product\/yoast-seo-wordpress\/ -->\n<title>Actionneurs lin\u00e9aires \u00e0 glissi\u00e8re s\u00e9rie LCS - LDA Belgique<\/title>\n<meta name=\"robots\" content=\"index, follow, max-snippet:-1, max-image-preview:large, max-video-preview:-1\" \/>\n<link rel=\"canonical\" href=\"https:\/\/lda.be\/fr\/produit\/actionneurs-lineaires-a-glissiere-serie-lcs\/\" \/>\n<meta property=\"og:locale\" content=\"fr_FR\" \/>\n<meta property=\"og:type\" content=\"article\" \/>\n<meta property=\"og:title\" content=\"Actionneurs lin\u00e9aires \u00e0 glissi\u00e8re s\u00e9rie LCS - LDA Belgique\" \/>\n<meta property=\"og:description\" content=\"La s\u00e9rie LCS30 est une gamme d&#8217;actionneurs lin\u00e9aires \u00e9lectriques compacts, sp\u00e9cialement con\u00e7us pour les applications o\u00f9 l&#8217;espace, le niveau sonore et la consommation d&#8217;\u00e9nergie doivent rester limit\u00e9s. Gr\u00e2ce \u00e0 son fonctionnement extr\u00eamement silencieux et \u00e0 sa pr\u00e9cision de positionnement submicronique, le LCS30 offre une solution unique pour les mouvements de pr\u00e9cision ne n\u00e9cessitant qu&#8217;une force [&hellip;]\" \/>\n<meta property=\"og:url\" content=\"https:\/\/lda.be\/fr\/produit\/actionneurs-lineaires-a-glissiere-serie-lcs\/\" \/>\n<meta property=\"og:site_name\" content=\"LDA Belgique\" \/>\n<meta property=\"article:modified_time\" content=\"2025-09-01T14:28:42+00:00\" \/>\n<meta property=\"og:image\" content=\"https:\/\/lda.be\/wp-content\/uploads\/2025\/09\/LCS-serie.webp\" \/>\n\t<meta property=\"og:image:width\" content=\"800\" \/>\n\t<meta property=\"og:image:height\" content=\"800\" \/>\n\t<meta property=\"og:image:type\" content=\"image\/webp\" \/>\n<meta name=\"twitter:card\" content=\"summary_large_image\" \/>\n<meta name=\"twitter:label1\" content=\"Dur\u00e9e de lecture estim\u00e9e\" \/>\n\t<meta name=\"twitter:data1\" content=\"1 minute\" \/>\n<script type=\"application\/ld+json\" class=\"yoast-schema-graph\">{\"@context\":\"https:\\\/\\\/schema.org\",\"@graph\":[{\"@type\":\"WebPage\",\"@id\":\"https:\\\/\\\/lda.be\\\/fr\\\/produit\\\/actionneurs-lineaires-a-glissiere-serie-lcs\\\/\",\"url\":\"https:\\\/\\\/lda.be\\\/fr\\\/produit\\\/actionneurs-lineaires-a-glissiere-serie-lcs\\\/\",\"name\":\"Actionneurs lin\u00e9aires \u00e0 glissi\u00e8re s\u00e9rie LCS - LDA Belgique\",\"isPartOf\":{\"@id\":\"https:\\\/\\\/lda.be\\\/fr\\\/#website\"},\"primaryImageOfPage\":{\"@id\":\"https:\\\/\\\/lda.be\\\/fr\\\/produit\\\/actionneurs-lineaires-a-glissiere-serie-lcs\\\/#primaryimage\"},\"image\":{\"@id\":\"https:\\\/\\\/lda.be\\\/fr\\\/produit\\\/actionneurs-lineaires-a-glissiere-serie-lcs\\\/#primaryimage\"},\"thumbnailUrl\":\"https:\\\/\\\/lda.be\\\/wp-content\\\/uploads\\\/2025\\\/09\\\/LCS-serie.webp\",\"datePublished\":\"2025-09-01T14:18:28+00:00\",\"dateModified\":\"2025-09-01T14:28:42+00:00\",\"breadcrumb\":{\"@id\":\"https:\\\/\\\/lda.be\\\/fr\\\/produit\\\/actionneurs-lineaires-a-glissiere-serie-lcs\\\/#breadcrumb\"},\"inLanguage\":\"fr-FR\",\"potentialAction\":[{\"@type\":\"ReadAction\",\"target\":[\"https:\\\/\\\/lda.be\\\/fr\\\/produit\\\/actionneurs-lineaires-a-glissiere-serie-lcs\\\/\"]}]},{\"@type\":\"ImageObject\",\"inLanguage\":\"fr-FR\",\"@id\":\"https:\\\/\\\/lda.be\\\/fr\\\/produit\\\/actionneurs-lineaires-a-glissiere-serie-lcs\\\/#primaryimage\",\"url\":\"https:\\\/\\\/lda.be\\\/wp-content\\\/uploads\\\/2025\\\/09\\\/LCS-serie.webp\",\"contentUrl\":\"https:\\\/\\\/lda.be\\\/wp-content\\\/uploads\\\/2025\\\/09\\\/LCS-serie.webp\",\"width\":800,\"height\":800,\"caption\":\"LCS Serie lineaire slide actuatoren\"},{\"@type\":\"BreadcrumbList\",\"@id\":\"https:\\\/\\\/lda.be\\\/fr\\\/produit\\\/actionneurs-lineaires-a-glissiere-serie-lcs\\\/#breadcrumb\",\"itemListElement\":[{\"@type\":\"ListItem\",\"position\":1,\"name\":\"Accueil\",\"item\":\"https:\\\/\\\/lda.be\\\/fr\\\/\"},{\"@type\":\"ListItem\",\"position\":2,\"name\":\"Produits\",\"item\":\"https:\\\/\\\/lda.be\\\/fr\\\/produits\\\/\"},{\"@type\":\"ListItem\",\"position\":3,\"name\":\"Actionneurs lin\u00e9aires \u00e0 glissi\u00e8re s\u00e9rie LCS\"}]},{\"@type\":\"WebSite\",\"@id\":\"https:\\\/\\\/lda.be\\\/fr\\\/#website\",\"url\":\"https:\\\/\\\/lda.be\\\/fr\\\/\",\"name\":\"LDA Belgium\",\"description\":\"Solutions For Life\",\"publisher\":{\"@id\":\"https:\\\/\\\/lda.be\\\/fr\\\/#organization\"},\"potentialAction\":[{\"@type\":\"SearchAction\",\"target\":{\"@type\":\"EntryPoint\",\"urlTemplate\":\"https:\\\/\\\/lda.be\\\/fr\\\/?s={search_term_string}\"},\"query-input\":{\"@type\":\"PropertyValueSpecification\",\"valueRequired\":true,\"valueName\":\"search_term_string\"}}],\"inLanguage\":\"fr-FR\"},{\"@type\":\"Organization\",\"@id\":\"https:\\\/\\\/lda.be\\\/fr\\\/#organization\",\"name\":\"LDA Belgium\",\"url\":\"https:\\\/\\\/lda.be\\\/fr\\\/\",\"logo\":{\"@type\":\"ImageObject\",\"inLanguage\":\"fr-FR\",\"@id\":\"https:\\\/\\\/lda.be\\\/fr\\\/#\\\/schema\\\/logo\\\/image\\\/\",\"url\":\"https:\\\/\\\/lda.be\\\/wp-content\\\/uploads\\\/2022\\\/07\\\/Logo-LDA.webp\",\"contentUrl\":\"https:\\\/\\\/lda.be\\\/wp-content\\\/uploads\\\/2022\\\/07\\\/Logo-LDA.webp\",\"width\":311,\"height\":101,\"caption\":\"LDA Belgium\"},\"image\":{\"@id\":\"https:\\\/\\\/lda.be\\\/fr\\\/#\\\/schema\\\/logo\\\/image\\\/\"},\"sameAs\":[\"https:\\\/\\\/www.linkedin.com\\\/company\\\/lda-belgium-nv\"]}]}<\/script>\n<!-- \/ Yoast SEO plugin. -->","yoast_head_json":{"title":"Actionneurs lin\u00e9aires \u00e0 glissi\u00e8re s\u00e9rie LCS - LDA Belgique","robots":{"index":"index","follow":"follow","max-snippet":"max-snippet:-1","max-image-preview":"max-image-preview:large","max-video-preview":"max-video-preview:-1"},"canonical":"https:\/\/lda.be\/fr\/produit\/actionneurs-lineaires-a-glissiere-serie-lcs\/","og_locale":"fr_FR","og_type":"article","og_title":"Actionneurs lin\u00e9aires \u00e0 glissi\u00e8re s\u00e9rie LCS - LDA Belgique","og_description":"La s\u00e9rie LCS30 est une gamme d&#8217;actionneurs lin\u00e9aires \u00e9lectriques compacts, sp\u00e9cialement con\u00e7us pour les applications o\u00f9 l&#8217;espace, le niveau sonore et la consommation d&#8217;\u00e9nergie doivent rester limit\u00e9s. Gr\u00e2ce \u00e0 son fonctionnement extr\u00eamement silencieux et \u00e0 sa pr\u00e9cision de positionnement submicronique, le LCS30 offre une solution unique pour les mouvements de pr\u00e9cision ne n\u00e9cessitant qu&#8217;une force [&hellip;]","og_url":"https:\/\/lda.be\/fr\/produit\/actionneurs-lineaires-a-glissiere-serie-lcs\/","og_site_name":"LDA Belgique","article_modified_time":"2025-09-01T14:28:42+00:00","og_image":[{"width":800,"height":800,"url":"https:\/\/lda.be\/wp-content\/uploads\/2025\/09\/LCS-serie.webp","type":"image\/webp"}],"twitter_card":"summary_large_image","twitter_misc":{"Dur\u00e9e de lecture estim\u00e9e":"1 minute"},"schema":{"@context":"https:\/\/schema.org","@graph":[{"@type":"WebPage","@id":"https:\/\/lda.be\/fr\/produit\/actionneurs-lineaires-a-glissiere-serie-lcs\/","url":"https:\/\/lda.be\/fr\/produit\/actionneurs-lineaires-a-glissiere-serie-lcs\/","name":"Actionneurs lin\u00e9aires \u00e0 glissi\u00e8re s\u00e9rie LCS - LDA Belgique","isPartOf":{"@id":"https:\/\/lda.be\/fr\/#website"},"primaryImageOfPage":{"@id":"https:\/\/lda.be\/fr\/produit\/actionneurs-lineaires-a-glissiere-serie-lcs\/#primaryimage"},"image":{"@id":"https:\/\/lda.be\/fr\/produit\/actionneurs-lineaires-a-glissiere-serie-lcs\/#primaryimage"},"thumbnailUrl":"https:\/\/lda.be\/wp-content\/uploads\/2025\/09\/LCS-serie.webp","datePublished":"2025-09-01T14:18:28+00:00","dateModified":"2025-09-01T14:28:42+00:00","breadcrumb":{"@id":"https:\/\/lda.be\/fr\/produit\/actionneurs-lineaires-a-glissiere-serie-lcs\/#breadcrumb"},"inLanguage":"fr-FR","potentialAction":[{"@type":"ReadAction","target":["https:\/\/lda.be\/fr\/produit\/actionneurs-lineaires-a-glissiere-serie-lcs\/"]}]},{"@type":"ImageObject","inLanguage":"fr-FR","@id":"https:\/\/lda.be\/fr\/produit\/actionneurs-lineaires-a-glissiere-serie-lcs\/#primaryimage","url":"https:\/\/lda.be\/wp-content\/uploads\/2025\/09\/LCS-serie.webp","contentUrl":"https:\/\/lda.be\/wp-content\/uploads\/2025\/09\/LCS-serie.webp","width":800,"height":800,"caption":"LCS Serie lineaire slide actuatoren"},{"@type":"BreadcrumbList","@id":"https:\/\/lda.be\/fr\/produit\/actionneurs-lineaires-a-glissiere-serie-lcs\/#breadcrumb","itemListElement":[{"@type":"ListItem","position":1,"name":"Accueil","item":"https:\/\/lda.be\/fr\/"},{"@type":"ListItem","position":2,"name":"Produits","item":"https:\/\/lda.be\/fr\/produits\/"},{"@type":"ListItem","position":3,"name":"Actionneurs lin\u00e9aires \u00e0 glissi\u00e8re s\u00e9rie LCS"}]},{"@type":"WebSite","@id":"https:\/\/lda.be\/fr\/#website","url":"https:\/\/lda.be\/fr\/","name":"LDA Belgium","description":"Solutions For Life","publisher":{"@id":"https:\/\/lda.be\/fr\/#organization"},"potentialAction":[{"@type":"SearchAction","target":{"@type":"EntryPoint","urlTemplate":"https:\/\/lda.be\/fr\/?s={search_term_string}"},"query-input":{"@type":"PropertyValueSpecification","valueRequired":true,"valueName":"search_term_string"}}],"inLanguage":"fr-FR"},{"@type":"Organization","@id":"https:\/\/lda.be\/fr\/#organization","name":"LDA Belgium","url":"https:\/\/lda.be\/fr\/","logo":{"@type":"ImageObject","inLanguage":"fr-FR","@id":"https:\/\/lda.be\/fr\/#\/schema\/logo\/image\/","url":"https:\/\/lda.be\/wp-content\/uploads\/2022\/07\/Logo-LDA.webp","contentUrl":"https:\/\/lda.be\/wp-content\/uploads\/2022\/07\/Logo-LDA.webp","width":311,"height":101,"caption":"LDA Belgium"},"image":{"@id":"https:\/\/lda.be\/fr\/#\/schema\/logo\/image\/"},"sameAs":["https:\/\/www.linkedin.com\/company\/lda-belgium-nv"]}]}},"_links":{"self":[{"href":"https:\/\/lda.be\/fr\/wp-json\/wp\/v2\/product\/11502","targetHints":{"allow":["GET"]}}],"collection":[{"href":"https:\/\/lda.be\/fr\/wp-json\/wp\/v2\/product"}],"about":[{"href":"https:\/\/lda.be\/fr\/wp-json\/wp\/v2\/types\/product"}],"replies":[{"embeddable":true,"href":"https:\/\/lda.be\/fr\/wp-json\/wp\/v2\/comments?post=11502"}],"wp:featuredmedia":[{"embeddable":true,"href":"https:\/\/lda.be\/fr\/wp-json\/wp\/v2\/media\/11496"}],"wp:attachment":[{"href":"https:\/\/lda.be\/fr\/wp-json\/wp\/v2\/media?parent=11502"}],"wp:term":[{"taxonomy":"product_brand","embeddable":true,"href":"https:\/\/lda.be\/fr\/wp-json\/wp\/v2\/product_brand?post=11502"},{"taxonomy":"product_cat","embeddable":true,"href":"https:\/\/lda.be\/fr\/wp-json\/wp\/v2\/product_cat?post=11502"},{"taxonomy":"product_tag","embeddable":true,"href":"https:\/\/lda.be\/fr\/wp-json\/wp\/v2\/product_tag?post=11502"}],"curies":[{"name":"wp","href":"https:\/\/api.w.org\/{rel}","templated":true}]}}