{"id":11560,"date":"2025-03-15T17:19:03","date_gmt":"2025-03-15T16:19:03","guid":{"rendered":"https:\/\/lda.be\/?post_type=product&#038;p=11560"},"modified":"2026-03-23T13:42:56","modified_gmt":"2026-03-23T12:42:56","slug":"catalogue-environnement-securite","status":"publish","type":"product","link":"https:\/\/lda.be\/fr\/produit\/catalogue-environnement-securite\/","title":{"rendered":"catalogue Environnement &#038; S\u00e9curit\u00e9"},"content":{"rendered":"<p>S\u00e9curit\u00e9 comprend des solutions pour fermer, r\u00e9guler et entretenir en toute s\u00e9curit\u00e9 les syst\u00e8mes de tuyauterie dans les environnements industriels. Vous recherchez une s\u00e9curit\u00e9 maximale, une installation simple et une fiabilit\u00e9 m\u00eame dans des conditions difficiles ? Consultez le catalogue pour plus d&#8217;informations.<\/p>\n<p>Bouchons et joints<\/p>\n<p>Les bouchons longs PLUGY DC et les bouchons \u00e0 gaz PLUGY G \/ PLUGSY GM ont \u00e9t\u00e9 d\u00e9velopp\u00e9s pour assurer une \u00e9tanch\u00e9it\u00e9 efficace des conduites, des raccords et des conduites principales. Gr\u00e2ce \u00e0 leur conception multi-tailles et \u00e0 leur construction flexible, ils peuvent \u00eatre facilement install\u00e9s, m\u00eame dans des espaces restreints. Chaque bouchon est \u00e9quip\u00e9 d&#8217;un tuyau d&#8217;alimentation de 100 cm pour un raccordement rapide et s\u00fbr.<\/p>\n<p>Vannes et r\u00e9gulateurs<\/p>\n<p>Les vannes thermoplastiques ESH2DC-B75 et C75 r\u00e9sistent aux influences chimiques et sont id\u00e9ales pour les applications dans le traitement de l&#8217;eau, la gestion des eaux us\u00e9es et les liquides ultra-purs. Elles allient durabilit\u00e9 et facilit\u00e9 d&#8217;utilisation et sont con\u00e7ues pour n\u00e9cessiter peu d&#8217;entretien.<\/p>\n<p>Le catalogue LDA Environnement &amp; S\u00e9curit\u00e9 vous propose une gamme compl\u00e8te de produits qui vous aideront \u00e0 am\u00e9liorer vos syst\u00e8mes.<\/p>\n","protected":false},"excerpt":{"rendered":"<p>S\u00e9curit\u00e9 comprend des solutions pour fermer, r\u00e9guler et entretenir en toute s\u00e9curit\u00e9 les syst\u00e8mes de tuyauterie dans les environnements industriels. Vous recherchez une s\u00e9curit\u00e9 maximale, une installation simple et une fiabilit\u00e9 m\u00eame dans des conditions difficiles ? Consultez le catalogue pour plus d&#8217;informations. Bouchons et joints Les bouchons longs PLUGY DC et les bouchons \u00e0 [&hellip;]<\/p>\n","protected":false},"featured_media":15954,"comment_status":"closed","ping_status":"closed","template":"","meta":[],"product_brand":[1274,1256],"product_cat":[960],"product_tag":[],"class_list":{"0":"post-11560","1":"product","2":"type-product","3":"status-publish","4":"has-post-thumbnail","6":"product_brand-catalogi","7":"product_brand-lda","8":"product_cat-catalogues-lda-pdf","10":"first","11":"instock","12":"shipping-taxable","13":"product-type-simple"},"yoast_head":"<!-- This site is optimized with the Yoast SEO plugin v27.1 - https:\/\/yoast.com\/product\/yoast-seo-wordpress\/ -->\n<title>catalogue Environnement &amp; S\u00e9curit\u00e9 - LDA Belgique<\/title>\n<meta name=\"description\" content=\"Prot\u00e9gez votre entreprise et l&#039;environnement gr\u00e2ce au catalogue Environnement &amp; S\u00e9curit\u00e9. Les syst\u00e8mes OPAP et les obturateurs d&#039;\u00e9gouts emp\u00eachent les fuites et garantissent la s\u00e9curit\u00e9 industrielle. Disponible chez LDA Belgique.\" \/>\n<meta name=\"robots\" content=\"index, follow, max-snippet:-1, max-image-preview:large, max-video-preview:-1\" \/>\n<link rel=\"canonical\" href=\"https:\/\/lda.be\/fr\/produit\/catalogue-environnement-securite\/\" \/>\n<meta property=\"og:locale\" content=\"fr_FR\" \/>\n<meta property=\"og:type\" content=\"article\" \/>\n<meta property=\"og:title\" content=\"catalogue Environnement &amp; S\u00e9curit\u00e9 - LDA Belgique\" \/>\n<meta property=\"og:description\" content=\"Prot\u00e9gez votre entreprise et l&#039;environnement gr\u00e2ce au catalogue Environnement &amp; S\u00e9curit\u00e9. Les syst\u00e8mes OPAP et les obturateurs d&#039;\u00e9gouts emp\u00eachent les fuites et garantissent la s\u00e9curit\u00e9 industrielle. Disponible chez LDA Belgique.\" \/>\n<meta property=\"og:url\" content=\"https:\/\/lda.be\/fr\/produit\/catalogue-environnement-securite\/\" \/>\n<meta property=\"og:site_name\" content=\"LDA Belgique\" \/>\n<meta property=\"article:modified_time\" content=\"2026-03-23T12:42:56+00:00\" \/>\n<meta property=\"og:image\" content=\"https:\/\/lda.be\/wp-content\/uploads\/2026\/03\/NL-milieu-en-veiligheid.webp\" \/>\n\t<meta property=\"og:image:width\" content=\"766\" \/>\n\t<meta property=\"og:image:height\" content=\"807\" \/>\n\t<meta property=\"og:image:type\" content=\"image\/webp\" \/>\n<meta name=\"twitter:card\" content=\"summary_large_image\" \/>\n<meta name=\"twitter:label1\" content=\"Dur\u00e9e de lecture estim\u00e9e\" \/>\n\t<meta name=\"twitter:data1\" content=\"2 minutes\" \/>\n<script type=\"application\/ld+json\" class=\"yoast-schema-graph\">{\"@context\":\"https:\/\/schema.org\",\"@graph\":[{\"@type\":\"WebPage\",\"@id\":\"https:\/\/lda.be\/fr\/produit\/catalogue-environnement-securite\/\",\"url\":\"https:\/\/lda.be\/fr\/produit\/catalogue-environnement-securite\/\",\"name\":\"catalogue Environnement & S\u00e9curit\u00e9 - LDA Belgique\",\"isPartOf\":{\"@id\":\"https:\/\/lda.be\/fr\/#website\"},\"primaryImageOfPage\":{\"@id\":\"https:\/\/lda.be\/fr\/produit\/catalogue-environnement-securite\/#primaryimage\"},\"image\":{\"@id\":\"https:\/\/lda.be\/fr\/produit\/catalogue-environnement-securite\/#primaryimage\"},\"thumbnailUrl\":\"https:\/\/lda.be\/wp-content\/uploads\/2026\/03\/NL-milieu-en-veiligheid-e1774270155651.webp\",\"datePublished\":\"2025-03-15T16:19:03+00:00\",\"dateModified\":\"2026-03-23T12:42:56+00:00\",\"description\":\"Prot\u00e9gez votre entreprise et l'environnement gr\u00e2ce au catalogue Environnement & S\u00e9curit\u00e9. Les syst\u00e8mes OPAP et les obturateurs d'\u00e9gouts emp\u00eachent les fuites et garantissent la s\u00e9curit\u00e9 industrielle. Disponible chez LDA Belgique.\",\"breadcrumb\":{\"@id\":\"https:\/\/lda.be\/fr\/produit\/catalogue-environnement-securite\/#breadcrumb\"},\"inLanguage\":\"fr-FR\",\"potentialAction\":[{\"@type\":\"ReadAction\",\"target\":[\"https:\/\/lda.be\/fr\/produit\/catalogue-environnement-securite\/\"]}]},{\"@type\":\"ImageObject\",\"inLanguage\":\"fr-FR\",\"@id\":\"https:\/\/lda.be\/fr\/produit\/catalogue-environnement-securite\/#primaryimage\",\"url\":\"https:\/\/lda.be\/wp-content\/uploads\/2026\/03\/NL-milieu-en-veiligheid-e1774270155651.webp\",\"contentUrl\":\"https:\/\/lda.be\/wp-content\/uploads\/2026\/03\/NL-milieu-en-veiligheid-e1774270155651.webp\",\"width\":766,\"height\":807,\"caption\":\"milieu en veiligheid in industrie\"},{\"@type\":\"BreadcrumbList\",\"@id\":\"https:\/\/lda.be\/fr\/produit\/catalogue-environnement-securite\/#breadcrumb\",\"itemListElement\":[{\"@type\":\"ListItem\",\"position\":1,\"name\":\"Accueil\",\"item\":\"https:\/\/lda.be\/fr\/\"},{\"@type\":\"ListItem\",\"position\":2,\"name\":\"Produits\",\"item\":\"https:\/\/lda.be\/fr\/produits\/\"},{\"@type\":\"ListItem\",\"position\":3,\"name\":\"catalogue Environnement &#038; S\u00e9curit\u00e9\"}]},{\"@type\":\"WebSite\",\"@id\":\"https:\/\/lda.be\/fr\/#website\",\"url\":\"https:\/\/lda.be\/fr\/\",\"name\":\"LDA Belgium\",\"description\":\"Solutions For Life\",\"publisher\":{\"@id\":\"https:\/\/lda.be\/fr\/#organization\"},\"potentialAction\":[{\"@type\":\"SearchAction\",\"target\":{\"@type\":\"EntryPoint\",\"urlTemplate\":\"https:\/\/lda.be\/fr\/?s={search_term_string}\"},\"query-input\":{\"@type\":\"PropertyValueSpecification\",\"valueRequired\":true,\"valueName\":\"search_term_string\"}}],\"inLanguage\":\"fr-FR\"},{\"@type\":\"Organization\",\"@id\":\"https:\/\/lda.be\/fr\/#organization\",\"name\":\"LDA Belgium\",\"url\":\"https:\/\/lda.be\/fr\/\",\"logo\":{\"@type\":\"ImageObject\",\"inLanguage\":\"fr-FR\",\"@id\":\"https:\/\/lda.be\/fr\/#\/schema\/logo\/image\/\",\"url\":\"https:\/\/lda.be\/wp-content\/uploads\/2022\/07\/Logo-LDA.webp\",\"contentUrl\":\"https:\/\/lda.be\/wp-content\/uploads\/2022\/07\/Logo-LDA.webp\",\"width\":311,\"height\":101,\"caption\":\"LDA Belgium\"},\"image\":{\"@id\":\"https:\/\/lda.be\/fr\/#\/schema\/logo\/image\/\"},\"sameAs\":[\"https:\/\/www.linkedin.com\/company\/lda-belgium-nv\"]}]}<\/script>\n<!-- \/ Yoast SEO plugin. -->","yoast_head_json":{"title":"catalogue Environnement & S\u00e9curit\u00e9 - LDA Belgique","description":"Prot\u00e9gez votre entreprise et l'environnement gr\u00e2ce au catalogue Environnement & S\u00e9curit\u00e9. Les syst\u00e8mes OPAP et les obturateurs d'\u00e9gouts emp\u00eachent les fuites et garantissent la s\u00e9curit\u00e9 industrielle. Disponible chez LDA Belgique.","robots":{"index":"index","follow":"follow","max-snippet":"max-snippet:-1","max-image-preview":"max-image-preview:large","max-video-preview":"max-video-preview:-1"},"canonical":"https:\/\/lda.be\/fr\/produit\/catalogue-environnement-securite\/","og_locale":"fr_FR","og_type":"article","og_title":"catalogue Environnement & S\u00e9curit\u00e9 - LDA Belgique","og_description":"Prot\u00e9gez votre entreprise et l'environnement gr\u00e2ce au catalogue Environnement & S\u00e9curit\u00e9. Les syst\u00e8mes OPAP et les obturateurs d'\u00e9gouts emp\u00eachent les fuites et garantissent la s\u00e9curit\u00e9 industrielle. Disponible chez LDA Belgique.","og_url":"https:\/\/lda.be\/fr\/produit\/catalogue-environnement-securite\/","og_site_name":"LDA Belgique","article_modified_time":"2026-03-23T12:42:56+00:00","og_image":[{"width":766,"height":807,"url":"https:\/\/lda.be\/wp-content\/uploads\/2026\/03\/NL-milieu-en-veiligheid.webp","type":"image\/webp"}],"twitter_card":"summary_large_image","twitter_misc":{"Dur\u00e9e de lecture estim\u00e9e":"2 minutes"},"schema":{"@context":"https:\/\/schema.org","@graph":[{"@type":"WebPage","@id":"https:\/\/lda.be\/fr\/produit\/catalogue-environnement-securite\/","url":"https:\/\/lda.be\/fr\/produit\/catalogue-environnement-securite\/","name":"catalogue Environnement & S\u00e9curit\u00e9 - LDA Belgique","isPartOf":{"@id":"https:\/\/lda.be\/fr\/#website"},"primaryImageOfPage":{"@id":"https:\/\/lda.be\/fr\/produit\/catalogue-environnement-securite\/#primaryimage"},"image":{"@id":"https:\/\/lda.be\/fr\/produit\/catalogue-environnement-securite\/#primaryimage"},"thumbnailUrl":"https:\/\/lda.be\/wp-content\/uploads\/2026\/03\/NL-milieu-en-veiligheid-e1774270155651.webp","datePublished":"2025-03-15T16:19:03+00:00","dateModified":"2026-03-23T12:42:56+00:00","description":"Prot\u00e9gez votre entreprise et l'environnement gr\u00e2ce au catalogue Environnement & S\u00e9curit\u00e9. Les syst\u00e8mes OPAP et les obturateurs d'\u00e9gouts emp\u00eachent les fuites et garantissent la s\u00e9curit\u00e9 industrielle. Disponible chez LDA Belgique.","breadcrumb":{"@id":"https:\/\/lda.be\/fr\/produit\/catalogue-environnement-securite\/#breadcrumb"},"inLanguage":"fr-FR","potentialAction":[{"@type":"ReadAction","target":["https:\/\/lda.be\/fr\/produit\/catalogue-environnement-securite\/"]}]},{"@type":"ImageObject","inLanguage":"fr-FR","@id":"https:\/\/lda.be\/fr\/produit\/catalogue-environnement-securite\/#primaryimage","url":"https:\/\/lda.be\/wp-content\/uploads\/2026\/03\/NL-milieu-en-veiligheid-e1774270155651.webp","contentUrl":"https:\/\/lda.be\/wp-content\/uploads\/2026\/03\/NL-milieu-en-veiligheid-e1774270155651.webp","width":766,"height":807,"caption":"milieu en veiligheid in industrie"},{"@type":"BreadcrumbList","@id":"https:\/\/lda.be\/fr\/produit\/catalogue-environnement-securite\/#breadcrumb","itemListElement":[{"@type":"ListItem","position":1,"name":"Accueil","item":"https:\/\/lda.be\/fr\/"},{"@type":"ListItem","position":2,"name":"Produits","item":"https:\/\/lda.be\/fr\/produits\/"},{"@type":"ListItem","position":3,"name":"catalogue Environnement &#038; S\u00e9curit\u00e9"}]},{"@type":"WebSite","@id":"https:\/\/lda.be\/fr\/#website","url":"https:\/\/lda.be\/fr\/","name":"LDA Belgium","description":"Solutions For Life","publisher":{"@id":"https:\/\/lda.be\/fr\/#organization"},"potentialAction":[{"@type":"SearchAction","target":{"@type":"EntryPoint","urlTemplate":"https:\/\/lda.be\/fr\/?s={search_term_string}"},"query-input":{"@type":"PropertyValueSpecification","valueRequired":true,"valueName":"search_term_string"}}],"inLanguage":"fr-FR"},{"@type":"Organization","@id":"https:\/\/lda.be\/fr\/#organization","name":"LDA Belgium","url":"https:\/\/lda.be\/fr\/","logo":{"@type":"ImageObject","inLanguage":"fr-FR","@id":"https:\/\/lda.be\/fr\/#\/schema\/logo\/image\/","url":"https:\/\/lda.be\/wp-content\/uploads\/2022\/07\/Logo-LDA.webp","contentUrl":"https:\/\/lda.be\/wp-content\/uploads\/2022\/07\/Logo-LDA.webp","width":311,"height":101,"caption":"LDA Belgium"},"image":{"@id":"https:\/\/lda.be\/fr\/#\/schema\/logo\/image\/"},"sameAs":["https:\/\/www.linkedin.com\/company\/lda-belgium-nv"]}]}},"_links":{"self":[{"href":"https:\/\/lda.be\/fr\/wp-json\/wp\/v2\/product\/11560","targetHints":{"allow":["GET"]}}],"collection":[{"href":"https:\/\/lda.be\/fr\/wp-json\/wp\/v2\/product"}],"about":[{"href":"https:\/\/lda.be\/fr\/wp-json\/wp\/v2\/types\/product"}],"replies":[{"embeddable":true,"href":"https:\/\/lda.be\/fr\/wp-json\/wp\/v2\/comments?post=11560"}],"wp:featuredmedia":[{"embeddable":true,"href":"https:\/\/lda.be\/fr\/wp-json\/wp\/v2\/media\/15954"}],"wp:attachment":[{"href":"https:\/\/lda.be\/fr\/wp-json\/wp\/v2\/media?parent=11560"}],"wp:term":[{"taxonomy":"product_brand","embeddable":true,"href":"https:\/\/lda.be\/fr\/wp-json\/wp\/v2\/product_brand?post=11560"},{"taxonomy":"product_cat","embeddable":true,"href":"https:\/\/lda.be\/fr\/wp-json\/wp\/v2\/product_cat?post=11560"},{"taxonomy":"product_tag","embeddable":true,"href":"https:\/\/lda.be\/fr\/wp-json\/wp\/v2\/product_tag?post=11560"}],"curies":[{"name":"wp","href":"https:\/\/api.w.org\/{rel}","templated":true}]}}