{"id":11597,"date":"2025-09-02T11:28:21","date_gmt":"2025-09-02T10:28:21","guid":{"rendered":"https:\/\/lda.be\/?post_type=product&#038;p=11597"},"modified":"2025-09-02T12:24:58","modified_gmt":"2025-09-02T11:24:58","slug":"lal-serie-actionneurs-lineaires-2","status":"publish","type":"product","link":"https:\/\/lda.be\/fr\/produit\/lal-serie-actionneurs-lineaires-2\/","title":{"rendered":"LAL S\u00e9rie actionneurs lin\u00e9aires"},"content":{"rendered":"<p>D\u00e9velopp\u00e9e sur la base de la s\u00e9rie LAL qui a connu un grand succ\u00e8s, la s\u00e9rie LAS de SMAC offre une solution robuste et polyvalente pour les mouvements de pr\u00e9cision. Avec des courses allant jusqu&#8217;\u00e0 150 mm et une force maximale d&#8217;environ 200 N, ces glissi\u00e8res lin\u00e9aires sont id\u00e9ales pour les applications exigeantes o\u00f9 un positionnement pr\u00e9cis, un contr\u00f4le de la force et une grande fiabilit\u00e9 sont essentiels.<\/p>\n<p>Gr\u00e2ce \u00e0 la technologie brevet\u00e9e Soft-Land\u2122, les actionneurs LAS peuvent approcher une surface de mani\u00e8re extr\u00eamement douce et contr\u00f4l\u00e9e. Cela les rend particuli\u00e8rement adapt\u00e9s \u00e0 la manipulation de composants fragiles et \u00e0 l&#8217;ex\u00e9cution de t\u00e2ches de mesure ou d&#8217;inspection pr\u00e9cises.<\/p>\n<p>La s\u00e9rie LAS offre \u00e9galement une excellente combinaison de force, de vitesse et de dur\u00e9e de vie, et peut \u00eatre adapt\u00e9e aux besoins sp\u00e9cifiques des clients, tels que des encodeurs \u00e0 haute r\u00e9solution, des bobines doubles pour une puissance suppl\u00e9mentaire ou des guides lin\u00e9aires \u00e0 faible friction pour une dur\u00e9e de vie et une pr\u00e9cision accrues.<\/p>\n","protected":false},"excerpt":{"rendered":"<p>D\u00e9velopp\u00e9e sur la base de la s\u00e9rie LAL qui a connu un grand succ\u00e8s, la s\u00e9rie LAS de SMAC offre une solution robuste et polyvalente pour les mouvements de pr\u00e9cision. Avec des courses allant jusqu&#8217;\u00e0 150 mm et une force maximale d&#8217;environ 200 N, ces glissi\u00e8res lin\u00e9aires sont id\u00e9ales pour les applications exigeantes o\u00f9 un [&hellip;]<\/p>\n","protected":false},"featured_media":11574,"comment_status":"closed","ping_status":"closed","template":"","meta":[],"product_brand":[1760,1759],"product_cat":[838,854,864],"product_tag":[],"class_list":{"0":"post-11597","1":"product","2":"type-product","3":"status-publish","4":"has-post-thumbnail","6":"product_brand-linear-actuators","7":"product_brand-smac","8":"product_cat-electricite","9":"product_cat-technologie-de-bobine-mobile","10":"product_cat-actionneurs-lineaires-fr","12":"first","13":"instock","14":"shipping-taxable","15":"product-type-simple"},"yoast_head":"<!-- This site is optimized with the Yoast SEO plugin v27.3 - https:\/\/yoast.com\/product\/yoast-seo-wordpress\/ -->\n<title>LAL S\u00e9rie actionneurs lin\u00e9aires - LDA Belgique<\/title>\n<meta name=\"description\" content=\"Les actionneurs lin\u00e9aires de la s\u00e9rie SMAC LAS offrent des courses allant jusqu&#039;\u00e0 150 mm et des forces allant jusqu&#039;\u00e0 200 N. \u00c9quip\u00e9s de la technologie Soft-Land\u2122, d&#039;encodeurs haute r\u00e9solution et disponibles chez LDA Belgique.\" \/>\n<meta name=\"robots\" content=\"index, follow, max-snippet:-1, max-image-preview:large, max-video-preview:-1\" \/>\n<link rel=\"canonical\" href=\"https:\/\/lda.be\/fr\/produit\/lal-serie-actionneurs-lineaires-2\/\" \/>\n<meta property=\"og:locale\" content=\"fr_FR\" \/>\n<meta property=\"og:type\" content=\"article\" \/>\n<meta property=\"og:title\" content=\"LAL S\u00e9rie actionneurs lin\u00e9aires - LDA Belgique\" \/>\n<meta property=\"og:description\" content=\"Les actionneurs lin\u00e9aires de la s\u00e9rie SMAC LAS offrent des courses allant jusqu&#039;\u00e0 150 mm et des forces allant jusqu&#039;\u00e0 200 N. \u00c9quip\u00e9s de la technologie Soft-Land\u2122, d&#039;encodeurs haute r\u00e9solution et disponibles chez LDA Belgique.\" \/>\n<meta property=\"og:url\" content=\"https:\/\/lda.be\/fr\/produit\/lal-serie-actionneurs-lineaires-2\/\" \/>\n<meta property=\"og:site_name\" content=\"LDA Belgique\" \/>\n<meta property=\"article:modified_time\" content=\"2025-09-02T11:24:58+00:00\" \/>\n<meta property=\"og:image\" content=\"https:\/\/lda.be\/wp-content\/uploads\/2025\/09\/LAS-serie-1.webp\" \/>\n\t<meta property=\"og:image:width\" content=\"800\" \/>\n\t<meta property=\"og:image:height\" content=\"800\" \/>\n\t<meta property=\"og:image:type\" content=\"image\/webp\" \/>\n<meta name=\"twitter:card\" content=\"summary_large_image\" \/>\n<meta name=\"twitter:label1\" content=\"Dur\u00e9e de lecture estim\u00e9e\" \/>\n\t<meta name=\"twitter:data1\" content=\"1 minute\" \/>\n<script type=\"application\/ld+json\" class=\"yoast-schema-graph\">{\"@context\":\"https:\\\/\\\/schema.org\",\"@graph\":[{\"@type\":\"WebPage\",\"@id\":\"https:\\\/\\\/lda.be\\\/fr\\\/produit\\\/lal-serie-actionneurs-lineaires-2\\\/\",\"url\":\"https:\\\/\\\/lda.be\\\/fr\\\/produit\\\/lal-serie-actionneurs-lineaires-2\\\/\",\"name\":\"LAL S\u00e9rie actionneurs lin\u00e9aires - LDA Belgique\",\"isPartOf\":{\"@id\":\"https:\\\/\\\/lda.be\\\/fr\\\/#website\"},\"primaryImageOfPage\":{\"@id\":\"https:\\\/\\\/lda.be\\\/fr\\\/produit\\\/lal-serie-actionneurs-lineaires-2\\\/#primaryimage\"},\"image\":{\"@id\":\"https:\\\/\\\/lda.be\\\/fr\\\/produit\\\/lal-serie-actionneurs-lineaires-2\\\/#primaryimage\"},\"thumbnailUrl\":\"https:\\\/\\\/lda.be\\\/wp-content\\\/uploads\\\/2025\\\/09\\\/LAS-serie-1.webp\",\"datePublished\":\"2025-09-02T10:28:21+00:00\",\"dateModified\":\"2025-09-02T11:24:58+00:00\",\"description\":\"Les actionneurs lin\u00e9aires de la s\u00e9rie SMAC LAS offrent des courses allant jusqu'\u00e0 150 mm et des forces allant jusqu'\u00e0 200 N. \u00c9quip\u00e9s de la technologie Soft-Land\u2122, d'encodeurs haute r\u00e9solution et disponibles chez LDA Belgique.\",\"breadcrumb\":{\"@id\":\"https:\\\/\\\/lda.be\\\/fr\\\/produit\\\/lal-serie-actionneurs-lineaires-2\\\/#breadcrumb\"},\"inLanguage\":\"fr-FR\",\"potentialAction\":[{\"@type\":\"ReadAction\",\"target\":[\"https:\\\/\\\/lda.be\\\/fr\\\/produit\\\/lal-serie-actionneurs-lineaires-2\\\/\"]}]},{\"@type\":\"ImageObject\",\"inLanguage\":\"fr-FR\",\"@id\":\"https:\\\/\\\/lda.be\\\/fr\\\/produit\\\/lal-serie-actionneurs-lineaires-2\\\/#primaryimage\",\"url\":\"https:\\\/\\\/lda.be\\\/wp-content\\\/uploads\\\/2025\\\/09\\\/LAS-serie-1.webp\",\"contentUrl\":\"https:\\\/\\\/lda.be\\\/wp-content\\\/uploads\\\/2025\\\/09\\\/LAS-serie-1.webp\",\"width\":800,\"height\":800,\"caption\":\"LAS serie\"},{\"@type\":\"BreadcrumbList\",\"@id\":\"https:\\\/\\\/lda.be\\\/fr\\\/produit\\\/lal-serie-actionneurs-lineaires-2\\\/#breadcrumb\",\"itemListElement\":[{\"@type\":\"ListItem\",\"position\":1,\"name\":\"Accueil\",\"item\":\"https:\\\/\\\/lda.be\\\/fr\\\/\"},{\"@type\":\"ListItem\",\"position\":2,\"name\":\"Produits\",\"item\":\"https:\\\/\\\/lda.be\\\/fr\\\/produits\\\/\"},{\"@type\":\"ListItem\",\"position\":3,\"name\":\"LAL S\u00e9rie actionneurs lin\u00e9aires\"}]},{\"@type\":\"WebSite\",\"@id\":\"https:\\\/\\\/lda.be\\\/fr\\\/#website\",\"url\":\"https:\\\/\\\/lda.be\\\/fr\\\/\",\"name\":\"LDA Belgium\",\"description\":\"Solutions For Life\",\"publisher\":{\"@id\":\"https:\\\/\\\/lda.be\\\/fr\\\/#organization\"},\"potentialAction\":[{\"@type\":\"SearchAction\",\"target\":{\"@type\":\"EntryPoint\",\"urlTemplate\":\"https:\\\/\\\/lda.be\\\/fr\\\/?s={search_term_string}\"},\"query-input\":{\"@type\":\"PropertyValueSpecification\",\"valueRequired\":true,\"valueName\":\"search_term_string\"}}],\"inLanguage\":\"fr-FR\"},{\"@type\":\"Organization\",\"@id\":\"https:\\\/\\\/lda.be\\\/fr\\\/#organization\",\"name\":\"LDA Belgium\",\"url\":\"https:\\\/\\\/lda.be\\\/fr\\\/\",\"logo\":{\"@type\":\"ImageObject\",\"inLanguage\":\"fr-FR\",\"@id\":\"https:\\\/\\\/lda.be\\\/fr\\\/#\\\/schema\\\/logo\\\/image\\\/\",\"url\":\"https:\\\/\\\/lda.be\\\/wp-content\\\/uploads\\\/2022\\\/07\\\/Logo-LDA.webp\",\"contentUrl\":\"https:\\\/\\\/lda.be\\\/wp-content\\\/uploads\\\/2022\\\/07\\\/Logo-LDA.webp\",\"width\":311,\"height\":101,\"caption\":\"LDA Belgium\"},\"image\":{\"@id\":\"https:\\\/\\\/lda.be\\\/fr\\\/#\\\/schema\\\/logo\\\/image\\\/\"},\"sameAs\":[\"https:\\\/\\\/www.linkedin.com\\\/company\\\/lda-belgium-nv\"]}]}<\/script>\n<!-- \/ Yoast SEO plugin. -->","yoast_head_json":{"title":"LAL S\u00e9rie actionneurs lin\u00e9aires - LDA Belgique","description":"Les actionneurs lin\u00e9aires de la s\u00e9rie SMAC LAS offrent des courses allant jusqu'\u00e0 150 mm et des forces allant jusqu'\u00e0 200 N. \u00c9quip\u00e9s de la technologie Soft-Land\u2122, d'encodeurs haute r\u00e9solution et disponibles chez LDA Belgique.","robots":{"index":"index","follow":"follow","max-snippet":"max-snippet:-1","max-image-preview":"max-image-preview:large","max-video-preview":"max-video-preview:-1"},"canonical":"https:\/\/lda.be\/fr\/produit\/lal-serie-actionneurs-lineaires-2\/","og_locale":"fr_FR","og_type":"article","og_title":"LAL S\u00e9rie actionneurs lin\u00e9aires - LDA Belgique","og_description":"Les actionneurs lin\u00e9aires de la s\u00e9rie SMAC LAS offrent des courses allant jusqu'\u00e0 150 mm et des forces allant jusqu'\u00e0 200 N. \u00c9quip\u00e9s de la technologie Soft-Land\u2122, d'encodeurs haute r\u00e9solution et disponibles chez LDA Belgique.","og_url":"https:\/\/lda.be\/fr\/produit\/lal-serie-actionneurs-lineaires-2\/","og_site_name":"LDA Belgique","article_modified_time":"2025-09-02T11:24:58+00:00","og_image":[{"width":800,"height":800,"url":"https:\/\/lda.be\/wp-content\/uploads\/2025\/09\/LAS-serie-1.webp","type":"image\/webp"}],"twitter_card":"summary_large_image","twitter_misc":{"Dur\u00e9e de lecture estim\u00e9e":"1 minute"},"schema":{"@context":"https:\/\/schema.org","@graph":[{"@type":"WebPage","@id":"https:\/\/lda.be\/fr\/produit\/lal-serie-actionneurs-lineaires-2\/","url":"https:\/\/lda.be\/fr\/produit\/lal-serie-actionneurs-lineaires-2\/","name":"LAL S\u00e9rie actionneurs lin\u00e9aires - LDA Belgique","isPartOf":{"@id":"https:\/\/lda.be\/fr\/#website"},"primaryImageOfPage":{"@id":"https:\/\/lda.be\/fr\/produit\/lal-serie-actionneurs-lineaires-2\/#primaryimage"},"image":{"@id":"https:\/\/lda.be\/fr\/produit\/lal-serie-actionneurs-lineaires-2\/#primaryimage"},"thumbnailUrl":"https:\/\/lda.be\/wp-content\/uploads\/2025\/09\/LAS-serie-1.webp","datePublished":"2025-09-02T10:28:21+00:00","dateModified":"2025-09-02T11:24:58+00:00","description":"Les actionneurs lin\u00e9aires de la s\u00e9rie SMAC LAS offrent des courses allant jusqu'\u00e0 150 mm et des forces allant jusqu'\u00e0 200 N. \u00c9quip\u00e9s de la technologie Soft-Land\u2122, d'encodeurs haute r\u00e9solution et disponibles chez LDA Belgique.","breadcrumb":{"@id":"https:\/\/lda.be\/fr\/produit\/lal-serie-actionneurs-lineaires-2\/#breadcrumb"},"inLanguage":"fr-FR","potentialAction":[{"@type":"ReadAction","target":["https:\/\/lda.be\/fr\/produit\/lal-serie-actionneurs-lineaires-2\/"]}]},{"@type":"ImageObject","inLanguage":"fr-FR","@id":"https:\/\/lda.be\/fr\/produit\/lal-serie-actionneurs-lineaires-2\/#primaryimage","url":"https:\/\/lda.be\/wp-content\/uploads\/2025\/09\/LAS-serie-1.webp","contentUrl":"https:\/\/lda.be\/wp-content\/uploads\/2025\/09\/LAS-serie-1.webp","width":800,"height":800,"caption":"LAS serie"},{"@type":"BreadcrumbList","@id":"https:\/\/lda.be\/fr\/produit\/lal-serie-actionneurs-lineaires-2\/#breadcrumb","itemListElement":[{"@type":"ListItem","position":1,"name":"Accueil","item":"https:\/\/lda.be\/fr\/"},{"@type":"ListItem","position":2,"name":"Produits","item":"https:\/\/lda.be\/fr\/produits\/"},{"@type":"ListItem","position":3,"name":"LAL S\u00e9rie actionneurs lin\u00e9aires"}]},{"@type":"WebSite","@id":"https:\/\/lda.be\/fr\/#website","url":"https:\/\/lda.be\/fr\/","name":"LDA Belgium","description":"Solutions For Life","publisher":{"@id":"https:\/\/lda.be\/fr\/#organization"},"potentialAction":[{"@type":"SearchAction","target":{"@type":"EntryPoint","urlTemplate":"https:\/\/lda.be\/fr\/?s={search_term_string}"},"query-input":{"@type":"PropertyValueSpecification","valueRequired":true,"valueName":"search_term_string"}}],"inLanguage":"fr-FR"},{"@type":"Organization","@id":"https:\/\/lda.be\/fr\/#organization","name":"LDA Belgium","url":"https:\/\/lda.be\/fr\/","logo":{"@type":"ImageObject","inLanguage":"fr-FR","@id":"https:\/\/lda.be\/fr\/#\/schema\/logo\/image\/","url":"https:\/\/lda.be\/wp-content\/uploads\/2022\/07\/Logo-LDA.webp","contentUrl":"https:\/\/lda.be\/wp-content\/uploads\/2022\/07\/Logo-LDA.webp","width":311,"height":101,"caption":"LDA Belgium"},"image":{"@id":"https:\/\/lda.be\/fr\/#\/schema\/logo\/image\/"},"sameAs":["https:\/\/www.linkedin.com\/company\/lda-belgium-nv"]}]}},"_links":{"self":[{"href":"https:\/\/lda.be\/fr\/wp-json\/wp\/v2\/product\/11597","targetHints":{"allow":["GET"]}}],"collection":[{"href":"https:\/\/lda.be\/fr\/wp-json\/wp\/v2\/product"}],"about":[{"href":"https:\/\/lda.be\/fr\/wp-json\/wp\/v2\/types\/product"}],"replies":[{"embeddable":true,"href":"https:\/\/lda.be\/fr\/wp-json\/wp\/v2\/comments?post=11597"}],"wp:featuredmedia":[{"embeddable":true,"href":"https:\/\/lda.be\/fr\/wp-json\/wp\/v2\/media\/11574"}],"wp:attachment":[{"href":"https:\/\/lda.be\/fr\/wp-json\/wp\/v2\/media?parent=11597"}],"wp:term":[{"taxonomy":"product_brand","embeddable":true,"href":"https:\/\/lda.be\/fr\/wp-json\/wp\/v2\/product_brand?post=11597"},{"taxonomy":"product_cat","embeddable":true,"href":"https:\/\/lda.be\/fr\/wp-json\/wp\/v2\/product_cat?post=11597"},{"taxonomy":"product_tag","embeddable":true,"href":"https:\/\/lda.be\/fr\/wp-json\/wp\/v2\/product_tag?post=11597"}],"curies":[{"name":"wp","href":"https:\/\/api.w.org\/{rel}","templated":true}]}}