{"id":11612,"date":"2025-09-02T12:44:29","date_gmt":"2025-09-02T11:44:29","guid":{"rendered":"https:\/\/lda.be\/?post_type=product&#038;p=11612"},"modified":"2025-12-04T14:47:20","modified_gmt":"2025-12-04T13:47:20","slug":"lba-et-sla-serie-actionneurs-de-type-glissiere","status":"publish","type":"product","link":"https:\/\/lda.be\/fr\/produit\/lba-et-sla-serie-actionneurs-de-type-glissiere\/","title":{"rendered":"LBS et SLA S\u00e9rie actionneurs de type glissi\u00e8re"},"content":{"rendered":"<p>La s\u00e9rie SLA de SMAC est une gamme de glissi\u00e8res lin\u00e9aires \u00e9lectriques compactes con\u00e7ues pour offrir une grande pr\u00e9cision, une rigidit\u00e9 \u00e9lev\u00e9e et un faible frottement. Gr\u00e2ce \u00e0 l&#8217;utilisation de guidages \u00e0 rouleaux crois\u00e9s avec protection anti-glissement, ces actionneurs offrent un mouvement tr\u00e8s stable, ce qui les rend id\u00e9aux pour les applications n\u00e9cessitant une pr\u00e9cision extr\u00eame.<\/p>\n<p>La s\u00e9rie SLA constitue une alternative comp\u00e9titive en termes de co\u00fbts aux glissi\u00e8res pneumatiques et offre en outre une dur\u00e9e de vie beaucoup plus longue, une meilleure contr\u00f4labilit\u00e9 et la possibilit\u00e9 d&#8217;obtenir un retour d&#8217;information en temps r\u00e9el.<\/p>\n","protected":false},"excerpt":{"rendered":"<p>La s\u00e9rie SLA de SMAC est une gamme de glissi\u00e8res lin\u00e9aires \u00e9lectriques compactes con\u00e7ues pour offrir une grande pr\u00e9cision, une rigidit\u00e9 \u00e9lev\u00e9e et un faible frottement. Gr\u00e2ce \u00e0 l&#8217;utilisation de guidages \u00e0 rouleaux crois\u00e9s avec protection anti-glissement, ces actionneurs offrent un mouvement tr\u00e8s stable, ce qui les rend id\u00e9aux pour les applications n\u00e9cessitant une pr\u00e9cision [&hellip;]<\/p>\n","protected":false},"featured_media":11605,"comment_status":"closed","ping_status":"closed","template":"","meta":[],"product_brand":[1760,1759],"product_cat":[838,854,864],"product_tag":[],"class_list":{"0":"post-11612","1":"product","2":"type-product","3":"status-publish","4":"has-post-thumbnail","6":"product_brand-linear-actuators","7":"product_brand-smac","8":"product_cat-electricite","9":"product_cat-technologie-de-bobine-mobile","10":"product_cat-actionneurs-lineaires-fr","12":"first","13":"instock","14":"shipping-taxable","15":"product-type-simple"},"yoast_head":"<!-- This site is optimized with the Yoast SEO plugin v27.3 - https:\/\/yoast.com\/product\/yoast-seo-wordpress\/ -->\n<title>LBS et SLA S\u00e9rie actionneurs de type glissi\u00e8re - LDA Belgique<\/title>\n<meta name=\"description\" content=\"Les glissi\u00e8res lin\u00e9aires des s\u00e9ries LBS et SLA combinent un design compact, des codeurs haute r\u00e9solution (jusqu&#039;\u00e0 50 nm) et la technologie Soft-Land\u2122. Disponibles chez LDA Belgique\" \/>\n<meta name=\"robots\" content=\"index, follow, max-snippet:-1, max-image-preview:large, max-video-preview:-1\" \/>\n<link rel=\"canonical\" href=\"https:\/\/lda.be\/fr\/produit\/lba-et-sla-serie-actionneurs-de-type-glissiere\/\" \/>\n<meta property=\"og:locale\" content=\"fr_FR\" \/>\n<meta property=\"og:type\" content=\"article\" \/>\n<meta property=\"og:title\" content=\"LBS et SLA S\u00e9rie actionneurs de type glissi\u00e8re - LDA Belgique\" \/>\n<meta property=\"og:description\" content=\"Les glissi\u00e8res lin\u00e9aires des s\u00e9ries LBS et SLA combinent un design compact, des codeurs haute r\u00e9solution (jusqu&#039;\u00e0 50 nm) et la technologie Soft-Land\u2122. Disponibles chez LDA Belgique\" \/>\n<meta property=\"og:url\" content=\"https:\/\/lda.be\/fr\/produit\/lba-et-sla-serie-actionneurs-de-type-glissiere\/\" \/>\n<meta property=\"og:site_name\" content=\"LDA Belgique\" \/>\n<meta property=\"article:modified_time\" content=\"2025-12-04T13:47:20+00:00\" \/>\n<meta property=\"og:image\" content=\"https:\/\/lda.be\/wp-content\/uploads\/2025\/09\/New-sla-lbs.webp\" \/>\n\t<meta property=\"og:image:width\" content=\"800\" \/>\n\t<meta property=\"og:image:height\" content=\"800\" \/>\n\t<meta property=\"og:image:type\" content=\"image\/webp\" \/>\n<meta name=\"twitter:card\" content=\"summary_large_image\" \/>\n<meta name=\"twitter:label1\" content=\"Dur\u00e9e de lecture estim\u00e9e\" \/>\n\t<meta name=\"twitter:data1\" content=\"1 minute\" \/>\n<script type=\"application\/ld+json\" class=\"yoast-schema-graph\">{\"@context\":\"https:\\\/\\\/schema.org\",\"@graph\":[{\"@type\":\"WebPage\",\"@id\":\"https:\\\/\\\/lda.be\\\/fr\\\/produit\\\/lba-et-sla-serie-actionneurs-de-type-glissiere\\\/\",\"url\":\"https:\\\/\\\/lda.be\\\/fr\\\/produit\\\/lba-et-sla-serie-actionneurs-de-type-glissiere\\\/\",\"name\":\"LBS et SLA S\u00e9rie actionneurs de type glissi\u00e8re - LDA Belgique\",\"isPartOf\":{\"@id\":\"https:\\\/\\\/lda.be\\\/fr\\\/#website\"},\"primaryImageOfPage\":{\"@id\":\"https:\\\/\\\/lda.be\\\/fr\\\/produit\\\/lba-et-sla-serie-actionneurs-de-type-glissiere\\\/#primaryimage\"},\"image\":{\"@id\":\"https:\\\/\\\/lda.be\\\/fr\\\/produit\\\/lba-et-sla-serie-actionneurs-de-type-glissiere\\\/#primaryimage\"},\"thumbnailUrl\":\"https:\\\/\\\/lda.be\\\/wp-content\\\/uploads\\\/2025\\\/09\\\/New-sla-lbs.webp\",\"datePublished\":\"2025-09-02T11:44:29+00:00\",\"dateModified\":\"2025-12-04T13:47:20+00:00\",\"description\":\"Les glissi\u00e8res lin\u00e9aires des s\u00e9ries LBS et SLA combinent un design compact, des codeurs haute r\u00e9solution (jusqu'\u00e0 50 nm) et la technologie Soft-Land\u2122. Disponibles chez LDA Belgique\",\"breadcrumb\":{\"@id\":\"https:\\\/\\\/lda.be\\\/fr\\\/produit\\\/lba-et-sla-serie-actionneurs-de-type-glissiere\\\/#breadcrumb\"},\"inLanguage\":\"fr-FR\",\"potentialAction\":[{\"@type\":\"ReadAction\",\"target\":[\"https:\\\/\\\/lda.be\\\/fr\\\/produit\\\/lba-et-sla-serie-actionneurs-de-type-glissiere\\\/\"]}]},{\"@type\":\"ImageObject\",\"inLanguage\":\"fr-FR\",\"@id\":\"https:\\\/\\\/lda.be\\\/fr\\\/produit\\\/lba-et-sla-serie-actionneurs-de-type-glissiere\\\/#primaryimage\",\"url\":\"https:\\\/\\\/lda.be\\\/wp-content\\\/uploads\\\/2025\\\/09\\\/New-sla-lbs.webp\",\"contentUrl\":\"https:\\\/\\\/lda.be\\\/wp-content\\\/uploads\\\/2025\\\/09\\\/New-sla-lbs.webp\",\"width\":800,\"height\":800,\"caption\":\"New sla & lbs serie van SMAC\"},{\"@type\":\"BreadcrumbList\",\"@id\":\"https:\\\/\\\/lda.be\\\/fr\\\/produit\\\/lba-et-sla-serie-actionneurs-de-type-glissiere\\\/#breadcrumb\",\"itemListElement\":[{\"@type\":\"ListItem\",\"position\":1,\"name\":\"Accueil\",\"item\":\"https:\\\/\\\/lda.be\\\/fr\\\/\"},{\"@type\":\"ListItem\",\"position\":2,\"name\":\"Produits\",\"item\":\"https:\\\/\\\/lda.be\\\/fr\\\/produits\\\/\"},{\"@type\":\"ListItem\",\"position\":3,\"name\":\"LBS et SLA S\u00e9rie actionneurs de type glissi\u00e8re\"}]},{\"@type\":\"WebSite\",\"@id\":\"https:\\\/\\\/lda.be\\\/fr\\\/#website\",\"url\":\"https:\\\/\\\/lda.be\\\/fr\\\/\",\"name\":\"LDA Belgium\",\"description\":\"Solutions For Life\",\"publisher\":{\"@id\":\"https:\\\/\\\/lda.be\\\/fr\\\/#organization\"},\"potentialAction\":[{\"@type\":\"SearchAction\",\"target\":{\"@type\":\"EntryPoint\",\"urlTemplate\":\"https:\\\/\\\/lda.be\\\/fr\\\/?s={search_term_string}\"},\"query-input\":{\"@type\":\"PropertyValueSpecification\",\"valueRequired\":true,\"valueName\":\"search_term_string\"}}],\"inLanguage\":\"fr-FR\"},{\"@type\":\"Organization\",\"@id\":\"https:\\\/\\\/lda.be\\\/fr\\\/#organization\",\"name\":\"LDA Belgium\",\"url\":\"https:\\\/\\\/lda.be\\\/fr\\\/\",\"logo\":{\"@type\":\"ImageObject\",\"inLanguage\":\"fr-FR\",\"@id\":\"https:\\\/\\\/lda.be\\\/fr\\\/#\\\/schema\\\/logo\\\/image\\\/\",\"url\":\"https:\\\/\\\/lda.be\\\/wp-content\\\/uploads\\\/2022\\\/07\\\/Logo-LDA.webp\",\"contentUrl\":\"https:\\\/\\\/lda.be\\\/wp-content\\\/uploads\\\/2022\\\/07\\\/Logo-LDA.webp\",\"width\":311,\"height\":101,\"caption\":\"LDA Belgium\"},\"image\":{\"@id\":\"https:\\\/\\\/lda.be\\\/fr\\\/#\\\/schema\\\/logo\\\/image\\\/\"},\"sameAs\":[\"https:\\\/\\\/www.linkedin.com\\\/company\\\/lda-belgium-nv\"]}]}<\/script>\n<!-- \/ Yoast SEO plugin. -->","yoast_head_json":{"title":"LBS et SLA S\u00e9rie actionneurs de type glissi\u00e8re - LDA Belgique","description":"Les glissi\u00e8res lin\u00e9aires des s\u00e9ries LBS et SLA combinent un design compact, des codeurs haute r\u00e9solution (jusqu'\u00e0 50 nm) et la technologie Soft-Land\u2122. Disponibles chez LDA Belgique","robots":{"index":"index","follow":"follow","max-snippet":"max-snippet:-1","max-image-preview":"max-image-preview:large","max-video-preview":"max-video-preview:-1"},"canonical":"https:\/\/lda.be\/fr\/produit\/lba-et-sla-serie-actionneurs-de-type-glissiere\/","og_locale":"fr_FR","og_type":"article","og_title":"LBS et SLA S\u00e9rie actionneurs de type glissi\u00e8re - LDA Belgique","og_description":"Les glissi\u00e8res lin\u00e9aires des s\u00e9ries LBS et SLA combinent un design compact, des codeurs haute r\u00e9solution (jusqu'\u00e0 50 nm) et la technologie Soft-Land\u2122. Disponibles chez LDA Belgique","og_url":"https:\/\/lda.be\/fr\/produit\/lba-et-sla-serie-actionneurs-de-type-glissiere\/","og_site_name":"LDA Belgique","article_modified_time":"2025-12-04T13:47:20+00:00","og_image":[{"width":800,"height":800,"url":"https:\/\/lda.be\/wp-content\/uploads\/2025\/09\/New-sla-lbs.webp","type":"image\/webp"}],"twitter_card":"summary_large_image","twitter_misc":{"Dur\u00e9e de lecture estim\u00e9e":"1 minute"},"schema":{"@context":"https:\/\/schema.org","@graph":[{"@type":"WebPage","@id":"https:\/\/lda.be\/fr\/produit\/lba-et-sla-serie-actionneurs-de-type-glissiere\/","url":"https:\/\/lda.be\/fr\/produit\/lba-et-sla-serie-actionneurs-de-type-glissiere\/","name":"LBS et SLA S\u00e9rie actionneurs de type glissi\u00e8re - LDA Belgique","isPartOf":{"@id":"https:\/\/lda.be\/fr\/#website"},"primaryImageOfPage":{"@id":"https:\/\/lda.be\/fr\/produit\/lba-et-sla-serie-actionneurs-de-type-glissiere\/#primaryimage"},"image":{"@id":"https:\/\/lda.be\/fr\/produit\/lba-et-sla-serie-actionneurs-de-type-glissiere\/#primaryimage"},"thumbnailUrl":"https:\/\/lda.be\/wp-content\/uploads\/2025\/09\/New-sla-lbs.webp","datePublished":"2025-09-02T11:44:29+00:00","dateModified":"2025-12-04T13:47:20+00:00","description":"Les glissi\u00e8res lin\u00e9aires des s\u00e9ries LBS et SLA combinent un design compact, des codeurs haute r\u00e9solution (jusqu'\u00e0 50 nm) et la technologie Soft-Land\u2122. Disponibles chez LDA Belgique","breadcrumb":{"@id":"https:\/\/lda.be\/fr\/produit\/lba-et-sla-serie-actionneurs-de-type-glissiere\/#breadcrumb"},"inLanguage":"fr-FR","potentialAction":[{"@type":"ReadAction","target":["https:\/\/lda.be\/fr\/produit\/lba-et-sla-serie-actionneurs-de-type-glissiere\/"]}]},{"@type":"ImageObject","inLanguage":"fr-FR","@id":"https:\/\/lda.be\/fr\/produit\/lba-et-sla-serie-actionneurs-de-type-glissiere\/#primaryimage","url":"https:\/\/lda.be\/wp-content\/uploads\/2025\/09\/New-sla-lbs.webp","contentUrl":"https:\/\/lda.be\/wp-content\/uploads\/2025\/09\/New-sla-lbs.webp","width":800,"height":800,"caption":"New sla & lbs serie van SMAC"},{"@type":"BreadcrumbList","@id":"https:\/\/lda.be\/fr\/produit\/lba-et-sla-serie-actionneurs-de-type-glissiere\/#breadcrumb","itemListElement":[{"@type":"ListItem","position":1,"name":"Accueil","item":"https:\/\/lda.be\/fr\/"},{"@type":"ListItem","position":2,"name":"Produits","item":"https:\/\/lda.be\/fr\/produits\/"},{"@type":"ListItem","position":3,"name":"LBS et SLA S\u00e9rie actionneurs de type glissi\u00e8re"}]},{"@type":"WebSite","@id":"https:\/\/lda.be\/fr\/#website","url":"https:\/\/lda.be\/fr\/","name":"LDA Belgium","description":"Solutions For Life","publisher":{"@id":"https:\/\/lda.be\/fr\/#organization"},"potentialAction":[{"@type":"SearchAction","target":{"@type":"EntryPoint","urlTemplate":"https:\/\/lda.be\/fr\/?s={search_term_string}"},"query-input":{"@type":"PropertyValueSpecification","valueRequired":true,"valueName":"search_term_string"}}],"inLanguage":"fr-FR"},{"@type":"Organization","@id":"https:\/\/lda.be\/fr\/#organization","name":"LDA Belgium","url":"https:\/\/lda.be\/fr\/","logo":{"@type":"ImageObject","inLanguage":"fr-FR","@id":"https:\/\/lda.be\/fr\/#\/schema\/logo\/image\/","url":"https:\/\/lda.be\/wp-content\/uploads\/2022\/07\/Logo-LDA.webp","contentUrl":"https:\/\/lda.be\/wp-content\/uploads\/2022\/07\/Logo-LDA.webp","width":311,"height":101,"caption":"LDA Belgium"},"image":{"@id":"https:\/\/lda.be\/fr\/#\/schema\/logo\/image\/"},"sameAs":["https:\/\/www.linkedin.com\/company\/lda-belgium-nv"]}]}},"_links":{"self":[{"href":"https:\/\/lda.be\/fr\/wp-json\/wp\/v2\/product\/11612","targetHints":{"allow":["GET"]}}],"collection":[{"href":"https:\/\/lda.be\/fr\/wp-json\/wp\/v2\/product"}],"about":[{"href":"https:\/\/lda.be\/fr\/wp-json\/wp\/v2\/types\/product"}],"replies":[{"embeddable":true,"href":"https:\/\/lda.be\/fr\/wp-json\/wp\/v2\/comments?post=11612"}],"wp:featuredmedia":[{"embeddable":true,"href":"https:\/\/lda.be\/fr\/wp-json\/wp\/v2\/media\/11605"}],"wp:attachment":[{"href":"https:\/\/lda.be\/fr\/wp-json\/wp\/v2\/media?parent=11612"}],"wp:term":[{"taxonomy":"product_brand","embeddable":true,"href":"https:\/\/lda.be\/fr\/wp-json\/wp\/v2\/product_brand?post=11612"},{"taxonomy":"product_cat","embeddable":true,"href":"https:\/\/lda.be\/fr\/wp-json\/wp\/v2\/product_cat?post=11612"},{"taxonomy":"product_tag","embeddable":true,"href":"https:\/\/lda.be\/fr\/wp-json\/wp\/v2\/product_tag?post=11612"}],"curies":[{"name":"wp","href":"https:\/\/api.w.org\/{rel}","templated":true}]}}