{"id":11632,"date":"2025-09-02T15:42:59","date_gmt":"2025-09-02T14:42:59","guid":{"rendered":"https:\/\/lda.be\/?post_type=product&#038;p=11632"},"modified":"2025-09-02T15:48:08","modified_gmt":"2025-09-02T14:48:08","slug":"micro-pince-electrique-mgr7","status":"publish","type":"product","link":"https:\/\/lda.be\/fr\/produit\/micro-pince-electrique-mgr7\/","title":{"rendered":"Micro-pince \u00e9lectrique MGR7"},"content":{"rendered":"<p>La s\u00e9rie MGR7 est une micro-pince \u00e9lectrique compacte et l\u00e9g\u00e8re, sp\u00e9cialement con\u00e7ue pour les applications n\u00e9cessitant une force de pr\u00e9hension pr\u00e9cise et d\u00e9licate. Gr\u00e2ce \u00e0 ses m\u00e2choires \u00e0 commande ind\u00e9pendante, la MGR7 peut effectuer des mouvements extr\u00eamement fins, m\u00eame avec des forces inf\u00e9rieures \u00e0 10 grammes, ce qui la rend id\u00e9ale pour l&#8217;assemblage de pi\u00e8ces fragiles.<\/p>\n<p>Le MGR7 utilise la technologie brevet\u00e9e Soft-Land\u2122 de SMAC, qui permet de d\u00e9tecter et d&#8217;approcher les surfaces avec pr\u00e9caution sans les endommager. Associ\u00e9e au contr\u00f4le enti\u00e8rement programmable de la force, de la position et de la vitesse, cette technologie offre une pr\u00e9cision et une r\u00e9p\u00e9tabilit\u00e9 bien sup\u00e9rieures \u00e0 celles des pinces pneumatiques.<\/p>\n","protected":false},"excerpt":{"rendered":"<p>La s\u00e9rie MGR7 est une micro-pince \u00e9lectrique compacte et l\u00e9g\u00e8re, sp\u00e9cialement con\u00e7ue pour les applications n\u00e9cessitant une force de pr\u00e9hension pr\u00e9cise et d\u00e9licate. Gr\u00e2ce \u00e0 ses m\u00e2choires \u00e0 commande ind\u00e9pendante, la MGR7 peut effectuer des mouvements extr\u00eamement fins, m\u00eame avec des forces inf\u00e9rieures \u00e0 10 grammes, ce qui la rend id\u00e9ale pour l&#8217;assemblage de pi\u00e8ces [&hellip;]<\/p>\n","protected":false},"featured_media":11630,"comment_status":"closed","ping_status":"closed","template":"","meta":[],"product_brand":[1782,1759],"product_cat":[838,846],"product_tag":[],"class_list":{"0":"post-11632","1":"product","2":"type-product","3":"status-publish","4":"has-post-thumbnail","6":"product_brand-electric-grippers","7":"product_brand-smac","8":"product_cat-electricite","9":"product_cat-pince-de-prehension-electrique","11":"first","12":"instock","13":"shipping-taxable","14":"product-type-simple"},"yoast_head":"<!-- This site is optimized with the Yoast SEO plugin v27.3 - https:\/\/yoast.com\/product\/yoast-seo-wordpress\/ -->\n<title>Micro-pince \u00e9lectrique MGR7 - LDA Belgique<\/title>\n<meta name=\"description\" content=\"La micro-pince SMAC MGR7 est une pince \u00e9lectrique compacte et l\u00e9g\u00e8re dot\u00e9e de la technologie Soft-Land\u2122, de m\u00e2choires \u00e0 commande ind\u00e9pendante et d&#039;une r\u00e9solution de 1 \u00b5m. Id\u00e9ale pour les assemblages d\u00e9licats et de pr\u00e9cision.\" \/>\n<meta name=\"robots\" content=\"index, follow, max-snippet:-1, max-image-preview:large, max-video-preview:-1\" \/>\n<link rel=\"canonical\" href=\"https:\/\/lda.be\/fr\/produit\/micro-pince-electrique-mgr7\/\" \/>\n<meta property=\"og:locale\" content=\"fr_FR\" \/>\n<meta property=\"og:type\" content=\"article\" \/>\n<meta property=\"og:title\" content=\"Micro-pince \u00e9lectrique MGR7 - LDA Belgique\" \/>\n<meta property=\"og:description\" content=\"La micro-pince SMAC MGR7 est une pince \u00e9lectrique compacte et l\u00e9g\u00e8re dot\u00e9e de la technologie Soft-Land\u2122, de m\u00e2choires \u00e0 commande ind\u00e9pendante et d&#039;une r\u00e9solution de 1 \u00b5m. Id\u00e9ale pour les assemblages d\u00e9licats et de pr\u00e9cision.\" \/>\n<meta property=\"og:url\" content=\"https:\/\/lda.be\/fr\/produit\/micro-pince-electrique-mgr7\/\" \/>\n<meta property=\"og:site_name\" content=\"LDA Belgique\" \/>\n<meta property=\"article:modified_time\" content=\"2025-09-02T14:48:08+00:00\" \/>\n<meta property=\"og:image\" content=\"https:\/\/lda.be\/wp-content\/uploads\/2025\/09\/MGR-serie.webp\" \/>\n\t<meta property=\"og:image:width\" content=\"800\" \/>\n\t<meta property=\"og:image:height\" content=\"800\" \/>\n\t<meta property=\"og:image:type\" content=\"image\/webp\" \/>\n<meta name=\"twitter:card\" content=\"summary_large_image\" \/>\n<meta name=\"twitter:label1\" content=\"Dur\u00e9e de lecture estim\u00e9e\" \/>\n\t<meta name=\"twitter:data1\" content=\"1 minute\" \/>\n<script type=\"application\/ld+json\" class=\"yoast-schema-graph\">{\"@context\":\"https:\\\/\\\/schema.org\",\"@graph\":[{\"@type\":\"WebPage\",\"@id\":\"https:\\\/\\\/lda.be\\\/fr\\\/produit\\\/micro-pince-electrique-mgr7\\\/\",\"url\":\"https:\\\/\\\/lda.be\\\/fr\\\/produit\\\/micro-pince-electrique-mgr7\\\/\",\"name\":\"Micro-pince \u00e9lectrique MGR7 - LDA Belgique\",\"isPartOf\":{\"@id\":\"https:\\\/\\\/lda.be\\\/fr\\\/#website\"},\"primaryImageOfPage\":{\"@id\":\"https:\\\/\\\/lda.be\\\/fr\\\/produit\\\/micro-pince-electrique-mgr7\\\/#primaryimage\"},\"image\":{\"@id\":\"https:\\\/\\\/lda.be\\\/fr\\\/produit\\\/micro-pince-electrique-mgr7\\\/#primaryimage\"},\"thumbnailUrl\":\"https:\\\/\\\/lda.be\\\/wp-content\\\/uploads\\\/2025\\\/09\\\/MGR-serie.webp\",\"datePublished\":\"2025-09-02T14:42:59+00:00\",\"dateModified\":\"2025-09-02T14:48:08+00:00\",\"description\":\"La micro-pince SMAC MGR7 est une pince \u00e9lectrique compacte et l\u00e9g\u00e8re dot\u00e9e de la technologie Soft-Land\u2122, de m\u00e2choires \u00e0 commande ind\u00e9pendante et d'une r\u00e9solution de 1 \u00b5m. Id\u00e9ale pour les assemblages d\u00e9licats et de pr\u00e9cision.\",\"breadcrumb\":{\"@id\":\"https:\\\/\\\/lda.be\\\/fr\\\/produit\\\/micro-pince-electrique-mgr7\\\/#breadcrumb\"},\"inLanguage\":\"fr-FR\",\"potentialAction\":[{\"@type\":\"ReadAction\",\"target\":[\"https:\\\/\\\/lda.be\\\/fr\\\/produit\\\/micro-pince-electrique-mgr7\\\/\"]}]},{\"@type\":\"ImageObject\",\"inLanguage\":\"fr-FR\",\"@id\":\"https:\\\/\\\/lda.be\\\/fr\\\/produit\\\/micro-pince-electrique-mgr7\\\/#primaryimage\",\"url\":\"https:\\\/\\\/lda.be\\\/wp-content\\\/uploads\\\/2025\\\/09\\\/MGR-serie.webp\",\"contentUrl\":\"https:\\\/\\\/lda.be\\\/wp-content\\\/uploads\\\/2025\\\/09\\\/MGR-serie.webp\",\"width\":800,\"height\":800,\"caption\":\"MGR7 serie elektrische grijper\"},{\"@type\":\"BreadcrumbList\",\"@id\":\"https:\\\/\\\/lda.be\\\/fr\\\/produit\\\/micro-pince-electrique-mgr7\\\/#breadcrumb\",\"itemListElement\":[{\"@type\":\"ListItem\",\"position\":1,\"name\":\"Accueil\",\"item\":\"https:\\\/\\\/lda.be\\\/fr\\\/\"},{\"@type\":\"ListItem\",\"position\":2,\"name\":\"Produits\",\"item\":\"https:\\\/\\\/lda.be\\\/fr\\\/produits\\\/\"},{\"@type\":\"ListItem\",\"position\":3,\"name\":\"Micro-pince \u00e9lectrique MGR7\"}]},{\"@type\":\"WebSite\",\"@id\":\"https:\\\/\\\/lda.be\\\/fr\\\/#website\",\"url\":\"https:\\\/\\\/lda.be\\\/fr\\\/\",\"name\":\"LDA Belgium\",\"description\":\"Solutions For Life\",\"publisher\":{\"@id\":\"https:\\\/\\\/lda.be\\\/fr\\\/#organization\"},\"potentialAction\":[{\"@type\":\"SearchAction\",\"target\":{\"@type\":\"EntryPoint\",\"urlTemplate\":\"https:\\\/\\\/lda.be\\\/fr\\\/?s={search_term_string}\"},\"query-input\":{\"@type\":\"PropertyValueSpecification\",\"valueRequired\":true,\"valueName\":\"search_term_string\"}}],\"inLanguage\":\"fr-FR\"},{\"@type\":\"Organization\",\"@id\":\"https:\\\/\\\/lda.be\\\/fr\\\/#organization\",\"name\":\"LDA Belgium\",\"url\":\"https:\\\/\\\/lda.be\\\/fr\\\/\",\"logo\":{\"@type\":\"ImageObject\",\"inLanguage\":\"fr-FR\",\"@id\":\"https:\\\/\\\/lda.be\\\/fr\\\/#\\\/schema\\\/logo\\\/image\\\/\",\"url\":\"https:\\\/\\\/lda.be\\\/wp-content\\\/uploads\\\/2022\\\/07\\\/Logo-LDA.webp\",\"contentUrl\":\"https:\\\/\\\/lda.be\\\/wp-content\\\/uploads\\\/2022\\\/07\\\/Logo-LDA.webp\",\"width\":311,\"height\":101,\"caption\":\"LDA Belgium\"},\"image\":{\"@id\":\"https:\\\/\\\/lda.be\\\/fr\\\/#\\\/schema\\\/logo\\\/image\\\/\"},\"sameAs\":[\"https:\\\/\\\/www.linkedin.com\\\/company\\\/lda-belgium-nv\"]}]}<\/script>\n<!-- \/ Yoast SEO plugin. -->","yoast_head_json":{"title":"Micro-pince \u00e9lectrique MGR7 - LDA Belgique","description":"La micro-pince SMAC MGR7 est une pince \u00e9lectrique compacte et l\u00e9g\u00e8re dot\u00e9e de la technologie Soft-Land\u2122, de m\u00e2choires \u00e0 commande ind\u00e9pendante et d'une r\u00e9solution de 1 \u00b5m. Id\u00e9ale pour les assemblages d\u00e9licats et de pr\u00e9cision.","robots":{"index":"index","follow":"follow","max-snippet":"max-snippet:-1","max-image-preview":"max-image-preview:large","max-video-preview":"max-video-preview:-1"},"canonical":"https:\/\/lda.be\/fr\/produit\/micro-pince-electrique-mgr7\/","og_locale":"fr_FR","og_type":"article","og_title":"Micro-pince \u00e9lectrique MGR7 - LDA Belgique","og_description":"La micro-pince SMAC MGR7 est une pince \u00e9lectrique compacte et l\u00e9g\u00e8re dot\u00e9e de la technologie Soft-Land\u2122, de m\u00e2choires \u00e0 commande ind\u00e9pendante et d'une r\u00e9solution de 1 \u00b5m. Id\u00e9ale pour les assemblages d\u00e9licats et de pr\u00e9cision.","og_url":"https:\/\/lda.be\/fr\/produit\/micro-pince-electrique-mgr7\/","og_site_name":"LDA Belgique","article_modified_time":"2025-09-02T14:48:08+00:00","og_image":[{"width":800,"height":800,"url":"https:\/\/lda.be\/wp-content\/uploads\/2025\/09\/MGR-serie.webp","type":"image\/webp"}],"twitter_card":"summary_large_image","twitter_misc":{"Dur\u00e9e de lecture estim\u00e9e":"1 minute"},"schema":{"@context":"https:\/\/schema.org","@graph":[{"@type":"WebPage","@id":"https:\/\/lda.be\/fr\/produit\/micro-pince-electrique-mgr7\/","url":"https:\/\/lda.be\/fr\/produit\/micro-pince-electrique-mgr7\/","name":"Micro-pince \u00e9lectrique MGR7 - LDA Belgique","isPartOf":{"@id":"https:\/\/lda.be\/fr\/#website"},"primaryImageOfPage":{"@id":"https:\/\/lda.be\/fr\/produit\/micro-pince-electrique-mgr7\/#primaryimage"},"image":{"@id":"https:\/\/lda.be\/fr\/produit\/micro-pince-electrique-mgr7\/#primaryimage"},"thumbnailUrl":"https:\/\/lda.be\/wp-content\/uploads\/2025\/09\/MGR-serie.webp","datePublished":"2025-09-02T14:42:59+00:00","dateModified":"2025-09-02T14:48:08+00:00","description":"La micro-pince SMAC MGR7 est une pince \u00e9lectrique compacte et l\u00e9g\u00e8re dot\u00e9e de la technologie Soft-Land\u2122, de m\u00e2choires \u00e0 commande ind\u00e9pendante et d'une r\u00e9solution de 1 \u00b5m. Id\u00e9ale pour les assemblages d\u00e9licats et de pr\u00e9cision.","breadcrumb":{"@id":"https:\/\/lda.be\/fr\/produit\/micro-pince-electrique-mgr7\/#breadcrumb"},"inLanguage":"fr-FR","potentialAction":[{"@type":"ReadAction","target":["https:\/\/lda.be\/fr\/produit\/micro-pince-electrique-mgr7\/"]}]},{"@type":"ImageObject","inLanguage":"fr-FR","@id":"https:\/\/lda.be\/fr\/produit\/micro-pince-electrique-mgr7\/#primaryimage","url":"https:\/\/lda.be\/wp-content\/uploads\/2025\/09\/MGR-serie.webp","contentUrl":"https:\/\/lda.be\/wp-content\/uploads\/2025\/09\/MGR-serie.webp","width":800,"height":800,"caption":"MGR7 serie elektrische grijper"},{"@type":"BreadcrumbList","@id":"https:\/\/lda.be\/fr\/produit\/micro-pince-electrique-mgr7\/#breadcrumb","itemListElement":[{"@type":"ListItem","position":1,"name":"Accueil","item":"https:\/\/lda.be\/fr\/"},{"@type":"ListItem","position":2,"name":"Produits","item":"https:\/\/lda.be\/fr\/produits\/"},{"@type":"ListItem","position":3,"name":"Micro-pince \u00e9lectrique MGR7"}]},{"@type":"WebSite","@id":"https:\/\/lda.be\/fr\/#website","url":"https:\/\/lda.be\/fr\/","name":"LDA Belgium","description":"Solutions For Life","publisher":{"@id":"https:\/\/lda.be\/fr\/#organization"},"potentialAction":[{"@type":"SearchAction","target":{"@type":"EntryPoint","urlTemplate":"https:\/\/lda.be\/fr\/?s={search_term_string}"},"query-input":{"@type":"PropertyValueSpecification","valueRequired":true,"valueName":"search_term_string"}}],"inLanguage":"fr-FR"},{"@type":"Organization","@id":"https:\/\/lda.be\/fr\/#organization","name":"LDA Belgium","url":"https:\/\/lda.be\/fr\/","logo":{"@type":"ImageObject","inLanguage":"fr-FR","@id":"https:\/\/lda.be\/fr\/#\/schema\/logo\/image\/","url":"https:\/\/lda.be\/wp-content\/uploads\/2022\/07\/Logo-LDA.webp","contentUrl":"https:\/\/lda.be\/wp-content\/uploads\/2022\/07\/Logo-LDA.webp","width":311,"height":101,"caption":"LDA Belgium"},"image":{"@id":"https:\/\/lda.be\/fr\/#\/schema\/logo\/image\/"},"sameAs":["https:\/\/www.linkedin.com\/company\/lda-belgium-nv"]}]}},"_links":{"self":[{"href":"https:\/\/lda.be\/fr\/wp-json\/wp\/v2\/product\/11632","targetHints":{"allow":["GET"]}}],"collection":[{"href":"https:\/\/lda.be\/fr\/wp-json\/wp\/v2\/product"}],"about":[{"href":"https:\/\/lda.be\/fr\/wp-json\/wp\/v2\/types\/product"}],"replies":[{"embeddable":true,"href":"https:\/\/lda.be\/fr\/wp-json\/wp\/v2\/comments?post=11632"}],"wp:featuredmedia":[{"embeddable":true,"href":"https:\/\/lda.be\/fr\/wp-json\/wp\/v2\/media\/11630"}],"wp:attachment":[{"href":"https:\/\/lda.be\/fr\/wp-json\/wp\/v2\/media?parent=11632"}],"wp:term":[{"taxonomy":"product_brand","embeddable":true,"href":"https:\/\/lda.be\/fr\/wp-json\/wp\/v2\/product_brand?post=11632"},{"taxonomy":"product_cat","embeddable":true,"href":"https:\/\/lda.be\/fr\/wp-json\/wp\/v2\/product_cat?post=11632"},{"taxonomy":"product_tag","embeddable":true,"href":"https:\/\/lda.be\/fr\/wp-json\/wp\/v2\/product_tag?post=11632"}],"curies":[{"name":"wp","href":"https:\/\/api.w.org\/{rel}","templated":true}]}}