{"id":11689,"date":"2025-09-03T13:41:04","date_gmt":"2025-09-03T12:41:04","guid":{"rendered":"https:\/\/lda.be\/?post_type=product&#038;p=11689"},"modified":"2025-09-03T14:06:26","modified_gmt":"2025-09-03T13:06:26","slug":"grp-serie-de-prehenseurs-electriques","status":"publish","type":"product","link":"https:\/\/lda.be\/fr\/produit\/grp-serie-de-prehenseurs-electriques\/","title":{"rendered":"GRP S\u00e9rie de pr\u00e9henseurs \u00e9lectriques"},"content":{"rendered":"<p>La s\u00e9rie GRP a \u00e9t\u00e9 con\u00e7ue pour les situations o\u00f9 pr\u00e9cision, puissance et flexibilit\u00e9 vont de pair. Ces actionneurs \u00e9lectriques pour pinces combinent une force maximale de 45 N avec une course de fonctionnement pouvant atteindre 30 mm, ce qui les rend parfaits pour une large gamme d&#8217;applications, de l&#8217;assemblage de pr\u00e9cision au contr\u00f4le qualit\u00e9. Contrairement aux pinces pneumatiques, ils offrent une solution enti\u00e8rement \u00e9lectrique qui dure plus longtemps, est plus pr\u00e9cise et entra\u00eene des co\u00fbts d&#8217;exploitation moins \u00e9lev\u00e9s.<\/p>\n<p>Ce qui rend la s\u00e9rie GRP vraiment unique, c&#8217;est son encodeur lin\u00e9aire int\u00e9gr\u00e9 qui peut fournir une r\u00e9solution allant jusqu&#8217;\u00e0 0,1 \u00b5m. Cela garantit une pr\u00e9cision submicronique, ce qui est essentiel pour les t\u00e2ches de mesure et de positionnement exigeantes. Gr\u00e2ce \u00e0 la technologie brevet\u00e9e Soft-Land\u2122, les objets peuvent \u00eatre manipul\u00e9s avec pr\u00e9caution, ce qui permet de d\u00e9tecter \u00e0 la fois la position et les dimensions d&#8217;un produit sans risque de l&#8217;endommager. Cela est particuli\u00e8rement utile lorsque l&#8217;on travaille avec des pi\u00e8ces fragiles ou miniatures.<\/p>\n","protected":false},"excerpt":{"rendered":"<p>La s\u00e9rie GRP a \u00e9t\u00e9 con\u00e7ue pour les situations o\u00f9 pr\u00e9cision, puissance et flexibilit\u00e9 vont de pair. Ces actionneurs \u00e9lectriques pour pinces combinent une force maximale de 45 N avec une course de fonctionnement pouvant atteindre 30 mm, ce qui les rend parfaits pour une large gamme d&#8217;applications, de l&#8217;assemblage de pr\u00e9cision au contr\u00f4le qualit\u00e9. [&hellip;]<\/p>\n","protected":false},"featured_media":11618,"comment_status":"closed","ping_status":"closed","template":"","meta":[],"product_brand":[1782,1759],"product_cat":[838,846],"product_tag":[],"class_list":{"0":"post-11689","1":"product","2":"type-product","3":"status-publish","4":"has-post-thumbnail","6":"product_brand-electric-grippers","7":"product_brand-smac","8":"product_cat-electricite","9":"product_cat-pince-de-prehension-electrique","11":"first","12":"instock","13":"shipping-taxable","14":"product-type-simple"},"yoast_head":"<!-- This site is optimized with the Yoast SEO plugin v27.3 - https:\/\/yoast.com\/product\/yoast-seo-wordpress\/ -->\n<title>GRP S\u00e9rie de pr\u00e9henseurs \u00e9lectriques - LDA Belgique<\/title>\n<meta name=\"description\" content=\"Puissants et pr\u00e9cis : les actionneurs \u00e9lectriques de la s\u00e9rie GRP de SMAC offrent une force pouvant atteindre 45 N . \u00c9quip\u00e9s de Soft-Land 48V et disponibles en Belgique.\" \/>\n<meta name=\"robots\" content=\"index, follow, max-snippet:-1, max-image-preview:large, max-video-preview:-1\" \/>\n<link rel=\"canonical\" href=\"https:\/\/lda.be\/fr\/produit\/grp-serie-de-prehenseurs-electriques\/\" \/>\n<meta property=\"og:locale\" content=\"fr_FR\" \/>\n<meta property=\"og:type\" content=\"article\" \/>\n<meta property=\"og:title\" content=\"GRP S\u00e9rie de pr\u00e9henseurs \u00e9lectriques - LDA Belgique\" \/>\n<meta property=\"og:description\" content=\"Puissants et pr\u00e9cis : les actionneurs \u00e9lectriques de la s\u00e9rie GRP de SMAC offrent une force pouvant atteindre 45 N . \u00c9quip\u00e9s de Soft-Land 48V et disponibles en Belgique.\" \/>\n<meta property=\"og:url\" content=\"https:\/\/lda.be\/fr\/produit\/grp-serie-de-prehenseurs-electriques\/\" \/>\n<meta property=\"og:site_name\" content=\"LDA Belgique\" \/>\n<meta property=\"article:modified_time\" content=\"2025-09-03T13:06:26+00:00\" \/>\n<meta property=\"og:image\" content=\"https:\/\/lda.be\/wp-content\/uploads\/2025\/09\/GRP.webp\" \/>\n\t<meta property=\"og:image:width\" content=\"800\" \/>\n\t<meta property=\"og:image:height\" content=\"800\" \/>\n\t<meta property=\"og:image:type\" content=\"image\/webp\" \/>\n<meta name=\"twitter:card\" content=\"summary_large_image\" \/>\n<meta name=\"twitter:label1\" content=\"Dur\u00e9e de lecture estim\u00e9e\" \/>\n\t<meta name=\"twitter:data1\" content=\"1 minute\" \/>\n<script type=\"application\/ld+json\" class=\"yoast-schema-graph\">{\"@context\":\"https:\\\/\\\/schema.org\",\"@graph\":[{\"@type\":\"WebPage\",\"@id\":\"https:\\\/\\\/lda.be\\\/fr\\\/produit\\\/grp-serie-de-prehenseurs-electriques\\\/\",\"url\":\"https:\\\/\\\/lda.be\\\/fr\\\/produit\\\/grp-serie-de-prehenseurs-electriques\\\/\",\"name\":\"GRP S\u00e9rie de pr\u00e9henseurs \u00e9lectriques - LDA Belgique\",\"isPartOf\":{\"@id\":\"https:\\\/\\\/lda.be\\\/fr\\\/#website\"},\"primaryImageOfPage\":{\"@id\":\"https:\\\/\\\/lda.be\\\/fr\\\/produit\\\/grp-serie-de-prehenseurs-electriques\\\/#primaryimage\"},\"image\":{\"@id\":\"https:\\\/\\\/lda.be\\\/fr\\\/produit\\\/grp-serie-de-prehenseurs-electriques\\\/#primaryimage\"},\"thumbnailUrl\":\"https:\\\/\\\/lda.be\\\/wp-content\\\/uploads\\\/2025\\\/09\\\/GRP.webp\",\"datePublished\":\"2025-09-03T12:41:04+00:00\",\"dateModified\":\"2025-09-03T13:06:26+00:00\",\"description\":\"Puissants et pr\u00e9cis : les actionneurs \u00e9lectriques de la s\u00e9rie GRP de SMAC offrent une force pouvant atteindre 45 N . \u00c9quip\u00e9s de Soft-Land 48V et disponibles en Belgique.\",\"breadcrumb\":{\"@id\":\"https:\\\/\\\/lda.be\\\/fr\\\/produit\\\/grp-serie-de-prehenseurs-electriques\\\/#breadcrumb\"},\"inLanguage\":\"fr-FR\",\"potentialAction\":[{\"@type\":\"ReadAction\",\"target\":[\"https:\\\/\\\/lda.be\\\/fr\\\/produit\\\/grp-serie-de-prehenseurs-electriques\\\/\"]}]},{\"@type\":\"ImageObject\",\"inLanguage\":\"fr-FR\",\"@id\":\"https:\\\/\\\/lda.be\\\/fr\\\/produit\\\/grp-serie-de-prehenseurs-electriques\\\/#primaryimage\",\"url\":\"https:\\\/\\\/lda.be\\\/wp-content\\\/uploads\\\/2025\\\/09\\\/GRP.webp\",\"contentUrl\":\"https:\\\/\\\/lda.be\\\/wp-content\\\/uploads\\\/2025\\\/09\\\/GRP.webp\",\"width\":800,\"height\":800},{\"@type\":\"BreadcrumbList\",\"@id\":\"https:\\\/\\\/lda.be\\\/fr\\\/produit\\\/grp-serie-de-prehenseurs-electriques\\\/#breadcrumb\",\"itemListElement\":[{\"@type\":\"ListItem\",\"position\":1,\"name\":\"Accueil\",\"item\":\"https:\\\/\\\/lda.be\\\/fr\\\/\"},{\"@type\":\"ListItem\",\"position\":2,\"name\":\"Produits\",\"item\":\"https:\\\/\\\/lda.be\\\/fr\\\/produits\\\/\"},{\"@type\":\"ListItem\",\"position\":3,\"name\":\"GRP S\u00e9rie de pr\u00e9henseurs \u00e9lectriques\"}]},{\"@type\":\"WebSite\",\"@id\":\"https:\\\/\\\/lda.be\\\/fr\\\/#website\",\"url\":\"https:\\\/\\\/lda.be\\\/fr\\\/\",\"name\":\"LDA Belgium\",\"description\":\"Solutions For Life\",\"publisher\":{\"@id\":\"https:\\\/\\\/lda.be\\\/fr\\\/#organization\"},\"potentialAction\":[{\"@type\":\"SearchAction\",\"target\":{\"@type\":\"EntryPoint\",\"urlTemplate\":\"https:\\\/\\\/lda.be\\\/fr\\\/?s={search_term_string}\"},\"query-input\":{\"@type\":\"PropertyValueSpecification\",\"valueRequired\":true,\"valueName\":\"search_term_string\"}}],\"inLanguage\":\"fr-FR\"},{\"@type\":\"Organization\",\"@id\":\"https:\\\/\\\/lda.be\\\/fr\\\/#organization\",\"name\":\"LDA Belgium\",\"url\":\"https:\\\/\\\/lda.be\\\/fr\\\/\",\"logo\":{\"@type\":\"ImageObject\",\"inLanguage\":\"fr-FR\",\"@id\":\"https:\\\/\\\/lda.be\\\/fr\\\/#\\\/schema\\\/logo\\\/image\\\/\",\"url\":\"https:\\\/\\\/lda.be\\\/wp-content\\\/uploads\\\/2022\\\/07\\\/Logo-LDA.webp\",\"contentUrl\":\"https:\\\/\\\/lda.be\\\/wp-content\\\/uploads\\\/2022\\\/07\\\/Logo-LDA.webp\",\"width\":311,\"height\":101,\"caption\":\"LDA Belgium\"},\"image\":{\"@id\":\"https:\\\/\\\/lda.be\\\/fr\\\/#\\\/schema\\\/logo\\\/image\\\/\"},\"sameAs\":[\"https:\\\/\\\/www.linkedin.com\\\/company\\\/lda-belgium-nv\"]}]}<\/script>\n<!-- \/ Yoast SEO plugin. -->","yoast_head_json":{"title":"GRP S\u00e9rie de pr\u00e9henseurs \u00e9lectriques - LDA Belgique","description":"Puissants et pr\u00e9cis : les actionneurs \u00e9lectriques de la s\u00e9rie GRP de SMAC offrent une force pouvant atteindre 45 N . \u00c9quip\u00e9s de Soft-Land 48V et disponibles en Belgique.","robots":{"index":"index","follow":"follow","max-snippet":"max-snippet:-1","max-image-preview":"max-image-preview:large","max-video-preview":"max-video-preview:-1"},"canonical":"https:\/\/lda.be\/fr\/produit\/grp-serie-de-prehenseurs-electriques\/","og_locale":"fr_FR","og_type":"article","og_title":"GRP S\u00e9rie de pr\u00e9henseurs \u00e9lectriques - LDA Belgique","og_description":"Puissants et pr\u00e9cis : les actionneurs \u00e9lectriques de la s\u00e9rie GRP de SMAC offrent une force pouvant atteindre 45 N . \u00c9quip\u00e9s de Soft-Land 48V et disponibles en Belgique.","og_url":"https:\/\/lda.be\/fr\/produit\/grp-serie-de-prehenseurs-electriques\/","og_site_name":"LDA Belgique","article_modified_time":"2025-09-03T13:06:26+00:00","og_image":[{"width":800,"height":800,"url":"https:\/\/lda.be\/wp-content\/uploads\/2025\/09\/GRP.webp","type":"image\/webp"}],"twitter_card":"summary_large_image","twitter_misc":{"Dur\u00e9e de lecture estim\u00e9e":"1 minute"},"schema":{"@context":"https:\/\/schema.org","@graph":[{"@type":"WebPage","@id":"https:\/\/lda.be\/fr\/produit\/grp-serie-de-prehenseurs-electriques\/","url":"https:\/\/lda.be\/fr\/produit\/grp-serie-de-prehenseurs-electriques\/","name":"GRP S\u00e9rie de pr\u00e9henseurs \u00e9lectriques - LDA Belgique","isPartOf":{"@id":"https:\/\/lda.be\/fr\/#website"},"primaryImageOfPage":{"@id":"https:\/\/lda.be\/fr\/produit\/grp-serie-de-prehenseurs-electriques\/#primaryimage"},"image":{"@id":"https:\/\/lda.be\/fr\/produit\/grp-serie-de-prehenseurs-electriques\/#primaryimage"},"thumbnailUrl":"https:\/\/lda.be\/wp-content\/uploads\/2025\/09\/GRP.webp","datePublished":"2025-09-03T12:41:04+00:00","dateModified":"2025-09-03T13:06:26+00:00","description":"Puissants et pr\u00e9cis : les actionneurs \u00e9lectriques de la s\u00e9rie GRP de SMAC offrent une force pouvant atteindre 45 N . \u00c9quip\u00e9s de Soft-Land 48V et disponibles en Belgique.","breadcrumb":{"@id":"https:\/\/lda.be\/fr\/produit\/grp-serie-de-prehenseurs-electriques\/#breadcrumb"},"inLanguage":"fr-FR","potentialAction":[{"@type":"ReadAction","target":["https:\/\/lda.be\/fr\/produit\/grp-serie-de-prehenseurs-electriques\/"]}]},{"@type":"ImageObject","inLanguage":"fr-FR","@id":"https:\/\/lda.be\/fr\/produit\/grp-serie-de-prehenseurs-electriques\/#primaryimage","url":"https:\/\/lda.be\/wp-content\/uploads\/2025\/09\/GRP.webp","contentUrl":"https:\/\/lda.be\/wp-content\/uploads\/2025\/09\/GRP.webp","width":800,"height":800},{"@type":"BreadcrumbList","@id":"https:\/\/lda.be\/fr\/produit\/grp-serie-de-prehenseurs-electriques\/#breadcrumb","itemListElement":[{"@type":"ListItem","position":1,"name":"Accueil","item":"https:\/\/lda.be\/fr\/"},{"@type":"ListItem","position":2,"name":"Produits","item":"https:\/\/lda.be\/fr\/produits\/"},{"@type":"ListItem","position":3,"name":"GRP S\u00e9rie de pr\u00e9henseurs \u00e9lectriques"}]},{"@type":"WebSite","@id":"https:\/\/lda.be\/fr\/#website","url":"https:\/\/lda.be\/fr\/","name":"LDA Belgium","description":"Solutions For Life","publisher":{"@id":"https:\/\/lda.be\/fr\/#organization"},"potentialAction":[{"@type":"SearchAction","target":{"@type":"EntryPoint","urlTemplate":"https:\/\/lda.be\/fr\/?s={search_term_string}"},"query-input":{"@type":"PropertyValueSpecification","valueRequired":true,"valueName":"search_term_string"}}],"inLanguage":"fr-FR"},{"@type":"Organization","@id":"https:\/\/lda.be\/fr\/#organization","name":"LDA Belgium","url":"https:\/\/lda.be\/fr\/","logo":{"@type":"ImageObject","inLanguage":"fr-FR","@id":"https:\/\/lda.be\/fr\/#\/schema\/logo\/image\/","url":"https:\/\/lda.be\/wp-content\/uploads\/2022\/07\/Logo-LDA.webp","contentUrl":"https:\/\/lda.be\/wp-content\/uploads\/2022\/07\/Logo-LDA.webp","width":311,"height":101,"caption":"LDA Belgium"},"image":{"@id":"https:\/\/lda.be\/fr\/#\/schema\/logo\/image\/"},"sameAs":["https:\/\/www.linkedin.com\/company\/lda-belgium-nv"]}]}},"_links":{"self":[{"href":"https:\/\/lda.be\/fr\/wp-json\/wp\/v2\/product\/11689","targetHints":{"allow":["GET"]}}],"collection":[{"href":"https:\/\/lda.be\/fr\/wp-json\/wp\/v2\/product"}],"about":[{"href":"https:\/\/lda.be\/fr\/wp-json\/wp\/v2\/types\/product"}],"replies":[{"embeddable":true,"href":"https:\/\/lda.be\/fr\/wp-json\/wp\/v2\/comments?post=11689"}],"wp:featuredmedia":[{"embeddable":true,"href":"https:\/\/lda.be\/fr\/wp-json\/wp\/v2\/media\/11618"}],"wp:attachment":[{"href":"https:\/\/lda.be\/fr\/wp-json\/wp\/v2\/media?parent=11689"}],"wp:term":[{"taxonomy":"product_brand","embeddable":true,"href":"https:\/\/lda.be\/fr\/wp-json\/wp\/v2\/product_brand?post=11689"},{"taxonomy":"product_cat","embeddable":true,"href":"https:\/\/lda.be\/fr\/wp-json\/wp\/v2\/product_cat?post=11689"},{"taxonomy":"product_tag","embeddable":true,"href":"https:\/\/lda.be\/fr\/wp-json\/wp\/v2\/product_tag?post=11689"}],"curies":[{"name":"wp","href":"https:\/\/api.w.org\/{rel}","templated":true}]}}