{"id":11801,"date":"2025-09-04T12:38:11","date_gmt":"2025-09-04T11:38:11","guid":{"rendered":"https:\/\/lda.be\/?post_type=product&#038;p=11801"},"modified":"2025-09-04T13:12:16","modified_gmt":"2025-09-04T12:12:16","slug":"controleur-vlc-commande-servo-a-2-axes","status":"publish","type":"product","link":"https:\/\/lda.be\/fr\/produit\/controleur-vlc-commande-servo-a-2-axes\/","title":{"rendered":"Contr\u00f4leur VLC Commande servo \u00e0 2 axes"},"content":{"rendered":"<p>Les contr\u00f4leurs \u00e0 double axe VLC combinent deux servocommandes puissantes dans un seul bo\u00eetier compact. Avec une puissance de pointe pouvant atteindre 7,8 A par axe (6 A en continu), ils offrent des mouvements pr\u00e9cis et synchronis\u00e9s. Les contr\u00f4leurs prennent en charge les moteurs \u00e0 balais et sans balais et garantissent flexibilit\u00e9 et efficacit\u00e9 dans les applications multi-axes.<\/p>\n<p>&nbsp;<\/p>\n<p><strong>VLC-25-07 \/ VLC-25-13 : contr\u00f4leur\/servomoteur \u00e0 deux axes<\/strong><\/p>\n<p>Le VLC-25-07 est le mod\u00e8le de base de cette s\u00e9rie : un contr\u00f4leur\/servomoteur \u00e0 deux axes int\u00e9gr\u00e9 et autonome avec fonctions STO (Safe Torque Off), E\/S analogiques et canaux num\u00e9riques opto-isol\u00e9s.<\/p>\n<p>&nbsp;<\/p>\n<p><strong>VLC-2-EIP : contr\u00f4leur\/servomoteur Ethernet\/IP \u00e0 2 axes<\/strong><\/p>\n<p>Le VLC-2-EIP \u00e9tend cette fonctionnalit\u00e9 avec une connectivit\u00e9 EtherNet\/IP conforme \u00e0 la norme ODVA. Un seul contr\u00f4leur peut ainsi commander deux axes, ce qui r\u00e9duit les co\u00fbts et simplifie le c\u00e2blage.<\/p>\n","protected":false},"excerpt":{"rendered":"<p>Les contr\u00f4leurs \u00e0 double axe VLC combinent deux servocommandes puissantes dans un seul bo\u00eetier compact. Avec une puissance de pointe pouvant atteindre 7,8 A par axe (6 A en continu), ils offrent des mouvements pr\u00e9cis et synchronis\u00e9s. Les contr\u00f4leurs prennent en charge les moteurs \u00e0 balais et sans balais et garantissent flexibilit\u00e9 et efficacit\u00e9 dans [&hellip;]<\/p>\n","protected":false},"featured_media":11798,"comment_status":"closed","ping_status":"closed","template":"","meta":[],"product_brand":[1759],"product_cat":[838,884,886],"product_tag":[],"class_list":{"0":"post-11801","1":"product","2":"type-product","3":"status-publish","4":"has-post-thumbnail","6":"product_brand-smac","7":"product_cat-electricite","8":"product_cat-commande-pour-moteur-servo-et-unites-de-controle","9":"product_cat-unites-de-controle","11":"first","12":"instock","13":"shipping-taxable","14":"product-type-simple"},"yoast_head":"<!-- This site is optimized with the Yoast SEO plugin v27.3 - https:\/\/yoast.com\/product\/yoast-seo-wordpress\/ -->\n<title>Contr\u00f4leur VLC Commande servo \u00e0 2 axes - LDA Belgique<\/title>\n<meta name=\"robots\" content=\"index, follow, max-snippet:-1, max-image-preview:large, max-video-preview:-1\" \/>\n<link rel=\"canonical\" href=\"https:\/\/lda.be\/fr\/produit\/controleur-vlc-commande-servo-a-2-axes\/\" \/>\n<meta property=\"og:locale\" content=\"fr_FR\" \/>\n<meta property=\"og:type\" content=\"article\" \/>\n<meta property=\"og:title\" content=\"Contr\u00f4leur VLC Commande servo \u00e0 2 axes - LDA Belgique\" \/>\n<meta property=\"og:description\" content=\"Les contr\u00f4leurs \u00e0 double axe VLC combinent deux servocommandes puissantes dans un seul bo\u00eetier compact. Avec une puissance de pointe pouvant atteindre 7,8 A par axe (6 A en continu), ils offrent des mouvements pr\u00e9cis et synchronis\u00e9s. Les contr\u00f4leurs prennent en charge les moteurs \u00e0 balais et sans balais et garantissent flexibilit\u00e9 et efficacit\u00e9 dans [&hellip;]\" \/>\n<meta property=\"og:url\" content=\"https:\/\/lda.be\/fr\/produit\/controleur-vlc-commande-servo-a-2-axes\/\" \/>\n<meta property=\"og:site_name\" content=\"LDA Belgique\" \/>\n<meta property=\"article:modified_time\" content=\"2025-09-04T12:12:16+00:00\" \/>\n<meta property=\"og:image\" content=\"https:\/\/lda.be\/wp-content\/uploads\/2025\/09\/VLC-dual-axis.webp\" \/>\n\t<meta property=\"og:image:width\" content=\"800\" \/>\n\t<meta property=\"og:image:height\" content=\"800\" \/>\n\t<meta property=\"og:image:type\" content=\"image\/webp\" \/>\n<meta name=\"twitter:card\" content=\"summary_large_image\" \/>\n<meta name=\"twitter:label1\" content=\"Dur\u00e9e de lecture estim\u00e9e\" \/>\n\t<meta name=\"twitter:data1\" content=\"1 minute\" \/>\n<script type=\"application\/ld+json\" class=\"yoast-schema-graph\">{\"@context\":\"https:\\\/\\\/schema.org\",\"@graph\":[{\"@type\":\"WebPage\",\"@id\":\"https:\\\/\\\/lda.be\\\/fr\\\/produit\\\/controleur-vlc-commande-servo-a-2-axes\\\/\",\"url\":\"https:\\\/\\\/lda.be\\\/fr\\\/produit\\\/controleur-vlc-commande-servo-a-2-axes\\\/\",\"name\":\"Contr\u00f4leur VLC Commande servo \u00e0 2 axes - LDA Belgique\",\"isPartOf\":{\"@id\":\"https:\\\/\\\/lda.be\\\/fr\\\/#website\"},\"primaryImageOfPage\":{\"@id\":\"https:\\\/\\\/lda.be\\\/fr\\\/produit\\\/controleur-vlc-commande-servo-a-2-axes\\\/#primaryimage\"},\"image\":{\"@id\":\"https:\\\/\\\/lda.be\\\/fr\\\/produit\\\/controleur-vlc-commande-servo-a-2-axes\\\/#primaryimage\"},\"thumbnailUrl\":\"https:\\\/\\\/lda.be\\\/wp-content\\\/uploads\\\/2025\\\/09\\\/VLC-dual-axis.webp\",\"datePublished\":\"2025-09-04T11:38:11+00:00\",\"dateModified\":\"2025-09-04T12:12:16+00:00\",\"breadcrumb\":{\"@id\":\"https:\\\/\\\/lda.be\\\/fr\\\/produit\\\/controleur-vlc-commande-servo-a-2-axes\\\/#breadcrumb\"},\"inLanguage\":\"fr-FR\",\"potentialAction\":[{\"@type\":\"ReadAction\",\"target\":[\"https:\\\/\\\/lda.be\\\/fr\\\/produit\\\/controleur-vlc-commande-servo-a-2-axes\\\/\"]}]},{\"@type\":\"ImageObject\",\"inLanguage\":\"fr-FR\",\"@id\":\"https:\\\/\\\/lda.be\\\/fr\\\/produit\\\/controleur-vlc-commande-servo-a-2-axes\\\/#primaryimage\",\"url\":\"https:\\\/\\\/lda.be\\\/wp-content\\\/uploads\\\/2025\\\/09\\\/VLC-dual-axis.webp\",\"contentUrl\":\"https:\\\/\\\/lda.be\\\/wp-content\\\/uploads\\\/2025\\\/09\\\/VLC-dual-axis.webp\",\"width\":800,\"height\":800},{\"@type\":\"BreadcrumbList\",\"@id\":\"https:\\\/\\\/lda.be\\\/fr\\\/produit\\\/controleur-vlc-commande-servo-a-2-axes\\\/#breadcrumb\",\"itemListElement\":[{\"@type\":\"ListItem\",\"position\":1,\"name\":\"Accueil\",\"item\":\"https:\\\/\\\/lda.be\\\/fr\\\/\"},{\"@type\":\"ListItem\",\"position\":2,\"name\":\"Produits\",\"item\":\"https:\\\/\\\/lda.be\\\/fr\\\/produits\\\/\"},{\"@type\":\"ListItem\",\"position\":3,\"name\":\"Contr\u00f4leur VLC Commande servo \u00e0 2 axes\"}]},{\"@type\":\"WebSite\",\"@id\":\"https:\\\/\\\/lda.be\\\/fr\\\/#website\",\"url\":\"https:\\\/\\\/lda.be\\\/fr\\\/\",\"name\":\"LDA Belgium\",\"description\":\"Solutions For Life\",\"publisher\":{\"@id\":\"https:\\\/\\\/lda.be\\\/fr\\\/#organization\"},\"potentialAction\":[{\"@type\":\"SearchAction\",\"target\":{\"@type\":\"EntryPoint\",\"urlTemplate\":\"https:\\\/\\\/lda.be\\\/fr\\\/?s={search_term_string}\"},\"query-input\":{\"@type\":\"PropertyValueSpecification\",\"valueRequired\":true,\"valueName\":\"search_term_string\"}}],\"inLanguage\":\"fr-FR\"},{\"@type\":\"Organization\",\"@id\":\"https:\\\/\\\/lda.be\\\/fr\\\/#organization\",\"name\":\"LDA Belgium\",\"url\":\"https:\\\/\\\/lda.be\\\/fr\\\/\",\"logo\":{\"@type\":\"ImageObject\",\"inLanguage\":\"fr-FR\",\"@id\":\"https:\\\/\\\/lda.be\\\/fr\\\/#\\\/schema\\\/logo\\\/image\\\/\",\"url\":\"https:\\\/\\\/lda.be\\\/wp-content\\\/uploads\\\/2022\\\/07\\\/Logo-LDA.webp\",\"contentUrl\":\"https:\\\/\\\/lda.be\\\/wp-content\\\/uploads\\\/2022\\\/07\\\/Logo-LDA.webp\",\"width\":311,\"height\":101,\"caption\":\"LDA Belgium\"},\"image\":{\"@id\":\"https:\\\/\\\/lda.be\\\/fr\\\/#\\\/schema\\\/logo\\\/image\\\/\"},\"sameAs\":[\"https:\\\/\\\/www.linkedin.com\\\/company\\\/lda-belgium-nv\"]}]}<\/script>\n<!-- \/ Yoast SEO plugin. -->","yoast_head_json":{"title":"Contr\u00f4leur VLC Commande servo \u00e0 2 axes - LDA Belgique","robots":{"index":"index","follow":"follow","max-snippet":"max-snippet:-1","max-image-preview":"max-image-preview:large","max-video-preview":"max-video-preview:-1"},"canonical":"https:\/\/lda.be\/fr\/produit\/controleur-vlc-commande-servo-a-2-axes\/","og_locale":"fr_FR","og_type":"article","og_title":"Contr\u00f4leur VLC Commande servo \u00e0 2 axes - LDA Belgique","og_description":"Les contr\u00f4leurs \u00e0 double axe VLC combinent deux servocommandes puissantes dans un seul bo\u00eetier compact. Avec une puissance de pointe pouvant atteindre 7,8 A par axe (6 A en continu), ils offrent des mouvements pr\u00e9cis et synchronis\u00e9s. Les contr\u00f4leurs prennent en charge les moteurs \u00e0 balais et sans balais et garantissent flexibilit\u00e9 et efficacit\u00e9 dans [&hellip;]","og_url":"https:\/\/lda.be\/fr\/produit\/controleur-vlc-commande-servo-a-2-axes\/","og_site_name":"LDA Belgique","article_modified_time":"2025-09-04T12:12:16+00:00","og_image":[{"width":800,"height":800,"url":"https:\/\/lda.be\/wp-content\/uploads\/2025\/09\/VLC-dual-axis.webp","type":"image\/webp"}],"twitter_card":"summary_large_image","twitter_misc":{"Dur\u00e9e de lecture estim\u00e9e":"1 minute"},"schema":{"@context":"https:\/\/schema.org","@graph":[{"@type":"WebPage","@id":"https:\/\/lda.be\/fr\/produit\/controleur-vlc-commande-servo-a-2-axes\/","url":"https:\/\/lda.be\/fr\/produit\/controleur-vlc-commande-servo-a-2-axes\/","name":"Contr\u00f4leur VLC Commande servo \u00e0 2 axes - LDA Belgique","isPartOf":{"@id":"https:\/\/lda.be\/fr\/#website"},"primaryImageOfPage":{"@id":"https:\/\/lda.be\/fr\/produit\/controleur-vlc-commande-servo-a-2-axes\/#primaryimage"},"image":{"@id":"https:\/\/lda.be\/fr\/produit\/controleur-vlc-commande-servo-a-2-axes\/#primaryimage"},"thumbnailUrl":"https:\/\/lda.be\/wp-content\/uploads\/2025\/09\/VLC-dual-axis.webp","datePublished":"2025-09-04T11:38:11+00:00","dateModified":"2025-09-04T12:12:16+00:00","breadcrumb":{"@id":"https:\/\/lda.be\/fr\/produit\/controleur-vlc-commande-servo-a-2-axes\/#breadcrumb"},"inLanguage":"fr-FR","potentialAction":[{"@type":"ReadAction","target":["https:\/\/lda.be\/fr\/produit\/controleur-vlc-commande-servo-a-2-axes\/"]}]},{"@type":"ImageObject","inLanguage":"fr-FR","@id":"https:\/\/lda.be\/fr\/produit\/controleur-vlc-commande-servo-a-2-axes\/#primaryimage","url":"https:\/\/lda.be\/wp-content\/uploads\/2025\/09\/VLC-dual-axis.webp","contentUrl":"https:\/\/lda.be\/wp-content\/uploads\/2025\/09\/VLC-dual-axis.webp","width":800,"height":800},{"@type":"BreadcrumbList","@id":"https:\/\/lda.be\/fr\/produit\/controleur-vlc-commande-servo-a-2-axes\/#breadcrumb","itemListElement":[{"@type":"ListItem","position":1,"name":"Accueil","item":"https:\/\/lda.be\/fr\/"},{"@type":"ListItem","position":2,"name":"Produits","item":"https:\/\/lda.be\/fr\/produits\/"},{"@type":"ListItem","position":3,"name":"Contr\u00f4leur VLC Commande servo \u00e0 2 axes"}]},{"@type":"WebSite","@id":"https:\/\/lda.be\/fr\/#website","url":"https:\/\/lda.be\/fr\/","name":"LDA Belgium","description":"Solutions For Life","publisher":{"@id":"https:\/\/lda.be\/fr\/#organization"},"potentialAction":[{"@type":"SearchAction","target":{"@type":"EntryPoint","urlTemplate":"https:\/\/lda.be\/fr\/?s={search_term_string}"},"query-input":{"@type":"PropertyValueSpecification","valueRequired":true,"valueName":"search_term_string"}}],"inLanguage":"fr-FR"},{"@type":"Organization","@id":"https:\/\/lda.be\/fr\/#organization","name":"LDA Belgium","url":"https:\/\/lda.be\/fr\/","logo":{"@type":"ImageObject","inLanguage":"fr-FR","@id":"https:\/\/lda.be\/fr\/#\/schema\/logo\/image\/","url":"https:\/\/lda.be\/wp-content\/uploads\/2022\/07\/Logo-LDA.webp","contentUrl":"https:\/\/lda.be\/wp-content\/uploads\/2022\/07\/Logo-LDA.webp","width":311,"height":101,"caption":"LDA Belgium"},"image":{"@id":"https:\/\/lda.be\/fr\/#\/schema\/logo\/image\/"},"sameAs":["https:\/\/www.linkedin.com\/company\/lda-belgium-nv"]}]}},"_links":{"self":[{"href":"https:\/\/lda.be\/fr\/wp-json\/wp\/v2\/product\/11801","targetHints":{"allow":["GET"]}}],"collection":[{"href":"https:\/\/lda.be\/fr\/wp-json\/wp\/v2\/product"}],"about":[{"href":"https:\/\/lda.be\/fr\/wp-json\/wp\/v2\/types\/product"}],"replies":[{"embeddable":true,"href":"https:\/\/lda.be\/fr\/wp-json\/wp\/v2\/comments?post=11801"}],"wp:featuredmedia":[{"embeddable":true,"href":"https:\/\/lda.be\/fr\/wp-json\/wp\/v2\/media\/11798"}],"wp:attachment":[{"href":"https:\/\/lda.be\/fr\/wp-json\/wp\/v2\/media?parent=11801"}],"wp:term":[{"taxonomy":"product_brand","embeddable":true,"href":"https:\/\/lda.be\/fr\/wp-json\/wp\/v2\/product_brand?post=11801"},{"taxonomy":"product_cat","embeddable":true,"href":"https:\/\/lda.be\/fr\/wp-json\/wp\/v2\/product_cat?post=11801"},{"taxonomy":"product_tag","embeddable":true,"href":"https:\/\/lda.be\/fr\/wp-json\/wp\/v2\/product_tag?post=11801"}],"curies":[{"name":"wp","href":"https:\/\/api.w.org\/{rel}","templated":true}]}}