{"id":11821,"date":"2025-09-04T14:35:05","date_gmt":"2025-09-04T13:35:05","guid":{"rendered":"https:\/\/lda.be\/?post_type=product&#038;p=11821"},"modified":"2025-09-04T14:46:40","modified_gmt":"2025-09-04T13:46:40","slug":"serie-ht-moteur-a-couple-eleve-a-courant-continu-triphase","status":"publish","type":"product","link":"https:\/\/lda.be\/fr\/produit\/serie-ht-moteur-a-couple-eleve-a-courant-continu-triphase\/","title":{"rendered":"S\u00e9rie HT Moteur \u00e0 couple \u00e9lev\u00e9 \u00e0 courant continu triphas\u00e9"},"content":{"rendered":"<p>Les moteurs \u00e0 couple \u00e9lev\u00e9 \u00e0 courant continu triphas\u00e9 sans balais de la s\u00e9rie HT\u00a0 de SMAC\u00a0 offrent des plages de couple \u00e9lev\u00e9es pour des performances puissantes dans les applications. Ils excellent dans les robots de pr\u00e9cision, l&#8217;automatisation industrielle, les \u00e9quipements m\u00e9dicaux et les machines de production avanc\u00e9es. Gr\u00e2ce \u00e0 leur conception, ces moteurs offrent un \u00e9quilibre parfait entre puissance, efficacit\u00e9 et fiabilit\u00e9.<\/p>\n<p>Les moteurs de cette s\u00e9rie atteignent des couples de 0,4 Nm \u00e0 6,0 Nm, selon le mod\u00e8le, et sont con\u00e7us pour fonctionner \u00e0 basse tension (24-48 VCC), ce qui les rend adapt\u00e9s \u00e0 de nombreuses applications.<\/p>\n<p>Un avantage important de la s\u00e9rie HT est sa densit\u00e9 de couple \u00e9lev\u00e9e, qui permet de fournir plus de puissance sans augmenter les dimensions. Combin\u00e9s \u00e0 une longue dur\u00e9e de vie et \u00e0 un fonctionnement silencieux, ces moteurs constituent un excellent choix pour les applications exigeantes qui requi\u00e8rent pr\u00e9cision et durabilit\u00e9.<\/p>\n","protected":false},"excerpt":{"rendered":"<p>Les moteurs \u00e0 couple \u00e9lev\u00e9 \u00e0 courant continu triphas\u00e9 sans balais de la s\u00e9rie HT\u00a0 de SMAC\u00a0 offrent des plages de couple \u00e9lev\u00e9es pour des performances puissantes dans les applications. Ils excellent dans les robots de pr\u00e9cision, l&#8217;automatisation industrielle, les \u00e9quipements m\u00e9dicaux et les machines de production avanc\u00e9es. Gr\u00e2ce \u00e0 leur conception, ces moteurs offrent [&hellip;]<\/p>\n","protected":false},"featured_media":11818,"comment_status":"closed","ping_status":"closed","template":"","meta":[],"product_brand":[1759],"product_cat":[838,884,888],"product_tag":[],"class_list":{"0":"post-11821","1":"product","2":"type-product","3":"status-publish","4":"has-post-thumbnail","6":"product_brand-smac","7":"product_cat-electricite","8":"product_cat-commande-pour-moteur-servo-et-unites-de-controle","9":"product_cat-moteurs-a-couple-eleve","11":"first","12":"instock","13":"shipping-taxable","14":"product-type-simple"},"yoast_head":"<!-- This site is optimized with the Yoast SEO plugin v27.3 - https:\/\/yoast.com\/product\/yoast-seo-wordpress\/ -->\n<title>S\u00e9rie HT Moteur \u00e0 couple \u00e9lev\u00e9 \u00e0 courant continu triphas\u00e9 - LDA Belgique<\/title>\n<meta name=\"description\" content=\"Choisissez les moteurs \u00e0 courant continu sans balais de LDA Belgique pour obtenir les meilleures performances de votre application, m\u00eame dans les espaces d&#039;installation les plus r\u00e9duits.\" \/>\n<meta name=\"robots\" content=\"index, follow, max-snippet:-1, max-image-preview:large, max-video-preview:-1\" \/>\n<link rel=\"canonical\" href=\"https:\/\/lda.be\/fr\/produit\/serie-ht-moteur-a-couple-eleve-a-courant-continu-triphase\/\" \/>\n<meta property=\"og:locale\" content=\"fr_FR\" \/>\n<meta property=\"og:type\" content=\"article\" \/>\n<meta property=\"og:title\" content=\"S\u00e9rie HT Moteur \u00e0 couple \u00e9lev\u00e9 \u00e0 courant continu triphas\u00e9 - LDA Belgique\" \/>\n<meta property=\"og:description\" content=\"Choisissez les moteurs \u00e0 courant continu sans balais de LDA Belgique pour obtenir les meilleures performances de votre application, m\u00eame dans les espaces d&#039;installation les plus r\u00e9duits.\" \/>\n<meta property=\"og:url\" content=\"https:\/\/lda.be\/fr\/produit\/serie-ht-moteur-a-couple-eleve-a-courant-continu-triphase\/\" \/>\n<meta property=\"og:site_name\" content=\"LDA Belgique\" \/>\n<meta property=\"article:modified_time\" content=\"2025-09-04T13:46:40+00:00\" \/>\n<meta property=\"og:image\" content=\"https:\/\/lda.be\/wp-content\/uploads\/2025\/09\/High-torque-motors-\u25a01440-1.webp\" \/>\n\t<meta property=\"og:image:width\" content=\"1440\" \/>\n\t<meta property=\"og:image:height\" content=\"1440\" \/>\n\t<meta property=\"og:image:type\" content=\"image\/webp\" \/>\n<meta name=\"twitter:card\" content=\"summary_large_image\" \/>\n<meta name=\"twitter:label1\" content=\"Dur\u00e9e de lecture estim\u00e9e\" \/>\n\t<meta name=\"twitter:data1\" content=\"1 minute\" \/>\n<script type=\"application\/ld+json\" class=\"yoast-schema-graph\">{\"@context\":\"https:\\\/\\\/schema.org\",\"@graph\":[{\"@type\":\"WebPage\",\"@id\":\"https:\\\/\\\/lda.be\\\/fr\\\/produit\\\/serie-ht-moteur-a-couple-eleve-a-courant-continu-triphase\\\/\",\"url\":\"https:\\\/\\\/lda.be\\\/fr\\\/produit\\\/serie-ht-moteur-a-couple-eleve-a-courant-continu-triphase\\\/\",\"name\":\"S\u00e9rie HT Moteur \u00e0 couple \u00e9lev\u00e9 \u00e0 courant continu triphas\u00e9 - LDA Belgique\",\"isPartOf\":{\"@id\":\"https:\\\/\\\/lda.be\\\/fr\\\/#website\"},\"primaryImageOfPage\":{\"@id\":\"https:\\\/\\\/lda.be\\\/fr\\\/produit\\\/serie-ht-moteur-a-couple-eleve-a-courant-continu-triphase\\\/#primaryimage\"},\"image\":{\"@id\":\"https:\\\/\\\/lda.be\\\/fr\\\/produit\\\/serie-ht-moteur-a-couple-eleve-a-courant-continu-triphase\\\/#primaryimage\"},\"thumbnailUrl\":\"https:\\\/\\\/lda.be\\\/wp-content\\\/uploads\\\/2025\\\/09\\\/High-torque-motors-\u25a01440-1.webp\",\"datePublished\":\"2025-09-04T13:35:05+00:00\",\"dateModified\":\"2025-09-04T13:46:40+00:00\",\"description\":\"Choisissez les moteurs \u00e0 courant continu sans balais de LDA Belgique pour obtenir les meilleures performances de votre application, m\u00eame dans les espaces d'installation les plus r\u00e9duits.\",\"breadcrumb\":{\"@id\":\"https:\\\/\\\/lda.be\\\/fr\\\/produit\\\/serie-ht-moteur-a-couple-eleve-a-courant-continu-triphase\\\/#breadcrumb\"},\"inLanguage\":\"fr-FR\",\"potentialAction\":[{\"@type\":\"ReadAction\",\"target\":[\"https:\\\/\\\/lda.be\\\/fr\\\/produit\\\/serie-ht-moteur-a-couple-eleve-a-courant-continu-triphase\\\/\"]}]},{\"@type\":\"ImageObject\",\"inLanguage\":\"fr-FR\",\"@id\":\"https:\\\/\\\/lda.be\\\/fr\\\/produit\\\/serie-ht-moteur-a-couple-eleve-a-courant-continu-triphase\\\/#primaryimage\",\"url\":\"https:\\\/\\\/lda.be\\\/wp-content\\\/uploads\\\/2025\\\/09\\\/High-torque-motors-\u25a01440-1.webp\",\"contentUrl\":\"https:\\\/\\\/lda.be\\\/wp-content\\\/uploads\\\/2025\\\/09\\\/High-torque-motors-\u25a01440-1.webp\",\"width\":1440,\"height\":1440,\"caption\":\"HT Series 3-fasen gelijkstroommotor\"},{\"@type\":\"BreadcrumbList\",\"@id\":\"https:\\\/\\\/lda.be\\\/fr\\\/produit\\\/serie-ht-moteur-a-couple-eleve-a-courant-continu-triphase\\\/#breadcrumb\",\"itemListElement\":[{\"@type\":\"ListItem\",\"position\":1,\"name\":\"Accueil\",\"item\":\"https:\\\/\\\/lda.be\\\/fr\\\/\"},{\"@type\":\"ListItem\",\"position\":2,\"name\":\"Produits\",\"item\":\"https:\\\/\\\/lda.be\\\/fr\\\/produits\\\/\"},{\"@type\":\"ListItem\",\"position\":3,\"name\":\"S\u00e9rie HT Moteur \u00e0 couple \u00e9lev\u00e9 \u00e0 courant continu triphas\u00e9\"}]},{\"@type\":\"WebSite\",\"@id\":\"https:\\\/\\\/lda.be\\\/fr\\\/#website\",\"url\":\"https:\\\/\\\/lda.be\\\/fr\\\/\",\"name\":\"LDA Belgium\",\"description\":\"Solutions For Life\",\"publisher\":{\"@id\":\"https:\\\/\\\/lda.be\\\/fr\\\/#organization\"},\"potentialAction\":[{\"@type\":\"SearchAction\",\"target\":{\"@type\":\"EntryPoint\",\"urlTemplate\":\"https:\\\/\\\/lda.be\\\/fr\\\/?s={search_term_string}\"},\"query-input\":{\"@type\":\"PropertyValueSpecification\",\"valueRequired\":true,\"valueName\":\"search_term_string\"}}],\"inLanguage\":\"fr-FR\"},{\"@type\":\"Organization\",\"@id\":\"https:\\\/\\\/lda.be\\\/fr\\\/#organization\",\"name\":\"LDA Belgium\",\"url\":\"https:\\\/\\\/lda.be\\\/fr\\\/\",\"logo\":{\"@type\":\"ImageObject\",\"inLanguage\":\"fr-FR\",\"@id\":\"https:\\\/\\\/lda.be\\\/fr\\\/#\\\/schema\\\/logo\\\/image\\\/\",\"url\":\"https:\\\/\\\/lda.be\\\/wp-content\\\/uploads\\\/2022\\\/07\\\/Logo-LDA.webp\",\"contentUrl\":\"https:\\\/\\\/lda.be\\\/wp-content\\\/uploads\\\/2022\\\/07\\\/Logo-LDA.webp\",\"width\":311,\"height\":101,\"caption\":\"LDA Belgium\"},\"image\":{\"@id\":\"https:\\\/\\\/lda.be\\\/fr\\\/#\\\/schema\\\/logo\\\/image\\\/\"},\"sameAs\":[\"https:\\\/\\\/www.linkedin.com\\\/company\\\/lda-belgium-nv\"]}]}<\/script>\n<!-- \/ Yoast SEO plugin. -->","yoast_head_json":{"title":"S\u00e9rie HT Moteur \u00e0 couple \u00e9lev\u00e9 \u00e0 courant continu triphas\u00e9 - LDA Belgique","description":"Choisissez les moteurs \u00e0 courant continu sans balais de LDA Belgique pour obtenir les meilleures performances de votre application, m\u00eame dans les espaces d'installation les plus r\u00e9duits.","robots":{"index":"index","follow":"follow","max-snippet":"max-snippet:-1","max-image-preview":"max-image-preview:large","max-video-preview":"max-video-preview:-1"},"canonical":"https:\/\/lda.be\/fr\/produit\/serie-ht-moteur-a-couple-eleve-a-courant-continu-triphase\/","og_locale":"fr_FR","og_type":"article","og_title":"S\u00e9rie HT Moteur \u00e0 couple \u00e9lev\u00e9 \u00e0 courant continu triphas\u00e9 - LDA Belgique","og_description":"Choisissez les moteurs \u00e0 courant continu sans balais de LDA Belgique pour obtenir les meilleures performances de votre application, m\u00eame dans les espaces d'installation les plus r\u00e9duits.","og_url":"https:\/\/lda.be\/fr\/produit\/serie-ht-moteur-a-couple-eleve-a-courant-continu-triphase\/","og_site_name":"LDA Belgique","article_modified_time":"2025-09-04T13:46:40+00:00","og_image":[{"width":1440,"height":1440,"url":"https:\/\/lda.be\/wp-content\/uploads\/2025\/09\/High-torque-motors-\u25a01440-1.webp","type":"image\/webp"}],"twitter_card":"summary_large_image","twitter_misc":{"Dur\u00e9e de lecture estim\u00e9e":"1 minute"},"schema":{"@context":"https:\/\/schema.org","@graph":[{"@type":"WebPage","@id":"https:\/\/lda.be\/fr\/produit\/serie-ht-moteur-a-couple-eleve-a-courant-continu-triphase\/","url":"https:\/\/lda.be\/fr\/produit\/serie-ht-moteur-a-couple-eleve-a-courant-continu-triphase\/","name":"S\u00e9rie HT Moteur \u00e0 couple \u00e9lev\u00e9 \u00e0 courant continu triphas\u00e9 - LDA Belgique","isPartOf":{"@id":"https:\/\/lda.be\/fr\/#website"},"primaryImageOfPage":{"@id":"https:\/\/lda.be\/fr\/produit\/serie-ht-moteur-a-couple-eleve-a-courant-continu-triphase\/#primaryimage"},"image":{"@id":"https:\/\/lda.be\/fr\/produit\/serie-ht-moteur-a-couple-eleve-a-courant-continu-triphase\/#primaryimage"},"thumbnailUrl":"https:\/\/lda.be\/wp-content\/uploads\/2025\/09\/High-torque-motors-\u25a01440-1.webp","datePublished":"2025-09-04T13:35:05+00:00","dateModified":"2025-09-04T13:46:40+00:00","description":"Choisissez les moteurs \u00e0 courant continu sans balais de LDA Belgique pour obtenir les meilleures performances de votre application, m\u00eame dans les espaces d'installation les plus r\u00e9duits.","breadcrumb":{"@id":"https:\/\/lda.be\/fr\/produit\/serie-ht-moteur-a-couple-eleve-a-courant-continu-triphase\/#breadcrumb"},"inLanguage":"fr-FR","potentialAction":[{"@type":"ReadAction","target":["https:\/\/lda.be\/fr\/produit\/serie-ht-moteur-a-couple-eleve-a-courant-continu-triphase\/"]}]},{"@type":"ImageObject","inLanguage":"fr-FR","@id":"https:\/\/lda.be\/fr\/produit\/serie-ht-moteur-a-couple-eleve-a-courant-continu-triphase\/#primaryimage","url":"https:\/\/lda.be\/wp-content\/uploads\/2025\/09\/High-torque-motors-\u25a01440-1.webp","contentUrl":"https:\/\/lda.be\/wp-content\/uploads\/2025\/09\/High-torque-motors-\u25a01440-1.webp","width":1440,"height":1440,"caption":"HT Series 3-fasen gelijkstroommotor"},{"@type":"BreadcrumbList","@id":"https:\/\/lda.be\/fr\/produit\/serie-ht-moteur-a-couple-eleve-a-courant-continu-triphase\/#breadcrumb","itemListElement":[{"@type":"ListItem","position":1,"name":"Accueil","item":"https:\/\/lda.be\/fr\/"},{"@type":"ListItem","position":2,"name":"Produits","item":"https:\/\/lda.be\/fr\/produits\/"},{"@type":"ListItem","position":3,"name":"S\u00e9rie HT Moteur \u00e0 couple \u00e9lev\u00e9 \u00e0 courant continu triphas\u00e9"}]},{"@type":"WebSite","@id":"https:\/\/lda.be\/fr\/#website","url":"https:\/\/lda.be\/fr\/","name":"LDA Belgium","description":"Solutions For Life","publisher":{"@id":"https:\/\/lda.be\/fr\/#organization"},"potentialAction":[{"@type":"SearchAction","target":{"@type":"EntryPoint","urlTemplate":"https:\/\/lda.be\/fr\/?s={search_term_string}"},"query-input":{"@type":"PropertyValueSpecification","valueRequired":true,"valueName":"search_term_string"}}],"inLanguage":"fr-FR"},{"@type":"Organization","@id":"https:\/\/lda.be\/fr\/#organization","name":"LDA Belgium","url":"https:\/\/lda.be\/fr\/","logo":{"@type":"ImageObject","inLanguage":"fr-FR","@id":"https:\/\/lda.be\/fr\/#\/schema\/logo\/image\/","url":"https:\/\/lda.be\/wp-content\/uploads\/2022\/07\/Logo-LDA.webp","contentUrl":"https:\/\/lda.be\/wp-content\/uploads\/2022\/07\/Logo-LDA.webp","width":311,"height":101,"caption":"LDA Belgium"},"image":{"@id":"https:\/\/lda.be\/fr\/#\/schema\/logo\/image\/"},"sameAs":["https:\/\/www.linkedin.com\/company\/lda-belgium-nv"]}]}},"_links":{"self":[{"href":"https:\/\/lda.be\/fr\/wp-json\/wp\/v2\/product\/11821","targetHints":{"allow":["GET"]}}],"collection":[{"href":"https:\/\/lda.be\/fr\/wp-json\/wp\/v2\/product"}],"about":[{"href":"https:\/\/lda.be\/fr\/wp-json\/wp\/v2\/types\/product"}],"replies":[{"embeddable":true,"href":"https:\/\/lda.be\/fr\/wp-json\/wp\/v2\/comments?post=11821"}],"wp:featuredmedia":[{"embeddable":true,"href":"https:\/\/lda.be\/fr\/wp-json\/wp\/v2\/media\/11818"}],"wp:attachment":[{"href":"https:\/\/lda.be\/fr\/wp-json\/wp\/v2\/media?parent=11821"}],"wp:term":[{"taxonomy":"product_brand","embeddable":true,"href":"https:\/\/lda.be\/fr\/wp-json\/wp\/v2\/product_brand?post=11821"},{"taxonomy":"product_cat","embeddable":true,"href":"https:\/\/lda.be\/fr\/wp-json\/wp\/v2\/product_cat?post=11821"},{"taxonomy":"product_tag","embeddable":true,"href":"https:\/\/lda.be\/fr\/wp-json\/wp\/v2\/product_tag?post=11821"}],"curies":[{"name":"wp","href":"https:\/\/api.w.org\/{rel}","templated":true}]}}