{"id":11835,"date":"2025-09-05T13:28:50","date_gmt":"2025-09-05T12:28:50","guid":{"rendered":"https:\/\/lda.be\/?post_type=product&#038;p=11835"},"modified":"2025-09-05T13:39:36","modified_gmt":"2025-09-05T12:39:36","slug":"codeur-rotatif-serie-sre-30","status":"publish","type":"product","link":"https:\/\/lda.be\/fr\/produit\/codeur-rotatif-serie-sre-30\/","title":{"rendered":"Codeur rotatif s\u00e9rie SRE-30"},"content":{"rendered":"<p>La s\u00e9rie SRE-30 est une gamme d&#8217;encodeurs rotatifs optiques incr\u00e9mentaux \u00e0 profil bas d\u00e9velopp\u00e9s pour les robots de pr\u00e9cision, les commandes de servomoteurs et les syst\u00e8mes de positionnement.<\/p>\n<p>Avec un diam\u00e8tre de seulement 23,12 mm et une largeur de 11,45 mm, ce codeur compact offre des r\u00e9solutions \u00e9lev\u00e9es de 1 000 \u00e0 16 000 CPR, permettant une d\u00e9tection extr\u00eamement pr\u00e9cise de l&#8217;angle et du sens de rotation.<\/p>\n<p>Le codeur fournit deux sorties en quadrature (A et B), d\u00e9phas\u00e9es de 90\u00b0, qui indiquent \u00e0 la fois la position et le sens de rotation. Gr\u00e2ce \u00e0 la sortie diff\u00e9rentielle RS422 et au signal de r\u00e9f\u00e9rence ZR en option, le SRE-30 s&#8217;int\u00e8gre facilement dans divers syst\u00e8mes haute performance.<\/p>\n<p>Avec une r\u00e9ponse en fr\u00e9quence allant jusqu&#8217;\u00e0 25 000 tr\/min et une conception sans contact, le SRE-30 offre une solution robuste et durable, id\u00e9ale pour les applications qui exigent une vitesse et une fiabilit\u00e9 \u00e9lev\u00e9es.<\/p>\n","protected":false},"excerpt":{"rendered":"<p>La s\u00e9rie SRE-30 est une gamme d&#8217;encodeurs rotatifs optiques incr\u00e9mentaux \u00e0 profil bas d\u00e9velopp\u00e9s pour les robots de pr\u00e9cision, les commandes de servomoteurs et les syst\u00e8mes de positionnement. Avec un diam\u00e8tre de seulement 23,12 mm et une largeur de 11,45 mm, ce codeur compact offre des r\u00e9solutions \u00e9lev\u00e9es de 1 000 \u00e0 16 000 CPR, [&hellip;]<\/p>\n","protected":false},"featured_media":11832,"comment_status":"closed","ping_status":"closed","template":"","meta":[],"product_brand":[1759],"product_cat":[838,854,860],"product_tag":[],"class_list":{"0":"post-11835","1":"product","2":"type-product","3":"status-publish","4":"has-post-thumbnail","6":"product_brand-smac","7":"product_cat-electricite","8":"product_cat-technologie-de-bobine-mobile","9":"product_cat-encodeurs","11":"first","12":"instock","13":"shipping-taxable","14":"product-type-simple"},"yoast_head":"<!-- This site is optimized with the Yoast SEO plugin v27.3 - https:\/\/yoast.com\/product\/yoast-seo-wordpress\/ -->\n<title>Codeur rotatif s\u00e9rie SRE-30 - LDA Belgique<\/title>\n<meta name=\"robots\" content=\"index, follow, max-snippet:-1, max-image-preview:large, max-video-preview:-1\" \/>\n<link rel=\"canonical\" href=\"https:\/\/lda.be\/fr\/produit\/codeur-rotatif-serie-sre-30\/\" \/>\n<meta property=\"og:locale\" content=\"fr_FR\" \/>\n<meta property=\"og:type\" content=\"article\" \/>\n<meta property=\"og:title\" content=\"Codeur rotatif s\u00e9rie SRE-30 - LDA Belgique\" \/>\n<meta property=\"og:description\" content=\"La s\u00e9rie SRE-30 est une gamme d&#8217;encodeurs rotatifs optiques incr\u00e9mentaux \u00e0 profil bas d\u00e9velopp\u00e9s pour les robots de pr\u00e9cision, les commandes de servomoteurs et les syst\u00e8mes de positionnement. Avec un diam\u00e8tre de seulement 23,12 mm et une largeur de 11,45 mm, ce codeur compact offre des r\u00e9solutions \u00e9lev\u00e9es de 1 000 \u00e0 16 000 CPR, [&hellip;]\" \/>\n<meta property=\"og:url\" content=\"https:\/\/lda.be\/fr\/produit\/codeur-rotatif-serie-sre-30\/\" \/>\n<meta property=\"og:site_name\" content=\"LDA Belgique\" \/>\n<meta property=\"article:modified_time\" content=\"2025-09-05T12:39:36+00:00\" \/>\n<meta property=\"og:image\" content=\"https:\/\/lda.be\/wp-content\/uploads\/2025\/09\/SRE-rotary-encoder.webp\" \/>\n\t<meta property=\"og:image:width\" content=\"800\" \/>\n\t<meta property=\"og:image:height\" content=\"800\" \/>\n\t<meta property=\"og:image:type\" content=\"image\/webp\" \/>\n<meta name=\"twitter:card\" content=\"summary_large_image\" \/>\n<meta name=\"twitter:label1\" content=\"Dur\u00e9e de lecture estim\u00e9e\" \/>\n\t<meta name=\"twitter:data1\" content=\"1 minute\" \/>\n<script type=\"application\/ld+json\" class=\"yoast-schema-graph\">{\"@context\":\"https:\\\/\\\/schema.org\",\"@graph\":[{\"@type\":\"WebPage\",\"@id\":\"https:\\\/\\\/lda.be\\\/fr\\\/produit\\\/codeur-rotatif-serie-sre-30\\\/\",\"url\":\"https:\\\/\\\/lda.be\\\/fr\\\/produit\\\/codeur-rotatif-serie-sre-30\\\/\",\"name\":\"Codeur rotatif s\u00e9rie SRE-30 - LDA Belgique\",\"isPartOf\":{\"@id\":\"https:\\\/\\\/lda.be\\\/fr\\\/#website\"},\"primaryImageOfPage\":{\"@id\":\"https:\\\/\\\/lda.be\\\/fr\\\/produit\\\/codeur-rotatif-serie-sre-30\\\/#primaryimage\"},\"image\":{\"@id\":\"https:\\\/\\\/lda.be\\\/fr\\\/produit\\\/codeur-rotatif-serie-sre-30\\\/#primaryimage\"},\"thumbnailUrl\":\"https:\\\/\\\/lda.be\\\/wp-content\\\/uploads\\\/2025\\\/09\\\/SRE-rotary-encoder.webp\",\"datePublished\":\"2025-09-05T12:28:50+00:00\",\"dateModified\":\"2025-09-05T12:39:36+00:00\",\"breadcrumb\":{\"@id\":\"https:\\\/\\\/lda.be\\\/fr\\\/produit\\\/codeur-rotatif-serie-sre-30\\\/#breadcrumb\"},\"inLanguage\":\"fr-FR\",\"potentialAction\":[{\"@type\":\"ReadAction\",\"target\":[\"https:\\\/\\\/lda.be\\\/fr\\\/produit\\\/codeur-rotatif-serie-sre-30\\\/\"]}]},{\"@type\":\"ImageObject\",\"inLanguage\":\"fr-FR\",\"@id\":\"https:\\\/\\\/lda.be\\\/fr\\\/produit\\\/codeur-rotatif-serie-sre-30\\\/#primaryimage\",\"url\":\"https:\\\/\\\/lda.be\\\/wp-content\\\/uploads\\\/2025\\\/09\\\/SRE-rotary-encoder.webp\",\"contentUrl\":\"https:\\\/\\\/lda.be\\\/wp-content\\\/uploads\\\/2025\\\/09\\\/SRE-rotary-encoder.webp\",\"width\":800,\"height\":800,\"caption\":\"SRE encoder vanSMAC\"},{\"@type\":\"BreadcrumbList\",\"@id\":\"https:\\\/\\\/lda.be\\\/fr\\\/produit\\\/codeur-rotatif-serie-sre-30\\\/#breadcrumb\",\"itemListElement\":[{\"@type\":\"ListItem\",\"position\":1,\"name\":\"Accueil\",\"item\":\"https:\\\/\\\/lda.be\\\/fr\\\/\"},{\"@type\":\"ListItem\",\"position\":2,\"name\":\"Produits\",\"item\":\"https:\\\/\\\/lda.be\\\/fr\\\/produits\\\/\"},{\"@type\":\"ListItem\",\"position\":3,\"name\":\"Codeur rotatif s\u00e9rie SRE-30\"}]},{\"@type\":\"WebSite\",\"@id\":\"https:\\\/\\\/lda.be\\\/fr\\\/#website\",\"url\":\"https:\\\/\\\/lda.be\\\/fr\\\/\",\"name\":\"LDA Belgium\",\"description\":\"Solutions For Life\",\"publisher\":{\"@id\":\"https:\\\/\\\/lda.be\\\/fr\\\/#organization\"},\"potentialAction\":[{\"@type\":\"SearchAction\",\"target\":{\"@type\":\"EntryPoint\",\"urlTemplate\":\"https:\\\/\\\/lda.be\\\/fr\\\/?s={search_term_string}\"},\"query-input\":{\"@type\":\"PropertyValueSpecification\",\"valueRequired\":true,\"valueName\":\"search_term_string\"}}],\"inLanguage\":\"fr-FR\"},{\"@type\":\"Organization\",\"@id\":\"https:\\\/\\\/lda.be\\\/fr\\\/#organization\",\"name\":\"LDA Belgium\",\"url\":\"https:\\\/\\\/lda.be\\\/fr\\\/\",\"logo\":{\"@type\":\"ImageObject\",\"inLanguage\":\"fr-FR\",\"@id\":\"https:\\\/\\\/lda.be\\\/fr\\\/#\\\/schema\\\/logo\\\/image\\\/\",\"url\":\"https:\\\/\\\/lda.be\\\/wp-content\\\/uploads\\\/2022\\\/07\\\/Logo-LDA.webp\",\"contentUrl\":\"https:\\\/\\\/lda.be\\\/wp-content\\\/uploads\\\/2022\\\/07\\\/Logo-LDA.webp\",\"width\":311,\"height\":101,\"caption\":\"LDA Belgium\"},\"image\":{\"@id\":\"https:\\\/\\\/lda.be\\\/fr\\\/#\\\/schema\\\/logo\\\/image\\\/\"},\"sameAs\":[\"https:\\\/\\\/www.linkedin.com\\\/company\\\/lda-belgium-nv\"]}]}<\/script>\n<!-- \/ Yoast SEO plugin. -->","yoast_head_json":{"title":"Codeur rotatif s\u00e9rie SRE-30 - LDA Belgique","robots":{"index":"index","follow":"follow","max-snippet":"max-snippet:-1","max-image-preview":"max-image-preview:large","max-video-preview":"max-video-preview:-1"},"canonical":"https:\/\/lda.be\/fr\/produit\/codeur-rotatif-serie-sre-30\/","og_locale":"fr_FR","og_type":"article","og_title":"Codeur rotatif s\u00e9rie SRE-30 - LDA Belgique","og_description":"La s\u00e9rie SRE-30 est une gamme d&#8217;encodeurs rotatifs optiques incr\u00e9mentaux \u00e0 profil bas d\u00e9velopp\u00e9s pour les robots de pr\u00e9cision, les commandes de servomoteurs et les syst\u00e8mes de positionnement. Avec un diam\u00e8tre de seulement 23,12 mm et une largeur de 11,45 mm, ce codeur compact offre des r\u00e9solutions \u00e9lev\u00e9es de 1 000 \u00e0 16 000 CPR, [&hellip;]","og_url":"https:\/\/lda.be\/fr\/produit\/codeur-rotatif-serie-sre-30\/","og_site_name":"LDA Belgique","article_modified_time":"2025-09-05T12:39:36+00:00","og_image":[{"width":800,"height":800,"url":"https:\/\/lda.be\/wp-content\/uploads\/2025\/09\/SRE-rotary-encoder.webp","type":"image\/webp"}],"twitter_card":"summary_large_image","twitter_misc":{"Dur\u00e9e de lecture estim\u00e9e":"1 minute"},"schema":{"@context":"https:\/\/schema.org","@graph":[{"@type":"WebPage","@id":"https:\/\/lda.be\/fr\/produit\/codeur-rotatif-serie-sre-30\/","url":"https:\/\/lda.be\/fr\/produit\/codeur-rotatif-serie-sre-30\/","name":"Codeur rotatif s\u00e9rie SRE-30 - LDA Belgique","isPartOf":{"@id":"https:\/\/lda.be\/fr\/#website"},"primaryImageOfPage":{"@id":"https:\/\/lda.be\/fr\/produit\/codeur-rotatif-serie-sre-30\/#primaryimage"},"image":{"@id":"https:\/\/lda.be\/fr\/produit\/codeur-rotatif-serie-sre-30\/#primaryimage"},"thumbnailUrl":"https:\/\/lda.be\/wp-content\/uploads\/2025\/09\/SRE-rotary-encoder.webp","datePublished":"2025-09-05T12:28:50+00:00","dateModified":"2025-09-05T12:39:36+00:00","breadcrumb":{"@id":"https:\/\/lda.be\/fr\/produit\/codeur-rotatif-serie-sre-30\/#breadcrumb"},"inLanguage":"fr-FR","potentialAction":[{"@type":"ReadAction","target":["https:\/\/lda.be\/fr\/produit\/codeur-rotatif-serie-sre-30\/"]}]},{"@type":"ImageObject","inLanguage":"fr-FR","@id":"https:\/\/lda.be\/fr\/produit\/codeur-rotatif-serie-sre-30\/#primaryimage","url":"https:\/\/lda.be\/wp-content\/uploads\/2025\/09\/SRE-rotary-encoder.webp","contentUrl":"https:\/\/lda.be\/wp-content\/uploads\/2025\/09\/SRE-rotary-encoder.webp","width":800,"height":800,"caption":"SRE encoder vanSMAC"},{"@type":"BreadcrumbList","@id":"https:\/\/lda.be\/fr\/produit\/codeur-rotatif-serie-sre-30\/#breadcrumb","itemListElement":[{"@type":"ListItem","position":1,"name":"Accueil","item":"https:\/\/lda.be\/fr\/"},{"@type":"ListItem","position":2,"name":"Produits","item":"https:\/\/lda.be\/fr\/produits\/"},{"@type":"ListItem","position":3,"name":"Codeur rotatif s\u00e9rie SRE-30"}]},{"@type":"WebSite","@id":"https:\/\/lda.be\/fr\/#website","url":"https:\/\/lda.be\/fr\/","name":"LDA Belgium","description":"Solutions For Life","publisher":{"@id":"https:\/\/lda.be\/fr\/#organization"},"potentialAction":[{"@type":"SearchAction","target":{"@type":"EntryPoint","urlTemplate":"https:\/\/lda.be\/fr\/?s={search_term_string}"},"query-input":{"@type":"PropertyValueSpecification","valueRequired":true,"valueName":"search_term_string"}}],"inLanguage":"fr-FR"},{"@type":"Organization","@id":"https:\/\/lda.be\/fr\/#organization","name":"LDA Belgium","url":"https:\/\/lda.be\/fr\/","logo":{"@type":"ImageObject","inLanguage":"fr-FR","@id":"https:\/\/lda.be\/fr\/#\/schema\/logo\/image\/","url":"https:\/\/lda.be\/wp-content\/uploads\/2022\/07\/Logo-LDA.webp","contentUrl":"https:\/\/lda.be\/wp-content\/uploads\/2022\/07\/Logo-LDA.webp","width":311,"height":101,"caption":"LDA Belgium"},"image":{"@id":"https:\/\/lda.be\/fr\/#\/schema\/logo\/image\/"},"sameAs":["https:\/\/www.linkedin.com\/company\/lda-belgium-nv"]}]}},"_links":{"self":[{"href":"https:\/\/lda.be\/fr\/wp-json\/wp\/v2\/product\/11835","targetHints":{"allow":["GET"]}}],"collection":[{"href":"https:\/\/lda.be\/fr\/wp-json\/wp\/v2\/product"}],"about":[{"href":"https:\/\/lda.be\/fr\/wp-json\/wp\/v2\/types\/product"}],"replies":[{"embeddable":true,"href":"https:\/\/lda.be\/fr\/wp-json\/wp\/v2\/comments?post=11835"}],"wp:featuredmedia":[{"embeddable":true,"href":"https:\/\/lda.be\/fr\/wp-json\/wp\/v2\/media\/11832"}],"wp:attachment":[{"href":"https:\/\/lda.be\/fr\/wp-json\/wp\/v2\/media?parent=11835"}],"wp:term":[{"taxonomy":"product_brand","embeddable":true,"href":"https:\/\/lda.be\/fr\/wp-json\/wp\/v2\/product_brand?post=11835"},{"taxonomy":"product_cat","embeddable":true,"href":"https:\/\/lda.be\/fr\/wp-json\/wp\/v2\/product_cat?post=11835"},{"taxonomy":"product_tag","embeddable":true,"href":"https:\/\/lda.be\/fr\/wp-json\/wp\/v2\/product_tag?post=11835"}],"curies":[{"name":"wp","href":"https:\/\/api.w.org\/{rel}","templated":true}]}}