{"id":11844,"date":"2025-09-05T14:18:04","date_gmt":"2025-09-05T13:18:04","guid":{"rendered":"https:\/\/lda.be\/?post_type=product&#038;p=11844"},"modified":"2025-09-05T14:41:42","modified_gmt":"2025-09-05T13:41:42","slug":"codeur-lineaire-serie-sle-ll","status":"publish","type":"product","link":"https:\/\/lda.be\/fr\/produit\/codeur-lineaire-serie-sle-ll\/","title":{"rendered":"Codeur lin\u00e9aire s\u00e9rie SLE-LL"},"content":{"rendered":"<p>Les codeurs lin\u00e9aires de la s\u00e9rie SLE-LL sont compacts et con\u00e7us pour les robots de pr\u00e9cision, le contr\u00f4le qualit\u00e9, les \u00e9quipements m\u00e9dicaux et les applications de mesure \u00e0 grande vitesse. Gr\u00e2ce \u00e0 leur petit diam\u00e8tre (31,2 x 6,3 x 12,4 mm) et \u00e0 leur haute r\u00e9solution de 1 \u00b5m ou 5 \u00b5m, ils fournissent des mesures extr\u00eamement pr\u00e9cises et fiables dans des espaces confin\u00e9s.<\/p>\n<p>Ces codeurs sans contact utilisent une diode \u00e9lectroluminescente et la technologie optique ASIC pour une stabilit\u00e9 et une durabilit\u00e9 maximales. Avec une r\u00e9ponse en fr\u00e9quence allant jusqu&#8217;\u00e0 4,8 m\/sec (r\u00e9solution de 5 \u00b5m) ou 3 m\/sec (r\u00e9solution de 1 \u00b5m), ils offrent des performances constantes, m\u00eame \u00e0 des vitesses \u00e9lev\u00e9es.<\/p>\n","protected":false},"excerpt":{"rendered":"<p>Les codeurs lin\u00e9aires de la s\u00e9rie SLE-LL sont compacts et con\u00e7us pour les robots de pr\u00e9cision, le contr\u00f4le qualit\u00e9, les \u00e9quipements m\u00e9dicaux et les applications de mesure \u00e0 grande vitesse. Gr\u00e2ce \u00e0 leur petit diam\u00e8tre (31,2 x 6,3 x 12,4 mm) et \u00e0 leur haute r\u00e9solution de 1 \u00b5m ou 5 \u00b5m, ils fournissent des [&hellip;]<\/p>\n","protected":false},"featured_media":11839,"comment_status":"closed","ping_status":"closed","template":"","meta":[],"product_brand":[1759],"product_cat":[838,854,860],"product_tag":[],"class_list":{"0":"post-11844","1":"product","2":"type-product","3":"status-publish","4":"has-post-thumbnail","6":"product_brand-smac","7":"product_cat-electricite","8":"product_cat-technologie-de-bobine-mobile","9":"product_cat-encodeurs","11":"first","12":"instock","13":"shipping-taxable","14":"product-type-simple"},"yoast_head":"<!-- This site is optimized with the Yoast SEO plugin v27.3 - https:\/\/yoast.com\/product\/yoast-seo-wordpress\/ -->\n<title>Codeur lin\u00e9aire s\u00e9rie SLE-LL - LDA Belgique<\/title>\n<meta name=\"robots\" content=\"index, follow, max-snippet:-1, max-image-preview:large, max-video-preview:-1\" \/>\n<link rel=\"canonical\" href=\"https:\/\/lda.be\/fr\/produit\/codeur-lineaire-serie-sle-ll\/\" \/>\n<meta property=\"og:locale\" content=\"fr_FR\" \/>\n<meta property=\"og:type\" content=\"article\" \/>\n<meta property=\"og:title\" content=\"Codeur lin\u00e9aire s\u00e9rie SLE-LL - LDA Belgique\" \/>\n<meta property=\"og:description\" content=\"Les codeurs lin\u00e9aires de la s\u00e9rie SLE-LL sont compacts et con\u00e7us pour les robots de pr\u00e9cision, le contr\u00f4le qualit\u00e9, les \u00e9quipements m\u00e9dicaux et les applications de mesure \u00e0 grande vitesse. Gr\u00e2ce \u00e0 leur petit diam\u00e8tre (31,2 x 6,3 x 12,4 mm) et \u00e0 leur haute r\u00e9solution de 1 \u00b5m ou 5 \u00b5m, ils fournissent des [&hellip;]\" \/>\n<meta property=\"og:url\" content=\"https:\/\/lda.be\/fr\/produit\/codeur-lineaire-serie-sle-ll\/\" \/>\n<meta property=\"og:site_name\" content=\"LDA Belgique\" \/>\n<meta property=\"article:modified_time\" content=\"2025-09-05T13:41:42+00:00\" \/>\n<meta property=\"og:image\" content=\"https:\/\/lda.be\/wp-content\/uploads\/2025\/09\/SLE-LL-serie.webp\" \/>\n\t<meta property=\"og:image:width\" content=\"800\" \/>\n\t<meta property=\"og:image:height\" content=\"800\" \/>\n\t<meta property=\"og:image:type\" content=\"image\/webp\" \/>\n<meta name=\"twitter:card\" content=\"summary_large_image\" \/>\n<meta name=\"twitter:label1\" content=\"Dur\u00e9e de lecture estim\u00e9e\" \/>\n\t<meta name=\"twitter:data1\" content=\"1 minute\" \/>\n<script type=\"application\/ld+json\" class=\"yoast-schema-graph\">{\"@context\":\"https:\\\/\\\/schema.org\",\"@graph\":[{\"@type\":\"WebPage\",\"@id\":\"https:\\\/\\\/lda.be\\\/fr\\\/produit\\\/codeur-lineaire-serie-sle-ll\\\/\",\"url\":\"https:\\\/\\\/lda.be\\\/fr\\\/produit\\\/codeur-lineaire-serie-sle-ll\\\/\",\"name\":\"Codeur lin\u00e9aire s\u00e9rie SLE-LL - LDA Belgique\",\"isPartOf\":{\"@id\":\"https:\\\/\\\/lda.be\\\/fr\\\/#website\"},\"primaryImageOfPage\":{\"@id\":\"https:\\\/\\\/lda.be\\\/fr\\\/produit\\\/codeur-lineaire-serie-sle-ll\\\/#primaryimage\"},\"image\":{\"@id\":\"https:\\\/\\\/lda.be\\\/fr\\\/produit\\\/codeur-lineaire-serie-sle-ll\\\/#primaryimage\"},\"thumbnailUrl\":\"https:\\\/\\\/lda.be\\\/wp-content\\\/uploads\\\/2025\\\/09\\\/SLE-LL-serie.webp\",\"datePublished\":\"2025-09-05T13:18:04+00:00\",\"dateModified\":\"2025-09-05T13:41:42+00:00\",\"breadcrumb\":{\"@id\":\"https:\\\/\\\/lda.be\\\/fr\\\/produit\\\/codeur-lineaire-serie-sle-ll\\\/#breadcrumb\"},\"inLanguage\":\"fr-FR\",\"potentialAction\":[{\"@type\":\"ReadAction\",\"target\":[\"https:\\\/\\\/lda.be\\\/fr\\\/produit\\\/codeur-lineaire-serie-sle-ll\\\/\"]}]},{\"@type\":\"ImageObject\",\"inLanguage\":\"fr-FR\",\"@id\":\"https:\\\/\\\/lda.be\\\/fr\\\/produit\\\/codeur-lineaire-serie-sle-ll\\\/#primaryimage\",\"url\":\"https:\\\/\\\/lda.be\\\/wp-content\\\/uploads\\\/2025\\\/09\\\/SLE-LL-serie.webp\",\"contentUrl\":\"https:\\\/\\\/lda.be\\\/wp-content\\\/uploads\\\/2025\\\/09\\\/SLE-LL-serie.webp\",\"width\":800,\"height\":800,\"caption\":\"SMAC SLE encoder\"},{\"@type\":\"BreadcrumbList\",\"@id\":\"https:\\\/\\\/lda.be\\\/fr\\\/produit\\\/codeur-lineaire-serie-sle-ll\\\/#breadcrumb\",\"itemListElement\":[{\"@type\":\"ListItem\",\"position\":1,\"name\":\"Accueil\",\"item\":\"https:\\\/\\\/lda.be\\\/fr\\\/\"},{\"@type\":\"ListItem\",\"position\":2,\"name\":\"Produits\",\"item\":\"https:\\\/\\\/lda.be\\\/fr\\\/produits\\\/\"},{\"@type\":\"ListItem\",\"position\":3,\"name\":\"Codeur lin\u00e9aire s\u00e9rie SLE-LL\"}]},{\"@type\":\"WebSite\",\"@id\":\"https:\\\/\\\/lda.be\\\/fr\\\/#website\",\"url\":\"https:\\\/\\\/lda.be\\\/fr\\\/\",\"name\":\"LDA Belgium\",\"description\":\"Solutions For Life\",\"publisher\":{\"@id\":\"https:\\\/\\\/lda.be\\\/fr\\\/#organization\"},\"potentialAction\":[{\"@type\":\"SearchAction\",\"target\":{\"@type\":\"EntryPoint\",\"urlTemplate\":\"https:\\\/\\\/lda.be\\\/fr\\\/?s={search_term_string}\"},\"query-input\":{\"@type\":\"PropertyValueSpecification\",\"valueRequired\":true,\"valueName\":\"search_term_string\"}}],\"inLanguage\":\"fr-FR\"},{\"@type\":\"Organization\",\"@id\":\"https:\\\/\\\/lda.be\\\/fr\\\/#organization\",\"name\":\"LDA Belgium\",\"url\":\"https:\\\/\\\/lda.be\\\/fr\\\/\",\"logo\":{\"@type\":\"ImageObject\",\"inLanguage\":\"fr-FR\",\"@id\":\"https:\\\/\\\/lda.be\\\/fr\\\/#\\\/schema\\\/logo\\\/image\\\/\",\"url\":\"https:\\\/\\\/lda.be\\\/wp-content\\\/uploads\\\/2022\\\/07\\\/Logo-LDA.webp\",\"contentUrl\":\"https:\\\/\\\/lda.be\\\/wp-content\\\/uploads\\\/2022\\\/07\\\/Logo-LDA.webp\",\"width\":311,\"height\":101,\"caption\":\"LDA Belgium\"},\"image\":{\"@id\":\"https:\\\/\\\/lda.be\\\/fr\\\/#\\\/schema\\\/logo\\\/image\\\/\"},\"sameAs\":[\"https:\\\/\\\/www.linkedin.com\\\/company\\\/lda-belgium-nv\"]}]}<\/script>\n<!-- \/ Yoast SEO plugin. -->","yoast_head_json":{"title":"Codeur lin\u00e9aire s\u00e9rie SLE-LL - LDA Belgique","robots":{"index":"index","follow":"follow","max-snippet":"max-snippet:-1","max-image-preview":"max-image-preview:large","max-video-preview":"max-video-preview:-1"},"canonical":"https:\/\/lda.be\/fr\/produit\/codeur-lineaire-serie-sle-ll\/","og_locale":"fr_FR","og_type":"article","og_title":"Codeur lin\u00e9aire s\u00e9rie SLE-LL - LDA Belgique","og_description":"Les codeurs lin\u00e9aires de la s\u00e9rie SLE-LL sont compacts et con\u00e7us pour les robots de pr\u00e9cision, le contr\u00f4le qualit\u00e9, les \u00e9quipements m\u00e9dicaux et les applications de mesure \u00e0 grande vitesse. Gr\u00e2ce \u00e0 leur petit diam\u00e8tre (31,2 x 6,3 x 12,4 mm) et \u00e0 leur haute r\u00e9solution de 1 \u00b5m ou 5 \u00b5m, ils fournissent des [&hellip;]","og_url":"https:\/\/lda.be\/fr\/produit\/codeur-lineaire-serie-sle-ll\/","og_site_name":"LDA Belgique","article_modified_time":"2025-09-05T13:41:42+00:00","og_image":[{"width":800,"height":800,"url":"https:\/\/lda.be\/wp-content\/uploads\/2025\/09\/SLE-LL-serie.webp","type":"image\/webp"}],"twitter_card":"summary_large_image","twitter_misc":{"Dur\u00e9e de lecture estim\u00e9e":"1 minute"},"schema":{"@context":"https:\/\/schema.org","@graph":[{"@type":"WebPage","@id":"https:\/\/lda.be\/fr\/produit\/codeur-lineaire-serie-sle-ll\/","url":"https:\/\/lda.be\/fr\/produit\/codeur-lineaire-serie-sle-ll\/","name":"Codeur lin\u00e9aire s\u00e9rie SLE-LL - LDA Belgique","isPartOf":{"@id":"https:\/\/lda.be\/fr\/#website"},"primaryImageOfPage":{"@id":"https:\/\/lda.be\/fr\/produit\/codeur-lineaire-serie-sle-ll\/#primaryimage"},"image":{"@id":"https:\/\/lda.be\/fr\/produit\/codeur-lineaire-serie-sle-ll\/#primaryimage"},"thumbnailUrl":"https:\/\/lda.be\/wp-content\/uploads\/2025\/09\/SLE-LL-serie.webp","datePublished":"2025-09-05T13:18:04+00:00","dateModified":"2025-09-05T13:41:42+00:00","breadcrumb":{"@id":"https:\/\/lda.be\/fr\/produit\/codeur-lineaire-serie-sle-ll\/#breadcrumb"},"inLanguage":"fr-FR","potentialAction":[{"@type":"ReadAction","target":["https:\/\/lda.be\/fr\/produit\/codeur-lineaire-serie-sle-ll\/"]}]},{"@type":"ImageObject","inLanguage":"fr-FR","@id":"https:\/\/lda.be\/fr\/produit\/codeur-lineaire-serie-sle-ll\/#primaryimage","url":"https:\/\/lda.be\/wp-content\/uploads\/2025\/09\/SLE-LL-serie.webp","contentUrl":"https:\/\/lda.be\/wp-content\/uploads\/2025\/09\/SLE-LL-serie.webp","width":800,"height":800,"caption":"SMAC SLE encoder"},{"@type":"BreadcrumbList","@id":"https:\/\/lda.be\/fr\/produit\/codeur-lineaire-serie-sle-ll\/#breadcrumb","itemListElement":[{"@type":"ListItem","position":1,"name":"Accueil","item":"https:\/\/lda.be\/fr\/"},{"@type":"ListItem","position":2,"name":"Produits","item":"https:\/\/lda.be\/fr\/produits\/"},{"@type":"ListItem","position":3,"name":"Codeur lin\u00e9aire s\u00e9rie SLE-LL"}]},{"@type":"WebSite","@id":"https:\/\/lda.be\/fr\/#website","url":"https:\/\/lda.be\/fr\/","name":"LDA Belgium","description":"Solutions For Life","publisher":{"@id":"https:\/\/lda.be\/fr\/#organization"},"potentialAction":[{"@type":"SearchAction","target":{"@type":"EntryPoint","urlTemplate":"https:\/\/lda.be\/fr\/?s={search_term_string}"},"query-input":{"@type":"PropertyValueSpecification","valueRequired":true,"valueName":"search_term_string"}}],"inLanguage":"fr-FR"},{"@type":"Organization","@id":"https:\/\/lda.be\/fr\/#organization","name":"LDA Belgium","url":"https:\/\/lda.be\/fr\/","logo":{"@type":"ImageObject","inLanguage":"fr-FR","@id":"https:\/\/lda.be\/fr\/#\/schema\/logo\/image\/","url":"https:\/\/lda.be\/wp-content\/uploads\/2022\/07\/Logo-LDA.webp","contentUrl":"https:\/\/lda.be\/wp-content\/uploads\/2022\/07\/Logo-LDA.webp","width":311,"height":101,"caption":"LDA Belgium"},"image":{"@id":"https:\/\/lda.be\/fr\/#\/schema\/logo\/image\/"},"sameAs":["https:\/\/www.linkedin.com\/company\/lda-belgium-nv"]}]}},"_links":{"self":[{"href":"https:\/\/lda.be\/fr\/wp-json\/wp\/v2\/product\/11844","targetHints":{"allow":["GET"]}}],"collection":[{"href":"https:\/\/lda.be\/fr\/wp-json\/wp\/v2\/product"}],"about":[{"href":"https:\/\/lda.be\/fr\/wp-json\/wp\/v2\/types\/product"}],"replies":[{"embeddable":true,"href":"https:\/\/lda.be\/fr\/wp-json\/wp\/v2\/comments?post=11844"}],"wp:featuredmedia":[{"embeddable":true,"href":"https:\/\/lda.be\/fr\/wp-json\/wp\/v2\/media\/11839"}],"wp:attachment":[{"href":"https:\/\/lda.be\/fr\/wp-json\/wp\/v2\/media?parent=11844"}],"wp:term":[{"taxonomy":"product_brand","embeddable":true,"href":"https:\/\/lda.be\/fr\/wp-json\/wp\/v2\/product_brand?post=11844"},{"taxonomy":"product_cat","embeddable":true,"href":"https:\/\/lda.be\/fr\/wp-json\/wp\/v2\/product_cat?post=11844"},{"taxonomy":"product_tag","embeddable":true,"href":"https:\/\/lda.be\/fr\/wp-json\/wp\/v2\/product_tag?post=11844"}],"curies":[{"name":"wp","href":"https:\/\/api.w.org\/{rel}","templated":true}]}}