{"id":11855,"date":"2025-09-08T13:02:23","date_gmt":"2025-09-08T12:02:23","guid":{"rendered":"https:\/\/lda.be\/?post_type=product&#038;p=11855"},"modified":"2025-09-08T13:26:11","modified_gmt":"2025-09-08T12:26:11","slug":"encodeur-lineaire-serie-sle-35","status":"publish","type":"product","link":"https:\/\/lda.be\/fr\/produit\/encodeur-lineaire-serie-sle-35\/","title":{"rendered":"Encodeur lin\u00e9aire s\u00e9rie SLE-35"},"content":{"rendered":"<p>Le codeur lin\u00e9aire haute r\u00e9solution SMAC SLE-35 est comparable, en termes de montage, aux autres codeurs lin\u00e9aires industriels standard en bo\u00eetier. Ce mod\u00e8le est un codeur lin\u00e9aire incr\u00e9mental miniature sans contact \u00e0 haute r\u00e9solution, qui fournit deux canaux de comptage en quadrature (appel\u00e9s A et B) comme signaux de sortie. Les deux formes d&#8217;onde de sortie sont d\u00e9phas\u00e9es de 90 degr\u00e9s et indiquent \u00e0 la fois la position et le sens du mouvement : par exemple, lorsque le canal A est en avance sur le canal B, le mouvement est de gauche \u00e0 droite de l&#8217;\u00e9chelle lorsque l&#8217;on regarde le c\u00f4t\u00e9 \u00e0 motifs de l&#8217;\u00e9chelle. Si B est en avance sur A, le d\u00e9placement est dans la direction oppos\u00e9e. Cet encodeur est disponible dans des r\u00e9solutions de 0,1 et 0,05 micron.<\/p>\n","protected":false},"excerpt":{"rendered":"<p>Le codeur lin\u00e9aire haute r\u00e9solution SMAC SLE-35 est comparable, en termes de montage, aux autres codeurs lin\u00e9aires industriels standard en bo\u00eetier. Ce mod\u00e8le est un codeur lin\u00e9aire incr\u00e9mental miniature sans contact \u00e0 haute r\u00e9solution, qui fournit deux canaux de comptage en quadrature (appel\u00e9s A et B) comme signaux de sortie. Les deux formes d&#8217;onde de [&hellip;]<\/p>\n","protected":false},"featured_media":11849,"comment_status":"closed","ping_status":"closed","template":"","meta":[],"product_brand":[1759],"product_cat":[838,854,860],"product_tag":[],"class_list":{"0":"post-11855","1":"product","2":"type-product","3":"status-publish","4":"has-post-thumbnail","6":"product_brand-smac","7":"product_cat-electricite","8":"product_cat-technologie-de-bobine-mobile","9":"product_cat-encodeurs","11":"first","12":"instock","13":"shipping-taxable","14":"product-type-simple"},"yoast_head":"<!-- This site is optimized with the Yoast SEO plugin v27.3 - https:\/\/yoast.com\/product\/yoast-seo-wordpress\/ -->\n<title>Encodeur lin\u00e9aire s\u00e9rie SLE-35 - LDA Belgique<\/title>\n<meta name=\"description\" content=\"Encodeur lin\u00e9aire SLE-35 de SMAC avec une r\u00e9solution jusqu&#039;\u00e0 0,05 \u00b5m pour un positionnement ultrapr\u00e9cis. Compact, id\u00e9al pour les robots et l&#039;automatisation. Chez LDA Belgique\" \/>\n<meta name=\"robots\" content=\"index, follow, max-snippet:-1, max-image-preview:large, max-video-preview:-1\" \/>\n<link rel=\"canonical\" href=\"https:\/\/lda.be\/fr\/produit\/encodeur-lineaire-serie-sle-35\/\" \/>\n<meta property=\"og:locale\" content=\"fr_FR\" \/>\n<meta property=\"og:type\" content=\"article\" \/>\n<meta property=\"og:title\" content=\"Encodeur lin\u00e9aire s\u00e9rie SLE-35 - LDA Belgique\" \/>\n<meta property=\"og:description\" content=\"Encodeur lin\u00e9aire SLE-35 de SMAC avec une r\u00e9solution jusqu&#039;\u00e0 0,05 \u00b5m pour un positionnement ultrapr\u00e9cis. Compact, id\u00e9al pour les robots et l&#039;automatisation. Chez LDA Belgique\" \/>\n<meta property=\"og:url\" content=\"https:\/\/lda.be\/fr\/produit\/encodeur-lineaire-serie-sle-35\/\" \/>\n<meta property=\"og:site_name\" content=\"LDA Belgique\" \/>\n<meta property=\"article:modified_time\" content=\"2025-09-08T12:26:11+00:00\" \/>\n<meta property=\"og:image\" content=\"https:\/\/lda.be\/wp-content\/uploads\/2025\/09\/SLE-35-serie.webp\" \/>\n\t<meta property=\"og:image:width\" content=\"800\" \/>\n\t<meta property=\"og:image:height\" content=\"800\" \/>\n\t<meta property=\"og:image:type\" content=\"image\/webp\" \/>\n<meta name=\"twitter:card\" content=\"summary_large_image\" \/>\n<meta name=\"twitter:label1\" content=\"Dur\u00e9e de lecture estim\u00e9e\" \/>\n\t<meta name=\"twitter:data1\" content=\"1 minute\" \/>\n<script type=\"application\/ld+json\" class=\"yoast-schema-graph\">{\"@context\":\"https:\\\/\\\/schema.org\",\"@graph\":[{\"@type\":\"WebPage\",\"@id\":\"https:\\\/\\\/lda.be\\\/fr\\\/produit\\\/encodeur-lineaire-serie-sle-35\\\/\",\"url\":\"https:\\\/\\\/lda.be\\\/fr\\\/produit\\\/encodeur-lineaire-serie-sle-35\\\/\",\"name\":\"Encodeur lin\u00e9aire s\u00e9rie SLE-35 - LDA Belgique\",\"isPartOf\":{\"@id\":\"https:\\\/\\\/lda.be\\\/fr\\\/#website\"},\"primaryImageOfPage\":{\"@id\":\"https:\\\/\\\/lda.be\\\/fr\\\/produit\\\/encodeur-lineaire-serie-sle-35\\\/#primaryimage\"},\"image\":{\"@id\":\"https:\\\/\\\/lda.be\\\/fr\\\/produit\\\/encodeur-lineaire-serie-sle-35\\\/#primaryimage\"},\"thumbnailUrl\":\"https:\\\/\\\/lda.be\\\/wp-content\\\/uploads\\\/2025\\\/09\\\/SLE-35-serie.webp\",\"datePublished\":\"2025-09-08T12:02:23+00:00\",\"dateModified\":\"2025-09-08T12:26:11+00:00\",\"description\":\"Encodeur lin\u00e9aire SLE-35 de SMAC avec une r\u00e9solution jusqu'\u00e0 0,05 \u00b5m pour un positionnement ultrapr\u00e9cis. Compact, id\u00e9al pour les robots et l'automatisation. Chez LDA Belgique\",\"breadcrumb\":{\"@id\":\"https:\\\/\\\/lda.be\\\/fr\\\/produit\\\/encodeur-lineaire-serie-sle-35\\\/#breadcrumb\"},\"inLanguage\":\"fr-FR\",\"potentialAction\":[{\"@type\":\"ReadAction\",\"target\":[\"https:\\\/\\\/lda.be\\\/fr\\\/produit\\\/encodeur-lineaire-serie-sle-35\\\/\"]}]},{\"@type\":\"ImageObject\",\"inLanguage\":\"fr-FR\",\"@id\":\"https:\\\/\\\/lda.be\\\/fr\\\/produit\\\/encodeur-lineaire-serie-sle-35\\\/#primaryimage\",\"url\":\"https:\\\/\\\/lda.be\\\/wp-content\\\/uploads\\\/2025\\\/09\\\/SLE-35-serie.webp\",\"contentUrl\":\"https:\\\/\\\/lda.be\\\/wp-content\\\/uploads\\\/2025\\\/09\\\/SLE-35-serie.webp\",\"width\":800,\"height\":800,\"caption\":\"SMAC SLE 35 serie encoder\"},{\"@type\":\"BreadcrumbList\",\"@id\":\"https:\\\/\\\/lda.be\\\/fr\\\/produit\\\/encodeur-lineaire-serie-sle-35\\\/#breadcrumb\",\"itemListElement\":[{\"@type\":\"ListItem\",\"position\":1,\"name\":\"Accueil\",\"item\":\"https:\\\/\\\/lda.be\\\/fr\\\/\"},{\"@type\":\"ListItem\",\"position\":2,\"name\":\"Produits\",\"item\":\"https:\\\/\\\/lda.be\\\/fr\\\/produits\\\/\"},{\"@type\":\"ListItem\",\"position\":3,\"name\":\"Encodeur lin\u00e9aire s\u00e9rie SLE-35\"}]},{\"@type\":\"WebSite\",\"@id\":\"https:\\\/\\\/lda.be\\\/fr\\\/#website\",\"url\":\"https:\\\/\\\/lda.be\\\/fr\\\/\",\"name\":\"LDA Belgium\",\"description\":\"Solutions For Life\",\"publisher\":{\"@id\":\"https:\\\/\\\/lda.be\\\/fr\\\/#organization\"},\"potentialAction\":[{\"@type\":\"SearchAction\",\"target\":{\"@type\":\"EntryPoint\",\"urlTemplate\":\"https:\\\/\\\/lda.be\\\/fr\\\/?s={search_term_string}\"},\"query-input\":{\"@type\":\"PropertyValueSpecification\",\"valueRequired\":true,\"valueName\":\"search_term_string\"}}],\"inLanguage\":\"fr-FR\"},{\"@type\":\"Organization\",\"@id\":\"https:\\\/\\\/lda.be\\\/fr\\\/#organization\",\"name\":\"LDA Belgium\",\"url\":\"https:\\\/\\\/lda.be\\\/fr\\\/\",\"logo\":{\"@type\":\"ImageObject\",\"inLanguage\":\"fr-FR\",\"@id\":\"https:\\\/\\\/lda.be\\\/fr\\\/#\\\/schema\\\/logo\\\/image\\\/\",\"url\":\"https:\\\/\\\/lda.be\\\/wp-content\\\/uploads\\\/2022\\\/07\\\/Logo-LDA.webp\",\"contentUrl\":\"https:\\\/\\\/lda.be\\\/wp-content\\\/uploads\\\/2022\\\/07\\\/Logo-LDA.webp\",\"width\":311,\"height\":101,\"caption\":\"LDA Belgium\"},\"image\":{\"@id\":\"https:\\\/\\\/lda.be\\\/fr\\\/#\\\/schema\\\/logo\\\/image\\\/\"},\"sameAs\":[\"https:\\\/\\\/www.linkedin.com\\\/company\\\/lda-belgium-nv\"]}]}<\/script>\n<!-- \/ Yoast SEO plugin. -->","yoast_head_json":{"title":"Encodeur lin\u00e9aire s\u00e9rie SLE-35 - LDA Belgique","description":"Encodeur lin\u00e9aire SLE-35 de SMAC avec une r\u00e9solution jusqu'\u00e0 0,05 \u00b5m pour un positionnement ultrapr\u00e9cis. Compact, id\u00e9al pour les robots et l'automatisation. Chez LDA Belgique","robots":{"index":"index","follow":"follow","max-snippet":"max-snippet:-1","max-image-preview":"max-image-preview:large","max-video-preview":"max-video-preview:-1"},"canonical":"https:\/\/lda.be\/fr\/produit\/encodeur-lineaire-serie-sle-35\/","og_locale":"fr_FR","og_type":"article","og_title":"Encodeur lin\u00e9aire s\u00e9rie SLE-35 - LDA Belgique","og_description":"Encodeur lin\u00e9aire SLE-35 de SMAC avec une r\u00e9solution jusqu'\u00e0 0,05 \u00b5m pour un positionnement ultrapr\u00e9cis. Compact, id\u00e9al pour les robots et l'automatisation. Chez LDA Belgique","og_url":"https:\/\/lda.be\/fr\/produit\/encodeur-lineaire-serie-sle-35\/","og_site_name":"LDA Belgique","article_modified_time":"2025-09-08T12:26:11+00:00","og_image":[{"width":800,"height":800,"url":"https:\/\/lda.be\/wp-content\/uploads\/2025\/09\/SLE-35-serie.webp","type":"image\/webp"}],"twitter_card":"summary_large_image","twitter_misc":{"Dur\u00e9e de lecture estim\u00e9e":"1 minute"},"schema":{"@context":"https:\/\/schema.org","@graph":[{"@type":"WebPage","@id":"https:\/\/lda.be\/fr\/produit\/encodeur-lineaire-serie-sle-35\/","url":"https:\/\/lda.be\/fr\/produit\/encodeur-lineaire-serie-sle-35\/","name":"Encodeur lin\u00e9aire s\u00e9rie SLE-35 - LDA Belgique","isPartOf":{"@id":"https:\/\/lda.be\/fr\/#website"},"primaryImageOfPage":{"@id":"https:\/\/lda.be\/fr\/produit\/encodeur-lineaire-serie-sle-35\/#primaryimage"},"image":{"@id":"https:\/\/lda.be\/fr\/produit\/encodeur-lineaire-serie-sle-35\/#primaryimage"},"thumbnailUrl":"https:\/\/lda.be\/wp-content\/uploads\/2025\/09\/SLE-35-serie.webp","datePublished":"2025-09-08T12:02:23+00:00","dateModified":"2025-09-08T12:26:11+00:00","description":"Encodeur lin\u00e9aire SLE-35 de SMAC avec une r\u00e9solution jusqu'\u00e0 0,05 \u00b5m pour un positionnement ultrapr\u00e9cis. Compact, id\u00e9al pour les robots et l'automatisation. Chez LDA Belgique","breadcrumb":{"@id":"https:\/\/lda.be\/fr\/produit\/encodeur-lineaire-serie-sle-35\/#breadcrumb"},"inLanguage":"fr-FR","potentialAction":[{"@type":"ReadAction","target":["https:\/\/lda.be\/fr\/produit\/encodeur-lineaire-serie-sle-35\/"]}]},{"@type":"ImageObject","inLanguage":"fr-FR","@id":"https:\/\/lda.be\/fr\/produit\/encodeur-lineaire-serie-sle-35\/#primaryimage","url":"https:\/\/lda.be\/wp-content\/uploads\/2025\/09\/SLE-35-serie.webp","contentUrl":"https:\/\/lda.be\/wp-content\/uploads\/2025\/09\/SLE-35-serie.webp","width":800,"height":800,"caption":"SMAC SLE 35 serie encoder"},{"@type":"BreadcrumbList","@id":"https:\/\/lda.be\/fr\/produit\/encodeur-lineaire-serie-sle-35\/#breadcrumb","itemListElement":[{"@type":"ListItem","position":1,"name":"Accueil","item":"https:\/\/lda.be\/fr\/"},{"@type":"ListItem","position":2,"name":"Produits","item":"https:\/\/lda.be\/fr\/produits\/"},{"@type":"ListItem","position":3,"name":"Encodeur lin\u00e9aire s\u00e9rie SLE-35"}]},{"@type":"WebSite","@id":"https:\/\/lda.be\/fr\/#website","url":"https:\/\/lda.be\/fr\/","name":"LDA Belgium","description":"Solutions For Life","publisher":{"@id":"https:\/\/lda.be\/fr\/#organization"},"potentialAction":[{"@type":"SearchAction","target":{"@type":"EntryPoint","urlTemplate":"https:\/\/lda.be\/fr\/?s={search_term_string}"},"query-input":{"@type":"PropertyValueSpecification","valueRequired":true,"valueName":"search_term_string"}}],"inLanguage":"fr-FR"},{"@type":"Organization","@id":"https:\/\/lda.be\/fr\/#organization","name":"LDA Belgium","url":"https:\/\/lda.be\/fr\/","logo":{"@type":"ImageObject","inLanguage":"fr-FR","@id":"https:\/\/lda.be\/fr\/#\/schema\/logo\/image\/","url":"https:\/\/lda.be\/wp-content\/uploads\/2022\/07\/Logo-LDA.webp","contentUrl":"https:\/\/lda.be\/wp-content\/uploads\/2022\/07\/Logo-LDA.webp","width":311,"height":101,"caption":"LDA Belgium"},"image":{"@id":"https:\/\/lda.be\/fr\/#\/schema\/logo\/image\/"},"sameAs":["https:\/\/www.linkedin.com\/company\/lda-belgium-nv"]}]}},"_links":{"self":[{"href":"https:\/\/lda.be\/fr\/wp-json\/wp\/v2\/product\/11855","targetHints":{"allow":["GET"]}}],"collection":[{"href":"https:\/\/lda.be\/fr\/wp-json\/wp\/v2\/product"}],"about":[{"href":"https:\/\/lda.be\/fr\/wp-json\/wp\/v2\/types\/product"}],"replies":[{"embeddable":true,"href":"https:\/\/lda.be\/fr\/wp-json\/wp\/v2\/comments?post=11855"}],"wp:featuredmedia":[{"embeddable":true,"href":"https:\/\/lda.be\/fr\/wp-json\/wp\/v2\/media\/11849"}],"wp:attachment":[{"href":"https:\/\/lda.be\/fr\/wp-json\/wp\/v2\/media?parent=11855"}],"wp:term":[{"taxonomy":"product_brand","embeddable":true,"href":"https:\/\/lda.be\/fr\/wp-json\/wp\/v2\/product_brand?post=11855"},{"taxonomy":"product_cat","embeddable":true,"href":"https:\/\/lda.be\/fr\/wp-json\/wp\/v2\/product_cat?post=11855"},{"taxonomy":"product_tag","embeddable":true,"href":"https:\/\/lda.be\/fr\/wp-json\/wp\/v2\/product_tag?post=11855"}],"curies":[{"name":"wp","href":"https:\/\/api.w.org\/{rel}","templated":true}]}}