{"id":11864,"date":"2025-09-08T13:55:36","date_gmt":"2025-09-08T12:55:36","guid":{"rendered":"https:\/\/lda.be\/?post_type=product&#038;p=11864"},"modified":"2025-09-08T14:05:56","modified_gmt":"2025-09-08T13:05:56","slug":"codeur-lineaire-serie-sle-il","status":"publish","type":"product","link":"https:\/\/lda.be\/fr\/produit\/codeur-lineaire-serie-sle-il\/","title":{"rendered":"Codeur lin\u00e9aire s\u00e9rie SLE-IL"},"content":{"rendered":"<p>Le codeur lin\u00e9aire de la s\u00e9rie SLE-LI peut \u00eatre consid\u00e9r\u00e9 comme un remplacement direct du codeur lin\u00e9aire JENA LIK. Ce mod\u00e8le est un codeur lin\u00e9aire incr\u00e9mental miniature sans contact \u00e0 haute r\u00e9solution, qui fournit deux canaux de comptage en quadrature (appel\u00e9s A et B) comme signaux de sortie.<\/p>\n<p>Les deux formes d&#8217;onde de sortie sont d\u00e9phas\u00e9es de 90 degr\u00e9s et indiquent \u00e0 la fois la position et le sens du mouvement : lorsque le canal A pr\u00e9c\u00e8de le canal B, par exemple, le mouvement s&#8217;effectue de gauche \u00e0 droite de l&#8217;\u00e9chelle lorsque l&#8217;on regarde le c\u00f4t\u00e9 motif de l&#8217;\u00e9chelle. Dans le cas contraire, si B pr\u00e9c\u00e8de A, le d\u00e9placement s&#8217;effectue dans le sens oppos\u00e9.<\/p>\n","protected":false},"excerpt":{"rendered":"<p>Le codeur lin\u00e9aire de la s\u00e9rie SLE-LI peut \u00eatre consid\u00e9r\u00e9 comme un remplacement direct du codeur lin\u00e9aire JENA LIK. Ce mod\u00e8le est un codeur lin\u00e9aire incr\u00e9mental miniature sans contact \u00e0 haute r\u00e9solution, qui fournit deux canaux de comptage en quadrature (appel\u00e9s A et B) comme signaux de sortie. Les deux formes d&#8217;onde de sortie sont [&hellip;]<\/p>\n","protected":false},"featured_media":11861,"comment_status":"closed","ping_status":"closed","template":"","meta":[],"product_brand":[1759],"product_cat":[838,854,860],"product_tag":[],"class_list":{"0":"post-11864","1":"product","2":"type-product","3":"status-publish","4":"has-post-thumbnail","6":"product_brand-smac","7":"product_cat-electricite","8":"product_cat-technologie-de-bobine-mobile","9":"product_cat-encodeurs","11":"first","12":"instock","13":"shipping-taxable","14":"product-type-simple"},"yoast_head":"<!-- This site is optimized with the Yoast SEO plugin v27.3 - https:\/\/yoast.com\/product\/yoast-seo-wordpress\/ -->\n<title>Codeur lin\u00e9aire s\u00e9rie SLE-IL - LDA Belgique<\/title>\n<meta name=\"description\" content=\"Codeur lin\u00e9aire SLE-IL de SMAC avec une r\u00e9solution jusqu&#039;\u00e0 1 \u00b5m pour un positionnement extr\u00eamement pr\u00e9cis. Compact, id\u00e9al pour les robots et l&#039;automatisation. Chez LDA Belgique\" \/>\n<meta name=\"robots\" content=\"index, follow, max-snippet:-1, max-image-preview:large, max-video-preview:-1\" \/>\n<link rel=\"canonical\" href=\"https:\/\/lda.be\/fr\/produit\/codeur-lineaire-serie-sle-il\/\" \/>\n<meta property=\"og:locale\" content=\"fr_FR\" \/>\n<meta property=\"og:type\" content=\"article\" \/>\n<meta property=\"og:title\" content=\"Codeur lin\u00e9aire s\u00e9rie SLE-IL - LDA Belgique\" \/>\n<meta property=\"og:description\" content=\"Codeur lin\u00e9aire SLE-IL de SMAC avec une r\u00e9solution jusqu&#039;\u00e0 1 \u00b5m pour un positionnement extr\u00eamement pr\u00e9cis. Compact, id\u00e9al pour les robots et l&#039;automatisation. Chez LDA Belgique\" \/>\n<meta property=\"og:url\" content=\"https:\/\/lda.be\/fr\/produit\/codeur-lineaire-serie-sle-il\/\" \/>\n<meta property=\"og:site_name\" content=\"LDA Belgique\" \/>\n<meta property=\"article:modified_time\" content=\"2025-09-08T13:05:56+00:00\" \/>\n<meta property=\"og:image\" content=\"https:\/\/lda.be\/wp-content\/uploads\/2025\/05\/OpenGrap-image-LDA.webp\" \/>\n\t<meta property=\"og:image:width\" content=\"895\" \/>\n\t<meta property=\"og:image:height\" content=\"659\" \/>\n\t<meta property=\"og:image:type\" content=\"image\/webp\" \/>\n<meta name=\"twitter:card\" content=\"summary_large_image\" \/>\n<meta name=\"twitter:label1\" content=\"Dur\u00e9e de lecture estim\u00e9e\" \/>\n\t<meta name=\"twitter:data1\" content=\"1 minute\" \/>\n<script type=\"application\/ld+json\" class=\"yoast-schema-graph\">{\"@context\":\"https:\\\/\\\/schema.org\",\"@graph\":[{\"@type\":\"WebPage\",\"@id\":\"https:\\\/\\\/lda.be\\\/fr\\\/produit\\\/codeur-lineaire-serie-sle-il\\\/\",\"url\":\"https:\\\/\\\/lda.be\\\/fr\\\/produit\\\/codeur-lineaire-serie-sle-il\\\/\",\"name\":\"Codeur lin\u00e9aire s\u00e9rie SLE-IL - LDA Belgique\",\"isPartOf\":{\"@id\":\"https:\\\/\\\/lda.be\\\/fr\\\/#website\"},\"primaryImageOfPage\":{\"@id\":\"https:\\\/\\\/lda.be\\\/fr\\\/produit\\\/codeur-lineaire-serie-sle-il\\\/#primaryimage\"},\"image\":{\"@id\":\"https:\\\/\\\/lda.be\\\/fr\\\/produit\\\/codeur-lineaire-serie-sle-il\\\/#primaryimage\"},\"thumbnailUrl\":\"https:\\\/\\\/lda.be\\\/wp-content\\\/uploads\\\/2025\\\/09\\\/SLE-il-SMAC-encoder.webp\",\"datePublished\":\"2025-09-08T12:55:36+00:00\",\"dateModified\":\"2025-09-08T13:05:56+00:00\",\"description\":\"Codeur lin\u00e9aire SLE-IL de SMAC avec une r\u00e9solution jusqu'\u00e0 1 \u00b5m pour un positionnement extr\u00eamement pr\u00e9cis. Compact, id\u00e9al pour les robots et l'automatisation. Chez LDA Belgique\",\"breadcrumb\":{\"@id\":\"https:\\\/\\\/lda.be\\\/fr\\\/produit\\\/codeur-lineaire-serie-sle-il\\\/#breadcrumb\"},\"inLanguage\":\"fr-FR\",\"potentialAction\":[{\"@type\":\"ReadAction\",\"target\":[\"https:\\\/\\\/lda.be\\\/fr\\\/produit\\\/codeur-lineaire-serie-sle-il\\\/\"]}]},{\"@type\":\"ImageObject\",\"inLanguage\":\"fr-FR\",\"@id\":\"https:\\\/\\\/lda.be\\\/fr\\\/produit\\\/codeur-lineaire-serie-sle-il\\\/#primaryimage\",\"url\":\"https:\\\/\\\/lda.be\\\/wp-content\\\/uploads\\\/2025\\\/09\\\/SLE-il-SMAC-encoder.webp\",\"contentUrl\":\"https:\\\/\\\/lda.be\\\/wp-content\\\/uploads\\\/2025\\\/09\\\/SLE-il-SMAC-encoder.webp\",\"width\":800,\"height\":800,\"caption\":\"SLE-IL smac encoder\"},{\"@type\":\"BreadcrumbList\",\"@id\":\"https:\\\/\\\/lda.be\\\/fr\\\/produit\\\/codeur-lineaire-serie-sle-il\\\/#breadcrumb\",\"itemListElement\":[{\"@type\":\"ListItem\",\"position\":1,\"name\":\"Accueil\",\"item\":\"https:\\\/\\\/lda.be\\\/fr\\\/\"},{\"@type\":\"ListItem\",\"position\":2,\"name\":\"Produits\",\"item\":\"https:\\\/\\\/lda.be\\\/fr\\\/produits\\\/\"},{\"@type\":\"ListItem\",\"position\":3,\"name\":\"Codeur lin\u00e9aire s\u00e9rie SLE-IL\"}]},{\"@type\":\"WebSite\",\"@id\":\"https:\\\/\\\/lda.be\\\/fr\\\/#website\",\"url\":\"https:\\\/\\\/lda.be\\\/fr\\\/\",\"name\":\"LDA Belgium\",\"description\":\"Solutions For Life\",\"publisher\":{\"@id\":\"https:\\\/\\\/lda.be\\\/fr\\\/#organization\"},\"potentialAction\":[{\"@type\":\"SearchAction\",\"target\":{\"@type\":\"EntryPoint\",\"urlTemplate\":\"https:\\\/\\\/lda.be\\\/fr\\\/?s={search_term_string}\"},\"query-input\":{\"@type\":\"PropertyValueSpecification\",\"valueRequired\":true,\"valueName\":\"search_term_string\"}}],\"inLanguage\":\"fr-FR\"},{\"@type\":\"Organization\",\"@id\":\"https:\\\/\\\/lda.be\\\/fr\\\/#organization\",\"name\":\"LDA Belgium\",\"url\":\"https:\\\/\\\/lda.be\\\/fr\\\/\",\"logo\":{\"@type\":\"ImageObject\",\"inLanguage\":\"fr-FR\",\"@id\":\"https:\\\/\\\/lda.be\\\/fr\\\/#\\\/schema\\\/logo\\\/image\\\/\",\"url\":\"https:\\\/\\\/lda.be\\\/wp-content\\\/uploads\\\/2022\\\/07\\\/Logo-LDA.webp\",\"contentUrl\":\"https:\\\/\\\/lda.be\\\/wp-content\\\/uploads\\\/2022\\\/07\\\/Logo-LDA.webp\",\"width\":311,\"height\":101,\"caption\":\"LDA Belgium\"},\"image\":{\"@id\":\"https:\\\/\\\/lda.be\\\/fr\\\/#\\\/schema\\\/logo\\\/image\\\/\"},\"sameAs\":[\"https:\\\/\\\/www.linkedin.com\\\/company\\\/lda-belgium-nv\"]}]}<\/script>\n<!-- \/ Yoast SEO plugin. -->","yoast_head_json":{"title":"Codeur lin\u00e9aire s\u00e9rie SLE-IL - LDA Belgique","description":"Codeur lin\u00e9aire SLE-IL de SMAC avec une r\u00e9solution jusqu'\u00e0 1 \u00b5m pour un positionnement extr\u00eamement pr\u00e9cis. Compact, id\u00e9al pour les robots et l'automatisation. Chez LDA Belgique","robots":{"index":"index","follow":"follow","max-snippet":"max-snippet:-1","max-image-preview":"max-image-preview:large","max-video-preview":"max-video-preview:-1"},"canonical":"https:\/\/lda.be\/fr\/produit\/codeur-lineaire-serie-sle-il\/","og_locale":"fr_FR","og_type":"article","og_title":"Codeur lin\u00e9aire s\u00e9rie SLE-IL - LDA Belgique","og_description":"Codeur lin\u00e9aire SLE-IL de SMAC avec une r\u00e9solution jusqu'\u00e0 1 \u00b5m pour un positionnement extr\u00eamement pr\u00e9cis. Compact, id\u00e9al pour les robots et l'automatisation. Chez LDA Belgique","og_url":"https:\/\/lda.be\/fr\/produit\/codeur-lineaire-serie-sle-il\/","og_site_name":"LDA Belgique","article_modified_time":"2025-09-08T13:05:56+00:00","og_image":[{"width":895,"height":659,"url":"https:\/\/lda.be\/wp-content\/uploads\/2025\/05\/OpenGrap-image-LDA.webp","type":"image\/webp"}],"twitter_card":"summary_large_image","twitter_misc":{"Dur\u00e9e de lecture estim\u00e9e":"1 minute"},"schema":{"@context":"https:\/\/schema.org","@graph":[{"@type":"WebPage","@id":"https:\/\/lda.be\/fr\/produit\/codeur-lineaire-serie-sle-il\/","url":"https:\/\/lda.be\/fr\/produit\/codeur-lineaire-serie-sle-il\/","name":"Codeur lin\u00e9aire s\u00e9rie SLE-IL - LDA Belgique","isPartOf":{"@id":"https:\/\/lda.be\/fr\/#website"},"primaryImageOfPage":{"@id":"https:\/\/lda.be\/fr\/produit\/codeur-lineaire-serie-sle-il\/#primaryimage"},"image":{"@id":"https:\/\/lda.be\/fr\/produit\/codeur-lineaire-serie-sle-il\/#primaryimage"},"thumbnailUrl":"https:\/\/lda.be\/wp-content\/uploads\/2025\/09\/SLE-il-SMAC-encoder.webp","datePublished":"2025-09-08T12:55:36+00:00","dateModified":"2025-09-08T13:05:56+00:00","description":"Codeur lin\u00e9aire SLE-IL de SMAC avec une r\u00e9solution jusqu'\u00e0 1 \u00b5m pour un positionnement extr\u00eamement pr\u00e9cis. Compact, id\u00e9al pour les robots et l'automatisation. Chez LDA Belgique","breadcrumb":{"@id":"https:\/\/lda.be\/fr\/produit\/codeur-lineaire-serie-sle-il\/#breadcrumb"},"inLanguage":"fr-FR","potentialAction":[{"@type":"ReadAction","target":["https:\/\/lda.be\/fr\/produit\/codeur-lineaire-serie-sle-il\/"]}]},{"@type":"ImageObject","inLanguage":"fr-FR","@id":"https:\/\/lda.be\/fr\/produit\/codeur-lineaire-serie-sle-il\/#primaryimage","url":"https:\/\/lda.be\/wp-content\/uploads\/2025\/09\/SLE-il-SMAC-encoder.webp","contentUrl":"https:\/\/lda.be\/wp-content\/uploads\/2025\/09\/SLE-il-SMAC-encoder.webp","width":800,"height":800,"caption":"SLE-IL smac encoder"},{"@type":"BreadcrumbList","@id":"https:\/\/lda.be\/fr\/produit\/codeur-lineaire-serie-sle-il\/#breadcrumb","itemListElement":[{"@type":"ListItem","position":1,"name":"Accueil","item":"https:\/\/lda.be\/fr\/"},{"@type":"ListItem","position":2,"name":"Produits","item":"https:\/\/lda.be\/fr\/produits\/"},{"@type":"ListItem","position":3,"name":"Codeur lin\u00e9aire s\u00e9rie SLE-IL"}]},{"@type":"WebSite","@id":"https:\/\/lda.be\/fr\/#website","url":"https:\/\/lda.be\/fr\/","name":"LDA Belgium","description":"Solutions For Life","publisher":{"@id":"https:\/\/lda.be\/fr\/#organization"},"potentialAction":[{"@type":"SearchAction","target":{"@type":"EntryPoint","urlTemplate":"https:\/\/lda.be\/fr\/?s={search_term_string}"},"query-input":{"@type":"PropertyValueSpecification","valueRequired":true,"valueName":"search_term_string"}}],"inLanguage":"fr-FR"},{"@type":"Organization","@id":"https:\/\/lda.be\/fr\/#organization","name":"LDA Belgium","url":"https:\/\/lda.be\/fr\/","logo":{"@type":"ImageObject","inLanguage":"fr-FR","@id":"https:\/\/lda.be\/fr\/#\/schema\/logo\/image\/","url":"https:\/\/lda.be\/wp-content\/uploads\/2022\/07\/Logo-LDA.webp","contentUrl":"https:\/\/lda.be\/wp-content\/uploads\/2022\/07\/Logo-LDA.webp","width":311,"height":101,"caption":"LDA Belgium"},"image":{"@id":"https:\/\/lda.be\/fr\/#\/schema\/logo\/image\/"},"sameAs":["https:\/\/www.linkedin.com\/company\/lda-belgium-nv"]}]}},"_links":{"self":[{"href":"https:\/\/lda.be\/fr\/wp-json\/wp\/v2\/product\/11864","targetHints":{"allow":["GET"]}}],"collection":[{"href":"https:\/\/lda.be\/fr\/wp-json\/wp\/v2\/product"}],"about":[{"href":"https:\/\/lda.be\/fr\/wp-json\/wp\/v2\/types\/product"}],"replies":[{"embeddable":true,"href":"https:\/\/lda.be\/fr\/wp-json\/wp\/v2\/comments?post=11864"}],"wp:featuredmedia":[{"embeddable":true,"href":"https:\/\/lda.be\/fr\/wp-json\/wp\/v2\/media\/11861"}],"wp:attachment":[{"href":"https:\/\/lda.be\/fr\/wp-json\/wp\/v2\/media?parent=11864"}],"wp:term":[{"taxonomy":"product_brand","embeddable":true,"href":"https:\/\/lda.be\/fr\/wp-json\/wp\/v2\/product_brand?post=11864"},{"taxonomy":"product_cat","embeddable":true,"href":"https:\/\/lda.be\/fr\/wp-json\/wp\/v2\/product_cat?post=11864"},{"taxonomy":"product_tag","embeddable":true,"href":"https:\/\/lda.be\/fr\/wp-json\/wp\/v2\/product_tag?post=11864"}],"curies":[{"name":"wp","href":"https:\/\/api.w.org\/{rel}","templated":true}]}}