{"id":11881,"date":"2025-09-09T14:36:12","date_gmt":"2025-09-09T13:36:12","guid":{"rendered":"https:\/\/lda.be\/?post_type=product&#038;p=11881"},"modified":"2025-09-09T14:58:18","modified_gmt":"2025-09-09T13:58:18","slug":"opap-obturateur-gonflable-anti-pollution","status":"publish","type":"product","link":"https:\/\/lda.be\/fr\/produit\/opap-obturateur-gonflable-anti-pollution\/","title":{"rendered":"OPAP obturateur gonflable anti-pollution"},"content":{"rendered":"<p>Sensible \u00e0 la protection de l\u2019environnement, Pronal a d\u00e9velopp\u00e9 un obturateur anti-pollution appel\u00e9 OPAP. Celui-ci est utilis\u00e9 pour les diam\u00e8tres inf\u00e9rieurs \u00e0 1000 mm. Pour les plus grands diam\u00e8tres nous vous invitons \u00e0 regarder la gamme d\u2019obturateur anti-pollution OFR.<\/p>\n<p>En cas de sinistre, ce ballon obturateur permet d\u2019obturer rapidement une canalisation afin de contenir toute pollution accidentelle.<\/p>\n<p>Ce syst\u00e8me s\u2019inscrit dans le cadre de la pr\u00e9vention des risques dont fait l\u2019objet l\u2019article 13 de l\u2019arr\u00eat\u00e9 du 5\/08\/2002. Relatif \u00e0 la pr\u00e9vention des sinistres dans les entreprises, cet article impose aux \u00e9tablissements, d\u2019\u00e9quiper leurs r\u00e9seaux de collecte d\u2019effluents et d\u2019eaux pluviales, de syst\u00e8mes d\u2019obturation pour maintenir toute pollution accidentelle.<\/p>\n<p>Par ailleurs, son installation est simple et ne n\u00e9cessite pas de gros travaux de g\u00e9nie civil. L\u2019obturateur gonflable anti-pollution est install\u00e9 \u00e0 demeure dans les conduites. Il est maintenu dans la partie haute de la conduite et ne g\u00eane pas l\u2019\u00e9coulement de l\u2019eau.<\/p>\n<p>Une fois install\u00e9, l\u2019obturateur de canalisation anti-pollution est reli\u00e9, par un flexible, \u00e0 un coffret de commande \u00e0 proximit\u00e9 du regard. Son d\u00e9clenchement se fera manuellement dans le coffret, automatiquement \u00e0 l\u2019aide d\u2019une commande \u00e9lectrique d\u00e9port\u00e9e ou \u00e0 distance GSM. L\u2019utilisation de ce coffret de commande permet de gonfler et de d\u00e9gonfler l\u2019obturateur \u00e0 distance. Ce syst\u00e8me \u00e9vite ainsi \u00e0 l\u2019op\u00e9rateur de descendre dans la conduite.<\/p>\n","protected":false},"excerpt":{"rendered":"<p>Sensible \u00e0 la protection de l\u2019environnement, Pronal a d\u00e9velopp\u00e9 un obturateur anti-pollution appel\u00e9 OPAP. Celui-ci est utilis\u00e9 pour les diam\u00e8tres inf\u00e9rieurs \u00e0 1000 mm. Pour les plus grands diam\u00e8tres nous vous invitons \u00e0 regarder la gamme d\u2019obturateur anti-pollution OFR. En cas de sinistre, ce ballon obturateur permet d\u2019obturer rapidement une canalisation afin de contenir toute [&hellip;]<\/p>\n","protected":false},"featured_media":11875,"comment_status":"closed","ping_status":"closed","template":"","meta":[],"product_brand":[1783],"product_cat":[890],"product_tag":[],"class_list":{"0":"post-11881","1":"product","2":"type-product","3":"status-publish","4":"has-post-thumbnail","6":"product_brand-pronal","7":"product_cat-environnement-et-securite","9":"first","10":"instock","11":"shipping-taxable","12":"product-type-simple"},"yoast_head":"<!-- This site is optimized with the Yoast SEO plugin v27.3 - https:\/\/yoast.com\/product\/yoast-seo-wordpress\/ -->\n<title>OPAP obturateur gonflable anti-pollution - LDA Belgique<\/title>\n<meta name=\"description\" content=\"PRONAL OPAP obturateur gonflable anti-pollution pour conduites jusqu&#039;\u00e0 \u00d81000 mm de PRONAL. Ce sont des vannes d&#039;arr\u00eat pour la construction, la r\u00e9paration et l&#039;entretien du r\u00e9seau d&#039;adduction d&#039;eau.\" \/>\n<meta name=\"robots\" content=\"index, follow, max-snippet:-1, max-image-preview:large, max-video-preview:-1\" \/>\n<link rel=\"canonical\" href=\"https:\/\/lda.be\/fr\/produit\/opap-obturateur-gonflable-anti-pollution\/\" \/>\n<meta property=\"og:locale\" content=\"fr_FR\" \/>\n<meta property=\"og:type\" content=\"article\" \/>\n<meta property=\"og:title\" content=\"OPAP obturateur gonflable anti-pollution - LDA Belgique\" \/>\n<meta property=\"og:description\" content=\"PRONAL OPAP obturateur gonflable anti-pollution pour conduites jusqu&#039;\u00e0 \u00d81000 mm de PRONAL. Ce sont des vannes d&#039;arr\u00eat pour la construction, la r\u00e9paration et l&#039;entretien du r\u00e9seau d&#039;adduction d&#039;eau.\" \/>\n<meta property=\"og:url\" content=\"https:\/\/lda.be\/fr\/produit\/opap-obturateur-gonflable-anti-pollution\/\" \/>\n<meta property=\"og:site_name\" content=\"LDA Belgique\" \/>\n<meta property=\"article:modified_time\" content=\"2025-09-09T13:58:18+00:00\" \/>\n<meta property=\"og:image\" content=\"https:\/\/lda.be\/wp-content\/uploads\/2025\/09\/pronal-opap.webp\" \/>\n\t<meta property=\"og:image:width\" content=\"800\" \/>\n\t<meta property=\"og:image:height\" content=\"800\" \/>\n\t<meta property=\"og:image:type\" content=\"image\/webp\" \/>\n<meta name=\"twitter:card\" content=\"summary_large_image\" \/>\n<meta name=\"twitter:label1\" content=\"Dur\u00e9e de lecture estim\u00e9e\" \/>\n\t<meta name=\"twitter:data1\" content=\"2 minutes\" \/>\n<script type=\"application\/ld+json\" class=\"yoast-schema-graph\">{\"@context\":\"https:\\\/\\\/schema.org\",\"@graph\":[{\"@type\":\"WebPage\",\"@id\":\"https:\\\/\\\/lda.be\\\/fr\\\/produit\\\/opap-obturateur-gonflable-anti-pollution\\\/\",\"url\":\"https:\\\/\\\/lda.be\\\/fr\\\/produit\\\/opap-obturateur-gonflable-anti-pollution\\\/\",\"name\":\"OPAP obturateur gonflable anti-pollution - LDA Belgique\",\"isPartOf\":{\"@id\":\"https:\\\/\\\/lda.be\\\/fr\\\/#website\"},\"primaryImageOfPage\":{\"@id\":\"https:\\\/\\\/lda.be\\\/fr\\\/produit\\\/opap-obturateur-gonflable-anti-pollution\\\/#primaryimage\"},\"image\":{\"@id\":\"https:\\\/\\\/lda.be\\\/fr\\\/produit\\\/opap-obturateur-gonflable-anti-pollution\\\/#primaryimage\"},\"thumbnailUrl\":\"https:\\\/\\\/lda.be\\\/wp-content\\\/uploads\\\/2025\\\/09\\\/pronal-opap.webp\",\"datePublished\":\"2025-09-09T13:36:12+00:00\",\"dateModified\":\"2025-09-09T13:58:18+00:00\",\"description\":\"PRONAL OPAP obturateur gonflable anti-pollution pour conduites jusqu'\u00e0 \u00d81000 mm de PRONAL. Ce sont des vannes d'arr\u00eat pour la construction, la r\u00e9paration et l'entretien du r\u00e9seau d'adduction d'eau.\",\"breadcrumb\":{\"@id\":\"https:\\\/\\\/lda.be\\\/fr\\\/produit\\\/opap-obturateur-gonflable-anti-pollution\\\/#breadcrumb\"},\"inLanguage\":\"fr-FR\",\"potentialAction\":[{\"@type\":\"ReadAction\",\"target\":[\"https:\\\/\\\/lda.be\\\/fr\\\/produit\\\/opap-obturateur-gonflable-anti-pollution\\\/\"]}]},{\"@type\":\"ImageObject\",\"inLanguage\":\"fr-FR\",\"@id\":\"https:\\\/\\\/lda.be\\\/fr\\\/produit\\\/opap-obturateur-gonflable-anti-pollution\\\/#primaryimage\",\"url\":\"https:\\\/\\\/lda.be\\\/wp-content\\\/uploads\\\/2025\\\/09\\\/pronal-opap.webp\",\"contentUrl\":\"https:\\\/\\\/lda.be\\\/wp-content\\\/uploads\\\/2025\\\/09\\\/pronal-opap.webp\",\"width\":800,\"height\":800,\"caption\":\"PRONAL OPAP\"},{\"@type\":\"BreadcrumbList\",\"@id\":\"https:\\\/\\\/lda.be\\\/fr\\\/produit\\\/opap-obturateur-gonflable-anti-pollution\\\/#breadcrumb\",\"itemListElement\":[{\"@type\":\"ListItem\",\"position\":1,\"name\":\"Accueil\",\"item\":\"https:\\\/\\\/lda.be\\\/fr\\\/\"},{\"@type\":\"ListItem\",\"position\":2,\"name\":\"Produits\",\"item\":\"https:\\\/\\\/lda.be\\\/fr\\\/produits\\\/\"},{\"@type\":\"ListItem\",\"position\":3,\"name\":\"OPAP obturateur gonflable anti-pollution\"}]},{\"@type\":\"WebSite\",\"@id\":\"https:\\\/\\\/lda.be\\\/fr\\\/#website\",\"url\":\"https:\\\/\\\/lda.be\\\/fr\\\/\",\"name\":\"LDA Belgium\",\"description\":\"Solutions For Life\",\"publisher\":{\"@id\":\"https:\\\/\\\/lda.be\\\/fr\\\/#organization\"},\"potentialAction\":[{\"@type\":\"SearchAction\",\"target\":{\"@type\":\"EntryPoint\",\"urlTemplate\":\"https:\\\/\\\/lda.be\\\/fr\\\/?s={search_term_string}\"},\"query-input\":{\"@type\":\"PropertyValueSpecification\",\"valueRequired\":true,\"valueName\":\"search_term_string\"}}],\"inLanguage\":\"fr-FR\"},{\"@type\":\"Organization\",\"@id\":\"https:\\\/\\\/lda.be\\\/fr\\\/#organization\",\"name\":\"LDA Belgium\",\"url\":\"https:\\\/\\\/lda.be\\\/fr\\\/\",\"logo\":{\"@type\":\"ImageObject\",\"inLanguage\":\"fr-FR\",\"@id\":\"https:\\\/\\\/lda.be\\\/fr\\\/#\\\/schema\\\/logo\\\/image\\\/\",\"url\":\"https:\\\/\\\/lda.be\\\/wp-content\\\/uploads\\\/2022\\\/07\\\/Logo-LDA.webp\",\"contentUrl\":\"https:\\\/\\\/lda.be\\\/wp-content\\\/uploads\\\/2022\\\/07\\\/Logo-LDA.webp\",\"width\":311,\"height\":101,\"caption\":\"LDA Belgium\"},\"image\":{\"@id\":\"https:\\\/\\\/lda.be\\\/fr\\\/#\\\/schema\\\/logo\\\/image\\\/\"},\"sameAs\":[\"https:\\\/\\\/www.linkedin.com\\\/company\\\/lda-belgium-nv\"]}]}<\/script>\n<!-- \/ Yoast SEO plugin. -->","yoast_head_json":{"title":"OPAP obturateur gonflable anti-pollution - LDA Belgique","description":"PRONAL OPAP obturateur gonflable anti-pollution pour conduites jusqu'\u00e0 \u00d81000 mm de PRONAL. Ce sont des vannes d'arr\u00eat pour la construction, la r\u00e9paration et l'entretien du r\u00e9seau d'adduction d'eau.","robots":{"index":"index","follow":"follow","max-snippet":"max-snippet:-1","max-image-preview":"max-image-preview:large","max-video-preview":"max-video-preview:-1"},"canonical":"https:\/\/lda.be\/fr\/produit\/opap-obturateur-gonflable-anti-pollution\/","og_locale":"fr_FR","og_type":"article","og_title":"OPAP obturateur gonflable anti-pollution - LDA Belgique","og_description":"PRONAL OPAP obturateur gonflable anti-pollution pour conduites jusqu'\u00e0 \u00d81000 mm de PRONAL. Ce sont des vannes d'arr\u00eat pour la construction, la r\u00e9paration et l'entretien du r\u00e9seau d'adduction d'eau.","og_url":"https:\/\/lda.be\/fr\/produit\/opap-obturateur-gonflable-anti-pollution\/","og_site_name":"LDA Belgique","article_modified_time":"2025-09-09T13:58:18+00:00","og_image":[{"width":800,"height":800,"url":"https:\/\/lda.be\/wp-content\/uploads\/2025\/09\/pronal-opap.webp","type":"image\/webp"}],"twitter_card":"summary_large_image","twitter_misc":{"Dur\u00e9e de lecture estim\u00e9e":"2 minutes"},"schema":{"@context":"https:\/\/schema.org","@graph":[{"@type":"WebPage","@id":"https:\/\/lda.be\/fr\/produit\/opap-obturateur-gonflable-anti-pollution\/","url":"https:\/\/lda.be\/fr\/produit\/opap-obturateur-gonflable-anti-pollution\/","name":"OPAP obturateur gonflable anti-pollution - LDA Belgique","isPartOf":{"@id":"https:\/\/lda.be\/fr\/#website"},"primaryImageOfPage":{"@id":"https:\/\/lda.be\/fr\/produit\/opap-obturateur-gonflable-anti-pollution\/#primaryimage"},"image":{"@id":"https:\/\/lda.be\/fr\/produit\/opap-obturateur-gonflable-anti-pollution\/#primaryimage"},"thumbnailUrl":"https:\/\/lda.be\/wp-content\/uploads\/2025\/09\/pronal-opap.webp","datePublished":"2025-09-09T13:36:12+00:00","dateModified":"2025-09-09T13:58:18+00:00","description":"PRONAL OPAP obturateur gonflable anti-pollution pour conduites jusqu'\u00e0 \u00d81000 mm de PRONAL. Ce sont des vannes d'arr\u00eat pour la construction, la r\u00e9paration et l'entretien du r\u00e9seau d'adduction d'eau.","breadcrumb":{"@id":"https:\/\/lda.be\/fr\/produit\/opap-obturateur-gonflable-anti-pollution\/#breadcrumb"},"inLanguage":"fr-FR","potentialAction":[{"@type":"ReadAction","target":["https:\/\/lda.be\/fr\/produit\/opap-obturateur-gonflable-anti-pollution\/"]}]},{"@type":"ImageObject","inLanguage":"fr-FR","@id":"https:\/\/lda.be\/fr\/produit\/opap-obturateur-gonflable-anti-pollution\/#primaryimage","url":"https:\/\/lda.be\/wp-content\/uploads\/2025\/09\/pronal-opap.webp","contentUrl":"https:\/\/lda.be\/wp-content\/uploads\/2025\/09\/pronal-opap.webp","width":800,"height":800,"caption":"PRONAL OPAP"},{"@type":"BreadcrumbList","@id":"https:\/\/lda.be\/fr\/produit\/opap-obturateur-gonflable-anti-pollution\/#breadcrumb","itemListElement":[{"@type":"ListItem","position":1,"name":"Accueil","item":"https:\/\/lda.be\/fr\/"},{"@type":"ListItem","position":2,"name":"Produits","item":"https:\/\/lda.be\/fr\/produits\/"},{"@type":"ListItem","position":3,"name":"OPAP obturateur gonflable anti-pollution"}]},{"@type":"WebSite","@id":"https:\/\/lda.be\/fr\/#website","url":"https:\/\/lda.be\/fr\/","name":"LDA Belgium","description":"Solutions For Life","publisher":{"@id":"https:\/\/lda.be\/fr\/#organization"},"potentialAction":[{"@type":"SearchAction","target":{"@type":"EntryPoint","urlTemplate":"https:\/\/lda.be\/fr\/?s={search_term_string}"},"query-input":{"@type":"PropertyValueSpecification","valueRequired":true,"valueName":"search_term_string"}}],"inLanguage":"fr-FR"},{"@type":"Organization","@id":"https:\/\/lda.be\/fr\/#organization","name":"LDA Belgium","url":"https:\/\/lda.be\/fr\/","logo":{"@type":"ImageObject","inLanguage":"fr-FR","@id":"https:\/\/lda.be\/fr\/#\/schema\/logo\/image\/","url":"https:\/\/lda.be\/wp-content\/uploads\/2022\/07\/Logo-LDA.webp","contentUrl":"https:\/\/lda.be\/wp-content\/uploads\/2022\/07\/Logo-LDA.webp","width":311,"height":101,"caption":"LDA Belgium"},"image":{"@id":"https:\/\/lda.be\/fr\/#\/schema\/logo\/image\/"},"sameAs":["https:\/\/www.linkedin.com\/company\/lda-belgium-nv"]}]}},"_links":{"self":[{"href":"https:\/\/lda.be\/fr\/wp-json\/wp\/v2\/product\/11881","targetHints":{"allow":["GET"]}}],"collection":[{"href":"https:\/\/lda.be\/fr\/wp-json\/wp\/v2\/product"}],"about":[{"href":"https:\/\/lda.be\/fr\/wp-json\/wp\/v2\/types\/product"}],"replies":[{"embeddable":true,"href":"https:\/\/lda.be\/fr\/wp-json\/wp\/v2\/comments?post=11881"}],"wp:featuredmedia":[{"embeddable":true,"href":"https:\/\/lda.be\/fr\/wp-json\/wp\/v2\/media\/11875"}],"wp:attachment":[{"href":"https:\/\/lda.be\/fr\/wp-json\/wp\/v2\/media?parent=11881"}],"wp:term":[{"taxonomy":"product_brand","embeddable":true,"href":"https:\/\/lda.be\/fr\/wp-json\/wp\/v2\/product_brand?post=11881"},{"taxonomy":"product_cat","embeddable":true,"href":"https:\/\/lda.be\/fr\/wp-json\/wp\/v2\/product_cat?post=11881"},{"taxonomy":"product_tag","embeddable":true,"href":"https:\/\/lda.be\/fr\/wp-json\/wp\/v2\/product_tag?post=11881"}],"curies":[{"name":"wp","href":"https:\/\/api.w.org\/{rel}","templated":true}]}}