{"id":11905,"date":"2025-09-10T14:50:05","date_gmt":"2025-09-10T13:50:05","guid":{"rendered":"https:\/\/lda.be\/?post_type=product&#038;p=11905"},"modified":"2025-09-10T15:06:14","modified_gmt":"2025-09-10T14:06:14","slug":"serie-ecfa-verins-electriques-a-vis-a-billes","status":"publish","type":"product","link":"https:\/\/lda.be\/fr\/produit\/serie-ecfa-verins-electriques-a-vis-a-billes\/","title":{"rendered":"S\u00e9rie ECFA V\u00e9rins \u00e9lectriques \u00e0 vis \u00e0 billes"},"content":{"rendered":"<p>Les v\u00e9rin \u00e9lectrique avec vis \u00e0 billes de la s\u00e9rie ECFA sont des actionneurs puissants \u00e0 tige con\u00e7us pour offrir pr\u00e9cision et fiabilit\u00e9. Ils sont \u00e9quip\u00e9s d&#8217;un guidage lin\u00e9aire int\u00e9gr\u00e9 afin de minimiser le jeu de rotation et d&#8217;offrir un soutien sup\u00e9rieur de la tige. La s\u00e9rie ECFA est disponible en tant que solution compl\u00e8te avec un moteur Teknic ClearPath\u00ae s\u00e9rie MC, une alimentation et un c\u00e2blage en option. Le v\u00e9rin \u00e9lectrique offre des performances et une valeur sup\u00e9rieures \u00e0 celles des positionneurs de robots comparables.<\/p>\n<p>L&#8217;ECFA est \u00e9quip\u00e9 d&#8217;un guidage lin\u00e9aire int\u00e9gr\u00e9 pour minimiser le jeu de rotation et offrir un soutien sup\u00e9rieur de la tige, et comprend une vis \u00e0 billes de classe C7 avec un pas de 5, 10 et 20 mm. Avec des options de montage simples en haut et en bas, des graisseurs facilement accessibles pour une dur\u00e9e de vie prolong\u00e9e et un frein optionnel pour la s\u00e9curit\u00e9 en cas de panne de courant, l&#8217;ECFA offre des performances et une valeur sup\u00e9rieures \u00e0 celles des solutions \u00e0 moteur pas \u00e0 pas int\u00e9gr\u00e9es de prix comparable.<\/p>\n","protected":false},"excerpt":{"rendered":"<p>Les v\u00e9rin \u00e9lectrique avec vis \u00e0 billes de la s\u00e9rie ECFA sont des actionneurs puissants \u00e0 tige con\u00e7us pour offrir pr\u00e9cision et fiabilit\u00e9. Ils sont \u00e9quip\u00e9s d&#8217;un guidage lin\u00e9aire int\u00e9gr\u00e9 afin de minimiser le jeu de rotation et d&#8217;offrir un soutien sup\u00e9rieur de la tige. La s\u00e9rie ECFA est disponible en tant que solution compl\u00e8te [&hellip;]<\/p>\n","protected":false},"featured_media":11895,"comment_status":"closed","ping_status":"closed","template":"","meta":[],"product_brand":[1277],"product_cat":[838,874],"product_tag":[],"class_list":{"0":"post-11905","1":"product","2":"type-product","3":"status-publish","4":"has-post-thumbnail","6":"product_brand-phd","7":"product_cat-electricite","8":"product_cat-actionneur-a-tige","10":"first","11":"instock","12":"shipping-taxable","13":"product-type-simple"},"yoast_head":"<!-- This site is optimized with the Yoast SEO plugin v27.3 - https:\/\/yoast.com\/product\/yoast-seo-wordpress\/ -->\n<title>S\u00e9rie ECFA V\u00e9rins \u00e9lectriques \u00e0 vis \u00e0 billes - LDA Belgique<\/title>\n<meta name=\"description\" content=\"PHDinc S\u00e9rie ECFA V\u00e9rins \u00e9lectriques \u00e0 vis \u00e0 billes 12 V, disponibles jusqu&#039;\u00e0 48 VCC et 75 VCC. Actionneur complet avec moteur en option. Tous les mouvements sont possibles !\u2069\" \/>\n<meta name=\"robots\" content=\"index, follow, max-snippet:-1, max-image-preview:large, max-video-preview:-1\" \/>\n<link rel=\"canonical\" href=\"https:\/\/lda.be\/fr\/produit\/serie-ecfa-verins-electriques-a-vis-a-billes\/\" \/>\n<meta property=\"og:locale\" content=\"fr_FR\" \/>\n<meta property=\"og:type\" content=\"article\" \/>\n<meta property=\"og:title\" content=\"S\u00e9rie ECFA V\u00e9rins \u00e9lectriques \u00e0 vis \u00e0 billes - LDA Belgique\" \/>\n<meta property=\"og:description\" content=\"PHDinc S\u00e9rie ECFA V\u00e9rins \u00e9lectriques \u00e0 vis \u00e0 billes 12 V, disponibles jusqu&#039;\u00e0 48 VCC et 75 VCC. Actionneur complet avec moteur en option. Tous les mouvements sont possibles !\u2069\" \/>\n<meta property=\"og:url\" content=\"https:\/\/lda.be\/fr\/produit\/serie-ecfa-verins-electriques-a-vis-a-billes\/\" \/>\n<meta property=\"og:site_name\" content=\"LDA Belgique\" \/>\n<meta property=\"article:modified_time\" content=\"2025-09-10T14:06:14+00:00\" \/>\n<meta property=\"og:image\" content=\"https:\/\/lda.be\/wp-content\/uploads\/2025\/09\/Series-ECFA-EElektrocilinders-met-kogelomloop-spindel.webp\" \/>\n\t<meta property=\"og:image:width\" content=\"800\" \/>\n\t<meta property=\"og:image:height\" content=\"800\" \/>\n\t<meta property=\"og:image:type\" content=\"image\/webp\" \/>\n<meta name=\"twitter:card\" content=\"summary_large_image\" \/>\n<meta name=\"twitter:label1\" content=\"Dur\u00e9e de lecture estim\u00e9e\" \/>\n\t<meta name=\"twitter:data1\" content=\"1 minute\" \/>\n<script type=\"application\/ld+json\" class=\"yoast-schema-graph\">{\"@context\":\"https:\\\/\\\/schema.org\",\"@graph\":[{\"@type\":\"WebPage\",\"@id\":\"https:\\\/\\\/lda.be\\\/fr\\\/produit\\\/serie-ecfa-verins-electriques-a-vis-a-billes\\\/\",\"url\":\"https:\\\/\\\/lda.be\\\/fr\\\/produit\\\/serie-ecfa-verins-electriques-a-vis-a-billes\\\/\",\"name\":\"S\u00e9rie ECFA V\u00e9rins \u00e9lectriques \u00e0 vis \u00e0 billes - LDA Belgique\",\"isPartOf\":{\"@id\":\"https:\\\/\\\/lda.be\\\/fr\\\/#website\"},\"primaryImageOfPage\":{\"@id\":\"https:\\\/\\\/lda.be\\\/fr\\\/produit\\\/serie-ecfa-verins-electriques-a-vis-a-billes\\\/#primaryimage\"},\"image\":{\"@id\":\"https:\\\/\\\/lda.be\\\/fr\\\/produit\\\/serie-ecfa-verins-electriques-a-vis-a-billes\\\/#primaryimage\"},\"thumbnailUrl\":\"https:\\\/\\\/lda.be\\\/wp-content\\\/uploads\\\/2025\\\/09\\\/Series-ECFA-EElektrocilinders-met-kogelomloop-spindel.webp\",\"datePublished\":\"2025-09-10T13:50:05+00:00\",\"dateModified\":\"2025-09-10T14:06:14+00:00\",\"description\":\"PHDinc S\u00e9rie ECFA V\u00e9rins \u00e9lectriques \u00e0 vis \u00e0 billes 12 V, disponibles jusqu'\u00e0 48 VCC et 75 VCC. Actionneur complet avec moteur en option. Tous les mouvements sont possibles !\u2069\",\"breadcrumb\":{\"@id\":\"https:\\\/\\\/lda.be\\\/fr\\\/produit\\\/serie-ecfa-verins-electriques-a-vis-a-billes\\\/#breadcrumb\"},\"inLanguage\":\"fr-FR\",\"potentialAction\":[{\"@type\":\"ReadAction\",\"target\":[\"https:\\\/\\\/lda.be\\\/fr\\\/produit\\\/serie-ecfa-verins-electriques-a-vis-a-billes\\\/\"]}]},{\"@type\":\"ImageObject\",\"inLanguage\":\"fr-FR\",\"@id\":\"https:\\\/\\\/lda.be\\\/fr\\\/produit\\\/serie-ecfa-verins-electriques-a-vis-a-billes\\\/#primaryimage\",\"url\":\"https:\\\/\\\/lda.be\\\/wp-content\\\/uploads\\\/2025\\\/09\\\/Series-ECFA-EElektrocilinders-met-kogelomloop-spindel.webp\",\"contentUrl\":\"https:\\\/\\\/lda.be\\\/wp-content\\\/uploads\\\/2025\\\/09\\\/Series-ECFA-EElektrocilinders-met-kogelomloop-spindel.webp\",\"width\":800,\"height\":800},{\"@type\":\"BreadcrumbList\",\"@id\":\"https:\\\/\\\/lda.be\\\/fr\\\/produit\\\/serie-ecfa-verins-electriques-a-vis-a-billes\\\/#breadcrumb\",\"itemListElement\":[{\"@type\":\"ListItem\",\"position\":1,\"name\":\"Accueil\",\"item\":\"https:\\\/\\\/lda.be\\\/fr\\\/\"},{\"@type\":\"ListItem\",\"position\":2,\"name\":\"Produits\",\"item\":\"https:\\\/\\\/lda.be\\\/fr\\\/produits\\\/\"},{\"@type\":\"ListItem\",\"position\":3,\"name\":\"S\u00e9rie ECFA V\u00e9rins \u00e9lectriques \u00e0 vis \u00e0 billes\"}]},{\"@type\":\"WebSite\",\"@id\":\"https:\\\/\\\/lda.be\\\/fr\\\/#website\",\"url\":\"https:\\\/\\\/lda.be\\\/fr\\\/\",\"name\":\"LDA Belgium\",\"description\":\"Solutions For Life\",\"publisher\":{\"@id\":\"https:\\\/\\\/lda.be\\\/fr\\\/#organization\"},\"potentialAction\":[{\"@type\":\"SearchAction\",\"target\":{\"@type\":\"EntryPoint\",\"urlTemplate\":\"https:\\\/\\\/lda.be\\\/fr\\\/?s={search_term_string}\"},\"query-input\":{\"@type\":\"PropertyValueSpecification\",\"valueRequired\":true,\"valueName\":\"search_term_string\"}}],\"inLanguage\":\"fr-FR\"},{\"@type\":\"Organization\",\"@id\":\"https:\\\/\\\/lda.be\\\/fr\\\/#organization\",\"name\":\"LDA Belgium\",\"url\":\"https:\\\/\\\/lda.be\\\/fr\\\/\",\"logo\":{\"@type\":\"ImageObject\",\"inLanguage\":\"fr-FR\",\"@id\":\"https:\\\/\\\/lda.be\\\/fr\\\/#\\\/schema\\\/logo\\\/image\\\/\",\"url\":\"https:\\\/\\\/lda.be\\\/wp-content\\\/uploads\\\/2022\\\/07\\\/Logo-LDA.webp\",\"contentUrl\":\"https:\\\/\\\/lda.be\\\/wp-content\\\/uploads\\\/2022\\\/07\\\/Logo-LDA.webp\",\"width\":311,\"height\":101,\"caption\":\"LDA Belgium\"},\"image\":{\"@id\":\"https:\\\/\\\/lda.be\\\/fr\\\/#\\\/schema\\\/logo\\\/image\\\/\"},\"sameAs\":[\"https:\\\/\\\/www.linkedin.com\\\/company\\\/lda-belgium-nv\"]}]}<\/script>\n<!-- \/ Yoast SEO plugin. -->","yoast_head_json":{"title":"S\u00e9rie ECFA V\u00e9rins \u00e9lectriques \u00e0 vis \u00e0 billes - LDA Belgique","description":"PHDinc S\u00e9rie ECFA V\u00e9rins \u00e9lectriques \u00e0 vis \u00e0 billes 12 V, disponibles jusqu'\u00e0 48 VCC et 75 VCC. Actionneur complet avec moteur en option. Tous les mouvements sont possibles !\u2069","robots":{"index":"index","follow":"follow","max-snippet":"max-snippet:-1","max-image-preview":"max-image-preview:large","max-video-preview":"max-video-preview:-1"},"canonical":"https:\/\/lda.be\/fr\/produit\/serie-ecfa-verins-electriques-a-vis-a-billes\/","og_locale":"fr_FR","og_type":"article","og_title":"S\u00e9rie ECFA V\u00e9rins \u00e9lectriques \u00e0 vis \u00e0 billes - LDA Belgique","og_description":"PHDinc S\u00e9rie ECFA V\u00e9rins \u00e9lectriques \u00e0 vis \u00e0 billes 12 V, disponibles jusqu'\u00e0 48 VCC et 75 VCC. Actionneur complet avec moteur en option. Tous les mouvements sont possibles !\u2069","og_url":"https:\/\/lda.be\/fr\/produit\/serie-ecfa-verins-electriques-a-vis-a-billes\/","og_site_name":"LDA Belgique","article_modified_time":"2025-09-10T14:06:14+00:00","og_image":[{"width":800,"height":800,"url":"https:\/\/lda.be\/wp-content\/uploads\/2025\/09\/Series-ECFA-EElektrocilinders-met-kogelomloop-spindel.webp","type":"image\/webp"}],"twitter_card":"summary_large_image","twitter_misc":{"Dur\u00e9e de lecture estim\u00e9e":"1 minute"},"schema":{"@context":"https:\/\/schema.org","@graph":[{"@type":"WebPage","@id":"https:\/\/lda.be\/fr\/produit\/serie-ecfa-verins-electriques-a-vis-a-billes\/","url":"https:\/\/lda.be\/fr\/produit\/serie-ecfa-verins-electriques-a-vis-a-billes\/","name":"S\u00e9rie ECFA V\u00e9rins \u00e9lectriques \u00e0 vis \u00e0 billes - LDA Belgique","isPartOf":{"@id":"https:\/\/lda.be\/fr\/#website"},"primaryImageOfPage":{"@id":"https:\/\/lda.be\/fr\/produit\/serie-ecfa-verins-electriques-a-vis-a-billes\/#primaryimage"},"image":{"@id":"https:\/\/lda.be\/fr\/produit\/serie-ecfa-verins-electriques-a-vis-a-billes\/#primaryimage"},"thumbnailUrl":"https:\/\/lda.be\/wp-content\/uploads\/2025\/09\/Series-ECFA-EElektrocilinders-met-kogelomloop-spindel.webp","datePublished":"2025-09-10T13:50:05+00:00","dateModified":"2025-09-10T14:06:14+00:00","description":"PHDinc S\u00e9rie ECFA V\u00e9rins \u00e9lectriques \u00e0 vis \u00e0 billes 12 V, disponibles jusqu'\u00e0 48 VCC et 75 VCC. Actionneur complet avec moteur en option. Tous les mouvements sont possibles !\u2069","breadcrumb":{"@id":"https:\/\/lda.be\/fr\/produit\/serie-ecfa-verins-electriques-a-vis-a-billes\/#breadcrumb"},"inLanguage":"fr-FR","potentialAction":[{"@type":"ReadAction","target":["https:\/\/lda.be\/fr\/produit\/serie-ecfa-verins-electriques-a-vis-a-billes\/"]}]},{"@type":"ImageObject","inLanguage":"fr-FR","@id":"https:\/\/lda.be\/fr\/produit\/serie-ecfa-verins-electriques-a-vis-a-billes\/#primaryimage","url":"https:\/\/lda.be\/wp-content\/uploads\/2025\/09\/Series-ECFA-EElektrocilinders-met-kogelomloop-spindel.webp","contentUrl":"https:\/\/lda.be\/wp-content\/uploads\/2025\/09\/Series-ECFA-EElektrocilinders-met-kogelomloop-spindel.webp","width":800,"height":800},{"@type":"BreadcrumbList","@id":"https:\/\/lda.be\/fr\/produit\/serie-ecfa-verins-electriques-a-vis-a-billes\/#breadcrumb","itemListElement":[{"@type":"ListItem","position":1,"name":"Accueil","item":"https:\/\/lda.be\/fr\/"},{"@type":"ListItem","position":2,"name":"Produits","item":"https:\/\/lda.be\/fr\/produits\/"},{"@type":"ListItem","position":3,"name":"S\u00e9rie ECFA V\u00e9rins \u00e9lectriques \u00e0 vis \u00e0 billes"}]},{"@type":"WebSite","@id":"https:\/\/lda.be\/fr\/#website","url":"https:\/\/lda.be\/fr\/","name":"LDA Belgium","description":"Solutions For Life","publisher":{"@id":"https:\/\/lda.be\/fr\/#organization"},"potentialAction":[{"@type":"SearchAction","target":{"@type":"EntryPoint","urlTemplate":"https:\/\/lda.be\/fr\/?s={search_term_string}"},"query-input":{"@type":"PropertyValueSpecification","valueRequired":true,"valueName":"search_term_string"}}],"inLanguage":"fr-FR"},{"@type":"Organization","@id":"https:\/\/lda.be\/fr\/#organization","name":"LDA Belgium","url":"https:\/\/lda.be\/fr\/","logo":{"@type":"ImageObject","inLanguage":"fr-FR","@id":"https:\/\/lda.be\/fr\/#\/schema\/logo\/image\/","url":"https:\/\/lda.be\/wp-content\/uploads\/2022\/07\/Logo-LDA.webp","contentUrl":"https:\/\/lda.be\/wp-content\/uploads\/2022\/07\/Logo-LDA.webp","width":311,"height":101,"caption":"LDA Belgium"},"image":{"@id":"https:\/\/lda.be\/fr\/#\/schema\/logo\/image\/"},"sameAs":["https:\/\/www.linkedin.com\/company\/lda-belgium-nv"]}]}},"_links":{"self":[{"href":"https:\/\/lda.be\/fr\/wp-json\/wp\/v2\/product\/11905","targetHints":{"allow":["GET"]}}],"collection":[{"href":"https:\/\/lda.be\/fr\/wp-json\/wp\/v2\/product"}],"about":[{"href":"https:\/\/lda.be\/fr\/wp-json\/wp\/v2\/types\/product"}],"replies":[{"embeddable":true,"href":"https:\/\/lda.be\/fr\/wp-json\/wp\/v2\/comments?post=11905"}],"wp:featuredmedia":[{"embeddable":true,"href":"https:\/\/lda.be\/fr\/wp-json\/wp\/v2\/media\/11895"}],"wp:attachment":[{"href":"https:\/\/lda.be\/fr\/wp-json\/wp\/v2\/media?parent=11905"}],"wp:term":[{"taxonomy":"product_brand","embeddable":true,"href":"https:\/\/lda.be\/fr\/wp-json\/wp\/v2\/product_brand?post=11905"},{"taxonomy":"product_cat","embeddable":true,"href":"https:\/\/lda.be\/fr\/wp-json\/wp\/v2\/product_cat?post=11905"},{"taxonomy":"product_tag","embeddable":true,"href":"https:\/\/lda.be\/fr\/wp-json\/wp\/v2\/product_tag?post=11905"}],"curies":[{"name":"wp","href":"https:\/\/api.w.org\/{rel}","templated":true}]}}