{"id":11950,"date":"2025-09-11T12:34:44","date_gmt":"2025-09-11T11:34:44","guid":{"rendered":"https:\/\/lda.be\/?post_type=product&#038;p=11950"},"modified":"2026-04-30T13:42:18","modified_gmt":"2026-04-30T12:42:18","slug":"esu-rt-serie-verins-sans-tige-a-courroie-lineaire","status":"publish","type":"product","link":"https:\/\/lda.be\/fr\/produit\/esu-rt-serie-verins-sans-tige-a-courroie-lineaire\/","title":{"rendered":"ESU-RT s\u00e9rie v\u00e9rins sans tige \u00e0 courroie lin\u00e9aire axes"},"content":{"rendered":"<p>Les v\u00e9rins lin\u00e9aires axes \u00e9lectriques \u00e0 courroie de la s\u00e9rie ESU se caract\u00e9risent par une conception robuste et ferm\u00e9e, avec un syst\u00e8me de roulements \u00e0 grande capacit\u00e9 offrant un couple et une capacit\u00e9 de charge exceptionnels. Disponibles en trois tailles, avec des courses allant jusqu&#8217;\u00e0 5 500 mm et des vitesses pouvant atteindre 5 000 mm\/s, ces actionneurs lin\u00e9aires \u00e9lectriques peuvent \u00eatre combin\u00e9s pour cr\u00e9er pratiquement n&#8217;importe quel syst\u00e8me r\u00e9pondant \u00e0 vos besoins en mati\u00e8re de robots cart\u00e9siens. Parmi les autres caract\u00e9ristiques cl\u00e9s, citons : une version \u00e0 double selle en option, un joint \u00e0 bande magn\u00e9tique \u00e9prouv\u00e9 offrant une protection IP54 et une courroie HTD8 pour des performances sup\u00e9rieures. Le programme \u00ab Your Motor, Your Way \u00bb offre une grande flexibilit\u00e9 en mati\u00e8re de moteurs et de commandes. Des solutions compl\u00e8tes sont \u00e9galement disponibles avec le moteur install\u00e9 par PHD. Ces capacit\u00e9s font des actionneurs de la s\u00e9rie ESU la solution optimale pour les applications d&#8217;automatisation les plus exigeantes.<\/p>\n","protected":false},"excerpt":{"rendered":"<p>Les v\u00e9rins lin\u00e9aires axes \u00e9lectriques \u00e0 courroie de la s\u00e9rie ESU se caract\u00e9risent par une conception robuste et ferm\u00e9e, avec un syst\u00e8me de roulements \u00e0 grande capacit\u00e9 offrant un couple et une capacit\u00e9 de charge exceptionnels. Disponibles en trois tailles, avec des courses allant jusqu&#8217;\u00e0 5 500 mm et des vitesses pouvant atteindre 5 000 [&hellip;]<\/p>\n","protected":false},"featured_media":11942,"comment_status":"closed","ping_status":"closed","template":"","meta":[],"product_brand":[1277],"product_cat":[838,870],"product_tag":[],"class_list":{"0":"post-11950","1":"product","2":"type-product","3":"status-publish","4":"has-post-thumbnail","6":"product_brand-phd","7":"product_cat-electricite","8":"product_cat-actionneurs-a-courroie-a-axes-lineaires","10":"first","11":"instock","12":"shipping-taxable","13":"product-type-simple"},"yoast_head":"<!-- This site is optimized with the Yoast SEO plugin v27.3 - https:\/\/yoast.com\/product\/yoast-seo-wordpress\/ -->\n<title>ESU-RT s\u00e9rie v\u00e9rins sans tige \u00e0 courroie lin\u00e9aire axes - LDA Belgique<\/title>\n<meta name=\"description\" content=\"Cylindres \u00e0 vis \u00e0 billes \u00e9lectrique v\u00e9rins sans tige \u00e0 courroie lin\u00e9aire axes pour le positionnement de robots et l&#039;industrie de pr\u00e9cision. Actionneur complet avec moteur,\" \/>\n<meta name=\"robots\" content=\"index, follow, max-snippet:-1, max-image-preview:large, max-video-preview:-1\" \/>\n<link rel=\"canonical\" href=\"https:\/\/lda.be\/fr\/produit\/esu-rt-serie-verins-sans-tige-a-courroie-lineaire\/\" \/>\n<meta property=\"og:locale\" content=\"fr_FR\" \/>\n<meta property=\"og:type\" content=\"article\" \/>\n<meta property=\"og:title\" content=\"ESU-RT s\u00e9rie v\u00e9rins sans tige \u00e0 courroie lin\u00e9aire axes - LDA Belgique\" \/>\n<meta property=\"og:description\" content=\"Cylindres \u00e0 vis \u00e0 billes \u00e9lectrique v\u00e9rins sans tige \u00e0 courroie lin\u00e9aire axes pour le positionnement de robots et l&#039;industrie de pr\u00e9cision. Actionneur complet avec moteur,\" \/>\n<meta property=\"og:url\" content=\"https:\/\/lda.be\/fr\/produit\/esu-rt-serie-verins-sans-tige-a-courroie-lineaire\/\" \/>\n<meta property=\"og:site_name\" content=\"LDA Belgique\" \/>\n<meta property=\"article:modified_time\" content=\"2026-04-30T12:42:18+00:00\" \/>\n<meta property=\"og:image\" content=\"https:\/\/lda.be\/wp-content\/uploads\/2025\/09\/Series-ESU-RT-Electric-Belt-Driven-Linear-Actuator.webp\" \/>\n\t<meta property=\"og:image:width\" content=\"800\" \/>\n\t<meta property=\"og:image:height\" content=\"800\" \/>\n\t<meta property=\"og:image:type\" content=\"image\/webp\" \/>\n<meta name=\"twitter:card\" content=\"summary_large_image\" \/>\n<meta name=\"twitter:label1\" content=\"Dur\u00e9e de lecture estim\u00e9e\" \/>\n\t<meta name=\"twitter:data1\" content=\"1 minute\" \/>\n<script type=\"application\/ld+json\" class=\"yoast-schema-graph\">{\"@context\":\"https:\\\/\\\/schema.org\",\"@graph\":[{\"@type\":\"WebPage\",\"@id\":\"https:\\\/\\\/lda.be\\\/fr\\\/produit\\\/esu-rt-serie-verins-sans-tige-a-courroie-lineaire\\\/\",\"url\":\"https:\\\/\\\/lda.be\\\/fr\\\/produit\\\/esu-rt-serie-verins-sans-tige-a-courroie-lineaire\\\/\",\"name\":\"ESU-RT s\u00e9rie v\u00e9rins sans tige \u00e0 courroie lin\u00e9aire axes - LDA Belgique\",\"isPartOf\":{\"@id\":\"https:\\\/\\\/lda.be\\\/fr\\\/#website\"},\"primaryImageOfPage\":{\"@id\":\"https:\\\/\\\/lda.be\\\/fr\\\/produit\\\/esu-rt-serie-verins-sans-tige-a-courroie-lineaire\\\/#primaryimage\"},\"image\":{\"@id\":\"https:\\\/\\\/lda.be\\\/fr\\\/produit\\\/esu-rt-serie-verins-sans-tige-a-courroie-lineaire\\\/#primaryimage\"},\"thumbnailUrl\":\"https:\\\/\\\/lda.be\\\/wp-content\\\/uploads\\\/2025\\\/09\\\/Series-ESU-RT-Electric-Belt-Driven-Linear-Actuator.webp\",\"datePublished\":\"2025-09-11T11:34:44+00:00\",\"dateModified\":\"2026-04-30T12:42:18+00:00\",\"description\":\"Cylindres \u00e0 vis \u00e0 billes \u00e9lectrique v\u00e9rins sans tige \u00e0 courroie lin\u00e9aire axes pour le positionnement de robots et l'industrie de pr\u00e9cision. Actionneur complet avec moteur,\",\"breadcrumb\":{\"@id\":\"https:\\\/\\\/lda.be\\\/fr\\\/produit\\\/esu-rt-serie-verins-sans-tige-a-courroie-lineaire\\\/#breadcrumb\"},\"inLanguage\":\"fr-FR\",\"potentialAction\":[{\"@type\":\"ReadAction\",\"target\":[\"https:\\\/\\\/lda.be\\\/fr\\\/produit\\\/esu-rt-serie-verins-sans-tige-a-courroie-lineaire\\\/\"]}]},{\"@type\":\"ImageObject\",\"inLanguage\":\"fr-FR\",\"@id\":\"https:\\\/\\\/lda.be\\\/fr\\\/produit\\\/esu-rt-serie-verins-sans-tige-a-courroie-lineaire\\\/#primaryimage\",\"url\":\"https:\\\/\\\/lda.be\\\/wp-content\\\/uploads\\\/2025\\\/09\\\/Series-ESU-RT-Electric-Belt-Driven-Linear-Actuator.webp\",\"contentUrl\":\"https:\\\/\\\/lda.be\\\/wp-content\\\/uploads\\\/2025\\\/09\\\/Series-ESU-RT-Electric-Belt-Driven-Linear-Actuator.webp\",\"width\":800,\"height\":800},{\"@type\":\"BreadcrumbList\",\"@id\":\"https:\\\/\\\/lda.be\\\/fr\\\/produit\\\/esu-rt-serie-verins-sans-tige-a-courroie-lineaire\\\/#breadcrumb\",\"itemListElement\":[{\"@type\":\"ListItem\",\"position\":1,\"name\":\"Accueil\",\"item\":\"https:\\\/\\\/lda.be\\\/fr\\\/\"},{\"@type\":\"ListItem\",\"position\":2,\"name\":\"Produits\",\"item\":\"https:\\\/\\\/lda.be\\\/fr\\\/produits\\\/\"},{\"@type\":\"ListItem\",\"position\":3,\"name\":\"ESU-RT s\u00e9rie v\u00e9rins sans tige \u00e0 courroie lin\u00e9aire axes\"}]},{\"@type\":\"WebSite\",\"@id\":\"https:\\\/\\\/lda.be\\\/fr\\\/#website\",\"url\":\"https:\\\/\\\/lda.be\\\/fr\\\/\",\"name\":\"LDA Belgium\",\"description\":\"Solutions For Life\",\"publisher\":{\"@id\":\"https:\\\/\\\/lda.be\\\/fr\\\/#organization\"},\"potentialAction\":[{\"@type\":\"SearchAction\",\"target\":{\"@type\":\"EntryPoint\",\"urlTemplate\":\"https:\\\/\\\/lda.be\\\/fr\\\/?s={search_term_string}\"},\"query-input\":{\"@type\":\"PropertyValueSpecification\",\"valueRequired\":true,\"valueName\":\"search_term_string\"}}],\"inLanguage\":\"fr-FR\"},{\"@type\":\"Organization\",\"@id\":\"https:\\\/\\\/lda.be\\\/fr\\\/#organization\",\"name\":\"LDA Belgium\",\"url\":\"https:\\\/\\\/lda.be\\\/fr\\\/\",\"logo\":{\"@type\":\"ImageObject\",\"inLanguage\":\"fr-FR\",\"@id\":\"https:\\\/\\\/lda.be\\\/fr\\\/#\\\/schema\\\/logo\\\/image\\\/\",\"url\":\"https:\\\/\\\/lda.be\\\/wp-content\\\/uploads\\\/2022\\\/07\\\/Logo-LDA.webp\",\"contentUrl\":\"https:\\\/\\\/lda.be\\\/wp-content\\\/uploads\\\/2022\\\/07\\\/Logo-LDA.webp\",\"width\":311,\"height\":101,\"caption\":\"LDA Belgium\"},\"image\":{\"@id\":\"https:\\\/\\\/lda.be\\\/fr\\\/#\\\/schema\\\/logo\\\/image\\\/\"},\"sameAs\":[\"https:\\\/\\\/www.linkedin.com\\\/company\\\/lda-belgium-nv\"]}]}<\/script>\n<!-- \/ Yoast SEO plugin. -->","yoast_head_json":{"title":"ESU-RT s\u00e9rie v\u00e9rins sans tige \u00e0 courroie lin\u00e9aire axes - LDA Belgique","description":"Cylindres \u00e0 vis \u00e0 billes \u00e9lectrique v\u00e9rins sans tige \u00e0 courroie lin\u00e9aire axes pour le positionnement de robots et l'industrie de pr\u00e9cision. Actionneur complet avec moteur,","robots":{"index":"index","follow":"follow","max-snippet":"max-snippet:-1","max-image-preview":"max-image-preview:large","max-video-preview":"max-video-preview:-1"},"canonical":"https:\/\/lda.be\/fr\/produit\/esu-rt-serie-verins-sans-tige-a-courroie-lineaire\/","og_locale":"fr_FR","og_type":"article","og_title":"ESU-RT s\u00e9rie v\u00e9rins sans tige \u00e0 courroie lin\u00e9aire axes - LDA Belgique","og_description":"Cylindres \u00e0 vis \u00e0 billes \u00e9lectrique v\u00e9rins sans tige \u00e0 courroie lin\u00e9aire axes pour le positionnement de robots et l'industrie de pr\u00e9cision. Actionneur complet avec moteur,","og_url":"https:\/\/lda.be\/fr\/produit\/esu-rt-serie-verins-sans-tige-a-courroie-lineaire\/","og_site_name":"LDA Belgique","article_modified_time":"2026-04-30T12:42:18+00:00","og_image":[{"width":800,"height":800,"url":"https:\/\/lda.be\/wp-content\/uploads\/2025\/09\/Series-ESU-RT-Electric-Belt-Driven-Linear-Actuator.webp","type":"image\/webp"}],"twitter_card":"summary_large_image","twitter_misc":{"Dur\u00e9e de lecture estim\u00e9e":"1 minute"},"schema":{"@context":"https:\/\/schema.org","@graph":[{"@type":"WebPage","@id":"https:\/\/lda.be\/fr\/produit\/esu-rt-serie-verins-sans-tige-a-courroie-lineaire\/","url":"https:\/\/lda.be\/fr\/produit\/esu-rt-serie-verins-sans-tige-a-courroie-lineaire\/","name":"ESU-RT s\u00e9rie v\u00e9rins sans tige \u00e0 courroie lin\u00e9aire axes - LDA Belgique","isPartOf":{"@id":"https:\/\/lda.be\/fr\/#website"},"primaryImageOfPage":{"@id":"https:\/\/lda.be\/fr\/produit\/esu-rt-serie-verins-sans-tige-a-courroie-lineaire\/#primaryimage"},"image":{"@id":"https:\/\/lda.be\/fr\/produit\/esu-rt-serie-verins-sans-tige-a-courroie-lineaire\/#primaryimage"},"thumbnailUrl":"https:\/\/lda.be\/wp-content\/uploads\/2025\/09\/Series-ESU-RT-Electric-Belt-Driven-Linear-Actuator.webp","datePublished":"2025-09-11T11:34:44+00:00","dateModified":"2026-04-30T12:42:18+00:00","description":"Cylindres \u00e0 vis \u00e0 billes \u00e9lectrique v\u00e9rins sans tige \u00e0 courroie lin\u00e9aire axes pour le positionnement de robots et l'industrie de pr\u00e9cision. Actionneur complet avec moteur,","breadcrumb":{"@id":"https:\/\/lda.be\/fr\/produit\/esu-rt-serie-verins-sans-tige-a-courroie-lineaire\/#breadcrumb"},"inLanguage":"fr-FR","potentialAction":[{"@type":"ReadAction","target":["https:\/\/lda.be\/fr\/produit\/esu-rt-serie-verins-sans-tige-a-courroie-lineaire\/"]}]},{"@type":"ImageObject","inLanguage":"fr-FR","@id":"https:\/\/lda.be\/fr\/produit\/esu-rt-serie-verins-sans-tige-a-courroie-lineaire\/#primaryimage","url":"https:\/\/lda.be\/wp-content\/uploads\/2025\/09\/Series-ESU-RT-Electric-Belt-Driven-Linear-Actuator.webp","contentUrl":"https:\/\/lda.be\/wp-content\/uploads\/2025\/09\/Series-ESU-RT-Electric-Belt-Driven-Linear-Actuator.webp","width":800,"height":800},{"@type":"BreadcrumbList","@id":"https:\/\/lda.be\/fr\/produit\/esu-rt-serie-verins-sans-tige-a-courroie-lineaire\/#breadcrumb","itemListElement":[{"@type":"ListItem","position":1,"name":"Accueil","item":"https:\/\/lda.be\/fr\/"},{"@type":"ListItem","position":2,"name":"Produits","item":"https:\/\/lda.be\/fr\/produits\/"},{"@type":"ListItem","position":3,"name":"ESU-RT s\u00e9rie v\u00e9rins sans tige \u00e0 courroie lin\u00e9aire axes"}]},{"@type":"WebSite","@id":"https:\/\/lda.be\/fr\/#website","url":"https:\/\/lda.be\/fr\/","name":"LDA Belgium","description":"Solutions For Life","publisher":{"@id":"https:\/\/lda.be\/fr\/#organization"},"potentialAction":[{"@type":"SearchAction","target":{"@type":"EntryPoint","urlTemplate":"https:\/\/lda.be\/fr\/?s={search_term_string}"},"query-input":{"@type":"PropertyValueSpecification","valueRequired":true,"valueName":"search_term_string"}}],"inLanguage":"fr-FR"},{"@type":"Organization","@id":"https:\/\/lda.be\/fr\/#organization","name":"LDA Belgium","url":"https:\/\/lda.be\/fr\/","logo":{"@type":"ImageObject","inLanguage":"fr-FR","@id":"https:\/\/lda.be\/fr\/#\/schema\/logo\/image\/","url":"https:\/\/lda.be\/wp-content\/uploads\/2022\/07\/Logo-LDA.webp","contentUrl":"https:\/\/lda.be\/wp-content\/uploads\/2022\/07\/Logo-LDA.webp","width":311,"height":101,"caption":"LDA Belgium"},"image":{"@id":"https:\/\/lda.be\/fr\/#\/schema\/logo\/image\/"},"sameAs":["https:\/\/www.linkedin.com\/company\/lda-belgium-nv"]}]}},"_links":{"self":[{"href":"https:\/\/lda.be\/fr\/wp-json\/wp\/v2\/product\/11950","targetHints":{"allow":["GET"]}}],"collection":[{"href":"https:\/\/lda.be\/fr\/wp-json\/wp\/v2\/product"}],"about":[{"href":"https:\/\/lda.be\/fr\/wp-json\/wp\/v2\/types\/product"}],"replies":[{"embeddable":true,"href":"https:\/\/lda.be\/fr\/wp-json\/wp\/v2\/comments?post=11950"}],"wp:featuredmedia":[{"embeddable":true,"href":"https:\/\/lda.be\/fr\/wp-json\/wp\/v2\/media\/11942"}],"wp:attachment":[{"href":"https:\/\/lda.be\/fr\/wp-json\/wp\/v2\/media?parent=11950"}],"wp:term":[{"taxonomy":"product_brand","embeddable":true,"href":"https:\/\/lda.be\/fr\/wp-json\/wp\/v2\/product_brand?post=11950"},{"taxonomy":"product_cat","embeddable":true,"href":"https:\/\/lda.be\/fr\/wp-json\/wp\/v2\/product_cat?post=11950"},{"taxonomy":"product_tag","embeddable":true,"href":"https:\/\/lda.be\/fr\/wp-json\/wp\/v2\/product_tag?post=11950"}],"curies":[{"name":"wp","href":"https:\/\/api.w.org\/{rel}","templated":true}]}}