{"id":11984,"date":"2025-09-15T14:59:11","date_gmt":"2025-09-15T13:59:11","guid":{"rendered":"https:\/\/lda.be\/?post_type=product&#038;p=11984"},"modified":"2025-09-15T15:05:05","modified_gmt":"2025-09-15T14:05:05","slug":"esfa-serie-cilinder-lineaires-a-vis-a-billes","status":"publish","type":"product","link":"https:\/\/lda.be\/fr\/produit\/esfa-serie-cilinder-lineaires-a-vis-a-billes\/","title":{"rendered":"ESFA s\u00e9rie cilinder lin\u00e9aires \u00e0 vis \u00e0 billes"},"content":{"rendered":"<p>La s\u00e9rie ESFA d&#8217;actionneurs lin\u00e9aires \u00e0 vis \u00e0 billes \u00e9lectriques est con\u00e7ue pour les applications robotiques, le pick-and-place, les lignes d&#8217;emballage et l&#8217;assemblage de pr\u00e9cision. Cette solution compacte de type chariot combine un rail profil\u00e9 carr\u00e9 int\u00e9gr\u00e9 et une structure de ch\u00e2ssis pour une charge de couple \u00e9lev\u00e9e dans un format compact. L&#8217;ESFA peut \u00eatre fourni comme solution compl\u00e8te \u00e0 axe unique avec moteur Teknic Clear Path MC, alimentation et c\u00e2blage en option.<\/p>\n<p>Principales applications<\/p>\n<ul>\n<li>Assemblage et manutention dans l&#8217;automatisation industrielle<\/li>\n<li>Positionnement robotis\u00e9 et pick-and-place<\/li>\n<li>Dispositifs de test et de mesure<\/li>\n<li>D\u00e9placements de pr\u00e9cision et micro-d\u00e9placements dans les lignes de production<\/li>\n<\/ul>\n","protected":false},"excerpt":{"rendered":"<p>La s\u00e9rie ESFA d&#8217;actionneurs lin\u00e9aires \u00e0 vis \u00e0 billes \u00e9lectriques est con\u00e7ue pour les applications robotiques, le pick-and-place, les lignes d&#8217;emballage et l&#8217;assemblage de pr\u00e9cision. Cette solution compacte de type chariot combine un rail profil\u00e9 carr\u00e9 int\u00e9gr\u00e9 et une structure de ch\u00e2ssis pour une charge de couple \u00e9lev\u00e9e dans un format compact. L&#8217;ESFA peut \u00eatre [&hellip;]<\/p>\n","protected":false},"featured_media":11982,"comment_status":"closed","ping_status":"closed","template":"","meta":[],"product_brand":[1277],"product_cat":[838,872],"product_tag":[],"class_list":{"0":"post-11984","1":"product","2":"type-product","3":"status-publish","4":"has-post-thumbnail","6":"product_brand-phd","7":"product_cat-electricite","8":"product_cat-actionneurs-a-vis-sans-tige","10":"first","11":"instock","12":"shipping-taxable","13":"product-type-simple"},"yoast_head":"<!-- This site is optimized with the Yoast SEO plugin v27.3 - https:\/\/yoast.com\/product\/yoast-seo-wordpress\/ -->\n<title>ESFA s\u00e9rie cilinder lin\u00e9aires \u00e0 vis \u00e0 billes - LDA Belgique<\/title>\n<meta name=\"description\" content=\"Actionneurs lin\u00e9aires \u00e9lectriques \u00e0 vis \u00e0 billes s\u00e9rie ESFA 24\u201375 VCC pour le positionnement robotis\u00e9, l&#039;assemblage et le pick-and-place. Actionneur compact de type chariot avec rail int\u00e9gr\u00e9 et moteur, alimentation et c\u00e2bles en option.\" \/>\n<meta name=\"robots\" content=\"index, follow, max-snippet:-1, max-image-preview:large, max-video-preview:-1\" \/>\n<link rel=\"canonical\" href=\"https:\/\/lda.be\/fr\/produit\/esfa-serie-cilinder-lineaires-a-vis-a-billes\/\" \/>\n<meta property=\"og:locale\" content=\"fr_FR\" \/>\n<meta property=\"og:type\" content=\"article\" \/>\n<meta property=\"og:title\" content=\"ESFA s\u00e9rie cilinder lin\u00e9aires \u00e0 vis \u00e0 billes - LDA Belgique\" \/>\n<meta property=\"og:description\" content=\"Actionneurs lin\u00e9aires \u00e9lectriques \u00e0 vis \u00e0 billes s\u00e9rie ESFA 24\u201375 VCC pour le positionnement robotis\u00e9, l&#039;assemblage et le pick-and-place. Actionneur compact de type chariot avec rail int\u00e9gr\u00e9 et moteur, alimentation et c\u00e2bles en option.\" \/>\n<meta property=\"og:url\" content=\"https:\/\/lda.be\/fr\/produit\/esfa-serie-cilinder-lineaires-a-vis-a-billes\/\" \/>\n<meta property=\"og:site_name\" content=\"LDA Belgique\" \/>\n<meta property=\"article:modified_time\" content=\"2025-09-15T14:05:05+00:00\" \/>\n<meta property=\"og:image\" content=\"https:\/\/lda.be\/wp-content\/uploads\/2025\/09\/ESFA-linear-actuator.webp\" \/>\n\t<meta property=\"og:image:width\" content=\"800\" \/>\n\t<meta property=\"og:image:height\" content=\"800\" \/>\n\t<meta property=\"og:image:type\" content=\"image\/webp\" \/>\n<meta name=\"twitter:card\" content=\"summary_large_image\" \/>\n<meta name=\"twitter:label1\" content=\"Dur\u00e9e de lecture estim\u00e9e\" \/>\n\t<meta name=\"twitter:data1\" content=\"1 minute\" \/>\n<script type=\"application\/ld+json\" class=\"yoast-schema-graph\">{\"@context\":\"https:\\\/\\\/schema.org\",\"@graph\":[{\"@type\":\"WebPage\",\"@id\":\"https:\\\/\\\/lda.be\\\/fr\\\/produit\\\/esfa-serie-cilinder-lineaires-a-vis-a-billes\\\/\",\"url\":\"https:\\\/\\\/lda.be\\\/fr\\\/produit\\\/esfa-serie-cilinder-lineaires-a-vis-a-billes\\\/\",\"name\":\"ESFA s\u00e9rie cilinder lin\u00e9aires \u00e0 vis \u00e0 billes - LDA Belgique\",\"isPartOf\":{\"@id\":\"https:\\\/\\\/lda.be\\\/fr\\\/#website\"},\"primaryImageOfPage\":{\"@id\":\"https:\\\/\\\/lda.be\\\/fr\\\/produit\\\/esfa-serie-cilinder-lineaires-a-vis-a-billes\\\/#primaryimage\"},\"image\":{\"@id\":\"https:\\\/\\\/lda.be\\\/fr\\\/produit\\\/esfa-serie-cilinder-lineaires-a-vis-a-billes\\\/#primaryimage\"},\"thumbnailUrl\":\"https:\\\/\\\/lda.be\\\/wp-content\\\/uploads\\\/2025\\\/09\\\/ESFA-linear-actuator.webp\",\"datePublished\":\"2025-09-15T13:59:11+00:00\",\"dateModified\":\"2025-09-15T14:05:05+00:00\",\"description\":\"Actionneurs lin\u00e9aires \u00e9lectriques \u00e0 vis \u00e0 billes s\u00e9rie ESFA 24\u201375 VCC pour le positionnement robotis\u00e9, l'assemblage et le pick-and-place. Actionneur compact de type chariot avec rail int\u00e9gr\u00e9 et moteur, alimentation et c\u00e2bles en option.\",\"breadcrumb\":{\"@id\":\"https:\\\/\\\/lda.be\\\/fr\\\/produit\\\/esfa-serie-cilinder-lineaires-a-vis-a-billes\\\/#breadcrumb\"},\"inLanguage\":\"fr-FR\",\"potentialAction\":[{\"@type\":\"ReadAction\",\"target\":[\"https:\\\/\\\/lda.be\\\/fr\\\/produit\\\/esfa-serie-cilinder-lineaires-a-vis-a-billes\\\/\"]}]},{\"@type\":\"ImageObject\",\"inLanguage\":\"fr-FR\",\"@id\":\"https:\\\/\\\/lda.be\\\/fr\\\/produit\\\/esfa-serie-cilinder-lineaires-a-vis-a-billes\\\/#primaryimage\",\"url\":\"https:\\\/\\\/lda.be\\\/wp-content\\\/uploads\\\/2025\\\/09\\\/ESFA-linear-actuator.webp\",\"contentUrl\":\"https:\\\/\\\/lda.be\\\/wp-content\\\/uploads\\\/2025\\\/09\\\/ESFA-linear-actuator.webp\",\"width\":800,\"height\":800,\"caption\":\"ESFA linear actuator\"},{\"@type\":\"BreadcrumbList\",\"@id\":\"https:\\\/\\\/lda.be\\\/fr\\\/produit\\\/esfa-serie-cilinder-lineaires-a-vis-a-billes\\\/#breadcrumb\",\"itemListElement\":[{\"@type\":\"ListItem\",\"position\":1,\"name\":\"Accueil\",\"item\":\"https:\\\/\\\/lda.be\\\/fr\\\/\"},{\"@type\":\"ListItem\",\"position\":2,\"name\":\"Produits\",\"item\":\"https:\\\/\\\/lda.be\\\/fr\\\/produits\\\/\"},{\"@type\":\"ListItem\",\"position\":3,\"name\":\"ESFA s\u00e9rie cilinder lin\u00e9aires \u00e0 vis \u00e0 billes\"}]},{\"@type\":\"WebSite\",\"@id\":\"https:\\\/\\\/lda.be\\\/fr\\\/#website\",\"url\":\"https:\\\/\\\/lda.be\\\/fr\\\/\",\"name\":\"LDA Belgium\",\"description\":\"Solutions For Life\",\"publisher\":{\"@id\":\"https:\\\/\\\/lda.be\\\/fr\\\/#organization\"},\"potentialAction\":[{\"@type\":\"SearchAction\",\"target\":{\"@type\":\"EntryPoint\",\"urlTemplate\":\"https:\\\/\\\/lda.be\\\/fr\\\/?s={search_term_string}\"},\"query-input\":{\"@type\":\"PropertyValueSpecification\",\"valueRequired\":true,\"valueName\":\"search_term_string\"}}],\"inLanguage\":\"fr-FR\"},{\"@type\":\"Organization\",\"@id\":\"https:\\\/\\\/lda.be\\\/fr\\\/#organization\",\"name\":\"LDA Belgium\",\"url\":\"https:\\\/\\\/lda.be\\\/fr\\\/\",\"logo\":{\"@type\":\"ImageObject\",\"inLanguage\":\"fr-FR\",\"@id\":\"https:\\\/\\\/lda.be\\\/fr\\\/#\\\/schema\\\/logo\\\/image\\\/\",\"url\":\"https:\\\/\\\/lda.be\\\/wp-content\\\/uploads\\\/2022\\\/07\\\/Logo-LDA.webp\",\"contentUrl\":\"https:\\\/\\\/lda.be\\\/wp-content\\\/uploads\\\/2022\\\/07\\\/Logo-LDA.webp\",\"width\":311,\"height\":101,\"caption\":\"LDA Belgium\"},\"image\":{\"@id\":\"https:\\\/\\\/lda.be\\\/fr\\\/#\\\/schema\\\/logo\\\/image\\\/\"},\"sameAs\":[\"https:\\\/\\\/www.linkedin.com\\\/company\\\/lda-belgium-nv\"]}]}<\/script>\n<!-- \/ Yoast SEO plugin. -->","yoast_head_json":{"title":"ESFA s\u00e9rie cilinder lin\u00e9aires \u00e0 vis \u00e0 billes - LDA Belgique","description":"Actionneurs lin\u00e9aires \u00e9lectriques \u00e0 vis \u00e0 billes s\u00e9rie ESFA 24\u201375 VCC pour le positionnement robotis\u00e9, l'assemblage et le pick-and-place. Actionneur compact de type chariot avec rail int\u00e9gr\u00e9 et moteur, alimentation et c\u00e2bles en option.","robots":{"index":"index","follow":"follow","max-snippet":"max-snippet:-1","max-image-preview":"max-image-preview:large","max-video-preview":"max-video-preview:-1"},"canonical":"https:\/\/lda.be\/fr\/produit\/esfa-serie-cilinder-lineaires-a-vis-a-billes\/","og_locale":"fr_FR","og_type":"article","og_title":"ESFA s\u00e9rie cilinder lin\u00e9aires \u00e0 vis \u00e0 billes - LDA Belgique","og_description":"Actionneurs lin\u00e9aires \u00e9lectriques \u00e0 vis \u00e0 billes s\u00e9rie ESFA 24\u201375 VCC pour le positionnement robotis\u00e9, l'assemblage et le pick-and-place. Actionneur compact de type chariot avec rail int\u00e9gr\u00e9 et moteur, alimentation et c\u00e2bles en option.","og_url":"https:\/\/lda.be\/fr\/produit\/esfa-serie-cilinder-lineaires-a-vis-a-billes\/","og_site_name":"LDA Belgique","article_modified_time":"2025-09-15T14:05:05+00:00","og_image":[{"width":800,"height":800,"url":"https:\/\/lda.be\/wp-content\/uploads\/2025\/09\/ESFA-linear-actuator.webp","type":"image\/webp"}],"twitter_card":"summary_large_image","twitter_misc":{"Dur\u00e9e de lecture estim\u00e9e":"1 minute"},"schema":{"@context":"https:\/\/schema.org","@graph":[{"@type":"WebPage","@id":"https:\/\/lda.be\/fr\/produit\/esfa-serie-cilinder-lineaires-a-vis-a-billes\/","url":"https:\/\/lda.be\/fr\/produit\/esfa-serie-cilinder-lineaires-a-vis-a-billes\/","name":"ESFA s\u00e9rie cilinder lin\u00e9aires \u00e0 vis \u00e0 billes - LDA Belgique","isPartOf":{"@id":"https:\/\/lda.be\/fr\/#website"},"primaryImageOfPage":{"@id":"https:\/\/lda.be\/fr\/produit\/esfa-serie-cilinder-lineaires-a-vis-a-billes\/#primaryimage"},"image":{"@id":"https:\/\/lda.be\/fr\/produit\/esfa-serie-cilinder-lineaires-a-vis-a-billes\/#primaryimage"},"thumbnailUrl":"https:\/\/lda.be\/wp-content\/uploads\/2025\/09\/ESFA-linear-actuator.webp","datePublished":"2025-09-15T13:59:11+00:00","dateModified":"2025-09-15T14:05:05+00:00","description":"Actionneurs lin\u00e9aires \u00e9lectriques \u00e0 vis \u00e0 billes s\u00e9rie ESFA 24\u201375 VCC pour le positionnement robotis\u00e9, l'assemblage et le pick-and-place. Actionneur compact de type chariot avec rail int\u00e9gr\u00e9 et moteur, alimentation et c\u00e2bles en option.","breadcrumb":{"@id":"https:\/\/lda.be\/fr\/produit\/esfa-serie-cilinder-lineaires-a-vis-a-billes\/#breadcrumb"},"inLanguage":"fr-FR","potentialAction":[{"@type":"ReadAction","target":["https:\/\/lda.be\/fr\/produit\/esfa-serie-cilinder-lineaires-a-vis-a-billes\/"]}]},{"@type":"ImageObject","inLanguage":"fr-FR","@id":"https:\/\/lda.be\/fr\/produit\/esfa-serie-cilinder-lineaires-a-vis-a-billes\/#primaryimage","url":"https:\/\/lda.be\/wp-content\/uploads\/2025\/09\/ESFA-linear-actuator.webp","contentUrl":"https:\/\/lda.be\/wp-content\/uploads\/2025\/09\/ESFA-linear-actuator.webp","width":800,"height":800,"caption":"ESFA linear actuator"},{"@type":"BreadcrumbList","@id":"https:\/\/lda.be\/fr\/produit\/esfa-serie-cilinder-lineaires-a-vis-a-billes\/#breadcrumb","itemListElement":[{"@type":"ListItem","position":1,"name":"Accueil","item":"https:\/\/lda.be\/fr\/"},{"@type":"ListItem","position":2,"name":"Produits","item":"https:\/\/lda.be\/fr\/produits\/"},{"@type":"ListItem","position":3,"name":"ESFA s\u00e9rie cilinder lin\u00e9aires \u00e0 vis \u00e0 billes"}]},{"@type":"WebSite","@id":"https:\/\/lda.be\/fr\/#website","url":"https:\/\/lda.be\/fr\/","name":"LDA Belgium","description":"Solutions For Life","publisher":{"@id":"https:\/\/lda.be\/fr\/#organization"},"potentialAction":[{"@type":"SearchAction","target":{"@type":"EntryPoint","urlTemplate":"https:\/\/lda.be\/fr\/?s={search_term_string}"},"query-input":{"@type":"PropertyValueSpecification","valueRequired":true,"valueName":"search_term_string"}}],"inLanguage":"fr-FR"},{"@type":"Organization","@id":"https:\/\/lda.be\/fr\/#organization","name":"LDA Belgium","url":"https:\/\/lda.be\/fr\/","logo":{"@type":"ImageObject","inLanguage":"fr-FR","@id":"https:\/\/lda.be\/fr\/#\/schema\/logo\/image\/","url":"https:\/\/lda.be\/wp-content\/uploads\/2022\/07\/Logo-LDA.webp","contentUrl":"https:\/\/lda.be\/wp-content\/uploads\/2022\/07\/Logo-LDA.webp","width":311,"height":101,"caption":"LDA Belgium"},"image":{"@id":"https:\/\/lda.be\/fr\/#\/schema\/logo\/image\/"},"sameAs":["https:\/\/www.linkedin.com\/company\/lda-belgium-nv"]}]}},"_links":{"self":[{"href":"https:\/\/lda.be\/fr\/wp-json\/wp\/v2\/product\/11984","targetHints":{"allow":["GET"]}}],"collection":[{"href":"https:\/\/lda.be\/fr\/wp-json\/wp\/v2\/product"}],"about":[{"href":"https:\/\/lda.be\/fr\/wp-json\/wp\/v2\/types\/product"}],"replies":[{"embeddable":true,"href":"https:\/\/lda.be\/fr\/wp-json\/wp\/v2\/comments?post=11984"}],"wp:featuredmedia":[{"embeddable":true,"href":"https:\/\/lda.be\/fr\/wp-json\/wp\/v2\/media\/11982"}],"wp:attachment":[{"href":"https:\/\/lda.be\/fr\/wp-json\/wp\/v2\/media?parent=11984"}],"wp:term":[{"taxonomy":"product_brand","embeddable":true,"href":"https:\/\/lda.be\/fr\/wp-json\/wp\/v2\/product_brand?post=11984"},{"taxonomy":"product_cat","embeddable":true,"href":"https:\/\/lda.be\/fr\/wp-json\/wp\/v2\/product_cat?post=11984"},{"taxonomy":"product_tag","embeddable":true,"href":"https:\/\/lda.be\/fr\/wp-json\/wp\/v2\/product_tag?post=11984"}],"curies":[{"name":"wp","href":"https:\/\/api.w.org\/{rel}","templated":true}]}}