{"id":11997,"date":"2025-09-16T13:16:29","date_gmt":"2025-09-16T12:16:29","guid":{"rendered":"https:\/\/lda.be\/?post_type=product&#038;p=11997"},"modified":"2025-09-16T13:27:55","modified_gmt":"2025-09-16T12:27:55","slug":"serie-egrr-pinces-paralleles-electriques-a-haute-capacite","status":"publish","type":"product","link":"https:\/\/lda.be\/fr\/produit\/serie-egrr-pinces-paralleles-electriques-a-haute-capacite\/","title":{"rendered":"S\u00e9rie EGRR Pinces parall\u00e8les \u00e9lectriques \u00e0 haute capacit\u00e9"},"content":{"rendered":"<p>Les pinces parall\u00e8les \u00e9lectriques haute capacit\u00e9 de la s\u00e9rie EGRR sont construites sur le ch\u00e2ssis \u00e9prouv\u00e9 de la s\u00e9rie GRR. La version \u00e9lectrique offre bon nombre des avantages de la version pneumatique, avec la conception et la flexibilit\u00e9 de \u00ab Your Motor, Your Way \u00bb (Votre moteur, \u00e0 votre fa\u00e7on). La s\u00e9rie EGRR offre une force de pr\u00e9hension \u00e9lev\u00e9e, une longue course des m\u00e2choires et une capacit\u00e9 de charge \u00e9lev\u00e9e. La conception robuste et la construction des m\u00e2choires de cet effecteur d&#8217;extr\u00e9mit\u00e9 \u00e0 usage intensif lui permettent de r\u00e9sister \u00e0 des chocs et des charges \u00e9lev\u00e9s. Les pinces de la s\u00e9rie EGRR sont con\u00e7ues pour saisir des objets de grande taille dans des applications industrielles exigeantes.<\/p>\n","protected":false},"excerpt":{"rendered":"<p>Les pinces parall\u00e8les \u00e9lectriques haute capacit\u00e9 de la s\u00e9rie EGRR sont construites sur le ch\u00e2ssis \u00e9prouv\u00e9 de la s\u00e9rie GRR. La version \u00e9lectrique offre bon nombre des avantages de la version pneumatique, avec la conception et la flexibilit\u00e9 de \u00ab Your Motor, Your Way \u00bb (Votre moteur, \u00e0 votre fa\u00e7on). La s\u00e9rie EGRR offre une [&hellip;]<\/p>\n","protected":false},"featured_media":11995,"comment_status":"closed","ping_status":"closed","template":"","meta":[],"product_brand":[1277],"product_cat":[846],"product_tag":[],"class_list":{"0":"post-11997","1":"product","2":"type-product","3":"status-publish","4":"has-post-thumbnail","6":"product_brand-phd","7":"product_cat-pince-de-prehension-electrique","9":"first","10":"instock","11":"shipping-taxable","12":"product-type-simple"},"yoast_head":"<!-- This site is optimized with the Yoast SEO plugin v27.3 - https:\/\/yoast.com\/product\/yoast-seo-wordpress\/ -->\n<title>S\u00e9rie EGRR Pinces parall\u00e8les \u00e9lectriques \u00e0 haute capacit\u00e9 - LDA Belgique<\/title>\n<meta name=\"description\" content=\"La s\u00e9rie EGRR Pinces parall\u00e8les \u00e9lectriques \u00e0 haute capacit\u00e9 de PHD inc ! D\u00e9couvrez notre gamme de pinces parall\u00e8les, de pinces \u00e0 grande course et de pinces \u00e0 3 points.\" \/>\n<meta name=\"robots\" content=\"index, follow, max-snippet:-1, max-image-preview:large, max-video-preview:-1\" \/>\n<link rel=\"canonical\" href=\"https:\/\/lda.be\/fr\/produit\/serie-egrr-pinces-paralleles-electriques-a-haute-capacite\/\" \/>\n<meta property=\"og:locale\" content=\"fr_FR\" \/>\n<meta property=\"og:type\" content=\"article\" \/>\n<meta property=\"og:title\" content=\"S\u00e9rie EGRR Pinces parall\u00e8les \u00e9lectriques \u00e0 haute capacit\u00e9 - LDA Belgique\" \/>\n<meta property=\"og:description\" content=\"La s\u00e9rie EGRR Pinces parall\u00e8les \u00e9lectriques \u00e0 haute capacit\u00e9 de PHD inc ! D\u00e9couvrez notre gamme de pinces parall\u00e8les, de pinces \u00e0 grande course et de pinces \u00e0 3 points.\" \/>\n<meta property=\"og:url\" content=\"https:\/\/lda.be\/fr\/produit\/serie-egrr-pinces-paralleles-electriques-a-haute-capacite\/\" \/>\n<meta property=\"og:site_name\" content=\"LDA Belgique\" \/>\n<meta property=\"article:modified_time\" content=\"2025-09-16T12:27:55+00:00\" \/>\n<meta property=\"og:image\" content=\"https:\/\/lda.be\/wp-content\/uploads\/2025\/09\/Series-EGRR-High-Capacity-Electric-Parallel-Gripper.webp\" \/>\n\t<meta property=\"og:image:width\" content=\"1080\" \/>\n\t<meta property=\"og:image:height\" content=\"1080\" \/>\n\t<meta property=\"og:image:type\" content=\"image\/webp\" \/>\n<meta name=\"twitter:card\" content=\"summary_large_image\" \/>\n<meta name=\"twitter:label1\" content=\"Dur\u00e9e de lecture estim\u00e9e\" \/>\n\t<meta name=\"twitter:data1\" content=\"1 minute\" \/>\n<script type=\"application\/ld+json\" class=\"yoast-schema-graph\">{\"@context\":\"https:\\\/\\\/schema.org\",\"@graph\":[{\"@type\":\"WebPage\",\"@id\":\"https:\\\/\\\/lda.be\\\/fr\\\/produit\\\/serie-egrr-pinces-paralleles-electriques-a-haute-capacite\\\/\",\"url\":\"https:\\\/\\\/lda.be\\\/fr\\\/produit\\\/serie-egrr-pinces-paralleles-electriques-a-haute-capacite\\\/\",\"name\":\"S\u00e9rie EGRR Pinces parall\u00e8les \u00e9lectriques \u00e0 haute capacit\u00e9 - LDA Belgique\",\"isPartOf\":{\"@id\":\"https:\\\/\\\/lda.be\\\/fr\\\/#website\"},\"primaryImageOfPage\":{\"@id\":\"https:\\\/\\\/lda.be\\\/fr\\\/produit\\\/serie-egrr-pinces-paralleles-electriques-a-haute-capacite\\\/#primaryimage\"},\"image\":{\"@id\":\"https:\\\/\\\/lda.be\\\/fr\\\/produit\\\/serie-egrr-pinces-paralleles-electriques-a-haute-capacite\\\/#primaryimage\"},\"thumbnailUrl\":\"https:\\\/\\\/lda.be\\\/wp-content\\\/uploads\\\/2025\\\/09\\\/Series-EGRR-High-Capacity-Electric-Parallel-Gripper.webp\",\"datePublished\":\"2025-09-16T12:16:29+00:00\",\"dateModified\":\"2025-09-16T12:27:55+00:00\",\"description\":\"La s\u00e9rie EGRR Pinces parall\u00e8les \u00e9lectriques \u00e0 haute capacit\u00e9 de PHD inc ! D\u00e9couvrez notre gamme de pinces parall\u00e8les, de pinces \u00e0 grande course et de pinces \u00e0 3 points.\",\"breadcrumb\":{\"@id\":\"https:\\\/\\\/lda.be\\\/fr\\\/produit\\\/serie-egrr-pinces-paralleles-electriques-a-haute-capacite\\\/#breadcrumb\"},\"inLanguage\":\"fr-FR\",\"potentialAction\":[{\"@type\":\"ReadAction\",\"target\":[\"https:\\\/\\\/lda.be\\\/fr\\\/produit\\\/serie-egrr-pinces-paralleles-electriques-a-haute-capacite\\\/\"]}]},{\"@type\":\"ImageObject\",\"inLanguage\":\"fr-FR\",\"@id\":\"https:\\\/\\\/lda.be\\\/fr\\\/produit\\\/serie-egrr-pinces-paralleles-electriques-a-haute-capacite\\\/#primaryimage\",\"url\":\"https:\\\/\\\/lda.be\\\/wp-content\\\/uploads\\\/2025\\\/09\\\/Series-EGRR-High-Capacity-Electric-Parallel-Gripper.webp\",\"contentUrl\":\"https:\\\/\\\/lda.be\\\/wp-content\\\/uploads\\\/2025\\\/09\\\/Series-EGRR-High-Capacity-Electric-Parallel-Gripper.webp\",\"width\":1080,\"height\":1080,\"caption\":\"Series EGRR High Capacity Electric Parallel Gripper from phd\"},{\"@type\":\"BreadcrumbList\",\"@id\":\"https:\\\/\\\/lda.be\\\/fr\\\/produit\\\/serie-egrr-pinces-paralleles-electriques-a-haute-capacite\\\/#breadcrumb\",\"itemListElement\":[{\"@type\":\"ListItem\",\"position\":1,\"name\":\"Accueil\",\"item\":\"https:\\\/\\\/lda.be\\\/fr\\\/\"},{\"@type\":\"ListItem\",\"position\":2,\"name\":\"Produits\",\"item\":\"https:\\\/\\\/lda.be\\\/fr\\\/produits\\\/\"},{\"@type\":\"ListItem\",\"position\":3,\"name\":\"S\u00e9rie EGRR Pinces parall\u00e8les \u00e9lectriques \u00e0 haute capacit\u00e9\"}]},{\"@type\":\"WebSite\",\"@id\":\"https:\\\/\\\/lda.be\\\/fr\\\/#website\",\"url\":\"https:\\\/\\\/lda.be\\\/fr\\\/\",\"name\":\"LDA Belgium\",\"description\":\"Solutions For Life\",\"publisher\":{\"@id\":\"https:\\\/\\\/lda.be\\\/fr\\\/#organization\"},\"potentialAction\":[{\"@type\":\"SearchAction\",\"target\":{\"@type\":\"EntryPoint\",\"urlTemplate\":\"https:\\\/\\\/lda.be\\\/fr\\\/?s={search_term_string}\"},\"query-input\":{\"@type\":\"PropertyValueSpecification\",\"valueRequired\":true,\"valueName\":\"search_term_string\"}}],\"inLanguage\":\"fr-FR\"},{\"@type\":\"Organization\",\"@id\":\"https:\\\/\\\/lda.be\\\/fr\\\/#organization\",\"name\":\"LDA Belgium\",\"url\":\"https:\\\/\\\/lda.be\\\/fr\\\/\",\"logo\":{\"@type\":\"ImageObject\",\"inLanguage\":\"fr-FR\",\"@id\":\"https:\\\/\\\/lda.be\\\/fr\\\/#\\\/schema\\\/logo\\\/image\\\/\",\"url\":\"https:\\\/\\\/lda.be\\\/wp-content\\\/uploads\\\/2022\\\/07\\\/Logo-LDA.webp\",\"contentUrl\":\"https:\\\/\\\/lda.be\\\/wp-content\\\/uploads\\\/2022\\\/07\\\/Logo-LDA.webp\",\"width\":311,\"height\":101,\"caption\":\"LDA Belgium\"},\"image\":{\"@id\":\"https:\\\/\\\/lda.be\\\/fr\\\/#\\\/schema\\\/logo\\\/image\\\/\"},\"sameAs\":[\"https:\\\/\\\/www.linkedin.com\\\/company\\\/lda-belgium-nv\"]}]}<\/script>\n<!-- \/ Yoast SEO plugin. -->","yoast_head_json":{"title":"S\u00e9rie EGRR Pinces parall\u00e8les \u00e9lectriques \u00e0 haute capacit\u00e9 - LDA Belgique","description":"La s\u00e9rie EGRR Pinces parall\u00e8les \u00e9lectriques \u00e0 haute capacit\u00e9 de PHD inc ! D\u00e9couvrez notre gamme de pinces parall\u00e8les, de pinces \u00e0 grande course et de pinces \u00e0 3 points.","robots":{"index":"index","follow":"follow","max-snippet":"max-snippet:-1","max-image-preview":"max-image-preview:large","max-video-preview":"max-video-preview:-1"},"canonical":"https:\/\/lda.be\/fr\/produit\/serie-egrr-pinces-paralleles-electriques-a-haute-capacite\/","og_locale":"fr_FR","og_type":"article","og_title":"S\u00e9rie EGRR Pinces parall\u00e8les \u00e9lectriques \u00e0 haute capacit\u00e9 - LDA Belgique","og_description":"La s\u00e9rie EGRR Pinces parall\u00e8les \u00e9lectriques \u00e0 haute capacit\u00e9 de PHD inc ! D\u00e9couvrez notre gamme de pinces parall\u00e8les, de pinces \u00e0 grande course et de pinces \u00e0 3 points.","og_url":"https:\/\/lda.be\/fr\/produit\/serie-egrr-pinces-paralleles-electriques-a-haute-capacite\/","og_site_name":"LDA Belgique","article_modified_time":"2025-09-16T12:27:55+00:00","og_image":[{"width":1080,"height":1080,"url":"https:\/\/lda.be\/wp-content\/uploads\/2025\/09\/Series-EGRR-High-Capacity-Electric-Parallel-Gripper.webp","type":"image\/webp"}],"twitter_card":"summary_large_image","twitter_misc":{"Dur\u00e9e de lecture estim\u00e9e":"1 minute"},"schema":{"@context":"https:\/\/schema.org","@graph":[{"@type":"WebPage","@id":"https:\/\/lda.be\/fr\/produit\/serie-egrr-pinces-paralleles-electriques-a-haute-capacite\/","url":"https:\/\/lda.be\/fr\/produit\/serie-egrr-pinces-paralleles-electriques-a-haute-capacite\/","name":"S\u00e9rie EGRR Pinces parall\u00e8les \u00e9lectriques \u00e0 haute capacit\u00e9 - LDA Belgique","isPartOf":{"@id":"https:\/\/lda.be\/fr\/#website"},"primaryImageOfPage":{"@id":"https:\/\/lda.be\/fr\/produit\/serie-egrr-pinces-paralleles-electriques-a-haute-capacite\/#primaryimage"},"image":{"@id":"https:\/\/lda.be\/fr\/produit\/serie-egrr-pinces-paralleles-electriques-a-haute-capacite\/#primaryimage"},"thumbnailUrl":"https:\/\/lda.be\/wp-content\/uploads\/2025\/09\/Series-EGRR-High-Capacity-Electric-Parallel-Gripper.webp","datePublished":"2025-09-16T12:16:29+00:00","dateModified":"2025-09-16T12:27:55+00:00","description":"La s\u00e9rie EGRR Pinces parall\u00e8les \u00e9lectriques \u00e0 haute capacit\u00e9 de PHD inc ! D\u00e9couvrez notre gamme de pinces parall\u00e8les, de pinces \u00e0 grande course et de pinces \u00e0 3 points.","breadcrumb":{"@id":"https:\/\/lda.be\/fr\/produit\/serie-egrr-pinces-paralleles-electriques-a-haute-capacite\/#breadcrumb"},"inLanguage":"fr-FR","potentialAction":[{"@type":"ReadAction","target":["https:\/\/lda.be\/fr\/produit\/serie-egrr-pinces-paralleles-electriques-a-haute-capacite\/"]}]},{"@type":"ImageObject","inLanguage":"fr-FR","@id":"https:\/\/lda.be\/fr\/produit\/serie-egrr-pinces-paralleles-electriques-a-haute-capacite\/#primaryimage","url":"https:\/\/lda.be\/wp-content\/uploads\/2025\/09\/Series-EGRR-High-Capacity-Electric-Parallel-Gripper.webp","contentUrl":"https:\/\/lda.be\/wp-content\/uploads\/2025\/09\/Series-EGRR-High-Capacity-Electric-Parallel-Gripper.webp","width":1080,"height":1080,"caption":"Series EGRR High Capacity Electric Parallel Gripper from phd"},{"@type":"BreadcrumbList","@id":"https:\/\/lda.be\/fr\/produit\/serie-egrr-pinces-paralleles-electriques-a-haute-capacite\/#breadcrumb","itemListElement":[{"@type":"ListItem","position":1,"name":"Accueil","item":"https:\/\/lda.be\/fr\/"},{"@type":"ListItem","position":2,"name":"Produits","item":"https:\/\/lda.be\/fr\/produits\/"},{"@type":"ListItem","position":3,"name":"S\u00e9rie EGRR Pinces parall\u00e8les \u00e9lectriques \u00e0 haute capacit\u00e9"}]},{"@type":"WebSite","@id":"https:\/\/lda.be\/fr\/#website","url":"https:\/\/lda.be\/fr\/","name":"LDA Belgium","description":"Solutions For Life","publisher":{"@id":"https:\/\/lda.be\/fr\/#organization"},"potentialAction":[{"@type":"SearchAction","target":{"@type":"EntryPoint","urlTemplate":"https:\/\/lda.be\/fr\/?s={search_term_string}"},"query-input":{"@type":"PropertyValueSpecification","valueRequired":true,"valueName":"search_term_string"}}],"inLanguage":"fr-FR"},{"@type":"Organization","@id":"https:\/\/lda.be\/fr\/#organization","name":"LDA Belgium","url":"https:\/\/lda.be\/fr\/","logo":{"@type":"ImageObject","inLanguage":"fr-FR","@id":"https:\/\/lda.be\/fr\/#\/schema\/logo\/image\/","url":"https:\/\/lda.be\/wp-content\/uploads\/2022\/07\/Logo-LDA.webp","contentUrl":"https:\/\/lda.be\/wp-content\/uploads\/2022\/07\/Logo-LDA.webp","width":311,"height":101,"caption":"LDA Belgium"},"image":{"@id":"https:\/\/lda.be\/fr\/#\/schema\/logo\/image\/"},"sameAs":["https:\/\/www.linkedin.com\/company\/lda-belgium-nv"]}]}},"_links":{"self":[{"href":"https:\/\/lda.be\/fr\/wp-json\/wp\/v2\/product\/11997","targetHints":{"allow":["GET"]}}],"collection":[{"href":"https:\/\/lda.be\/fr\/wp-json\/wp\/v2\/product"}],"about":[{"href":"https:\/\/lda.be\/fr\/wp-json\/wp\/v2\/types\/product"}],"replies":[{"embeddable":true,"href":"https:\/\/lda.be\/fr\/wp-json\/wp\/v2\/comments?post=11997"}],"wp:featuredmedia":[{"embeddable":true,"href":"https:\/\/lda.be\/fr\/wp-json\/wp\/v2\/media\/11995"}],"wp:attachment":[{"href":"https:\/\/lda.be\/fr\/wp-json\/wp\/v2\/media?parent=11997"}],"wp:term":[{"taxonomy":"product_brand","embeddable":true,"href":"https:\/\/lda.be\/fr\/wp-json\/wp\/v2\/product_brand?post=11997"},{"taxonomy":"product_cat","embeddable":true,"href":"https:\/\/lda.be\/fr\/wp-json\/wp\/v2\/product_cat?post=11997"},{"taxonomy":"product_tag","embeddable":true,"href":"https:\/\/lda.be\/fr\/wp-json\/wp\/v2\/product_tag?post=11997"}],"curies":[{"name":"wp","href":"https:\/\/api.w.org\/{rel}","templated":true}]}}