{"id":12006,"date":"2025-09-16T14:03:09","date_gmt":"2025-09-16T13:03:09","guid":{"rendered":"https:\/\/lda.be\/?post_type=product&#038;p=12006"},"modified":"2025-09-16T14:06:15","modified_gmt":"2025-09-16T13:06:15","slug":"series-ecv-verins-electriques-a-vis-a-billes-et-a-vis-sans-fin","status":"publish","type":"product","link":"https:\/\/lda.be\/fr\/produit\/series-ecv-verins-electriques-a-vis-a-billes-et-a-vis-sans-fin\/","title":{"rendered":"S\u00e9ries ECV V\u00e9rins \u00e9lectriques \u00e0 vis \u00e0 billes et \u00e0 vis sans fin"},"content":{"rendered":"<p>Les v\u00e9rins \u00e9lectriques \u00e0 vis \u00e0 billes et \u00e0 vis sans fin de la s\u00e9rie ECV sont des actionneurs \u00e9lectriques \u00e0 tige avec des interfaces de montage ISO et VDMA, disponibles en mod\u00e8les \u00e0 vis \u00e0 billes ou \u00e0 vis sans fin. Ces v\u00e9rins \u00e9lectriques performants sont disponibles dans une vari\u00e9t\u00e9 de tailles avec deux configurations de vis par taille, ainsi qu&#8217;une version avec une tige non rotative. Les mod\u00e8les \u00e0 vis \u00e0 billes offrent des performances \u00e9lev\u00e9es et les mod\u00e8les \u00e0 vis sans fin offrent des performances de niveau inf\u00e9rieur \u00e0 un co\u00fbt nettement inf\u00e9rieur. Le syst\u00e8me \u00ab Your Motor, Your Way \u00bb (Votre moteur, \u00e0 votre fa\u00e7on) offre une grande flexibilit\u00e9 dans le choix du moteur et des commandes et est disponible en configuration en ligne ou repliable. Les v\u00e9rins de la s\u00e9rie ECV sont con\u00e7us pour offrir des performances \u00e9lev\u00e9es avec des vitesses, des pouss\u00e9es et des courses sup\u00e9rieures.<\/p>\n<p>&nbsp;<\/p>\n<p>Les mod\u00e8les \u00e0 vis \u00e0 billes sont con\u00e7us pour offrir des performances \u00e9lev\u00e9es, tandis que les mod\u00e8les \u00e0 vis sans fin offrent des performances de niveau inf\u00e9rieur pour un co\u00fbt nettement inf\u00e9rieur. Les deux mod\u00e8les permettent aux utilisateurs de choisir la marque et le type de moteur qu&#8217;ils souhaitent. La grande vari\u00e9t\u00e9 de v\u00e9rins ECV offre de nombreux choix avec une interface de montage ISO\/VDMA pour une interchangeabilit\u00e9 facile. La vis \u00e0 billes roul\u00e9e de pr\u00e9cision avec \u00e9crou \u00e0 billes enti\u00e8rement guid\u00e9 et roulement \u00e0 billes \u00e0 contact angulaire offre une longue dur\u00e9e de vie, une pouss\u00e9e et une vitesse exceptionnelles, ainsi qu&#8217;une excellente r\u00e9p\u00e9tabilit\u00e9.<\/p>\n","protected":false},"excerpt":{"rendered":"<p>Les v\u00e9rins \u00e9lectriques \u00e0 vis \u00e0 billes et \u00e0 vis sans fin de la s\u00e9rie ECV sont des actionneurs \u00e9lectriques \u00e0 tige avec des interfaces de montage ISO et VDMA, disponibles en mod\u00e8les \u00e0 vis \u00e0 billes ou \u00e0 vis sans fin. Ces v\u00e9rins \u00e9lectriques performants sont disponibles dans une vari\u00e9t\u00e9 de tailles avec deux [&hellip;]<\/p>\n","protected":false},"featured_media":12003,"comment_status":"closed","ping_status":"closed","template":"","meta":[],"product_brand":[1277],"product_cat":[874],"product_tag":[],"class_list":{"0":"post-12006","1":"product","2":"type-product","3":"status-publish","4":"has-post-thumbnail","6":"product_brand-phd","7":"product_cat-actionneur-a-tige","9":"first","10":"instock","11":"shipping-taxable","12":"product-type-simple"},"yoast_head":"<!-- This site is optimized with the Yoast SEO plugin v27.3 - https:\/\/yoast.com\/product\/yoast-seo-wordpress\/ -->\n<title>S\u00e9ries ECV V\u00e9rins \u00e9lectriques \u00e0 vis \u00e0 billes et \u00e0 vis sans fin - LDA Belgique<\/title>\n<meta name=\"description\" content=\"Large choix d&#039;options \u2013 La gamme est \u00e9galement disponible avec une pr\u00e9cision rectifi\u00e9e S\u00e9ries ECV V\u00e9rins \u00e9lectriques \u00e0 vis sans fin ou \u00e0 vis \u00e0 billes\" \/>\n<meta name=\"robots\" content=\"index, follow, max-snippet:-1, max-image-preview:large, max-video-preview:-1\" \/>\n<link rel=\"canonical\" href=\"https:\/\/lda.be\/fr\/produit\/series-ecv-verins-electriques-a-vis-a-billes-et-a-vis-sans-fin\/\" \/>\n<meta property=\"og:locale\" content=\"fr_FR\" \/>\n<meta property=\"og:type\" content=\"article\" \/>\n<meta property=\"og:title\" content=\"S\u00e9ries ECV V\u00e9rins \u00e9lectriques \u00e0 vis \u00e0 billes et \u00e0 vis sans fin - LDA Belgique\" \/>\n<meta property=\"og:description\" content=\"Large choix d&#039;options \u2013 La gamme est \u00e9galement disponible avec une pr\u00e9cision rectifi\u00e9e S\u00e9ries ECV V\u00e9rins \u00e9lectriques \u00e0 vis sans fin ou \u00e0 vis \u00e0 billes\" \/>\n<meta property=\"og:url\" content=\"https:\/\/lda.be\/fr\/produit\/series-ecv-verins-electriques-a-vis-a-billes-et-a-vis-sans-fin\/\" \/>\n<meta property=\"og:site_name\" content=\"LDA Belgique\" \/>\n<meta property=\"article:modified_time\" content=\"2025-09-16T13:06:15+00:00\" \/>\n<meta property=\"og:image\" content=\"https:\/\/lda.be\/wp-content\/uploads\/2025\/09\/ECV-ball-screw-actuator.webp\" \/>\n\t<meta property=\"og:image:width\" content=\"1080\" \/>\n\t<meta property=\"og:image:height\" content=\"1080\" \/>\n\t<meta property=\"og:image:type\" content=\"image\/webp\" \/>\n<meta name=\"twitter:card\" content=\"summary_large_image\" \/>\n<meta name=\"twitter:label1\" content=\"Dur\u00e9e de lecture estim\u00e9e\" \/>\n\t<meta name=\"twitter:data1\" content=\"2 minutes\" \/>\n<script type=\"application\/ld+json\" class=\"yoast-schema-graph\">{\"@context\":\"https:\\\/\\\/schema.org\",\"@graph\":[{\"@type\":\"WebPage\",\"@id\":\"https:\\\/\\\/lda.be\\\/fr\\\/produit\\\/series-ecv-verins-electriques-a-vis-a-billes-et-a-vis-sans-fin\\\/\",\"url\":\"https:\\\/\\\/lda.be\\\/fr\\\/produit\\\/series-ecv-verins-electriques-a-vis-a-billes-et-a-vis-sans-fin\\\/\",\"name\":\"S\u00e9ries ECV V\u00e9rins \u00e9lectriques \u00e0 vis \u00e0 billes et \u00e0 vis sans fin - LDA Belgique\",\"isPartOf\":{\"@id\":\"https:\\\/\\\/lda.be\\\/fr\\\/#website\"},\"primaryImageOfPage\":{\"@id\":\"https:\\\/\\\/lda.be\\\/fr\\\/produit\\\/series-ecv-verins-electriques-a-vis-a-billes-et-a-vis-sans-fin\\\/#primaryimage\"},\"image\":{\"@id\":\"https:\\\/\\\/lda.be\\\/fr\\\/produit\\\/series-ecv-verins-electriques-a-vis-a-billes-et-a-vis-sans-fin\\\/#primaryimage\"},\"thumbnailUrl\":\"https:\\\/\\\/lda.be\\\/wp-content\\\/uploads\\\/2025\\\/09\\\/ECV-ball-screw-actuator.webp\",\"datePublished\":\"2025-09-16T13:03:09+00:00\",\"dateModified\":\"2025-09-16T13:06:15+00:00\",\"description\":\"Large choix d'options \u2013 La gamme est \u00e9galement disponible avec une pr\u00e9cision rectifi\u00e9e S\u00e9ries ECV V\u00e9rins \u00e9lectriques \u00e0 vis sans fin ou \u00e0 vis \u00e0 billes\",\"breadcrumb\":{\"@id\":\"https:\\\/\\\/lda.be\\\/fr\\\/produit\\\/series-ecv-verins-electriques-a-vis-a-billes-et-a-vis-sans-fin\\\/#breadcrumb\"},\"inLanguage\":\"fr-FR\",\"potentialAction\":[{\"@type\":\"ReadAction\",\"target\":[\"https:\\\/\\\/lda.be\\\/fr\\\/produit\\\/series-ecv-verins-electriques-a-vis-a-billes-et-a-vis-sans-fin\\\/\"]}]},{\"@type\":\"ImageObject\",\"inLanguage\":\"fr-FR\",\"@id\":\"https:\\\/\\\/lda.be\\\/fr\\\/produit\\\/series-ecv-verins-electriques-a-vis-a-billes-et-a-vis-sans-fin\\\/#primaryimage\",\"url\":\"https:\\\/\\\/lda.be\\\/wp-content\\\/uploads\\\/2025\\\/09\\\/ECV-ball-screw-actuator.webp\",\"contentUrl\":\"https:\\\/\\\/lda.be\\\/wp-content\\\/uploads\\\/2025\\\/09\\\/ECV-ball-screw-actuator.webp\",\"width\":1080,\"height\":1080,\"caption\":\"ECV ball screw actuator\"},{\"@type\":\"BreadcrumbList\",\"@id\":\"https:\\\/\\\/lda.be\\\/fr\\\/produit\\\/series-ecv-verins-electriques-a-vis-a-billes-et-a-vis-sans-fin\\\/#breadcrumb\",\"itemListElement\":[{\"@type\":\"ListItem\",\"position\":1,\"name\":\"Accueil\",\"item\":\"https:\\\/\\\/lda.be\\\/fr\\\/\"},{\"@type\":\"ListItem\",\"position\":2,\"name\":\"Produits\",\"item\":\"https:\\\/\\\/lda.be\\\/fr\\\/produits\\\/\"},{\"@type\":\"ListItem\",\"position\":3,\"name\":\"S\u00e9ries ECV V\u00e9rins \u00e9lectriques \u00e0 vis \u00e0 billes et \u00e0 vis sans fin\"}]},{\"@type\":\"WebSite\",\"@id\":\"https:\\\/\\\/lda.be\\\/fr\\\/#website\",\"url\":\"https:\\\/\\\/lda.be\\\/fr\\\/\",\"name\":\"LDA Belgium\",\"description\":\"Solutions For Life\",\"publisher\":{\"@id\":\"https:\\\/\\\/lda.be\\\/fr\\\/#organization\"},\"potentialAction\":[{\"@type\":\"SearchAction\",\"target\":{\"@type\":\"EntryPoint\",\"urlTemplate\":\"https:\\\/\\\/lda.be\\\/fr\\\/?s={search_term_string}\"},\"query-input\":{\"@type\":\"PropertyValueSpecification\",\"valueRequired\":true,\"valueName\":\"search_term_string\"}}],\"inLanguage\":\"fr-FR\"},{\"@type\":\"Organization\",\"@id\":\"https:\\\/\\\/lda.be\\\/fr\\\/#organization\",\"name\":\"LDA Belgium\",\"url\":\"https:\\\/\\\/lda.be\\\/fr\\\/\",\"logo\":{\"@type\":\"ImageObject\",\"inLanguage\":\"fr-FR\",\"@id\":\"https:\\\/\\\/lda.be\\\/fr\\\/#\\\/schema\\\/logo\\\/image\\\/\",\"url\":\"https:\\\/\\\/lda.be\\\/wp-content\\\/uploads\\\/2022\\\/07\\\/Logo-LDA.webp\",\"contentUrl\":\"https:\\\/\\\/lda.be\\\/wp-content\\\/uploads\\\/2022\\\/07\\\/Logo-LDA.webp\",\"width\":311,\"height\":101,\"caption\":\"LDA Belgium\"},\"image\":{\"@id\":\"https:\\\/\\\/lda.be\\\/fr\\\/#\\\/schema\\\/logo\\\/image\\\/\"},\"sameAs\":[\"https:\\\/\\\/www.linkedin.com\\\/company\\\/lda-belgium-nv\"]}]}<\/script>\n<!-- \/ Yoast SEO plugin. -->","yoast_head_json":{"title":"S\u00e9ries ECV V\u00e9rins \u00e9lectriques \u00e0 vis \u00e0 billes et \u00e0 vis sans fin - LDA Belgique","description":"Large choix d'options \u2013 La gamme est \u00e9galement disponible avec une pr\u00e9cision rectifi\u00e9e S\u00e9ries ECV V\u00e9rins \u00e9lectriques \u00e0 vis sans fin ou \u00e0 vis \u00e0 billes","robots":{"index":"index","follow":"follow","max-snippet":"max-snippet:-1","max-image-preview":"max-image-preview:large","max-video-preview":"max-video-preview:-1"},"canonical":"https:\/\/lda.be\/fr\/produit\/series-ecv-verins-electriques-a-vis-a-billes-et-a-vis-sans-fin\/","og_locale":"fr_FR","og_type":"article","og_title":"S\u00e9ries ECV V\u00e9rins \u00e9lectriques \u00e0 vis \u00e0 billes et \u00e0 vis sans fin - LDA Belgique","og_description":"Large choix d'options \u2013 La gamme est \u00e9galement disponible avec une pr\u00e9cision rectifi\u00e9e S\u00e9ries ECV V\u00e9rins \u00e9lectriques \u00e0 vis sans fin ou \u00e0 vis \u00e0 billes","og_url":"https:\/\/lda.be\/fr\/produit\/series-ecv-verins-electriques-a-vis-a-billes-et-a-vis-sans-fin\/","og_site_name":"LDA Belgique","article_modified_time":"2025-09-16T13:06:15+00:00","og_image":[{"width":1080,"height":1080,"url":"https:\/\/lda.be\/wp-content\/uploads\/2025\/09\/ECV-ball-screw-actuator.webp","type":"image\/webp"}],"twitter_card":"summary_large_image","twitter_misc":{"Dur\u00e9e de lecture estim\u00e9e":"2 minutes"},"schema":{"@context":"https:\/\/schema.org","@graph":[{"@type":"WebPage","@id":"https:\/\/lda.be\/fr\/produit\/series-ecv-verins-electriques-a-vis-a-billes-et-a-vis-sans-fin\/","url":"https:\/\/lda.be\/fr\/produit\/series-ecv-verins-electriques-a-vis-a-billes-et-a-vis-sans-fin\/","name":"S\u00e9ries ECV V\u00e9rins \u00e9lectriques \u00e0 vis \u00e0 billes et \u00e0 vis sans fin - LDA Belgique","isPartOf":{"@id":"https:\/\/lda.be\/fr\/#website"},"primaryImageOfPage":{"@id":"https:\/\/lda.be\/fr\/produit\/series-ecv-verins-electriques-a-vis-a-billes-et-a-vis-sans-fin\/#primaryimage"},"image":{"@id":"https:\/\/lda.be\/fr\/produit\/series-ecv-verins-electriques-a-vis-a-billes-et-a-vis-sans-fin\/#primaryimage"},"thumbnailUrl":"https:\/\/lda.be\/wp-content\/uploads\/2025\/09\/ECV-ball-screw-actuator.webp","datePublished":"2025-09-16T13:03:09+00:00","dateModified":"2025-09-16T13:06:15+00:00","description":"Large choix d'options \u2013 La gamme est \u00e9galement disponible avec une pr\u00e9cision rectifi\u00e9e S\u00e9ries ECV V\u00e9rins \u00e9lectriques \u00e0 vis sans fin ou \u00e0 vis \u00e0 billes","breadcrumb":{"@id":"https:\/\/lda.be\/fr\/produit\/series-ecv-verins-electriques-a-vis-a-billes-et-a-vis-sans-fin\/#breadcrumb"},"inLanguage":"fr-FR","potentialAction":[{"@type":"ReadAction","target":["https:\/\/lda.be\/fr\/produit\/series-ecv-verins-electriques-a-vis-a-billes-et-a-vis-sans-fin\/"]}]},{"@type":"ImageObject","inLanguage":"fr-FR","@id":"https:\/\/lda.be\/fr\/produit\/series-ecv-verins-electriques-a-vis-a-billes-et-a-vis-sans-fin\/#primaryimage","url":"https:\/\/lda.be\/wp-content\/uploads\/2025\/09\/ECV-ball-screw-actuator.webp","contentUrl":"https:\/\/lda.be\/wp-content\/uploads\/2025\/09\/ECV-ball-screw-actuator.webp","width":1080,"height":1080,"caption":"ECV ball screw actuator"},{"@type":"BreadcrumbList","@id":"https:\/\/lda.be\/fr\/produit\/series-ecv-verins-electriques-a-vis-a-billes-et-a-vis-sans-fin\/#breadcrumb","itemListElement":[{"@type":"ListItem","position":1,"name":"Accueil","item":"https:\/\/lda.be\/fr\/"},{"@type":"ListItem","position":2,"name":"Produits","item":"https:\/\/lda.be\/fr\/produits\/"},{"@type":"ListItem","position":3,"name":"S\u00e9ries ECV V\u00e9rins \u00e9lectriques \u00e0 vis \u00e0 billes et \u00e0 vis sans fin"}]},{"@type":"WebSite","@id":"https:\/\/lda.be\/fr\/#website","url":"https:\/\/lda.be\/fr\/","name":"LDA Belgium","description":"Solutions For Life","publisher":{"@id":"https:\/\/lda.be\/fr\/#organization"},"potentialAction":[{"@type":"SearchAction","target":{"@type":"EntryPoint","urlTemplate":"https:\/\/lda.be\/fr\/?s={search_term_string}"},"query-input":{"@type":"PropertyValueSpecification","valueRequired":true,"valueName":"search_term_string"}}],"inLanguage":"fr-FR"},{"@type":"Organization","@id":"https:\/\/lda.be\/fr\/#organization","name":"LDA Belgium","url":"https:\/\/lda.be\/fr\/","logo":{"@type":"ImageObject","inLanguage":"fr-FR","@id":"https:\/\/lda.be\/fr\/#\/schema\/logo\/image\/","url":"https:\/\/lda.be\/wp-content\/uploads\/2022\/07\/Logo-LDA.webp","contentUrl":"https:\/\/lda.be\/wp-content\/uploads\/2022\/07\/Logo-LDA.webp","width":311,"height":101,"caption":"LDA Belgium"},"image":{"@id":"https:\/\/lda.be\/fr\/#\/schema\/logo\/image\/"},"sameAs":["https:\/\/www.linkedin.com\/company\/lda-belgium-nv"]}]}},"_links":{"self":[{"href":"https:\/\/lda.be\/fr\/wp-json\/wp\/v2\/product\/12006","targetHints":{"allow":["GET"]}}],"collection":[{"href":"https:\/\/lda.be\/fr\/wp-json\/wp\/v2\/product"}],"about":[{"href":"https:\/\/lda.be\/fr\/wp-json\/wp\/v2\/types\/product"}],"replies":[{"embeddable":true,"href":"https:\/\/lda.be\/fr\/wp-json\/wp\/v2\/comments?post=12006"}],"wp:featuredmedia":[{"embeddable":true,"href":"https:\/\/lda.be\/fr\/wp-json\/wp\/v2\/media\/12003"}],"wp:attachment":[{"href":"https:\/\/lda.be\/fr\/wp-json\/wp\/v2\/media?parent=12006"}],"wp:term":[{"taxonomy":"product_brand","embeddable":true,"href":"https:\/\/lda.be\/fr\/wp-json\/wp\/v2\/product_brand?post=12006"},{"taxonomy":"product_cat","embeddable":true,"href":"https:\/\/lda.be\/fr\/wp-json\/wp\/v2\/product_cat?post=12006"},{"taxonomy":"product_tag","embeddable":true,"href":"https:\/\/lda.be\/fr\/wp-json\/wp\/v2\/product_tag?post=12006"}],"curies":[{"name":"wp","href":"https:\/\/api.w.org\/{rel}","templated":true}]}}