{"id":12015,"date":"2025-09-16T15:19:55","date_gmt":"2025-09-16T14:19:55","guid":{"rendered":"https:\/\/lda.be\/?post_type=product&#038;p=12015"},"modified":"2025-09-16T15:39:02","modified_gmt":"2025-09-16T14:39:02","slug":"cylindres-electriques-ip69k-serie-ecp","status":"publish","type":"product","link":"https:\/\/lda.be\/fr\/produit\/cylindres-electriques-ip69k-serie-ecp\/","title":{"rendered":"Cylindres \u00e9lectriques IP69K s\u00e9rie ECP"},"content":{"rendered":"<p>Les v\u00e9rins \u00e9lectriques IP69K de la s\u00e9rie ECP sont dot\u00e9s d&#8217;une vis \u00e0 billes, offrant une pouss\u00e9e \u00e9lev\u00e9e ou une vitesse \u00e9lev\u00e9e. Ces v\u00e9rins \u00e9lectriques performants sont con\u00e7us pour les \u00e9quipements de transformation et d&#8217;emballage des aliments utilis\u00e9s dans des environnements de lavage \u00e0 haute pression\/haute temp\u00e9rature et de nettoyage en place (CIP).<\/p>\n<p>Mod\u00e8le de base<\/p>\n<ul>\n<li>Con\u00e7u pour les applications dans des environnements de lavage \u00e0 haute pression et haute temp\u00e9rature.<\/li>\n<li>Corps et tige en acier inoxydable de grade 300 avec t\u00eate et support de moteur en aluminium.<\/li>\n<li>Votre moteur, \u00e0 votre fa\u00e7on<\/li>\n<\/ul>\n","protected":false},"excerpt":{"rendered":"<p>Les v\u00e9rins \u00e9lectriques IP69K de la s\u00e9rie ECP sont dot\u00e9s d&#8217;une vis \u00e0 billes, offrant une pouss\u00e9e \u00e9lev\u00e9e ou une vitesse \u00e9lev\u00e9e. Ces v\u00e9rins \u00e9lectriques performants sont con\u00e7us pour les \u00e9quipements de transformation et d&#8217;emballage des aliments utilis\u00e9s dans des environnements de lavage \u00e0 haute pression\/haute temp\u00e9rature et de nettoyage en place (CIP). Mod\u00e8le de [&hellip;]<\/p>\n","protected":false},"featured_media":12013,"comment_status":"closed","ping_status":"closed","template":"","meta":[],"product_brand":[1277],"product_cat":[874],"product_tag":[],"class_list":{"0":"post-12015","1":"product","2":"type-product","3":"status-publish","4":"has-post-thumbnail","6":"product_brand-phd","7":"product_cat-actionneur-a-tige","9":"first","10":"instock","11":"shipping-taxable","12":"product-type-simple"},"yoast_head":"<!-- This site is optimized with the Yoast SEO plugin v27.3 - https:\/\/yoast.com\/product\/yoast-seo-wordpress\/ -->\n<title>Cylindres \u00e9lectriques IP69K s\u00e9rie ECP - LDA Belgique<\/title>\n<meta name=\"description\" content=\"D\u00e9couvrez les cylindres \u00e9lectriques IP69K s\u00e9rie ECP de PHD Inc, de v\u00e9ritables cylindres \u00e9lectriques destin\u00e9s \u00e0 l&#039;industrie alimentaire. Commandez-les en ligne chez LDA Belgique.\" \/>\n<meta name=\"robots\" content=\"index, follow, max-snippet:-1, max-image-preview:large, max-video-preview:-1\" \/>\n<link rel=\"canonical\" href=\"https:\/\/lda.be\/fr\/produit\/cylindres-electriques-ip69k-serie-ecp\/\" \/>\n<meta property=\"og:locale\" content=\"fr_FR\" \/>\n<meta property=\"og:type\" content=\"article\" \/>\n<meta property=\"og:title\" content=\"Cylindres \u00e9lectriques IP69K s\u00e9rie ECP - LDA Belgique\" \/>\n<meta property=\"og:description\" content=\"D\u00e9couvrez les cylindres \u00e9lectriques IP69K s\u00e9rie ECP de PHD Inc, de v\u00e9ritables cylindres \u00e9lectriques destin\u00e9s \u00e0 l&#039;industrie alimentaire. Commandez-les en ligne chez LDA Belgique.\" \/>\n<meta property=\"og:url\" content=\"https:\/\/lda.be\/fr\/produit\/cylindres-electriques-ip69k-serie-ecp\/\" \/>\n<meta property=\"og:site_name\" content=\"LDA Belgique\" \/>\n<meta property=\"article:modified_time\" content=\"2025-09-16T14:39:02+00:00\" \/>\n<meta property=\"og:image\" content=\"https:\/\/lda.be\/wp-content\/uploads\/2025\/09\/Series-ECP-Electric-IP69K-Cylinders.webp\" \/>\n\t<meta property=\"og:image:width\" content=\"1080\" \/>\n\t<meta property=\"og:image:height\" content=\"1080\" \/>\n\t<meta property=\"og:image:type\" content=\"image\/webp\" \/>\n<meta name=\"twitter:card\" content=\"summary_large_image\" \/>\n<meta name=\"twitter:label1\" content=\"Dur\u00e9e de lecture estim\u00e9e\" \/>\n\t<meta name=\"twitter:data1\" content=\"1 minute\" \/>\n<script type=\"application\/ld+json\" class=\"yoast-schema-graph\">{\"@context\":\"https:\\\/\\\/schema.org\",\"@graph\":[{\"@type\":\"WebPage\",\"@id\":\"https:\\\/\\\/lda.be\\\/fr\\\/produit\\\/cylindres-electriques-ip69k-serie-ecp\\\/\",\"url\":\"https:\\\/\\\/lda.be\\\/fr\\\/produit\\\/cylindres-electriques-ip69k-serie-ecp\\\/\",\"name\":\"Cylindres \u00e9lectriques IP69K s\u00e9rie ECP - LDA Belgique\",\"isPartOf\":{\"@id\":\"https:\\\/\\\/lda.be\\\/fr\\\/#website\"},\"primaryImageOfPage\":{\"@id\":\"https:\\\/\\\/lda.be\\\/fr\\\/produit\\\/cylindres-electriques-ip69k-serie-ecp\\\/#primaryimage\"},\"image\":{\"@id\":\"https:\\\/\\\/lda.be\\\/fr\\\/produit\\\/cylindres-electriques-ip69k-serie-ecp\\\/#primaryimage\"},\"thumbnailUrl\":\"https:\\\/\\\/lda.be\\\/wp-content\\\/uploads\\\/2025\\\/09\\\/Series-ECP-Electric-IP69K-Cylinders.webp\",\"datePublished\":\"2025-09-16T14:19:55+00:00\",\"dateModified\":\"2025-09-16T14:39:02+00:00\",\"description\":\"D\u00e9couvrez les cylindres \u00e9lectriques IP69K s\u00e9rie ECP de PHD Inc, de v\u00e9ritables cylindres \u00e9lectriques destin\u00e9s \u00e0 l'industrie alimentaire. Commandez-les en ligne chez LDA Belgique.\",\"breadcrumb\":{\"@id\":\"https:\\\/\\\/lda.be\\\/fr\\\/produit\\\/cylindres-electriques-ip69k-serie-ecp\\\/#breadcrumb\"},\"inLanguage\":\"fr-FR\",\"potentialAction\":[{\"@type\":\"ReadAction\",\"target\":[\"https:\\\/\\\/lda.be\\\/fr\\\/produit\\\/cylindres-electriques-ip69k-serie-ecp\\\/\"]}]},{\"@type\":\"ImageObject\",\"inLanguage\":\"fr-FR\",\"@id\":\"https:\\\/\\\/lda.be\\\/fr\\\/produit\\\/cylindres-electriques-ip69k-serie-ecp\\\/#primaryimage\",\"url\":\"https:\\\/\\\/lda.be\\\/wp-content\\\/uploads\\\/2025\\\/09\\\/Series-ECP-Electric-IP69K-Cylinders.webp\",\"contentUrl\":\"https:\\\/\\\/lda.be\\\/wp-content\\\/uploads\\\/2025\\\/09\\\/Series-ECP-Electric-IP69K-Cylinders.webp\",\"width\":1080,\"height\":1080,\"caption\":\"Series ECP Electric IP69K Cylinders\"},{\"@type\":\"BreadcrumbList\",\"@id\":\"https:\\\/\\\/lda.be\\\/fr\\\/produit\\\/cylindres-electriques-ip69k-serie-ecp\\\/#breadcrumb\",\"itemListElement\":[{\"@type\":\"ListItem\",\"position\":1,\"name\":\"Accueil\",\"item\":\"https:\\\/\\\/lda.be\\\/fr\\\/\"},{\"@type\":\"ListItem\",\"position\":2,\"name\":\"Produits\",\"item\":\"https:\\\/\\\/lda.be\\\/fr\\\/produits\\\/\"},{\"@type\":\"ListItem\",\"position\":3,\"name\":\"Cylindres \u00e9lectriques IP69K s\u00e9rie ECP\"}]},{\"@type\":\"WebSite\",\"@id\":\"https:\\\/\\\/lda.be\\\/fr\\\/#website\",\"url\":\"https:\\\/\\\/lda.be\\\/fr\\\/\",\"name\":\"LDA Belgium\",\"description\":\"Solutions For Life\",\"publisher\":{\"@id\":\"https:\\\/\\\/lda.be\\\/fr\\\/#organization\"},\"potentialAction\":[{\"@type\":\"SearchAction\",\"target\":{\"@type\":\"EntryPoint\",\"urlTemplate\":\"https:\\\/\\\/lda.be\\\/fr\\\/?s={search_term_string}\"},\"query-input\":{\"@type\":\"PropertyValueSpecification\",\"valueRequired\":true,\"valueName\":\"search_term_string\"}}],\"inLanguage\":\"fr-FR\"},{\"@type\":\"Organization\",\"@id\":\"https:\\\/\\\/lda.be\\\/fr\\\/#organization\",\"name\":\"LDA Belgium\",\"url\":\"https:\\\/\\\/lda.be\\\/fr\\\/\",\"logo\":{\"@type\":\"ImageObject\",\"inLanguage\":\"fr-FR\",\"@id\":\"https:\\\/\\\/lda.be\\\/fr\\\/#\\\/schema\\\/logo\\\/image\\\/\",\"url\":\"https:\\\/\\\/lda.be\\\/wp-content\\\/uploads\\\/2022\\\/07\\\/Logo-LDA.webp\",\"contentUrl\":\"https:\\\/\\\/lda.be\\\/wp-content\\\/uploads\\\/2022\\\/07\\\/Logo-LDA.webp\",\"width\":311,\"height\":101,\"caption\":\"LDA Belgium\"},\"image\":{\"@id\":\"https:\\\/\\\/lda.be\\\/fr\\\/#\\\/schema\\\/logo\\\/image\\\/\"},\"sameAs\":[\"https:\\\/\\\/www.linkedin.com\\\/company\\\/lda-belgium-nv\"]}]}<\/script>\n<!-- \/ Yoast SEO plugin. -->","yoast_head_json":{"title":"Cylindres \u00e9lectriques IP69K s\u00e9rie ECP - LDA Belgique","description":"D\u00e9couvrez les cylindres \u00e9lectriques IP69K s\u00e9rie ECP de PHD Inc, de v\u00e9ritables cylindres \u00e9lectriques destin\u00e9s \u00e0 l'industrie alimentaire. Commandez-les en ligne chez LDA Belgique.","robots":{"index":"index","follow":"follow","max-snippet":"max-snippet:-1","max-image-preview":"max-image-preview:large","max-video-preview":"max-video-preview:-1"},"canonical":"https:\/\/lda.be\/fr\/produit\/cylindres-electriques-ip69k-serie-ecp\/","og_locale":"fr_FR","og_type":"article","og_title":"Cylindres \u00e9lectriques IP69K s\u00e9rie ECP - LDA Belgique","og_description":"D\u00e9couvrez les cylindres \u00e9lectriques IP69K s\u00e9rie ECP de PHD Inc, de v\u00e9ritables cylindres \u00e9lectriques destin\u00e9s \u00e0 l'industrie alimentaire. Commandez-les en ligne chez LDA Belgique.","og_url":"https:\/\/lda.be\/fr\/produit\/cylindres-electriques-ip69k-serie-ecp\/","og_site_name":"LDA Belgique","article_modified_time":"2025-09-16T14:39:02+00:00","og_image":[{"width":1080,"height":1080,"url":"https:\/\/lda.be\/wp-content\/uploads\/2025\/09\/Series-ECP-Electric-IP69K-Cylinders.webp","type":"image\/webp"}],"twitter_card":"summary_large_image","twitter_misc":{"Dur\u00e9e de lecture estim\u00e9e":"1 minute"},"schema":{"@context":"https:\/\/schema.org","@graph":[{"@type":"WebPage","@id":"https:\/\/lda.be\/fr\/produit\/cylindres-electriques-ip69k-serie-ecp\/","url":"https:\/\/lda.be\/fr\/produit\/cylindres-electriques-ip69k-serie-ecp\/","name":"Cylindres \u00e9lectriques IP69K s\u00e9rie ECP - LDA Belgique","isPartOf":{"@id":"https:\/\/lda.be\/fr\/#website"},"primaryImageOfPage":{"@id":"https:\/\/lda.be\/fr\/produit\/cylindres-electriques-ip69k-serie-ecp\/#primaryimage"},"image":{"@id":"https:\/\/lda.be\/fr\/produit\/cylindres-electriques-ip69k-serie-ecp\/#primaryimage"},"thumbnailUrl":"https:\/\/lda.be\/wp-content\/uploads\/2025\/09\/Series-ECP-Electric-IP69K-Cylinders.webp","datePublished":"2025-09-16T14:19:55+00:00","dateModified":"2025-09-16T14:39:02+00:00","description":"D\u00e9couvrez les cylindres \u00e9lectriques IP69K s\u00e9rie ECP de PHD Inc, de v\u00e9ritables cylindres \u00e9lectriques destin\u00e9s \u00e0 l'industrie alimentaire. Commandez-les en ligne chez LDA Belgique.","breadcrumb":{"@id":"https:\/\/lda.be\/fr\/produit\/cylindres-electriques-ip69k-serie-ecp\/#breadcrumb"},"inLanguage":"fr-FR","potentialAction":[{"@type":"ReadAction","target":["https:\/\/lda.be\/fr\/produit\/cylindres-electriques-ip69k-serie-ecp\/"]}]},{"@type":"ImageObject","inLanguage":"fr-FR","@id":"https:\/\/lda.be\/fr\/produit\/cylindres-electriques-ip69k-serie-ecp\/#primaryimage","url":"https:\/\/lda.be\/wp-content\/uploads\/2025\/09\/Series-ECP-Electric-IP69K-Cylinders.webp","contentUrl":"https:\/\/lda.be\/wp-content\/uploads\/2025\/09\/Series-ECP-Electric-IP69K-Cylinders.webp","width":1080,"height":1080,"caption":"Series ECP Electric IP69K Cylinders"},{"@type":"BreadcrumbList","@id":"https:\/\/lda.be\/fr\/produit\/cylindres-electriques-ip69k-serie-ecp\/#breadcrumb","itemListElement":[{"@type":"ListItem","position":1,"name":"Accueil","item":"https:\/\/lda.be\/fr\/"},{"@type":"ListItem","position":2,"name":"Produits","item":"https:\/\/lda.be\/fr\/produits\/"},{"@type":"ListItem","position":3,"name":"Cylindres \u00e9lectriques IP69K s\u00e9rie ECP"}]},{"@type":"WebSite","@id":"https:\/\/lda.be\/fr\/#website","url":"https:\/\/lda.be\/fr\/","name":"LDA Belgium","description":"Solutions For Life","publisher":{"@id":"https:\/\/lda.be\/fr\/#organization"},"potentialAction":[{"@type":"SearchAction","target":{"@type":"EntryPoint","urlTemplate":"https:\/\/lda.be\/fr\/?s={search_term_string}"},"query-input":{"@type":"PropertyValueSpecification","valueRequired":true,"valueName":"search_term_string"}}],"inLanguage":"fr-FR"},{"@type":"Organization","@id":"https:\/\/lda.be\/fr\/#organization","name":"LDA Belgium","url":"https:\/\/lda.be\/fr\/","logo":{"@type":"ImageObject","inLanguage":"fr-FR","@id":"https:\/\/lda.be\/fr\/#\/schema\/logo\/image\/","url":"https:\/\/lda.be\/wp-content\/uploads\/2022\/07\/Logo-LDA.webp","contentUrl":"https:\/\/lda.be\/wp-content\/uploads\/2022\/07\/Logo-LDA.webp","width":311,"height":101,"caption":"LDA Belgium"},"image":{"@id":"https:\/\/lda.be\/fr\/#\/schema\/logo\/image\/"},"sameAs":["https:\/\/www.linkedin.com\/company\/lda-belgium-nv"]}]}},"_links":{"self":[{"href":"https:\/\/lda.be\/fr\/wp-json\/wp\/v2\/product\/12015","targetHints":{"allow":["GET"]}}],"collection":[{"href":"https:\/\/lda.be\/fr\/wp-json\/wp\/v2\/product"}],"about":[{"href":"https:\/\/lda.be\/fr\/wp-json\/wp\/v2\/types\/product"}],"replies":[{"embeddable":true,"href":"https:\/\/lda.be\/fr\/wp-json\/wp\/v2\/comments?post=12015"}],"wp:featuredmedia":[{"embeddable":true,"href":"https:\/\/lda.be\/fr\/wp-json\/wp\/v2\/media\/12013"}],"wp:attachment":[{"href":"https:\/\/lda.be\/fr\/wp-json\/wp\/v2\/media?parent=12015"}],"wp:term":[{"taxonomy":"product_brand","embeddable":true,"href":"https:\/\/lda.be\/fr\/wp-json\/wp\/v2\/product_brand?post=12015"},{"taxonomy":"product_cat","embeddable":true,"href":"https:\/\/lda.be\/fr\/wp-json\/wp\/v2\/product_cat?post=12015"},{"taxonomy":"product_tag","embeddable":true,"href":"https:\/\/lda.be\/fr\/wp-json\/wp\/v2\/product_tag?post=12015"}],"curies":[{"name":"wp","href":"https:\/\/api.w.org\/{rel}","templated":true}]}}