{"id":12048,"date":"2025-09-17T12:26:20","date_gmt":"2025-09-17T11:26:20","guid":{"rendered":"https:\/\/lda.be\/?post_type=product&#038;p=12048"},"modified":"2025-09-17T13:00:03","modified_gmt":"2025-09-17T12:00:03","slug":"mini-catalogue-airsweep","status":"publish","type":"product","link":"https:\/\/lda.be\/fr\/produit\/mini-catalogue-airsweep\/","title":{"rendered":"Mini-catalogue Airsweep"},"content":{"rendered":"<p>Vous \u00eates confront\u00e9 \u00e0 la formation de ponts, \u00e0 des obstructions ou \u00e0 des trous dans les silos, les tr\u00e9mies ou les \u00e9quipements de traitement ? Le syst\u00e8me AirSweep\u00ae de Control Concepts USA offre une solution puissante et \u00e9conome en \u00e9nergie pour un flux de mat\u00e9riaux fiable.<\/p>\n<p>Chaque buse AirSweep\u00ae \u00e9met une impulsion d&#8217;air \u00e0 360\u00b0 qui d\u00e9tache les mat\u00e9riaux coinc\u00e9s et les remet dans le flux. Gr\u00e2ce \u00e0 sa conception brevet\u00e9e, la buse se ferme imm\u00e9diatement apr\u00e8s chaque impulsion, ce qui emp\u00eache tout refoulement. Le syst\u00e8me est facile \u00e0 installer et \u00e0 entretenir, m\u00eame de l&#8217;ext\u00e9rieur !<\/p>\n<p>Applications : AirSweep\u00ae a \u00e9t\u00e9 utilis\u00e9 avec succ\u00e8s dans des secteurs tels que l&#8217;alimentation, la pharmacie, l&#8217;exploitation mini\u00e8re, la chimie et le ciment. Le syst\u00e8me fonctionne avec divers mat\u00e9riaux tels que la farine, le sucre, les cendres volantes, l&#8217;aluminium, le soja, les \u00e9pices et bien d&#8217;autres encore.<\/p>\n<p>Pourquoi choisir AirSweep\u00ae via LDA ? LDA offre une assistance compl\u00e8te, de l&#8217;ing\u00e9nierie \u00e0 l&#8217;installation. Demandez d\u00e8s aujourd&#8217;hui une proposition sur mesure via notre site web<\/p>\n","protected":false},"excerpt":{"rendered":"<p>Vous \u00eates confront\u00e9 \u00e0 la formation de ponts, \u00e0 des obstructions ou \u00e0 des trous dans les silos, les tr\u00e9mies ou les \u00e9quipements de traitement ? Le syst\u00e8me AirSweep\u00ae de Control Concepts USA offre une solution puissante et \u00e9conome en \u00e9nergie pour un flux de mat\u00e9riaux fiable. Chaque buse AirSweep\u00ae \u00e9met une impulsion d&#8217;air \u00e0 [&hellip;]<\/p>\n","protected":false},"featured_media":12029,"comment_status":"closed","ping_status":"closed","template":"","meta":[],"product_brand":[1256],"product_cat":[960],"product_tag":[],"class_list":{"0":"post-12048","1":"product","2":"type-product","3":"status-publish","4":"has-post-thumbnail","6":"product_brand-lda","7":"product_cat-catalogues-lda-pdf","9":"first","10":"instock","11":"shipping-taxable","12":"product-type-simple"},"yoast_head":"<!-- This site is optimized with the Yoast SEO plugin v27.3 - https:\/\/yoast.com\/product\/yoast-seo-wordpress\/ -->\n<title>Mini-catalogue Airsweep - LDA Belgique<\/title>\n<meta name=\"description\" content=\"\u00c9liminez les obstructions et la formation de ponts dans les silos et les tr\u00e9mies gr\u00e2ce au syst\u00e8me AirSweep\u00ae. \u00c9conome en \u00e9nergie, hygi\u00e9nique et certifi\u00e9 ATEX. D\u00e9couvrez la solution via LDA.\" \/>\n<meta name=\"robots\" content=\"index, follow, max-snippet:-1, max-image-preview:large, max-video-preview:-1\" \/>\n<link rel=\"canonical\" href=\"https:\/\/lda.be\/fr\/produit\/mini-catalogue-airsweep\/\" \/>\n<meta property=\"og:locale\" content=\"fr_FR\" \/>\n<meta property=\"og:type\" content=\"article\" \/>\n<meta property=\"og:title\" content=\"Mini-catalogue Airsweep - LDA Belgique\" \/>\n<meta property=\"og:description\" content=\"\u00c9liminez les obstructions et la formation de ponts dans les silos et les tr\u00e9mies gr\u00e2ce au syst\u00e8me AirSweep\u00ae. \u00c9conome en \u00e9nergie, hygi\u00e9nique et certifi\u00e9 ATEX. D\u00e9couvrez la solution via LDA.\" \/>\n<meta property=\"og:url\" content=\"https:\/\/lda.be\/fr\/produit\/mini-catalogue-airsweep\/\" \/>\n<meta property=\"og:site_name\" content=\"LDA Belgique\" \/>\n<meta property=\"article:modified_time\" content=\"2025-09-17T12:00:03+00:00\" \/>\n<meta property=\"og:image\" content=\"https:\/\/lda.be\/wp-content\/uploads\/2025\/09\/Airsweep-thumbnail-FR.jpg\" \/>\n\t<meta property=\"og:image:width\" content=\"750\" \/>\n\t<meta property=\"og:image:height\" content=\"752\" \/>\n\t<meta property=\"og:image:type\" content=\"image\/jpeg\" \/>\n<meta name=\"twitter:card\" content=\"summary_large_image\" \/>\n<meta name=\"twitter:label1\" content=\"Dur\u00e9e de lecture estim\u00e9e\" \/>\n\t<meta name=\"twitter:data1\" content=\"2 minutes\" \/>\n<script type=\"application\/ld+json\" class=\"yoast-schema-graph\">{\"@context\":\"https:\\\/\\\/schema.org\",\"@graph\":[{\"@type\":\"WebPage\",\"@id\":\"https:\\\/\\\/lda.be\\\/fr\\\/produit\\\/mini-catalogue-airsweep\\\/\",\"url\":\"https:\\\/\\\/lda.be\\\/fr\\\/produit\\\/mini-catalogue-airsweep\\\/\",\"name\":\"Mini-catalogue Airsweep - LDA Belgique\",\"isPartOf\":{\"@id\":\"https:\\\/\\\/lda.be\\\/fr\\\/#website\"},\"primaryImageOfPage\":{\"@id\":\"https:\\\/\\\/lda.be\\\/fr\\\/produit\\\/mini-catalogue-airsweep\\\/#primaryimage\"},\"image\":{\"@id\":\"https:\\\/\\\/lda.be\\\/fr\\\/produit\\\/mini-catalogue-airsweep\\\/#primaryimage\"},\"thumbnailUrl\":\"https:\\\/\\\/lda.be\\\/wp-content\\\/uploads\\\/2025\\\/09\\\/Airsweep-thumbnail-FR.jpg\",\"datePublished\":\"2025-09-17T11:26:20+00:00\",\"dateModified\":\"2025-09-17T12:00:03+00:00\",\"description\":\"\u00c9liminez les obstructions et la formation de ponts dans les silos et les tr\u00e9mies gr\u00e2ce au syst\u00e8me AirSweep\u00ae. \u00c9conome en \u00e9nergie, hygi\u00e9nique et certifi\u00e9 ATEX. D\u00e9couvrez la solution via LDA.\",\"breadcrumb\":{\"@id\":\"https:\\\/\\\/lda.be\\\/fr\\\/produit\\\/mini-catalogue-airsweep\\\/#breadcrumb\"},\"inLanguage\":\"fr-FR\",\"potentialAction\":[{\"@type\":\"ReadAction\",\"target\":[\"https:\\\/\\\/lda.be\\\/fr\\\/produit\\\/mini-catalogue-airsweep\\\/\"]}]},{\"@type\":\"ImageObject\",\"inLanguage\":\"fr-FR\",\"@id\":\"https:\\\/\\\/lda.be\\\/fr\\\/produit\\\/mini-catalogue-airsweep\\\/#primaryimage\",\"url\":\"https:\\\/\\\/lda.be\\\/wp-content\\\/uploads\\\/2025\\\/09\\\/Airsweep-thumbnail-FR.jpg\",\"contentUrl\":\"https:\\\/\\\/lda.be\\\/wp-content\\\/uploads\\\/2025\\\/09\\\/Airsweep-thumbnail-FR.jpg\",\"width\":750,\"height\":752,\"caption\":\"Airsweep thumbnail FR\"},{\"@type\":\"BreadcrumbList\",\"@id\":\"https:\\\/\\\/lda.be\\\/fr\\\/produit\\\/mini-catalogue-airsweep\\\/#breadcrumb\",\"itemListElement\":[{\"@type\":\"ListItem\",\"position\":1,\"name\":\"Accueil\",\"item\":\"https:\\\/\\\/lda.be\\\/fr\\\/\"},{\"@type\":\"ListItem\",\"position\":2,\"name\":\"Produits\",\"item\":\"https:\\\/\\\/lda.be\\\/fr\\\/produits\\\/\"},{\"@type\":\"ListItem\",\"position\":3,\"name\":\"Mini-catalogue Airsweep\"}]},{\"@type\":\"WebSite\",\"@id\":\"https:\\\/\\\/lda.be\\\/fr\\\/#website\",\"url\":\"https:\\\/\\\/lda.be\\\/fr\\\/\",\"name\":\"LDA Belgium\",\"description\":\"Solutions For Life\",\"publisher\":{\"@id\":\"https:\\\/\\\/lda.be\\\/fr\\\/#organization\"},\"potentialAction\":[{\"@type\":\"SearchAction\",\"target\":{\"@type\":\"EntryPoint\",\"urlTemplate\":\"https:\\\/\\\/lda.be\\\/fr\\\/?s={search_term_string}\"},\"query-input\":{\"@type\":\"PropertyValueSpecification\",\"valueRequired\":true,\"valueName\":\"search_term_string\"}}],\"inLanguage\":\"fr-FR\"},{\"@type\":\"Organization\",\"@id\":\"https:\\\/\\\/lda.be\\\/fr\\\/#organization\",\"name\":\"LDA Belgium\",\"url\":\"https:\\\/\\\/lda.be\\\/fr\\\/\",\"logo\":{\"@type\":\"ImageObject\",\"inLanguage\":\"fr-FR\",\"@id\":\"https:\\\/\\\/lda.be\\\/fr\\\/#\\\/schema\\\/logo\\\/image\\\/\",\"url\":\"https:\\\/\\\/lda.be\\\/wp-content\\\/uploads\\\/2022\\\/07\\\/Logo-LDA.webp\",\"contentUrl\":\"https:\\\/\\\/lda.be\\\/wp-content\\\/uploads\\\/2022\\\/07\\\/Logo-LDA.webp\",\"width\":311,\"height\":101,\"caption\":\"LDA Belgium\"},\"image\":{\"@id\":\"https:\\\/\\\/lda.be\\\/fr\\\/#\\\/schema\\\/logo\\\/image\\\/\"},\"sameAs\":[\"https:\\\/\\\/www.linkedin.com\\\/company\\\/lda-belgium-nv\"]}]}<\/script>\n<!-- \/ Yoast SEO plugin. -->","yoast_head_json":{"title":"Mini-catalogue Airsweep - LDA Belgique","description":"\u00c9liminez les obstructions et la formation de ponts dans les silos et les tr\u00e9mies gr\u00e2ce au syst\u00e8me AirSweep\u00ae. \u00c9conome en \u00e9nergie, hygi\u00e9nique et certifi\u00e9 ATEX. D\u00e9couvrez la solution via LDA.","robots":{"index":"index","follow":"follow","max-snippet":"max-snippet:-1","max-image-preview":"max-image-preview:large","max-video-preview":"max-video-preview:-1"},"canonical":"https:\/\/lda.be\/fr\/produit\/mini-catalogue-airsweep\/","og_locale":"fr_FR","og_type":"article","og_title":"Mini-catalogue Airsweep - LDA Belgique","og_description":"\u00c9liminez les obstructions et la formation de ponts dans les silos et les tr\u00e9mies gr\u00e2ce au syst\u00e8me AirSweep\u00ae. \u00c9conome en \u00e9nergie, hygi\u00e9nique et certifi\u00e9 ATEX. D\u00e9couvrez la solution via LDA.","og_url":"https:\/\/lda.be\/fr\/produit\/mini-catalogue-airsweep\/","og_site_name":"LDA Belgique","article_modified_time":"2025-09-17T12:00:03+00:00","og_image":[{"width":750,"height":752,"url":"https:\/\/lda.be\/wp-content\/uploads\/2025\/09\/Airsweep-thumbnail-FR.jpg","type":"image\/jpeg"}],"twitter_card":"summary_large_image","twitter_misc":{"Dur\u00e9e de lecture estim\u00e9e":"2 minutes"},"schema":{"@context":"https:\/\/schema.org","@graph":[{"@type":"WebPage","@id":"https:\/\/lda.be\/fr\/produit\/mini-catalogue-airsweep\/","url":"https:\/\/lda.be\/fr\/produit\/mini-catalogue-airsweep\/","name":"Mini-catalogue Airsweep - LDA Belgique","isPartOf":{"@id":"https:\/\/lda.be\/fr\/#website"},"primaryImageOfPage":{"@id":"https:\/\/lda.be\/fr\/produit\/mini-catalogue-airsweep\/#primaryimage"},"image":{"@id":"https:\/\/lda.be\/fr\/produit\/mini-catalogue-airsweep\/#primaryimage"},"thumbnailUrl":"https:\/\/lda.be\/wp-content\/uploads\/2025\/09\/Airsweep-thumbnail-FR.jpg","datePublished":"2025-09-17T11:26:20+00:00","dateModified":"2025-09-17T12:00:03+00:00","description":"\u00c9liminez les obstructions et la formation de ponts dans les silos et les tr\u00e9mies gr\u00e2ce au syst\u00e8me AirSweep\u00ae. \u00c9conome en \u00e9nergie, hygi\u00e9nique et certifi\u00e9 ATEX. D\u00e9couvrez la solution via LDA.","breadcrumb":{"@id":"https:\/\/lda.be\/fr\/produit\/mini-catalogue-airsweep\/#breadcrumb"},"inLanguage":"fr-FR","potentialAction":[{"@type":"ReadAction","target":["https:\/\/lda.be\/fr\/produit\/mini-catalogue-airsweep\/"]}]},{"@type":"ImageObject","inLanguage":"fr-FR","@id":"https:\/\/lda.be\/fr\/produit\/mini-catalogue-airsweep\/#primaryimage","url":"https:\/\/lda.be\/wp-content\/uploads\/2025\/09\/Airsweep-thumbnail-FR.jpg","contentUrl":"https:\/\/lda.be\/wp-content\/uploads\/2025\/09\/Airsweep-thumbnail-FR.jpg","width":750,"height":752,"caption":"Airsweep thumbnail FR"},{"@type":"BreadcrumbList","@id":"https:\/\/lda.be\/fr\/produit\/mini-catalogue-airsweep\/#breadcrumb","itemListElement":[{"@type":"ListItem","position":1,"name":"Accueil","item":"https:\/\/lda.be\/fr\/"},{"@type":"ListItem","position":2,"name":"Produits","item":"https:\/\/lda.be\/fr\/produits\/"},{"@type":"ListItem","position":3,"name":"Mini-catalogue Airsweep"}]},{"@type":"WebSite","@id":"https:\/\/lda.be\/fr\/#website","url":"https:\/\/lda.be\/fr\/","name":"LDA Belgium","description":"Solutions For Life","publisher":{"@id":"https:\/\/lda.be\/fr\/#organization"},"potentialAction":[{"@type":"SearchAction","target":{"@type":"EntryPoint","urlTemplate":"https:\/\/lda.be\/fr\/?s={search_term_string}"},"query-input":{"@type":"PropertyValueSpecification","valueRequired":true,"valueName":"search_term_string"}}],"inLanguage":"fr-FR"},{"@type":"Organization","@id":"https:\/\/lda.be\/fr\/#organization","name":"LDA Belgium","url":"https:\/\/lda.be\/fr\/","logo":{"@type":"ImageObject","inLanguage":"fr-FR","@id":"https:\/\/lda.be\/fr\/#\/schema\/logo\/image\/","url":"https:\/\/lda.be\/wp-content\/uploads\/2022\/07\/Logo-LDA.webp","contentUrl":"https:\/\/lda.be\/wp-content\/uploads\/2022\/07\/Logo-LDA.webp","width":311,"height":101,"caption":"LDA Belgium"},"image":{"@id":"https:\/\/lda.be\/fr\/#\/schema\/logo\/image\/"},"sameAs":["https:\/\/www.linkedin.com\/company\/lda-belgium-nv"]}]}},"_links":{"self":[{"href":"https:\/\/lda.be\/fr\/wp-json\/wp\/v2\/product\/12048","targetHints":{"allow":["GET"]}}],"collection":[{"href":"https:\/\/lda.be\/fr\/wp-json\/wp\/v2\/product"}],"about":[{"href":"https:\/\/lda.be\/fr\/wp-json\/wp\/v2\/types\/product"}],"replies":[{"embeddable":true,"href":"https:\/\/lda.be\/fr\/wp-json\/wp\/v2\/comments?post=12048"}],"wp:featuredmedia":[{"embeddable":true,"href":"https:\/\/lda.be\/fr\/wp-json\/wp\/v2\/media\/12029"}],"wp:attachment":[{"href":"https:\/\/lda.be\/fr\/wp-json\/wp\/v2\/media?parent=12048"}],"wp:term":[{"taxonomy":"product_brand","embeddable":true,"href":"https:\/\/lda.be\/fr\/wp-json\/wp\/v2\/product_brand?post=12048"},{"taxonomy":"product_cat","embeddable":true,"href":"https:\/\/lda.be\/fr\/wp-json\/wp\/v2\/product_cat?post=12048"},{"taxonomy":"product_tag","embeddable":true,"href":"https:\/\/lda.be\/fr\/wp-json\/wp\/v2\/product_tag?post=12048"}],"curies":[{"name":"wp","href":"https:\/\/api.w.org\/{rel}","templated":true}]}}