{"id":12058,"date":"2025-09-17T14:23:20","date_gmt":"2025-09-17T13:23:20","guid":{"rendered":"https:\/\/lda.be\/?post_type=product&#038;p=12058"},"modified":"2025-09-17T14:36:34","modified_gmt":"2025-09-17T13:36:34","slug":"glissieres-electriques-a-propulsion-serie-esk-esl","status":"publish","type":"product","link":"https:\/\/lda.be\/fr\/produit\/glissieres-electriques-a-propulsion-serie-esk-esl\/","title":{"rendered":"Glissi\u00e8res \u00e9lectriques \u00e0 propulsion s\u00e9rie ESK\/ESL"},"content":{"rendered":"<p>Les glissi\u00e8res \u00e9lectriques \u00e0 propulsion de la s\u00e9rie ESK\/ESL sont disponibles en version courte ou longue et sont aliment\u00e9es par des v\u00e9rins \u00e9lectriques \u00e0 vis \u00e0 billes ou \u00e0 vis sans fin ECVA de PHD. Ces glissi\u00e8res en porte-\u00e0-faux offrent la meilleure capacit\u00e9 de charge de leur cat\u00e9gorie, ce qui se traduit par un fonctionnement fluide sur de longues courses avec une d\u00e9viation minimale. Le programme \u00ab Your Motor, Your Way \u00bb offre une flexibilit\u00e9 suppl\u00e9mentaire en mati\u00e8re d&#8217;options de moteurs et comprend \u00e0 la fois un montage en ligne et un montage repliable. Les mod\u00e8les \u00e0 vis \u00e0 billes ou \u00e0 vis sans fin de pr\u00e9cision sont propos\u00e9s en deux configurations de pas par taille, optimis\u00e9es pour la vitesse ou la pouss\u00e9e. Les glissi\u00e8res de la s\u00e9rie ESK\/ESL sont con\u00e7ues pour offrir des performances lin\u00e9aires polyvalentes et compl\u00e8tes avec un large \u00e9ventail d&#8217;options.<\/p>\n","protected":false},"excerpt":{"rendered":"<p>Les glissi\u00e8res \u00e9lectriques \u00e0 propulsion de la s\u00e9rie ESK\/ESL sont disponibles en version courte ou longue et sont aliment\u00e9es par des v\u00e9rins \u00e9lectriques \u00e0 vis \u00e0 billes ou \u00e0 vis sans fin ECVA de PHD. Ces glissi\u00e8res en porte-\u00e0-faux offrent la meilleure capacit\u00e9 de charge de leur cat\u00e9gorie, ce qui se traduit par un fonctionnement [&hellip;]<\/p>\n","protected":false},"featured_media":12053,"comment_status":"closed","ping_status":"closed","template":"","meta":[],"product_brand":[1277],"product_cat":[872],"product_tag":[],"class_list":{"0":"post-12058","1":"product","2":"type-product","3":"status-publish","4":"has-post-thumbnail","6":"product_brand-phd","7":"product_cat-actionneurs-a-vis-sans-tige","9":"first","10":"instock","11":"shipping-taxable","12":"product-type-simple"},"yoast_head":"<!-- This site is optimized with the Yoast SEO plugin v27.3 - https:\/\/yoast.com\/product\/yoast-seo-wordpress\/ -->\n<title>Glissi\u00e8res \u00e9lectriques \u00e0 propulsion s\u00e9rie ESK\/ESL - LDA Belgique<\/title>\n<meta name=\"description\" content=\"D\u00e9couvrez les glissi\u00e8res lin\u00e9aires \u00e9lectriques s\u00e9rie ESK\/ESL de PHD, disponibles en version courte ou longue, entra\u00een\u00e9es par des v\u00e9rins \u00e0 bille ou \u00e0 vis ECVA. Elles offrent des performances \u00e9lev\u00e9es, une flexion minimale et une configuration moteur flexible pour des applications industrielles polyvalentes.\" \/>\n<meta name=\"robots\" content=\"index, follow, max-snippet:-1, max-image-preview:large, max-video-preview:-1\" \/>\n<link rel=\"canonical\" href=\"https:\/\/lda.be\/fr\/produit\/glissieres-electriques-a-propulsion-serie-esk-esl\/\" \/>\n<meta property=\"og:locale\" content=\"fr_FR\" \/>\n<meta property=\"og:type\" content=\"article\" \/>\n<meta property=\"og:title\" content=\"Glissi\u00e8res \u00e9lectriques \u00e0 propulsion s\u00e9rie ESK\/ESL - LDA Belgique\" \/>\n<meta property=\"og:description\" content=\"D\u00e9couvrez les glissi\u00e8res lin\u00e9aires \u00e9lectriques s\u00e9rie ESK\/ESL de PHD, disponibles en version courte ou longue, entra\u00een\u00e9es par des v\u00e9rins \u00e0 bille ou \u00e0 vis ECVA. Elles offrent des performances \u00e9lev\u00e9es, une flexion minimale et une configuration moteur flexible pour des applications industrielles polyvalentes.\" \/>\n<meta property=\"og:url\" content=\"https:\/\/lda.be\/fr\/produit\/glissieres-electriques-a-propulsion-serie-esk-esl\/\" \/>\n<meta property=\"og:site_name\" content=\"LDA Belgique\" \/>\n<meta property=\"article:modified_time\" content=\"2025-09-17T13:36:34+00:00\" \/>\n<meta property=\"og:image\" content=\"https:\/\/lda.be\/wp-content\/uploads\/2025\/09\/ESK_ESL-thruster-slide.webp\" \/>\n\t<meta property=\"og:image:width\" content=\"1080\" \/>\n\t<meta property=\"og:image:height\" content=\"1080\" \/>\n\t<meta property=\"og:image:type\" content=\"image\/webp\" \/>\n<meta name=\"twitter:card\" content=\"summary_large_image\" \/>\n<meta name=\"twitter:label1\" content=\"Dur\u00e9e de lecture estim\u00e9e\" \/>\n\t<meta name=\"twitter:data1\" content=\"1 minute\" \/>\n<script type=\"application\/ld+json\" class=\"yoast-schema-graph\">{\"@context\":\"https:\\\/\\\/schema.org\",\"@graph\":[{\"@type\":\"WebPage\",\"@id\":\"https:\\\/\\\/lda.be\\\/fr\\\/produit\\\/glissieres-electriques-a-propulsion-serie-esk-esl\\\/\",\"url\":\"https:\\\/\\\/lda.be\\\/fr\\\/produit\\\/glissieres-electriques-a-propulsion-serie-esk-esl\\\/\",\"name\":\"Glissi\u00e8res \u00e9lectriques \u00e0 propulsion s\u00e9rie ESK\\\/ESL - LDA Belgique\",\"isPartOf\":{\"@id\":\"https:\\\/\\\/lda.be\\\/fr\\\/#website\"},\"primaryImageOfPage\":{\"@id\":\"https:\\\/\\\/lda.be\\\/fr\\\/produit\\\/glissieres-electriques-a-propulsion-serie-esk-esl\\\/#primaryimage\"},\"image\":{\"@id\":\"https:\\\/\\\/lda.be\\\/fr\\\/produit\\\/glissieres-electriques-a-propulsion-serie-esk-esl\\\/#primaryimage\"},\"thumbnailUrl\":\"https:\\\/\\\/lda.be\\\/wp-content\\\/uploads\\\/2025\\\/09\\\/ESK_ESL-thruster-slide.webp\",\"datePublished\":\"2025-09-17T13:23:20+00:00\",\"dateModified\":\"2025-09-17T13:36:34+00:00\",\"description\":\"D\u00e9couvrez les glissi\u00e8res lin\u00e9aires \u00e9lectriques s\u00e9rie ESK\\\/ESL de PHD, disponibles en version courte ou longue, entra\u00een\u00e9es par des v\u00e9rins \u00e0 bille ou \u00e0 vis ECVA. Elles offrent des performances \u00e9lev\u00e9es, une flexion minimale et une configuration moteur flexible pour des applications industrielles polyvalentes.\",\"breadcrumb\":{\"@id\":\"https:\\\/\\\/lda.be\\\/fr\\\/produit\\\/glissieres-electriques-a-propulsion-serie-esk-esl\\\/#breadcrumb\"},\"inLanguage\":\"fr-FR\",\"potentialAction\":[{\"@type\":\"ReadAction\",\"target\":[\"https:\\\/\\\/lda.be\\\/fr\\\/produit\\\/glissieres-electriques-a-propulsion-serie-esk-esl\\\/\"]}]},{\"@type\":\"ImageObject\",\"inLanguage\":\"fr-FR\",\"@id\":\"https:\\\/\\\/lda.be\\\/fr\\\/produit\\\/glissieres-electriques-a-propulsion-serie-esk-esl\\\/#primaryimage\",\"url\":\"https:\\\/\\\/lda.be\\\/wp-content\\\/uploads\\\/2025\\\/09\\\/ESK_ESL-thruster-slide.webp\",\"contentUrl\":\"https:\\\/\\\/lda.be\\\/wp-content\\\/uploads\\\/2025\\\/09\\\/ESK_ESL-thruster-slide.webp\",\"width\":1080,\"height\":1080,\"caption\":\"ESK_ESL thruster slide\"},{\"@type\":\"BreadcrumbList\",\"@id\":\"https:\\\/\\\/lda.be\\\/fr\\\/produit\\\/glissieres-electriques-a-propulsion-serie-esk-esl\\\/#breadcrumb\",\"itemListElement\":[{\"@type\":\"ListItem\",\"position\":1,\"name\":\"Accueil\",\"item\":\"https:\\\/\\\/lda.be\\\/fr\\\/\"},{\"@type\":\"ListItem\",\"position\":2,\"name\":\"Produits\",\"item\":\"https:\\\/\\\/lda.be\\\/fr\\\/produits\\\/\"},{\"@type\":\"ListItem\",\"position\":3,\"name\":\"Glissi\u00e8res \u00e9lectriques \u00e0 propulsion s\u00e9rie ESK\\\/ESL\"}]},{\"@type\":\"WebSite\",\"@id\":\"https:\\\/\\\/lda.be\\\/fr\\\/#website\",\"url\":\"https:\\\/\\\/lda.be\\\/fr\\\/\",\"name\":\"LDA Belgium\",\"description\":\"Solutions For Life\",\"publisher\":{\"@id\":\"https:\\\/\\\/lda.be\\\/fr\\\/#organization\"},\"potentialAction\":[{\"@type\":\"SearchAction\",\"target\":{\"@type\":\"EntryPoint\",\"urlTemplate\":\"https:\\\/\\\/lda.be\\\/fr\\\/?s={search_term_string}\"},\"query-input\":{\"@type\":\"PropertyValueSpecification\",\"valueRequired\":true,\"valueName\":\"search_term_string\"}}],\"inLanguage\":\"fr-FR\"},{\"@type\":\"Organization\",\"@id\":\"https:\\\/\\\/lda.be\\\/fr\\\/#organization\",\"name\":\"LDA Belgium\",\"url\":\"https:\\\/\\\/lda.be\\\/fr\\\/\",\"logo\":{\"@type\":\"ImageObject\",\"inLanguage\":\"fr-FR\",\"@id\":\"https:\\\/\\\/lda.be\\\/fr\\\/#\\\/schema\\\/logo\\\/image\\\/\",\"url\":\"https:\\\/\\\/lda.be\\\/wp-content\\\/uploads\\\/2022\\\/07\\\/Logo-LDA.webp\",\"contentUrl\":\"https:\\\/\\\/lda.be\\\/wp-content\\\/uploads\\\/2022\\\/07\\\/Logo-LDA.webp\",\"width\":311,\"height\":101,\"caption\":\"LDA Belgium\"},\"image\":{\"@id\":\"https:\\\/\\\/lda.be\\\/fr\\\/#\\\/schema\\\/logo\\\/image\\\/\"},\"sameAs\":[\"https:\\\/\\\/www.linkedin.com\\\/company\\\/lda-belgium-nv\"]}]}<\/script>\n<!-- \/ Yoast SEO plugin. -->","yoast_head_json":{"title":"Glissi\u00e8res \u00e9lectriques \u00e0 propulsion s\u00e9rie ESK\/ESL - LDA Belgique","description":"D\u00e9couvrez les glissi\u00e8res lin\u00e9aires \u00e9lectriques s\u00e9rie ESK\/ESL de PHD, disponibles en version courte ou longue, entra\u00een\u00e9es par des v\u00e9rins \u00e0 bille ou \u00e0 vis ECVA. Elles offrent des performances \u00e9lev\u00e9es, une flexion minimale et une configuration moteur flexible pour des applications industrielles polyvalentes.","robots":{"index":"index","follow":"follow","max-snippet":"max-snippet:-1","max-image-preview":"max-image-preview:large","max-video-preview":"max-video-preview:-1"},"canonical":"https:\/\/lda.be\/fr\/produit\/glissieres-electriques-a-propulsion-serie-esk-esl\/","og_locale":"fr_FR","og_type":"article","og_title":"Glissi\u00e8res \u00e9lectriques \u00e0 propulsion s\u00e9rie ESK\/ESL - LDA Belgique","og_description":"D\u00e9couvrez les glissi\u00e8res lin\u00e9aires \u00e9lectriques s\u00e9rie ESK\/ESL de PHD, disponibles en version courte ou longue, entra\u00een\u00e9es par des v\u00e9rins \u00e0 bille ou \u00e0 vis ECVA. Elles offrent des performances \u00e9lev\u00e9es, une flexion minimale et une configuration moteur flexible pour des applications industrielles polyvalentes.","og_url":"https:\/\/lda.be\/fr\/produit\/glissieres-electriques-a-propulsion-serie-esk-esl\/","og_site_name":"LDA Belgique","article_modified_time":"2025-09-17T13:36:34+00:00","og_image":[{"width":1080,"height":1080,"url":"https:\/\/lda.be\/wp-content\/uploads\/2025\/09\/ESK_ESL-thruster-slide.webp","type":"image\/webp"}],"twitter_card":"summary_large_image","twitter_misc":{"Dur\u00e9e de lecture estim\u00e9e":"1 minute"},"schema":{"@context":"https:\/\/schema.org","@graph":[{"@type":"WebPage","@id":"https:\/\/lda.be\/fr\/produit\/glissieres-electriques-a-propulsion-serie-esk-esl\/","url":"https:\/\/lda.be\/fr\/produit\/glissieres-electriques-a-propulsion-serie-esk-esl\/","name":"Glissi\u00e8res \u00e9lectriques \u00e0 propulsion s\u00e9rie ESK\/ESL - LDA Belgique","isPartOf":{"@id":"https:\/\/lda.be\/fr\/#website"},"primaryImageOfPage":{"@id":"https:\/\/lda.be\/fr\/produit\/glissieres-electriques-a-propulsion-serie-esk-esl\/#primaryimage"},"image":{"@id":"https:\/\/lda.be\/fr\/produit\/glissieres-electriques-a-propulsion-serie-esk-esl\/#primaryimage"},"thumbnailUrl":"https:\/\/lda.be\/wp-content\/uploads\/2025\/09\/ESK_ESL-thruster-slide.webp","datePublished":"2025-09-17T13:23:20+00:00","dateModified":"2025-09-17T13:36:34+00:00","description":"D\u00e9couvrez les glissi\u00e8res lin\u00e9aires \u00e9lectriques s\u00e9rie ESK\/ESL de PHD, disponibles en version courte ou longue, entra\u00een\u00e9es par des v\u00e9rins \u00e0 bille ou \u00e0 vis ECVA. Elles offrent des performances \u00e9lev\u00e9es, une flexion minimale et une configuration moteur flexible pour des applications industrielles polyvalentes.","breadcrumb":{"@id":"https:\/\/lda.be\/fr\/produit\/glissieres-electriques-a-propulsion-serie-esk-esl\/#breadcrumb"},"inLanguage":"fr-FR","potentialAction":[{"@type":"ReadAction","target":["https:\/\/lda.be\/fr\/produit\/glissieres-electriques-a-propulsion-serie-esk-esl\/"]}]},{"@type":"ImageObject","inLanguage":"fr-FR","@id":"https:\/\/lda.be\/fr\/produit\/glissieres-electriques-a-propulsion-serie-esk-esl\/#primaryimage","url":"https:\/\/lda.be\/wp-content\/uploads\/2025\/09\/ESK_ESL-thruster-slide.webp","contentUrl":"https:\/\/lda.be\/wp-content\/uploads\/2025\/09\/ESK_ESL-thruster-slide.webp","width":1080,"height":1080,"caption":"ESK_ESL thruster slide"},{"@type":"BreadcrumbList","@id":"https:\/\/lda.be\/fr\/produit\/glissieres-electriques-a-propulsion-serie-esk-esl\/#breadcrumb","itemListElement":[{"@type":"ListItem","position":1,"name":"Accueil","item":"https:\/\/lda.be\/fr\/"},{"@type":"ListItem","position":2,"name":"Produits","item":"https:\/\/lda.be\/fr\/produits\/"},{"@type":"ListItem","position":3,"name":"Glissi\u00e8res \u00e9lectriques \u00e0 propulsion s\u00e9rie ESK\/ESL"}]},{"@type":"WebSite","@id":"https:\/\/lda.be\/fr\/#website","url":"https:\/\/lda.be\/fr\/","name":"LDA Belgium","description":"Solutions For Life","publisher":{"@id":"https:\/\/lda.be\/fr\/#organization"},"potentialAction":[{"@type":"SearchAction","target":{"@type":"EntryPoint","urlTemplate":"https:\/\/lda.be\/fr\/?s={search_term_string}"},"query-input":{"@type":"PropertyValueSpecification","valueRequired":true,"valueName":"search_term_string"}}],"inLanguage":"fr-FR"},{"@type":"Organization","@id":"https:\/\/lda.be\/fr\/#organization","name":"LDA Belgium","url":"https:\/\/lda.be\/fr\/","logo":{"@type":"ImageObject","inLanguage":"fr-FR","@id":"https:\/\/lda.be\/fr\/#\/schema\/logo\/image\/","url":"https:\/\/lda.be\/wp-content\/uploads\/2022\/07\/Logo-LDA.webp","contentUrl":"https:\/\/lda.be\/wp-content\/uploads\/2022\/07\/Logo-LDA.webp","width":311,"height":101,"caption":"LDA Belgium"},"image":{"@id":"https:\/\/lda.be\/fr\/#\/schema\/logo\/image\/"},"sameAs":["https:\/\/www.linkedin.com\/company\/lda-belgium-nv"]}]}},"_links":{"self":[{"href":"https:\/\/lda.be\/fr\/wp-json\/wp\/v2\/product\/12058","targetHints":{"allow":["GET"]}}],"collection":[{"href":"https:\/\/lda.be\/fr\/wp-json\/wp\/v2\/product"}],"about":[{"href":"https:\/\/lda.be\/fr\/wp-json\/wp\/v2\/types\/product"}],"replies":[{"embeddable":true,"href":"https:\/\/lda.be\/fr\/wp-json\/wp\/v2\/comments?post=12058"}],"wp:featuredmedia":[{"embeddable":true,"href":"https:\/\/lda.be\/fr\/wp-json\/wp\/v2\/media\/12053"}],"wp:attachment":[{"href":"https:\/\/lda.be\/fr\/wp-json\/wp\/v2\/media?parent=12058"}],"wp:term":[{"taxonomy":"product_brand","embeddable":true,"href":"https:\/\/lda.be\/fr\/wp-json\/wp\/v2\/product_brand?post=12058"},{"taxonomy":"product_cat","embeddable":true,"href":"https:\/\/lda.be\/fr\/wp-json\/wp\/v2\/product_cat?post=12058"},{"taxonomy":"product_tag","embeddable":true,"href":"https:\/\/lda.be\/fr\/wp-json\/wp\/v2\/product_tag?post=12058"}],"curies":[{"name":"wp","href":"https:\/\/api.w.org\/{rel}","templated":true}]}}