{"id":12079,"date":"2025-09-18T14:16:28","date_gmt":"2025-09-18T13:16:28","guid":{"rendered":"https:\/\/lda.be\/?post_type=product&#038;p=12079"},"modified":"2025-09-18T15:09:45","modified_gmt":"2025-09-18T14:09:45","slug":"actionneurs-lineaires-a-vis-sans-fin-motorises-lsm","status":"publish","type":"product","link":"https:\/\/lda.be\/fr\/produit\/actionneurs-lineaires-a-vis-sans-fin-motorises-lsm\/","title":{"rendered":"Actionneurs lin\u00e9aires \u00e0 vis sans fin motoris\u00e9s LSM"},"content":{"rendered":"<p>Les actionneurs lin\u00e9aires motoris\u00e9s LSM \u00e0 vis pour les applications de pick-and-place, les appareils m\u00e9dicaux, les bancs d&#8217;essai, les imprimantes 3D et autres solutions d&#8217;automatisation. Ces actionneurs combinent des vis de pr\u00e9cision avec des \u00e9crous anti-jeu brevet\u00e9s Constant Force Technology (CFT) et des moteurs pas \u00e0 pas NEMA de haute qualit\u00e9 dans une unit\u00e9 pr\u00eate \u00e0 l&#8217;emploi.<\/p>\n<p>Variantes de mod\u00e8les<\/p>\n<ul>\n<li><strong>NEMA 8: <\/strong>LSR0601T-0100-RCF-080-NNN-N<\/li>\n<li><strong>NEMA 11<\/strong>: LSR180XXT-08.00-NCF111-NNN-NNN<\/li>\n<li><strong>NEMA 14:<\/strong>\u00a0LSR060XT-0200-NCF141-NNN-NNN<\/li>\n<li><strong>NEMA 17<\/strong>: LSR060XT-0250-NCF171-NNN-NNN<\/li>\n<li><strong>NEMA 23: <\/strong>LSR10XXT-0300-NCF231-NNN-NNN<\/li>\n<\/ul>\n<p>Applications<\/p>\n<ul>\n<li>Automatisation dans la production (pick-and-place, manutention)<\/li>\n<li>\u00c9quipements m\u00e9dicaux et de laboratoire<\/li>\n<li>Plateformes d&#8217;impression 3D et bancs d&#8217;essai<\/li>\n<li>D\u00e9placements de pr\u00e9cision dans des syst\u00e8mes compacts<\/li>\n<\/ul>\n","protected":false},"excerpt":{"rendered":"<p>Les actionneurs lin\u00e9aires motoris\u00e9s LSM \u00e0 vis pour les applications de pick-and-place, les appareils m\u00e9dicaux, les bancs d&#8217;essai, les imprimantes 3D et autres solutions d&#8217;automatisation. Ces actionneurs combinent des vis de pr\u00e9cision avec des \u00e9crous anti-jeu brevet\u00e9s Constant Force Technology (CFT) et des moteurs pas \u00e0 pas NEMA de haute qualit\u00e9 dans une unit\u00e9 pr\u00eate [&hellip;]<\/p>\n","protected":false},"featured_media":12076,"comment_status":"closed","ping_status":"closed","template":"","meta":[],"product_brand":[1784],"product_cat":[838,874],"product_tag":[],"class_list":{"0":"post-12079","1":"product","2":"type-product","3":"status-publish","4":"has-post-thumbnail","6":"product_brand-pbc","7":"product_cat-electricite","8":"product_cat-actionneur-a-tige","10":"first","11":"instock","12":"shipping-taxable","13":"product-type-simple"},"yoast_head":"<!-- This site is optimized with the Yoast SEO plugin v27.3 - https:\/\/yoast.com\/product\/yoast-seo-wordpress\/ -->\n<title>Actionneurs lin\u00e9aires \u00e0 vis sans fin motoris\u00e9s LSM - LDA Belgique<\/title>\n<meta name=\"description\" content=\"Actionneurs \u00e0 vis sans fin motoris\u00e9s de la s\u00e9rie LSM pour les applications de manutention, les appareils m\u00e9dicaux et l&#039;automatisation. Disponibles en NEMA 8-23 avec \u00e9crou anti-jeu CFT, vis en PTFE et options d&#039;encodeur.\" \/>\n<meta name=\"robots\" content=\"index, follow, max-snippet:-1, max-image-preview:large, max-video-preview:-1\" \/>\n<link rel=\"canonical\" href=\"https:\/\/lda.be\/fr\/produit\/actionneurs-lineaires-a-vis-sans-fin-motorises-lsm\/\" \/>\n<meta property=\"og:locale\" content=\"fr_FR\" \/>\n<meta property=\"og:type\" content=\"article\" \/>\n<meta property=\"og:title\" content=\"Actionneurs lin\u00e9aires \u00e0 vis sans fin motoris\u00e9s LSM - LDA Belgique\" \/>\n<meta property=\"og:description\" content=\"Actionneurs \u00e0 vis sans fin motoris\u00e9s de la s\u00e9rie LSM pour les applications de manutention, les appareils m\u00e9dicaux et l&#039;automatisation. Disponibles en NEMA 8-23 avec \u00e9crou anti-jeu CFT, vis en PTFE et options d&#039;encodeur.\" \/>\n<meta property=\"og:url\" content=\"https:\/\/lda.be\/fr\/produit\/actionneurs-lineaires-a-vis-sans-fin-motorises-lsm\/\" \/>\n<meta property=\"og:site_name\" content=\"LDA Belgique\" \/>\n<meta property=\"article:modified_time\" content=\"2025-09-18T14:09:45+00:00\" \/>\n<meta property=\"og:image\" content=\"https:\/\/lda.be\/wp-content\/uploads\/2025\/09\/LSM-nema.webp\" \/>\n\t<meta property=\"og:image:width\" content=\"1280\" \/>\n\t<meta property=\"og:image:height\" content=\"1280\" \/>\n\t<meta property=\"og:image:type\" content=\"image\/webp\" \/>\n<meta name=\"twitter:card\" content=\"summary_large_image\" \/>\n<meta name=\"twitter:label1\" content=\"Dur\u00e9e de lecture estim\u00e9e\" \/>\n\t<meta name=\"twitter:data1\" content=\"1 minute\" \/>\n<script type=\"application\/ld+json\" class=\"yoast-schema-graph\">{\"@context\":\"https:\\\/\\\/schema.org\",\"@graph\":[{\"@type\":\"WebPage\",\"@id\":\"https:\\\/\\\/lda.be\\\/fr\\\/produit\\\/actionneurs-lineaires-a-vis-sans-fin-motorises-lsm\\\/\",\"url\":\"https:\\\/\\\/lda.be\\\/fr\\\/produit\\\/actionneurs-lineaires-a-vis-sans-fin-motorises-lsm\\\/\",\"name\":\"Actionneurs lin\u00e9aires \u00e0 vis sans fin motoris\u00e9s LSM - LDA Belgique\",\"isPartOf\":{\"@id\":\"https:\\\/\\\/lda.be\\\/fr\\\/#website\"},\"primaryImageOfPage\":{\"@id\":\"https:\\\/\\\/lda.be\\\/fr\\\/produit\\\/actionneurs-lineaires-a-vis-sans-fin-motorises-lsm\\\/#primaryimage\"},\"image\":{\"@id\":\"https:\\\/\\\/lda.be\\\/fr\\\/produit\\\/actionneurs-lineaires-a-vis-sans-fin-motorises-lsm\\\/#primaryimage\"},\"thumbnailUrl\":\"https:\\\/\\\/lda.be\\\/wp-content\\\/uploads\\\/2025\\\/09\\\/LSM-nema.webp\",\"datePublished\":\"2025-09-18T13:16:28+00:00\",\"dateModified\":\"2025-09-18T14:09:45+00:00\",\"description\":\"Actionneurs \u00e0 vis sans fin motoris\u00e9s de la s\u00e9rie LSM pour les applications de manutention, les appareils m\u00e9dicaux et l'automatisation. Disponibles en NEMA 8-23 avec \u00e9crou anti-jeu CFT, vis en PTFE et options d'encodeur.\",\"breadcrumb\":{\"@id\":\"https:\\\/\\\/lda.be\\\/fr\\\/produit\\\/actionneurs-lineaires-a-vis-sans-fin-motorises-lsm\\\/#breadcrumb\"},\"inLanguage\":\"fr-FR\",\"potentialAction\":[{\"@type\":\"ReadAction\",\"target\":[\"https:\\\/\\\/lda.be\\\/fr\\\/produit\\\/actionneurs-lineaires-a-vis-sans-fin-motorises-lsm\\\/\"]}]},{\"@type\":\"ImageObject\",\"inLanguage\":\"fr-FR\",\"@id\":\"https:\\\/\\\/lda.be\\\/fr\\\/produit\\\/actionneurs-lineaires-a-vis-sans-fin-motorises-lsm\\\/#primaryimage\",\"url\":\"https:\\\/\\\/lda.be\\\/wp-content\\\/uploads\\\/2025\\\/09\\\/LSM-nema.webp\",\"contentUrl\":\"https:\\\/\\\/lda.be\\\/wp-content\\\/uploads\\\/2025\\\/09\\\/LSM-nema.webp\",\"width\":1280,\"height\":1280,\"caption\":\"LSM nema motorized actuator\"},{\"@type\":\"BreadcrumbList\",\"@id\":\"https:\\\/\\\/lda.be\\\/fr\\\/produit\\\/actionneurs-lineaires-a-vis-sans-fin-motorises-lsm\\\/#breadcrumb\",\"itemListElement\":[{\"@type\":\"ListItem\",\"position\":1,\"name\":\"Accueil\",\"item\":\"https:\\\/\\\/lda.be\\\/fr\\\/\"},{\"@type\":\"ListItem\",\"position\":2,\"name\":\"Produits\",\"item\":\"https:\\\/\\\/lda.be\\\/fr\\\/produits\\\/\"},{\"@type\":\"ListItem\",\"position\":3,\"name\":\"Actionneurs lin\u00e9aires \u00e0 vis sans fin motoris\u00e9s LSM\"}]},{\"@type\":\"WebSite\",\"@id\":\"https:\\\/\\\/lda.be\\\/fr\\\/#website\",\"url\":\"https:\\\/\\\/lda.be\\\/fr\\\/\",\"name\":\"LDA Belgium\",\"description\":\"Solutions For Life\",\"publisher\":{\"@id\":\"https:\\\/\\\/lda.be\\\/fr\\\/#organization\"},\"potentialAction\":[{\"@type\":\"SearchAction\",\"target\":{\"@type\":\"EntryPoint\",\"urlTemplate\":\"https:\\\/\\\/lda.be\\\/fr\\\/?s={search_term_string}\"},\"query-input\":{\"@type\":\"PropertyValueSpecification\",\"valueRequired\":true,\"valueName\":\"search_term_string\"}}],\"inLanguage\":\"fr-FR\"},{\"@type\":\"Organization\",\"@id\":\"https:\\\/\\\/lda.be\\\/fr\\\/#organization\",\"name\":\"LDA Belgium\",\"url\":\"https:\\\/\\\/lda.be\\\/fr\\\/\",\"logo\":{\"@type\":\"ImageObject\",\"inLanguage\":\"fr-FR\",\"@id\":\"https:\\\/\\\/lda.be\\\/fr\\\/#\\\/schema\\\/logo\\\/image\\\/\",\"url\":\"https:\\\/\\\/lda.be\\\/wp-content\\\/uploads\\\/2022\\\/07\\\/Logo-LDA.webp\",\"contentUrl\":\"https:\\\/\\\/lda.be\\\/wp-content\\\/uploads\\\/2022\\\/07\\\/Logo-LDA.webp\",\"width\":311,\"height\":101,\"caption\":\"LDA Belgium\"},\"image\":{\"@id\":\"https:\\\/\\\/lda.be\\\/fr\\\/#\\\/schema\\\/logo\\\/image\\\/\"},\"sameAs\":[\"https:\\\/\\\/www.linkedin.com\\\/company\\\/lda-belgium-nv\"]}]}<\/script>\n<!-- \/ Yoast SEO plugin. -->","yoast_head_json":{"title":"Actionneurs lin\u00e9aires \u00e0 vis sans fin motoris\u00e9s LSM - LDA Belgique","description":"Actionneurs \u00e0 vis sans fin motoris\u00e9s de la s\u00e9rie LSM pour les applications de manutention, les appareils m\u00e9dicaux et l'automatisation. Disponibles en NEMA 8-23 avec \u00e9crou anti-jeu CFT, vis en PTFE et options d'encodeur.","robots":{"index":"index","follow":"follow","max-snippet":"max-snippet:-1","max-image-preview":"max-image-preview:large","max-video-preview":"max-video-preview:-1"},"canonical":"https:\/\/lda.be\/fr\/produit\/actionneurs-lineaires-a-vis-sans-fin-motorises-lsm\/","og_locale":"fr_FR","og_type":"article","og_title":"Actionneurs lin\u00e9aires \u00e0 vis sans fin motoris\u00e9s LSM - LDA Belgique","og_description":"Actionneurs \u00e0 vis sans fin motoris\u00e9s de la s\u00e9rie LSM pour les applications de manutention, les appareils m\u00e9dicaux et l'automatisation. Disponibles en NEMA 8-23 avec \u00e9crou anti-jeu CFT, vis en PTFE et options d'encodeur.","og_url":"https:\/\/lda.be\/fr\/produit\/actionneurs-lineaires-a-vis-sans-fin-motorises-lsm\/","og_site_name":"LDA Belgique","article_modified_time":"2025-09-18T14:09:45+00:00","og_image":[{"width":1280,"height":1280,"url":"https:\/\/lda.be\/wp-content\/uploads\/2025\/09\/LSM-nema.webp","type":"image\/webp"}],"twitter_card":"summary_large_image","twitter_misc":{"Dur\u00e9e de lecture estim\u00e9e":"1 minute"},"schema":{"@context":"https:\/\/schema.org","@graph":[{"@type":"WebPage","@id":"https:\/\/lda.be\/fr\/produit\/actionneurs-lineaires-a-vis-sans-fin-motorises-lsm\/","url":"https:\/\/lda.be\/fr\/produit\/actionneurs-lineaires-a-vis-sans-fin-motorises-lsm\/","name":"Actionneurs lin\u00e9aires \u00e0 vis sans fin motoris\u00e9s LSM - LDA Belgique","isPartOf":{"@id":"https:\/\/lda.be\/fr\/#website"},"primaryImageOfPage":{"@id":"https:\/\/lda.be\/fr\/produit\/actionneurs-lineaires-a-vis-sans-fin-motorises-lsm\/#primaryimage"},"image":{"@id":"https:\/\/lda.be\/fr\/produit\/actionneurs-lineaires-a-vis-sans-fin-motorises-lsm\/#primaryimage"},"thumbnailUrl":"https:\/\/lda.be\/wp-content\/uploads\/2025\/09\/LSM-nema.webp","datePublished":"2025-09-18T13:16:28+00:00","dateModified":"2025-09-18T14:09:45+00:00","description":"Actionneurs \u00e0 vis sans fin motoris\u00e9s de la s\u00e9rie LSM pour les applications de manutention, les appareils m\u00e9dicaux et l'automatisation. Disponibles en NEMA 8-23 avec \u00e9crou anti-jeu CFT, vis en PTFE et options d'encodeur.","breadcrumb":{"@id":"https:\/\/lda.be\/fr\/produit\/actionneurs-lineaires-a-vis-sans-fin-motorises-lsm\/#breadcrumb"},"inLanguage":"fr-FR","potentialAction":[{"@type":"ReadAction","target":["https:\/\/lda.be\/fr\/produit\/actionneurs-lineaires-a-vis-sans-fin-motorises-lsm\/"]}]},{"@type":"ImageObject","inLanguage":"fr-FR","@id":"https:\/\/lda.be\/fr\/produit\/actionneurs-lineaires-a-vis-sans-fin-motorises-lsm\/#primaryimage","url":"https:\/\/lda.be\/wp-content\/uploads\/2025\/09\/LSM-nema.webp","contentUrl":"https:\/\/lda.be\/wp-content\/uploads\/2025\/09\/LSM-nema.webp","width":1280,"height":1280,"caption":"LSM nema motorized actuator"},{"@type":"BreadcrumbList","@id":"https:\/\/lda.be\/fr\/produit\/actionneurs-lineaires-a-vis-sans-fin-motorises-lsm\/#breadcrumb","itemListElement":[{"@type":"ListItem","position":1,"name":"Accueil","item":"https:\/\/lda.be\/fr\/"},{"@type":"ListItem","position":2,"name":"Produits","item":"https:\/\/lda.be\/fr\/produits\/"},{"@type":"ListItem","position":3,"name":"Actionneurs lin\u00e9aires \u00e0 vis sans fin motoris\u00e9s LSM"}]},{"@type":"WebSite","@id":"https:\/\/lda.be\/fr\/#website","url":"https:\/\/lda.be\/fr\/","name":"LDA Belgium","description":"Solutions For Life","publisher":{"@id":"https:\/\/lda.be\/fr\/#organization"},"potentialAction":[{"@type":"SearchAction","target":{"@type":"EntryPoint","urlTemplate":"https:\/\/lda.be\/fr\/?s={search_term_string}"},"query-input":{"@type":"PropertyValueSpecification","valueRequired":true,"valueName":"search_term_string"}}],"inLanguage":"fr-FR"},{"@type":"Organization","@id":"https:\/\/lda.be\/fr\/#organization","name":"LDA Belgium","url":"https:\/\/lda.be\/fr\/","logo":{"@type":"ImageObject","inLanguage":"fr-FR","@id":"https:\/\/lda.be\/fr\/#\/schema\/logo\/image\/","url":"https:\/\/lda.be\/wp-content\/uploads\/2022\/07\/Logo-LDA.webp","contentUrl":"https:\/\/lda.be\/wp-content\/uploads\/2022\/07\/Logo-LDA.webp","width":311,"height":101,"caption":"LDA Belgium"},"image":{"@id":"https:\/\/lda.be\/fr\/#\/schema\/logo\/image\/"},"sameAs":["https:\/\/www.linkedin.com\/company\/lda-belgium-nv"]}]}},"_links":{"self":[{"href":"https:\/\/lda.be\/fr\/wp-json\/wp\/v2\/product\/12079","targetHints":{"allow":["GET"]}}],"collection":[{"href":"https:\/\/lda.be\/fr\/wp-json\/wp\/v2\/product"}],"about":[{"href":"https:\/\/lda.be\/fr\/wp-json\/wp\/v2\/types\/product"}],"replies":[{"embeddable":true,"href":"https:\/\/lda.be\/fr\/wp-json\/wp\/v2\/comments?post=12079"}],"wp:featuredmedia":[{"embeddable":true,"href":"https:\/\/lda.be\/fr\/wp-json\/wp\/v2\/media\/12076"}],"wp:attachment":[{"href":"https:\/\/lda.be\/fr\/wp-json\/wp\/v2\/media?parent=12079"}],"wp:term":[{"taxonomy":"product_brand","embeddable":true,"href":"https:\/\/lda.be\/fr\/wp-json\/wp\/v2\/product_brand?post=12079"},{"taxonomy":"product_cat","embeddable":true,"href":"https:\/\/lda.be\/fr\/wp-json\/wp\/v2\/product_cat?post=12079"},{"taxonomy":"product_tag","embeddable":true,"href":"https:\/\/lda.be\/fr\/wp-json\/wp\/v2\/product_tag?post=12079"}],"curies":[{"name":"wp","href":"https:\/\/api.w.org\/{rel}","templated":true}]}}