{"id":12368,"date":"2025-10-13T15:10:27","date_gmt":"2025-10-13T14:10:27","guid":{"rendered":"https:\/\/lda.be\/?post_type=product&#038;p=12368"},"modified":"2025-10-13T15:27:47","modified_gmt":"2025-10-13T14:27:47","slug":"remote-drive-air-on-demand-catalogue","status":"publish","type":"product","link":"https:\/\/lda.be\/fr\/produit\/remote-drive-air-on-demand-catalogue\/","title":{"rendered":"Remote Drive air on demand catalogue"},"content":{"rendered":"<p>Vous cherchez un moyen de moderniser votre entreprise ? C&#8217;est le moment de passer aux actionneurs \u00e9lectriques ! Le Remote Drive de PHD est un entra\u00eenement \u00e9lectropneumatique. Con\u00e7u pour entra\u00eener \u00e9lectriquement des actionneurs pneumatiques tels que des pinces, des chariots et des actionneurs \u00e0 tige !<\/p>\n<p>Comment fonctionne le Remote Drive ?<\/p>\n<p>Le Remote Drive g\u00e9n\u00e8re son propre air comprim\u00e9 gr\u00e2ce \u00e0 un syst\u00e8me de compression interne \u00e0 entra\u00eenement \u00e9lectrique. Cet air est ensuite utilis\u00e9 pour actionner les actionneurs. L&#8217;air continue de circuler dans le syst\u00e8me, au lieu d&#8217;\u00eatre \u00e9vacu\u00e9 dans l&#8217;environnement comme c&#8217;est le cas avec les syst\u00e8mes pneumatiques.<\/p>\n<p>Durable<\/p>\n<p>Que vous soyez actif dans l&#8217;industrie, l&#8217;automatisation, la construction de machines ou tout autre domaine technique, le Remote Drive est con\u00e7u pour r\u00e9pondre aux exigences les plus \u00e9lev\u00e9es en mati\u00e8re de fiabilit\u00e9 et d&#8217;efficacit\u00e9. Gr\u00e2ce \u00e0 sa conception modulaire et \u00e0 sa technologie de pointe, il s&#8217;int\u00e8gre facilement dans divers projets, petits ou grands.<\/p>\n<p>La brochure vous donne un aper\u00e7u clair :<\/p>\n<ul>\n<li>Des principales caract\u00e9ristiques techniques<\/li>\n<li>Des applications concr\u00e8tes dans divers secteurs<\/li>\n<li>Des avantages par rapport aux syst\u00e8mes d&#8217;entra\u00eenement traditionnels<\/li>\n<li>Pourquoi le Remote Drive est un choix tourn\u00e9 vers l&#8217;avenir<\/li>\n<\/ul>\n<p>T\u00e9l\u00e9chargez la brochure et d\u00e9couvrez comment le Remote Drive peut am\u00e9liorer votre projet !<\/p>\n","protected":false},"excerpt":{"rendered":"<p>Vous cherchez un moyen de moderniser votre entreprise ? C&#8217;est le moment de passer aux actionneurs \u00e9lectriques ! Le Remote Drive de PHD est un entra\u00eenement \u00e9lectropneumatique. Con\u00e7u pour entra\u00eener \u00e9lectriquement des actionneurs pneumatiques tels que des pinces, des chariots et des actionneurs \u00e0 tige ! Comment fonctionne le Remote Drive ? Le Remote Drive [&hellip;]<\/p>\n","protected":false},"featured_media":12356,"comment_status":"closed","ping_status":"closed","template":"","meta":[],"product_brand":[1274,1256],"product_cat":[960],"product_tag":[],"class_list":{"0":"post-12368","1":"product","2":"type-product","3":"status-publish","4":"has-post-thumbnail","6":"product_brand-catalogi","7":"product_brand-lda","8":"product_cat-catalogues-lda-pdf","10":"first","11":"instock","12":"shipping-taxable","13":"product-type-simple"},"yoast_head":"<!-- This site is optimized with the Yoast SEO plugin v27.3 - https:\/\/yoast.com\/product\/yoast-seo-wordpress\/ -->\n<title>Remote Drive air on demand catalogue - LDA Belgique<\/title>\n<meta name=\"robots\" content=\"index, follow, max-snippet:-1, max-image-preview:large, max-video-preview:-1\" \/>\n<link rel=\"canonical\" href=\"https:\/\/lda.be\/fr\/produit\/remote-drive-air-on-demand-catalogue\/\" \/>\n<meta property=\"og:locale\" content=\"fr_FR\" \/>\n<meta property=\"og:type\" content=\"article\" \/>\n<meta property=\"og:title\" content=\"Remote Drive air on demand catalogue - LDA Belgique\" \/>\n<meta property=\"og:description\" content=\"Vous cherchez un moyen de moderniser votre entreprise ? C&#8217;est le moment de passer aux actionneurs \u00e9lectriques ! Le Remote Drive de PHD est un entra\u00eenement \u00e9lectropneumatique. Con\u00e7u pour entra\u00eener \u00e9lectriquement des actionneurs pneumatiques tels que des pinces, des chariots et des actionneurs \u00e0 tige ! Comment fonctionne le Remote Drive ? Le Remote Drive [&hellip;]\" \/>\n<meta property=\"og:url\" content=\"https:\/\/lda.be\/fr\/produit\/remote-drive-air-on-demand-catalogue\/\" \/>\n<meta property=\"og:site_name\" content=\"LDA Belgique\" \/>\n<meta property=\"article:modified_time\" content=\"2025-10-13T14:27:47+00:00\" \/>\n<meta property=\"og:image\" content=\"https:\/\/lda.be\/wp-content\/uploads\/2025\/10\/The-remote-drive-thumbnail-1.jpg\" \/>\n\t<meta property=\"og:image:width\" content=\"764\" \/>\n\t<meta property=\"og:image:height\" content=\"739\" \/>\n\t<meta property=\"og:image:type\" content=\"image\/jpeg\" \/>\n<meta name=\"twitter:card\" content=\"summary_large_image\" \/>\n<meta name=\"twitter:label1\" content=\"Dur\u00e9e de lecture estim\u00e9e\" \/>\n\t<meta name=\"twitter:data1\" content=\"1 minute\" \/>\n<script type=\"application\/ld+json\" class=\"yoast-schema-graph\">{\"@context\":\"https:\\\/\\\/schema.org\",\"@graph\":[{\"@type\":\"WebPage\",\"@id\":\"https:\\\/\\\/lda.be\\\/fr\\\/produit\\\/remote-drive-air-on-demand-catalogue\\\/\",\"url\":\"https:\\\/\\\/lda.be\\\/fr\\\/produit\\\/remote-drive-air-on-demand-catalogue\\\/\",\"name\":\"Remote Drive air on demand catalogue - LDA Belgique\",\"isPartOf\":{\"@id\":\"https:\\\/\\\/lda.be\\\/fr\\\/#website\"},\"primaryImageOfPage\":{\"@id\":\"https:\\\/\\\/lda.be\\\/fr\\\/produit\\\/remote-drive-air-on-demand-catalogue\\\/#primaryimage\"},\"image\":{\"@id\":\"https:\\\/\\\/lda.be\\\/fr\\\/produit\\\/remote-drive-air-on-demand-catalogue\\\/#primaryimage\"},\"thumbnailUrl\":\"https:\\\/\\\/lda.be\\\/wp-content\\\/uploads\\\/2025\\\/10\\\/The-remote-drive-thumbnail-1-e1774517977666.jpg\",\"datePublished\":\"2025-10-13T14:10:27+00:00\",\"dateModified\":\"2025-10-13T14:27:47+00:00\",\"breadcrumb\":{\"@id\":\"https:\\\/\\\/lda.be\\\/fr\\\/produit\\\/remote-drive-air-on-demand-catalogue\\\/#breadcrumb\"},\"inLanguage\":\"fr-FR\",\"potentialAction\":[{\"@type\":\"ReadAction\",\"target\":[\"https:\\\/\\\/lda.be\\\/fr\\\/produit\\\/remote-drive-air-on-demand-catalogue\\\/\"]}]},{\"@type\":\"ImageObject\",\"inLanguage\":\"fr-FR\",\"@id\":\"https:\\\/\\\/lda.be\\\/fr\\\/produit\\\/remote-drive-air-on-demand-catalogue\\\/#primaryimage\",\"url\":\"https:\\\/\\\/lda.be\\\/wp-content\\\/uploads\\\/2025\\\/10\\\/The-remote-drive-thumbnail-1-e1774517977666.jpg\",\"contentUrl\":\"https:\\\/\\\/lda.be\\\/wp-content\\\/uploads\\\/2025\\\/10\\\/The-remote-drive-thumbnail-1-e1774517977666.jpg\",\"width\":764,\"height\":739,\"caption\":\"The remote drive from phd inc\"},{\"@type\":\"BreadcrumbList\",\"@id\":\"https:\\\/\\\/lda.be\\\/fr\\\/produit\\\/remote-drive-air-on-demand-catalogue\\\/#breadcrumb\",\"itemListElement\":[{\"@type\":\"ListItem\",\"position\":1,\"name\":\"Accueil\",\"item\":\"https:\\\/\\\/lda.be\\\/fr\\\/\"},{\"@type\":\"ListItem\",\"position\":2,\"name\":\"Produits\",\"item\":\"https:\\\/\\\/lda.be\\\/fr\\\/produits\\\/\"},{\"@type\":\"ListItem\",\"position\":3,\"name\":\"Remote Drive air on demand catalogue\"}]},{\"@type\":\"WebSite\",\"@id\":\"https:\\\/\\\/lda.be\\\/fr\\\/#website\",\"url\":\"https:\\\/\\\/lda.be\\\/fr\\\/\",\"name\":\"LDA Belgium\",\"description\":\"Solutions For Life\",\"publisher\":{\"@id\":\"https:\\\/\\\/lda.be\\\/fr\\\/#organization\"},\"potentialAction\":[{\"@type\":\"SearchAction\",\"target\":{\"@type\":\"EntryPoint\",\"urlTemplate\":\"https:\\\/\\\/lda.be\\\/fr\\\/?s={search_term_string}\"},\"query-input\":{\"@type\":\"PropertyValueSpecification\",\"valueRequired\":true,\"valueName\":\"search_term_string\"}}],\"inLanguage\":\"fr-FR\"},{\"@type\":\"Organization\",\"@id\":\"https:\\\/\\\/lda.be\\\/fr\\\/#organization\",\"name\":\"LDA Belgium\",\"url\":\"https:\\\/\\\/lda.be\\\/fr\\\/\",\"logo\":{\"@type\":\"ImageObject\",\"inLanguage\":\"fr-FR\",\"@id\":\"https:\\\/\\\/lda.be\\\/fr\\\/#\\\/schema\\\/logo\\\/image\\\/\",\"url\":\"https:\\\/\\\/lda.be\\\/wp-content\\\/uploads\\\/2022\\\/07\\\/Logo-LDA.webp\",\"contentUrl\":\"https:\\\/\\\/lda.be\\\/wp-content\\\/uploads\\\/2022\\\/07\\\/Logo-LDA.webp\",\"width\":311,\"height\":101,\"caption\":\"LDA Belgium\"},\"image\":{\"@id\":\"https:\\\/\\\/lda.be\\\/fr\\\/#\\\/schema\\\/logo\\\/image\\\/\"},\"sameAs\":[\"https:\\\/\\\/www.linkedin.com\\\/company\\\/lda-belgium-nv\"]}]}<\/script>\n<!-- \/ Yoast SEO plugin. -->","yoast_head_json":{"title":"Remote Drive air on demand catalogue - LDA Belgique","robots":{"index":"index","follow":"follow","max-snippet":"max-snippet:-1","max-image-preview":"max-image-preview:large","max-video-preview":"max-video-preview:-1"},"canonical":"https:\/\/lda.be\/fr\/produit\/remote-drive-air-on-demand-catalogue\/","og_locale":"fr_FR","og_type":"article","og_title":"Remote Drive air on demand catalogue - LDA Belgique","og_description":"Vous cherchez un moyen de moderniser votre entreprise ? C&#8217;est le moment de passer aux actionneurs \u00e9lectriques ! Le Remote Drive de PHD est un entra\u00eenement \u00e9lectropneumatique. Con\u00e7u pour entra\u00eener \u00e9lectriquement des actionneurs pneumatiques tels que des pinces, des chariots et des actionneurs \u00e0 tige ! Comment fonctionne le Remote Drive ? Le Remote Drive [&hellip;]","og_url":"https:\/\/lda.be\/fr\/produit\/remote-drive-air-on-demand-catalogue\/","og_site_name":"LDA Belgique","article_modified_time":"2025-10-13T14:27:47+00:00","og_image":[{"width":764,"height":739,"url":"https:\/\/lda.be\/wp-content\/uploads\/2025\/10\/The-remote-drive-thumbnail-1.jpg","type":"image\/jpeg"}],"twitter_card":"summary_large_image","twitter_misc":{"Dur\u00e9e de lecture estim\u00e9e":"1 minute"},"schema":{"@context":"https:\/\/schema.org","@graph":[{"@type":"WebPage","@id":"https:\/\/lda.be\/fr\/produit\/remote-drive-air-on-demand-catalogue\/","url":"https:\/\/lda.be\/fr\/produit\/remote-drive-air-on-demand-catalogue\/","name":"Remote Drive air on demand catalogue - LDA Belgique","isPartOf":{"@id":"https:\/\/lda.be\/fr\/#website"},"primaryImageOfPage":{"@id":"https:\/\/lda.be\/fr\/produit\/remote-drive-air-on-demand-catalogue\/#primaryimage"},"image":{"@id":"https:\/\/lda.be\/fr\/produit\/remote-drive-air-on-demand-catalogue\/#primaryimage"},"thumbnailUrl":"https:\/\/lda.be\/wp-content\/uploads\/2025\/10\/The-remote-drive-thumbnail-1-e1774517977666.jpg","datePublished":"2025-10-13T14:10:27+00:00","dateModified":"2025-10-13T14:27:47+00:00","breadcrumb":{"@id":"https:\/\/lda.be\/fr\/produit\/remote-drive-air-on-demand-catalogue\/#breadcrumb"},"inLanguage":"fr-FR","potentialAction":[{"@type":"ReadAction","target":["https:\/\/lda.be\/fr\/produit\/remote-drive-air-on-demand-catalogue\/"]}]},{"@type":"ImageObject","inLanguage":"fr-FR","@id":"https:\/\/lda.be\/fr\/produit\/remote-drive-air-on-demand-catalogue\/#primaryimage","url":"https:\/\/lda.be\/wp-content\/uploads\/2025\/10\/The-remote-drive-thumbnail-1-e1774517977666.jpg","contentUrl":"https:\/\/lda.be\/wp-content\/uploads\/2025\/10\/The-remote-drive-thumbnail-1-e1774517977666.jpg","width":764,"height":739,"caption":"The remote drive from phd inc"},{"@type":"BreadcrumbList","@id":"https:\/\/lda.be\/fr\/produit\/remote-drive-air-on-demand-catalogue\/#breadcrumb","itemListElement":[{"@type":"ListItem","position":1,"name":"Accueil","item":"https:\/\/lda.be\/fr\/"},{"@type":"ListItem","position":2,"name":"Produits","item":"https:\/\/lda.be\/fr\/produits\/"},{"@type":"ListItem","position":3,"name":"Remote Drive air on demand catalogue"}]},{"@type":"WebSite","@id":"https:\/\/lda.be\/fr\/#website","url":"https:\/\/lda.be\/fr\/","name":"LDA Belgium","description":"Solutions For Life","publisher":{"@id":"https:\/\/lda.be\/fr\/#organization"},"potentialAction":[{"@type":"SearchAction","target":{"@type":"EntryPoint","urlTemplate":"https:\/\/lda.be\/fr\/?s={search_term_string}"},"query-input":{"@type":"PropertyValueSpecification","valueRequired":true,"valueName":"search_term_string"}}],"inLanguage":"fr-FR"},{"@type":"Organization","@id":"https:\/\/lda.be\/fr\/#organization","name":"LDA Belgium","url":"https:\/\/lda.be\/fr\/","logo":{"@type":"ImageObject","inLanguage":"fr-FR","@id":"https:\/\/lda.be\/fr\/#\/schema\/logo\/image\/","url":"https:\/\/lda.be\/wp-content\/uploads\/2022\/07\/Logo-LDA.webp","contentUrl":"https:\/\/lda.be\/wp-content\/uploads\/2022\/07\/Logo-LDA.webp","width":311,"height":101,"caption":"LDA Belgium"},"image":{"@id":"https:\/\/lda.be\/fr\/#\/schema\/logo\/image\/"},"sameAs":["https:\/\/www.linkedin.com\/company\/lda-belgium-nv"]}]}},"_links":{"self":[{"href":"https:\/\/lda.be\/fr\/wp-json\/wp\/v2\/product\/12368","targetHints":{"allow":["GET"]}}],"collection":[{"href":"https:\/\/lda.be\/fr\/wp-json\/wp\/v2\/product"}],"about":[{"href":"https:\/\/lda.be\/fr\/wp-json\/wp\/v2\/types\/product"}],"replies":[{"embeddable":true,"href":"https:\/\/lda.be\/fr\/wp-json\/wp\/v2\/comments?post=12368"}],"wp:featuredmedia":[{"embeddable":true,"href":"https:\/\/lda.be\/fr\/wp-json\/wp\/v2\/media\/12356"}],"wp:attachment":[{"href":"https:\/\/lda.be\/fr\/wp-json\/wp\/v2\/media?parent=12368"}],"wp:term":[{"taxonomy":"product_brand","embeddable":true,"href":"https:\/\/lda.be\/fr\/wp-json\/wp\/v2\/product_brand?post=12368"},{"taxonomy":"product_cat","embeddable":true,"href":"https:\/\/lda.be\/fr\/wp-json\/wp\/v2\/product_cat?post=12368"},{"taxonomy":"product_tag","embeddable":true,"href":"https:\/\/lda.be\/fr\/wp-json\/wp\/v2\/product_tag?post=12368"}],"curies":[{"name":"wp","href":"https:\/\/api.w.org\/{rel}","templated":true}]}}