{"id":12407,"date":"2025-10-14T12:58:00","date_gmt":"2025-10-14T11:58:00","guid":{"rendered":"https:\/\/lda.be\/?post_type=product&#038;p=12407"},"modified":"2025-10-14T13:36:43","modified_gmt":"2025-10-14T12:36:43","slug":"serie-bs-de-vis-a-billes-miniatures-avec-moteur","status":"publish","type":"product","link":"https:\/\/lda.be\/fr\/produit\/serie-bs-de-vis-a-billes-miniatures-avec-moteur\/","title":{"rendered":"S\u00e9rie BS de vis \u00e0 billes miniatures avec moteur"},"content":{"rendered":"<p>Les actionneurs lin\u00e9aires de la s\u00e9rie des moteurs \u00e0 recirculation de billes miniatures offrent une combinaison innovante de vis, d&#8217;\u00e9crou et de moteur, ce qui se traduit par des actionneurs de mouvement lin\u00e9aire de haute qualit\u00e9. Ces assemblages sont disponibles dans diff\u00e9rentes configurations pour diff\u00e9rentes tailles de moteurs NEMA, notamment NEMA 8, 11, 14, 17 et 23, en combinaison avec des \u00e9crous cylindriques ou \u00e0 bride. Con\u00e7ue dans un souci de polyvalence et de compacit\u00e9, cette s\u00e9rie convient \u00e0 un large \u00e9ventail d&#8217;applications n\u00e9cessitant un mouvement lin\u00e9aire pr\u00e9cis.<\/p>\n<p>Cette s\u00e9rie t\u00e9moigne d&#8217;un engagement en faveur de l&#8217;innovation, de la qualit\u00e9 et de la satisfaction du client, ce qui en fait un choix \u00e9vident pour les ing\u00e9nieurs et les concepteurs qui ont besoin de solutions de mouvement lin\u00e9aire fiables.<\/p>\n<p>Applications<\/p>\n<ul>\n<li>Mouvements de pr\u00e9cision dans les laboratoires et les instruments m\u00e9dicaux<\/li>\n<li>Robots pick-and-place et cellules d&#8217;assemblage<\/li>\n<li>Syst\u00e8mes de test et de mesure<\/li>\n<li>Impression 3D et prototypage<\/li>\n<li>Lignes d&#8217;automatisation compactes<\/li>\n<li>Variantes de mod\u00e8les<\/li>\n<\/ul>\n<p>NEMA 8 (vis de 6 mm) \u2013 \u00e9crou cylindrique ou \u00e0 bride : BSR0601ATXR-0X50-CSN-080-NNN-N<\/p>\n<ul>\n<li>NEMA 11 (vis de 6 mm) \u2013 \u00e9crou cylindrique ou \u00e0 bride : BSR060XATXR-0X50-CSN-111-NNN-N<\/li>\n<li>NEMA 14 (vis de 6, 8, 10 mm) \u2013 plusieurs options de pas et capacit\u00e9 de charge sup\u00e9rieure : BSRXXXXATXR-0X50-CSN-140-NNN-N<\/li>\n<li>NEMA 17 (vis de 6, 8, 10 mm) \u2013 moteurs \u00e0 simple et double empilement : BSRXXXXATXR-0150-CSN-171-NNN-N<\/li>\n<li>NEMA 23 (vis de 10 mm) \u2013 options de moteur simple, double et Power Plus : BSR1002ATXR-0XXX-CSN-231-NNN-N<\/li>\n<\/ul>\n","protected":false},"excerpt":{"rendered":"<p>Les actionneurs lin\u00e9aires de la s\u00e9rie des moteurs \u00e0 recirculation de billes miniatures offrent une combinaison innovante de vis, d&#8217;\u00e9crou et de moteur, ce qui se traduit par des actionneurs de mouvement lin\u00e9aire de haute qualit\u00e9. Ces assemblages sont disponibles dans diff\u00e9rentes configurations pour diff\u00e9rentes tailles de moteurs NEMA, notamment NEMA 8, 11, 14, 17 [&hellip;]<\/p>\n","protected":false},"featured_media":12405,"comment_status":"closed","ping_status":"closed","template":"","meta":[],"product_brand":[1784],"product_cat":[838,874],"product_tag":[],"class_list":{"0":"post-12407","1":"product","2":"type-product","3":"status-publish","4":"has-post-thumbnail","6":"product_brand-pbc","7":"product_cat-electricite","8":"product_cat-actionneur-a-tige","10":"first","11":"instock","12":"shipping-taxable","13":"product-type-simple"},"yoast_head":"<!-- This site is optimized with the Yoast SEO plugin v27.3 - https:\/\/yoast.com\/product\/yoast-seo-wordpress\/ -->\n<title>S\u00e9rie BS de vis \u00e0 billes miniatures avec moteur - LDA Belgique<\/title>\n<meta name=\"description\" content=\"La s\u00e9rie BS de vis \u00e0 billes miniatures avec moteur de PBC Linear est destin\u00e9e aux syst\u00e8mes \u00e9lectriques qui utilisent des actionneurs \u00e0 mouvement lin\u00e9aire de haute qualit\u00e9.\" \/>\n<meta name=\"robots\" content=\"index, follow, max-snippet:-1, max-image-preview:large, max-video-preview:-1\" \/>\n<link rel=\"canonical\" href=\"https:\/\/lda.be\/fr\/produit\/serie-bs-de-vis-a-billes-miniatures-avec-moteur\/\" \/>\n<meta property=\"og:locale\" content=\"fr_FR\" \/>\n<meta property=\"og:type\" content=\"article\" \/>\n<meta property=\"og:title\" content=\"S\u00e9rie BS de vis \u00e0 billes miniatures avec moteur - LDA Belgique\" \/>\n<meta property=\"og:description\" content=\"La s\u00e9rie BS de vis \u00e0 billes miniatures avec moteur de PBC Linear est destin\u00e9e aux syst\u00e8mes \u00e9lectriques qui utilisent des actionneurs \u00e0 mouvement lin\u00e9aire de haute qualit\u00e9.\" \/>\n<meta property=\"og:url\" content=\"https:\/\/lda.be\/fr\/produit\/serie-bs-de-vis-a-billes-miniatures-avec-moteur\/\" \/>\n<meta property=\"og:site_name\" content=\"LDA Belgique\" \/>\n<meta property=\"article:modified_time\" content=\"2025-10-14T12:36:43+00:00\" \/>\n<meta property=\"og:image\" content=\"https:\/\/lda.be\/wp-content\/uploads\/2025\/10\/BSR-screw-mmotor.webp\" \/>\n\t<meta property=\"og:image:width\" content=\"1280\" \/>\n\t<meta property=\"og:image:height\" content=\"1280\" \/>\n\t<meta property=\"og:image:type\" content=\"image\/webp\" \/>\n<meta name=\"twitter:card\" content=\"summary_large_image\" \/>\n<meta name=\"twitter:label1\" content=\"Dur\u00e9e de lecture estim\u00e9e\" \/>\n\t<meta name=\"twitter:data1\" content=\"2 minutes\" \/>\n<script type=\"application\/ld+json\" class=\"yoast-schema-graph\">{\"@context\":\"https:\\\/\\\/schema.org\",\"@graph\":[{\"@type\":\"WebPage\",\"@id\":\"https:\\\/\\\/lda.be\\\/fr\\\/produit\\\/serie-bs-de-vis-a-billes-miniatures-avec-moteur\\\/\",\"url\":\"https:\\\/\\\/lda.be\\\/fr\\\/produit\\\/serie-bs-de-vis-a-billes-miniatures-avec-moteur\\\/\",\"name\":\"S\u00e9rie BS de vis \u00e0 billes miniatures avec moteur - LDA Belgique\",\"isPartOf\":{\"@id\":\"https:\\\/\\\/lda.be\\\/fr\\\/#website\"},\"primaryImageOfPage\":{\"@id\":\"https:\\\/\\\/lda.be\\\/fr\\\/produit\\\/serie-bs-de-vis-a-billes-miniatures-avec-moteur\\\/#primaryimage\"},\"image\":{\"@id\":\"https:\\\/\\\/lda.be\\\/fr\\\/produit\\\/serie-bs-de-vis-a-billes-miniatures-avec-moteur\\\/#primaryimage\"},\"thumbnailUrl\":\"https:\\\/\\\/lda.be\\\/wp-content\\\/uploads\\\/2025\\\/10\\\/BSR-screw-mmotor.webp\",\"datePublished\":\"2025-10-14T11:58:00+00:00\",\"dateModified\":\"2025-10-14T12:36:43+00:00\",\"description\":\"La s\u00e9rie BS de vis \u00e0 billes miniatures avec moteur de PBC Linear est destin\u00e9e aux syst\u00e8mes \u00e9lectriques qui utilisent des actionneurs \u00e0 mouvement lin\u00e9aire de haute qualit\u00e9.\",\"breadcrumb\":{\"@id\":\"https:\\\/\\\/lda.be\\\/fr\\\/produit\\\/serie-bs-de-vis-a-billes-miniatures-avec-moteur\\\/#breadcrumb\"},\"inLanguage\":\"fr-FR\",\"potentialAction\":[{\"@type\":\"ReadAction\",\"target\":[\"https:\\\/\\\/lda.be\\\/fr\\\/produit\\\/serie-bs-de-vis-a-billes-miniatures-avec-moteur\\\/\"]}]},{\"@type\":\"ImageObject\",\"inLanguage\":\"fr-FR\",\"@id\":\"https:\\\/\\\/lda.be\\\/fr\\\/produit\\\/serie-bs-de-vis-a-billes-miniatures-avec-moteur\\\/#primaryimage\",\"url\":\"https:\\\/\\\/lda.be\\\/wp-content\\\/uploads\\\/2025\\\/10\\\/BSR-screw-mmotor.webp\",\"contentUrl\":\"https:\\\/\\\/lda.be\\\/wp-content\\\/uploads\\\/2025\\\/10\\\/BSR-screw-mmotor.webp\",\"width\":1280,\"height\":1280,\"caption\":\"BS serie stangloze schroef actuator\"},{\"@type\":\"BreadcrumbList\",\"@id\":\"https:\\\/\\\/lda.be\\\/fr\\\/produit\\\/serie-bs-de-vis-a-billes-miniatures-avec-moteur\\\/#breadcrumb\",\"itemListElement\":[{\"@type\":\"ListItem\",\"position\":1,\"name\":\"Accueil\",\"item\":\"https:\\\/\\\/lda.be\\\/fr\\\/\"},{\"@type\":\"ListItem\",\"position\":2,\"name\":\"Produits\",\"item\":\"https:\\\/\\\/lda.be\\\/fr\\\/produits\\\/\"},{\"@type\":\"ListItem\",\"position\":3,\"name\":\"S\u00e9rie BS de vis \u00e0 billes miniatures avec moteur\"}]},{\"@type\":\"WebSite\",\"@id\":\"https:\\\/\\\/lda.be\\\/fr\\\/#website\",\"url\":\"https:\\\/\\\/lda.be\\\/fr\\\/\",\"name\":\"LDA Belgium\",\"description\":\"Solutions For Life\",\"publisher\":{\"@id\":\"https:\\\/\\\/lda.be\\\/fr\\\/#organization\"},\"potentialAction\":[{\"@type\":\"SearchAction\",\"target\":{\"@type\":\"EntryPoint\",\"urlTemplate\":\"https:\\\/\\\/lda.be\\\/fr\\\/?s={search_term_string}\"},\"query-input\":{\"@type\":\"PropertyValueSpecification\",\"valueRequired\":true,\"valueName\":\"search_term_string\"}}],\"inLanguage\":\"fr-FR\"},{\"@type\":\"Organization\",\"@id\":\"https:\\\/\\\/lda.be\\\/fr\\\/#organization\",\"name\":\"LDA Belgium\",\"url\":\"https:\\\/\\\/lda.be\\\/fr\\\/\",\"logo\":{\"@type\":\"ImageObject\",\"inLanguage\":\"fr-FR\",\"@id\":\"https:\\\/\\\/lda.be\\\/fr\\\/#\\\/schema\\\/logo\\\/image\\\/\",\"url\":\"https:\\\/\\\/lda.be\\\/wp-content\\\/uploads\\\/2022\\\/07\\\/Logo-LDA.webp\",\"contentUrl\":\"https:\\\/\\\/lda.be\\\/wp-content\\\/uploads\\\/2022\\\/07\\\/Logo-LDA.webp\",\"width\":311,\"height\":101,\"caption\":\"LDA Belgium\"},\"image\":{\"@id\":\"https:\\\/\\\/lda.be\\\/fr\\\/#\\\/schema\\\/logo\\\/image\\\/\"},\"sameAs\":[\"https:\\\/\\\/www.linkedin.com\\\/company\\\/lda-belgium-nv\"]}]}<\/script>\n<!-- \/ Yoast SEO plugin. -->","yoast_head_json":{"title":"S\u00e9rie BS de vis \u00e0 billes miniatures avec moteur - LDA Belgique","description":"La s\u00e9rie BS de vis \u00e0 billes miniatures avec moteur de PBC Linear est destin\u00e9e aux syst\u00e8mes \u00e9lectriques qui utilisent des actionneurs \u00e0 mouvement lin\u00e9aire de haute qualit\u00e9.","robots":{"index":"index","follow":"follow","max-snippet":"max-snippet:-1","max-image-preview":"max-image-preview:large","max-video-preview":"max-video-preview:-1"},"canonical":"https:\/\/lda.be\/fr\/produit\/serie-bs-de-vis-a-billes-miniatures-avec-moteur\/","og_locale":"fr_FR","og_type":"article","og_title":"S\u00e9rie BS de vis \u00e0 billes miniatures avec moteur - LDA Belgique","og_description":"La s\u00e9rie BS de vis \u00e0 billes miniatures avec moteur de PBC Linear est destin\u00e9e aux syst\u00e8mes \u00e9lectriques qui utilisent des actionneurs \u00e0 mouvement lin\u00e9aire de haute qualit\u00e9.","og_url":"https:\/\/lda.be\/fr\/produit\/serie-bs-de-vis-a-billes-miniatures-avec-moteur\/","og_site_name":"LDA Belgique","article_modified_time":"2025-10-14T12:36:43+00:00","og_image":[{"width":1280,"height":1280,"url":"https:\/\/lda.be\/wp-content\/uploads\/2025\/10\/BSR-screw-mmotor.webp","type":"image\/webp"}],"twitter_card":"summary_large_image","twitter_misc":{"Dur\u00e9e de lecture estim\u00e9e":"2 minutes"},"schema":{"@context":"https:\/\/schema.org","@graph":[{"@type":"WebPage","@id":"https:\/\/lda.be\/fr\/produit\/serie-bs-de-vis-a-billes-miniatures-avec-moteur\/","url":"https:\/\/lda.be\/fr\/produit\/serie-bs-de-vis-a-billes-miniatures-avec-moteur\/","name":"S\u00e9rie BS de vis \u00e0 billes miniatures avec moteur - LDA Belgique","isPartOf":{"@id":"https:\/\/lda.be\/fr\/#website"},"primaryImageOfPage":{"@id":"https:\/\/lda.be\/fr\/produit\/serie-bs-de-vis-a-billes-miniatures-avec-moteur\/#primaryimage"},"image":{"@id":"https:\/\/lda.be\/fr\/produit\/serie-bs-de-vis-a-billes-miniatures-avec-moteur\/#primaryimage"},"thumbnailUrl":"https:\/\/lda.be\/wp-content\/uploads\/2025\/10\/BSR-screw-mmotor.webp","datePublished":"2025-10-14T11:58:00+00:00","dateModified":"2025-10-14T12:36:43+00:00","description":"La s\u00e9rie BS de vis \u00e0 billes miniatures avec moteur de PBC Linear est destin\u00e9e aux syst\u00e8mes \u00e9lectriques qui utilisent des actionneurs \u00e0 mouvement lin\u00e9aire de haute qualit\u00e9.","breadcrumb":{"@id":"https:\/\/lda.be\/fr\/produit\/serie-bs-de-vis-a-billes-miniatures-avec-moteur\/#breadcrumb"},"inLanguage":"fr-FR","potentialAction":[{"@type":"ReadAction","target":["https:\/\/lda.be\/fr\/produit\/serie-bs-de-vis-a-billes-miniatures-avec-moteur\/"]}]},{"@type":"ImageObject","inLanguage":"fr-FR","@id":"https:\/\/lda.be\/fr\/produit\/serie-bs-de-vis-a-billes-miniatures-avec-moteur\/#primaryimage","url":"https:\/\/lda.be\/wp-content\/uploads\/2025\/10\/BSR-screw-mmotor.webp","contentUrl":"https:\/\/lda.be\/wp-content\/uploads\/2025\/10\/BSR-screw-mmotor.webp","width":1280,"height":1280,"caption":"BS serie stangloze schroef actuator"},{"@type":"BreadcrumbList","@id":"https:\/\/lda.be\/fr\/produit\/serie-bs-de-vis-a-billes-miniatures-avec-moteur\/#breadcrumb","itemListElement":[{"@type":"ListItem","position":1,"name":"Accueil","item":"https:\/\/lda.be\/fr\/"},{"@type":"ListItem","position":2,"name":"Produits","item":"https:\/\/lda.be\/fr\/produits\/"},{"@type":"ListItem","position":3,"name":"S\u00e9rie BS de vis \u00e0 billes miniatures avec moteur"}]},{"@type":"WebSite","@id":"https:\/\/lda.be\/fr\/#website","url":"https:\/\/lda.be\/fr\/","name":"LDA Belgium","description":"Solutions For Life","publisher":{"@id":"https:\/\/lda.be\/fr\/#organization"},"potentialAction":[{"@type":"SearchAction","target":{"@type":"EntryPoint","urlTemplate":"https:\/\/lda.be\/fr\/?s={search_term_string}"},"query-input":{"@type":"PropertyValueSpecification","valueRequired":true,"valueName":"search_term_string"}}],"inLanguage":"fr-FR"},{"@type":"Organization","@id":"https:\/\/lda.be\/fr\/#organization","name":"LDA Belgium","url":"https:\/\/lda.be\/fr\/","logo":{"@type":"ImageObject","inLanguage":"fr-FR","@id":"https:\/\/lda.be\/fr\/#\/schema\/logo\/image\/","url":"https:\/\/lda.be\/wp-content\/uploads\/2022\/07\/Logo-LDA.webp","contentUrl":"https:\/\/lda.be\/wp-content\/uploads\/2022\/07\/Logo-LDA.webp","width":311,"height":101,"caption":"LDA Belgium"},"image":{"@id":"https:\/\/lda.be\/fr\/#\/schema\/logo\/image\/"},"sameAs":["https:\/\/www.linkedin.com\/company\/lda-belgium-nv"]}]}},"_links":{"self":[{"href":"https:\/\/lda.be\/fr\/wp-json\/wp\/v2\/product\/12407","targetHints":{"allow":["GET"]}}],"collection":[{"href":"https:\/\/lda.be\/fr\/wp-json\/wp\/v2\/product"}],"about":[{"href":"https:\/\/lda.be\/fr\/wp-json\/wp\/v2\/types\/product"}],"replies":[{"embeddable":true,"href":"https:\/\/lda.be\/fr\/wp-json\/wp\/v2\/comments?post=12407"}],"wp:featuredmedia":[{"embeddable":true,"href":"https:\/\/lda.be\/fr\/wp-json\/wp\/v2\/media\/12405"}],"wp:attachment":[{"href":"https:\/\/lda.be\/fr\/wp-json\/wp\/v2\/media?parent=12407"}],"wp:term":[{"taxonomy":"product_brand","embeddable":true,"href":"https:\/\/lda.be\/fr\/wp-json\/wp\/v2\/product_brand?post=12407"},{"taxonomy":"product_cat","embeddable":true,"href":"https:\/\/lda.be\/fr\/wp-json\/wp\/v2\/product_cat?post=12407"},{"taxonomy":"product_tag","embeddable":true,"href":"https:\/\/lda.be\/fr\/wp-json\/wp\/v2\/product_tag?post=12407"}],"curies":[{"name":"wp","href":"https:\/\/api.w.org\/{rel}","templated":true}]}}