{"id":12423,"date":"2025-10-14T14:23:32","date_gmt":"2025-10-14T13:23:32","guid":{"rendered":"https:\/\/lda.be\/?post_type=product&#038;p=12423"},"modified":"2025-10-14T14:58:17","modified_gmt":"2025-10-14T13:58:17","slug":"plate-forme-de-mouvement-lineaire-serie-ug","status":"publish","type":"product","link":"https:\/\/lda.be\/fr\/produit\/plate-forme-de-mouvement-lineaire-serie-ug\/","title":{"rendered":"Plate-forme de mouvement lin\u00e9aire s\u00e9rie UG"},"content":{"rendered":"<p>L&#8217;actionneur \u00e0 vis sans fin de la s\u00e9rie UG est con\u00e7u pour le positionnement lin\u00e9aire, l&#8217;assemblage et les applications de type \u00ab pick-and-place \u00bb dans les syst\u00e8mes d&#8217;automatisation et de construction de machines. Cet actionneur offre une plate-forme compacte et modulaire avec une grande stabilit\u00e9 structurelle et un mouvement fluide, id\u00e9al pour les environnements industriels exigeants.<\/p>\n<p>La s\u00e9rie UG combine une vis sans fin de pr\u00e9cision avec un \u00e9crou usin\u00e9 ou anti-jeu, mont\u00e9 sur un rail de base en aluminium fabriqu\u00e9 selon le proc\u00e9d\u00e9 SIMO\u00ae (Simultaneous Integral Milling Operation). Ce proc\u00e9d\u00e9 permet de r\u00e9duire de six fois la courbure, de deux fois la torsion et de deux fois la plan\u00e9it\u00e9 par rapport aux rails extrud\u00e9s standard.<\/p>\n<p>Il existe \u00e9galement une option de configuration \u00e0 entra\u00eenement par courroie, adapt\u00e9e aux applications qui n\u00e9cessitent des vitesses plus \u00e9lev\u00e9es ou des courses plus longues.<\/p>\n","protected":false},"excerpt":{"rendered":"<p>L&#8217;actionneur \u00e0 vis sans fin de la s\u00e9rie UG est con\u00e7u pour le positionnement lin\u00e9aire, l&#8217;assemblage et les applications de type \u00ab pick-and-place \u00bb dans les syst\u00e8mes d&#8217;automatisation et de construction de machines. Cet actionneur offre une plate-forme compacte et modulaire avec une grande stabilit\u00e9 structurelle et un mouvement fluide, id\u00e9al pour les environnements industriels [&hellip;]<\/p>\n","protected":false},"featured_media":12420,"comment_status":"closed","ping_status":"closed","template":"","meta":[],"product_brand":[1784],"product_cat":[838,870,872],"product_tag":[],"class_list":{"0":"post-12423","1":"product","2":"type-product","3":"status-publish","4":"has-post-thumbnail","6":"product_brand-pbc","7":"product_cat-electricite","8":"product_cat-actionneurs-a-courroie-a-axes-lineaires","9":"product_cat-actionneurs-a-vis-sans-tige","11":"first","12":"instock","13":"shipping-taxable","14":"product-type-simple"},"yoast_head":"<!-- This site is optimized with the Yoast SEO plugin v27.3 - https:\/\/yoast.com\/product\/yoast-seo-wordpress\/ -->\n<title>Plate-forme de mouvement lin\u00e9aire s\u00e9rie UG - LDA Belgique<\/title>\n<meta name=\"description\" content=\"La plate-forme de mouvement lin\u00e9aire de la s\u00e9rie UG est une solution con\u00e7ue pour \u00eatre polyvalente, flexible et abordable. Moteur \u00e9lectrique ou entra\u00eenement par courroie.\" \/>\n<meta name=\"robots\" content=\"index, follow, max-snippet:-1, max-image-preview:large, max-video-preview:-1\" \/>\n<link rel=\"canonical\" href=\"https:\/\/lda.be\/fr\/produit\/plate-forme-de-mouvement-lineaire-serie-ug\/\" \/>\n<meta property=\"og:locale\" content=\"fr_FR\" \/>\n<meta property=\"og:type\" content=\"article\" \/>\n<meta property=\"og:title\" content=\"Plate-forme de mouvement lin\u00e9aire s\u00e9rie UG - LDA Belgique\" \/>\n<meta property=\"og:description\" content=\"La plate-forme de mouvement lin\u00e9aire de la s\u00e9rie UG est une solution con\u00e7ue pour \u00eatre polyvalente, flexible et abordable. Moteur \u00e9lectrique ou entra\u00eenement par courroie.\" \/>\n<meta property=\"og:url\" content=\"https:\/\/lda.be\/fr\/produit\/plate-forme-de-mouvement-lineaire-serie-ug\/\" \/>\n<meta property=\"og:site_name\" content=\"LDA Belgique\" \/>\n<meta property=\"article:modified_time\" content=\"2025-10-14T13:58:17+00:00\" \/>\n<meta property=\"og:image\" content=\"https:\/\/lda.be\/wp-content\/uploads\/2025\/10\/UG-serie.webp\" \/>\n\t<meta property=\"og:image:width\" content=\"1080\" \/>\n\t<meta property=\"og:image:height\" content=\"1080\" \/>\n\t<meta property=\"og:image:type\" content=\"image\/webp\" \/>\n<meta name=\"twitter:card\" content=\"summary_large_image\" \/>\n<meta name=\"twitter:label1\" content=\"Dur\u00e9e de lecture estim\u00e9e\" \/>\n\t<meta name=\"twitter:data1\" content=\"1 minute\" \/>\n<script type=\"application\/ld+json\" class=\"yoast-schema-graph\">{\"@context\":\"https:\\\/\\\/schema.org\",\"@graph\":[{\"@type\":\"WebPage\",\"@id\":\"https:\\\/\\\/lda.be\\\/fr\\\/produit\\\/plate-forme-de-mouvement-lineaire-serie-ug\\\/\",\"url\":\"https:\\\/\\\/lda.be\\\/fr\\\/produit\\\/plate-forme-de-mouvement-lineaire-serie-ug\\\/\",\"name\":\"Plate-forme de mouvement lin\u00e9aire s\u00e9rie UG - LDA Belgique\",\"isPartOf\":{\"@id\":\"https:\\\/\\\/lda.be\\\/fr\\\/#website\"},\"primaryImageOfPage\":{\"@id\":\"https:\\\/\\\/lda.be\\\/fr\\\/produit\\\/plate-forme-de-mouvement-lineaire-serie-ug\\\/#primaryimage\"},\"image\":{\"@id\":\"https:\\\/\\\/lda.be\\\/fr\\\/produit\\\/plate-forme-de-mouvement-lineaire-serie-ug\\\/#primaryimage\"},\"thumbnailUrl\":\"https:\\\/\\\/lda.be\\\/wp-content\\\/uploads\\\/2025\\\/10\\\/UG-serie.webp\",\"datePublished\":\"2025-10-14T13:23:32+00:00\",\"dateModified\":\"2025-10-14T13:58:17+00:00\",\"description\":\"La plate-forme de mouvement lin\u00e9aire de la s\u00e9rie UG est une solution con\u00e7ue pour \u00eatre polyvalente, flexible et abordable. Moteur \u00e9lectrique ou entra\u00eenement par courroie.\",\"breadcrumb\":{\"@id\":\"https:\\\/\\\/lda.be\\\/fr\\\/produit\\\/plate-forme-de-mouvement-lineaire-serie-ug\\\/#breadcrumb\"},\"inLanguage\":\"fr-FR\",\"potentialAction\":[{\"@type\":\"ReadAction\",\"target\":[\"https:\\\/\\\/lda.be\\\/fr\\\/produit\\\/plate-forme-de-mouvement-lineaire-serie-ug\\\/\"]}]},{\"@type\":\"ImageObject\",\"inLanguage\":\"fr-FR\",\"@id\":\"https:\\\/\\\/lda.be\\\/fr\\\/produit\\\/plate-forme-de-mouvement-lineaire-serie-ug\\\/#primaryimage\",\"url\":\"https:\\\/\\\/lda.be\\\/wp-content\\\/uploads\\\/2025\\\/10\\\/UG-serie.webp\",\"contentUrl\":\"https:\\\/\\\/lda.be\\\/wp-content\\\/uploads\\\/2025\\\/10\\\/UG-serie.webp\",\"width\":1080,\"height\":1080,\"caption\":\"UG lineaire bewegingplatform\"},{\"@type\":\"BreadcrumbList\",\"@id\":\"https:\\\/\\\/lda.be\\\/fr\\\/produit\\\/plate-forme-de-mouvement-lineaire-serie-ug\\\/#breadcrumb\",\"itemListElement\":[{\"@type\":\"ListItem\",\"position\":1,\"name\":\"Accueil\",\"item\":\"https:\\\/\\\/lda.be\\\/fr\\\/\"},{\"@type\":\"ListItem\",\"position\":2,\"name\":\"Produits\",\"item\":\"https:\\\/\\\/lda.be\\\/fr\\\/produits\\\/\"},{\"@type\":\"ListItem\",\"position\":3,\"name\":\"Plate-forme de mouvement lin\u00e9aire s\u00e9rie UG\"}]},{\"@type\":\"WebSite\",\"@id\":\"https:\\\/\\\/lda.be\\\/fr\\\/#website\",\"url\":\"https:\\\/\\\/lda.be\\\/fr\\\/\",\"name\":\"LDA Belgium\",\"description\":\"Solutions For Life\",\"publisher\":{\"@id\":\"https:\\\/\\\/lda.be\\\/fr\\\/#organization\"},\"potentialAction\":[{\"@type\":\"SearchAction\",\"target\":{\"@type\":\"EntryPoint\",\"urlTemplate\":\"https:\\\/\\\/lda.be\\\/fr\\\/?s={search_term_string}\"},\"query-input\":{\"@type\":\"PropertyValueSpecification\",\"valueRequired\":true,\"valueName\":\"search_term_string\"}}],\"inLanguage\":\"fr-FR\"},{\"@type\":\"Organization\",\"@id\":\"https:\\\/\\\/lda.be\\\/fr\\\/#organization\",\"name\":\"LDA Belgium\",\"url\":\"https:\\\/\\\/lda.be\\\/fr\\\/\",\"logo\":{\"@type\":\"ImageObject\",\"inLanguage\":\"fr-FR\",\"@id\":\"https:\\\/\\\/lda.be\\\/fr\\\/#\\\/schema\\\/logo\\\/image\\\/\",\"url\":\"https:\\\/\\\/lda.be\\\/wp-content\\\/uploads\\\/2022\\\/07\\\/Logo-LDA.webp\",\"contentUrl\":\"https:\\\/\\\/lda.be\\\/wp-content\\\/uploads\\\/2022\\\/07\\\/Logo-LDA.webp\",\"width\":311,\"height\":101,\"caption\":\"LDA Belgium\"},\"image\":{\"@id\":\"https:\\\/\\\/lda.be\\\/fr\\\/#\\\/schema\\\/logo\\\/image\\\/\"},\"sameAs\":[\"https:\\\/\\\/www.linkedin.com\\\/company\\\/lda-belgium-nv\"]}]}<\/script>\n<!-- \/ Yoast SEO plugin. -->","yoast_head_json":{"title":"Plate-forme de mouvement lin\u00e9aire s\u00e9rie UG - LDA Belgique","description":"La plate-forme de mouvement lin\u00e9aire de la s\u00e9rie UG est une solution con\u00e7ue pour \u00eatre polyvalente, flexible et abordable. Moteur \u00e9lectrique ou entra\u00eenement par courroie.","robots":{"index":"index","follow":"follow","max-snippet":"max-snippet:-1","max-image-preview":"max-image-preview:large","max-video-preview":"max-video-preview:-1"},"canonical":"https:\/\/lda.be\/fr\/produit\/plate-forme-de-mouvement-lineaire-serie-ug\/","og_locale":"fr_FR","og_type":"article","og_title":"Plate-forme de mouvement lin\u00e9aire s\u00e9rie UG - LDA Belgique","og_description":"La plate-forme de mouvement lin\u00e9aire de la s\u00e9rie UG est une solution con\u00e7ue pour \u00eatre polyvalente, flexible et abordable. Moteur \u00e9lectrique ou entra\u00eenement par courroie.","og_url":"https:\/\/lda.be\/fr\/produit\/plate-forme-de-mouvement-lineaire-serie-ug\/","og_site_name":"LDA Belgique","article_modified_time":"2025-10-14T13:58:17+00:00","og_image":[{"width":1080,"height":1080,"url":"https:\/\/lda.be\/wp-content\/uploads\/2025\/10\/UG-serie.webp","type":"image\/webp"}],"twitter_card":"summary_large_image","twitter_misc":{"Dur\u00e9e de lecture estim\u00e9e":"1 minute"},"schema":{"@context":"https:\/\/schema.org","@graph":[{"@type":"WebPage","@id":"https:\/\/lda.be\/fr\/produit\/plate-forme-de-mouvement-lineaire-serie-ug\/","url":"https:\/\/lda.be\/fr\/produit\/plate-forme-de-mouvement-lineaire-serie-ug\/","name":"Plate-forme de mouvement lin\u00e9aire s\u00e9rie UG - LDA Belgique","isPartOf":{"@id":"https:\/\/lda.be\/fr\/#website"},"primaryImageOfPage":{"@id":"https:\/\/lda.be\/fr\/produit\/plate-forme-de-mouvement-lineaire-serie-ug\/#primaryimage"},"image":{"@id":"https:\/\/lda.be\/fr\/produit\/plate-forme-de-mouvement-lineaire-serie-ug\/#primaryimage"},"thumbnailUrl":"https:\/\/lda.be\/wp-content\/uploads\/2025\/10\/UG-serie.webp","datePublished":"2025-10-14T13:23:32+00:00","dateModified":"2025-10-14T13:58:17+00:00","description":"La plate-forme de mouvement lin\u00e9aire de la s\u00e9rie UG est une solution con\u00e7ue pour \u00eatre polyvalente, flexible et abordable. Moteur \u00e9lectrique ou entra\u00eenement par courroie.","breadcrumb":{"@id":"https:\/\/lda.be\/fr\/produit\/plate-forme-de-mouvement-lineaire-serie-ug\/#breadcrumb"},"inLanguage":"fr-FR","potentialAction":[{"@type":"ReadAction","target":["https:\/\/lda.be\/fr\/produit\/plate-forme-de-mouvement-lineaire-serie-ug\/"]}]},{"@type":"ImageObject","inLanguage":"fr-FR","@id":"https:\/\/lda.be\/fr\/produit\/plate-forme-de-mouvement-lineaire-serie-ug\/#primaryimage","url":"https:\/\/lda.be\/wp-content\/uploads\/2025\/10\/UG-serie.webp","contentUrl":"https:\/\/lda.be\/wp-content\/uploads\/2025\/10\/UG-serie.webp","width":1080,"height":1080,"caption":"UG lineaire bewegingplatform"},{"@type":"BreadcrumbList","@id":"https:\/\/lda.be\/fr\/produit\/plate-forme-de-mouvement-lineaire-serie-ug\/#breadcrumb","itemListElement":[{"@type":"ListItem","position":1,"name":"Accueil","item":"https:\/\/lda.be\/fr\/"},{"@type":"ListItem","position":2,"name":"Produits","item":"https:\/\/lda.be\/fr\/produits\/"},{"@type":"ListItem","position":3,"name":"Plate-forme de mouvement lin\u00e9aire s\u00e9rie UG"}]},{"@type":"WebSite","@id":"https:\/\/lda.be\/fr\/#website","url":"https:\/\/lda.be\/fr\/","name":"LDA Belgium","description":"Solutions For Life","publisher":{"@id":"https:\/\/lda.be\/fr\/#organization"},"potentialAction":[{"@type":"SearchAction","target":{"@type":"EntryPoint","urlTemplate":"https:\/\/lda.be\/fr\/?s={search_term_string}"},"query-input":{"@type":"PropertyValueSpecification","valueRequired":true,"valueName":"search_term_string"}}],"inLanguage":"fr-FR"},{"@type":"Organization","@id":"https:\/\/lda.be\/fr\/#organization","name":"LDA Belgium","url":"https:\/\/lda.be\/fr\/","logo":{"@type":"ImageObject","inLanguage":"fr-FR","@id":"https:\/\/lda.be\/fr\/#\/schema\/logo\/image\/","url":"https:\/\/lda.be\/wp-content\/uploads\/2022\/07\/Logo-LDA.webp","contentUrl":"https:\/\/lda.be\/wp-content\/uploads\/2022\/07\/Logo-LDA.webp","width":311,"height":101,"caption":"LDA Belgium"},"image":{"@id":"https:\/\/lda.be\/fr\/#\/schema\/logo\/image\/"},"sameAs":["https:\/\/www.linkedin.com\/company\/lda-belgium-nv"]}]}},"_links":{"self":[{"href":"https:\/\/lda.be\/fr\/wp-json\/wp\/v2\/product\/12423","targetHints":{"allow":["GET"]}}],"collection":[{"href":"https:\/\/lda.be\/fr\/wp-json\/wp\/v2\/product"}],"about":[{"href":"https:\/\/lda.be\/fr\/wp-json\/wp\/v2\/types\/product"}],"replies":[{"embeddable":true,"href":"https:\/\/lda.be\/fr\/wp-json\/wp\/v2\/comments?post=12423"}],"wp:featuredmedia":[{"embeddable":true,"href":"https:\/\/lda.be\/fr\/wp-json\/wp\/v2\/media\/12420"}],"wp:attachment":[{"href":"https:\/\/lda.be\/fr\/wp-json\/wp\/v2\/media?parent=12423"}],"wp:term":[{"taxonomy":"product_brand","embeddable":true,"href":"https:\/\/lda.be\/fr\/wp-json\/wp\/v2\/product_brand?post=12423"},{"taxonomy":"product_cat","embeddable":true,"href":"https:\/\/lda.be\/fr\/wp-json\/wp\/v2\/product_cat?post=12423"},{"taxonomy":"product_tag","embeddable":true,"href":"https:\/\/lda.be\/fr\/wp-json\/wp\/v2\/product_tag?post=12423"}],"curies":[{"name":"wp","href":"https:\/\/api.w.org\/{rel}","templated":true}]}}