{"id":12432,"date":"2025-10-14T15:22:39","date_gmt":"2025-10-14T14:22:39","guid":{"rendered":"https:\/\/lda.be\/?post_type=product&#038;p=12432"},"modified":"2025-10-16T13:57:52","modified_gmt":"2025-10-16T12:57:52","slug":"actionneurs-lineaires-miniatures-serie-ml","status":"publish","type":"product","link":"https:\/\/lda.be\/fr\/produit\/actionneurs-lineaires-miniatures-serie-ml\/","title":{"rendered":"ML s\u00e9rie actionneurs lin\u00e9aires miniatures"},"content":{"rendered":"<p>Le profil ext\u00e9rieur distinctif du bo\u00eetier en aluminium anodis\u00e9 utilise des rainures en queue d&#8217;aronde sur tous les c\u00f4t\u00e9s, ce qui rend l&#8217;installation rapide et facile, permettant \u00e0 cet actionneur d&#8217;\u00eatre mont\u00e9 plus couramment par le dessous ou de mani\u00e8re unique par le c\u00f4t\u00e9. Cette caract\u00e9ristique augmente les options de montage pour les utilisateurs, soulignant sa flexibilit\u00e9 tout en \u00e9tant id\u00e9ale pour un montage orthogonal dans les applications de type portique. La conception des rainures en queue d&#8217;aronde contribue \u00e9galement \u00e0 \u00e9liminer le risque de desserrage en induisant une tension lors du serrage gr\u00e2ce \u00e0 son syst\u00e8me de serrage \u00e0 coin (sup\u00e9rieur au serrage conventionnel \u00e0 rainure en T carr\u00e9e), ce qui lui permet de maintenir sa prise malgr\u00e9 des forces et des vibrations importantes pendant de longs cycles.<\/p>\n<p>L&#8217;utilisateur peut choisir parmi une large s\u00e9lection de pas de vis (1 mm, 2 mm, 5 mm, 10 mm, 12 mm, 16 mm, 25 mm et 1,5 pouce) afin d&#8217;obtenir les vitesses optimales requises pour l&#8217;application. Le diam\u00e8tre de nos vis sans fin est le plus grand disponible dans l&#8217;industrie pour les actionneurs de cette taille, ce qui permet de surmonter les inconv\u00e9nients du ph\u00e9nom\u00e8ne connu sous le nom de \u00ab vitesse critique \u00bb.<\/p>\n<p>Les vis sans fin sont recouvertes de T\u00e9flon afin d&#8217;augmenter leur dur\u00e9e de vie tout en r\u00e9duisant la friction et la r\u00e9sistance sur le moteur.La s\u00e9rie ML est disponible en trois versions :<\/p>\n<ul>\n<li>MLB \u2013 avec moteur int\u00e9gr\u00e9,<\/li>\n<li>MLC \u2013 avec fixation du moteur,<\/li>\n<li>MLD \u2013 version \u00e0 commande manuelle avec bouton rotatif ou axe.<\/li>\n<\/ul>\n","protected":false},"excerpt":{"rendered":"<p>Le profil ext\u00e9rieur distinctif du bo\u00eetier en aluminium anodis\u00e9 utilise des rainures en queue d&#8217;aronde sur tous les c\u00f4t\u00e9s, ce qui rend l&#8217;installation rapide et facile, permettant \u00e0 cet actionneur d&#8217;\u00eatre mont\u00e9 plus couramment par le dessous ou de mani\u00e8re unique par le c\u00f4t\u00e9. Cette caract\u00e9ristique augmente les options de montage pour les utilisateurs, soulignant [&hellip;]<\/p>\n","protected":false},"featured_media":12429,"comment_status":"closed","ping_status":"closed","template":"","meta":[],"product_brand":[1784],"product_cat":[838,872],"product_tag":[],"class_list":{"0":"post-12432","1":"product","2":"type-product","3":"status-publish","4":"has-post-thumbnail","6":"product_brand-pbc","7":"product_cat-electricite","8":"product_cat-actionneurs-a-vis-sans-tige","10":"first","11":"instock","12":"shipping-taxable","13":"product-type-simple"},"yoast_head":"<!-- This site is optimized with the Yoast SEO plugin v27.3 - https:\/\/yoast.com\/product\/yoast-seo-wordpress\/ -->\n<title>ML s\u00e9rie actionneurs lin\u00e9aires miniatures - LDA Belgique<\/title>\n<meta name=\"description\" content=\"La s\u00e9rie ML est id\u00e9ale pour les \u00e9quipements m\u00e9dicaux, les applications pharmaceutiques et biotechnologiques, les petits syst\u00e8mes pick-and-place, l&#039;automatisation des laboratoires et les constructions \u00e0 portique o\u00f9 un mouvement lin\u00e9aire compact est requis.\" \/>\n<meta name=\"robots\" content=\"index, follow, max-snippet:-1, max-image-preview:large, max-video-preview:-1\" \/>\n<link rel=\"canonical\" href=\"https:\/\/lda.be\/fr\/produit\/actionneurs-lineaires-miniatures-serie-ml\/\" \/>\n<meta property=\"og:locale\" content=\"fr_FR\" \/>\n<meta property=\"og:type\" content=\"article\" \/>\n<meta property=\"og:title\" content=\"ML s\u00e9rie actionneurs lin\u00e9aires miniatures - LDA Belgique\" \/>\n<meta property=\"og:description\" content=\"La s\u00e9rie ML est id\u00e9ale pour les \u00e9quipements m\u00e9dicaux, les applications pharmaceutiques et biotechnologiques, les petits syst\u00e8mes pick-and-place, l&#039;automatisation des laboratoires et les constructions \u00e0 portique o\u00f9 un mouvement lin\u00e9aire compact est requis.\" \/>\n<meta property=\"og:url\" content=\"https:\/\/lda.be\/fr\/produit\/actionneurs-lineaires-miniatures-serie-ml\/\" \/>\n<meta property=\"og:site_name\" content=\"LDA Belgique\" \/>\n<meta property=\"article:modified_time\" content=\"2025-10-16T12:57:52+00:00\" \/>\n<meta property=\"og:image\" content=\"https:\/\/lda.be\/wp-content\/uploads\/2025\/10\/ML-serie.webp\" \/>\n\t<meta property=\"og:image:width\" content=\"1080\" \/>\n\t<meta property=\"og:image:height\" content=\"1080\" \/>\n\t<meta property=\"og:image:type\" content=\"image\/webp\" \/>\n<meta name=\"twitter:card\" content=\"summary_large_image\" \/>\n<meta name=\"twitter:label1\" content=\"Dur\u00e9e de lecture estim\u00e9e\" \/>\n\t<meta name=\"twitter:data1\" content=\"2 minutes\" \/>\n<script type=\"application\/ld+json\" class=\"yoast-schema-graph\">{\"@context\":\"https:\\\/\\\/schema.org\",\"@graph\":[{\"@type\":\"WebPage\",\"@id\":\"https:\\\/\\\/lda.be\\\/fr\\\/produit\\\/actionneurs-lineaires-miniatures-serie-ml\\\/\",\"url\":\"https:\\\/\\\/lda.be\\\/fr\\\/produit\\\/actionneurs-lineaires-miniatures-serie-ml\\\/\",\"name\":\"ML s\u00e9rie actionneurs lin\u00e9aires miniatures - LDA Belgique\",\"isPartOf\":{\"@id\":\"https:\\\/\\\/lda.be\\\/fr\\\/#website\"},\"primaryImageOfPage\":{\"@id\":\"https:\\\/\\\/lda.be\\\/fr\\\/produit\\\/actionneurs-lineaires-miniatures-serie-ml\\\/#primaryimage\"},\"image\":{\"@id\":\"https:\\\/\\\/lda.be\\\/fr\\\/produit\\\/actionneurs-lineaires-miniatures-serie-ml\\\/#primaryimage\"},\"thumbnailUrl\":\"https:\\\/\\\/lda.be\\\/wp-content\\\/uploads\\\/2025\\\/10\\\/ML-serie.webp\",\"datePublished\":\"2025-10-14T14:22:39+00:00\",\"dateModified\":\"2025-10-16T12:57:52+00:00\",\"description\":\"La s\u00e9rie ML est id\u00e9ale pour les \u00e9quipements m\u00e9dicaux, les applications pharmaceutiques et biotechnologiques, les petits syst\u00e8mes pick-and-place, l'automatisation des laboratoires et les constructions \u00e0 portique o\u00f9 un mouvement lin\u00e9aire compact est requis.\",\"breadcrumb\":{\"@id\":\"https:\\\/\\\/lda.be\\\/fr\\\/produit\\\/actionneurs-lineaires-miniatures-serie-ml\\\/#breadcrumb\"},\"inLanguage\":\"fr-FR\",\"potentialAction\":[{\"@type\":\"ReadAction\",\"target\":[\"https:\\\/\\\/lda.be\\\/fr\\\/produit\\\/actionneurs-lineaires-miniatures-serie-ml\\\/\"]}]},{\"@type\":\"ImageObject\",\"inLanguage\":\"fr-FR\",\"@id\":\"https:\\\/\\\/lda.be\\\/fr\\\/produit\\\/actionneurs-lineaires-miniatures-serie-ml\\\/#primaryimage\",\"url\":\"https:\\\/\\\/lda.be\\\/wp-content\\\/uploads\\\/2025\\\/10\\\/ML-serie.webp\",\"contentUrl\":\"https:\\\/\\\/lda.be\\\/wp-content\\\/uploads\\\/2025\\\/10\\\/ML-serie.webp\",\"width\":1080,\"height\":1080,\"caption\":\"DE ML serie van PBC linear\"},{\"@type\":\"BreadcrumbList\",\"@id\":\"https:\\\/\\\/lda.be\\\/fr\\\/produit\\\/actionneurs-lineaires-miniatures-serie-ml\\\/#breadcrumb\",\"itemListElement\":[{\"@type\":\"ListItem\",\"position\":1,\"name\":\"Accueil\",\"item\":\"https:\\\/\\\/lda.be\\\/fr\\\/\"},{\"@type\":\"ListItem\",\"position\":2,\"name\":\"Produits\",\"item\":\"https:\\\/\\\/lda.be\\\/fr\\\/produits\\\/\"},{\"@type\":\"ListItem\",\"position\":3,\"name\":\"ML s\u00e9rie actionneurs lin\u00e9aires miniatures\"}]},{\"@type\":\"WebSite\",\"@id\":\"https:\\\/\\\/lda.be\\\/fr\\\/#website\",\"url\":\"https:\\\/\\\/lda.be\\\/fr\\\/\",\"name\":\"LDA Belgium\",\"description\":\"Solutions For Life\",\"publisher\":{\"@id\":\"https:\\\/\\\/lda.be\\\/fr\\\/#organization\"},\"potentialAction\":[{\"@type\":\"SearchAction\",\"target\":{\"@type\":\"EntryPoint\",\"urlTemplate\":\"https:\\\/\\\/lda.be\\\/fr\\\/?s={search_term_string}\"},\"query-input\":{\"@type\":\"PropertyValueSpecification\",\"valueRequired\":true,\"valueName\":\"search_term_string\"}}],\"inLanguage\":\"fr-FR\"},{\"@type\":\"Organization\",\"@id\":\"https:\\\/\\\/lda.be\\\/fr\\\/#organization\",\"name\":\"LDA Belgium\",\"url\":\"https:\\\/\\\/lda.be\\\/fr\\\/\",\"logo\":{\"@type\":\"ImageObject\",\"inLanguage\":\"fr-FR\",\"@id\":\"https:\\\/\\\/lda.be\\\/fr\\\/#\\\/schema\\\/logo\\\/image\\\/\",\"url\":\"https:\\\/\\\/lda.be\\\/wp-content\\\/uploads\\\/2022\\\/07\\\/Logo-LDA.webp\",\"contentUrl\":\"https:\\\/\\\/lda.be\\\/wp-content\\\/uploads\\\/2022\\\/07\\\/Logo-LDA.webp\",\"width\":311,\"height\":101,\"caption\":\"LDA Belgium\"},\"image\":{\"@id\":\"https:\\\/\\\/lda.be\\\/fr\\\/#\\\/schema\\\/logo\\\/image\\\/\"},\"sameAs\":[\"https:\\\/\\\/www.linkedin.com\\\/company\\\/lda-belgium-nv\"]}]}<\/script>\n<!-- \/ Yoast SEO plugin. -->","yoast_head_json":{"title":"ML s\u00e9rie actionneurs lin\u00e9aires miniatures - LDA Belgique","description":"La s\u00e9rie ML est id\u00e9ale pour les \u00e9quipements m\u00e9dicaux, les applications pharmaceutiques et biotechnologiques, les petits syst\u00e8mes pick-and-place, l'automatisation des laboratoires et les constructions \u00e0 portique o\u00f9 un mouvement lin\u00e9aire compact est requis.","robots":{"index":"index","follow":"follow","max-snippet":"max-snippet:-1","max-image-preview":"max-image-preview:large","max-video-preview":"max-video-preview:-1"},"canonical":"https:\/\/lda.be\/fr\/produit\/actionneurs-lineaires-miniatures-serie-ml\/","og_locale":"fr_FR","og_type":"article","og_title":"ML s\u00e9rie actionneurs lin\u00e9aires miniatures - LDA Belgique","og_description":"La s\u00e9rie ML est id\u00e9ale pour les \u00e9quipements m\u00e9dicaux, les applications pharmaceutiques et biotechnologiques, les petits syst\u00e8mes pick-and-place, l'automatisation des laboratoires et les constructions \u00e0 portique o\u00f9 un mouvement lin\u00e9aire compact est requis.","og_url":"https:\/\/lda.be\/fr\/produit\/actionneurs-lineaires-miniatures-serie-ml\/","og_site_name":"LDA Belgique","article_modified_time":"2025-10-16T12:57:52+00:00","og_image":[{"width":1080,"height":1080,"url":"https:\/\/lda.be\/wp-content\/uploads\/2025\/10\/ML-serie.webp","type":"image\/webp"}],"twitter_card":"summary_large_image","twitter_misc":{"Dur\u00e9e de lecture estim\u00e9e":"2 minutes"},"schema":{"@context":"https:\/\/schema.org","@graph":[{"@type":"WebPage","@id":"https:\/\/lda.be\/fr\/produit\/actionneurs-lineaires-miniatures-serie-ml\/","url":"https:\/\/lda.be\/fr\/produit\/actionneurs-lineaires-miniatures-serie-ml\/","name":"ML s\u00e9rie actionneurs lin\u00e9aires miniatures - LDA Belgique","isPartOf":{"@id":"https:\/\/lda.be\/fr\/#website"},"primaryImageOfPage":{"@id":"https:\/\/lda.be\/fr\/produit\/actionneurs-lineaires-miniatures-serie-ml\/#primaryimage"},"image":{"@id":"https:\/\/lda.be\/fr\/produit\/actionneurs-lineaires-miniatures-serie-ml\/#primaryimage"},"thumbnailUrl":"https:\/\/lda.be\/wp-content\/uploads\/2025\/10\/ML-serie.webp","datePublished":"2025-10-14T14:22:39+00:00","dateModified":"2025-10-16T12:57:52+00:00","description":"La s\u00e9rie ML est id\u00e9ale pour les \u00e9quipements m\u00e9dicaux, les applications pharmaceutiques et biotechnologiques, les petits syst\u00e8mes pick-and-place, l'automatisation des laboratoires et les constructions \u00e0 portique o\u00f9 un mouvement lin\u00e9aire compact est requis.","breadcrumb":{"@id":"https:\/\/lda.be\/fr\/produit\/actionneurs-lineaires-miniatures-serie-ml\/#breadcrumb"},"inLanguage":"fr-FR","potentialAction":[{"@type":"ReadAction","target":["https:\/\/lda.be\/fr\/produit\/actionneurs-lineaires-miniatures-serie-ml\/"]}]},{"@type":"ImageObject","inLanguage":"fr-FR","@id":"https:\/\/lda.be\/fr\/produit\/actionneurs-lineaires-miniatures-serie-ml\/#primaryimage","url":"https:\/\/lda.be\/wp-content\/uploads\/2025\/10\/ML-serie.webp","contentUrl":"https:\/\/lda.be\/wp-content\/uploads\/2025\/10\/ML-serie.webp","width":1080,"height":1080,"caption":"DE ML serie van PBC linear"},{"@type":"BreadcrumbList","@id":"https:\/\/lda.be\/fr\/produit\/actionneurs-lineaires-miniatures-serie-ml\/#breadcrumb","itemListElement":[{"@type":"ListItem","position":1,"name":"Accueil","item":"https:\/\/lda.be\/fr\/"},{"@type":"ListItem","position":2,"name":"Produits","item":"https:\/\/lda.be\/fr\/produits\/"},{"@type":"ListItem","position":3,"name":"ML s\u00e9rie actionneurs lin\u00e9aires miniatures"}]},{"@type":"WebSite","@id":"https:\/\/lda.be\/fr\/#website","url":"https:\/\/lda.be\/fr\/","name":"LDA Belgium","description":"Solutions For Life","publisher":{"@id":"https:\/\/lda.be\/fr\/#organization"},"potentialAction":[{"@type":"SearchAction","target":{"@type":"EntryPoint","urlTemplate":"https:\/\/lda.be\/fr\/?s={search_term_string}"},"query-input":{"@type":"PropertyValueSpecification","valueRequired":true,"valueName":"search_term_string"}}],"inLanguage":"fr-FR"},{"@type":"Organization","@id":"https:\/\/lda.be\/fr\/#organization","name":"LDA Belgium","url":"https:\/\/lda.be\/fr\/","logo":{"@type":"ImageObject","inLanguage":"fr-FR","@id":"https:\/\/lda.be\/fr\/#\/schema\/logo\/image\/","url":"https:\/\/lda.be\/wp-content\/uploads\/2022\/07\/Logo-LDA.webp","contentUrl":"https:\/\/lda.be\/wp-content\/uploads\/2022\/07\/Logo-LDA.webp","width":311,"height":101,"caption":"LDA Belgium"},"image":{"@id":"https:\/\/lda.be\/fr\/#\/schema\/logo\/image\/"},"sameAs":["https:\/\/www.linkedin.com\/company\/lda-belgium-nv"]}]}},"_links":{"self":[{"href":"https:\/\/lda.be\/fr\/wp-json\/wp\/v2\/product\/12432","targetHints":{"allow":["GET"]}}],"collection":[{"href":"https:\/\/lda.be\/fr\/wp-json\/wp\/v2\/product"}],"about":[{"href":"https:\/\/lda.be\/fr\/wp-json\/wp\/v2\/types\/product"}],"replies":[{"embeddable":true,"href":"https:\/\/lda.be\/fr\/wp-json\/wp\/v2\/comments?post=12432"}],"wp:featuredmedia":[{"embeddable":true,"href":"https:\/\/lda.be\/fr\/wp-json\/wp\/v2\/media\/12429"}],"wp:attachment":[{"href":"https:\/\/lda.be\/fr\/wp-json\/wp\/v2\/media?parent=12432"}],"wp:term":[{"taxonomy":"product_brand","embeddable":true,"href":"https:\/\/lda.be\/fr\/wp-json\/wp\/v2\/product_brand?post=12432"},{"taxonomy":"product_cat","embeddable":true,"href":"https:\/\/lda.be\/fr\/wp-json\/wp\/v2\/product_cat?post=12432"},{"taxonomy":"product_tag","embeddable":true,"href":"https:\/\/lda.be\/fr\/wp-json\/wp\/v2\/product_tag?post=12432"}],"curies":[{"name":"wp","href":"https:\/\/api.w.org\/{rel}","templated":true}]}}