{"id":12445,"date":"2025-10-15T12:50:51","date_gmt":"2025-10-15T11:50:51","guid":{"rendered":"https:\/\/lda.be\/?post_type=product&#038;p=12445"},"modified":"2025-10-16T13:57:42","modified_gmt":"2025-10-16T12:57:42","slug":"actionneurs-a-vis-sans-fin-serie-ms","status":"publish","type":"product","link":"https:\/\/lda.be\/fr\/produit\/actionneurs-a-vis-sans-fin-serie-ms\/","title":{"rendered":"MS s\u00e9rie actionneurs \u00e0 vis sans fin"},"content":{"rendered":"<p>La s\u00e9rie d&#8217;actionneurs lin\u00e9aires MS a \u00e9t\u00e9 soigneusement con\u00e7ue pour r\u00e9pondre \u00e0 la demande en solutions de mouvement lin\u00e9aire compactes et efficaces. Cette s\u00e9rie se distingue par sa petite taille, ce qui la rend id\u00e9ale pour les applications o\u00f9 l&#8217;espace est limit\u00e9. R\u00e9put\u00e9e pour son fonctionnement silencieux, sa construction de haute qualit\u00e9 et son prix abordable, la s\u00e9rie MS offre une solution pr\u00e9cieuse pour divers secteurs industriels.<\/p>\n<p>La s\u00e9rie d&#8217;actionneurs lin\u00e9aires MS est un exemple de synergie entre conception compacte, applications polyvalentes et rentabilit\u00e9, ce qui en fait un excellent choix pour les concepteurs et les ing\u00e9nieurs \u00e0 la recherche de solutions de mouvement lin\u00e9aire fiables dans des espaces restreints.<\/p>\n<p>La s\u00e9rie MS se compose de trois mod\u00e8les : MS28, MS35 et MS42 avec diff\u00e9rentes tailles de moteurs NEMA (NEMA 11, 14 et 17). Ils sont disponibles avec des \u00e9crous standard ou anti-jeu et, en option, avec un encodeur et un frein pour un contr\u00f4le et une s\u00e9curit\u00e9 suppl\u00e9mentaires. Leur construction compacte les rend id\u00e9aux pour les applications o\u00f9 l&#8217;espace d&#8217;installation est limit\u00e9.<\/p>\n","protected":false},"excerpt":{"rendered":"<p>La s\u00e9rie d&#8217;actionneurs lin\u00e9aires MS a \u00e9t\u00e9 soigneusement con\u00e7ue pour r\u00e9pondre \u00e0 la demande en solutions de mouvement lin\u00e9aire compactes et efficaces. Cette s\u00e9rie se distingue par sa petite taille, ce qui la rend id\u00e9ale pour les applications o\u00f9 l&#8217;espace est limit\u00e9. R\u00e9put\u00e9e pour son fonctionnement silencieux, sa construction de haute qualit\u00e9 et son prix [&hellip;]<\/p>\n","protected":false},"featured_media":12443,"comment_status":"closed","ping_status":"closed","template":"","meta":[],"product_brand":[1784],"product_cat":[838,872],"product_tag":[],"class_list":{"0":"post-12445","1":"product","2":"type-product","3":"status-publish","4":"has-post-thumbnail","6":"product_brand-pbc","7":"product_cat-electricite","8":"product_cat-actionneurs-a-vis-sans-tige","10":"first","11":"instock","12":"shipping-taxable","13":"product-type-simple"},"yoast_head":"<!-- This site is optimized with the Yoast SEO plugin v27.3 - https:\/\/yoast.com\/product\/yoast-seo-wordpress\/ -->\n<title>MS s\u00e9rie actionneurs \u00e0 vis sans fin - LDA Belgique<\/title>\n<meta name=\"description\" content=\"Glissi\u00e8res lin\u00e9aires \u00e0 vis sans fin PBC Linear s\u00e9rie MS \u2013 actionneurs lin\u00e9aires compacts 24 VCC avec \u00e9crou standard ou anti-jeu, pr\u00e9cision de r\u00e9p\u00e9tition jusqu&#039;\u00e0 \u00b10,02 mm, course jusqu&#039;\u00e0 200 mm et encodeur ou frein en option. Id\u00e9al pour les syst\u00e8mes d&#039;automatisation compacts.\" \/>\n<meta name=\"robots\" content=\"index, follow, max-snippet:-1, max-image-preview:large, max-video-preview:-1\" \/>\n<link rel=\"canonical\" href=\"https:\/\/lda.be\/fr\/produit\/actionneurs-a-vis-sans-fin-serie-ms\/\" \/>\n<meta property=\"og:locale\" content=\"fr_FR\" \/>\n<meta property=\"og:type\" content=\"article\" \/>\n<meta property=\"og:title\" content=\"MS s\u00e9rie actionneurs \u00e0 vis sans fin - LDA Belgique\" \/>\n<meta property=\"og:description\" content=\"Glissi\u00e8res lin\u00e9aires \u00e0 vis sans fin PBC Linear s\u00e9rie MS \u2013 actionneurs lin\u00e9aires compacts 24 VCC avec \u00e9crou standard ou anti-jeu, pr\u00e9cision de r\u00e9p\u00e9tition jusqu&#039;\u00e0 \u00b10,02 mm, course jusqu&#039;\u00e0 200 mm et encodeur ou frein en option. Id\u00e9al pour les syst\u00e8mes d&#039;automatisation compacts.\" \/>\n<meta property=\"og:url\" content=\"https:\/\/lda.be\/fr\/produit\/actionneurs-a-vis-sans-fin-serie-ms\/\" \/>\n<meta property=\"og:site_name\" content=\"LDA Belgique\" \/>\n<meta property=\"article:modified_time\" content=\"2025-10-16T12:57:42+00:00\" \/>\n<meta property=\"og:image\" content=\"https:\/\/lda.be\/wp-content\/uploads\/2025\/10\/MS-linear-actuator.webp\" \/>\n\t<meta property=\"og:image:width\" content=\"1080\" \/>\n\t<meta property=\"og:image:height\" content=\"1080\" \/>\n\t<meta property=\"og:image:type\" content=\"image\/webp\" \/>\n<meta name=\"twitter:card\" content=\"summary_large_image\" \/>\n<meta name=\"twitter:label1\" content=\"Dur\u00e9e de lecture estim\u00e9e\" \/>\n\t<meta name=\"twitter:data1\" content=\"2 minutes\" \/>\n<script type=\"application\/ld+json\" class=\"yoast-schema-graph\">{\"@context\":\"https:\\\/\\\/schema.org\",\"@graph\":[{\"@type\":\"WebPage\",\"@id\":\"https:\\\/\\\/lda.be\\\/fr\\\/produit\\\/actionneurs-a-vis-sans-fin-serie-ms\\\/\",\"url\":\"https:\\\/\\\/lda.be\\\/fr\\\/produit\\\/actionneurs-a-vis-sans-fin-serie-ms\\\/\",\"name\":\"MS s\u00e9rie actionneurs \u00e0 vis sans fin - LDA Belgique\",\"isPartOf\":{\"@id\":\"https:\\\/\\\/lda.be\\\/fr\\\/#website\"},\"primaryImageOfPage\":{\"@id\":\"https:\\\/\\\/lda.be\\\/fr\\\/produit\\\/actionneurs-a-vis-sans-fin-serie-ms\\\/#primaryimage\"},\"image\":{\"@id\":\"https:\\\/\\\/lda.be\\\/fr\\\/produit\\\/actionneurs-a-vis-sans-fin-serie-ms\\\/#primaryimage\"},\"thumbnailUrl\":\"https:\\\/\\\/lda.be\\\/wp-content\\\/uploads\\\/2025\\\/10\\\/MS-linear-actuator.webp\",\"datePublished\":\"2025-10-15T11:50:51+00:00\",\"dateModified\":\"2025-10-16T12:57:42+00:00\",\"description\":\"Glissi\u00e8res lin\u00e9aires \u00e0 vis sans fin PBC Linear s\u00e9rie MS \u2013 actionneurs lin\u00e9aires compacts 24 VCC avec \u00e9crou standard ou anti-jeu, pr\u00e9cision de r\u00e9p\u00e9tition jusqu'\u00e0 \u00b10,02 mm, course jusqu'\u00e0 200 mm et encodeur ou frein en option. Id\u00e9al pour les syst\u00e8mes d'automatisation compacts.\",\"breadcrumb\":{\"@id\":\"https:\\\/\\\/lda.be\\\/fr\\\/produit\\\/actionneurs-a-vis-sans-fin-serie-ms\\\/#breadcrumb\"},\"inLanguage\":\"fr-FR\",\"potentialAction\":[{\"@type\":\"ReadAction\",\"target\":[\"https:\\\/\\\/lda.be\\\/fr\\\/produit\\\/actionneurs-a-vis-sans-fin-serie-ms\\\/\"]}]},{\"@type\":\"ImageObject\",\"inLanguage\":\"fr-FR\",\"@id\":\"https:\\\/\\\/lda.be\\\/fr\\\/produit\\\/actionneurs-a-vis-sans-fin-serie-ms\\\/#primaryimage\",\"url\":\"https:\\\/\\\/lda.be\\\/wp-content\\\/uploads\\\/2025\\\/10\\\/MS-linear-actuator.webp\",\"contentUrl\":\"https:\\\/\\\/lda.be\\\/wp-content\\\/uploads\\\/2025\\\/10\\\/MS-linear-actuator.webp\",\"width\":1080,\"height\":1080,\"caption\":\"MS serie Lineaire schroefslede-actuatoren\"},{\"@type\":\"BreadcrumbList\",\"@id\":\"https:\\\/\\\/lda.be\\\/fr\\\/produit\\\/actionneurs-a-vis-sans-fin-serie-ms\\\/#breadcrumb\",\"itemListElement\":[{\"@type\":\"ListItem\",\"position\":1,\"name\":\"Accueil\",\"item\":\"https:\\\/\\\/lda.be\\\/fr\\\/\"},{\"@type\":\"ListItem\",\"position\":2,\"name\":\"Produits\",\"item\":\"https:\\\/\\\/lda.be\\\/fr\\\/produits\\\/\"},{\"@type\":\"ListItem\",\"position\":3,\"name\":\"MS s\u00e9rie actionneurs \u00e0 vis sans fin\"}]},{\"@type\":\"WebSite\",\"@id\":\"https:\\\/\\\/lda.be\\\/fr\\\/#website\",\"url\":\"https:\\\/\\\/lda.be\\\/fr\\\/\",\"name\":\"LDA Belgium\",\"description\":\"Solutions For Life\",\"publisher\":{\"@id\":\"https:\\\/\\\/lda.be\\\/fr\\\/#organization\"},\"potentialAction\":[{\"@type\":\"SearchAction\",\"target\":{\"@type\":\"EntryPoint\",\"urlTemplate\":\"https:\\\/\\\/lda.be\\\/fr\\\/?s={search_term_string}\"},\"query-input\":{\"@type\":\"PropertyValueSpecification\",\"valueRequired\":true,\"valueName\":\"search_term_string\"}}],\"inLanguage\":\"fr-FR\"},{\"@type\":\"Organization\",\"@id\":\"https:\\\/\\\/lda.be\\\/fr\\\/#organization\",\"name\":\"LDA Belgium\",\"url\":\"https:\\\/\\\/lda.be\\\/fr\\\/\",\"logo\":{\"@type\":\"ImageObject\",\"inLanguage\":\"fr-FR\",\"@id\":\"https:\\\/\\\/lda.be\\\/fr\\\/#\\\/schema\\\/logo\\\/image\\\/\",\"url\":\"https:\\\/\\\/lda.be\\\/wp-content\\\/uploads\\\/2022\\\/07\\\/Logo-LDA.webp\",\"contentUrl\":\"https:\\\/\\\/lda.be\\\/wp-content\\\/uploads\\\/2022\\\/07\\\/Logo-LDA.webp\",\"width\":311,\"height\":101,\"caption\":\"LDA Belgium\"},\"image\":{\"@id\":\"https:\\\/\\\/lda.be\\\/fr\\\/#\\\/schema\\\/logo\\\/image\\\/\"},\"sameAs\":[\"https:\\\/\\\/www.linkedin.com\\\/company\\\/lda-belgium-nv\"]}]}<\/script>\n<!-- \/ Yoast SEO plugin. -->","yoast_head_json":{"title":"MS s\u00e9rie actionneurs \u00e0 vis sans fin - LDA Belgique","description":"Glissi\u00e8res lin\u00e9aires \u00e0 vis sans fin PBC Linear s\u00e9rie MS \u2013 actionneurs lin\u00e9aires compacts 24 VCC avec \u00e9crou standard ou anti-jeu, pr\u00e9cision de r\u00e9p\u00e9tition jusqu'\u00e0 \u00b10,02 mm, course jusqu'\u00e0 200 mm et encodeur ou frein en option. Id\u00e9al pour les syst\u00e8mes d'automatisation compacts.","robots":{"index":"index","follow":"follow","max-snippet":"max-snippet:-1","max-image-preview":"max-image-preview:large","max-video-preview":"max-video-preview:-1"},"canonical":"https:\/\/lda.be\/fr\/produit\/actionneurs-a-vis-sans-fin-serie-ms\/","og_locale":"fr_FR","og_type":"article","og_title":"MS s\u00e9rie actionneurs \u00e0 vis sans fin - LDA Belgique","og_description":"Glissi\u00e8res lin\u00e9aires \u00e0 vis sans fin PBC Linear s\u00e9rie MS \u2013 actionneurs lin\u00e9aires compacts 24 VCC avec \u00e9crou standard ou anti-jeu, pr\u00e9cision de r\u00e9p\u00e9tition jusqu'\u00e0 \u00b10,02 mm, course jusqu'\u00e0 200 mm et encodeur ou frein en option. Id\u00e9al pour les syst\u00e8mes d'automatisation compacts.","og_url":"https:\/\/lda.be\/fr\/produit\/actionneurs-a-vis-sans-fin-serie-ms\/","og_site_name":"LDA Belgique","article_modified_time":"2025-10-16T12:57:42+00:00","og_image":[{"width":1080,"height":1080,"url":"https:\/\/lda.be\/wp-content\/uploads\/2025\/10\/MS-linear-actuator.webp","type":"image\/webp"}],"twitter_card":"summary_large_image","twitter_misc":{"Dur\u00e9e de lecture estim\u00e9e":"2 minutes"},"schema":{"@context":"https:\/\/schema.org","@graph":[{"@type":"WebPage","@id":"https:\/\/lda.be\/fr\/produit\/actionneurs-a-vis-sans-fin-serie-ms\/","url":"https:\/\/lda.be\/fr\/produit\/actionneurs-a-vis-sans-fin-serie-ms\/","name":"MS s\u00e9rie actionneurs \u00e0 vis sans fin - LDA Belgique","isPartOf":{"@id":"https:\/\/lda.be\/fr\/#website"},"primaryImageOfPage":{"@id":"https:\/\/lda.be\/fr\/produit\/actionneurs-a-vis-sans-fin-serie-ms\/#primaryimage"},"image":{"@id":"https:\/\/lda.be\/fr\/produit\/actionneurs-a-vis-sans-fin-serie-ms\/#primaryimage"},"thumbnailUrl":"https:\/\/lda.be\/wp-content\/uploads\/2025\/10\/MS-linear-actuator.webp","datePublished":"2025-10-15T11:50:51+00:00","dateModified":"2025-10-16T12:57:42+00:00","description":"Glissi\u00e8res lin\u00e9aires \u00e0 vis sans fin PBC Linear s\u00e9rie MS \u2013 actionneurs lin\u00e9aires compacts 24 VCC avec \u00e9crou standard ou anti-jeu, pr\u00e9cision de r\u00e9p\u00e9tition jusqu'\u00e0 \u00b10,02 mm, course jusqu'\u00e0 200 mm et encodeur ou frein en option. Id\u00e9al pour les syst\u00e8mes d'automatisation compacts.","breadcrumb":{"@id":"https:\/\/lda.be\/fr\/produit\/actionneurs-a-vis-sans-fin-serie-ms\/#breadcrumb"},"inLanguage":"fr-FR","potentialAction":[{"@type":"ReadAction","target":["https:\/\/lda.be\/fr\/produit\/actionneurs-a-vis-sans-fin-serie-ms\/"]}]},{"@type":"ImageObject","inLanguage":"fr-FR","@id":"https:\/\/lda.be\/fr\/produit\/actionneurs-a-vis-sans-fin-serie-ms\/#primaryimage","url":"https:\/\/lda.be\/wp-content\/uploads\/2025\/10\/MS-linear-actuator.webp","contentUrl":"https:\/\/lda.be\/wp-content\/uploads\/2025\/10\/MS-linear-actuator.webp","width":1080,"height":1080,"caption":"MS serie Lineaire schroefslede-actuatoren"},{"@type":"BreadcrumbList","@id":"https:\/\/lda.be\/fr\/produit\/actionneurs-a-vis-sans-fin-serie-ms\/#breadcrumb","itemListElement":[{"@type":"ListItem","position":1,"name":"Accueil","item":"https:\/\/lda.be\/fr\/"},{"@type":"ListItem","position":2,"name":"Produits","item":"https:\/\/lda.be\/fr\/produits\/"},{"@type":"ListItem","position":3,"name":"MS s\u00e9rie actionneurs \u00e0 vis sans fin"}]},{"@type":"WebSite","@id":"https:\/\/lda.be\/fr\/#website","url":"https:\/\/lda.be\/fr\/","name":"LDA Belgium","description":"Solutions For Life","publisher":{"@id":"https:\/\/lda.be\/fr\/#organization"},"potentialAction":[{"@type":"SearchAction","target":{"@type":"EntryPoint","urlTemplate":"https:\/\/lda.be\/fr\/?s={search_term_string}"},"query-input":{"@type":"PropertyValueSpecification","valueRequired":true,"valueName":"search_term_string"}}],"inLanguage":"fr-FR"},{"@type":"Organization","@id":"https:\/\/lda.be\/fr\/#organization","name":"LDA Belgium","url":"https:\/\/lda.be\/fr\/","logo":{"@type":"ImageObject","inLanguage":"fr-FR","@id":"https:\/\/lda.be\/fr\/#\/schema\/logo\/image\/","url":"https:\/\/lda.be\/wp-content\/uploads\/2022\/07\/Logo-LDA.webp","contentUrl":"https:\/\/lda.be\/wp-content\/uploads\/2022\/07\/Logo-LDA.webp","width":311,"height":101,"caption":"LDA Belgium"},"image":{"@id":"https:\/\/lda.be\/fr\/#\/schema\/logo\/image\/"},"sameAs":["https:\/\/www.linkedin.com\/company\/lda-belgium-nv"]}]}},"_links":{"self":[{"href":"https:\/\/lda.be\/fr\/wp-json\/wp\/v2\/product\/12445","targetHints":{"allow":["GET"]}}],"collection":[{"href":"https:\/\/lda.be\/fr\/wp-json\/wp\/v2\/product"}],"about":[{"href":"https:\/\/lda.be\/fr\/wp-json\/wp\/v2\/types\/product"}],"replies":[{"embeddable":true,"href":"https:\/\/lda.be\/fr\/wp-json\/wp\/v2\/comments?post=12445"}],"wp:featuredmedia":[{"embeddable":true,"href":"https:\/\/lda.be\/fr\/wp-json\/wp\/v2\/media\/12443"}],"wp:attachment":[{"href":"https:\/\/lda.be\/fr\/wp-json\/wp\/v2\/media?parent=12445"}],"wp:term":[{"taxonomy":"product_brand","embeddable":true,"href":"https:\/\/lda.be\/fr\/wp-json\/wp\/v2\/product_brand?post=12445"},{"taxonomy":"product_cat","embeddable":true,"href":"https:\/\/lda.be\/fr\/wp-json\/wp\/v2\/product_cat?post=12445"},{"taxonomy":"product_tag","embeddable":true,"href":"https:\/\/lda.be\/fr\/wp-json\/wp\/v2\/product_tag?post=12445"}],"curies":[{"name":"wp","href":"https:\/\/api.w.org\/{rel}","templated":true}]}}