{"id":12455,"date":"2025-10-15T13:53:25","date_gmt":"2025-10-15T12:53:25","guid":{"rendered":"https:\/\/lda.be\/?post_type=product&#038;p=12455"},"modified":"2026-04-30T12:53:42","modified_gmt":"2026-04-30T11:53:42","slug":"actionneur-axes-lineaire-a-courroie-serie-mtb","status":"publish","type":"product","link":"https:\/\/lda.be\/fr\/produit\/actionneur-axes-lineaire-a-courroie-serie-mtb\/","title":{"rendered":"MTB s\u00e9rie actionneur \u00e0 axes lin\u00e9aires \u00e0 entra\u00eenement par courroie"},"content":{"rendered":"<p>La s\u00e9rie PBC LinearMTB s\u00e9rie actionneur \u00e0 axes lin\u00e9aires \u00e0 entra\u00eenement par courroie con\u00e7us pour offrir des vitesses \u00e9lev\u00e9es, de longues courses et des performances fiables dans les syst\u00e8mes \u00e0 portique cart\u00e9sien de taille moyenne \u00e0 grande. Gr\u00e2ce \u00e0 sa conception robuste mais l\u00e9g\u00e8re avec un bo\u00eetier en aluminium anodis\u00e9, des courroies renforc\u00e9es en acier et un rail de guidage profil\u00e9 avec chariots, cette s\u00e9rie offre un \u00e9quilibre parfait entre vitesse, pr\u00e9cision et stabilit\u00e9.<\/p>\n<p>La s\u00e9rie MTB est disponible en diff\u00e9rents profils (de 42 mm \u00e0 105 mm) et supporte des charges allant jusqu&#8217;\u00e0 7 500 N et des courses allant jusqu&#8217;\u00e0 6 m\u00e8tres, ce qui la rend adapt\u00e9e aux applications d&#8217;automatisation exigeantes.<\/p>\n<p>Une bande d&#8217;\u00e9tanch\u00e9it\u00e9 magn\u00e9tique en acier inoxydable prot\u00e8ge les composants internes contre la poussi\u00e8re et la salet\u00e9, ce qui rend le syst\u00e8me id\u00e9al pour les environnements pollu\u00e9s ou g\u00e9n\u00e9rateurs de particules.<\/p>\n<p>Mod\u00e8les disponibles<\/p>\n<ul>\n<li>MTB042 \u2013 mod\u00e8le compact pour applications l\u00e9g\u00e8res et rapides<\/li>\n<li>MTB055 \u2013 actionneur universel \u00e0 haute rigidit\u00e9<\/li>\n<li>MTB080 \u2013 pour charges moyennes \u00e0 lourdes<\/li>\n<li>MTB105 \u2013 pour grands syst\u00e8mes \u00e0 charge \u00e9lev\u00e9e et longue course<\/li>\n<\/ul>\n","protected":false},"excerpt":{"rendered":"<p>La s\u00e9rie PBC LinearMTB s\u00e9rie actionneur \u00e0 axes lin\u00e9aires \u00e0 entra\u00eenement par courroie con\u00e7us pour offrir des vitesses \u00e9lev\u00e9es, de longues courses et des performances fiables dans les syst\u00e8mes \u00e0 portique cart\u00e9sien de taille moyenne \u00e0 grande. Gr\u00e2ce \u00e0 sa conception robuste mais l\u00e9g\u00e8re avec un bo\u00eetier en aluminium anodis\u00e9, des courroies renforc\u00e9es en acier [&hellip;]<\/p>\n","protected":false},"featured_media":12453,"comment_status":"closed","ping_status":"closed","template":"","meta":[],"product_brand":[1784],"product_cat":[838,870],"product_tag":[],"class_list":{"0":"post-12455","1":"product","2":"type-product","3":"status-publish","4":"has-post-thumbnail","6":"product_brand-pbc","7":"product_cat-electricite","8":"product_cat-actionneurs-a-courroie-a-axes-lineaires","10":"first","11":"instock","12":"shipping-taxable","13":"product-type-simple"},"yoast_head":"<!-- This site is optimized with the Yoast SEO plugin v27.3 - https:\/\/yoast.com\/product\/yoast-seo-wordpress\/ -->\n<title>MTB s\u00e9rie actionneur \u00e0 axes lin\u00e9aires \u00e0 entra\u00eenement par courroie - LDA Belgique<\/title>\n<meta name=\"description\" content=\"L&#039;actionneuraxes lin\u00e9aire s\u00e9rie MTB de PBC Linear est un actionneur lin\u00e9aire \u00e0 courroie qui excelle dans les applications \u00e0 grande vitesse et \u00e0 longue course.\" \/>\n<meta name=\"robots\" content=\"index, follow, max-snippet:-1, max-image-preview:large, max-video-preview:-1\" \/>\n<link rel=\"canonical\" href=\"https:\/\/lda.be\/fr\/produit\/actionneur-axes-lineaire-a-courroie-serie-mtb\/\" \/>\n<meta property=\"og:locale\" content=\"fr_FR\" \/>\n<meta property=\"og:type\" content=\"article\" \/>\n<meta property=\"og:title\" content=\"MTB s\u00e9rie actionneur \u00e0 axes lin\u00e9aires \u00e0 entra\u00eenement par courroie - LDA Belgique\" \/>\n<meta property=\"og:description\" content=\"L&#039;actionneuraxes lin\u00e9aire s\u00e9rie MTB de PBC Linear est un actionneur lin\u00e9aire \u00e0 courroie qui excelle dans les applications \u00e0 grande vitesse et \u00e0 longue course.\" \/>\n<meta property=\"og:url\" content=\"https:\/\/lda.be\/fr\/produit\/actionneur-axes-lineaire-a-courroie-serie-mtb\/\" \/>\n<meta property=\"og:site_name\" content=\"LDA Belgique\" \/>\n<meta property=\"article:modified_time\" content=\"2026-04-30T11:53:42+00:00\" \/>\n<meta property=\"og:image\" content=\"https:\/\/lda.be\/wp-content\/uploads\/2025\/10\/mtb-serie.webp\" \/>\n\t<meta property=\"og:image:width\" content=\"1080\" \/>\n\t<meta property=\"og:image:height\" content=\"1080\" \/>\n\t<meta property=\"og:image:type\" content=\"image\/webp\" \/>\n<meta name=\"twitter:card\" content=\"summary_large_image\" \/>\n<meta name=\"twitter:label1\" content=\"Dur\u00e9e de lecture estim\u00e9e\" \/>\n\t<meta name=\"twitter:data1\" content=\"2 minutes\" \/>\n<script type=\"application\/ld+json\" class=\"yoast-schema-graph\">{\"@context\":\"https:\\\/\\\/schema.org\",\"@graph\":[{\"@type\":\"WebPage\",\"@id\":\"https:\\\/\\\/lda.be\\\/fr\\\/produit\\\/actionneur-axes-lineaire-a-courroie-serie-mtb\\\/\",\"url\":\"https:\\\/\\\/lda.be\\\/fr\\\/produit\\\/actionneur-axes-lineaire-a-courroie-serie-mtb\\\/\",\"name\":\"MTB s\u00e9rie actionneur \u00e0 axes lin\u00e9aires \u00e0 entra\u00eenement par courroie - LDA Belgique\",\"isPartOf\":{\"@id\":\"https:\\\/\\\/lda.be\\\/fr\\\/#website\"},\"primaryImageOfPage\":{\"@id\":\"https:\\\/\\\/lda.be\\\/fr\\\/produit\\\/actionneur-axes-lineaire-a-courroie-serie-mtb\\\/#primaryimage\"},\"image\":{\"@id\":\"https:\\\/\\\/lda.be\\\/fr\\\/produit\\\/actionneur-axes-lineaire-a-courroie-serie-mtb\\\/#primaryimage\"},\"thumbnailUrl\":\"https:\\\/\\\/lda.be\\\/wp-content\\\/uploads\\\/2025\\\/10\\\/mtb-serie.webp\",\"datePublished\":\"2025-10-15T12:53:25+00:00\",\"dateModified\":\"2026-04-30T11:53:42+00:00\",\"description\":\"L'actionneuraxes lin\u00e9aire s\u00e9rie MTB de PBC Linear est un actionneur lin\u00e9aire \u00e0 courroie qui excelle dans les applications \u00e0 grande vitesse et \u00e0 longue course.\",\"breadcrumb\":{\"@id\":\"https:\\\/\\\/lda.be\\\/fr\\\/produit\\\/actionneur-axes-lineaire-a-courroie-serie-mtb\\\/#breadcrumb\"},\"inLanguage\":\"fr-FR\",\"potentialAction\":[{\"@type\":\"ReadAction\",\"target\":[\"https:\\\/\\\/lda.be\\\/fr\\\/produit\\\/actionneur-axes-lineaire-a-courroie-serie-mtb\\\/\"]}]},{\"@type\":\"ImageObject\",\"inLanguage\":\"fr-FR\",\"@id\":\"https:\\\/\\\/lda.be\\\/fr\\\/produit\\\/actionneur-axes-lineaire-a-courroie-serie-mtb\\\/#primaryimage\",\"url\":\"https:\\\/\\\/lda.be\\\/wp-content\\\/uploads\\\/2025\\\/10\\\/mtb-serie.webp\",\"contentUrl\":\"https:\\\/\\\/lda.be\\\/wp-content\\\/uploads\\\/2025\\\/10\\\/mtb-serie.webp\",\"width\":1080,\"height\":1080,\"caption\":\"MTB serie Linear Belt Driven Actuator\"},{\"@type\":\"BreadcrumbList\",\"@id\":\"https:\\\/\\\/lda.be\\\/fr\\\/produit\\\/actionneur-axes-lineaire-a-courroie-serie-mtb\\\/#breadcrumb\",\"itemListElement\":[{\"@type\":\"ListItem\",\"position\":1,\"name\":\"Accueil\",\"item\":\"https:\\\/\\\/lda.be\\\/fr\\\/\"},{\"@type\":\"ListItem\",\"position\":2,\"name\":\"Produits\",\"item\":\"https:\\\/\\\/lda.be\\\/fr\\\/produits\\\/\"},{\"@type\":\"ListItem\",\"position\":3,\"name\":\"MTB s\u00e9rie actionneur \u00e0 axes lin\u00e9aires \u00e0 entra\u00eenement par courroie\"}]},{\"@type\":\"WebSite\",\"@id\":\"https:\\\/\\\/lda.be\\\/fr\\\/#website\",\"url\":\"https:\\\/\\\/lda.be\\\/fr\\\/\",\"name\":\"LDA Belgium\",\"description\":\"Solutions For Life\",\"publisher\":{\"@id\":\"https:\\\/\\\/lda.be\\\/fr\\\/#organization\"},\"potentialAction\":[{\"@type\":\"SearchAction\",\"target\":{\"@type\":\"EntryPoint\",\"urlTemplate\":\"https:\\\/\\\/lda.be\\\/fr\\\/?s={search_term_string}\"},\"query-input\":{\"@type\":\"PropertyValueSpecification\",\"valueRequired\":true,\"valueName\":\"search_term_string\"}}],\"inLanguage\":\"fr-FR\"},{\"@type\":\"Organization\",\"@id\":\"https:\\\/\\\/lda.be\\\/fr\\\/#organization\",\"name\":\"LDA Belgium\",\"url\":\"https:\\\/\\\/lda.be\\\/fr\\\/\",\"logo\":{\"@type\":\"ImageObject\",\"inLanguage\":\"fr-FR\",\"@id\":\"https:\\\/\\\/lda.be\\\/fr\\\/#\\\/schema\\\/logo\\\/image\\\/\",\"url\":\"https:\\\/\\\/lda.be\\\/wp-content\\\/uploads\\\/2022\\\/07\\\/Logo-LDA.webp\",\"contentUrl\":\"https:\\\/\\\/lda.be\\\/wp-content\\\/uploads\\\/2022\\\/07\\\/Logo-LDA.webp\",\"width\":311,\"height\":101,\"caption\":\"LDA Belgium\"},\"image\":{\"@id\":\"https:\\\/\\\/lda.be\\\/fr\\\/#\\\/schema\\\/logo\\\/image\\\/\"},\"sameAs\":[\"https:\\\/\\\/www.linkedin.com\\\/company\\\/lda-belgium-nv\"]}]}<\/script>\n<!-- \/ Yoast SEO plugin. -->","yoast_head_json":{"title":"MTB s\u00e9rie actionneur \u00e0 axes lin\u00e9aires \u00e0 entra\u00eenement par courroie - LDA Belgique","description":"L'actionneuraxes lin\u00e9aire s\u00e9rie MTB de PBC Linear est un actionneur lin\u00e9aire \u00e0 courroie qui excelle dans les applications \u00e0 grande vitesse et \u00e0 longue course.","robots":{"index":"index","follow":"follow","max-snippet":"max-snippet:-1","max-image-preview":"max-image-preview:large","max-video-preview":"max-video-preview:-1"},"canonical":"https:\/\/lda.be\/fr\/produit\/actionneur-axes-lineaire-a-courroie-serie-mtb\/","og_locale":"fr_FR","og_type":"article","og_title":"MTB s\u00e9rie actionneur \u00e0 axes lin\u00e9aires \u00e0 entra\u00eenement par courroie - LDA Belgique","og_description":"L'actionneuraxes lin\u00e9aire s\u00e9rie MTB de PBC Linear est un actionneur lin\u00e9aire \u00e0 courroie qui excelle dans les applications \u00e0 grande vitesse et \u00e0 longue course.","og_url":"https:\/\/lda.be\/fr\/produit\/actionneur-axes-lineaire-a-courroie-serie-mtb\/","og_site_name":"LDA Belgique","article_modified_time":"2026-04-30T11:53:42+00:00","og_image":[{"width":1080,"height":1080,"url":"https:\/\/lda.be\/wp-content\/uploads\/2025\/10\/mtb-serie.webp","type":"image\/webp"}],"twitter_card":"summary_large_image","twitter_misc":{"Dur\u00e9e de lecture estim\u00e9e":"2 minutes"},"schema":{"@context":"https:\/\/schema.org","@graph":[{"@type":"WebPage","@id":"https:\/\/lda.be\/fr\/produit\/actionneur-axes-lineaire-a-courroie-serie-mtb\/","url":"https:\/\/lda.be\/fr\/produit\/actionneur-axes-lineaire-a-courroie-serie-mtb\/","name":"MTB s\u00e9rie actionneur \u00e0 axes lin\u00e9aires \u00e0 entra\u00eenement par courroie - LDA Belgique","isPartOf":{"@id":"https:\/\/lda.be\/fr\/#website"},"primaryImageOfPage":{"@id":"https:\/\/lda.be\/fr\/produit\/actionneur-axes-lineaire-a-courroie-serie-mtb\/#primaryimage"},"image":{"@id":"https:\/\/lda.be\/fr\/produit\/actionneur-axes-lineaire-a-courroie-serie-mtb\/#primaryimage"},"thumbnailUrl":"https:\/\/lda.be\/wp-content\/uploads\/2025\/10\/mtb-serie.webp","datePublished":"2025-10-15T12:53:25+00:00","dateModified":"2026-04-30T11:53:42+00:00","description":"L'actionneuraxes lin\u00e9aire s\u00e9rie MTB de PBC Linear est un actionneur lin\u00e9aire \u00e0 courroie qui excelle dans les applications \u00e0 grande vitesse et \u00e0 longue course.","breadcrumb":{"@id":"https:\/\/lda.be\/fr\/produit\/actionneur-axes-lineaire-a-courroie-serie-mtb\/#breadcrumb"},"inLanguage":"fr-FR","potentialAction":[{"@type":"ReadAction","target":["https:\/\/lda.be\/fr\/produit\/actionneur-axes-lineaire-a-courroie-serie-mtb\/"]}]},{"@type":"ImageObject","inLanguage":"fr-FR","@id":"https:\/\/lda.be\/fr\/produit\/actionneur-axes-lineaire-a-courroie-serie-mtb\/#primaryimage","url":"https:\/\/lda.be\/wp-content\/uploads\/2025\/10\/mtb-serie.webp","contentUrl":"https:\/\/lda.be\/wp-content\/uploads\/2025\/10\/mtb-serie.webp","width":1080,"height":1080,"caption":"MTB serie Linear Belt Driven Actuator"},{"@type":"BreadcrumbList","@id":"https:\/\/lda.be\/fr\/produit\/actionneur-axes-lineaire-a-courroie-serie-mtb\/#breadcrumb","itemListElement":[{"@type":"ListItem","position":1,"name":"Accueil","item":"https:\/\/lda.be\/fr\/"},{"@type":"ListItem","position":2,"name":"Produits","item":"https:\/\/lda.be\/fr\/produits\/"},{"@type":"ListItem","position":3,"name":"MTB s\u00e9rie actionneur \u00e0 axes lin\u00e9aires \u00e0 entra\u00eenement par courroie"}]},{"@type":"WebSite","@id":"https:\/\/lda.be\/fr\/#website","url":"https:\/\/lda.be\/fr\/","name":"LDA Belgium","description":"Solutions For Life","publisher":{"@id":"https:\/\/lda.be\/fr\/#organization"},"potentialAction":[{"@type":"SearchAction","target":{"@type":"EntryPoint","urlTemplate":"https:\/\/lda.be\/fr\/?s={search_term_string}"},"query-input":{"@type":"PropertyValueSpecification","valueRequired":true,"valueName":"search_term_string"}}],"inLanguage":"fr-FR"},{"@type":"Organization","@id":"https:\/\/lda.be\/fr\/#organization","name":"LDA Belgium","url":"https:\/\/lda.be\/fr\/","logo":{"@type":"ImageObject","inLanguage":"fr-FR","@id":"https:\/\/lda.be\/fr\/#\/schema\/logo\/image\/","url":"https:\/\/lda.be\/wp-content\/uploads\/2022\/07\/Logo-LDA.webp","contentUrl":"https:\/\/lda.be\/wp-content\/uploads\/2022\/07\/Logo-LDA.webp","width":311,"height":101,"caption":"LDA Belgium"},"image":{"@id":"https:\/\/lda.be\/fr\/#\/schema\/logo\/image\/"},"sameAs":["https:\/\/www.linkedin.com\/company\/lda-belgium-nv"]}]}},"_links":{"self":[{"href":"https:\/\/lda.be\/fr\/wp-json\/wp\/v2\/product\/12455","targetHints":{"allow":["GET"]}}],"collection":[{"href":"https:\/\/lda.be\/fr\/wp-json\/wp\/v2\/product"}],"about":[{"href":"https:\/\/lda.be\/fr\/wp-json\/wp\/v2\/types\/product"}],"replies":[{"embeddable":true,"href":"https:\/\/lda.be\/fr\/wp-json\/wp\/v2\/comments?post=12455"}],"wp:featuredmedia":[{"embeddable":true,"href":"https:\/\/lda.be\/fr\/wp-json\/wp\/v2\/media\/12453"}],"wp:attachment":[{"href":"https:\/\/lda.be\/fr\/wp-json\/wp\/v2\/media?parent=12455"}],"wp:term":[{"taxonomy":"product_brand","embeddable":true,"href":"https:\/\/lda.be\/fr\/wp-json\/wp\/v2\/product_brand?post=12455"},{"taxonomy":"product_cat","embeddable":true,"href":"https:\/\/lda.be\/fr\/wp-json\/wp\/v2\/product_cat?post=12455"},{"taxonomy":"product_tag","embeddable":true,"href":"https:\/\/lda.be\/fr\/wp-json\/wp\/v2\/product_tag?post=12455"}],"curies":[{"name":"wp","href":"https:\/\/api.w.org\/{rel}","templated":true}]}}