{"id":12466,"date":"2025-10-15T14:36:29","date_gmt":"2025-10-15T13:36:29","guid":{"rendered":"https:\/\/lda.be\/?post_type=product&#038;p=12466"},"modified":"2025-10-16T13:57:10","modified_gmt":"2025-10-16T12:57:10","slug":"serie-dactionneurs-lineaires-muk","status":"publish","type":"product","link":"https:\/\/lda.be\/fr\/produit\/serie-dactionneurs-lineaires-muk\/","title":{"rendered":"MUK s\u00e9rie d&#8217;actionneurs lin\u00e9aires"},"content":{"rendered":"<p>La s\u00e9rie PBC Linear MUK est une gamme compacte et puissante d&#8217;actionneurs lin\u00e9aires \u00e0 vis con\u00e7ue pour les applications o\u00f9 une charge \u00e9lev\u00e9e, un mouvement pr\u00e9cis et un guidage stable sont essentiels. Gr\u00e2ce \u00e0 l&#8217;utilisation de deux guides \u00e0 recirculation de billes de 20 mm, la s\u00e9rie MUK offre une rigidit\u00e9 exceptionnelle et un mouvement lin\u00e9aire fluide.<\/p>\n<p>L&#8217;actionneur est disponible avec un ou deux chariots, ce qui permet aux utilisateurs d&#8217;adapter la capacit\u00e9 et la stabilit\u00e9 \u00e0 leur application. Le profil\u00e9 en aluminium extrud\u00e9 comprend des rainures en T int\u00e9gr\u00e9es pour faciliter le montage des capteurs et des accessoires. Avec une vis \u00e0 billes de classe 7 (52 \u00b5m\/300 mm) en standard, la s\u00e9rie MUK offre une excellente r\u00e9p\u00e9tabilit\u00e9 et une grande pr\u00e9cision de positionnement, id\u00e9ales pour les syst\u00e8mes d&#8217;automatisation avanc\u00e9s et les applications de pr\u00e9cision.<\/p>\n","protected":false},"excerpt":{"rendered":"<p>La s\u00e9rie PBC Linear MUK est une gamme compacte et puissante d&#8217;actionneurs lin\u00e9aires \u00e0 vis con\u00e7ue pour les applications o\u00f9 une charge \u00e9lev\u00e9e, un mouvement pr\u00e9cis et un guidage stable sont essentiels. Gr\u00e2ce \u00e0 l&#8217;utilisation de deux guides \u00e0 recirculation de billes de 20 mm, la s\u00e9rie MUK offre une rigidit\u00e9 exceptionnelle et un mouvement [&hellip;]<\/p>\n","protected":false},"featured_media":12463,"comment_status":"closed","ping_status":"closed","template":"","meta":[],"product_brand":[1784],"product_cat":[872],"product_tag":[],"class_list":{"0":"post-12466","1":"product","2":"type-product","3":"status-publish","4":"has-post-thumbnail","6":"product_brand-pbc","7":"product_cat-actionneurs-a-vis-sans-tige","9":"first","10":"instock","11":"shipping-taxable","12":"product-type-simple"},"yoast_head":"<!-- This site is optimized with the Yoast SEO plugin v27.3 - https:\/\/yoast.com\/product\/yoast-seo-wordpress\/ -->\n<title>MUK s\u00e9rie d&#039;actionneurs lin\u00e9aires - LDA Belgique<\/title>\n<meta name=\"description\" content=\"La s\u00e9rie d&#039;actionneurs lin\u00e9aires MUK de PBC Linear est une gamme d&#039;actionneurs lin\u00e9aires de pr\u00e9cision \u00e0 forte charge, dot\u00e9s d&#039;un entra\u00eenement \u00e0 vis \u00e0 billes robuste, con\u00e7us pour les applications exigeantes.\" \/>\n<meta name=\"robots\" content=\"index, follow, max-snippet:-1, max-image-preview:large, max-video-preview:-1\" \/>\n<link rel=\"canonical\" href=\"https:\/\/lda.be\/fr\/produit\/serie-dactionneurs-lineaires-muk\/\" \/>\n<meta property=\"og:locale\" content=\"fr_FR\" \/>\n<meta property=\"og:type\" content=\"article\" \/>\n<meta property=\"og:title\" content=\"MUK s\u00e9rie d&#039;actionneurs lin\u00e9aires - LDA Belgique\" \/>\n<meta property=\"og:description\" content=\"La s\u00e9rie d&#039;actionneurs lin\u00e9aires MUK de PBC Linear est une gamme d&#039;actionneurs lin\u00e9aires de pr\u00e9cision \u00e0 forte charge, dot\u00e9s d&#039;un entra\u00eenement \u00e0 vis \u00e0 billes robuste, con\u00e7us pour les applications exigeantes.\" \/>\n<meta property=\"og:url\" content=\"https:\/\/lda.be\/fr\/produit\/serie-dactionneurs-lineaires-muk\/\" \/>\n<meta property=\"og:site_name\" content=\"LDA Belgique\" \/>\n<meta property=\"article:modified_time\" content=\"2025-10-16T12:57:10+00:00\" \/>\n<meta property=\"og:image\" content=\"https:\/\/lda.be\/wp-content\/uploads\/2025\/10\/MUK-serie.webp\" \/>\n\t<meta property=\"og:image:width\" content=\"1080\" \/>\n\t<meta property=\"og:image:height\" content=\"1080\" \/>\n\t<meta property=\"og:image:type\" content=\"image\/webp\" \/>\n<meta name=\"twitter:card\" content=\"summary_large_image\" \/>\n<meta name=\"twitter:label1\" content=\"Dur\u00e9e de lecture estim\u00e9e\" \/>\n\t<meta name=\"twitter:data1\" content=\"1 minute\" \/>\n<script type=\"application\/ld+json\" class=\"yoast-schema-graph\">{\"@context\":\"https:\\\/\\\/schema.org\",\"@graph\":[{\"@type\":\"WebPage\",\"@id\":\"https:\\\/\\\/lda.be\\\/fr\\\/produit\\\/serie-dactionneurs-lineaires-muk\\\/\",\"url\":\"https:\\\/\\\/lda.be\\\/fr\\\/produit\\\/serie-dactionneurs-lineaires-muk\\\/\",\"name\":\"MUK s\u00e9rie d'actionneurs lin\u00e9aires - LDA Belgique\",\"isPartOf\":{\"@id\":\"https:\\\/\\\/lda.be\\\/fr\\\/#website\"},\"primaryImageOfPage\":{\"@id\":\"https:\\\/\\\/lda.be\\\/fr\\\/produit\\\/serie-dactionneurs-lineaires-muk\\\/#primaryimage\"},\"image\":{\"@id\":\"https:\\\/\\\/lda.be\\\/fr\\\/produit\\\/serie-dactionneurs-lineaires-muk\\\/#primaryimage\"},\"thumbnailUrl\":\"https:\\\/\\\/lda.be\\\/wp-content\\\/uploads\\\/2025\\\/10\\\/MUK-serie.webp\",\"datePublished\":\"2025-10-15T13:36:29+00:00\",\"dateModified\":\"2025-10-16T12:57:10+00:00\",\"description\":\"La s\u00e9rie d'actionneurs lin\u00e9aires MUK de PBC Linear est une gamme d'actionneurs lin\u00e9aires de pr\u00e9cision \u00e0 forte charge, dot\u00e9s d'un entra\u00eenement \u00e0 vis \u00e0 billes robuste, con\u00e7us pour les applications exigeantes.\",\"breadcrumb\":{\"@id\":\"https:\\\/\\\/lda.be\\\/fr\\\/produit\\\/serie-dactionneurs-lineaires-muk\\\/#breadcrumb\"},\"inLanguage\":\"fr-FR\",\"potentialAction\":[{\"@type\":\"ReadAction\",\"target\":[\"https:\\\/\\\/lda.be\\\/fr\\\/produit\\\/serie-dactionneurs-lineaires-muk\\\/\"]}]},{\"@type\":\"ImageObject\",\"inLanguage\":\"fr-FR\",\"@id\":\"https:\\\/\\\/lda.be\\\/fr\\\/produit\\\/serie-dactionneurs-lineaires-muk\\\/#primaryimage\",\"url\":\"https:\\\/\\\/lda.be\\\/wp-content\\\/uploads\\\/2025\\\/10\\\/MUK-serie.webp\",\"contentUrl\":\"https:\\\/\\\/lda.be\\\/wp-content\\\/uploads\\\/2025\\\/10\\\/MUK-serie.webp\",\"width\":1080,\"height\":1080,\"caption\":\"MUK lineaire actuator van PBC linear\"},{\"@type\":\"BreadcrumbList\",\"@id\":\"https:\\\/\\\/lda.be\\\/fr\\\/produit\\\/serie-dactionneurs-lineaires-muk\\\/#breadcrumb\",\"itemListElement\":[{\"@type\":\"ListItem\",\"position\":1,\"name\":\"Accueil\",\"item\":\"https:\\\/\\\/lda.be\\\/fr\\\/\"},{\"@type\":\"ListItem\",\"position\":2,\"name\":\"Produits\",\"item\":\"https:\\\/\\\/lda.be\\\/fr\\\/produits\\\/\"},{\"@type\":\"ListItem\",\"position\":3,\"name\":\"MUK s\u00e9rie d&#8217;actionneurs lin\u00e9aires\"}]},{\"@type\":\"WebSite\",\"@id\":\"https:\\\/\\\/lda.be\\\/fr\\\/#website\",\"url\":\"https:\\\/\\\/lda.be\\\/fr\\\/\",\"name\":\"LDA Belgium\",\"description\":\"Solutions For Life\",\"publisher\":{\"@id\":\"https:\\\/\\\/lda.be\\\/fr\\\/#organization\"},\"potentialAction\":[{\"@type\":\"SearchAction\",\"target\":{\"@type\":\"EntryPoint\",\"urlTemplate\":\"https:\\\/\\\/lda.be\\\/fr\\\/?s={search_term_string}\"},\"query-input\":{\"@type\":\"PropertyValueSpecification\",\"valueRequired\":true,\"valueName\":\"search_term_string\"}}],\"inLanguage\":\"fr-FR\"},{\"@type\":\"Organization\",\"@id\":\"https:\\\/\\\/lda.be\\\/fr\\\/#organization\",\"name\":\"LDA Belgium\",\"url\":\"https:\\\/\\\/lda.be\\\/fr\\\/\",\"logo\":{\"@type\":\"ImageObject\",\"inLanguage\":\"fr-FR\",\"@id\":\"https:\\\/\\\/lda.be\\\/fr\\\/#\\\/schema\\\/logo\\\/image\\\/\",\"url\":\"https:\\\/\\\/lda.be\\\/wp-content\\\/uploads\\\/2022\\\/07\\\/Logo-LDA.webp\",\"contentUrl\":\"https:\\\/\\\/lda.be\\\/wp-content\\\/uploads\\\/2022\\\/07\\\/Logo-LDA.webp\",\"width\":311,\"height\":101,\"caption\":\"LDA Belgium\"},\"image\":{\"@id\":\"https:\\\/\\\/lda.be\\\/fr\\\/#\\\/schema\\\/logo\\\/image\\\/\"},\"sameAs\":[\"https:\\\/\\\/www.linkedin.com\\\/company\\\/lda-belgium-nv\"]}]}<\/script>\n<!-- \/ Yoast SEO plugin. -->","yoast_head_json":{"title":"MUK s\u00e9rie d'actionneurs lin\u00e9aires - LDA Belgique","description":"La s\u00e9rie d'actionneurs lin\u00e9aires MUK de PBC Linear est une gamme d'actionneurs lin\u00e9aires de pr\u00e9cision \u00e0 forte charge, dot\u00e9s d'un entra\u00eenement \u00e0 vis \u00e0 billes robuste, con\u00e7us pour les applications exigeantes.","robots":{"index":"index","follow":"follow","max-snippet":"max-snippet:-1","max-image-preview":"max-image-preview:large","max-video-preview":"max-video-preview:-1"},"canonical":"https:\/\/lda.be\/fr\/produit\/serie-dactionneurs-lineaires-muk\/","og_locale":"fr_FR","og_type":"article","og_title":"MUK s\u00e9rie d'actionneurs lin\u00e9aires - LDA Belgique","og_description":"La s\u00e9rie d'actionneurs lin\u00e9aires MUK de PBC Linear est une gamme d'actionneurs lin\u00e9aires de pr\u00e9cision \u00e0 forte charge, dot\u00e9s d'un entra\u00eenement \u00e0 vis \u00e0 billes robuste, con\u00e7us pour les applications exigeantes.","og_url":"https:\/\/lda.be\/fr\/produit\/serie-dactionneurs-lineaires-muk\/","og_site_name":"LDA Belgique","article_modified_time":"2025-10-16T12:57:10+00:00","og_image":[{"width":1080,"height":1080,"url":"https:\/\/lda.be\/wp-content\/uploads\/2025\/10\/MUK-serie.webp","type":"image\/webp"}],"twitter_card":"summary_large_image","twitter_misc":{"Dur\u00e9e de lecture estim\u00e9e":"1 minute"},"schema":{"@context":"https:\/\/schema.org","@graph":[{"@type":"WebPage","@id":"https:\/\/lda.be\/fr\/produit\/serie-dactionneurs-lineaires-muk\/","url":"https:\/\/lda.be\/fr\/produit\/serie-dactionneurs-lineaires-muk\/","name":"MUK s\u00e9rie d'actionneurs lin\u00e9aires - LDA Belgique","isPartOf":{"@id":"https:\/\/lda.be\/fr\/#website"},"primaryImageOfPage":{"@id":"https:\/\/lda.be\/fr\/produit\/serie-dactionneurs-lineaires-muk\/#primaryimage"},"image":{"@id":"https:\/\/lda.be\/fr\/produit\/serie-dactionneurs-lineaires-muk\/#primaryimage"},"thumbnailUrl":"https:\/\/lda.be\/wp-content\/uploads\/2025\/10\/MUK-serie.webp","datePublished":"2025-10-15T13:36:29+00:00","dateModified":"2025-10-16T12:57:10+00:00","description":"La s\u00e9rie d'actionneurs lin\u00e9aires MUK de PBC Linear est une gamme d'actionneurs lin\u00e9aires de pr\u00e9cision \u00e0 forte charge, dot\u00e9s d'un entra\u00eenement \u00e0 vis \u00e0 billes robuste, con\u00e7us pour les applications exigeantes.","breadcrumb":{"@id":"https:\/\/lda.be\/fr\/produit\/serie-dactionneurs-lineaires-muk\/#breadcrumb"},"inLanguage":"fr-FR","potentialAction":[{"@type":"ReadAction","target":["https:\/\/lda.be\/fr\/produit\/serie-dactionneurs-lineaires-muk\/"]}]},{"@type":"ImageObject","inLanguage":"fr-FR","@id":"https:\/\/lda.be\/fr\/produit\/serie-dactionneurs-lineaires-muk\/#primaryimage","url":"https:\/\/lda.be\/wp-content\/uploads\/2025\/10\/MUK-serie.webp","contentUrl":"https:\/\/lda.be\/wp-content\/uploads\/2025\/10\/MUK-serie.webp","width":1080,"height":1080,"caption":"MUK lineaire actuator van PBC linear"},{"@type":"BreadcrumbList","@id":"https:\/\/lda.be\/fr\/produit\/serie-dactionneurs-lineaires-muk\/#breadcrumb","itemListElement":[{"@type":"ListItem","position":1,"name":"Accueil","item":"https:\/\/lda.be\/fr\/"},{"@type":"ListItem","position":2,"name":"Produits","item":"https:\/\/lda.be\/fr\/produits\/"},{"@type":"ListItem","position":3,"name":"MUK s\u00e9rie d&#8217;actionneurs lin\u00e9aires"}]},{"@type":"WebSite","@id":"https:\/\/lda.be\/fr\/#website","url":"https:\/\/lda.be\/fr\/","name":"LDA Belgium","description":"Solutions For Life","publisher":{"@id":"https:\/\/lda.be\/fr\/#organization"},"potentialAction":[{"@type":"SearchAction","target":{"@type":"EntryPoint","urlTemplate":"https:\/\/lda.be\/fr\/?s={search_term_string}"},"query-input":{"@type":"PropertyValueSpecification","valueRequired":true,"valueName":"search_term_string"}}],"inLanguage":"fr-FR"},{"@type":"Organization","@id":"https:\/\/lda.be\/fr\/#organization","name":"LDA Belgium","url":"https:\/\/lda.be\/fr\/","logo":{"@type":"ImageObject","inLanguage":"fr-FR","@id":"https:\/\/lda.be\/fr\/#\/schema\/logo\/image\/","url":"https:\/\/lda.be\/wp-content\/uploads\/2022\/07\/Logo-LDA.webp","contentUrl":"https:\/\/lda.be\/wp-content\/uploads\/2022\/07\/Logo-LDA.webp","width":311,"height":101,"caption":"LDA Belgium"},"image":{"@id":"https:\/\/lda.be\/fr\/#\/schema\/logo\/image\/"},"sameAs":["https:\/\/www.linkedin.com\/company\/lda-belgium-nv"]}]}},"_links":{"self":[{"href":"https:\/\/lda.be\/fr\/wp-json\/wp\/v2\/product\/12466","targetHints":{"allow":["GET"]}}],"collection":[{"href":"https:\/\/lda.be\/fr\/wp-json\/wp\/v2\/product"}],"about":[{"href":"https:\/\/lda.be\/fr\/wp-json\/wp\/v2\/types\/product"}],"replies":[{"embeddable":true,"href":"https:\/\/lda.be\/fr\/wp-json\/wp\/v2\/comments?post=12466"}],"wp:featuredmedia":[{"embeddable":true,"href":"https:\/\/lda.be\/fr\/wp-json\/wp\/v2\/media\/12463"}],"wp:attachment":[{"href":"https:\/\/lda.be\/fr\/wp-json\/wp\/v2\/media?parent=12466"}],"wp:term":[{"taxonomy":"product_brand","embeddable":true,"href":"https:\/\/lda.be\/fr\/wp-json\/wp\/v2\/product_brand?post=12466"},{"taxonomy":"product_cat","embeddable":true,"href":"https:\/\/lda.be\/fr\/wp-json\/wp\/v2\/product_cat?post=12466"},{"taxonomy":"product_tag","embeddable":true,"href":"https:\/\/lda.be\/fr\/wp-json\/wp\/v2\/product_tag?post=12466"}],"curies":[{"name":"wp","href":"https:\/\/api.w.org\/{rel}","templated":true}]}}