{"id":12476,"date":"2025-10-15T15:31:02","date_gmt":"2025-10-15T14:31:02","guid":{"rendered":"https:\/\/lda.be\/?post_type=product&#038;p=12476"},"modified":"2025-10-16T13:54:11","modified_gmt":"2025-10-16T12:54:11","slug":"actionneurs-lineaires-mxe-p","status":"publish","type":"product","link":"https:\/\/lda.be\/fr\/produit\/actionneurs-lineaires-mxe-p\/","title":{"rendered":"MXE actionneurs lin\u00e9aires"},"content":{"rendered":"<p>La s\u00e9rie MXE de Tolomatic offre une solution pour un mouvement lin\u00e9aire fiable. Ces actionneurs \u00e9lectriques \u00e0 vis combinent pr\u00e9cision, durabilit\u00e9 et polyvalence en un seul syst\u00e8me. La s\u00e9rie MXE s&#8217;adapte facilement gr\u00e2ce \u00e0 deux options de roulements : roulements solides et rails profil\u00e9s. Cela permet d&#8217;obtenir le bon \u00e9quilibre entre stabilit\u00e9, dur\u00e9e de vie et performances pour chaque application.<\/p>\n<p>La s\u00e9rie MXE est disponible en six tailles et est fabriqu\u00e9e sur mesure en fonction de la longueur de course souhait\u00e9e. Diverses technologies de vis sont disponibles, notamment des \u00e9crous en plastique silencieux et des \u00e9crous \u00e0 billes \u00e0 faible jeu pour les applications de haute pr\u00e9cision.<\/p>\n<p>Gr\u00e2ce \u00e0 sa conception modulaire, les utilisateurs peuvent choisir entre diff\u00e9rentes orientations de moteur et options de montage. Chaque actionneur est \u00e9quip\u00e9 d&#8217;une bande en acier inoxydable r\u00e9sistante \u00e0 la fatigue et \u00e0 la corrosion. La construction trap\u00e9zo\u00efdale du roulement offre une plus grande surface d&#8217;appui et r\u00e9duit l&#8217;usure. Le bo\u00eetier est en aluminium anodis\u00e9, ce qui garantit une construction l\u00e9g\u00e8re mais solide.<\/p>\n","protected":false},"excerpt":{"rendered":"<p>La s\u00e9rie MXE de Tolomatic offre une solution pour un mouvement lin\u00e9aire fiable. Ces actionneurs \u00e9lectriques \u00e0 vis combinent pr\u00e9cision, durabilit\u00e9 et polyvalence en un seul syst\u00e8me. La s\u00e9rie MXE s&#8217;adapte facilement gr\u00e2ce \u00e0 deux options de roulements : roulements solides et rails profil\u00e9s. Cela permet d&#8217;obtenir le bon \u00e9quilibre entre stabilit\u00e9, dur\u00e9e de vie [&hellip;]<\/p>\n","protected":false},"featured_media":12473,"comment_status":"closed","ping_status":"closed","template":"","meta":[],"product_brand":[1797],"product_cat":[872],"product_tag":[],"class_list":{"0":"post-12476","1":"product","2":"type-product","3":"status-publish","4":"has-post-thumbnail","6":"product_brand-tolomatic","7":"product_cat-actionneurs-a-vis-sans-tige","9":"first","10":"instock","11":"shipping-taxable","12":"product-type-simple"},"yoast_head":"<!-- This site is optimized with the Yoast SEO plugin v27.3 - https:\/\/yoast.com\/product\/yoast-seo-wordpress\/ -->\n<title>MXE actionneurs lin\u00e9aires - LDA Belgique<\/title>\n<meta name=\"description\" content=\"Les actionneurs \u00e0 vis Tolomatic MXE avec syst\u00e8me de roulement \u00e0 rail profil\u00e9 supportent des charges \u00e9lev\u00e9es et des moments de flexion importants. Voir les d\u00e9tails du produit.\" \/>\n<meta name=\"robots\" content=\"index, follow, max-snippet:-1, max-image-preview:large, max-video-preview:-1\" \/>\n<link rel=\"canonical\" href=\"https:\/\/lda.be\/fr\/produit\/actionneurs-lineaires-mxe-p\/\" \/>\n<meta property=\"og:locale\" content=\"fr_FR\" \/>\n<meta property=\"og:type\" content=\"article\" \/>\n<meta property=\"og:title\" content=\"MXE actionneurs lin\u00e9aires - LDA Belgique\" \/>\n<meta property=\"og:description\" content=\"Les actionneurs \u00e0 vis Tolomatic MXE avec syst\u00e8me de roulement \u00e0 rail profil\u00e9 supportent des charges \u00e9lev\u00e9es et des moments de flexion importants. Voir les d\u00e9tails du produit.\" \/>\n<meta property=\"og:url\" content=\"https:\/\/lda.be\/fr\/produit\/actionneurs-lineaires-mxe-p\/\" \/>\n<meta property=\"og:site_name\" content=\"LDA Belgique\" \/>\n<meta property=\"article:modified_time\" content=\"2025-10-16T12:54:11+00:00\" \/>\n<meta property=\"og:image\" content=\"https:\/\/lda.be\/wp-content\/uploads\/2025\/10\/MXE-P-linear-actuator.webp\" \/>\n\t<meta property=\"og:image:width\" content=\"1080\" \/>\n\t<meta property=\"og:image:height\" content=\"1080\" \/>\n\t<meta property=\"og:image:type\" content=\"image\/webp\" \/>\n<meta name=\"twitter:card\" content=\"summary_large_image\" \/>\n<meta name=\"twitter:label1\" content=\"Dur\u00e9e de lecture estim\u00e9e\" \/>\n\t<meta name=\"twitter:data1\" content=\"2 minutes\" \/>\n<script type=\"application\/ld+json\" class=\"yoast-schema-graph\">{\"@context\":\"https:\\\/\\\/schema.org\",\"@graph\":[{\"@type\":\"WebPage\",\"@id\":\"https:\\\/\\\/lda.be\\\/fr\\\/produit\\\/actionneurs-lineaires-mxe-p\\\/\",\"url\":\"https:\\\/\\\/lda.be\\\/fr\\\/produit\\\/actionneurs-lineaires-mxe-p\\\/\",\"name\":\"MXE actionneurs lin\u00e9aires - LDA Belgique\",\"isPartOf\":{\"@id\":\"https:\\\/\\\/lda.be\\\/fr\\\/#website\"},\"primaryImageOfPage\":{\"@id\":\"https:\\\/\\\/lda.be\\\/fr\\\/produit\\\/actionneurs-lineaires-mxe-p\\\/#primaryimage\"},\"image\":{\"@id\":\"https:\\\/\\\/lda.be\\\/fr\\\/produit\\\/actionneurs-lineaires-mxe-p\\\/#primaryimage\"},\"thumbnailUrl\":\"https:\\\/\\\/lda.be\\\/wp-content\\\/uploads\\\/2025\\\/10\\\/MXE-P-linear-actuator.webp\",\"datePublished\":\"2025-10-15T14:31:02+00:00\",\"dateModified\":\"2025-10-16T12:54:11+00:00\",\"description\":\"Les actionneurs \u00e0 vis Tolomatic MXE avec syst\u00e8me de roulement \u00e0 rail profil\u00e9 supportent des charges \u00e9lev\u00e9es et des moments de flexion importants. Voir les d\u00e9tails du produit.\",\"breadcrumb\":{\"@id\":\"https:\\\/\\\/lda.be\\\/fr\\\/produit\\\/actionneurs-lineaires-mxe-p\\\/#breadcrumb\"},\"inLanguage\":\"fr-FR\",\"potentialAction\":[{\"@type\":\"ReadAction\",\"target\":[\"https:\\\/\\\/lda.be\\\/fr\\\/produit\\\/actionneurs-lineaires-mxe-p\\\/\"]}]},{\"@type\":\"ImageObject\",\"inLanguage\":\"fr-FR\",\"@id\":\"https:\\\/\\\/lda.be\\\/fr\\\/produit\\\/actionneurs-lineaires-mxe-p\\\/#primaryimage\",\"url\":\"https:\\\/\\\/lda.be\\\/wp-content\\\/uploads\\\/2025\\\/10\\\/MXE-P-linear-actuator.webp\",\"contentUrl\":\"https:\\\/\\\/lda.be\\\/wp-content\\\/uploads\\\/2025\\\/10\\\/MXE-P-linear-actuator.webp\",\"width\":1080,\"height\":1080,\"caption\":\"MXE-P linear actuator\"},{\"@type\":\"BreadcrumbList\",\"@id\":\"https:\\\/\\\/lda.be\\\/fr\\\/produit\\\/actionneurs-lineaires-mxe-p\\\/#breadcrumb\",\"itemListElement\":[{\"@type\":\"ListItem\",\"position\":1,\"name\":\"Accueil\",\"item\":\"https:\\\/\\\/lda.be\\\/fr\\\/\"},{\"@type\":\"ListItem\",\"position\":2,\"name\":\"Produits\",\"item\":\"https:\\\/\\\/lda.be\\\/fr\\\/produits\\\/\"},{\"@type\":\"ListItem\",\"position\":3,\"name\":\"MXE actionneurs lin\u00e9aires\"}]},{\"@type\":\"WebSite\",\"@id\":\"https:\\\/\\\/lda.be\\\/fr\\\/#website\",\"url\":\"https:\\\/\\\/lda.be\\\/fr\\\/\",\"name\":\"LDA Belgium\",\"description\":\"Solutions For Life\",\"publisher\":{\"@id\":\"https:\\\/\\\/lda.be\\\/fr\\\/#organization\"},\"potentialAction\":[{\"@type\":\"SearchAction\",\"target\":{\"@type\":\"EntryPoint\",\"urlTemplate\":\"https:\\\/\\\/lda.be\\\/fr\\\/?s={search_term_string}\"},\"query-input\":{\"@type\":\"PropertyValueSpecification\",\"valueRequired\":true,\"valueName\":\"search_term_string\"}}],\"inLanguage\":\"fr-FR\"},{\"@type\":\"Organization\",\"@id\":\"https:\\\/\\\/lda.be\\\/fr\\\/#organization\",\"name\":\"LDA Belgium\",\"url\":\"https:\\\/\\\/lda.be\\\/fr\\\/\",\"logo\":{\"@type\":\"ImageObject\",\"inLanguage\":\"fr-FR\",\"@id\":\"https:\\\/\\\/lda.be\\\/fr\\\/#\\\/schema\\\/logo\\\/image\\\/\",\"url\":\"https:\\\/\\\/lda.be\\\/wp-content\\\/uploads\\\/2022\\\/07\\\/Logo-LDA.webp\",\"contentUrl\":\"https:\\\/\\\/lda.be\\\/wp-content\\\/uploads\\\/2022\\\/07\\\/Logo-LDA.webp\",\"width\":311,\"height\":101,\"caption\":\"LDA Belgium\"},\"image\":{\"@id\":\"https:\\\/\\\/lda.be\\\/fr\\\/#\\\/schema\\\/logo\\\/image\\\/\"},\"sameAs\":[\"https:\\\/\\\/www.linkedin.com\\\/company\\\/lda-belgium-nv\"]}]}<\/script>\n<!-- \/ Yoast SEO plugin. -->","yoast_head_json":{"title":"MXE actionneurs lin\u00e9aires - LDA Belgique","description":"Les actionneurs \u00e0 vis Tolomatic MXE avec syst\u00e8me de roulement \u00e0 rail profil\u00e9 supportent des charges \u00e9lev\u00e9es et des moments de flexion importants. Voir les d\u00e9tails du produit.","robots":{"index":"index","follow":"follow","max-snippet":"max-snippet:-1","max-image-preview":"max-image-preview:large","max-video-preview":"max-video-preview:-1"},"canonical":"https:\/\/lda.be\/fr\/produit\/actionneurs-lineaires-mxe-p\/","og_locale":"fr_FR","og_type":"article","og_title":"MXE actionneurs lin\u00e9aires - LDA Belgique","og_description":"Les actionneurs \u00e0 vis Tolomatic MXE avec syst\u00e8me de roulement \u00e0 rail profil\u00e9 supportent des charges \u00e9lev\u00e9es et des moments de flexion importants. Voir les d\u00e9tails du produit.","og_url":"https:\/\/lda.be\/fr\/produit\/actionneurs-lineaires-mxe-p\/","og_site_name":"LDA Belgique","article_modified_time":"2025-10-16T12:54:11+00:00","og_image":[{"width":1080,"height":1080,"url":"https:\/\/lda.be\/wp-content\/uploads\/2025\/10\/MXE-P-linear-actuator.webp","type":"image\/webp"}],"twitter_card":"summary_large_image","twitter_misc":{"Dur\u00e9e de lecture estim\u00e9e":"2 minutes"},"schema":{"@context":"https:\/\/schema.org","@graph":[{"@type":"WebPage","@id":"https:\/\/lda.be\/fr\/produit\/actionneurs-lineaires-mxe-p\/","url":"https:\/\/lda.be\/fr\/produit\/actionneurs-lineaires-mxe-p\/","name":"MXE actionneurs lin\u00e9aires - LDA Belgique","isPartOf":{"@id":"https:\/\/lda.be\/fr\/#website"},"primaryImageOfPage":{"@id":"https:\/\/lda.be\/fr\/produit\/actionneurs-lineaires-mxe-p\/#primaryimage"},"image":{"@id":"https:\/\/lda.be\/fr\/produit\/actionneurs-lineaires-mxe-p\/#primaryimage"},"thumbnailUrl":"https:\/\/lda.be\/wp-content\/uploads\/2025\/10\/MXE-P-linear-actuator.webp","datePublished":"2025-10-15T14:31:02+00:00","dateModified":"2025-10-16T12:54:11+00:00","description":"Les actionneurs \u00e0 vis Tolomatic MXE avec syst\u00e8me de roulement \u00e0 rail profil\u00e9 supportent des charges \u00e9lev\u00e9es et des moments de flexion importants. Voir les d\u00e9tails du produit.","breadcrumb":{"@id":"https:\/\/lda.be\/fr\/produit\/actionneurs-lineaires-mxe-p\/#breadcrumb"},"inLanguage":"fr-FR","potentialAction":[{"@type":"ReadAction","target":["https:\/\/lda.be\/fr\/produit\/actionneurs-lineaires-mxe-p\/"]}]},{"@type":"ImageObject","inLanguage":"fr-FR","@id":"https:\/\/lda.be\/fr\/produit\/actionneurs-lineaires-mxe-p\/#primaryimage","url":"https:\/\/lda.be\/wp-content\/uploads\/2025\/10\/MXE-P-linear-actuator.webp","contentUrl":"https:\/\/lda.be\/wp-content\/uploads\/2025\/10\/MXE-P-linear-actuator.webp","width":1080,"height":1080,"caption":"MXE-P linear actuator"},{"@type":"BreadcrumbList","@id":"https:\/\/lda.be\/fr\/produit\/actionneurs-lineaires-mxe-p\/#breadcrumb","itemListElement":[{"@type":"ListItem","position":1,"name":"Accueil","item":"https:\/\/lda.be\/fr\/"},{"@type":"ListItem","position":2,"name":"Produits","item":"https:\/\/lda.be\/fr\/produits\/"},{"@type":"ListItem","position":3,"name":"MXE actionneurs lin\u00e9aires"}]},{"@type":"WebSite","@id":"https:\/\/lda.be\/fr\/#website","url":"https:\/\/lda.be\/fr\/","name":"LDA Belgium","description":"Solutions For Life","publisher":{"@id":"https:\/\/lda.be\/fr\/#organization"},"potentialAction":[{"@type":"SearchAction","target":{"@type":"EntryPoint","urlTemplate":"https:\/\/lda.be\/fr\/?s={search_term_string}"},"query-input":{"@type":"PropertyValueSpecification","valueRequired":true,"valueName":"search_term_string"}}],"inLanguage":"fr-FR"},{"@type":"Organization","@id":"https:\/\/lda.be\/fr\/#organization","name":"LDA Belgium","url":"https:\/\/lda.be\/fr\/","logo":{"@type":"ImageObject","inLanguage":"fr-FR","@id":"https:\/\/lda.be\/fr\/#\/schema\/logo\/image\/","url":"https:\/\/lda.be\/wp-content\/uploads\/2022\/07\/Logo-LDA.webp","contentUrl":"https:\/\/lda.be\/wp-content\/uploads\/2022\/07\/Logo-LDA.webp","width":311,"height":101,"caption":"LDA Belgium"},"image":{"@id":"https:\/\/lda.be\/fr\/#\/schema\/logo\/image\/"},"sameAs":["https:\/\/www.linkedin.com\/company\/lda-belgium-nv"]}]}},"_links":{"self":[{"href":"https:\/\/lda.be\/fr\/wp-json\/wp\/v2\/product\/12476","targetHints":{"allow":["GET"]}}],"collection":[{"href":"https:\/\/lda.be\/fr\/wp-json\/wp\/v2\/product"}],"about":[{"href":"https:\/\/lda.be\/fr\/wp-json\/wp\/v2\/types\/product"}],"replies":[{"embeddable":true,"href":"https:\/\/lda.be\/fr\/wp-json\/wp\/v2\/comments?post=12476"}],"wp:featuredmedia":[{"embeddable":true,"href":"https:\/\/lda.be\/fr\/wp-json\/wp\/v2\/media\/12473"}],"wp:attachment":[{"href":"https:\/\/lda.be\/fr\/wp-json\/wp\/v2\/media?parent=12476"}],"wp:term":[{"taxonomy":"product_brand","embeddable":true,"href":"https:\/\/lda.be\/fr\/wp-json\/wp\/v2\/product_brand?post=12476"},{"taxonomy":"product_cat","embeddable":true,"href":"https:\/\/lda.be\/fr\/wp-json\/wp\/v2\/product_cat?post=12476"},{"taxonomy":"product_tag","embeddable":true,"href":"https:\/\/lda.be\/fr\/wp-json\/wp\/v2\/product_tag?post=12476"}],"curies":[{"name":"wp","href":"https:\/\/api.w.org\/{rel}","templated":true}]}}