{"id":12502,"date":"2025-10-16T11:04:50","date_gmt":"2025-10-16T10:04:50","guid":{"rendered":"https:\/\/lda.be\/?post_type=product&#038;p=12502"},"modified":"2026-04-30T13:14:37","modified_gmt":"2026-04-30T12:14:37","slug":"actionneurs-a-axes-lineaires-mxb-p","status":"publish","type":"product","link":"https:\/\/lda.be\/fr\/produit\/actionneurs-a-axes-lineaires-mxb-p\/","title":{"rendered":"MXB actionneurs \u00e0 axes lin\u00e9aires"},"content":{"rendered":"<p>La s\u00e9rie Tolomatic MXB comprend des actionneurs \u00e0 axes lin\u00e9airespour le mouvement lin\u00e9aire dans les domaines du transport, du positionnement et de la construction m\u00e9canique. La s\u00e9rie est disponible en trois versions : MXB U avec chariot non guid\u00e9, MXB S avec palier lisse et MXB P avec guidage \u00e0 billes. Chaque version est con\u00e7ue pour une charge et une course diff\u00e9rentes.<\/p>\n<p>Les actionneurs d\u00e9placent des charges allant jusqu&#8217;\u00e0 11,5 kilonewtons, \u00e0 des vitesses pouvant atteindre 5,1 m\u00e8tres par seconde et des courses allant jusqu&#8217;\u00e0 14,6 m\u00e8tres. L&#8217;entra\u00eenement est assur\u00e9 par une courroie renforc\u00e9e. Le profil\u00e9 en aluminium garantit une faible masse et une construction rigide. Les composants sont faciles \u00e0 entretenir et la tension de la courroie est r\u00e9glable de l&#8217;ext\u00e9rieur.<\/p>\n","protected":false},"excerpt":{"rendered":"<p>La s\u00e9rie Tolomatic MXB comprend des actionneurs \u00e0 axes lin\u00e9airespour le mouvement lin\u00e9aire dans les domaines du transport, du positionnement et de la construction m\u00e9canique. La s\u00e9rie est disponible en trois versions : MXB U avec chariot non guid\u00e9, MXB S avec palier lisse et MXB P avec guidage \u00e0 billes. Chaque version est con\u00e7ue [&hellip;]<\/p>\n","protected":false},"featured_media":12497,"comment_status":"closed","ping_status":"closed","template":"","meta":[],"product_brand":[1797],"product_cat":[870],"product_tag":[],"class_list":{"0":"post-12502","1":"product","2":"type-product","3":"status-publish","4":"has-post-thumbnail","6":"product_brand-tolomatic","7":"product_cat-actionneurs-a-courroie-a-axes-lineaires","9":"first","10":"instock","11":"shipping-taxable","12":"product-type-simple"},"yoast_head":"<!-- This site is optimized with the Yoast SEO plugin v27.3 - https:\/\/yoast.com\/product\/yoast-seo-wordpress\/ -->\n<title>MXB actionneurs \u00e0 axes lin\u00e9aires - LDA Belgique<\/title>\n<meta name=\"description\" content=\"actionneurs \u00e0 axes lin\u00e9aires Tolomatic MXB pour le mouvement lin\u00e9aire dans l&#039;automatisation, le transport et la manutention. Disponibles en trois versions avec entra\u00eenement par courroie\" \/>\n<meta name=\"robots\" content=\"index, follow, max-snippet:-1, max-image-preview:large, max-video-preview:-1\" \/>\n<link rel=\"canonical\" href=\"https:\/\/lda.be\/fr\/produit\/actionneurs-a-axes-lineaires-mxb-p\/\" \/>\n<meta property=\"og:locale\" content=\"fr_FR\" \/>\n<meta property=\"og:type\" content=\"article\" \/>\n<meta property=\"og:title\" content=\"MXB actionneurs \u00e0 axes lin\u00e9aires - LDA Belgique\" \/>\n<meta property=\"og:description\" content=\"actionneurs \u00e0 axes lin\u00e9aires Tolomatic MXB pour le mouvement lin\u00e9aire dans l&#039;automatisation, le transport et la manutention. Disponibles en trois versions avec entra\u00eenement par courroie\" \/>\n<meta property=\"og:url\" content=\"https:\/\/lda.be\/fr\/produit\/actionneurs-a-axes-lineaires-mxb-p\/\" \/>\n<meta property=\"og:site_name\" content=\"LDA Belgique\" \/>\n<meta property=\"article:modified_time\" content=\"2026-04-30T12:14:37+00:00\" \/>\n<meta property=\"og:image\" content=\"https:\/\/lda.be\/wp-content\/uploads\/2025\/10\/MXB-P.webp\" \/>\n\t<meta property=\"og:image:width\" content=\"1080\" \/>\n\t<meta property=\"og:image:height\" content=\"1080\" \/>\n\t<meta property=\"og:image:type\" content=\"image\/webp\" \/>\n<meta name=\"twitter:card\" content=\"summary_large_image\" \/>\n<meta name=\"twitter:label1\" content=\"Dur\u00e9e de lecture estim\u00e9e\" \/>\n\t<meta name=\"twitter:data1\" content=\"1 minute\" \/>\n<script type=\"application\/ld+json\" class=\"yoast-schema-graph\">{\"@context\":\"https:\\\/\\\/schema.org\",\"@graph\":[{\"@type\":\"WebPage\",\"@id\":\"https:\\\/\\\/lda.be\\\/fr\\\/produit\\\/actionneurs-a-axes-lineaires-mxb-p\\\/\",\"url\":\"https:\\\/\\\/lda.be\\\/fr\\\/produit\\\/actionneurs-a-axes-lineaires-mxb-p\\\/\",\"name\":\"MXB actionneurs \u00e0 axes lin\u00e9aires - LDA Belgique\",\"isPartOf\":{\"@id\":\"https:\\\/\\\/lda.be\\\/fr\\\/#website\"},\"primaryImageOfPage\":{\"@id\":\"https:\\\/\\\/lda.be\\\/fr\\\/produit\\\/actionneurs-a-axes-lineaires-mxb-p\\\/#primaryimage\"},\"image\":{\"@id\":\"https:\\\/\\\/lda.be\\\/fr\\\/produit\\\/actionneurs-a-axes-lineaires-mxb-p\\\/#primaryimage\"},\"thumbnailUrl\":\"https:\\\/\\\/lda.be\\\/wp-content\\\/uploads\\\/2025\\\/10\\\/MXB-P.webp\",\"datePublished\":\"2025-10-16T10:04:50+00:00\",\"dateModified\":\"2026-04-30T12:14:37+00:00\",\"description\":\"actionneurs \u00e0 axes lin\u00e9aires Tolomatic MXB pour le mouvement lin\u00e9aire dans l'automatisation, le transport et la manutention. Disponibles en trois versions avec entra\u00eenement par courroie\",\"breadcrumb\":{\"@id\":\"https:\\\/\\\/lda.be\\\/fr\\\/produit\\\/actionneurs-a-axes-lineaires-mxb-p\\\/#breadcrumb\"},\"inLanguage\":\"fr-FR\",\"potentialAction\":[{\"@type\":\"ReadAction\",\"target\":[\"https:\\\/\\\/lda.be\\\/fr\\\/produit\\\/actionneurs-a-axes-lineaires-mxb-p\\\/\"]}]},{\"@type\":\"ImageObject\",\"inLanguage\":\"fr-FR\",\"@id\":\"https:\\\/\\\/lda.be\\\/fr\\\/produit\\\/actionneurs-a-axes-lineaires-mxb-p\\\/#primaryimage\",\"url\":\"https:\\\/\\\/lda.be\\\/wp-content\\\/uploads\\\/2025\\\/10\\\/MXB-P.webp\",\"contentUrl\":\"https:\\\/\\\/lda.be\\\/wp-content\\\/uploads\\\/2025\\\/10\\\/MXB-P.webp\",\"width\":1080,\"height\":1080,\"caption\":\"Maximale stuwkracht: 1,9 kN Herhaalnauwkeurigheid: \u00b10,05 mm Temperatuurbereik: \u201312 \u00b0C tot +54 \u00b0C Profielbreedten: 16, 25, 32, 40, 50 en 63 mm Aandrijving: Polyurethaanriem met stalen trekdraden Opties: motorbevestiging, overbrenging 2:1 of 3:1, dubbele slede, afdekplaten, sensoren\"},{\"@type\":\"BreadcrumbList\",\"@id\":\"https:\\\/\\\/lda.be\\\/fr\\\/produit\\\/actionneurs-a-axes-lineaires-mxb-p\\\/#breadcrumb\",\"itemListElement\":[{\"@type\":\"ListItem\",\"position\":1,\"name\":\"Accueil\",\"item\":\"https:\\\/\\\/lda.be\\\/fr\\\/\"},{\"@type\":\"ListItem\",\"position\":2,\"name\":\"Produits\",\"item\":\"https:\\\/\\\/lda.be\\\/fr\\\/produits\\\/\"},{\"@type\":\"ListItem\",\"position\":3,\"name\":\"MXB actionneurs \u00e0 axes lin\u00e9aires\"}]},{\"@type\":\"WebSite\",\"@id\":\"https:\\\/\\\/lda.be\\\/fr\\\/#website\",\"url\":\"https:\\\/\\\/lda.be\\\/fr\\\/\",\"name\":\"LDA Belgium\",\"description\":\"Solutions For Life\",\"publisher\":{\"@id\":\"https:\\\/\\\/lda.be\\\/fr\\\/#organization\"},\"potentialAction\":[{\"@type\":\"SearchAction\",\"target\":{\"@type\":\"EntryPoint\",\"urlTemplate\":\"https:\\\/\\\/lda.be\\\/fr\\\/?s={search_term_string}\"},\"query-input\":{\"@type\":\"PropertyValueSpecification\",\"valueRequired\":true,\"valueName\":\"search_term_string\"}}],\"inLanguage\":\"fr-FR\"},{\"@type\":\"Organization\",\"@id\":\"https:\\\/\\\/lda.be\\\/fr\\\/#organization\",\"name\":\"LDA Belgium\",\"url\":\"https:\\\/\\\/lda.be\\\/fr\\\/\",\"logo\":{\"@type\":\"ImageObject\",\"inLanguage\":\"fr-FR\",\"@id\":\"https:\\\/\\\/lda.be\\\/fr\\\/#\\\/schema\\\/logo\\\/image\\\/\",\"url\":\"https:\\\/\\\/lda.be\\\/wp-content\\\/uploads\\\/2022\\\/07\\\/Logo-LDA.webp\",\"contentUrl\":\"https:\\\/\\\/lda.be\\\/wp-content\\\/uploads\\\/2022\\\/07\\\/Logo-LDA.webp\",\"width\":311,\"height\":101,\"caption\":\"LDA Belgium\"},\"image\":{\"@id\":\"https:\\\/\\\/lda.be\\\/fr\\\/#\\\/schema\\\/logo\\\/image\\\/\"},\"sameAs\":[\"https:\\\/\\\/www.linkedin.com\\\/company\\\/lda-belgium-nv\"]}]}<\/script>\n<!-- \/ Yoast SEO plugin. -->","yoast_head_json":{"title":"MXB actionneurs \u00e0 axes lin\u00e9aires - LDA Belgique","description":"actionneurs \u00e0 axes lin\u00e9aires Tolomatic MXB pour le mouvement lin\u00e9aire dans l'automatisation, le transport et la manutention. Disponibles en trois versions avec entra\u00eenement par courroie","robots":{"index":"index","follow":"follow","max-snippet":"max-snippet:-1","max-image-preview":"max-image-preview:large","max-video-preview":"max-video-preview:-1"},"canonical":"https:\/\/lda.be\/fr\/produit\/actionneurs-a-axes-lineaires-mxb-p\/","og_locale":"fr_FR","og_type":"article","og_title":"MXB actionneurs \u00e0 axes lin\u00e9aires - LDA Belgique","og_description":"actionneurs \u00e0 axes lin\u00e9aires Tolomatic MXB pour le mouvement lin\u00e9aire dans l'automatisation, le transport et la manutention. Disponibles en trois versions avec entra\u00eenement par courroie","og_url":"https:\/\/lda.be\/fr\/produit\/actionneurs-a-axes-lineaires-mxb-p\/","og_site_name":"LDA Belgique","article_modified_time":"2026-04-30T12:14:37+00:00","og_image":[{"width":1080,"height":1080,"url":"https:\/\/lda.be\/wp-content\/uploads\/2025\/10\/MXB-P.webp","type":"image\/webp"}],"twitter_card":"summary_large_image","twitter_misc":{"Dur\u00e9e de lecture estim\u00e9e":"1 minute"},"schema":{"@context":"https:\/\/schema.org","@graph":[{"@type":"WebPage","@id":"https:\/\/lda.be\/fr\/produit\/actionneurs-a-axes-lineaires-mxb-p\/","url":"https:\/\/lda.be\/fr\/produit\/actionneurs-a-axes-lineaires-mxb-p\/","name":"MXB actionneurs \u00e0 axes lin\u00e9aires - LDA Belgique","isPartOf":{"@id":"https:\/\/lda.be\/fr\/#website"},"primaryImageOfPage":{"@id":"https:\/\/lda.be\/fr\/produit\/actionneurs-a-axes-lineaires-mxb-p\/#primaryimage"},"image":{"@id":"https:\/\/lda.be\/fr\/produit\/actionneurs-a-axes-lineaires-mxb-p\/#primaryimage"},"thumbnailUrl":"https:\/\/lda.be\/wp-content\/uploads\/2025\/10\/MXB-P.webp","datePublished":"2025-10-16T10:04:50+00:00","dateModified":"2026-04-30T12:14:37+00:00","description":"actionneurs \u00e0 axes lin\u00e9aires Tolomatic MXB pour le mouvement lin\u00e9aire dans l'automatisation, le transport et la manutention. Disponibles en trois versions avec entra\u00eenement par courroie","breadcrumb":{"@id":"https:\/\/lda.be\/fr\/produit\/actionneurs-a-axes-lineaires-mxb-p\/#breadcrumb"},"inLanguage":"fr-FR","potentialAction":[{"@type":"ReadAction","target":["https:\/\/lda.be\/fr\/produit\/actionneurs-a-axes-lineaires-mxb-p\/"]}]},{"@type":"ImageObject","inLanguage":"fr-FR","@id":"https:\/\/lda.be\/fr\/produit\/actionneurs-a-axes-lineaires-mxb-p\/#primaryimage","url":"https:\/\/lda.be\/wp-content\/uploads\/2025\/10\/MXB-P.webp","contentUrl":"https:\/\/lda.be\/wp-content\/uploads\/2025\/10\/MXB-P.webp","width":1080,"height":1080,"caption":"Maximale stuwkracht: 1,9 kN Herhaalnauwkeurigheid: \u00b10,05 mm Temperatuurbereik: \u201312 \u00b0C tot +54 \u00b0C Profielbreedten: 16, 25, 32, 40, 50 en 63 mm Aandrijving: Polyurethaanriem met stalen trekdraden Opties: motorbevestiging, overbrenging 2:1 of 3:1, dubbele slede, afdekplaten, sensoren"},{"@type":"BreadcrumbList","@id":"https:\/\/lda.be\/fr\/produit\/actionneurs-a-axes-lineaires-mxb-p\/#breadcrumb","itemListElement":[{"@type":"ListItem","position":1,"name":"Accueil","item":"https:\/\/lda.be\/fr\/"},{"@type":"ListItem","position":2,"name":"Produits","item":"https:\/\/lda.be\/fr\/produits\/"},{"@type":"ListItem","position":3,"name":"MXB actionneurs \u00e0 axes lin\u00e9aires"}]},{"@type":"WebSite","@id":"https:\/\/lda.be\/fr\/#website","url":"https:\/\/lda.be\/fr\/","name":"LDA Belgium","description":"Solutions For Life","publisher":{"@id":"https:\/\/lda.be\/fr\/#organization"},"potentialAction":[{"@type":"SearchAction","target":{"@type":"EntryPoint","urlTemplate":"https:\/\/lda.be\/fr\/?s={search_term_string}"},"query-input":{"@type":"PropertyValueSpecification","valueRequired":true,"valueName":"search_term_string"}}],"inLanguage":"fr-FR"},{"@type":"Organization","@id":"https:\/\/lda.be\/fr\/#organization","name":"LDA Belgium","url":"https:\/\/lda.be\/fr\/","logo":{"@type":"ImageObject","inLanguage":"fr-FR","@id":"https:\/\/lda.be\/fr\/#\/schema\/logo\/image\/","url":"https:\/\/lda.be\/wp-content\/uploads\/2022\/07\/Logo-LDA.webp","contentUrl":"https:\/\/lda.be\/wp-content\/uploads\/2022\/07\/Logo-LDA.webp","width":311,"height":101,"caption":"LDA Belgium"},"image":{"@id":"https:\/\/lda.be\/fr\/#\/schema\/logo\/image\/"},"sameAs":["https:\/\/www.linkedin.com\/company\/lda-belgium-nv"]}]}},"_links":{"self":[{"href":"https:\/\/lda.be\/fr\/wp-json\/wp\/v2\/product\/12502","targetHints":{"allow":["GET"]}}],"collection":[{"href":"https:\/\/lda.be\/fr\/wp-json\/wp\/v2\/product"}],"about":[{"href":"https:\/\/lda.be\/fr\/wp-json\/wp\/v2\/types\/product"}],"replies":[{"embeddable":true,"href":"https:\/\/lda.be\/fr\/wp-json\/wp\/v2\/comments?post=12502"}],"wp:featuredmedia":[{"embeddable":true,"href":"https:\/\/lda.be\/fr\/wp-json\/wp\/v2\/media\/12497"}],"wp:attachment":[{"href":"https:\/\/lda.be\/fr\/wp-json\/wp\/v2\/media?parent=12502"}],"wp:term":[{"taxonomy":"product_brand","embeddable":true,"href":"https:\/\/lda.be\/fr\/wp-json\/wp\/v2\/product_brand?post=12502"},{"taxonomy":"product_cat","embeddable":true,"href":"https:\/\/lda.be\/fr\/wp-json\/wp\/v2\/product_cat?post=12502"},{"taxonomy":"product_tag","embeddable":true,"href":"https:\/\/lda.be\/fr\/wp-json\/wp\/v2\/product_tag?post=12502"}],"curies":[{"name":"wp","href":"https:\/\/api.w.org\/{rel}","templated":true}]}}