{"id":12540,"date":"2025-10-16T14:28:38","date_gmt":"2025-10-16T13:28:38","guid":{"rendered":"https:\/\/lda.be\/?post_type=product&#038;p=12540"},"modified":"2026-04-30T12:33:53","modified_gmt":"2026-04-30T11:33:53","slug":"b3-actionneurs-lineaires","status":"publish","type":"product","link":"https:\/\/lda.be\/fr\/produit\/b3-actionneurs-lineaires\/","title":{"rendered":"B3 axes lin\u00e9aires 1,4 &#8211; 12 kN, 10 &#8211; 14 m"},"content":{"rendered":"<p>Les axes lin\u00e9aires actionneurs B3S et B3W conviennent aux applications \u00e0 charges \u00e9lev\u00e9es et \u00e0 moments de flexion importants. Les deux mod\u00e8les utilisent un syst\u00e8me de guidage \u00e0 recirculation de billes interne qui garantit une longue dur\u00e9e de vie et un fonctionnement fiable. Le B3S est \u00e0 entra\u00eenement par vis et offre un positionnement pr\u00e9cis. Le B3W est \u00e0 entra\u00eenement par courroie et convient aux vitesses plus \u00e9lev\u00e9es. Les deux variantes sont disponibles avec diff\u00e9rentes options de support, configurations de moteur et courses allant jusqu&#8217;\u00e0 14,6 m\u00e8tres.<\/p>\n<p>&nbsp;<\/p>\n","protected":false},"excerpt":{"rendered":"<p>Les axes lin\u00e9aires actionneurs B3S et B3W conviennent aux applications \u00e0 charges \u00e9lev\u00e9es et \u00e0 moments de flexion importants. Les deux mod\u00e8les utilisent un syst\u00e8me de guidage \u00e0 recirculation de billes interne qui garantit une longue dur\u00e9e de vie et un fonctionnement fiable. Le B3S est \u00e0 entra\u00eenement par vis et offre un positionnement pr\u00e9cis. [&hellip;]<\/p>\n","protected":false},"featured_media":12536,"comment_status":"closed","ping_status":"closed","template":"","meta":[],"product_brand":[1797],"product_cat":[870,872],"product_tag":[],"class_list":{"0":"post-12540","1":"product","2":"type-product","3":"status-publish","4":"has-post-thumbnail","6":"product_brand-tolomatic","7":"product_cat-actionneurs-a-courroie-a-axes-lineaires","8":"product_cat-actionneurs-a-vis-sans-tige","10":"first","11":"instock","12":"shipping-taxable","13":"product-type-simple"},"yoast_head":"<!-- This site is optimized with the Yoast SEO plugin v27.3 - https:\/\/yoast.com\/product\/yoast-seo-wordpress\/ -->\n<title>B3 axes lin\u00e9aires 1,4 - 12 kN, 10 - 14 m - LDA Belgique<\/title>\n<meta name=\"description\" content=\"Les actionneurs lin\u00e9aires \u00e0 courroie B3W sont dot\u00e9s d&#039;un roulement \u00e0 billes int\u00e9gr\u00e9 con\u00e7u pour les charges lourdes, les moments de flexion \u00e9lev\u00e9s et une longue dur\u00e9e de vie.\" \/>\n<meta name=\"robots\" content=\"index, follow, max-snippet:-1, max-image-preview:large, max-video-preview:-1\" \/>\n<link rel=\"canonical\" href=\"https:\/\/lda.be\/fr\/produit\/b3-actionneurs-lineaires\/\" \/>\n<meta property=\"og:locale\" content=\"fr_FR\" \/>\n<meta property=\"og:type\" content=\"article\" \/>\n<meta property=\"og:title\" content=\"B3 axes lin\u00e9aires 1,4 - 12 kN, 10 - 14 m - LDA Belgique\" \/>\n<meta property=\"og:description\" content=\"Les actionneurs lin\u00e9aires \u00e0 courroie B3W sont dot\u00e9s d&#039;un roulement \u00e0 billes int\u00e9gr\u00e9 con\u00e7u pour les charges lourdes, les moments de flexion \u00e9lev\u00e9s et une longue dur\u00e9e de vie.\" \/>\n<meta property=\"og:url\" content=\"https:\/\/lda.be\/fr\/produit\/b3-actionneurs-lineaires\/\" \/>\n<meta property=\"og:site_name\" content=\"LDA Belgique\" \/>\n<meta property=\"article:modified_time\" content=\"2026-04-30T11:33:53+00:00\" \/>\n<meta property=\"og:image\" content=\"https:\/\/lda.be\/wp-content\/uploads\/2025\/10\/B3S.webp\" \/>\n\t<meta property=\"og:image:width\" content=\"1080\" \/>\n\t<meta property=\"og:image:height\" content=\"1080\" \/>\n\t<meta property=\"og:image:type\" content=\"image\/webp\" \/>\n<meta name=\"twitter:card\" content=\"summary_large_image\" \/>\n<meta name=\"twitter:label1\" content=\"Dur\u00e9e de lecture estim\u00e9e\" \/>\n\t<meta name=\"twitter:data1\" content=\"1 minute\" \/>\n<script type=\"application\/ld+json\" class=\"yoast-schema-graph\">{\"@context\":\"https:\\\/\\\/schema.org\",\"@graph\":[{\"@type\":\"WebPage\",\"@id\":\"https:\\\/\\\/lda.be\\\/fr\\\/produit\\\/b3-actionneurs-lineaires\\\/\",\"url\":\"https:\\\/\\\/lda.be\\\/fr\\\/produit\\\/b3-actionneurs-lineaires\\\/\",\"name\":\"B3 axes lin\u00e9aires 1,4 - 12 kN, 10 - 14 m - LDA Belgique\",\"isPartOf\":{\"@id\":\"https:\\\/\\\/lda.be\\\/fr\\\/#website\"},\"primaryImageOfPage\":{\"@id\":\"https:\\\/\\\/lda.be\\\/fr\\\/produit\\\/b3-actionneurs-lineaires\\\/#primaryimage\"},\"image\":{\"@id\":\"https:\\\/\\\/lda.be\\\/fr\\\/produit\\\/b3-actionneurs-lineaires\\\/#primaryimage\"},\"thumbnailUrl\":\"https:\\\/\\\/lda.be\\\/wp-content\\\/uploads\\\/2025\\\/10\\\/B3S.webp\",\"datePublished\":\"2025-10-16T13:28:38+00:00\",\"dateModified\":\"2026-04-30T11:33:53+00:00\",\"description\":\"Les actionneurs lin\u00e9aires \u00e0 courroie B3W sont dot\u00e9s d'un roulement \u00e0 billes int\u00e9gr\u00e9 con\u00e7u pour les charges lourdes, les moments de flexion \u00e9lev\u00e9s et une longue dur\u00e9e de vie.\",\"breadcrumb\":{\"@id\":\"https:\\\/\\\/lda.be\\\/fr\\\/produit\\\/b3-actionneurs-lineaires\\\/#breadcrumb\"},\"inLanguage\":\"fr-FR\",\"potentialAction\":[{\"@type\":\"ReadAction\",\"target\":[\"https:\\\/\\\/lda.be\\\/fr\\\/produit\\\/b3-actionneurs-lineaires\\\/\"]}]},{\"@type\":\"ImageObject\",\"inLanguage\":\"fr-FR\",\"@id\":\"https:\\\/\\\/lda.be\\\/fr\\\/produit\\\/b3-actionneurs-lineaires\\\/#primaryimage\",\"url\":\"https:\\\/\\\/lda.be\\\/wp-content\\\/uploads\\\/2025\\\/10\\\/B3S.webp\",\"contentUrl\":\"https:\\\/\\\/lda.be\\\/wp-content\\\/uploads\\\/2025\\\/10\\\/B3S.webp\",\"width\":1080,\"height\":1080,\"caption\":\"B3 van tolomatic sledes\"},{\"@type\":\"BreadcrumbList\",\"@id\":\"https:\\\/\\\/lda.be\\\/fr\\\/produit\\\/b3-actionneurs-lineaires\\\/#breadcrumb\",\"itemListElement\":[{\"@type\":\"ListItem\",\"position\":1,\"name\":\"Accueil\",\"item\":\"https:\\\/\\\/lda.be\\\/fr\\\/\"},{\"@type\":\"ListItem\",\"position\":2,\"name\":\"Produits\",\"item\":\"https:\\\/\\\/lda.be\\\/fr\\\/produits\\\/\"},{\"@type\":\"ListItem\",\"position\":3,\"name\":\"B3 axes lin\u00e9aires 1,4 &#8211; 12 kN, 10 &#8211; 14 m\"}]},{\"@type\":\"WebSite\",\"@id\":\"https:\\\/\\\/lda.be\\\/fr\\\/#website\",\"url\":\"https:\\\/\\\/lda.be\\\/fr\\\/\",\"name\":\"LDA Belgium\",\"description\":\"Solutions For Life\",\"publisher\":{\"@id\":\"https:\\\/\\\/lda.be\\\/fr\\\/#organization\"},\"potentialAction\":[{\"@type\":\"SearchAction\",\"target\":{\"@type\":\"EntryPoint\",\"urlTemplate\":\"https:\\\/\\\/lda.be\\\/fr\\\/?s={search_term_string}\"},\"query-input\":{\"@type\":\"PropertyValueSpecification\",\"valueRequired\":true,\"valueName\":\"search_term_string\"}}],\"inLanguage\":\"fr-FR\"},{\"@type\":\"Organization\",\"@id\":\"https:\\\/\\\/lda.be\\\/fr\\\/#organization\",\"name\":\"LDA Belgium\",\"url\":\"https:\\\/\\\/lda.be\\\/fr\\\/\",\"logo\":{\"@type\":\"ImageObject\",\"inLanguage\":\"fr-FR\",\"@id\":\"https:\\\/\\\/lda.be\\\/fr\\\/#\\\/schema\\\/logo\\\/image\\\/\",\"url\":\"https:\\\/\\\/lda.be\\\/wp-content\\\/uploads\\\/2022\\\/07\\\/Logo-LDA.webp\",\"contentUrl\":\"https:\\\/\\\/lda.be\\\/wp-content\\\/uploads\\\/2022\\\/07\\\/Logo-LDA.webp\",\"width\":311,\"height\":101,\"caption\":\"LDA Belgium\"},\"image\":{\"@id\":\"https:\\\/\\\/lda.be\\\/fr\\\/#\\\/schema\\\/logo\\\/image\\\/\"},\"sameAs\":[\"https:\\\/\\\/www.linkedin.com\\\/company\\\/lda-belgium-nv\"]}]}<\/script>\n<!-- \/ Yoast SEO plugin. -->","yoast_head_json":{"title":"B3 axes lin\u00e9aires 1,4 - 12 kN, 10 - 14 m - LDA Belgique","description":"Les actionneurs lin\u00e9aires \u00e0 courroie B3W sont dot\u00e9s d'un roulement \u00e0 billes int\u00e9gr\u00e9 con\u00e7u pour les charges lourdes, les moments de flexion \u00e9lev\u00e9s et une longue dur\u00e9e de vie.","robots":{"index":"index","follow":"follow","max-snippet":"max-snippet:-1","max-image-preview":"max-image-preview:large","max-video-preview":"max-video-preview:-1"},"canonical":"https:\/\/lda.be\/fr\/produit\/b3-actionneurs-lineaires\/","og_locale":"fr_FR","og_type":"article","og_title":"B3 axes lin\u00e9aires 1,4 - 12 kN, 10 - 14 m - LDA Belgique","og_description":"Les actionneurs lin\u00e9aires \u00e0 courroie B3W sont dot\u00e9s d'un roulement \u00e0 billes int\u00e9gr\u00e9 con\u00e7u pour les charges lourdes, les moments de flexion \u00e9lev\u00e9s et une longue dur\u00e9e de vie.","og_url":"https:\/\/lda.be\/fr\/produit\/b3-actionneurs-lineaires\/","og_site_name":"LDA Belgique","article_modified_time":"2026-04-30T11:33:53+00:00","og_image":[{"width":1080,"height":1080,"url":"https:\/\/lda.be\/wp-content\/uploads\/2025\/10\/B3S.webp","type":"image\/webp"}],"twitter_card":"summary_large_image","twitter_misc":{"Dur\u00e9e de lecture estim\u00e9e":"1 minute"},"schema":{"@context":"https:\/\/schema.org","@graph":[{"@type":"WebPage","@id":"https:\/\/lda.be\/fr\/produit\/b3-actionneurs-lineaires\/","url":"https:\/\/lda.be\/fr\/produit\/b3-actionneurs-lineaires\/","name":"B3 axes lin\u00e9aires 1,4 - 12 kN, 10 - 14 m - LDA Belgique","isPartOf":{"@id":"https:\/\/lda.be\/fr\/#website"},"primaryImageOfPage":{"@id":"https:\/\/lda.be\/fr\/produit\/b3-actionneurs-lineaires\/#primaryimage"},"image":{"@id":"https:\/\/lda.be\/fr\/produit\/b3-actionneurs-lineaires\/#primaryimage"},"thumbnailUrl":"https:\/\/lda.be\/wp-content\/uploads\/2025\/10\/B3S.webp","datePublished":"2025-10-16T13:28:38+00:00","dateModified":"2026-04-30T11:33:53+00:00","description":"Les actionneurs lin\u00e9aires \u00e0 courroie B3W sont dot\u00e9s d'un roulement \u00e0 billes int\u00e9gr\u00e9 con\u00e7u pour les charges lourdes, les moments de flexion \u00e9lev\u00e9s et une longue dur\u00e9e de vie.","breadcrumb":{"@id":"https:\/\/lda.be\/fr\/produit\/b3-actionneurs-lineaires\/#breadcrumb"},"inLanguage":"fr-FR","potentialAction":[{"@type":"ReadAction","target":["https:\/\/lda.be\/fr\/produit\/b3-actionneurs-lineaires\/"]}]},{"@type":"ImageObject","inLanguage":"fr-FR","@id":"https:\/\/lda.be\/fr\/produit\/b3-actionneurs-lineaires\/#primaryimage","url":"https:\/\/lda.be\/wp-content\/uploads\/2025\/10\/B3S.webp","contentUrl":"https:\/\/lda.be\/wp-content\/uploads\/2025\/10\/B3S.webp","width":1080,"height":1080,"caption":"B3 van tolomatic sledes"},{"@type":"BreadcrumbList","@id":"https:\/\/lda.be\/fr\/produit\/b3-actionneurs-lineaires\/#breadcrumb","itemListElement":[{"@type":"ListItem","position":1,"name":"Accueil","item":"https:\/\/lda.be\/fr\/"},{"@type":"ListItem","position":2,"name":"Produits","item":"https:\/\/lda.be\/fr\/produits\/"},{"@type":"ListItem","position":3,"name":"B3 axes lin\u00e9aires 1,4 &#8211; 12 kN, 10 &#8211; 14 m"}]},{"@type":"WebSite","@id":"https:\/\/lda.be\/fr\/#website","url":"https:\/\/lda.be\/fr\/","name":"LDA Belgium","description":"Solutions For Life","publisher":{"@id":"https:\/\/lda.be\/fr\/#organization"},"potentialAction":[{"@type":"SearchAction","target":{"@type":"EntryPoint","urlTemplate":"https:\/\/lda.be\/fr\/?s={search_term_string}"},"query-input":{"@type":"PropertyValueSpecification","valueRequired":true,"valueName":"search_term_string"}}],"inLanguage":"fr-FR"},{"@type":"Organization","@id":"https:\/\/lda.be\/fr\/#organization","name":"LDA Belgium","url":"https:\/\/lda.be\/fr\/","logo":{"@type":"ImageObject","inLanguage":"fr-FR","@id":"https:\/\/lda.be\/fr\/#\/schema\/logo\/image\/","url":"https:\/\/lda.be\/wp-content\/uploads\/2022\/07\/Logo-LDA.webp","contentUrl":"https:\/\/lda.be\/wp-content\/uploads\/2022\/07\/Logo-LDA.webp","width":311,"height":101,"caption":"LDA Belgium"},"image":{"@id":"https:\/\/lda.be\/fr\/#\/schema\/logo\/image\/"},"sameAs":["https:\/\/www.linkedin.com\/company\/lda-belgium-nv"]}]}},"_links":{"self":[{"href":"https:\/\/lda.be\/fr\/wp-json\/wp\/v2\/product\/12540","targetHints":{"allow":["GET"]}}],"collection":[{"href":"https:\/\/lda.be\/fr\/wp-json\/wp\/v2\/product"}],"about":[{"href":"https:\/\/lda.be\/fr\/wp-json\/wp\/v2\/types\/product"}],"replies":[{"embeddable":true,"href":"https:\/\/lda.be\/fr\/wp-json\/wp\/v2\/comments?post=12540"}],"wp:featuredmedia":[{"embeddable":true,"href":"https:\/\/lda.be\/fr\/wp-json\/wp\/v2\/media\/12536"}],"wp:attachment":[{"href":"https:\/\/lda.be\/fr\/wp-json\/wp\/v2\/media?parent=12540"}],"wp:term":[{"taxonomy":"product_brand","embeddable":true,"href":"https:\/\/lda.be\/fr\/wp-json\/wp\/v2\/product_brand?post=12540"},{"taxonomy":"product_cat","embeddable":true,"href":"https:\/\/lda.be\/fr\/wp-json\/wp\/v2\/product_cat?post=12540"},{"taxonomy":"product_tag","embeddable":true,"href":"https:\/\/lda.be\/fr\/wp-json\/wp\/v2\/product_tag?post=12540"}],"curies":[{"name":"wp","href":"https:\/\/api.w.org\/{rel}","templated":true}]}}