{"id":12550,"date":"2025-10-16T15:31:20","date_gmt":"2025-10-16T14:31:20","guid":{"rendered":"https:\/\/lda.be\/?post_type=product&#038;p=12550"},"modified":"2025-10-16T15:38:33","modified_gmt":"2025-10-16T14:38:33","slug":"trs-tables-xy-de-precision-a-double-rail-profile","status":"publish","type":"product","link":"https:\/\/lda.be\/fr\/produit\/trs-tables-xy-de-precision-a-double-rail-profile\/","title":{"rendered":"TRS Tables XY de pr\u00e9cision \u00e0 double rail profil\u00e9"},"content":{"rendered":"<p>La s\u00e9rie TRS de Tolomatic est une solution puissante et stable pour les applications qui n\u00e9cessitent un mouvement lin\u00e9aire pr\u00e9cis. Gr\u00e2ce \u00e0 ses rails \u00e0 double profil avec quatre roulements, cet actionneur offre une grande r\u00e9sistance structurelle et une flexion minimale sur toute la longueur de course. Le bo\u00eetier ferm\u00e9 prot\u00e8ge les composants internes contre la poussi\u00e8re et la salet\u00e9, ce qui augmente la fiabilit\u00e9 et r\u00e9duit l&#8217;entretien. Avec des courses configurables jusqu&#8217;\u00e0 2 200 mm et plusieurs options de vis, notamment des \u00e9crous \u00e0 billes et \u00e0 rouleaux, le TRS s&#8217;adapte facilement \u00e0 diverses exigences. L&#8217;actionneur prend en charge le montage via le support ou la base et convient aux syst\u00e8mes multiaxes dans, entre autres, les configurations de mesure, les applications de prise et de d\u00e9pose et l&#8217;usinage de pr\u00e9cision.<\/p>\n","protected":false},"excerpt":{"rendered":"<p>La s\u00e9rie TRS de Tolomatic est une solution puissante et stable pour les applications qui n\u00e9cessitent un mouvement lin\u00e9aire pr\u00e9cis. Gr\u00e2ce \u00e0 ses rails \u00e0 double profil avec quatre roulements, cet actionneur offre une grande r\u00e9sistance structurelle et une flexion minimale sur toute la longueur de course. Le bo\u00eetier ferm\u00e9 prot\u00e8ge les composants internes contre [&hellip;]<\/p>\n","protected":false},"featured_media":12548,"comment_status":"closed","ping_status":"closed","template":"","meta":[],"product_brand":[1797],"product_cat":[872],"product_tag":[],"class_list":{"0":"post-12550","1":"product","2":"type-product","3":"status-publish","4":"has-post-thumbnail","6":"product_brand-tolomatic","7":"product_cat-actionneurs-a-vis-sans-tige","9":"first","10":"instock","11":"shipping-taxable","12":"product-type-simple"},"yoast_head":"<!-- This site is optimized with the Yoast SEO plugin v27.3 - https:\/\/yoast.com\/product\/yoast-seo-wordpress\/ -->\n<title>TRS Tables XY de pr\u00e9cision \u00e0 double rail profil\u00e9 - LDA Belgique<\/title>\n<meta name=\"description\" content=\"L&#039;actionneur lin\u00e9aire \u00e0 double rail profil\u00e9 TRS pr\u00e9sente une conception ferm\u00e9e, une longueur de course configurable et est con\u00e7u pour \u00eatre tr\u00e8s rigide, pr\u00e9cis et exact.\" \/>\n<meta name=\"robots\" content=\"index, follow, max-snippet:-1, max-image-preview:large, max-video-preview:-1\" \/>\n<link rel=\"canonical\" href=\"https:\/\/lda.be\/fr\/produit\/trs-tables-xy-de-precision-a-double-rail-profile\/\" \/>\n<meta property=\"og:locale\" content=\"fr_FR\" \/>\n<meta property=\"og:type\" content=\"article\" \/>\n<meta property=\"og:title\" content=\"TRS Tables XY de pr\u00e9cision \u00e0 double rail profil\u00e9 - LDA Belgique\" \/>\n<meta property=\"og:description\" content=\"L&#039;actionneur lin\u00e9aire \u00e0 double rail profil\u00e9 TRS pr\u00e9sente une conception ferm\u00e9e, une longueur de course configurable et est con\u00e7u pour \u00eatre tr\u00e8s rigide, pr\u00e9cis et exact.\" \/>\n<meta property=\"og:url\" content=\"https:\/\/lda.be\/fr\/produit\/trs-tables-xy-de-precision-a-double-rail-profile\/\" \/>\n<meta property=\"og:site_name\" content=\"LDA Belgique\" \/>\n<meta property=\"article:modified_time\" content=\"2025-10-16T14:38:33+00:00\" \/>\n<meta property=\"og:image\" content=\"https:\/\/lda.be\/wp-content\/uploads\/2025\/10\/TRS.webp\" \/>\n\t<meta property=\"og:image:width\" content=\"1080\" \/>\n\t<meta property=\"og:image:height\" content=\"1080\" \/>\n\t<meta property=\"og:image:type\" content=\"image\/webp\" \/>\n<meta name=\"twitter:card\" content=\"summary_large_image\" \/>\n<meta name=\"twitter:label1\" content=\"Dur\u00e9e de lecture estim\u00e9e\" \/>\n\t<meta name=\"twitter:data1\" content=\"1 minute\" \/>\n<script type=\"application\/ld+json\" class=\"yoast-schema-graph\">{\"@context\":\"https:\\\/\\\/schema.org\",\"@graph\":[{\"@type\":\"WebPage\",\"@id\":\"https:\\\/\\\/lda.be\\\/fr\\\/produit\\\/trs-tables-xy-de-precision-a-double-rail-profile\\\/\",\"url\":\"https:\\\/\\\/lda.be\\\/fr\\\/produit\\\/trs-tables-xy-de-precision-a-double-rail-profile\\\/\",\"name\":\"TRS Tables XY de pr\u00e9cision \u00e0 double rail profil\u00e9 - LDA Belgique\",\"isPartOf\":{\"@id\":\"https:\\\/\\\/lda.be\\\/fr\\\/#website\"},\"primaryImageOfPage\":{\"@id\":\"https:\\\/\\\/lda.be\\\/fr\\\/produit\\\/trs-tables-xy-de-precision-a-double-rail-profile\\\/#primaryimage\"},\"image\":{\"@id\":\"https:\\\/\\\/lda.be\\\/fr\\\/produit\\\/trs-tables-xy-de-precision-a-double-rail-profile\\\/#primaryimage\"},\"thumbnailUrl\":\"https:\\\/\\\/lda.be\\\/wp-content\\\/uploads\\\/2025\\\/10\\\/TRS.webp\",\"datePublished\":\"2025-10-16T14:31:20+00:00\",\"dateModified\":\"2025-10-16T14:38:33+00:00\",\"description\":\"L'actionneur lin\u00e9aire \u00e0 double rail profil\u00e9 TRS pr\u00e9sente une conception ferm\u00e9e, une longueur de course configurable et est con\u00e7u pour \u00eatre tr\u00e8s rigide, pr\u00e9cis et exact.\",\"breadcrumb\":{\"@id\":\"https:\\\/\\\/lda.be\\\/fr\\\/produit\\\/trs-tables-xy-de-precision-a-double-rail-profile\\\/#breadcrumb\"},\"inLanguage\":\"fr-FR\",\"potentialAction\":[{\"@type\":\"ReadAction\",\"target\":[\"https:\\\/\\\/lda.be\\\/fr\\\/produit\\\/trs-tables-xy-de-precision-a-double-rail-profile\\\/\"]}]},{\"@type\":\"ImageObject\",\"inLanguage\":\"fr-FR\",\"@id\":\"https:\\\/\\\/lda.be\\\/fr\\\/produit\\\/trs-tables-xy-de-precision-a-double-rail-profile\\\/#primaryimage\",\"url\":\"https:\\\/\\\/lda.be\\\/wp-content\\\/uploads\\\/2025\\\/10\\\/TRS.webp\",\"contentUrl\":\"https:\\\/\\\/lda.be\\\/wp-content\\\/uploads\\\/2025\\\/10\\\/TRS.webp\",\"width\":1080,\"height\":1080,\"caption\":\"TRS twin profile\"},{\"@type\":\"BreadcrumbList\",\"@id\":\"https:\\\/\\\/lda.be\\\/fr\\\/produit\\\/trs-tables-xy-de-precision-a-double-rail-profile\\\/#breadcrumb\",\"itemListElement\":[{\"@type\":\"ListItem\",\"position\":1,\"name\":\"Accueil\",\"item\":\"https:\\\/\\\/lda.be\\\/fr\\\/\"},{\"@type\":\"ListItem\",\"position\":2,\"name\":\"Produits\",\"item\":\"https:\\\/\\\/lda.be\\\/fr\\\/produits\\\/\"},{\"@type\":\"ListItem\",\"position\":3,\"name\":\"TRS Tables XY de pr\u00e9cision \u00e0 double rail profil\u00e9\"}]},{\"@type\":\"WebSite\",\"@id\":\"https:\\\/\\\/lda.be\\\/fr\\\/#website\",\"url\":\"https:\\\/\\\/lda.be\\\/fr\\\/\",\"name\":\"LDA Belgium\",\"description\":\"Solutions For Life\",\"publisher\":{\"@id\":\"https:\\\/\\\/lda.be\\\/fr\\\/#organization\"},\"potentialAction\":[{\"@type\":\"SearchAction\",\"target\":{\"@type\":\"EntryPoint\",\"urlTemplate\":\"https:\\\/\\\/lda.be\\\/fr\\\/?s={search_term_string}\"},\"query-input\":{\"@type\":\"PropertyValueSpecification\",\"valueRequired\":true,\"valueName\":\"search_term_string\"}}],\"inLanguage\":\"fr-FR\"},{\"@type\":\"Organization\",\"@id\":\"https:\\\/\\\/lda.be\\\/fr\\\/#organization\",\"name\":\"LDA Belgium\",\"url\":\"https:\\\/\\\/lda.be\\\/fr\\\/\",\"logo\":{\"@type\":\"ImageObject\",\"inLanguage\":\"fr-FR\",\"@id\":\"https:\\\/\\\/lda.be\\\/fr\\\/#\\\/schema\\\/logo\\\/image\\\/\",\"url\":\"https:\\\/\\\/lda.be\\\/wp-content\\\/uploads\\\/2022\\\/07\\\/Logo-LDA.webp\",\"contentUrl\":\"https:\\\/\\\/lda.be\\\/wp-content\\\/uploads\\\/2022\\\/07\\\/Logo-LDA.webp\",\"width\":311,\"height\":101,\"caption\":\"LDA Belgium\"},\"image\":{\"@id\":\"https:\\\/\\\/lda.be\\\/fr\\\/#\\\/schema\\\/logo\\\/image\\\/\"},\"sameAs\":[\"https:\\\/\\\/www.linkedin.com\\\/company\\\/lda-belgium-nv\"]}]}<\/script>\n<!-- \/ Yoast SEO plugin. -->","yoast_head_json":{"title":"TRS Tables XY de pr\u00e9cision \u00e0 double rail profil\u00e9 - LDA Belgique","description":"L'actionneur lin\u00e9aire \u00e0 double rail profil\u00e9 TRS pr\u00e9sente une conception ferm\u00e9e, une longueur de course configurable et est con\u00e7u pour \u00eatre tr\u00e8s rigide, pr\u00e9cis et exact.","robots":{"index":"index","follow":"follow","max-snippet":"max-snippet:-1","max-image-preview":"max-image-preview:large","max-video-preview":"max-video-preview:-1"},"canonical":"https:\/\/lda.be\/fr\/produit\/trs-tables-xy-de-precision-a-double-rail-profile\/","og_locale":"fr_FR","og_type":"article","og_title":"TRS Tables XY de pr\u00e9cision \u00e0 double rail profil\u00e9 - LDA Belgique","og_description":"L'actionneur lin\u00e9aire \u00e0 double rail profil\u00e9 TRS pr\u00e9sente une conception ferm\u00e9e, une longueur de course configurable et est con\u00e7u pour \u00eatre tr\u00e8s rigide, pr\u00e9cis et exact.","og_url":"https:\/\/lda.be\/fr\/produit\/trs-tables-xy-de-precision-a-double-rail-profile\/","og_site_name":"LDA Belgique","article_modified_time":"2025-10-16T14:38:33+00:00","og_image":[{"width":1080,"height":1080,"url":"https:\/\/lda.be\/wp-content\/uploads\/2025\/10\/TRS.webp","type":"image\/webp"}],"twitter_card":"summary_large_image","twitter_misc":{"Dur\u00e9e de lecture estim\u00e9e":"1 minute"},"schema":{"@context":"https:\/\/schema.org","@graph":[{"@type":"WebPage","@id":"https:\/\/lda.be\/fr\/produit\/trs-tables-xy-de-precision-a-double-rail-profile\/","url":"https:\/\/lda.be\/fr\/produit\/trs-tables-xy-de-precision-a-double-rail-profile\/","name":"TRS Tables XY de pr\u00e9cision \u00e0 double rail profil\u00e9 - LDA Belgique","isPartOf":{"@id":"https:\/\/lda.be\/fr\/#website"},"primaryImageOfPage":{"@id":"https:\/\/lda.be\/fr\/produit\/trs-tables-xy-de-precision-a-double-rail-profile\/#primaryimage"},"image":{"@id":"https:\/\/lda.be\/fr\/produit\/trs-tables-xy-de-precision-a-double-rail-profile\/#primaryimage"},"thumbnailUrl":"https:\/\/lda.be\/wp-content\/uploads\/2025\/10\/TRS.webp","datePublished":"2025-10-16T14:31:20+00:00","dateModified":"2025-10-16T14:38:33+00:00","description":"L'actionneur lin\u00e9aire \u00e0 double rail profil\u00e9 TRS pr\u00e9sente une conception ferm\u00e9e, une longueur de course configurable et est con\u00e7u pour \u00eatre tr\u00e8s rigide, pr\u00e9cis et exact.","breadcrumb":{"@id":"https:\/\/lda.be\/fr\/produit\/trs-tables-xy-de-precision-a-double-rail-profile\/#breadcrumb"},"inLanguage":"fr-FR","potentialAction":[{"@type":"ReadAction","target":["https:\/\/lda.be\/fr\/produit\/trs-tables-xy-de-precision-a-double-rail-profile\/"]}]},{"@type":"ImageObject","inLanguage":"fr-FR","@id":"https:\/\/lda.be\/fr\/produit\/trs-tables-xy-de-precision-a-double-rail-profile\/#primaryimage","url":"https:\/\/lda.be\/wp-content\/uploads\/2025\/10\/TRS.webp","contentUrl":"https:\/\/lda.be\/wp-content\/uploads\/2025\/10\/TRS.webp","width":1080,"height":1080,"caption":"TRS twin profile"},{"@type":"BreadcrumbList","@id":"https:\/\/lda.be\/fr\/produit\/trs-tables-xy-de-precision-a-double-rail-profile\/#breadcrumb","itemListElement":[{"@type":"ListItem","position":1,"name":"Accueil","item":"https:\/\/lda.be\/fr\/"},{"@type":"ListItem","position":2,"name":"Produits","item":"https:\/\/lda.be\/fr\/produits\/"},{"@type":"ListItem","position":3,"name":"TRS Tables XY de pr\u00e9cision \u00e0 double rail profil\u00e9"}]},{"@type":"WebSite","@id":"https:\/\/lda.be\/fr\/#website","url":"https:\/\/lda.be\/fr\/","name":"LDA Belgium","description":"Solutions For Life","publisher":{"@id":"https:\/\/lda.be\/fr\/#organization"},"potentialAction":[{"@type":"SearchAction","target":{"@type":"EntryPoint","urlTemplate":"https:\/\/lda.be\/fr\/?s={search_term_string}"},"query-input":{"@type":"PropertyValueSpecification","valueRequired":true,"valueName":"search_term_string"}}],"inLanguage":"fr-FR"},{"@type":"Organization","@id":"https:\/\/lda.be\/fr\/#organization","name":"LDA Belgium","url":"https:\/\/lda.be\/fr\/","logo":{"@type":"ImageObject","inLanguage":"fr-FR","@id":"https:\/\/lda.be\/fr\/#\/schema\/logo\/image\/","url":"https:\/\/lda.be\/wp-content\/uploads\/2022\/07\/Logo-LDA.webp","contentUrl":"https:\/\/lda.be\/wp-content\/uploads\/2022\/07\/Logo-LDA.webp","width":311,"height":101,"caption":"LDA Belgium"},"image":{"@id":"https:\/\/lda.be\/fr\/#\/schema\/logo\/image\/"},"sameAs":["https:\/\/www.linkedin.com\/company\/lda-belgium-nv"]}]}},"_links":{"self":[{"href":"https:\/\/lda.be\/fr\/wp-json\/wp\/v2\/product\/12550","targetHints":{"allow":["GET"]}}],"collection":[{"href":"https:\/\/lda.be\/fr\/wp-json\/wp\/v2\/product"}],"about":[{"href":"https:\/\/lda.be\/fr\/wp-json\/wp\/v2\/types\/product"}],"replies":[{"embeddable":true,"href":"https:\/\/lda.be\/fr\/wp-json\/wp\/v2\/comments?post=12550"}],"wp:featuredmedia":[{"embeddable":true,"href":"https:\/\/lda.be\/fr\/wp-json\/wp\/v2\/media\/12548"}],"wp:attachment":[{"href":"https:\/\/lda.be\/fr\/wp-json\/wp\/v2\/media?parent=12550"}],"wp:term":[{"taxonomy":"product_brand","embeddable":true,"href":"https:\/\/lda.be\/fr\/wp-json\/wp\/v2\/product_brand?post=12550"},{"taxonomy":"product_cat","embeddable":true,"href":"https:\/\/lda.be\/fr\/wp-json\/wp\/v2\/product_cat?post=12550"},{"taxonomy":"product_tag","embeddable":true,"href":"https:\/\/lda.be\/fr\/wp-json\/wp\/v2\/product_tag?post=12550"}],"curies":[{"name":"wp","href":"https:\/\/api.w.org\/{rel}","templated":true}]}}