{"id":12717,"date":"2025-10-20T13:02:44","date_gmt":"2025-10-20T12:02:44","guid":{"rendered":"https:\/\/lda.be\/?post_type=product&#038;p=12717"},"modified":"2026-04-30T14:58:22","modified_gmt":"2026-04-30T13:58:22","slug":"bcs-serie-actionneur-lineaire-a-vis","status":"publish","type":"product","link":"https:\/\/lda.be\/fr\/produit\/bcs-serie-actionneur-lineaire-a-vis\/","title":{"rendered":"BCS s\u00e9rie actionneur \u00e0 vis pour axes lin\u00e9aires 5,8 &#8211; 11,7 kN"},"content":{"rendered":"<p>Le BCS est le premier actionneur \u00e0 vis pour axes lin\u00e9aires de Tolomatic. Bas\u00e9 sur la conception de la s\u00e9rie pneumatique BC2 qui conna\u00eet un grand succ\u00e8s, le BCS pr\u00e9sente une conception de support simple guid\u00e9e par des supports Delrin solides. Ces roulements offrent un soutien pour les charges moyennes et sont moins sensibles aux particules pr\u00e9sentes dans l&#8217;environnement que les syst\u00e8mes \u00e0 roulements \u00e0 billes expos\u00e9s.<\/p>\n<p>La s\u00e9rie est disponible en plusieurs versions en fonction de la charge et de la pr\u00e9cision requise : support standard, double support et support flottant. Chaque version est adapt\u00e9e \u00e0 diff\u00e9rentes capacit\u00e9s de charge, longueurs de course et exigences de pr\u00e9cision.<\/p>\n<p>Les actionneurs peuvent d\u00e9placer des charges allant jusqu&#8217;\u00e0 11,7 kN, \u00e0 des vitesses qui d\u00e9pendent de la vis et du pas choisis. L&#8217;entra\u00eenement se fait par des vis ACME ou \u00e0 billes, la construction en aluminium et en acier garantissant un actionneur l\u00e9ger mais rigide. L&#8217;entretien est facile et les composants sont prot\u00e9g\u00e9s contre la contamination par des racleurs et des joints.<\/p>\n","protected":false},"excerpt":{"rendered":"<p>Le BCS est le premier actionneur \u00e0 vis pour axes lin\u00e9aires de Tolomatic. Bas\u00e9 sur la conception de la s\u00e9rie pneumatique BC2 qui conna\u00eet un grand succ\u00e8s, le BCS pr\u00e9sente une conception de support simple guid\u00e9e par des supports Delrin solides. Ces roulements offrent un soutien pour les charges moyennes et sont moins sensibles aux [&hellip;]<\/p>\n","protected":false},"featured_media":12712,"comment_status":"closed","ping_status":"closed","template":"","meta":[],"product_brand":[1797],"product_cat":[872],"product_tag":[],"class_list":{"0":"post-12717","1":"product","2":"type-product","3":"status-publish","4":"has-post-thumbnail","6":"product_brand-tolomatic","7":"product_cat-actionneurs-a-vis-sans-tige","9":"first","10":"instock","11":"shipping-taxable","12":"product-type-simple"},"yoast_head":"<!-- This site is optimized with the Yoast SEO plugin v27.3 - https:\/\/yoast.com\/product\/yoast-seo-wordpress\/ -->\n<title>BCS s\u00e9rie actionneur \u00e0 vis pour axes lin\u00e9aires 5,8 - 11,7 kN - LDA Belgique<\/title>\n<meta name=\"description\" content=\"actionneur \u00e0 vis pour axes lin\u00e9aires BCS pour le mouvement lin\u00e9aire dans l&#039;automatisation et la construction m\u00e9canique. Disponibles en plusieurs versions\" \/>\n<meta name=\"robots\" content=\"index, follow, max-snippet:-1, max-image-preview:large, max-video-preview:-1\" \/>\n<link rel=\"canonical\" href=\"https:\/\/lda.be\/fr\/produit\/bcs-serie-actionneur-lineaire-a-vis\/\" \/>\n<meta property=\"og:locale\" content=\"fr_FR\" \/>\n<meta property=\"og:type\" content=\"article\" \/>\n<meta property=\"og:title\" content=\"BCS s\u00e9rie actionneur \u00e0 vis pour axes lin\u00e9aires 5,8 - 11,7 kN - LDA Belgique\" \/>\n<meta property=\"og:description\" content=\"actionneur \u00e0 vis pour axes lin\u00e9aires BCS pour le mouvement lin\u00e9aire dans l&#039;automatisation et la construction m\u00e9canique. Disponibles en plusieurs versions\" \/>\n<meta property=\"og:url\" content=\"https:\/\/lda.be\/fr\/produit\/bcs-serie-actionneur-lineaire-a-vis\/\" \/>\n<meta property=\"og:site_name\" content=\"LDA Belgique\" \/>\n<meta property=\"article:modified_time\" content=\"2026-04-30T13:58:22+00:00\" \/>\n<meta property=\"og:image\" content=\"https:\/\/lda.be\/wp-content\/uploads\/2025\/10\/BCS-linear-actuator.webp\" \/>\n\t<meta property=\"og:image:width\" content=\"1080\" \/>\n\t<meta property=\"og:image:height\" content=\"1080\" \/>\n\t<meta property=\"og:image:type\" content=\"image\/webp\" \/>\n<meta name=\"twitter:card\" content=\"summary_large_image\" \/>\n<meta name=\"twitter:label1\" content=\"Dur\u00e9e de lecture estim\u00e9e\" \/>\n\t<meta name=\"twitter:data1\" content=\"2 minutes\" \/>\n<script type=\"application\/ld+json\" class=\"yoast-schema-graph\">{\"@context\":\"https:\\\/\\\/schema.org\",\"@graph\":[{\"@type\":\"WebPage\",\"@id\":\"https:\\\/\\\/lda.be\\\/fr\\\/produit\\\/bcs-serie-actionneur-lineaire-a-vis\\\/\",\"url\":\"https:\\\/\\\/lda.be\\\/fr\\\/produit\\\/bcs-serie-actionneur-lineaire-a-vis\\\/\",\"name\":\"BCS s\u00e9rie actionneur \u00e0 vis pour axes lin\u00e9aires 5,8 - 11,7 kN - LDA Belgique\",\"isPartOf\":{\"@id\":\"https:\\\/\\\/lda.be\\\/fr\\\/#website\"},\"primaryImageOfPage\":{\"@id\":\"https:\\\/\\\/lda.be\\\/fr\\\/produit\\\/bcs-serie-actionneur-lineaire-a-vis\\\/#primaryimage\"},\"image\":{\"@id\":\"https:\\\/\\\/lda.be\\\/fr\\\/produit\\\/bcs-serie-actionneur-lineaire-a-vis\\\/#primaryimage\"},\"thumbnailUrl\":\"https:\\\/\\\/lda.be\\\/wp-content\\\/uploads\\\/2025\\\/10\\\/BCS-linear-actuator.webp\",\"datePublished\":\"2025-10-20T12:02:44+00:00\",\"dateModified\":\"2026-04-30T13:58:22+00:00\",\"description\":\"actionneur \u00e0 vis pour axes lin\u00e9aires BCS pour le mouvement lin\u00e9aire dans l'automatisation et la construction m\u00e9canique. Disponibles en plusieurs versions\",\"breadcrumb\":{\"@id\":\"https:\\\/\\\/lda.be\\\/fr\\\/produit\\\/bcs-serie-actionneur-lineaire-a-vis\\\/#breadcrumb\"},\"inLanguage\":\"fr-FR\",\"potentialAction\":[{\"@type\":\"ReadAction\",\"target\":[\"https:\\\/\\\/lda.be\\\/fr\\\/produit\\\/bcs-serie-actionneur-lineaire-a-vis\\\/\"]}]},{\"@type\":\"ImageObject\",\"inLanguage\":\"fr-FR\",\"@id\":\"https:\\\/\\\/lda.be\\\/fr\\\/produit\\\/bcs-serie-actionneur-lineaire-a-vis\\\/#primaryimage\",\"url\":\"https:\\\/\\\/lda.be\\\/wp-content\\\/uploads\\\/2025\\\/10\\\/BCS-linear-actuator.webp\",\"contentUrl\":\"https:\\\/\\\/lda.be\\\/wp-content\\\/uploads\\\/2025\\\/10\\\/BCS-linear-actuator.webp\",\"width\":1080,\"height\":1080,\"caption\":\"BCS linear actuator\"},{\"@type\":\"BreadcrumbList\",\"@id\":\"https:\\\/\\\/lda.be\\\/fr\\\/produit\\\/bcs-serie-actionneur-lineaire-a-vis\\\/#breadcrumb\",\"itemListElement\":[{\"@type\":\"ListItem\",\"position\":1,\"name\":\"Accueil\",\"item\":\"https:\\\/\\\/lda.be\\\/fr\\\/\"},{\"@type\":\"ListItem\",\"position\":2,\"name\":\"Produits\",\"item\":\"https:\\\/\\\/lda.be\\\/fr\\\/produits\\\/\"},{\"@type\":\"ListItem\",\"position\":3,\"name\":\"BCS s\u00e9rie actionneur \u00e0 vis pour axes lin\u00e9aires 5,8 &#8211; 11,7 kN\"}]},{\"@type\":\"WebSite\",\"@id\":\"https:\\\/\\\/lda.be\\\/fr\\\/#website\",\"url\":\"https:\\\/\\\/lda.be\\\/fr\\\/\",\"name\":\"LDA Belgium\",\"description\":\"Solutions For Life\",\"publisher\":{\"@id\":\"https:\\\/\\\/lda.be\\\/fr\\\/#organization\"},\"potentialAction\":[{\"@type\":\"SearchAction\",\"target\":{\"@type\":\"EntryPoint\",\"urlTemplate\":\"https:\\\/\\\/lda.be\\\/fr\\\/?s={search_term_string}\"},\"query-input\":{\"@type\":\"PropertyValueSpecification\",\"valueRequired\":true,\"valueName\":\"search_term_string\"}}],\"inLanguage\":\"fr-FR\"},{\"@type\":\"Organization\",\"@id\":\"https:\\\/\\\/lda.be\\\/fr\\\/#organization\",\"name\":\"LDA Belgium\",\"url\":\"https:\\\/\\\/lda.be\\\/fr\\\/\",\"logo\":{\"@type\":\"ImageObject\",\"inLanguage\":\"fr-FR\",\"@id\":\"https:\\\/\\\/lda.be\\\/fr\\\/#\\\/schema\\\/logo\\\/image\\\/\",\"url\":\"https:\\\/\\\/lda.be\\\/wp-content\\\/uploads\\\/2022\\\/07\\\/Logo-LDA.webp\",\"contentUrl\":\"https:\\\/\\\/lda.be\\\/wp-content\\\/uploads\\\/2022\\\/07\\\/Logo-LDA.webp\",\"width\":311,\"height\":101,\"caption\":\"LDA Belgium\"},\"image\":{\"@id\":\"https:\\\/\\\/lda.be\\\/fr\\\/#\\\/schema\\\/logo\\\/image\\\/\"},\"sameAs\":[\"https:\\\/\\\/www.linkedin.com\\\/company\\\/lda-belgium-nv\"]}]}<\/script>\n<!-- \/ Yoast SEO plugin. -->","yoast_head_json":{"title":"BCS s\u00e9rie actionneur \u00e0 vis pour axes lin\u00e9aires 5,8 - 11,7 kN - LDA Belgique","description":"actionneur \u00e0 vis pour axes lin\u00e9aires BCS pour le mouvement lin\u00e9aire dans l'automatisation et la construction m\u00e9canique. Disponibles en plusieurs versions","robots":{"index":"index","follow":"follow","max-snippet":"max-snippet:-1","max-image-preview":"max-image-preview:large","max-video-preview":"max-video-preview:-1"},"canonical":"https:\/\/lda.be\/fr\/produit\/bcs-serie-actionneur-lineaire-a-vis\/","og_locale":"fr_FR","og_type":"article","og_title":"BCS s\u00e9rie actionneur \u00e0 vis pour axes lin\u00e9aires 5,8 - 11,7 kN - LDA Belgique","og_description":"actionneur \u00e0 vis pour axes lin\u00e9aires BCS pour le mouvement lin\u00e9aire dans l'automatisation et la construction m\u00e9canique. Disponibles en plusieurs versions","og_url":"https:\/\/lda.be\/fr\/produit\/bcs-serie-actionneur-lineaire-a-vis\/","og_site_name":"LDA Belgique","article_modified_time":"2026-04-30T13:58:22+00:00","og_image":[{"width":1080,"height":1080,"url":"https:\/\/lda.be\/wp-content\/uploads\/2025\/10\/BCS-linear-actuator.webp","type":"image\/webp"}],"twitter_card":"summary_large_image","twitter_misc":{"Dur\u00e9e de lecture estim\u00e9e":"2 minutes"},"schema":{"@context":"https:\/\/schema.org","@graph":[{"@type":"WebPage","@id":"https:\/\/lda.be\/fr\/produit\/bcs-serie-actionneur-lineaire-a-vis\/","url":"https:\/\/lda.be\/fr\/produit\/bcs-serie-actionneur-lineaire-a-vis\/","name":"BCS s\u00e9rie actionneur \u00e0 vis pour axes lin\u00e9aires 5,8 - 11,7 kN - LDA Belgique","isPartOf":{"@id":"https:\/\/lda.be\/fr\/#website"},"primaryImageOfPage":{"@id":"https:\/\/lda.be\/fr\/produit\/bcs-serie-actionneur-lineaire-a-vis\/#primaryimage"},"image":{"@id":"https:\/\/lda.be\/fr\/produit\/bcs-serie-actionneur-lineaire-a-vis\/#primaryimage"},"thumbnailUrl":"https:\/\/lda.be\/wp-content\/uploads\/2025\/10\/BCS-linear-actuator.webp","datePublished":"2025-10-20T12:02:44+00:00","dateModified":"2026-04-30T13:58:22+00:00","description":"actionneur \u00e0 vis pour axes lin\u00e9aires BCS pour le mouvement lin\u00e9aire dans l'automatisation et la construction m\u00e9canique. Disponibles en plusieurs versions","breadcrumb":{"@id":"https:\/\/lda.be\/fr\/produit\/bcs-serie-actionneur-lineaire-a-vis\/#breadcrumb"},"inLanguage":"fr-FR","potentialAction":[{"@type":"ReadAction","target":["https:\/\/lda.be\/fr\/produit\/bcs-serie-actionneur-lineaire-a-vis\/"]}]},{"@type":"ImageObject","inLanguage":"fr-FR","@id":"https:\/\/lda.be\/fr\/produit\/bcs-serie-actionneur-lineaire-a-vis\/#primaryimage","url":"https:\/\/lda.be\/wp-content\/uploads\/2025\/10\/BCS-linear-actuator.webp","contentUrl":"https:\/\/lda.be\/wp-content\/uploads\/2025\/10\/BCS-linear-actuator.webp","width":1080,"height":1080,"caption":"BCS linear actuator"},{"@type":"BreadcrumbList","@id":"https:\/\/lda.be\/fr\/produit\/bcs-serie-actionneur-lineaire-a-vis\/#breadcrumb","itemListElement":[{"@type":"ListItem","position":1,"name":"Accueil","item":"https:\/\/lda.be\/fr\/"},{"@type":"ListItem","position":2,"name":"Produits","item":"https:\/\/lda.be\/fr\/produits\/"},{"@type":"ListItem","position":3,"name":"BCS s\u00e9rie actionneur \u00e0 vis pour axes lin\u00e9aires 5,8 &#8211; 11,7 kN"}]},{"@type":"WebSite","@id":"https:\/\/lda.be\/fr\/#website","url":"https:\/\/lda.be\/fr\/","name":"LDA Belgium","description":"Solutions For Life","publisher":{"@id":"https:\/\/lda.be\/fr\/#organization"},"potentialAction":[{"@type":"SearchAction","target":{"@type":"EntryPoint","urlTemplate":"https:\/\/lda.be\/fr\/?s={search_term_string}"},"query-input":{"@type":"PropertyValueSpecification","valueRequired":true,"valueName":"search_term_string"}}],"inLanguage":"fr-FR"},{"@type":"Organization","@id":"https:\/\/lda.be\/fr\/#organization","name":"LDA Belgium","url":"https:\/\/lda.be\/fr\/","logo":{"@type":"ImageObject","inLanguage":"fr-FR","@id":"https:\/\/lda.be\/fr\/#\/schema\/logo\/image\/","url":"https:\/\/lda.be\/wp-content\/uploads\/2022\/07\/Logo-LDA.webp","contentUrl":"https:\/\/lda.be\/wp-content\/uploads\/2022\/07\/Logo-LDA.webp","width":311,"height":101,"caption":"LDA Belgium"},"image":{"@id":"https:\/\/lda.be\/fr\/#\/schema\/logo\/image\/"},"sameAs":["https:\/\/www.linkedin.com\/company\/lda-belgium-nv"]}]}},"_links":{"self":[{"href":"https:\/\/lda.be\/fr\/wp-json\/wp\/v2\/product\/12717","targetHints":{"allow":["GET"]}}],"collection":[{"href":"https:\/\/lda.be\/fr\/wp-json\/wp\/v2\/product"}],"about":[{"href":"https:\/\/lda.be\/fr\/wp-json\/wp\/v2\/types\/product"}],"replies":[{"embeddable":true,"href":"https:\/\/lda.be\/fr\/wp-json\/wp\/v2\/comments?post=12717"}],"wp:featuredmedia":[{"embeddable":true,"href":"https:\/\/lda.be\/fr\/wp-json\/wp\/v2\/media\/12712"}],"wp:attachment":[{"href":"https:\/\/lda.be\/fr\/wp-json\/wp\/v2\/media?parent=12717"}],"wp:term":[{"taxonomy":"product_brand","embeddable":true,"href":"https:\/\/lda.be\/fr\/wp-json\/wp\/v2\/product_brand?post=12717"},{"taxonomy":"product_cat","embeddable":true,"href":"https:\/\/lda.be\/fr\/wp-json\/wp\/v2\/product_cat?post=12717"},{"taxonomy":"product_tag","embeddable":true,"href":"https:\/\/lda.be\/fr\/wp-json\/wp\/v2\/product_tag?post=12717"}],"curies":[{"name":"wp","href":"https:\/\/api.w.org\/{rel}","templated":true}]}}