{"id":12726,"date":"2025-10-20T13:53:23","date_gmt":"2025-10-20T12:53:23","guid":{"rendered":"https:\/\/lda.be\/?post_type=product&#038;p=12726"},"modified":"2025-10-21T11:04:21","modified_gmt":"2025-10-21T10:04:21","slug":"actionneur-electrique-hygienique-a-tige-rsh","status":"publish","type":"product","link":"https:\/\/lda.be\/fr\/produit\/actionneur-electrique-hygienique-a-tige-rsh\/","title":{"rendered":"Actionneur \u00e9lectrique hygi\u00e9nique \u00e0 tige RSH"},"content":{"rendered":"<p>L&#8217;actionneur \u00e9lectrique hygi\u00e9nique \u00e0 tige RSH de Tolomatic a \u00e9t\u00e9 d\u00e9velopp\u00e9 pour les applications dans les secteurs agroalimentaire, des boissons et pharmaceutique. L&#8217;actionneur est conforme aux normes d&#8217;hygi\u00e8ne telles que USDA, BISSC, EHEDG et NSF\/3-A. Avec son bo\u00eetier en acier inoxydable 316 et son indice de protection IP69K, le RSH est adapt\u00e9 au nettoyage \u00e0 haute pression et \u00e0 haute temp\u00e9rature. Disponible en trois tailles (22, 25 et 30) avec une force maximale de 35 kN et des courses allant jusqu&#8217;\u00e0 1 220 mm. Sa conception permet l&#8217;int\u00e9gration de divers moteurs.<\/p>\n","protected":false},"excerpt":{"rendered":"<p>L&#8217;actionneur \u00e9lectrique hygi\u00e9nique \u00e0 tige RSH de Tolomatic a \u00e9t\u00e9 d\u00e9velopp\u00e9 pour les applications dans les secteurs agroalimentaire, des boissons et pharmaceutique. L&#8217;actionneur est conforme aux normes d&#8217;hygi\u00e8ne telles que USDA, BISSC, EHEDG et NSF\/3-A. Avec son bo\u00eetier en acier inoxydable 316 et son indice de protection IP69K, le RSH est adapt\u00e9 au nettoyage \u00e0 [&hellip;]<\/p>\n","protected":false},"featured_media":12723,"comment_status":"closed","ping_status":"closed","template":"","meta":[],"product_brand":[1797],"product_cat":[874],"product_tag":[],"class_list":{"0":"post-12726","1":"product","2":"type-product","3":"status-publish","4":"has-post-thumbnail","6":"product_brand-tolomatic","7":"product_cat-actionneur-a-tige","9":"first","10":"instock","11":"shipping-taxable","12":"product-type-simple"},"yoast_head":"<!-- This site is optimized with the Yoast SEO plugin v27.3 - https:\/\/yoast.com\/product\/yoast-seo-wordpress\/ -->\n<title>Actionneur \u00e9lectrique hygi\u00e9nique \u00e0 tige RSH - LDA Belgique<\/title>\n<meta name=\"description\" content=\"Actionneur \u00e9lectrique hygi\u00e9nique \u00e0 tige RSH de Tolomatic : acier inoxydable 316, IP69K, durable et hygi\u00e9nique. Convient pour l&#039;alimentation, les boissons et la pharmacie. Flexible et facile d&#039;entretien.\" \/>\n<meta name=\"robots\" content=\"index, follow, max-snippet:-1, max-image-preview:large, max-video-preview:-1\" \/>\n<link rel=\"canonical\" href=\"https:\/\/lda.be\/fr\/produit\/actionneur-electrique-hygienique-a-tige-rsh\/\" \/>\n<meta property=\"og:locale\" content=\"fr_FR\" \/>\n<meta property=\"og:type\" content=\"article\" \/>\n<meta property=\"og:title\" content=\"Actionneur \u00e9lectrique hygi\u00e9nique \u00e0 tige RSH - LDA Belgique\" \/>\n<meta property=\"og:description\" content=\"Actionneur \u00e9lectrique hygi\u00e9nique \u00e0 tige RSH de Tolomatic : acier inoxydable 316, IP69K, durable et hygi\u00e9nique. Convient pour l&#039;alimentation, les boissons et la pharmacie. Flexible et facile d&#039;entretien.\" \/>\n<meta property=\"og:url\" content=\"https:\/\/lda.be\/fr\/produit\/actionneur-electrique-hygienique-a-tige-rsh\/\" \/>\n<meta property=\"og:site_name\" content=\"LDA Belgique\" \/>\n<meta property=\"article:modified_time\" content=\"2025-10-21T10:04:21+00:00\" \/>\n<meta property=\"og:image\" content=\"https:\/\/lda.be\/wp-content\/uploads\/2025\/10\/RSH-hygienic.webp\" \/>\n\t<meta property=\"og:image:width\" content=\"1080\" \/>\n\t<meta property=\"og:image:height\" content=\"1080\" \/>\n\t<meta property=\"og:image:type\" content=\"image\/webp\" \/>\n<meta name=\"twitter:card\" content=\"summary_large_image\" \/>\n<meta name=\"twitter:label1\" content=\"Dur\u00e9e de lecture estim\u00e9e\" \/>\n\t<meta name=\"twitter:data1\" content=\"1 minute\" \/>\n<script type=\"application\/ld+json\" class=\"yoast-schema-graph\">{\"@context\":\"https:\\\/\\\/schema.org\",\"@graph\":[{\"@type\":\"WebPage\",\"@id\":\"https:\\\/\\\/lda.be\\\/fr\\\/produit\\\/actionneur-electrique-hygienique-a-tige-rsh\\\/\",\"url\":\"https:\\\/\\\/lda.be\\\/fr\\\/produit\\\/actionneur-electrique-hygienique-a-tige-rsh\\\/\",\"name\":\"Actionneur \u00e9lectrique hygi\u00e9nique \u00e0 tige RSH - LDA Belgique\",\"isPartOf\":{\"@id\":\"https:\\\/\\\/lda.be\\\/fr\\\/#website\"},\"primaryImageOfPage\":{\"@id\":\"https:\\\/\\\/lda.be\\\/fr\\\/produit\\\/actionneur-electrique-hygienique-a-tige-rsh\\\/#primaryimage\"},\"image\":{\"@id\":\"https:\\\/\\\/lda.be\\\/fr\\\/produit\\\/actionneur-electrique-hygienique-a-tige-rsh\\\/#primaryimage\"},\"thumbnailUrl\":\"https:\\\/\\\/lda.be\\\/wp-content\\\/uploads\\\/2025\\\/10\\\/RSH-hygienic.webp\",\"datePublished\":\"2025-10-20T12:53:23+00:00\",\"dateModified\":\"2025-10-21T10:04:21+00:00\",\"description\":\"Actionneur \u00e9lectrique hygi\u00e9nique \u00e0 tige RSH de Tolomatic : acier inoxydable 316, IP69K, durable et hygi\u00e9nique. Convient pour l'alimentation, les boissons et la pharmacie. Flexible et facile d'entretien.\",\"breadcrumb\":{\"@id\":\"https:\\\/\\\/lda.be\\\/fr\\\/produit\\\/actionneur-electrique-hygienique-a-tige-rsh\\\/#breadcrumb\"},\"inLanguage\":\"fr-FR\",\"potentialAction\":[{\"@type\":\"ReadAction\",\"target\":[\"https:\\\/\\\/lda.be\\\/fr\\\/produit\\\/actionneur-electrique-hygienique-a-tige-rsh\\\/\"]}]},{\"@type\":\"ImageObject\",\"inLanguage\":\"fr-FR\",\"@id\":\"https:\\\/\\\/lda.be\\\/fr\\\/produit\\\/actionneur-electrique-hygienique-a-tige-rsh\\\/#primaryimage\",\"url\":\"https:\\\/\\\/lda.be\\\/wp-content\\\/uploads\\\/2025\\\/10\\\/RSH-hygienic.webp\",\"contentUrl\":\"https:\\\/\\\/lda.be\\\/wp-content\\\/uploads\\\/2025\\\/10\\\/RSH-hygienic.webp\",\"width\":1080,\"height\":1080,\"caption\":\"RSH Hygi\u00ebnische elektrische stangactuator\"},{\"@type\":\"BreadcrumbList\",\"@id\":\"https:\\\/\\\/lda.be\\\/fr\\\/produit\\\/actionneur-electrique-hygienique-a-tige-rsh\\\/#breadcrumb\",\"itemListElement\":[{\"@type\":\"ListItem\",\"position\":1,\"name\":\"Accueil\",\"item\":\"https:\\\/\\\/lda.be\\\/fr\\\/\"},{\"@type\":\"ListItem\",\"position\":2,\"name\":\"Produits\",\"item\":\"https:\\\/\\\/lda.be\\\/fr\\\/produits\\\/\"},{\"@type\":\"ListItem\",\"position\":3,\"name\":\"Actionneur \u00e9lectrique hygi\u00e9nique \u00e0 tige RSH\"}]},{\"@type\":\"WebSite\",\"@id\":\"https:\\\/\\\/lda.be\\\/fr\\\/#website\",\"url\":\"https:\\\/\\\/lda.be\\\/fr\\\/\",\"name\":\"LDA Belgium\",\"description\":\"Solutions For Life\",\"publisher\":{\"@id\":\"https:\\\/\\\/lda.be\\\/fr\\\/#organization\"},\"potentialAction\":[{\"@type\":\"SearchAction\",\"target\":{\"@type\":\"EntryPoint\",\"urlTemplate\":\"https:\\\/\\\/lda.be\\\/fr\\\/?s={search_term_string}\"},\"query-input\":{\"@type\":\"PropertyValueSpecification\",\"valueRequired\":true,\"valueName\":\"search_term_string\"}}],\"inLanguage\":\"fr-FR\"},{\"@type\":\"Organization\",\"@id\":\"https:\\\/\\\/lda.be\\\/fr\\\/#organization\",\"name\":\"LDA Belgium\",\"url\":\"https:\\\/\\\/lda.be\\\/fr\\\/\",\"logo\":{\"@type\":\"ImageObject\",\"inLanguage\":\"fr-FR\",\"@id\":\"https:\\\/\\\/lda.be\\\/fr\\\/#\\\/schema\\\/logo\\\/image\\\/\",\"url\":\"https:\\\/\\\/lda.be\\\/wp-content\\\/uploads\\\/2022\\\/07\\\/Logo-LDA.webp\",\"contentUrl\":\"https:\\\/\\\/lda.be\\\/wp-content\\\/uploads\\\/2022\\\/07\\\/Logo-LDA.webp\",\"width\":311,\"height\":101,\"caption\":\"LDA Belgium\"},\"image\":{\"@id\":\"https:\\\/\\\/lda.be\\\/fr\\\/#\\\/schema\\\/logo\\\/image\\\/\"},\"sameAs\":[\"https:\\\/\\\/www.linkedin.com\\\/company\\\/lda-belgium-nv\"]}]}<\/script>\n<!-- \/ Yoast SEO plugin. -->","yoast_head_json":{"title":"Actionneur \u00e9lectrique hygi\u00e9nique \u00e0 tige RSH - LDA Belgique","description":"Actionneur \u00e9lectrique hygi\u00e9nique \u00e0 tige RSH de Tolomatic : acier inoxydable 316, IP69K, durable et hygi\u00e9nique. Convient pour l'alimentation, les boissons et la pharmacie. Flexible et facile d'entretien.","robots":{"index":"index","follow":"follow","max-snippet":"max-snippet:-1","max-image-preview":"max-image-preview:large","max-video-preview":"max-video-preview:-1"},"canonical":"https:\/\/lda.be\/fr\/produit\/actionneur-electrique-hygienique-a-tige-rsh\/","og_locale":"fr_FR","og_type":"article","og_title":"Actionneur \u00e9lectrique hygi\u00e9nique \u00e0 tige RSH - LDA Belgique","og_description":"Actionneur \u00e9lectrique hygi\u00e9nique \u00e0 tige RSH de Tolomatic : acier inoxydable 316, IP69K, durable et hygi\u00e9nique. Convient pour l'alimentation, les boissons et la pharmacie. Flexible et facile d'entretien.","og_url":"https:\/\/lda.be\/fr\/produit\/actionneur-electrique-hygienique-a-tige-rsh\/","og_site_name":"LDA Belgique","article_modified_time":"2025-10-21T10:04:21+00:00","og_image":[{"width":1080,"height":1080,"url":"https:\/\/lda.be\/wp-content\/uploads\/2025\/10\/RSH-hygienic.webp","type":"image\/webp"}],"twitter_card":"summary_large_image","twitter_misc":{"Dur\u00e9e de lecture estim\u00e9e":"1 minute"},"schema":{"@context":"https:\/\/schema.org","@graph":[{"@type":"WebPage","@id":"https:\/\/lda.be\/fr\/produit\/actionneur-electrique-hygienique-a-tige-rsh\/","url":"https:\/\/lda.be\/fr\/produit\/actionneur-electrique-hygienique-a-tige-rsh\/","name":"Actionneur \u00e9lectrique hygi\u00e9nique \u00e0 tige RSH - LDA Belgique","isPartOf":{"@id":"https:\/\/lda.be\/fr\/#website"},"primaryImageOfPage":{"@id":"https:\/\/lda.be\/fr\/produit\/actionneur-electrique-hygienique-a-tige-rsh\/#primaryimage"},"image":{"@id":"https:\/\/lda.be\/fr\/produit\/actionneur-electrique-hygienique-a-tige-rsh\/#primaryimage"},"thumbnailUrl":"https:\/\/lda.be\/wp-content\/uploads\/2025\/10\/RSH-hygienic.webp","datePublished":"2025-10-20T12:53:23+00:00","dateModified":"2025-10-21T10:04:21+00:00","description":"Actionneur \u00e9lectrique hygi\u00e9nique \u00e0 tige RSH de Tolomatic : acier inoxydable 316, IP69K, durable et hygi\u00e9nique. Convient pour l'alimentation, les boissons et la pharmacie. Flexible et facile d'entretien.","breadcrumb":{"@id":"https:\/\/lda.be\/fr\/produit\/actionneur-electrique-hygienique-a-tige-rsh\/#breadcrumb"},"inLanguage":"fr-FR","potentialAction":[{"@type":"ReadAction","target":["https:\/\/lda.be\/fr\/produit\/actionneur-electrique-hygienique-a-tige-rsh\/"]}]},{"@type":"ImageObject","inLanguage":"fr-FR","@id":"https:\/\/lda.be\/fr\/produit\/actionneur-electrique-hygienique-a-tige-rsh\/#primaryimage","url":"https:\/\/lda.be\/wp-content\/uploads\/2025\/10\/RSH-hygienic.webp","contentUrl":"https:\/\/lda.be\/wp-content\/uploads\/2025\/10\/RSH-hygienic.webp","width":1080,"height":1080,"caption":"RSH Hygi\u00ebnische elektrische stangactuator"},{"@type":"BreadcrumbList","@id":"https:\/\/lda.be\/fr\/produit\/actionneur-electrique-hygienique-a-tige-rsh\/#breadcrumb","itemListElement":[{"@type":"ListItem","position":1,"name":"Accueil","item":"https:\/\/lda.be\/fr\/"},{"@type":"ListItem","position":2,"name":"Produits","item":"https:\/\/lda.be\/fr\/produits\/"},{"@type":"ListItem","position":3,"name":"Actionneur \u00e9lectrique hygi\u00e9nique \u00e0 tige RSH"}]},{"@type":"WebSite","@id":"https:\/\/lda.be\/fr\/#website","url":"https:\/\/lda.be\/fr\/","name":"LDA Belgium","description":"Solutions For Life","publisher":{"@id":"https:\/\/lda.be\/fr\/#organization"},"potentialAction":[{"@type":"SearchAction","target":{"@type":"EntryPoint","urlTemplate":"https:\/\/lda.be\/fr\/?s={search_term_string}"},"query-input":{"@type":"PropertyValueSpecification","valueRequired":true,"valueName":"search_term_string"}}],"inLanguage":"fr-FR"},{"@type":"Organization","@id":"https:\/\/lda.be\/fr\/#organization","name":"LDA Belgium","url":"https:\/\/lda.be\/fr\/","logo":{"@type":"ImageObject","inLanguage":"fr-FR","@id":"https:\/\/lda.be\/fr\/#\/schema\/logo\/image\/","url":"https:\/\/lda.be\/wp-content\/uploads\/2022\/07\/Logo-LDA.webp","contentUrl":"https:\/\/lda.be\/wp-content\/uploads\/2022\/07\/Logo-LDA.webp","width":311,"height":101,"caption":"LDA Belgium"},"image":{"@id":"https:\/\/lda.be\/fr\/#\/schema\/logo\/image\/"},"sameAs":["https:\/\/www.linkedin.com\/company\/lda-belgium-nv"]}]}},"_links":{"self":[{"href":"https:\/\/lda.be\/fr\/wp-json\/wp\/v2\/product\/12726","targetHints":{"allow":["GET"]}}],"collection":[{"href":"https:\/\/lda.be\/fr\/wp-json\/wp\/v2\/product"}],"about":[{"href":"https:\/\/lda.be\/fr\/wp-json\/wp\/v2\/types\/product"}],"replies":[{"embeddable":true,"href":"https:\/\/lda.be\/fr\/wp-json\/wp\/v2\/comments?post=12726"}],"wp:featuredmedia":[{"embeddable":true,"href":"https:\/\/lda.be\/fr\/wp-json\/wp\/v2\/media\/12723"}],"wp:attachment":[{"href":"https:\/\/lda.be\/fr\/wp-json\/wp\/v2\/media?parent=12726"}],"wp:term":[{"taxonomy":"product_brand","embeddable":true,"href":"https:\/\/lda.be\/fr\/wp-json\/wp\/v2\/product_brand?post=12726"},{"taxonomy":"product_cat","embeddable":true,"href":"https:\/\/lda.be\/fr\/wp-json\/wp\/v2\/product_cat?post=12726"},{"taxonomy":"product_tag","embeddable":true,"href":"https:\/\/lda.be\/fr\/wp-json\/wp\/v2\/product_tag?post=12726"}],"curies":[{"name":"wp","href":"https:\/\/api.w.org\/{rel}","templated":true}]}}