{"id":12735,"date":"2025-10-20T14:39:29","date_gmt":"2025-10-20T13:39:29","guid":{"rendered":"https:\/\/lda.be\/?post_type=product&#038;p=12735"},"modified":"2025-10-21T10:48:44","modified_gmt":"2025-10-21T09:48:44","slug":"rsa-serie-actionneurs-lineaires-electriques","status":"publish","type":"product","link":"https:\/\/lda.be\/fr\/produit\/rsa-serie-actionneurs-lineaires-electriques\/","title":{"rendered":"RSA s\u00e9rie actionneurs lin\u00e9aires \u00e9lectriques"},"content":{"rendered":"<p>L&#8217;actionneur \u00e9lectrique \u00e0 tige RSA de Tolomatic est une solution lin\u00e9aire polyvalente pour les applications \u00e0 pouss\u00e9e moyenne \u00e0 \u00e9lev\u00e9e. Cet actionneur remplace souvent les syst\u00e8mes pneumatiques ou hydrauliques et offre une conception compacte avec une course pouvant atteindre 1 524 mm et une force maximale de 294 kN. Disponible en six tailles (12, 16, 24, 32, 50 et 64) et avec diverses technologies de vis telles que les \u00e9crous \u00e0 billes, les \u00e9crous \u00e0 rouleaux et les \u00e9crous pleins. La conception modulaire prend en charge diff\u00e9rentes options de montage et l&#8217;int\u00e9gration du moteur via le programme \u00ab Your Motor Here \u00bb.<\/p>\n","protected":false},"excerpt":{"rendered":"<p>L&#8217;actionneur \u00e9lectrique \u00e0 tige RSA de Tolomatic est une solution lin\u00e9aire polyvalente pour les applications \u00e0 pouss\u00e9e moyenne \u00e0 \u00e9lev\u00e9e. Cet actionneur remplace souvent les syst\u00e8mes pneumatiques ou hydrauliques et offre une conception compacte avec une course pouvant atteindre 1 524 mm et une force maximale de 294 kN. Disponible en six tailles (12, 16, [&hellip;]<\/p>\n","protected":false},"featured_media":12733,"comment_status":"closed","ping_status":"closed","template":"","meta":[],"product_brand":[1797],"product_cat":[874],"product_tag":[],"class_list":{"0":"post-12735","1":"product","2":"type-product","3":"status-publish","4":"has-post-thumbnail","6":"product_brand-tolomatic","7":"product_cat-actionneur-a-tige","9":"first","10":"instock","11":"shipping-taxable","12":"product-type-simple"},"yoast_head":"<!-- This site is optimized with the Yoast SEO plugin v27.3 - https:\/\/yoast.com\/product\/yoast-seo-wordpress\/ -->\n<title>RSA s\u00e9rie actionneurs lin\u00e9aires \u00e9lectriques - LDA Belgique<\/title>\n<meta name=\"description\" content=\"Actionneur \u00e9lectrique \u00e0 tige RSA de Tolomatic : puissant, durable et flexible. Convient aux applications \u00e0 pouss\u00e9e moyenne \u00e0 \u00e9lev\u00e9e. Conception modulaire et int\u00e9gration facile du moteur.\" \/>\n<meta name=\"robots\" content=\"index, follow, max-snippet:-1, max-image-preview:large, max-video-preview:-1\" \/>\n<link rel=\"canonical\" href=\"https:\/\/lda.be\/fr\/produit\/rsa-serie-actionneurs-lineaires-electriques\/\" \/>\n<meta property=\"og:locale\" content=\"fr_FR\" \/>\n<meta property=\"og:type\" content=\"article\" \/>\n<meta property=\"og:title\" content=\"RSA s\u00e9rie actionneurs lin\u00e9aires \u00e9lectriques - LDA Belgique\" \/>\n<meta property=\"og:description\" content=\"Actionneur \u00e9lectrique \u00e0 tige RSA de Tolomatic : puissant, durable et flexible. Convient aux applications \u00e0 pouss\u00e9e moyenne \u00e0 \u00e9lev\u00e9e. Conception modulaire et int\u00e9gration facile du moteur.\" \/>\n<meta property=\"og:url\" content=\"https:\/\/lda.be\/fr\/produit\/rsa-serie-actionneurs-lineaires-electriques\/\" \/>\n<meta property=\"og:site_name\" content=\"LDA Belgique\" \/>\n<meta property=\"article:modified_time\" content=\"2025-10-21T09:48:44+00:00\" \/>\n<meta property=\"og:image\" content=\"https:\/\/lda.be\/wp-content\/uploads\/2025\/10\/RSA.webp\" \/>\n\t<meta property=\"og:image:width\" content=\"1080\" \/>\n\t<meta property=\"og:image:height\" content=\"1080\" \/>\n\t<meta property=\"og:image:type\" content=\"image\/webp\" \/>\n<meta name=\"twitter:card\" content=\"summary_large_image\" \/>\n<meta name=\"twitter:label1\" content=\"Dur\u00e9e de lecture estim\u00e9e\" \/>\n\t<meta name=\"twitter:data1\" content=\"1 minute\" \/>\n<script type=\"application\/ld+json\" class=\"yoast-schema-graph\">{\"@context\":\"https:\\\/\\\/schema.org\",\"@graph\":[{\"@type\":\"WebPage\",\"@id\":\"https:\\\/\\\/lda.be\\\/fr\\\/produit\\\/rsa-serie-actionneurs-lineaires-electriques\\\/\",\"url\":\"https:\\\/\\\/lda.be\\\/fr\\\/produit\\\/rsa-serie-actionneurs-lineaires-electriques\\\/\",\"name\":\"RSA s\u00e9rie actionneurs lin\u00e9aires \u00e9lectriques - LDA Belgique\",\"isPartOf\":{\"@id\":\"https:\\\/\\\/lda.be\\\/fr\\\/#website\"},\"primaryImageOfPage\":{\"@id\":\"https:\\\/\\\/lda.be\\\/fr\\\/produit\\\/rsa-serie-actionneurs-lineaires-electriques\\\/#primaryimage\"},\"image\":{\"@id\":\"https:\\\/\\\/lda.be\\\/fr\\\/produit\\\/rsa-serie-actionneurs-lineaires-electriques\\\/#primaryimage\"},\"thumbnailUrl\":\"https:\\\/\\\/lda.be\\\/wp-content\\\/uploads\\\/2025\\\/10\\\/RSA.webp\",\"datePublished\":\"2025-10-20T13:39:29+00:00\",\"dateModified\":\"2025-10-21T09:48:44+00:00\",\"description\":\"Actionneur \u00e9lectrique \u00e0 tige RSA de Tolomatic : puissant, durable et flexible. Convient aux applications \u00e0 pouss\u00e9e moyenne \u00e0 \u00e9lev\u00e9e. Conception modulaire et int\u00e9gration facile du moteur.\",\"breadcrumb\":{\"@id\":\"https:\\\/\\\/lda.be\\\/fr\\\/produit\\\/rsa-serie-actionneurs-lineaires-electriques\\\/#breadcrumb\"},\"inLanguage\":\"fr-FR\",\"potentialAction\":[{\"@type\":\"ReadAction\",\"target\":[\"https:\\\/\\\/lda.be\\\/fr\\\/produit\\\/rsa-serie-actionneurs-lineaires-electriques\\\/\"]}]},{\"@type\":\"ImageObject\",\"inLanguage\":\"fr-FR\",\"@id\":\"https:\\\/\\\/lda.be\\\/fr\\\/produit\\\/rsa-serie-actionneurs-lineaires-electriques\\\/#primaryimage\",\"url\":\"https:\\\/\\\/lda.be\\\/wp-content\\\/uploads\\\/2025\\\/10\\\/RSA.webp\",\"contentUrl\":\"https:\\\/\\\/lda.be\\\/wp-content\\\/uploads\\\/2025\\\/10\\\/RSA.webp\",\"width\":1080,\"height\":1080,\"caption\":\"RSA elektrische lineaire actuatoren\"},{\"@type\":\"BreadcrumbList\",\"@id\":\"https:\\\/\\\/lda.be\\\/fr\\\/produit\\\/rsa-serie-actionneurs-lineaires-electriques\\\/#breadcrumb\",\"itemListElement\":[{\"@type\":\"ListItem\",\"position\":1,\"name\":\"Accueil\",\"item\":\"https:\\\/\\\/lda.be\\\/fr\\\/\"},{\"@type\":\"ListItem\",\"position\":2,\"name\":\"Produits\",\"item\":\"https:\\\/\\\/lda.be\\\/fr\\\/produits\\\/\"},{\"@type\":\"ListItem\",\"position\":3,\"name\":\"RSA s\u00e9rie actionneurs lin\u00e9aires \u00e9lectriques\"}]},{\"@type\":\"WebSite\",\"@id\":\"https:\\\/\\\/lda.be\\\/fr\\\/#website\",\"url\":\"https:\\\/\\\/lda.be\\\/fr\\\/\",\"name\":\"LDA Belgium\",\"description\":\"Solutions For Life\",\"publisher\":{\"@id\":\"https:\\\/\\\/lda.be\\\/fr\\\/#organization\"},\"potentialAction\":[{\"@type\":\"SearchAction\",\"target\":{\"@type\":\"EntryPoint\",\"urlTemplate\":\"https:\\\/\\\/lda.be\\\/fr\\\/?s={search_term_string}\"},\"query-input\":{\"@type\":\"PropertyValueSpecification\",\"valueRequired\":true,\"valueName\":\"search_term_string\"}}],\"inLanguage\":\"fr-FR\"},{\"@type\":\"Organization\",\"@id\":\"https:\\\/\\\/lda.be\\\/fr\\\/#organization\",\"name\":\"LDA Belgium\",\"url\":\"https:\\\/\\\/lda.be\\\/fr\\\/\",\"logo\":{\"@type\":\"ImageObject\",\"inLanguage\":\"fr-FR\",\"@id\":\"https:\\\/\\\/lda.be\\\/fr\\\/#\\\/schema\\\/logo\\\/image\\\/\",\"url\":\"https:\\\/\\\/lda.be\\\/wp-content\\\/uploads\\\/2022\\\/07\\\/Logo-LDA.webp\",\"contentUrl\":\"https:\\\/\\\/lda.be\\\/wp-content\\\/uploads\\\/2022\\\/07\\\/Logo-LDA.webp\",\"width\":311,\"height\":101,\"caption\":\"LDA Belgium\"},\"image\":{\"@id\":\"https:\\\/\\\/lda.be\\\/fr\\\/#\\\/schema\\\/logo\\\/image\\\/\"},\"sameAs\":[\"https:\\\/\\\/www.linkedin.com\\\/company\\\/lda-belgium-nv\"]}]}<\/script>\n<!-- \/ Yoast SEO plugin. -->","yoast_head_json":{"title":"RSA s\u00e9rie actionneurs lin\u00e9aires \u00e9lectriques - LDA Belgique","description":"Actionneur \u00e9lectrique \u00e0 tige RSA de Tolomatic : puissant, durable et flexible. Convient aux applications \u00e0 pouss\u00e9e moyenne \u00e0 \u00e9lev\u00e9e. Conception modulaire et int\u00e9gration facile du moteur.","robots":{"index":"index","follow":"follow","max-snippet":"max-snippet:-1","max-image-preview":"max-image-preview:large","max-video-preview":"max-video-preview:-1"},"canonical":"https:\/\/lda.be\/fr\/produit\/rsa-serie-actionneurs-lineaires-electriques\/","og_locale":"fr_FR","og_type":"article","og_title":"RSA s\u00e9rie actionneurs lin\u00e9aires \u00e9lectriques - LDA Belgique","og_description":"Actionneur \u00e9lectrique \u00e0 tige RSA de Tolomatic : puissant, durable et flexible. Convient aux applications \u00e0 pouss\u00e9e moyenne \u00e0 \u00e9lev\u00e9e. Conception modulaire et int\u00e9gration facile du moteur.","og_url":"https:\/\/lda.be\/fr\/produit\/rsa-serie-actionneurs-lineaires-electriques\/","og_site_name":"LDA Belgique","article_modified_time":"2025-10-21T09:48:44+00:00","og_image":[{"width":1080,"height":1080,"url":"https:\/\/lda.be\/wp-content\/uploads\/2025\/10\/RSA.webp","type":"image\/webp"}],"twitter_card":"summary_large_image","twitter_misc":{"Dur\u00e9e de lecture estim\u00e9e":"1 minute"},"schema":{"@context":"https:\/\/schema.org","@graph":[{"@type":"WebPage","@id":"https:\/\/lda.be\/fr\/produit\/rsa-serie-actionneurs-lineaires-electriques\/","url":"https:\/\/lda.be\/fr\/produit\/rsa-serie-actionneurs-lineaires-electriques\/","name":"RSA s\u00e9rie actionneurs lin\u00e9aires \u00e9lectriques - LDA Belgique","isPartOf":{"@id":"https:\/\/lda.be\/fr\/#website"},"primaryImageOfPage":{"@id":"https:\/\/lda.be\/fr\/produit\/rsa-serie-actionneurs-lineaires-electriques\/#primaryimage"},"image":{"@id":"https:\/\/lda.be\/fr\/produit\/rsa-serie-actionneurs-lineaires-electriques\/#primaryimage"},"thumbnailUrl":"https:\/\/lda.be\/wp-content\/uploads\/2025\/10\/RSA.webp","datePublished":"2025-10-20T13:39:29+00:00","dateModified":"2025-10-21T09:48:44+00:00","description":"Actionneur \u00e9lectrique \u00e0 tige RSA de Tolomatic : puissant, durable et flexible. Convient aux applications \u00e0 pouss\u00e9e moyenne \u00e0 \u00e9lev\u00e9e. Conception modulaire et int\u00e9gration facile du moteur.","breadcrumb":{"@id":"https:\/\/lda.be\/fr\/produit\/rsa-serie-actionneurs-lineaires-electriques\/#breadcrumb"},"inLanguage":"fr-FR","potentialAction":[{"@type":"ReadAction","target":["https:\/\/lda.be\/fr\/produit\/rsa-serie-actionneurs-lineaires-electriques\/"]}]},{"@type":"ImageObject","inLanguage":"fr-FR","@id":"https:\/\/lda.be\/fr\/produit\/rsa-serie-actionneurs-lineaires-electriques\/#primaryimage","url":"https:\/\/lda.be\/wp-content\/uploads\/2025\/10\/RSA.webp","contentUrl":"https:\/\/lda.be\/wp-content\/uploads\/2025\/10\/RSA.webp","width":1080,"height":1080,"caption":"RSA elektrische lineaire actuatoren"},{"@type":"BreadcrumbList","@id":"https:\/\/lda.be\/fr\/produit\/rsa-serie-actionneurs-lineaires-electriques\/#breadcrumb","itemListElement":[{"@type":"ListItem","position":1,"name":"Accueil","item":"https:\/\/lda.be\/fr\/"},{"@type":"ListItem","position":2,"name":"Produits","item":"https:\/\/lda.be\/fr\/produits\/"},{"@type":"ListItem","position":3,"name":"RSA s\u00e9rie actionneurs lin\u00e9aires \u00e9lectriques"}]},{"@type":"WebSite","@id":"https:\/\/lda.be\/fr\/#website","url":"https:\/\/lda.be\/fr\/","name":"LDA Belgium","description":"Solutions For Life","publisher":{"@id":"https:\/\/lda.be\/fr\/#organization"},"potentialAction":[{"@type":"SearchAction","target":{"@type":"EntryPoint","urlTemplate":"https:\/\/lda.be\/fr\/?s={search_term_string}"},"query-input":{"@type":"PropertyValueSpecification","valueRequired":true,"valueName":"search_term_string"}}],"inLanguage":"fr-FR"},{"@type":"Organization","@id":"https:\/\/lda.be\/fr\/#organization","name":"LDA Belgium","url":"https:\/\/lda.be\/fr\/","logo":{"@type":"ImageObject","inLanguage":"fr-FR","@id":"https:\/\/lda.be\/fr\/#\/schema\/logo\/image\/","url":"https:\/\/lda.be\/wp-content\/uploads\/2022\/07\/Logo-LDA.webp","contentUrl":"https:\/\/lda.be\/wp-content\/uploads\/2022\/07\/Logo-LDA.webp","width":311,"height":101,"caption":"LDA Belgium"},"image":{"@id":"https:\/\/lda.be\/fr\/#\/schema\/logo\/image\/"},"sameAs":["https:\/\/www.linkedin.com\/company\/lda-belgium-nv"]}]}},"_links":{"self":[{"href":"https:\/\/lda.be\/fr\/wp-json\/wp\/v2\/product\/12735","targetHints":{"allow":["GET"]}}],"collection":[{"href":"https:\/\/lda.be\/fr\/wp-json\/wp\/v2\/product"}],"about":[{"href":"https:\/\/lda.be\/fr\/wp-json\/wp\/v2\/types\/product"}],"replies":[{"embeddable":true,"href":"https:\/\/lda.be\/fr\/wp-json\/wp\/v2\/comments?post=12735"}],"wp:featuredmedia":[{"embeddable":true,"href":"https:\/\/lda.be\/fr\/wp-json\/wp\/v2\/media\/12733"}],"wp:attachment":[{"href":"https:\/\/lda.be\/fr\/wp-json\/wp\/v2\/media?parent=12735"}],"wp:term":[{"taxonomy":"product_brand","embeddable":true,"href":"https:\/\/lda.be\/fr\/wp-json\/wp\/v2\/product_brand?post=12735"},{"taxonomy":"product_cat","embeddable":true,"href":"https:\/\/lda.be\/fr\/wp-json\/wp\/v2\/product_cat?post=12735"},{"taxonomy":"product_tag","embeddable":true,"href":"https:\/\/lda.be\/fr\/wp-json\/wp\/v2\/product_tag?post=12735"}],"curies":[{"name":"wp","href":"https:\/\/api.w.org\/{rel}","templated":true}]}}