{"id":12745,"date":"2025-10-20T15:16:44","date_gmt":"2025-10-20T14:16:44","guid":{"rendered":"https:\/\/lda.be\/?post_type=product&#038;p=12745"},"modified":"2025-10-21T10:34:00","modified_gmt":"2025-10-21T09:34:00","slug":"ima-serie-servomoteurs-lineaires","status":"publish","type":"product","link":"https:\/\/lda.be\/fr\/produit\/ima-serie-servomoteurs-lineaires\/","title":{"rendered":"IMA s\u00e9rie Servomoteurs lin\u00e9aires"},"content":{"rendered":"<p>L&#8217;actionneur \u00e0 tige int\u00e9gr\u00e9e IMA de Tolomatic combine un servomoteur avec un entra\u00eenement \u00e0 vis \u00e0 billes ou \u00e0 rouleaux dans un design compact et l\u00e9ger. Cet actionneur offre une puissance efficace dans une large gamme d&#8217;applications telles que le pressage, le positionnement, les \u00e9quipements m\u00e9dicaux et l&#8217;automatisation. Avec une course pouvant atteindre 457 mm et une force maximale de 16 kN, l&#8217;IMA convient aussi bien aux applications horizontales que verticales. Son syst\u00e8me de lubrification brevet\u00e9 garantit une longue dur\u00e9e de vie sans d\u00e9montage. L&#8217;IMA est disponible en quatre tailles (IMA22, IMA33, IMA44, IMA55) et prend en charge diverses options de r\u00e9troaction et de bobinage du moteur.<\/p>\n","protected":false},"excerpt":{"rendered":"<p>L&#8217;actionneur \u00e0 tige int\u00e9gr\u00e9e IMA de Tolomatic combine un servomoteur avec un entra\u00eenement \u00e0 vis \u00e0 billes ou \u00e0 rouleaux dans un design compact et l\u00e9ger. Cet actionneur offre une puissance efficace dans une large gamme d&#8217;applications telles que le pressage, le positionnement, les \u00e9quipements m\u00e9dicaux et l&#8217;automatisation. Avec une course pouvant atteindre 457 mm [&hellip;]<\/p>\n","protected":false},"featured_media":12736,"comment_status":"closed","ping_status":"closed","template":"","meta":[],"product_brand":[1797],"product_cat":[874],"product_tag":[],"class_list":{"0":"post-12745","1":"product","2":"type-product","3":"status-publish","4":"has-post-thumbnail","6":"product_brand-tolomatic","7":"product_cat-actionneur-a-tige","9":"first","10":"instock","11":"shipping-taxable","12":"product-type-simple"},"yoast_head":"<!-- This site is optimized with the Yoast SEO plugin v27.3 - https:\/\/yoast.com\/product\/yoast-seo-wordpress\/ -->\n<title>IMA s\u00e9rie Servomoteurs lin\u00e9aires - LDA Belgique<\/title>\n<meta name=\"description\" content=\"Servomoteurs int\u00e9gr\u00e9s IMA de Tolomatic : compacts, puissants et pr\u00e9cis. Adapt\u00e9s \u00e0 diverses applications. Conception modulaire et int\u00e9gration facile.\" \/>\n<meta name=\"robots\" content=\"index, follow, max-snippet:-1, max-image-preview:large, max-video-preview:-1\" \/>\n<link rel=\"canonical\" href=\"https:\/\/lda.be\/fr\/produit\/ima-serie-servomoteurs-lineaires\/\" \/>\n<meta property=\"og:locale\" content=\"fr_FR\" \/>\n<meta property=\"og:type\" content=\"article\" \/>\n<meta property=\"og:title\" content=\"IMA s\u00e9rie Servomoteurs lin\u00e9aires - LDA Belgique\" \/>\n<meta property=\"og:description\" content=\"Servomoteurs int\u00e9gr\u00e9s IMA de Tolomatic : compacts, puissants et pr\u00e9cis. Adapt\u00e9s \u00e0 diverses applications. Conception modulaire et int\u00e9gration facile.\" \/>\n<meta property=\"og:url\" content=\"https:\/\/lda.be\/fr\/produit\/ima-serie-servomoteurs-lineaires\/\" \/>\n<meta property=\"og:site_name\" content=\"LDA Belgique\" \/>\n<meta property=\"article:modified_time\" content=\"2025-10-21T09:34:00+00:00\" \/>\n<meta property=\"og:image\" content=\"https:\/\/lda.be\/wp-content\/uploads\/2025\/10\/IMA-servo-actuator.webp\" \/>\n\t<meta property=\"og:image:width\" content=\"1080\" \/>\n\t<meta property=\"og:image:height\" content=\"1080\" \/>\n\t<meta property=\"og:image:type\" content=\"image\/webp\" \/>\n<meta name=\"twitter:card\" content=\"summary_large_image\" \/>\n<meta name=\"twitter:label1\" content=\"Dur\u00e9e de lecture estim\u00e9e\" \/>\n\t<meta name=\"twitter:data1\" content=\"1 minute\" \/>\n<script type=\"application\/ld+json\" class=\"yoast-schema-graph\">{\"@context\":\"https:\\\/\\\/schema.org\",\"@graph\":[{\"@type\":\"WebPage\",\"@id\":\"https:\\\/\\\/lda.be\\\/fr\\\/produit\\\/ima-serie-servomoteurs-lineaires\\\/\",\"url\":\"https:\\\/\\\/lda.be\\\/fr\\\/produit\\\/ima-serie-servomoteurs-lineaires\\\/\",\"name\":\"IMA s\u00e9rie Servomoteurs lin\u00e9aires - LDA Belgique\",\"isPartOf\":{\"@id\":\"https:\\\/\\\/lda.be\\\/fr\\\/#website\"},\"primaryImageOfPage\":{\"@id\":\"https:\\\/\\\/lda.be\\\/fr\\\/produit\\\/ima-serie-servomoteurs-lineaires\\\/#primaryimage\"},\"image\":{\"@id\":\"https:\\\/\\\/lda.be\\\/fr\\\/produit\\\/ima-serie-servomoteurs-lineaires\\\/#primaryimage\"},\"thumbnailUrl\":\"https:\\\/\\\/lda.be\\\/wp-content\\\/uploads\\\/2025\\\/10\\\/IMA-servo-actuator.webp\",\"datePublished\":\"2025-10-20T14:16:44+00:00\",\"dateModified\":\"2025-10-21T09:34:00+00:00\",\"description\":\"Servomoteurs int\u00e9gr\u00e9s IMA de Tolomatic : compacts, puissants et pr\u00e9cis. Adapt\u00e9s \u00e0 diverses applications. Conception modulaire et int\u00e9gration facile.\",\"breadcrumb\":{\"@id\":\"https:\\\/\\\/lda.be\\\/fr\\\/produit\\\/ima-serie-servomoteurs-lineaires\\\/#breadcrumb\"},\"inLanguage\":\"fr-FR\",\"potentialAction\":[{\"@type\":\"ReadAction\",\"target\":[\"https:\\\/\\\/lda.be\\\/fr\\\/produit\\\/ima-serie-servomoteurs-lineaires\\\/\"]}]},{\"@type\":\"ImageObject\",\"inLanguage\":\"fr-FR\",\"@id\":\"https:\\\/\\\/lda.be\\\/fr\\\/produit\\\/ima-serie-servomoteurs-lineaires\\\/#primaryimage\",\"url\":\"https:\\\/\\\/lda.be\\\/wp-content\\\/uploads\\\/2025\\\/10\\\/IMA-servo-actuator.webp\",\"contentUrl\":\"https:\\\/\\\/lda.be\\\/wp-content\\\/uploads\\\/2025\\\/10\\\/IMA-servo-actuator.webp\",\"width\":1080,\"height\":1080},{\"@type\":\"BreadcrumbList\",\"@id\":\"https:\\\/\\\/lda.be\\\/fr\\\/produit\\\/ima-serie-servomoteurs-lineaires\\\/#breadcrumb\",\"itemListElement\":[{\"@type\":\"ListItem\",\"position\":1,\"name\":\"Accueil\",\"item\":\"https:\\\/\\\/lda.be\\\/fr\\\/\"},{\"@type\":\"ListItem\",\"position\":2,\"name\":\"Produits\",\"item\":\"https:\\\/\\\/lda.be\\\/fr\\\/produits\\\/\"},{\"@type\":\"ListItem\",\"position\":3,\"name\":\"IMA s\u00e9rie Servomoteurs lin\u00e9aires\"}]},{\"@type\":\"WebSite\",\"@id\":\"https:\\\/\\\/lda.be\\\/fr\\\/#website\",\"url\":\"https:\\\/\\\/lda.be\\\/fr\\\/\",\"name\":\"LDA Belgium\",\"description\":\"Solutions For Life\",\"publisher\":{\"@id\":\"https:\\\/\\\/lda.be\\\/fr\\\/#organization\"},\"potentialAction\":[{\"@type\":\"SearchAction\",\"target\":{\"@type\":\"EntryPoint\",\"urlTemplate\":\"https:\\\/\\\/lda.be\\\/fr\\\/?s={search_term_string}\"},\"query-input\":{\"@type\":\"PropertyValueSpecification\",\"valueRequired\":true,\"valueName\":\"search_term_string\"}}],\"inLanguage\":\"fr-FR\"},{\"@type\":\"Organization\",\"@id\":\"https:\\\/\\\/lda.be\\\/fr\\\/#organization\",\"name\":\"LDA Belgium\",\"url\":\"https:\\\/\\\/lda.be\\\/fr\\\/\",\"logo\":{\"@type\":\"ImageObject\",\"inLanguage\":\"fr-FR\",\"@id\":\"https:\\\/\\\/lda.be\\\/fr\\\/#\\\/schema\\\/logo\\\/image\\\/\",\"url\":\"https:\\\/\\\/lda.be\\\/wp-content\\\/uploads\\\/2022\\\/07\\\/Logo-LDA.webp\",\"contentUrl\":\"https:\\\/\\\/lda.be\\\/wp-content\\\/uploads\\\/2022\\\/07\\\/Logo-LDA.webp\",\"width\":311,\"height\":101,\"caption\":\"LDA Belgium\"},\"image\":{\"@id\":\"https:\\\/\\\/lda.be\\\/fr\\\/#\\\/schema\\\/logo\\\/image\\\/\"},\"sameAs\":[\"https:\\\/\\\/www.linkedin.com\\\/company\\\/lda-belgium-nv\"]}]}<\/script>\n<!-- \/ Yoast SEO plugin. -->","yoast_head_json":{"title":"IMA s\u00e9rie Servomoteurs lin\u00e9aires - LDA Belgique","description":"Servomoteurs int\u00e9gr\u00e9s IMA de Tolomatic : compacts, puissants et pr\u00e9cis. Adapt\u00e9s \u00e0 diverses applications. Conception modulaire et int\u00e9gration facile.","robots":{"index":"index","follow":"follow","max-snippet":"max-snippet:-1","max-image-preview":"max-image-preview:large","max-video-preview":"max-video-preview:-1"},"canonical":"https:\/\/lda.be\/fr\/produit\/ima-serie-servomoteurs-lineaires\/","og_locale":"fr_FR","og_type":"article","og_title":"IMA s\u00e9rie Servomoteurs lin\u00e9aires - LDA Belgique","og_description":"Servomoteurs int\u00e9gr\u00e9s IMA de Tolomatic : compacts, puissants et pr\u00e9cis. Adapt\u00e9s \u00e0 diverses applications. Conception modulaire et int\u00e9gration facile.","og_url":"https:\/\/lda.be\/fr\/produit\/ima-serie-servomoteurs-lineaires\/","og_site_name":"LDA Belgique","article_modified_time":"2025-10-21T09:34:00+00:00","og_image":[{"width":1080,"height":1080,"url":"https:\/\/lda.be\/wp-content\/uploads\/2025\/10\/IMA-servo-actuator.webp","type":"image\/webp"}],"twitter_card":"summary_large_image","twitter_misc":{"Dur\u00e9e de lecture estim\u00e9e":"1 minute"},"schema":{"@context":"https:\/\/schema.org","@graph":[{"@type":"WebPage","@id":"https:\/\/lda.be\/fr\/produit\/ima-serie-servomoteurs-lineaires\/","url":"https:\/\/lda.be\/fr\/produit\/ima-serie-servomoteurs-lineaires\/","name":"IMA s\u00e9rie Servomoteurs lin\u00e9aires - LDA Belgique","isPartOf":{"@id":"https:\/\/lda.be\/fr\/#website"},"primaryImageOfPage":{"@id":"https:\/\/lda.be\/fr\/produit\/ima-serie-servomoteurs-lineaires\/#primaryimage"},"image":{"@id":"https:\/\/lda.be\/fr\/produit\/ima-serie-servomoteurs-lineaires\/#primaryimage"},"thumbnailUrl":"https:\/\/lda.be\/wp-content\/uploads\/2025\/10\/IMA-servo-actuator.webp","datePublished":"2025-10-20T14:16:44+00:00","dateModified":"2025-10-21T09:34:00+00:00","description":"Servomoteurs int\u00e9gr\u00e9s IMA de Tolomatic : compacts, puissants et pr\u00e9cis. Adapt\u00e9s \u00e0 diverses applications. Conception modulaire et int\u00e9gration facile.","breadcrumb":{"@id":"https:\/\/lda.be\/fr\/produit\/ima-serie-servomoteurs-lineaires\/#breadcrumb"},"inLanguage":"fr-FR","potentialAction":[{"@type":"ReadAction","target":["https:\/\/lda.be\/fr\/produit\/ima-serie-servomoteurs-lineaires\/"]}]},{"@type":"ImageObject","inLanguage":"fr-FR","@id":"https:\/\/lda.be\/fr\/produit\/ima-serie-servomoteurs-lineaires\/#primaryimage","url":"https:\/\/lda.be\/wp-content\/uploads\/2025\/10\/IMA-servo-actuator.webp","contentUrl":"https:\/\/lda.be\/wp-content\/uploads\/2025\/10\/IMA-servo-actuator.webp","width":1080,"height":1080},{"@type":"BreadcrumbList","@id":"https:\/\/lda.be\/fr\/produit\/ima-serie-servomoteurs-lineaires\/#breadcrumb","itemListElement":[{"@type":"ListItem","position":1,"name":"Accueil","item":"https:\/\/lda.be\/fr\/"},{"@type":"ListItem","position":2,"name":"Produits","item":"https:\/\/lda.be\/fr\/produits\/"},{"@type":"ListItem","position":3,"name":"IMA s\u00e9rie Servomoteurs lin\u00e9aires"}]},{"@type":"WebSite","@id":"https:\/\/lda.be\/fr\/#website","url":"https:\/\/lda.be\/fr\/","name":"LDA Belgium","description":"Solutions For Life","publisher":{"@id":"https:\/\/lda.be\/fr\/#organization"},"potentialAction":[{"@type":"SearchAction","target":{"@type":"EntryPoint","urlTemplate":"https:\/\/lda.be\/fr\/?s={search_term_string}"},"query-input":{"@type":"PropertyValueSpecification","valueRequired":true,"valueName":"search_term_string"}}],"inLanguage":"fr-FR"},{"@type":"Organization","@id":"https:\/\/lda.be\/fr\/#organization","name":"LDA Belgium","url":"https:\/\/lda.be\/fr\/","logo":{"@type":"ImageObject","inLanguage":"fr-FR","@id":"https:\/\/lda.be\/fr\/#\/schema\/logo\/image\/","url":"https:\/\/lda.be\/wp-content\/uploads\/2022\/07\/Logo-LDA.webp","contentUrl":"https:\/\/lda.be\/wp-content\/uploads\/2022\/07\/Logo-LDA.webp","width":311,"height":101,"caption":"LDA Belgium"},"image":{"@id":"https:\/\/lda.be\/fr\/#\/schema\/logo\/image\/"},"sameAs":["https:\/\/www.linkedin.com\/company\/lda-belgium-nv"]}]}},"_links":{"self":[{"href":"https:\/\/lda.be\/fr\/wp-json\/wp\/v2\/product\/12745","targetHints":{"allow":["GET"]}}],"collection":[{"href":"https:\/\/lda.be\/fr\/wp-json\/wp\/v2\/product"}],"about":[{"href":"https:\/\/lda.be\/fr\/wp-json\/wp\/v2\/types\/product"}],"replies":[{"embeddable":true,"href":"https:\/\/lda.be\/fr\/wp-json\/wp\/v2\/comments?post=12745"}],"wp:featuredmedia":[{"embeddable":true,"href":"https:\/\/lda.be\/fr\/wp-json\/wp\/v2\/media\/12736"}],"wp:attachment":[{"href":"https:\/\/lda.be\/fr\/wp-json\/wp\/v2\/media?parent=12745"}],"wp:term":[{"taxonomy":"product_brand","embeddable":true,"href":"https:\/\/lda.be\/fr\/wp-json\/wp\/v2\/product_brand?post=12745"},{"taxonomy":"product_cat","embeddable":true,"href":"https:\/\/lda.be\/fr\/wp-json\/wp\/v2\/product_cat?post=12745"},{"taxonomy":"product_tag","embeddable":true,"href":"https:\/\/lda.be\/fr\/wp-json\/wp\/v2\/product_tag?post=12745"}],"curies":[{"name":"wp","href":"https:\/\/api.w.org\/{rel}","templated":true}]}}