{"id":12894,"date":"2025-10-21T12:49:03","date_gmt":"2025-10-21T11:49:03","guid":{"rendered":"https:\/\/lda.be\/?post_type=product&#038;p=12894"},"modified":"2025-10-21T13:17:11","modified_gmt":"2025-10-21T12:17:11","slug":"rsx-serie-verin-electrique-haute-puissance","status":"publish","type":"product","link":"https:\/\/lda.be\/fr\/produit\/rsx-serie-verin-electrique-haute-puissance\/","title":{"rendered":"RSX s\u00e9rie v\u00e9rin \u00e9lectrique haute puissance"},"content":{"rendered":"<p>Les v\u00e9rin lin\u00e9aires \u00e9lectriques haute puissance RSX de Tolomatic ont \u00e9t\u00e9 con\u00e7us comme une alternative \u00e9lectrique aux v\u00e9rins hydrauliques. Avec une force maximale de 294 kN et des courses pouvant atteindre 1 524 mm, cet actionneur convient aux applications industrielles lourdes telles que le pressage, le poin\u00e7onnage, le rivetage et l&#8217;automatisation. Le RSX utilise des vis \u00e0 rouleaux plan\u00e9taires et des vis \u00e0 billes pour une longue dur\u00e9e de vie et des performances constantes. Le programme \u00ab Your Motor Here \u00bb permet l&#8217;int\u00e9gration avec divers servomoteurs et r\u00e9ducteurs. L&#8217;actionneur est disponible en sept tailles (RSX10, RSX15, RSX20, RSX23P, RSX25, RSX33 et RSX33P) et offre des options telles que la lubrification par refroidissement \u00e0 l&#8217;huile pour des performances am\u00e9lior\u00e9es.<\/p>\n","protected":false},"excerpt":{"rendered":"<p>Les v\u00e9rin lin\u00e9aires \u00e9lectriques haute puissance RSX de Tolomatic ont \u00e9t\u00e9 con\u00e7us comme une alternative \u00e9lectrique aux v\u00e9rins hydrauliques. Avec une force maximale de 294 kN et des courses pouvant atteindre 1 524 mm, cet actionneur convient aux applications industrielles lourdes telles que le pressage, le poin\u00e7onnage, le rivetage et l&#8217;automatisation. Le RSX utilise des [&hellip;]<\/p>\n","protected":false},"featured_media":12890,"comment_status":"closed","ping_status":"closed","template":"","meta":[],"product_brand":[1797],"product_cat":[874],"product_tag":[],"class_list":{"0":"post-12894","1":"product","2":"type-product","3":"status-publish","4":"has-post-thumbnail","6":"product_brand-tolomatic","7":"product_cat-actionneur-a-tige","9":"first","10":"instock","11":"shipping-taxable","12":"product-type-simple"},"yoast_head":"<!-- This site is optimized with the Yoast SEO plugin v27.3 - https:\/\/yoast.com\/product\/yoast-seo-wordpress\/ -->\n<title>RSX s\u00e9rie v\u00e9rin \u00e9lectrique haute puissance - LDA Belgique<\/title>\n<meta name=\"description\" content=\"V\u00e9rin \u00e9lectrique haute puissance RSX de Tolomatic : alternative \u00e9lectrique aux v\u00e9rins hydrauliques. Puissant, durable et facile d&#039;entretien. Convient aux applications industrielles lourdes.\" \/>\n<meta name=\"robots\" content=\"index, follow, max-snippet:-1, max-image-preview:large, max-video-preview:-1\" \/>\n<link rel=\"canonical\" href=\"https:\/\/lda.be\/fr\/produit\/rsx-serie-verin-electrique-haute-puissance\/\" \/>\n<meta property=\"og:locale\" content=\"fr_FR\" \/>\n<meta property=\"og:type\" content=\"article\" \/>\n<meta property=\"og:title\" content=\"RSX s\u00e9rie v\u00e9rin \u00e9lectrique haute puissance - LDA Belgique\" \/>\n<meta property=\"og:description\" content=\"V\u00e9rin \u00e9lectrique haute puissance RSX de Tolomatic : alternative \u00e9lectrique aux v\u00e9rins hydrauliques. Puissant, durable et facile d&#039;entretien. Convient aux applications industrielles lourdes.\" \/>\n<meta property=\"og:url\" content=\"https:\/\/lda.be\/fr\/produit\/rsx-serie-verin-electrique-haute-puissance\/\" \/>\n<meta property=\"og:site_name\" content=\"LDA Belgique\" \/>\n<meta property=\"article:modified_time\" content=\"2025-10-21T12:17:11+00:00\" \/>\n<meta property=\"og:image\" content=\"https:\/\/lda.be\/wp-content\/uploads\/2025\/10\/RSX-high-force.webp\" \/>\n\t<meta property=\"og:image:width\" content=\"1080\" \/>\n\t<meta property=\"og:image:height\" content=\"1080\" \/>\n\t<meta property=\"og:image:type\" content=\"image\/webp\" \/>\n<meta name=\"twitter:card\" content=\"summary_large_image\" \/>\n<meta name=\"twitter:label1\" content=\"Dur\u00e9e de lecture estim\u00e9e\" \/>\n\t<meta name=\"twitter:data1\" content=\"1 minute\" \/>\n<script type=\"application\/ld+json\" class=\"yoast-schema-graph\">{\"@context\":\"https:\\\/\\\/schema.org\",\"@graph\":[{\"@type\":\"WebPage\",\"@id\":\"https:\\\/\\\/lda.be\\\/fr\\\/produit\\\/rsx-serie-verin-electrique-haute-puissance\\\/\",\"url\":\"https:\\\/\\\/lda.be\\\/fr\\\/produit\\\/rsx-serie-verin-electrique-haute-puissance\\\/\",\"name\":\"RSX s\u00e9rie v\u00e9rin \u00e9lectrique haute puissance - LDA Belgique\",\"isPartOf\":{\"@id\":\"https:\\\/\\\/lda.be\\\/fr\\\/#website\"},\"primaryImageOfPage\":{\"@id\":\"https:\\\/\\\/lda.be\\\/fr\\\/produit\\\/rsx-serie-verin-electrique-haute-puissance\\\/#primaryimage\"},\"image\":{\"@id\":\"https:\\\/\\\/lda.be\\\/fr\\\/produit\\\/rsx-serie-verin-electrique-haute-puissance\\\/#primaryimage\"},\"thumbnailUrl\":\"https:\\\/\\\/lda.be\\\/wp-content\\\/uploads\\\/2025\\\/10\\\/RSX-high-force.webp\",\"datePublished\":\"2025-10-21T11:49:03+00:00\",\"dateModified\":\"2025-10-21T12:17:11+00:00\",\"description\":\"V\u00e9rin \u00e9lectrique haute puissance RSX de Tolomatic : alternative \u00e9lectrique aux v\u00e9rins hydrauliques. Puissant, durable et facile d'entretien. Convient aux applications industrielles lourdes.\",\"breadcrumb\":{\"@id\":\"https:\\\/\\\/lda.be\\\/fr\\\/produit\\\/rsx-serie-verin-electrique-haute-puissance\\\/#breadcrumb\"},\"inLanguage\":\"fr-FR\",\"potentialAction\":[{\"@type\":\"ReadAction\",\"target\":[\"https:\\\/\\\/lda.be\\\/fr\\\/produit\\\/rsx-serie-verin-electrique-haute-puissance\\\/\"]}]},{\"@type\":\"ImageObject\",\"inLanguage\":\"fr-FR\",\"@id\":\"https:\\\/\\\/lda.be\\\/fr\\\/produit\\\/rsx-serie-verin-electrique-haute-puissance\\\/#primaryimage\",\"url\":\"https:\\\/\\\/lda.be\\\/wp-content\\\/uploads\\\/2025\\\/10\\\/RSX-high-force.webp\",\"contentUrl\":\"https:\\\/\\\/lda.be\\\/wp-content\\\/uploads\\\/2025\\\/10\\\/RSX-high-force.webp\",\"width\":1080,\"height\":1080,\"caption\":\"RSX high force\"},{\"@type\":\"BreadcrumbList\",\"@id\":\"https:\\\/\\\/lda.be\\\/fr\\\/produit\\\/rsx-serie-verin-electrique-haute-puissance\\\/#breadcrumb\",\"itemListElement\":[{\"@type\":\"ListItem\",\"position\":1,\"name\":\"Accueil\",\"item\":\"https:\\\/\\\/lda.be\\\/fr\\\/\"},{\"@type\":\"ListItem\",\"position\":2,\"name\":\"Produits\",\"item\":\"https:\\\/\\\/lda.be\\\/fr\\\/produits\\\/\"},{\"@type\":\"ListItem\",\"position\":3,\"name\":\"RSX s\u00e9rie v\u00e9rin \u00e9lectrique haute puissance\"}]},{\"@type\":\"WebSite\",\"@id\":\"https:\\\/\\\/lda.be\\\/fr\\\/#website\",\"url\":\"https:\\\/\\\/lda.be\\\/fr\\\/\",\"name\":\"LDA Belgium\",\"description\":\"Solutions For Life\",\"publisher\":{\"@id\":\"https:\\\/\\\/lda.be\\\/fr\\\/#organization\"},\"potentialAction\":[{\"@type\":\"SearchAction\",\"target\":{\"@type\":\"EntryPoint\",\"urlTemplate\":\"https:\\\/\\\/lda.be\\\/fr\\\/?s={search_term_string}\"},\"query-input\":{\"@type\":\"PropertyValueSpecification\",\"valueRequired\":true,\"valueName\":\"search_term_string\"}}],\"inLanguage\":\"fr-FR\"},{\"@type\":\"Organization\",\"@id\":\"https:\\\/\\\/lda.be\\\/fr\\\/#organization\",\"name\":\"LDA Belgium\",\"url\":\"https:\\\/\\\/lda.be\\\/fr\\\/\",\"logo\":{\"@type\":\"ImageObject\",\"inLanguage\":\"fr-FR\",\"@id\":\"https:\\\/\\\/lda.be\\\/fr\\\/#\\\/schema\\\/logo\\\/image\\\/\",\"url\":\"https:\\\/\\\/lda.be\\\/wp-content\\\/uploads\\\/2022\\\/07\\\/Logo-LDA.webp\",\"contentUrl\":\"https:\\\/\\\/lda.be\\\/wp-content\\\/uploads\\\/2022\\\/07\\\/Logo-LDA.webp\",\"width\":311,\"height\":101,\"caption\":\"LDA Belgium\"},\"image\":{\"@id\":\"https:\\\/\\\/lda.be\\\/fr\\\/#\\\/schema\\\/logo\\\/image\\\/\"},\"sameAs\":[\"https:\\\/\\\/www.linkedin.com\\\/company\\\/lda-belgium-nv\"]}]}<\/script>\n<!-- \/ Yoast SEO plugin. -->","yoast_head_json":{"title":"RSX s\u00e9rie v\u00e9rin \u00e9lectrique haute puissance - LDA Belgique","description":"V\u00e9rin \u00e9lectrique haute puissance RSX de Tolomatic : alternative \u00e9lectrique aux v\u00e9rins hydrauliques. Puissant, durable et facile d'entretien. Convient aux applications industrielles lourdes.","robots":{"index":"index","follow":"follow","max-snippet":"max-snippet:-1","max-image-preview":"max-image-preview:large","max-video-preview":"max-video-preview:-1"},"canonical":"https:\/\/lda.be\/fr\/produit\/rsx-serie-verin-electrique-haute-puissance\/","og_locale":"fr_FR","og_type":"article","og_title":"RSX s\u00e9rie v\u00e9rin \u00e9lectrique haute puissance - LDA Belgique","og_description":"V\u00e9rin \u00e9lectrique haute puissance RSX de Tolomatic : alternative \u00e9lectrique aux v\u00e9rins hydrauliques. Puissant, durable et facile d'entretien. Convient aux applications industrielles lourdes.","og_url":"https:\/\/lda.be\/fr\/produit\/rsx-serie-verin-electrique-haute-puissance\/","og_site_name":"LDA Belgique","article_modified_time":"2025-10-21T12:17:11+00:00","og_image":[{"width":1080,"height":1080,"url":"https:\/\/lda.be\/wp-content\/uploads\/2025\/10\/RSX-high-force.webp","type":"image\/webp"}],"twitter_card":"summary_large_image","twitter_misc":{"Dur\u00e9e de lecture estim\u00e9e":"1 minute"},"schema":{"@context":"https:\/\/schema.org","@graph":[{"@type":"WebPage","@id":"https:\/\/lda.be\/fr\/produit\/rsx-serie-verin-electrique-haute-puissance\/","url":"https:\/\/lda.be\/fr\/produit\/rsx-serie-verin-electrique-haute-puissance\/","name":"RSX s\u00e9rie v\u00e9rin \u00e9lectrique haute puissance - LDA Belgique","isPartOf":{"@id":"https:\/\/lda.be\/fr\/#website"},"primaryImageOfPage":{"@id":"https:\/\/lda.be\/fr\/produit\/rsx-serie-verin-electrique-haute-puissance\/#primaryimage"},"image":{"@id":"https:\/\/lda.be\/fr\/produit\/rsx-serie-verin-electrique-haute-puissance\/#primaryimage"},"thumbnailUrl":"https:\/\/lda.be\/wp-content\/uploads\/2025\/10\/RSX-high-force.webp","datePublished":"2025-10-21T11:49:03+00:00","dateModified":"2025-10-21T12:17:11+00:00","description":"V\u00e9rin \u00e9lectrique haute puissance RSX de Tolomatic : alternative \u00e9lectrique aux v\u00e9rins hydrauliques. Puissant, durable et facile d'entretien. Convient aux applications industrielles lourdes.","breadcrumb":{"@id":"https:\/\/lda.be\/fr\/produit\/rsx-serie-verin-electrique-haute-puissance\/#breadcrumb"},"inLanguage":"fr-FR","potentialAction":[{"@type":"ReadAction","target":["https:\/\/lda.be\/fr\/produit\/rsx-serie-verin-electrique-haute-puissance\/"]}]},{"@type":"ImageObject","inLanguage":"fr-FR","@id":"https:\/\/lda.be\/fr\/produit\/rsx-serie-verin-electrique-haute-puissance\/#primaryimage","url":"https:\/\/lda.be\/wp-content\/uploads\/2025\/10\/RSX-high-force.webp","contentUrl":"https:\/\/lda.be\/wp-content\/uploads\/2025\/10\/RSX-high-force.webp","width":1080,"height":1080,"caption":"RSX high force"},{"@type":"BreadcrumbList","@id":"https:\/\/lda.be\/fr\/produit\/rsx-serie-verin-electrique-haute-puissance\/#breadcrumb","itemListElement":[{"@type":"ListItem","position":1,"name":"Accueil","item":"https:\/\/lda.be\/fr\/"},{"@type":"ListItem","position":2,"name":"Produits","item":"https:\/\/lda.be\/fr\/produits\/"},{"@type":"ListItem","position":3,"name":"RSX s\u00e9rie v\u00e9rin \u00e9lectrique haute puissance"}]},{"@type":"WebSite","@id":"https:\/\/lda.be\/fr\/#website","url":"https:\/\/lda.be\/fr\/","name":"LDA Belgium","description":"Solutions For Life","publisher":{"@id":"https:\/\/lda.be\/fr\/#organization"},"potentialAction":[{"@type":"SearchAction","target":{"@type":"EntryPoint","urlTemplate":"https:\/\/lda.be\/fr\/?s={search_term_string}"},"query-input":{"@type":"PropertyValueSpecification","valueRequired":true,"valueName":"search_term_string"}}],"inLanguage":"fr-FR"},{"@type":"Organization","@id":"https:\/\/lda.be\/fr\/#organization","name":"LDA Belgium","url":"https:\/\/lda.be\/fr\/","logo":{"@type":"ImageObject","inLanguage":"fr-FR","@id":"https:\/\/lda.be\/fr\/#\/schema\/logo\/image\/","url":"https:\/\/lda.be\/wp-content\/uploads\/2022\/07\/Logo-LDA.webp","contentUrl":"https:\/\/lda.be\/wp-content\/uploads\/2022\/07\/Logo-LDA.webp","width":311,"height":101,"caption":"LDA Belgium"},"image":{"@id":"https:\/\/lda.be\/fr\/#\/schema\/logo\/image\/"},"sameAs":["https:\/\/www.linkedin.com\/company\/lda-belgium-nv"]}]}},"_links":{"self":[{"href":"https:\/\/lda.be\/fr\/wp-json\/wp\/v2\/product\/12894","targetHints":{"allow":["GET"]}}],"collection":[{"href":"https:\/\/lda.be\/fr\/wp-json\/wp\/v2\/product"}],"about":[{"href":"https:\/\/lda.be\/fr\/wp-json\/wp\/v2\/types\/product"}],"replies":[{"embeddable":true,"href":"https:\/\/lda.be\/fr\/wp-json\/wp\/v2\/comments?post=12894"}],"wp:featuredmedia":[{"embeddable":true,"href":"https:\/\/lda.be\/fr\/wp-json\/wp\/v2\/media\/12890"}],"wp:attachment":[{"href":"https:\/\/lda.be\/fr\/wp-json\/wp\/v2\/media?parent=12894"}],"wp:term":[{"taxonomy":"product_brand","embeddable":true,"href":"https:\/\/lda.be\/fr\/wp-json\/wp\/v2\/product_brand?post=12894"},{"taxonomy":"product_cat","embeddable":true,"href":"https:\/\/lda.be\/fr\/wp-json\/wp\/v2\/product_cat?post=12894"},{"taxonomy":"product_tag","embeddable":true,"href":"https:\/\/lda.be\/fr\/wp-json\/wp\/v2\/product_tag?post=12894"}],"curies":[{"name":"wp","href":"https:\/\/api.w.org\/{rel}","templated":true}]}}