{"id":12919,"date":"2025-10-21T14:43:56","date_gmt":"2025-10-21T13:43:56","guid":{"rendered":"https:\/\/lda.be\/?post_type=product&#038;p=12919"},"modified":"2025-10-21T14:48:07","modified_gmt":"2025-10-21T13:48:07","slug":"servochoke-svc-actionneur-electrique","status":"publish","type":"product","link":"https:\/\/lda.be\/fr\/produit\/servochoke-svc-actionneur-electrique\/","title":{"rendered":"ServoChoke\u00ae SVC Actionneur \u00e9lectrique"},"content":{"rendered":"<p>Le ServoChoke\u00ae SVC est un actionneur \u00e9lectrique int\u00e9gr\u00e9 de haute qualit\u00e9 destin\u00e9 \u00e0 la commande pr\u00e9cise des vannes d&#8217;\u00e9tranglement dans l&#8217;industrie p\u00e9troli\u00e8re et gazi\u00e8re. Con\u00e7u pour le forage \u00e0 pression contr\u00f4l\u00e9e (MPD), la commande de vannes d&#8217;\u00e9tranglement \u00e0 point de consigne et les applications Choke &amp; Kill. Avec une vis \u00e0 rouleaux plan\u00e9taires, un servomoteur sans balais et un encodeur absolu, le SVC offre une r\u00e9ponse rapide, une grande pr\u00e9cision et des performances fiables dans des conditions extr\u00eames. L&#8217;actionneur est certifi\u00e9 ATEX, IECEx et NACE MR0175 et convient \u00e0 un fonctionnement continu sans entretien.<\/p>\n","protected":false},"excerpt":{"rendered":"<p>Le ServoChoke\u00ae SVC est un actionneur \u00e9lectrique int\u00e9gr\u00e9 de haute qualit\u00e9 destin\u00e9 \u00e0 la commande pr\u00e9cise des vannes d&#8217;\u00e9tranglement dans l&#8217;industrie p\u00e9troli\u00e8re et gazi\u00e8re. Con\u00e7u pour le forage \u00e0 pression contr\u00f4l\u00e9e (MPD), la commande de vannes d&#8217;\u00e9tranglement \u00e0 point de consigne et les applications Choke &amp; Kill. Avec une vis \u00e0 rouleaux plan\u00e9taires, un servomoteur [&hellip;]<\/p>\n","protected":false},"featured_media":12914,"comment_status":"closed","ping_status":"closed","template":"","meta":[],"product_brand":[1797],"product_cat":[874],"product_tag":[],"class_list":{"0":"post-12919","1":"product","2":"type-product","3":"status-publish","4":"has-post-thumbnail","6":"product_brand-tolomatic","7":"product_cat-actionneur-a-tige","9":"first","10":"instock","11":"shipping-taxable","12":"product-type-simple"},"yoast_head":"<!-- This site is optimized with the Yoast SEO plugin v27.3 - https:\/\/yoast.com\/product\/yoast-seo-wordpress\/ -->\n<title>ServoChoke\u00ae SVC Actionneur \u00e9lectrique - LDA Belgique<\/title>\n<meta name=\"description\" content=\"ServoChoke\u00ae SVC : actionneur \u00e9lectrique haut de gamme pour soupape d&#039;\u00e9tranglement dans le secteur p\u00e9trolier et gazier. Rapide, pr\u00e9cis et sans entretien. Certifi\u00e9 pour les environnements exigeants. Id\u00e9al pour MPD et Choke &amp; Kill.\" \/>\n<meta name=\"robots\" content=\"index, follow, max-snippet:-1, max-image-preview:large, max-video-preview:-1\" \/>\n<link rel=\"canonical\" href=\"https:\/\/lda.be\/fr\/produit\/servochoke-svc-actionneur-electrique\/\" \/>\n<meta property=\"og:locale\" content=\"fr_FR\" \/>\n<meta property=\"og:type\" content=\"article\" \/>\n<meta property=\"og:title\" content=\"ServoChoke\u00ae SVC Actionneur \u00e9lectrique - LDA Belgique\" \/>\n<meta property=\"og:description\" content=\"ServoChoke\u00ae SVC : actionneur \u00e9lectrique haut de gamme pour soupape d&#039;\u00e9tranglement dans le secteur p\u00e9trolier et gazier. Rapide, pr\u00e9cis et sans entretien. Certifi\u00e9 pour les environnements exigeants. Id\u00e9al pour MPD et Choke &amp; Kill.\" \/>\n<meta property=\"og:url\" content=\"https:\/\/lda.be\/fr\/produit\/servochoke-svc-actionneur-electrique\/\" \/>\n<meta property=\"og:site_name\" content=\"LDA Belgique\" \/>\n<meta property=\"article:modified_time\" content=\"2025-10-21T13:48:07+00:00\" \/>\n<meta property=\"og:image\" content=\"https:\/\/lda.be\/wp-content\/uploads\/2025\/10\/servochoke.webp\" \/>\n\t<meta property=\"og:image:width\" content=\"1080\" \/>\n\t<meta property=\"og:image:height\" content=\"1080\" \/>\n\t<meta property=\"og:image:type\" content=\"image\/webp\" \/>\n<meta name=\"twitter:card\" content=\"summary_large_image\" \/>\n<meta name=\"twitter:label1\" content=\"Dur\u00e9e de lecture estim\u00e9e\" \/>\n\t<meta name=\"twitter:data1\" content=\"1 minute\" \/>\n<script type=\"application\/ld+json\" class=\"yoast-schema-graph\">{\"@context\":\"https:\\\/\\\/schema.org\",\"@graph\":[{\"@type\":\"WebPage\",\"@id\":\"https:\\\/\\\/lda.be\\\/fr\\\/produit\\\/servochoke-svc-actionneur-electrique\\\/\",\"url\":\"https:\\\/\\\/lda.be\\\/fr\\\/produit\\\/servochoke-svc-actionneur-electrique\\\/\",\"name\":\"ServoChoke\u00ae SVC Actionneur \u00e9lectrique - LDA Belgique\",\"isPartOf\":{\"@id\":\"https:\\\/\\\/lda.be\\\/fr\\\/#website\"},\"primaryImageOfPage\":{\"@id\":\"https:\\\/\\\/lda.be\\\/fr\\\/produit\\\/servochoke-svc-actionneur-electrique\\\/#primaryimage\"},\"image\":{\"@id\":\"https:\\\/\\\/lda.be\\\/fr\\\/produit\\\/servochoke-svc-actionneur-electrique\\\/#primaryimage\"},\"thumbnailUrl\":\"https:\\\/\\\/lda.be\\\/wp-content\\\/uploads\\\/2025\\\/10\\\/servochoke.webp\",\"datePublished\":\"2025-10-21T13:43:56+00:00\",\"dateModified\":\"2025-10-21T13:48:07+00:00\",\"description\":\"ServoChoke\u00ae SVC : actionneur \u00e9lectrique haut de gamme pour soupape d'\u00e9tranglement dans le secteur p\u00e9trolier et gazier. Rapide, pr\u00e9cis et sans entretien. Certifi\u00e9 pour les environnements exigeants. Id\u00e9al pour MPD et Choke & Kill.\",\"breadcrumb\":{\"@id\":\"https:\\\/\\\/lda.be\\\/fr\\\/produit\\\/servochoke-svc-actionneur-electrique\\\/#breadcrumb\"},\"inLanguage\":\"fr-FR\",\"potentialAction\":[{\"@type\":\"ReadAction\",\"target\":[\"https:\\\/\\\/lda.be\\\/fr\\\/produit\\\/servochoke-svc-actionneur-electrique\\\/\"]}]},{\"@type\":\"ImageObject\",\"inLanguage\":\"fr-FR\",\"@id\":\"https:\\\/\\\/lda.be\\\/fr\\\/produit\\\/servochoke-svc-actionneur-electrique\\\/#primaryimage\",\"url\":\"https:\\\/\\\/lda.be\\\/wp-content\\\/uploads\\\/2025\\\/10\\\/servochoke.webp\",\"contentUrl\":\"https:\\\/\\\/lda.be\\\/wp-content\\\/uploads\\\/2025\\\/10\\\/servochoke.webp\",\"width\":1080,\"height\":1080,\"caption\":\"servochoke\"},{\"@type\":\"BreadcrumbList\",\"@id\":\"https:\\\/\\\/lda.be\\\/fr\\\/produit\\\/servochoke-svc-actionneur-electrique\\\/#breadcrumb\",\"itemListElement\":[{\"@type\":\"ListItem\",\"position\":1,\"name\":\"Accueil\",\"item\":\"https:\\\/\\\/lda.be\\\/fr\\\/\"},{\"@type\":\"ListItem\",\"position\":2,\"name\":\"Produits\",\"item\":\"https:\\\/\\\/lda.be\\\/fr\\\/produits\\\/\"},{\"@type\":\"ListItem\",\"position\":3,\"name\":\"ServoChoke\u00ae SVC Actionneur \u00e9lectrique\"}]},{\"@type\":\"WebSite\",\"@id\":\"https:\\\/\\\/lda.be\\\/fr\\\/#website\",\"url\":\"https:\\\/\\\/lda.be\\\/fr\\\/\",\"name\":\"LDA Belgium\",\"description\":\"Solutions For Life\",\"publisher\":{\"@id\":\"https:\\\/\\\/lda.be\\\/fr\\\/#organization\"},\"potentialAction\":[{\"@type\":\"SearchAction\",\"target\":{\"@type\":\"EntryPoint\",\"urlTemplate\":\"https:\\\/\\\/lda.be\\\/fr\\\/?s={search_term_string}\"},\"query-input\":{\"@type\":\"PropertyValueSpecification\",\"valueRequired\":true,\"valueName\":\"search_term_string\"}}],\"inLanguage\":\"fr-FR\"},{\"@type\":\"Organization\",\"@id\":\"https:\\\/\\\/lda.be\\\/fr\\\/#organization\",\"name\":\"LDA Belgium\",\"url\":\"https:\\\/\\\/lda.be\\\/fr\\\/\",\"logo\":{\"@type\":\"ImageObject\",\"inLanguage\":\"fr-FR\",\"@id\":\"https:\\\/\\\/lda.be\\\/fr\\\/#\\\/schema\\\/logo\\\/image\\\/\",\"url\":\"https:\\\/\\\/lda.be\\\/wp-content\\\/uploads\\\/2022\\\/07\\\/Logo-LDA.webp\",\"contentUrl\":\"https:\\\/\\\/lda.be\\\/wp-content\\\/uploads\\\/2022\\\/07\\\/Logo-LDA.webp\",\"width\":311,\"height\":101,\"caption\":\"LDA Belgium\"},\"image\":{\"@id\":\"https:\\\/\\\/lda.be\\\/fr\\\/#\\\/schema\\\/logo\\\/image\\\/\"},\"sameAs\":[\"https:\\\/\\\/www.linkedin.com\\\/company\\\/lda-belgium-nv\"]}]}<\/script>\n<!-- \/ Yoast SEO plugin. -->","yoast_head_json":{"title":"ServoChoke\u00ae SVC Actionneur \u00e9lectrique - LDA Belgique","description":"ServoChoke\u00ae SVC : actionneur \u00e9lectrique haut de gamme pour soupape d'\u00e9tranglement dans le secteur p\u00e9trolier et gazier. Rapide, pr\u00e9cis et sans entretien. Certifi\u00e9 pour les environnements exigeants. Id\u00e9al pour MPD et Choke & Kill.","robots":{"index":"index","follow":"follow","max-snippet":"max-snippet:-1","max-image-preview":"max-image-preview:large","max-video-preview":"max-video-preview:-1"},"canonical":"https:\/\/lda.be\/fr\/produit\/servochoke-svc-actionneur-electrique\/","og_locale":"fr_FR","og_type":"article","og_title":"ServoChoke\u00ae SVC Actionneur \u00e9lectrique - LDA Belgique","og_description":"ServoChoke\u00ae SVC : actionneur \u00e9lectrique haut de gamme pour soupape d'\u00e9tranglement dans le secteur p\u00e9trolier et gazier. Rapide, pr\u00e9cis et sans entretien. Certifi\u00e9 pour les environnements exigeants. Id\u00e9al pour MPD et Choke & Kill.","og_url":"https:\/\/lda.be\/fr\/produit\/servochoke-svc-actionneur-electrique\/","og_site_name":"LDA Belgique","article_modified_time":"2025-10-21T13:48:07+00:00","og_image":[{"width":1080,"height":1080,"url":"https:\/\/lda.be\/wp-content\/uploads\/2025\/10\/servochoke.webp","type":"image\/webp"}],"twitter_card":"summary_large_image","twitter_misc":{"Dur\u00e9e de lecture estim\u00e9e":"1 minute"},"schema":{"@context":"https:\/\/schema.org","@graph":[{"@type":"WebPage","@id":"https:\/\/lda.be\/fr\/produit\/servochoke-svc-actionneur-electrique\/","url":"https:\/\/lda.be\/fr\/produit\/servochoke-svc-actionneur-electrique\/","name":"ServoChoke\u00ae SVC Actionneur \u00e9lectrique - LDA Belgique","isPartOf":{"@id":"https:\/\/lda.be\/fr\/#website"},"primaryImageOfPage":{"@id":"https:\/\/lda.be\/fr\/produit\/servochoke-svc-actionneur-electrique\/#primaryimage"},"image":{"@id":"https:\/\/lda.be\/fr\/produit\/servochoke-svc-actionneur-electrique\/#primaryimage"},"thumbnailUrl":"https:\/\/lda.be\/wp-content\/uploads\/2025\/10\/servochoke.webp","datePublished":"2025-10-21T13:43:56+00:00","dateModified":"2025-10-21T13:48:07+00:00","description":"ServoChoke\u00ae SVC : actionneur \u00e9lectrique haut de gamme pour soupape d'\u00e9tranglement dans le secteur p\u00e9trolier et gazier. Rapide, pr\u00e9cis et sans entretien. Certifi\u00e9 pour les environnements exigeants. Id\u00e9al pour MPD et Choke & Kill.","breadcrumb":{"@id":"https:\/\/lda.be\/fr\/produit\/servochoke-svc-actionneur-electrique\/#breadcrumb"},"inLanguage":"fr-FR","potentialAction":[{"@type":"ReadAction","target":["https:\/\/lda.be\/fr\/produit\/servochoke-svc-actionneur-electrique\/"]}]},{"@type":"ImageObject","inLanguage":"fr-FR","@id":"https:\/\/lda.be\/fr\/produit\/servochoke-svc-actionneur-electrique\/#primaryimage","url":"https:\/\/lda.be\/wp-content\/uploads\/2025\/10\/servochoke.webp","contentUrl":"https:\/\/lda.be\/wp-content\/uploads\/2025\/10\/servochoke.webp","width":1080,"height":1080,"caption":"servochoke"},{"@type":"BreadcrumbList","@id":"https:\/\/lda.be\/fr\/produit\/servochoke-svc-actionneur-electrique\/#breadcrumb","itemListElement":[{"@type":"ListItem","position":1,"name":"Accueil","item":"https:\/\/lda.be\/fr\/"},{"@type":"ListItem","position":2,"name":"Produits","item":"https:\/\/lda.be\/fr\/produits\/"},{"@type":"ListItem","position":3,"name":"ServoChoke\u00ae SVC Actionneur \u00e9lectrique"}]},{"@type":"WebSite","@id":"https:\/\/lda.be\/fr\/#website","url":"https:\/\/lda.be\/fr\/","name":"LDA Belgium","description":"Solutions For Life","publisher":{"@id":"https:\/\/lda.be\/fr\/#organization"},"potentialAction":[{"@type":"SearchAction","target":{"@type":"EntryPoint","urlTemplate":"https:\/\/lda.be\/fr\/?s={search_term_string}"},"query-input":{"@type":"PropertyValueSpecification","valueRequired":true,"valueName":"search_term_string"}}],"inLanguage":"fr-FR"},{"@type":"Organization","@id":"https:\/\/lda.be\/fr\/#organization","name":"LDA Belgium","url":"https:\/\/lda.be\/fr\/","logo":{"@type":"ImageObject","inLanguage":"fr-FR","@id":"https:\/\/lda.be\/fr\/#\/schema\/logo\/image\/","url":"https:\/\/lda.be\/wp-content\/uploads\/2022\/07\/Logo-LDA.webp","contentUrl":"https:\/\/lda.be\/wp-content\/uploads\/2022\/07\/Logo-LDA.webp","width":311,"height":101,"caption":"LDA Belgium"},"image":{"@id":"https:\/\/lda.be\/fr\/#\/schema\/logo\/image\/"},"sameAs":["https:\/\/www.linkedin.com\/company\/lda-belgium-nv"]}]}},"_links":{"self":[{"href":"https:\/\/lda.be\/fr\/wp-json\/wp\/v2\/product\/12919","targetHints":{"allow":["GET"]}}],"collection":[{"href":"https:\/\/lda.be\/fr\/wp-json\/wp\/v2\/product"}],"about":[{"href":"https:\/\/lda.be\/fr\/wp-json\/wp\/v2\/types\/product"}],"replies":[{"embeddable":true,"href":"https:\/\/lda.be\/fr\/wp-json\/wp\/v2\/comments?post=12919"}],"wp:featuredmedia":[{"embeddable":true,"href":"https:\/\/lda.be\/fr\/wp-json\/wp\/v2\/media\/12914"}],"wp:attachment":[{"href":"https:\/\/lda.be\/fr\/wp-json\/wp\/v2\/media?parent=12919"}],"wp:term":[{"taxonomy":"product_brand","embeddable":true,"href":"https:\/\/lda.be\/fr\/wp-json\/wp\/v2\/product_brand?post=12919"},{"taxonomy":"product_cat","embeddable":true,"href":"https:\/\/lda.be\/fr\/wp-json\/wp\/v2\/product_cat?post=12919"},{"taxonomy":"product_tag","embeddable":true,"href":"https:\/\/lda.be\/fr\/wp-json\/wp\/v2\/product_tag?post=12919"}],"curies":[{"name":"wp","href":"https:\/\/api.w.org\/{rel}","templated":true}]}}