{"id":12935,"date":"2025-10-21T15:13:58","date_gmt":"2025-10-21T14:13:58","guid":{"rendered":"https:\/\/lda.be\/?post_type=product&#038;p=12935"},"modified":"2025-10-21T15:37:10","modified_gmt":"2025-10-21T14:37:10","slug":"ima-serie-actionneur-servo-electrique-de-qualite-alimentaire","status":"publish","type":"product","link":"https:\/\/lda.be\/fr\/produit\/ima-serie-actionneur-servo-electrique-de-qualite-alimentaire\/","title":{"rendered":"IMA s\u00e9rie actionneur servo \u00e9lectrique de qualit\u00e9 alimentaire"},"content":{"rendered":"<p>Le servomoteur IMA Food Grade de Tolomatic est un servomoteur hygi\u00e9nique int\u00e9gr\u00e9 sp\u00e9cialement con\u00e7u pour les applications dans l&#8217;industrie alimentaire et pharmaceutique. Ce servomoteur offre un design compact avec un rev\u00eatement \u00e9poxy blanc de qualit\u00e9 alimentaire, une lubrification adapt\u00e9e aux aliments et des composants en acier inoxydable, ce qui le rend id\u00e9al pour les environnements soumis \u00e0 des lavages fr\u00e9quents. Avec des forces allant jusqu&#8217;\u00e0 35,8 kN et des courses allant jusqu&#8217;\u00e0 457 mm, l&#8217;IMA convient aux applications \u00e0 cycle \u00e9lev\u00e9 telles que l&#8217;emballage, le positionnement et l&#8217;automatisation.<\/p>\n","protected":false},"excerpt":{"rendered":"<p>Le servomoteur IMA Food Grade de Tolomatic est un servomoteur hygi\u00e9nique int\u00e9gr\u00e9 sp\u00e9cialement con\u00e7u pour les applications dans l&#8217;industrie alimentaire et pharmaceutique. Ce servomoteur offre un design compact avec un rev\u00eatement \u00e9poxy blanc de qualit\u00e9 alimentaire, une lubrification adapt\u00e9e aux aliments et des composants en acier inoxydable, ce qui le rend id\u00e9al pour les environnements [&hellip;]<\/p>\n","protected":false},"featured_media":12929,"comment_status":"closed","ping_status":"closed","template":"","meta":[],"product_brand":[1797],"product_cat":[874],"product_tag":[],"class_list":{"0":"post-12935","1":"product","2":"type-product","3":"status-publish","4":"has-post-thumbnail","6":"product_brand-tolomatic","7":"product_cat-actionneur-a-tige","9":"first","10":"instock","11":"shipping-taxable","12":"product-type-simple"},"yoast_head":"<!-- This site is optimized with the Yoast SEO plugin v27.3 - https:\/\/yoast.com\/product\/yoast-seo-wordpress\/ -->\n<title>IMA s\u00e9rie actionneur servo \u00e9lectrique de qualit\u00e9 alimentaire - LDA Belgique<\/title>\n<meta name=\"description\" content=\"Actionneur servo de qualit\u00e9 alimentaire IMA de Tolomatic : hygi\u00e9nique, durable et pr\u00e9cis. Id\u00e9al pour les applications alimentaires et pharmaceutiques. Compact, facile d&#039;entretien et sans danger pour les aliments.\" \/>\n<meta name=\"robots\" content=\"index, follow, max-snippet:-1, max-image-preview:large, max-video-preview:-1\" \/>\n<link rel=\"canonical\" href=\"https:\/\/lda.be\/fr\/produit\/ima-serie-actionneur-servo-electrique-de-qualite-alimentaire\/\" \/>\n<meta property=\"og:locale\" content=\"fr_FR\" \/>\n<meta property=\"og:type\" content=\"article\" \/>\n<meta property=\"og:title\" content=\"IMA s\u00e9rie actionneur servo \u00e9lectrique de qualit\u00e9 alimentaire - LDA Belgique\" \/>\n<meta property=\"og:description\" content=\"Actionneur servo de qualit\u00e9 alimentaire IMA de Tolomatic : hygi\u00e9nique, durable et pr\u00e9cis. Id\u00e9al pour les applications alimentaires et pharmaceutiques. Compact, facile d&#039;entretien et sans danger pour les aliments.\" \/>\n<meta property=\"og:url\" content=\"https:\/\/lda.be\/fr\/produit\/ima-serie-actionneur-servo-electrique-de-qualite-alimentaire\/\" \/>\n<meta property=\"og:site_name\" content=\"LDA Belgique\" \/>\n<meta property=\"article:modified_time\" content=\"2025-10-21T14:37:10+00:00\" \/>\n<meta property=\"og:image\" content=\"https:\/\/lda.be\/wp-content\/uploads\/2025\/10\/IMA-food-grade.webp\" \/>\n\t<meta property=\"og:image:width\" content=\"1080\" \/>\n\t<meta property=\"og:image:height\" content=\"1080\" \/>\n\t<meta property=\"og:image:type\" content=\"image\/webp\" \/>\n<meta name=\"twitter:card\" content=\"summary_large_image\" \/>\n<meta name=\"twitter:label1\" content=\"Dur\u00e9e de lecture estim\u00e9e\" \/>\n\t<meta name=\"twitter:data1\" content=\"1 minute\" \/>\n<script type=\"application\/ld+json\" class=\"yoast-schema-graph\">{\"@context\":\"https:\\\/\\\/schema.org\",\"@graph\":[{\"@type\":\"WebPage\",\"@id\":\"https:\\\/\\\/lda.be\\\/fr\\\/produit\\\/ima-serie-actionneur-servo-electrique-de-qualite-alimentaire\\\/\",\"url\":\"https:\\\/\\\/lda.be\\\/fr\\\/produit\\\/ima-serie-actionneur-servo-electrique-de-qualite-alimentaire\\\/\",\"name\":\"IMA s\u00e9rie actionneur servo \u00e9lectrique de qualit\u00e9 alimentaire - LDA Belgique\",\"isPartOf\":{\"@id\":\"https:\\\/\\\/lda.be\\\/fr\\\/#website\"},\"primaryImageOfPage\":{\"@id\":\"https:\\\/\\\/lda.be\\\/fr\\\/produit\\\/ima-serie-actionneur-servo-electrique-de-qualite-alimentaire\\\/#primaryimage\"},\"image\":{\"@id\":\"https:\\\/\\\/lda.be\\\/fr\\\/produit\\\/ima-serie-actionneur-servo-electrique-de-qualite-alimentaire\\\/#primaryimage\"},\"thumbnailUrl\":\"https:\\\/\\\/lda.be\\\/wp-content\\\/uploads\\\/2025\\\/10\\\/IMA-food-grade.webp\",\"datePublished\":\"2025-10-21T14:13:58+00:00\",\"dateModified\":\"2025-10-21T14:37:10+00:00\",\"description\":\"Actionneur servo de qualit\u00e9 alimentaire IMA de Tolomatic : hygi\u00e9nique, durable et pr\u00e9cis. Id\u00e9al pour les applications alimentaires et pharmaceutiques. Compact, facile d'entretien et sans danger pour les aliments.\",\"breadcrumb\":{\"@id\":\"https:\\\/\\\/lda.be\\\/fr\\\/produit\\\/ima-serie-actionneur-servo-electrique-de-qualite-alimentaire\\\/#breadcrumb\"},\"inLanguage\":\"fr-FR\",\"potentialAction\":[{\"@type\":\"ReadAction\",\"target\":[\"https:\\\/\\\/lda.be\\\/fr\\\/produit\\\/ima-serie-actionneur-servo-electrique-de-qualite-alimentaire\\\/\"]}]},{\"@type\":\"ImageObject\",\"inLanguage\":\"fr-FR\",\"@id\":\"https:\\\/\\\/lda.be\\\/fr\\\/produit\\\/ima-serie-actionneur-servo-electrique-de-qualite-alimentaire\\\/#primaryimage\",\"url\":\"https:\\\/\\\/lda.be\\\/wp-content\\\/uploads\\\/2025\\\/10\\\/IMA-food-grade.webp\",\"contentUrl\":\"https:\\\/\\\/lda.be\\\/wp-content\\\/uploads\\\/2025\\\/10\\\/IMA-food-grade.webp\",\"width\":1080,\"height\":1080,\"caption\":\"IMA food grade\"},{\"@type\":\"BreadcrumbList\",\"@id\":\"https:\\\/\\\/lda.be\\\/fr\\\/produit\\\/ima-serie-actionneur-servo-electrique-de-qualite-alimentaire\\\/#breadcrumb\",\"itemListElement\":[{\"@type\":\"ListItem\",\"position\":1,\"name\":\"Accueil\",\"item\":\"https:\\\/\\\/lda.be\\\/fr\\\/\"},{\"@type\":\"ListItem\",\"position\":2,\"name\":\"Produits\",\"item\":\"https:\\\/\\\/lda.be\\\/fr\\\/produits\\\/\"},{\"@type\":\"ListItem\",\"position\":3,\"name\":\"IMA s\u00e9rie actionneur servo \u00e9lectrique de qualit\u00e9 alimentaire\"}]},{\"@type\":\"WebSite\",\"@id\":\"https:\\\/\\\/lda.be\\\/fr\\\/#website\",\"url\":\"https:\\\/\\\/lda.be\\\/fr\\\/\",\"name\":\"LDA Belgium\",\"description\":\"Solutions For Life\",\"publisher\":{\"@id\":\"https:\\\/\\\/lda.be\\\/fr\\\/#organization\"},\"potentialAction\":[{\"@type\":\"SearchAction\",\"target\":{\"@type\":\"EntryPoint\",\"urlTemplate\":\"https:\\\/\\\/lda.be\\\/fr\\\/?s={search_term_string}\"},\"query-input\":{\"@type\":\"PropertyValueSpecification\",\"valueRequired\":true,\"valueName\":\"search_term_string\"}}],\"inLanguage\":\"fr-FR\"},{\"@type\":\"Organization\",\"@id\":\"https:\\\/\\\/lda.be\\\/fr\\\/#organization\",\"name\":\"LDA Belgium\",\"url\":\"https:\\\/\\\/lda.be\\\/fr\\\/\",\"logo\":{\"@type\":\"ImageObject\",\"inLanguage\":\"fr-FR\",\"@id\":\"https:\\\/\\\/lda.be\\\/fr\\\/#\\\/schema\\\/logo\\\/image\\\/\",\"url\":\"https:\\\/\\\/lda.be\\\/wp-content\\\/uploads\\\/2022\\\/07\\\/Logo-LDA.webp\",\"contentUrl\":\"https:\\\/\\\/lda.be\\\/wp-content\\\/uploads\\\/2022\\\/07\\\/Logo-LDA.webp\",\"width\":311,\"height\":101,\"caption\":\"LDA Belgium\"},\"image\":{\"@id\":\"https:\\\/\\\/lda.be\\\/fr\\\/#\\\/schema\\\/logo\\\/image\\\/\"},\"sameAs\":[\"https:\\\/\\\/www.linkedin.com\\\/company\\\/lda-belgium-nv\"]}]}<\/script>\n<!-- \/ Yoast SEO plugin. -->","yoast_head_json":{"title":"IMA s\u00e9rie actionneur servo \u00e9lectrique de qualit\u00e9 alimentaire - LDA Belgique","description":"Actionneur servo de qualit\u00e9 alimentaire IMA de Tolomatic : hygi\u00e9nique, durable et pr\u00e9cis. Id\u00e9al pour les applications alimentaires et pharmaceutiques. Compact, facile d'entretien et sans danger pour les aliments.","robots":{"index":"index","follow":"follow","max-snippet":"max-snippet:-1","max-image-preview":"max-image-preview:large","max-video-preview":"max-video-preview:-1"},"canonical":"https:\/\/lda.be\/fr\/produit\/ima-serie-actionneur-servo-electrique-de-qualite-alimentaire\/","og_locale":"fr_FR","og_type":"article","og_title":"IMA s\u00e9rie actionneur servo \u00e9lectrique de qualit\u00e9 alimentaire - LDA Belgique","og_description":"Actionneur servo de qualit\u00e9 alimentaire IMA de Tolomatic : hygi\u00e9nique, durable et pr\u00e9cis. Id\u00e9al pour les applications alimentaires et pharmaceutiques. Compact, facile d'entretien et sans danger pour les aliments.","og_url":"https:\/\/lda.be\/fr\/produit\/ima-serie-actionneur-servo-electrique-de-qualite-alimentaire\/","og_site_name":"LDA Belgique","article_modified_time":"2025-10-21T14:37:10+00:00","og_image":[{"width":1080,"height":1080,"url":"https:\/\/lda.be\/wp-content\/uploads\/2025\/10\/IMA-food-grade.webp","type":"image\/webp"}],"twitter_card":"summary_large_image","twitter_misc":{"Dur\u00e9e de lecture estim\u00e9e":"1 minute"},"schema":{"@context":"https:\/\/schema.org","@graph":[{"@type":"WebPage","@id":"https:\/\/lda.be\/fr\/produit\/ima-serie-actionneur-servo-electrique-de-qualite-alimentaire\/","url":"https:\/\/lda.be\/fr\/produit\/ima-serie-actionneur-servo-electrique-de-qualite-alimentaire\/","name":"IMA s\u00e9rie actionneur servo \u00e9lectrique de qualit\u00e9 alimentaire - LDA Belgique","isPartOf":{"@id":"https:\/\/lda.be\/fr\/#website"},"primaryImageOfPage":{"@id":"https:\/\/lda.be\/fr\/produit\/ima-serie-actionneur-servo-electrique-de-qualite-alimentaire\/#primaryimage"},"image":{"@id":"https:\/\/lda.be\/fr\/produit\/ima-serie-actionneur-servo-electrique-de-qualite-alimentaire\/#primaryimage"},"thumbnailUrl":"https:\/\/lda.be\/wp-content\/uploads\/2025\/10\/IMA-food-grade.webp","datePublished":"2025-10-21T14:13:58+00:00","dateModified":"2025-10-21T14:37:10+00:00","description":"Actionneur servo de qualit\u00e9 alimentaire IMA de Tolomatic : hygi\u00e9nique, durable et pr\u00e9cis. Id\u00e9al pour les applications alimentaires et pharmaceutiques. Compact, facile d'entretien et sans danger pour les aliments.","breadcrumb":{"@id":"https:\/\/lda.be\/fr\/produit\/ima-serie-actionneur-servo-electrique-de-qualite-alimentaire\/#breadcrumb"},"inLanguage":"fr-FR","potentialAction":[{"@type":"ReadAction","target":["https:\/\/lda.be\/fr\/produit\/ima-serie-actionneur-servo-electrique-de-qualite-alimentaire\/"]}]},{"@type":"ImageObject","inLanguage":"fr-FR","@id":"https:\/\/lda.be\/fr\/produit\/ima-serie-actionneur-servo-electrique-de-qualite-alimentaire\/#primaryimage","url":"https:\/\/lda.be\/wp-content\/uploads\/2025\/10\/IMA-food-grade.webp","contentUrl":"https:\/\/lda.be\/wp-content\/uploads\/2025\/10\/IMA-food-grade.webp","width":1080,"height":1080,"caption":"IMA food grade"},{"@type":"BreadcrumbList","@id":"https:\/\/lda.be\/fr\/produit\/ima-serie-actionneur-servo-electrique-de-qualite-alimentaire\/#breadcrumb","itemListElement":[{"@type":"ListItem","position":1,"name":"Accueil","item":"https:\/\/lda.be\/fr\/"},{"@type":"ListItem","position":2,"name":"Produits","item":"https:\/\/lda.be\/fr\/produits\/"},{"@type":"ListItem","position":3,"name":"IMA s\u00e9rie actionneur servo \u00e9lectrique de qualit\u00e9 alimentaire"}]},{"@type":"WebSite","@id":"https:\/\/lda.be\/fr\/#website","url":"https:\/\/lda.be\/fr\/","name":"LDA Belgium","description":"Solutions For Life","publisher":{"@id":"https:\/\/lda.be\/fr\/#organization"},"potentialAction":[{"@type":"SearchAction","target":{"@type":"EntryPoint","urlTemplate":"https:\/\/lda.be\/fr\/?s={search_term_string}"},"query-input":{"@type":"PropertyValueSpecification","valueRequired":true,"valueName":"search_term_string"}}],"inLanguage":"fr-FR"},{"@type":"Organization","@id":"https:\/\/lda.be\/fr\/#organization","name":"LDA Belgium","url":"https:\/\/lda.be\/fr\/","logo":{"@type":"ImageObject","inLanguage":"fr-FR","@id":"https:\/\/lda.be\/fr\/#\/schema\/logo\/image\/","url":"https:\/\/lda.be\/wp-content\/uploads\/2022\/07\/Logo-LDA.webp","contentUrl":"https:\/\/lda.be\/wp-content\/uploads\/2022\/07\/Logo-LDA.webp","width":311,"height":101,"caption":"LDA Belgium"},"image":{"@id":"https:\/\/lda.be\/fr\/#\/schema\/logo\/image\/"},"sameAs":["https:\/\/www.linkedin.com\/company\/lda-belgium-nv"]}]}},"_links":{"self":[{"href":"https:\/\/lda.be\/fr\/wp-json\/wp\/v2\/product\/12935","targetHints":{"allow":["GET"]}}],"collection":[{"href":"https:\/\/lda.be\/fr\/wp-json\/wp\/v2\/product"}],"about":[{"href":"https:\/\/lda.be\/fr\/wp-json\/wp\/v2\/types\/product"}],"replies":[{"embeddable":true,"href":"https:\/\/lda.be\/fr\/wp-json\/wp\/v2\/comments?post=12935"}],"wp:featuredmedia":[{"embeddable":true,"href":"https:\/\/lda.be\/fr\/wp-json\/wp\/v2\/media\/12929"}],"wp:attachment":[{"href":"https:\/\/lda.be\/fr\/wp-json\/wp\/v2\/media?parent=12935"}],"wp:term":[{"taxonomy":"product_brand","embeddable":true,"href":"https:\/\/lda.be\/fr\/wp-json\/wp\/v2\/product_brand?post=12935"},{"taxonomy":"product_cat","embeddable":true,"href":"https:\/\/lda.be\/fr\/wp-json\/wp\/v2\/product_cat?post=12935"},{"taxonomy":"product_tag","embeddable":true,"href":"https:\/\/lda.be\/fr\/wp-json\/wp\/v2\/product_tag?post=12935"}],"curies":[{"name":"wp","href":"https:\/\/api.w.org\/{rel}","templated":true}]}}