{"id":12984,"date":"2025-10-22T12:47:38","date_gmt":"2025-10-22T11:47:38","guid":{"rendered":"https:\/\/lda.be\/?post_type=product&#038;p=12984"},"modified":"2025-10-22T12:54:39","modified_gmt":"2025-10-22T11:54:39","slug":"cswx-actionneurs-integres-compact-servoweld","status":"publish","type":"product","link":"https:\/\/lda.be\/fr\/produit\/cswx-actionneurs-integres-compact-servoweld\/","title":{"rendered":"CSWX actionneurs int\u00e9gr\u00e9s compact servoWeld\u00ae"},"content":{"rendered":"<p>Le servomoteur CSWX Compact ServoWeld\u00ae est un servomoteur int\u00e9gr\u00e9 sp\u00e9cialement con\u00e7u pour le soudage par points par r\u00e9sistance (RSW). Ce servomoteur offre une puissance \u00e9lev\u00e9e dans un format compact, avec une conception modulaire qui s&#8217;adapte facilement aux diff\u00e9rentes exigences des projets. Le CSWX est con\u00e7u pour une longue dur\u00e9e de vie et des performances fiables, avec une vis \u00e0 rouleaux standard pour une capacit\u00e9 de charge dynamique maximale. Avec des options telles que le refroidissement par eau et la r\u00e9troaction de force, le CSWX est id\u00e9al pour l&#8217;automatisation dans l&#8217;industrie automobile et d&#8217;autres applications de soudage.<\/p>\n","protected":false},"excerpt":{"rendered":"<p>Le servomoteur CSWX Compact ServoWeld\u00ae est un servomoteur int\u00e9gr\u00e9 sp\u00e9cialement con\u00e7u pour le soudage par points par r\u00e9sistance (RSW). Ce servomoteur offre une puissance \u00e9lev\u00e9e dans un format compact, avec une conception modulaire qui s&#8217;adapte facilement aux diff\u00e9rentes exigences des projets. Le CSWX est con\u00e7u pour une longue dur\u00e9e de vie et des performances fiables, [&hellip;]<\/p>\n","protected":false},"featured_media":12982,"comment_status":"closed","ping_status":"closed","template":"","meta":[],"product_brand":[1797],"product_cat":[874],"product_tag":[],"class_list":{"0":"post-12984","1":"product","2":"type-product","3":"status-publish","4":"has-post-thumbnail","6":"product_brand-tolomatic","7":"product_cat-actionneur-a-tige","9":"first","10":"instock","11":"shipping-taxable","12":"product-type-simple"},"yoast_head":"<!-- This site is optimized with the Yoast SEO plugin v27.3 - https:\/\/yoast.com\/product\/yoast-seo-wordpress\/ -->\n<title>CSWX actionneurs int\u00e9gr\u00e9s compact servoWeld\u00ae - LDA Belgique<\/title>\n<meta name=\"description\" content=\"Actionneur CSWX Compact ServoWeld\u00ae : actionneur servo puissant et compact pour le soudage par points. Force de 18 kN, plus de 30 millions de cycles de soudage. Modulaire, durable et pr\u00e9cis. Id\u00e9al pour l&#039;industrie automobile et l&#039;automatisation.\" \/>\n<meta name=\"robots\" content=\"index, follow, max-snippet:-1, max-image-preview:large, max-video-preview:-1\" \/>\n<link rel=\"canonical\" href=\"https:\/\/lda.be\/fr\/produit\/cswx-actionneurs-integres-compact-servoweld\/\" \/>\n<meta property=\"og:locale\" content=\"fr_FR\" \/>\n<meta property=\"og:type\" content=\"article\" \/>\n<meta property=\"og:title\" content=\"CSWX actionneurs int\u00e9gr\u00e9s compact servoWeld\u00ae - LDA Belgique\" \/>\n<meta property=\"og:description\" content=\"Actionneur CSWX Compact ServoWeld\u00ae : actionneur servo puissant et compact pour le soudage par points. Force de 18 kN, plus de 30 millions de cycles de soudage. Modulaire, durable et pr\u00e9cis. Id\u00e9al pour l&#039;industrie automobile et l&#039;automatisation.\" \/>\n<meta property=\"og:url\" content=\"https:\/\/lda.be\/fr\/produit\/cswx-actionneurs-integres-compact-servoweld\/\" \/>\n<meta property=\"og:site_name\" content=\"LDA Belgique\" \/>\n<meta property=\"article:modified_time\" content=\"2025-10-22T11:54:39+00:00\" \/>\n<meta property=\"og:image\" content=\"https:\/\/lda.be\/wp-content\/uploads\/2025\/10\/CSWX.webp\" \/>\n\t<meta property=\"og:image:width\" content=\"800\" \/>\n\t<meta property=\"og:image:height\" content=\"800\" \/>\n\t<meta property=\"og:image:type\" content=\"image\/webp\" \/>\n<meta name=\"twitter:card\" content=\"summary_large_image\" \/>\n<meta name=\"twitter:label1\" content=\"Dur\u00e9e de lecture estim\u00e9e\" \/>\n\t<meta name=\"twitter:data1\" content=\"1 minute\" \/>\n<script type=\"application\/ld+json\" class=\"yoast-schema-graph\">{\"@context\":\"https:\\\/\\\/schema.org\",\"@graph\":[{\"@type\":\"WebPage\",\"@id\":\"https:\\\/\\\/lda.be\\\/fr\\\/produit\\\/cswx-actionneurs-integres-compact-servoweld\\\/\",\"url\":\"https:\\\/\\\/lda.be\\\/fr\\\/produit\\\/cswx-actionneurs-integres-compact-servoweld\\\/\",\"name\":\"CSWX actionneurs int\u00e9gr\u00e9s compact servoWeld\u00ae - LDA Belgique\",\"isPartOf\":{\"@id\":\"https:\\\/\\\/lda.be\\\/fr\\\/#website\"},\"primaryImageOfPage\":{\"@id\":\"https:\\\/\\\/lda.be\\\/fr\\\/produit\\\/cswx-actionneurs-integres-compact-servoweld\\\/#primaryimage\"},\"image\":{\"@id\":\"https:\\\/\\\/lda.be\\\/fr\\\/produit\\\/cswx-actionneurs-integres-compact-servoweld\\\/#primaryimage\"},\"thumbnailUrl\":\"https:\\\/\\\/lda.be\\\/wp-content\\\/uploads\\\/2025\\\/10\\\/CSWX.webp\",\"datePublished\":\"2025-10-22T11:47:38+00:00\",\"dateModified\":\"2025-10-22T11:54:39+00:00\",\"description\":\"Actionneur CSWX Compact ServoWeld\u00ae : actionneur servo puissant et compact pour le soudage par points. Force de 18 kN, plus de 30 millions de cycles de soudage. Modulaire, durable et pr\u00e9cis. Id\u00e9al pour l'industrie automobile et l'automatisation.\",\"breadcrumb\":{\"@id\":\"https:\\\/\\\/lda.be\\\/fr\\\/produit\\\/cswx-actionneurs-integres-compact-servoweld\\\/#breadcrumb\"},\"inLanguage\":\"fr-FR\",\"potentialAction\":[{\"@type\":\"ReadAction\",\"target\":[\"https:\\\/\\\/lda.be\\\/fr\\\/produit\\\/cswx-actionneurs-integres-compact-servoweld\\\/\"]}]},{\"@type\":\"ImageObject\",\"inLanguage\":\"fr-FR\",\"@id\":\"https:\\\/\\\/lda.be\\\/fr\\\/produit\\\/cswx-actionneurs-integres-compact-servoweld\\\/#primaryimage\",\"url\":\"https:\\\/\\\/lda.be\\\/wp-content\\\/uploads\\\/2025\\\/10\\\/CSWX.webp\",\"contentUrl\":\"https:\\\/\\\/lda.be\\\/wp-content\\\/uploads\\\/2025\\\/10\\\/CSWX.webp\",\"width\":800,\"height\":800,\"caption\":\"CSWX servoweld\"},{\"@type\":\"BreadcrumbList\",\"@id\":\"https:\\\/\\\/lda.be\\\/fr\\\/produit\\\/cswx-actionneurs-integres-compact-servoweld\\\/#breadcrumb\",\"itemListElement\":[{\"@type\":\"ListItem\",\"position\":1,\"name\":\"Accueil\",\"item\":\"https:\\\/\\\/lda.be\\\/fr\\\/\"},{\"@type\":\"ListItem\",\"position\":2,\"name\":\"Produits\",\"item\":\"https:\\\/\\\/lda.be\\\/fr\\\/produits\\\/\"},{\"@type\":\"ListItem\",\"position\":3,\"name\":\"CSWX actionneurs int\u00e9gr\u00e9s compact servoWeld\u00ae\"}]},{\"@type\":\"WebSite\",\"@id\":\"https:\\\/\\\/lda.be\\\/fr\\\/#website\",\"url\":\"https:\\\/\\\/lda.be\\\/fr\\\/\",\"name\":\"LDA Belgium\",\"description\":\"Solutions For Life\",\"publisher\":{\"@id\":\"https:\\\/\\\/lda.be\\\/fr\\\/#organization\"},\"potentialAction\":[{\"@type\":\"SearchAction\",\"target\":{\"@type\":\"EntryPoint\",\"urlTemplate\":\"https:\\\/\\\/lda.be\\\/fr\\\/?s={search_term_string}\"},\"query-input\":{\"@type\":\"PropertyValueSpecification\",\"valueRequired\":true,\"valueName\":\"search_term_string\"}}],\"inLanguage\":\"fr-FR\"},{\"@type\":\"Organization\",\"@id\":\"https:\\\/\\\/lda.be\\\/fr\\\/#organization\",\"name\":\"LDA Belgium\",\"url\":\"https:\\\/\\\/lda.be\\\/fr\\\/\",\"logo\":{\"@type\":\"ImageObject\",\"inLanguage\":\"fr-FR\",\"@id\":\"https:\\\/\\\/lda.be\\\/fr\\\/#\\\/schema\\\/logo\\\/image\\\/\",\"url\":\"https:\\\/\\\/lda.be\\\/wp-content\\\/uploads\\\/2022\\\/07\\\/Logo-LDA.webp\",\"contentUrl\":\"https:\\\/\\\/lda.be\\\/wp-content\\\/uploads\\\/2022\\\/07\\\/Logo-LDA.webp\",\"width\":311,\"height\":101,\"caption\":\"LDA Belgium\"},\"image\":{\"@id\":\"https:\\\/\\\/lda.be\\\/fr\\\/#\\\/schema\\\/logo\\\/image\\\/\"},\"sameAs\":[\"https:\\\/\\\/www.linkedin.com\\\/company\\\/lda-belgium-nv\"]}]}<\/script>\n<!-- \/ Yoast SEO plugin. -->","yoast_head_json":{"title":"CSWX actionneurs int\u00e9gr\u00e9s compact servoWeld\u00ae - LDA Belgique","description":"Actionneur CSWX Compact ServoWeld\u00ae : actionneur servo puissant et compact pour le soudage par points. Force de 18 kN, plus de 30 millions de cycles de soudage. Modulaire, durable et pr\u00e9cis. Id\u00e9al pour l'industrie automobile et l'automatisation.","robots":{"index":"index","follow":"follow","max-snippet":"max-snippet:-1","max-image-preview":"max-image-preview:large","max-video-preview":"max-video-preview:-1"},"canonical":"https:\/\/lda.be\/fr\/produit\/cswx-actionneurs-integres-compact-servoweld\/","og_locale":"fr_FR","og_type":"article","og_title":"CSWX actionneurs int\u00e9gr\u00e9s compact servoWeld\u00ae - LDA Belgique","og_description":"Actionneur CSWX Compact ServoWeld\u00ae : actionneur servo puissant et compact pour le soudage par points. Force de 18 kN, plus de 30 millions de cycles de soudage. Modulaire, durable et pr\u00e9cis. Id\u00e9al pour l'industrie automobile et l'automatisation.","og_url":"https:\/\/lda.be\/fr\/produit\/cswx-actionneurs-integres-compact-servoweld\/","og_site_name":"LDA Belgique","article_modified_time":"2025-10-22T11:54:39+00:00","og_image":[{"width":800,"height":800,"url":"https:\/\/lda.be\/wp-content\/uploads\/2025\/10\/CSWX.webp","type":"image\/webp"}],"twitter_card":"summary_large_image","twitter_misc":{"Dur\u00e9e de lecture estim\u00e9e":"1 minute"},"schema":{"@context":"https:\/\/schema.org","@graph":[{"@type":"WebPage","@id":"https:\/\/lda.be\/fr\/produit\/cswx-actionneurs-integres-compact-servoweld\/","url":"https:\/\/lda.be\/fr\/produit\/cswx-actionneurs-integres-compact-servoweld\/","name":"CSWX actionneurs int\u00e9gr\u00e9s compact servoWeld\u00ae - LDA Belgique","isPartOf":{"@id":"https:\/\/lda.be\/fr\/#website"},"primaryImageOfPage":{"@id":"https:\/\/lda.be\/fr\/produit\/cswx-actionneurs-integres-compact-servoweld\/#primaryimage"},"image":{"@id":"https:\/\/lda.be\/fr\/produit\/cswx-actionneurs-integres-compact-servoweld\/#primaryimage"},"thumbnailUrl":"https:\/\/lda.be\/wp-content\/uploads\/2025\/10\/CSWX.webp","datePublished":"2025-10-22T11:47:38+00:00","dateModified":"2025-10-22T11:54:39+00:00","description":"Actionneur CSWX Compact ServoWeld\u00ae : actionneur servo puissant et compact pour le soudage par points. Force de 18 kN, plus de 30 millions de cycles de soudage. Modulaire, durable et pr\u00e9cis. Id\u00e9al pour l'industrie automobile et l'automatisation.","breadcrumb":{"@id":"https:\/\/lda.be\/fr\/produit\/cswx-actionneurs-integres-compact-servoweld\/#breadcrumb"},"inLanguage":"fr-FR","potentialAction":[{"@type":"ReadAction","target":["https:\/\/lda.be\/fr\/produit\/cswx-actionneurs-integres-compact-servoweld\/"]}]},{"@type":"ImageObject","inLanguage":"fr-FR","@id":"https:\/\/lda.be\/fr\/produit\/cswx-actionneurs-integres-compact-servoweld\/#primaryimage","url":"https:\/\/lda.be\/wp-content\/uploads\/2025\/10\/CSWX.webp","contentUrl":"https:\/\/lda.be\/wp-content\/uploads\/2025\/10\/CSWX.webp","width":800,"height":800,"caption":"CSWX servoweld"},{"@type":"BreadcrumbList","@id":"https:\/\/lda.be\/fr\/produit\/cswx-actionneurs-integres-compact-servoweld\/#breadcrumb","itemListElement":[{"@type":"ListItem","position":1,"name":"Accueil","item":"https:\/\/lda.be\/fr\/"},{"@type":"ListItem","position":2,"name":"Produits","item":"https:\/\/lda.be\/fr\/produits\/"},{"@type":"ListItem","position":3,"name":"CSWX actionneurs int\u00e9gr\u00e9s compact servoWeld\u00ae"}]},{"@type":"WebSite","@id":"https:\/\/lda.be\/fr\/#website","url":"https:\/\/lda.be\/fr\/","name":"LDA Belgium","description":"Solutions For Life","publisher":{"@id":"https:\/\/lda.be\/fr\/#organization"},"potentialAction":[{"@type":"SearchAction","target":{"@type":"EntryPoint","urlTemplate":"https:\/\/lda.be\/fr\/?s={search_term_string}"},"query-input":{"@type":"PropertyValueSpecification","valueRequired":true,"valueName":"search_term_string"}}],"inLanguage":"fr-FR"},{"@type":"Organization","@id":"https:\/\/lda.be\/fr\/#organization","name":"LDA Belgium","url":"https:\/\/lda.be\/fr\/","logo":{"@type":"ImageObject","inLanguage":"fr-FR","@id":"https:\/\/lda.be\/fr\/#\/schema\/logo\/image\/","url":"https:\/\/lda.be\/wp-content\/uploads\/2022\/07\/Logo-LDA.webp","contentUrl":"https:\/\/lda.be\/wp-content\/uploads\/2022\/07\/Logo-LDA.webp","width":311,"height":101,"caption":"LDA Belgium"},"image":{"@id":"https:\/\/lda.be\/fr\/#\/schema\/logo\/image\/"},"sameAs":["https:\/\/www.linkedin.com\/company\/lda-belgium-nv"]}]}},"_links":{"self":[{"href":"https:\/\/lda.be\/fr\/wp-json\/wp\/v2\/product\/12984","targetHints":{"allow":["GET"]}}],"collection":[{"href":"https:\/\/lda.be\/fr\/wp-json\/wp\/v2\/product"}],"about":[{"href":"https:\/\/lda.be\/fr\/wp-json\/wp\/v2\/types\/product"}],"replies":[{"embeddable":true,"href":"https:\/\/lda.be\/fr\/wp-json\/wp\/v2\/comments?post=12984"}],"wp:featuredmedia":[{"embeddable":true,"href":"https:\/\/lda.be\/fr\/wp-json\/wp\/v2\/media\/12982"}],"wp:attachment":[{"href":"https:\/\/lda.be\/fr\/wp-json\/wp\/v2\/media?parent=12984"}],"wp:term":[{"taxonomy":"product_brand","embeddable":true,"href":"https:\/\/lda.be\/fr\/wp-json\/wp\/v2\/product_brand?post=12984"},{"taxonomy":"product_cat","embeddable":true,"href":"https:\/\/lda.be\/fr\/wp-json\/wp\/v2\/product_cat?post=12984"},{"taxonomy":"product_tag","embeddable":true,"href":"https:\/\/lda.be\/fr\/wp-json\/wp\/v2\/product_tag?post=12984"}],"curies":[{"name":"wp","href":"https:\/\/api.w.org\/{rel}","templated":true}]}}