{"id":12996,"date":"2025-10-22T13:26:12","date_gmt":"2025-10-22T12:26:12","guid":{"rendered":"https:\/\/lda.be\/?post_type=product&#038;p=12996"},"modified":"2025-10-22T13:44:06","modified_gmt":"2025-10-22T12:44:06","slug":"swa-swb-servoweld-actionneurs-electriques","status":"publish","type":"product","link":"https:\/\/lda.be\/fr\/produit\/swa-swb-servoweld-actionneurs-electriques\/","title":{"rendered":"SWA\/SWB ServoWeld\u00ae actionneurs \u00e9lectriques"},"content":{"rendered":"<p>Les actionneurs ServoWeld SWA et SWB de Tolomatic sont con\u00e7us pour le soudage par r\u00e9sistance. Leur technologie de vis \u00e0 rouleaux offre une capacit\u00e9 de charge dynamique sup\u00e9rieure et une dur\u00e9e de vie plus longue que les technologies concurrentes. Ces actionneurs garantissent une r\u00e9p\u00e9tabilit\u00e9 de force de \u00b13% sur leur dur\u00e9e de vie. L\u00e9gers et \u00e9quip\u00e9s d\u2019options comme le refroidissement par eau ils conviennent aux environnements robotis\u00e9s et aux processus de soudage intensifs. La s\u00e9rie SWA atteint une force de pointe de 24 kN et la s\u00e9rie SWB 22,0 kN. Les deux mod\u00e8les supportent des forces de pouss\u00e9e et de traction et sont compatibles avec divers robots comme ABB Fanuc et Kuka.<\/p>\n","protected":false},"excerpt":{"rendered":"<p>Les actionneurs ServoWeld SWA et SWB de Tolomatic sont con\u00e7us pour le soudage par r\u00e9sistance. Leur technologie de vis \u00e0 rouleaux offre une capacit\u00e9 de charge dynamique sup\u00e9rieure et une dur\u00e9e de vie plus longue que les technologies concurrentes. Ces actionneurs garantissent une r\u00e9p\u00e9tabilit\u00e9 de force de \u00b13% sur leur dur\u00e9e de vie. L\u00e9gers et [&hellip;]<\/p>\n","protected":false},"featured_media":12992,"comment_status":"closed","ping_status":"closed","template":"","meta":[],"product_brand":[1797],"product_cat":[874],"product_tag":[],"class_list":{"0":"post-12996","1":"product","2":"type-product","3":"status-publish","4":"has-post-thumbnail","6":"product_brand-tolomatic","7":"product_cat-actionneur-a-tige","9":"first","10":"instock","11":"shipping-taxable","12":"product-type-simple"},"yoast_head":"<!-- This site is optimized with the Yoast SEO plugin v27.3 - https:\/\/yoast.com\/product\/yoast-seo-wordpress\/ -->\n<title>SWA\/SWB ServoWeld\u00ae actionneurs \u00e9lectriques - LDA Belgique<\/title>\n<meta name=\"robots\" content=\"index, follow, max-snippet:-1, max-image-preview:large, max-video-preview:-1\" \/>\n<link rel=\"canonical\" href=\"https:\/\/lda.be\/fr\/produit\/swa-swb-servoweld-actionneurs-electriques\/\" \/>\n<meta property=\"og:locale\" content=\"fr_FR\" \/>\n<meta property=\"og:type\" content=\"article\" \/>\n<meta property=\"og:title\" content=\"SWA\/SWB ServoWeld\u00ae actionneurs \u00e9lectriques - LDA Belgique\" \/>\n<meta property=\"og:description\" content=\"Les actionneurs ServoWeld SWA et SWB de Tolomatic sont con\u00e7us pour le soudage par r\u00e9sistance. Leur technologie de vis \u00e0 rouleaux offre une capacit\u00e9 de charge dynamique sup\u00e9rieure et une dur\u00e9e de vie plus longue que les technologies concurrentes. Ces actionneurs garantissent une r\u00e9p\u00e9tabilit\u00e9 de force de \u00b13% sur leur dur\u00e9e de vie. L\u00e9gers et [&hellip;]\" \/>\n<meta property=\"og:url\" content=\"https:\/\/lda.be\/fr\/produit\/swa-swb-servoweld-actionneurs-electriques\/\" \/>\n<meta property=\"og:site_name\" content=\"LDA Belgique\" \/>\n<meta property=\"article:modified_time\" content=\"2025-10-22T12:44:06+00:00\" \/>\n<meta property=\"og:image\" content=\"https:\/\/lda.be\/wp-content\/uploads\/2025\/10\/SWA-en-SWB.webp\" \/>\n\t<meta property=\"og:image:width\" content=\"800\" \/>\n\t<meta property=\"og:image:height\" content=\"800\" \/>\n\t<meta property=\"og:image:type\" content=\"image\/webp\" \/>\n<meta name=\"twitter:card\" content=\"summary_large_image\" \/>\n<meta name=\"twitter:label1\" content=\"Dur\u00e9e de lecture estim\u00e9e\" \/>\n\t<meta name=\"twitter:data1\" content=\"1 minute\" \/>\n<script type=\"application\/ld+json\" class=\"yoast-schema-graph\">{\"@context\":\"https:\\\/\\\/schema.org\",\"@graph\":[{\"@type\":\"WebPage\",\"@id\":\"https:\\\/\\\/lda.be\\\/fr\\\/produit\\\/swa-swb-servoweld-actionneurs-electriques\\\/\",\"url\":\"https:\\\/\\\/lda.be\\\/fr\\\/produit\\\/swa-swb-servoweld-actionneurs-electriques\\\/\",\"name\":\"SWA\\\/SWB ServoWeld\u00ae actionneurs \u00e9lectriques - LDA Belgique\",\"isPartOf\":{\"@id\":\"https:\\\/\\\/lda.be\\\/fr\\\/#website\"},\"primaryImageOfPage\":{\"@id\":\"https:\\\/\\\/lda.be\\\/fr\\\/produit\\\/swa-swb-servoweld-actionneurs-electriques\\\/#primaryimage\"},\"image\":{\"@id\":\"https:\\\/\\\/lda.be\\\/fr\\\/produit\\\/swa-swb-servoweld-actionneurs-electriques\\\/#primaryimage\"},\"thumbnailUrl\":\"https:\\\/\\\/lda.be\\\/wp-content\\\/uploads\\\/2025\\\/10\\\/SWA-en-SWB.webp\",\"datePublished\":\"2025-10-22T12:26:12+00:00\",\"dateModified\":\"2025-10-22T12:44:06+00:00\",\"breadcrumb\":{\"@id\":\"https:\\\/\\\/lda.be\\\/fr\\\/produit\\\/swa-swb-servoweld-actionneurs-electriques\\\/#breadcrumb\"},\"inLanguage\":\"fr-FR\",\"potentialAction\":[{\"@type\":\"ReadAction\",\"target\":[\"https:\\\/\\\/lda.be\\\/fr\\\/produit\\\/swa-swb-servoweld-actionneurs-electriques\\\/\"]}]},{\"@type\":\"ImageObject\",\"inLanguage\":\"fr-FR\",\"@id\":\"https:\\\/\\\/lda.be\\\/fr\\\/produit\\\/swa-swb-servoweld-actionneurs-electriques\\\/#primaryimage\",\"url\":\"https:\\\/\\\/lda.be\\\/wp-content\\\/uploads\\\/2025\\\/10\\\/SWA-en-SWB.webp\",\"contentUrl\":\"https:\\\/\\\/lda.be\\\/wp-content\\\/uploads\\\/2025\\\/10\\\/SWA-en-SWB.webp\",\"width\":800,\"height\":800,\"caption\":\"SWA en SWB\"},{\"@type\":\"BreadcrumbList\",\"@id\":\"https:\\\/\\\/lda.be\\\/fr\\\/produit\\\/swa-swb-servoweld-actionneurs-electriques\\\/#breadcrumb\",\"itemListElement\":[{\"@type\":\"ListItem\",\"position\":1,\"name\":\"Accueil\",\"item\":\"https:\\\/\\\/lda.be\\\/fr\\\/\"},{\"@type\":\"ListItem\",\"position\":2,\"name\":\"Produits\",\"item\":\"https:\\\/\\\/lda.be\\\/fr\\\/produits\\\/\"},{\"@type\":\"ListItem\",\"position\":3,\"name\":\"SWA\\\/SWB ServoWeld\u00ae actionneurs \u00e9lectriques\"}]},{\"@type\":\"WebSite\",\"@id\":\"https:\\\/\\\/lda.be\\\/fr\\\/#website\",\"url\":\"https:\\\/\\\/lda.be\\\/fr\\\/\",\"name\":\"LDA Belgium\",\"description\":\"Solutions For Life\",\"publisher\":{\"@id\":\"https:\\\/\\\/lda.be\\\/fr\\\/#organization\"},\"potentialAction\":[{\"@type\":\"SearchAction\",\"target\":{\"@type\":\"EntryPoint\",\"urlTemplate\":\"https:\\\/\\\/lda.be\\\/fr\\\/?s={search_term_string}\"},\"query-input\":{\"@type\":\"PropertyValueSpecification\",\"valueRequired\":true,\"valueName\":\"search_term_string\"}}],\"inLanguage\":\"fr-FR\"},{\"@type\":\"Organization\",\"@id\":\"https:\\\/\\\/lda.be\\\/fr\\\/#organization\",\"name\":\"LDA Belgium\",\"url\":\"https:\\\/\\\/lda.be\\\/fr\\\/\",\"logo\":{\"@type\":\"ImageObject\",\"inLanguage\":\"fr-FR\",\"@id\":\"https:\\\/\\\/lda.be\\\/fr\\\/#\\\/schema\\\/logo\\\/image\\\/\",\"url\":\"https:\\\/\\\/lda.be\\\/wp-content\\\/uploads\\\/2022\\\/07\\\/Logo-LDA.webp\",\"contentUrl\":\"https:\\\/\\\/lda.be\\\/wp-content\\\/uploads\\\/2022\\\/07\\\/Logo-LDA.webp\",\"width\":311,\"height\":101,\"caption\":\"LDA Belgium\"},\"image\":{\"@id\":\"https:\\\/\\\/lda.be\\\/fr\\\/#\\\/schema\\\/logo\\\/image\\\/\"},\"sameAs\":[\"https:\\\/\\\/www.linkedin.com\\\/company\\\/lda-belgium-nv\"]}]}<\/script>\n<!-- \/ Yoast SEO plugin. -->","yoast_head_json":{"title":"SWA\/SWB ServoWeld\u00ae actionneurs \u00e9lectriques - LDA Belgique","robots":{"index":"index","follow":"follow","max-snippet":"max-snippet:-1","max-image-preview":"max-image-preview:large","max-video-preview":"max-video-preview:-1"},"canonical":"https:\/\/lda.be\/fr\/produit\/swa-swb-servoweld-actionneurs-electriques\/","og_locale":"fr_FR","og_type":"article","og_title":"SWA\/SWB ServoWeld\u00ae actionneurs \u00e9lectriques - LDA Belgique","og_description":"Les actionneurs ServoWeld SWA et SWB de Tolomatic sont con\u00e7us pour le soudage par r\u00e9sistance. Leur technologie de vis \u00e0 rouleaux offre une capacit\u00e9 de charge dynamique sup\u00e9rieure et une dur\u00e9e de vie plus longue que les technologies concurrentes. Ces actionneurs garantissent une r\u00e9p\u00e9tabilit\u00e9 de force de \u00b13% sur leur dur\u00e9e de vie. L\u00e9gers et [&hellip;]","og_url":"https:\/\/lda.be\/fr\/produit\/swa-swb-servoweld-actionneurs-electriques\/","og_site_name":"LDA Belgique","article_modified_time":"2025-10-22T12:44:06+00:00","og_image":[{"width":800,"height":800,"url":"https:\/\/lda.be\/wp-content\/uploads\/2025\/10\/SWA-en-SWB.webp","type":"image\/webp"}],"twitter_card":"summary_large_image","twitter_misc":{"Dur\u00e9e de lecture estim\u00e9e":"1 minute"},"schema":{"@context":"https:\/\/schema.org","@graph":[{"@type":"WebPage","@id":"https:\/\/lda.be\/fr\/produit\/swa-swb-servoweld-actionneurs-electriques\/","url":"https:\/\/lda.be\/fr\/produit\/swa-swb-servoweld-actionneurs-electriques\/","name":"SWA\/SWB ServoWeld\u00ae actionneurs \u00e9lectriques - LDA Belgique","isPartOf":{"@id":"https:\/\/lda.be\/fr\/#website"},"primaryImageOfPage":{"@id":"https:\/\/lda.be\/fr\/produit\/swa-swb-servoweld-actionneurs-electriques\/#primaryimage"},"image":{"@id":"https:\/\/lda.be\/fr\/produit\/swa-swb-servoweld-actionneurs-electriques\/#primaryimage"},"thumbnailUrl":"https:\/\/lda.be\/wp-content\/uploads\/2025\/10\/SWA-en-SWB.webp","datePublished":"2025-10-22T12:26:12+00:00","dateModified":"2025-10-22T12:44:06+00:00","breadcrumb":{"@id":"https:\/\/lda.be\/fr\/produit\/swa-swb-servoweld-actionneurs-electriques\/#breadcrumb"},"inLanguage":"fr-FR","potentialAction":[{"@type":"ReadAction","target":["https:\/\/lda.be\/fr\/produit\/swa-swb-servoweld-actionneurs-electriques\/"]}]},{"@type":"ImageObject","inLanguage":"fr-FR","@id":"https:\/\/lda.be\/fr\/produit\/swa-swb-servoweld-actionneurs-electriques\/#primaryimage","url":"https:\/\/lda.be\/wp-content\/uploads\/2025\/10\/SWA-en-SWB.webp","contentUrl":"https:\/\/lda.be\/wp-content\/uploads\/2025\/10\/SWA-en-SWB.webp","width":800,"height":800,"caption":"SWA en SWB"},{"@type":"BreadcrumbList","@id":"https:\/\/lda.be\/fr\/produit\/swa-swb-servoweld-actionneurs-electriques\/#breadcrumb","itemListElement":[{"@type":"ListItem","position":1,"name":"Accueil","item":"https:\/\/lda.be\/fr\/"},{"@type":"ListItem","position":2,"name":"Produits","item":"https:\/\/lda.be\/fr\/produits\/"},{"@type":"ListItem","position":3,"name":"SWA\/SWB ServoWeld\u00ae actionneurs \u00e9lectriques"}]},{"@type":"WebSite","@id":"https:\/\/lda.be\/fr\/#website","url":"https:\/\/lda.be\/fr\/","name":"LDA Belgium","description":"Solutions For Life","publisher":{"@id":"https:\/\/lda.be\/fr\/#organization"},"potentialAction":[{"@type":"SearchAction","target":{"@type":"EntryPoint","urlTemplate":"https:\/\/lda.be\/fr\/?s={search_term_string}"},"query-input":{"@type":"PropertyValueSpecification","valueRequired":true,"valueName":"search_term_string"}}],"inLanguage":"fr-FR"},{"@type":"Organization","@id":"https:\/\/lda.be\/fr\/#organization","name":"LDA Belgium","url":"https:\/\/lda.be\/fr\/","logo":{"@type":"ImageObject","inLanguage":"fr-FR","@id":"https:\/\/lda.be\/fr\/#\/schema\/logo\/image\/","url":"https:\/\/lda.be\/wp-content\/uploads\/2022\/07\/Logo-LDA.webp","contentUrl":"https:\/\/lda.be\/wp-content\/uploads\/2022\/07\/Logo-LDA.webp","width":311,"height":101,"caption":"LDA Belgium"},"image":{"@id":"https:\/\/lda.be\/fr\/#\/schema\/logo\/image\/"},"sameAs":["https:\/\/www.linkedin.com\/company\/lda-belgium-nv"]}]}},"_links":{"self":[{"href":"https:\/\/lda.be\/fr\/wp-json\/wp\/v2\/product\/12996","targetHints":{"allow":["GET"]}}],"collection":[{"href":"https:\/\/lda.be\/fr\/wp-json\/wp\/v2\/product"}],"about":[{"href":"https:\/\/lda.be\/fr\/wp-json\/wp\/v2\/types\/product"}],"replies":[{"embeddable":true,"href":"https:\/\/lda.be\/fr\/wp-json\/wp\/v2\/comments?post=12996"}],"wp:featuredmedia":[{"embeddable":true,"href":"https:\/\/lda.be\/fr\/wp-json\/wp\/v2\/media\/12992"}],"wp:attachment":[{"href":"https:\/\/lda.be\/fr\/wp-json\/wp\/v2\/media?parent=12996"}],"wp:term":[{"taxonomy":"product_brand","embeddable":true,"href":"https:\/\/lda.be\/fr\/wp-json\/wp\/v2\/product_brand?post=12996"},{"taxonomy":"product_cat","embeddable":true,"href":"https:\/\/lda.be\/fr\/wp-json\/wp\/v2\/product_cat?post=12996"},{"taxonomy":"product_tag","embeddable":true,"href":"https:\/\/lda.be\/fr\/wp-json\/wp\/v2\/product_tag?post=12996"}],"curies":[{"name":"wp","href":"https:\/\/api.w.org\/{rel}","templated":true}]}}