{"id":13007,"date":"2025-10-22T14:23:51","date_gmt":"2025-10-22T13:23:51","guid":{"rendered":"https:\/\/lda.be\/?post_type=product&#038;p=13007"},"modified":"2025-10-22T14:51:01","modified_gmt":"2025-10-22T13:51:01","slug":"gswa33-servoweld-actionneurs-electriques-a-verin","status":"publish","type":"product","link":"https:\/\/lda.be\/fr\/produit\/gswa33-servoweld-actionneurs-electriques-a-verin\/","title":{"rendered":"GSWA33 ServoWeld\u00ae actionneurs \u00e9lectriques \u00e0 v\u00e9rin"},"content":{"rendered":"<p>L&#8217;actionneur ServoWeld GSWA33 offre une pouss\u00e9e maximale de 2 100 lbf (9,3 kN) pour un poids r\u00e9duit, ce qui permet des mouvements plus rapides du robot et des cycles de soudage plus courts. Le GSWA33 peut \u00eatre utilis\u00e9 dans diverses applications de pistolets de soudage par points par r\u00e9sistance (pistolets \u00e0 pincement, pistolets X, pistolets C), y compris les pistolets de soudage qui n\u00e9cessitent que l&#8217;actionneur soit \u00e9quip\u00e9 d&#8217;un dispositif anti-rotation de la tige de pouss\u00e9e. Gr\u00e2ce \u00e0 une vis \u00e0 rouleaux standard, le GSWA33 offre la plus longue dur\u00e9e de vie (le plus grand nombre de soudures) de tous les actionneurs de soudage par points disponibles sur le march\u00e9 dans sa cat\u00e9gorie de taille, de poids et de force. Les servo-actionneurs de soudage par points GSWA33 sont tr\u00e8s efficaces et leur large gamme de performances leur permet de g\u00e9rer facilement plusieurs programmes de soudage et de s&#8217;adapter \u00e0 diff\u00e9rents mat\u00e9riaux\/\u00e9paisseurs de mat\u00e9riaux dans le soudage par points par r\u00e9sistance.<\/p>\n","protected":false},"excerpt":{"rendered":"<p>L&#8217;actionneur ServoWeld GSWA33 offre une pouss\u00e9e maximale de 2 100 lbf (9,3 kN) pour un poids r\u00e9duit, ce qui permet des mouvements plus rapides du robot et des cycles de soudage plus courts. Le GSWA33 peut \u00eatre utilis\u00e9 dans diverses applications de pistolets de soudage par points par r\u00e9sistance (pistolets \u00e0 pincement, pistolets X, pistolets [&hellip;]<\/p>\n","protected":false},"featured_media":13003,"comment_status":"closed","ping_status":"closed","template":"","meta":[],"product_brand":[1797],"product_cat":[874],"product_tag":[],"class_list":{"0":"post-13007","1":"product","2":"type-product","3":"status-publish","4":"has-post-thumbnail","6":"product_brand-tolomatic","7":"product_cat-actionneur-a-tige","9":"first","10":"instock","11":"shipping-taxable","12":"product-type-simple"},"yoast_head":"<!-- This site is optimized with the Yoast SEO plugin v27.3 - https:\/\/yoast.com\/product\/yoast-seo-wordpress\/ -->\n<title>GSWA33 ServoWeld\u00ae actionneurs \u00e9lectriques \u00e0 v\u00e9rin - LDA Belgique<\/title>\n<meta name=\"description\" content=\"Actionneur ServoWeld\u00ae GSWA33 pour soudage par r\u00e9sistance : 9,3 kN 457 mm de course et 20 millions de cycles. L\u00e9ger efficace et fiable.\" \/>\n<meta name=\"robots\" content=\"index, follow, max-snippet:-1, max-image-preview:large, max-video-preview:-1\" \/>\n<link rel=\"canonical\" href=\"https:\/\/lda.be\/fr\/produit\/gswa33-servoweld-actionneurs-electriques-a-verin\/\" \/>\n<meta property=\"og:locale\" content=\"fr_FR\" \/>\n<meta property=\"og:type\" content=\"article\" \/>\n<meta property=\"og:title\" content=\"GSWA33 ServoWeld\u00ae actionneurs \u00e9lectriques \u00e0 v\u00e9rin - LDA Belgique\" \/>\n<meta property=\"og:description\" content=\"Actionneur ServoWeld\u00ae GSWA33 pour soudage par r\u00e9sistance : 9,3 kN 457 mm de course et 20 millions de cycles. L\u00e9ger efficace et fiable.\" \/>\n<meta property=\"og:url\" content=\"https:\/\/lda.be\/fr\/produit\/gswa33-servoweld-actionneurs-electriques-a-verin\/\" \/>\n<meta property=\"og:site_name\" content=\"LDA Belgique\" \/>\n<meta property=\"article:modified_time\" content=\"2025-10-22T13:51:01+00:00\" \/>\n<meta property=\"og:image\" content=\"https:\/\/lda.be\/wp-content\/uploads\/2025\/10\/GSWA33.webp\" \/>\n\t<meta property=\"og:image:width\" content=\"800\" \/>\n\t<meta property=\"og:image:height\" content=\"800\" \/>\n\t<meta property=\"og:image:type\" content=\"image\/webp\" \/>\n<meta name=\"twitter:card\" content=\"summary_large_image\" \/>\n<meta name=\"twitter:label1\" content=\"Dur\u00e9e de lecture estim\u00e9e\" \/>\n\t<meta name=\"twitter:data1\" content=\"1 minute\" \/>\n<script type=\"application\/ld+json\" class=\"yoast-schema-graph\">{\"@context\":\"https:\\\/\\\/schema.org\",\"@graph\":[{\"@type\":\"WebPage\",\"@id\":\"https:\\\/\\\/lda.be\\\/fr\\\/produit\\\/gswa33-servoweld-actionneurs-electriques-a-verin\\\/\",\"url\":\"https:\\\/\\\/lda.be\\\/fr\\\/produit\\\/gswa33-servoweld-actionneurs-electriques-a-verin\\\/\",\"name\":\"GSWA33 ServoWeld\u00ae actionneurs \u00e9lectriques \u00e0 v\u00e9rin - LDA Belgique\",\"isPartOf\":{\"@id\":\"https:\\\/\\\/lda.be\\\/fr\\\/#website\"},\"primaryImageOfPage\":{\"@id\":\"https:\\\/\\\/lda.be\\\/fr\\\/produit\\\/gswa33-servoweld-actionneurs-electriques-a-verin\\\/#primaryimage\"},\"image\":{\"@id\":\"https:\\\/\\\/lda.be\\\/fr\\\/produit\\\/gswa33-servoweld-actionneurs-electriques-a-verin\\\/#primaryimage\"},\"thumbnailUrl\":\"https:\\\/\\\/lda.be\\\/wp-content\\\/uploads\\\/2025\\\/10\\\/GSWA33.webp\",\"datePublished\":\"2025-10-22T13:23:51+00:00\",\"dateModified\":\"2025-10-22T13:51:01+00:00\",\"description\":\"Actionneur ServoWeld\u00ae GSWA33 pour soudage par r\u00e9sistance : 9,3 kN 457 mm de course et 20 millions de cycles. L\u00e9ger efficace et fiable.\",\"breadcrumb\":{\"@id\":\"https:\\\/\\\/lda.be\\\/fr\\\/produit\\\/gswa33-servoweld-actionneurs-electriques-a-verin\\\/#breadcrumb\"},\"inLanguage\":\"fr-FR\",\"potentialAction\":[{\"@type\":\"ReadAction\",\"target\":[\"https:\\\/\\\/lda.be\\\/fr\\\/produit\\\/gswa33-servoweld-actionneurs-electriques-a-verin\\\/\"]}]},{\"@type\":\"ImageObject\",\"inLanguage\":\"fr-FR\",\"@id\":\"https:\\\/\\\/lda.be\\\/fr\\\/produit\\\/gswa33-servoweld-actionneurs-electriques-a-verin\\\/#primaryimage\",\"url\":\"https:\\\/\\\/lda.be\\\/wp-content\\\/uploads\\\/2025\\\/10\\\/GSWA33.webp\",\"contentUrl\":\"https:\\\/\\\/lda.be\\\/wp-content\\\/uploads\\\/2025\\\/10\\\/GSWA33.webp\",\"width\":800,\"height\":800,\"caption\":\"GSWA33\"},{\"@type\":\"BreadcrumbList\",\"@id\":\"https:\\\/\\\/lda.be\\\/fr\\\/produit\\\/gswa33-servoweld-actionneurs-electriques-a-verin\\\/#breadcrumb\",\"itemListElement\":[{\"@type\":\"ListItem\",\"position\":1,\"name\":\"Accueil\",\"item\":\"https:\\\/\\\/lda.be\\\/fr\\\/\"},{\"@type\":\"ListItem\",\"position\":2,\"name\":\"Produits\",\"item\":\"https:\\\/\\\/lda.be\\\/fr\\\/produits\\\/\"},{\"@type\":\"ListItem\",\"position\":3,\"name\":\"GSWA33 ServoWeld\u00ae actionneurs \u00e9lectriques \u00e0 v\u00e9rin\"}]},{\"@type\":\"WebSite\",\"@id\":\"https:\\\/\\\/lda.be\\\/fr\\\/#website\",\"url\":\"https:\\\/\\\/lda.be\\\/fr\\\/\",\"name\":\"LDA Belgium\",\"description\":\"Solutions For Life\",\"publisher\":{\"@id\":\"https:\\\/\\\/lda.be\\\/fr\\\/#organization\"},\"potentialAction\":[{\"@type\":\"SearchAction\",\"target\":{\"@type\":\"EntryPoint\",\"urlTemplate\":\"https:\\\/\\\/lda.be\\\/fr\\\/?s={search_term_string}\"},\"query-input\":{\"@type\":\"PropertyValueSpecification\",\"valueRequired\":true,\"valueName\":\"search_term_string\"}}],\"inLanguage\":\"fr-FR\"},{\"@type\":\"Organization\",\"@id\":\"https:\\\/\\\/lda.be\\\/fr\\\/#organization\",\"name\":\"LDA Belgium\",\"url\":\"https:\\\/\\\/lda.be\\\/fr\\\/\",\"logo\":{\"@type\":\"ImageObject\",\"inLanguage\":\"fr-FR\",\"@id\":\"https:\\\/\\\/lda.be\\\/fr\\\/#\\\/schema\\\/logo\\\/image\\\/\",\"url\":\"https:\\\/\\\/lda.be\\\/wp-content\\\/uploads\\\/2022\\\/07\\\/Logo-LDA.webp\",\"contentUrl\":\"https:\\\/\\\/lda.be\\\/wp-content\\\/uploads\\\/2022\\\/07\\\/Logo-LDA.webp\",\"width\":311,\"height\":101,\"caption\":\"LDA Belgium\"},\"image\":{\"@id\":\"https:\\\/\\\/lda.be\\\/fr\\\/#\\\/schema\\\/logo\\\/image\\\/\"},\"sameAs\":[\"https:\\\/\\\/www.linkedin.com\\\/company\\\/lda-belgium-nv\"]}]}<\/script>\n<!-- \/ Yoast SEO plugin. -->","yoast_head_json":{"title":"GSWA33 ServoWeld\u00ae actionneurs \u00e9lectriques \u00e0 v\u00e9rin - LDA Belgique","description":"Actionneur ServoWeld\u00ae GSWA33 pour soudage par r\u00e9sistance : 9,3 kN 457 mm de course et 20 millions de cycles. L\u00e9ger efficace et fiable.","robots":{"index":"index","follow":"follow","max-snippet":"max-snippet:-1","max-image-preview":"max-image-preview:large","max-video-preview":"max-video-preview:-1"},"canonical":"https:\/\/lda.be\/fr\/produit\/gswa33-servoweld-actionneurs-electriques-a-verin\/","og_locale":"fr_FR","og_type":"article","og_title":"GSWA33 ServoWeld\u00ae actionneurs \u00e9lectriques \u00e0 v\u00e9rin - LDA Belgique","og_description":"Actionneur ServoWeld\u00ae GSWA33 pour soudage par r\u00e9sistance : 9,3 kN 457 mm de course et 20 millions de cycles. L\u00e9ger efficace et fiable.","og_url":"https:\/\/lda.be\/fr\/produit\/gswa33-servoweld-actionneurs-electriques-a-verin\/","og_site_name":"LDA Belgique","article_modified_time":"2025-10-22T13:51:01+00:00","og_image":[{"width":800,"height":800,"url":"https:\/\/lda.be\/wp-content\/uploads\/2025\/10\/GSWA33.webp","type":"image\/webp"}],"twitter_card":"summary_large_image","twitter_misc":{"Dur\u00e9e de lecture estim\u00e9e":"1 minute"},"schema":{"@context":"https:\/\/schema.org","@graph":[{"@type":"WebPage","@id":"https:\/\/lda.be\/fr\/produit\/gswa33-servoweld-actionneurs-electriques-a-verin\/","url":"https:\/\/lda.be\/fr\/produit\/gswa33-servoweld-actionneurs-electriques-a-verin\/","name":"GSWA33 ServoWeld\u00ae actionneurs \u00e9lectriques \u00e0 v\u00e9rin - LDA Belgique","isPartOf":{"@id":"https:\/\/lda.be\/fr\/#website"},"primaryImageOfPage":{"@id":"https:\/\/lda.be\/fr\/produit\/gswa33-servoweld-actionneurs-electriques-a-verin\/#primaryimage"},"image":{"@id":"https:\/\/lda.be\/fr\/produit\/gswa33-servoweld-actionneurs-electriques-a-verin\/#primaryimage"},"thumbnailUrl":"https:\/\/lda.be\/wp-content\/uploads\/2025\/10\/GSWA33.webp","datePublished":"2025-10-22T13:23:51+00:00","dateModified":"2025-10-22T13:51:01+00:00","description":"Actionneur ServoWeld\u00ae GSWA33 pour soudage par r\u00e9sistance : 9,3 kN 457 mm de course et 20 millions de cycles. L\u00e9ger efficace et fiable.","breadcrumb":{"@id":"https:\/\/lda.be\/fr\/produit\/gswa33-servoweld-actionneurs-electriques-a-verin\/#breadcrumb"},"inLanguage":"fr-FR","potentialAction":[{"@type":"ReadAction","target":["https:\/\/lda.be\/fr\/produit\/gswa33-servoweld-actionneurs-electriques-a-verin\/"]}]},{"@type":"ImageObject","inLanguage":"fr-FR","@id":"https:\/\/lda.be\/fr\/produit\/gswa33-servoweld-actionneurs-electriques-a-verin\/#primaryimage","url":"https:\/\/lda.be\/wp-content\/uploads\/2025\/10\/GSWA33.webp","contentUrl":"https:\/\/lda.be\/wp-content\/uploads\/2025\/10\/GSWA33.webp","width":800,"height":800,"caption":"GSWA33"},{"@type":"BreadcrumbList","@id":"https:\/\/lda.be\/fr\/produit\/gswa33-servoweld-actionneurs-electriques-a-verin\/#breadcrumb","itemListElement":[{"@type":"ListItem","position":1,"name":"Accueil","item":"https:\/\/lda.be\/fr\/"},{"@type":"ListItem","position":2,"name":"Produits","item":"https:\/\/lda.be\/fr\/produits\/"},{"@type":"ListItem","position":3,"name":"GSWA33 ServoWeld\u00ae actionneurs \u00e9lectriques \u00e0 v\u00e9rin"}]},{"@type":"WebSite","@id":"https:\/\/lda.be\/fr\/#website","url":"https:\/\/lda.be\/fr\/","name":"LDA Belgium","description":"Solutions For Life","publisher":{"@id":"https:\/\/lda.be\/fr\/#organization"},"potentialAction":[{"@type":"SearchAction","target":{"@type":"EntryPoint","urlTemplate":"https:\/\/lda.be\/fr\/?s={search_term_string}"},"query-input":{"@type":"PropertyValueSpecification","valueRequired":true,"valueName":"search_term_string"}}],"inLanguage":"fr-FR"},{"@type":"Organization","@id":"https:\/\/lda.be\/fr\/#organization","name":"LDA Belgium","url":"https:\/\/lda.be\/fr\/","logo":{"@type":"ImageObject","inLanguage":"fr-FR","@id":"https:\/\/lda.be\/fr\/#\/schema\/logo\/image\/","url":"https:\/\/lda.be\/wp-content\/uploads\/2022\/07\/Logo-LDA.webp","contentUrl":"https:\/\/lda.be\/wp-content\/uploads\/2022\/07\/Logo-LDA.webp","width":311,"height":101,"caption":"LDA Belgium"},"image":{"@id":"https:\/\/lda.be\/fr\/#\/schema\/logo\/image\/"},"sameAs":["https:\/\/www.linkedin.com\/company\/lda-belgium-nv"]}]}},"_links":{"self":[{"href":"https:\/\/lda.be\/fr\/wp-json\/wp\/v2\/product\/13007","targetHints":{"allow":["GET"]}}],"collection":[{"href":"https:\/\/lda.be\/fr\/wp-json\/wp\/v2\/product"}],"about":[{"href":"https:\/\/lda.be\/fr\/wp-json\/wp\/v2\/types\/product"}],"replies":[{"embeddable":true,"href":"https:\/\/lda.be\/fr\/wp-json\/wp\/v2\/comments?post=13007"}],"wp:featuredmedia":[{"embeddable":true,"href":"https:\/\/lda.be\/fr\/wp-json\/wp\/v2\/media\/13003"}],"wp:attachment":[{"href":"https:\/\/lda.be\/fr\/wp-json\/wp\/v2\/media?parent=13007"}],"wp:term":[{"taxonomy":"product_brand","embeddable":true,"href":"https:\/\/lda.be\/fr\/wp-json\/wp\/v2\/product_brand?post=13007"},{"taxonomy":"product_cat","embeddable":true,"href":"https:\/\/lda.be\/fr\/wp-json\/wp\/v2\/product_cat?post=13007"},{"taxonomy":"product_tag","embeddable":true,"href":"https:\/\/lda.be\/fr\/wp-json\/wp\/v2\/product_tag?post=13007"}],"curies":[{"name":"wp","href":"https:\/\/api.w.org\/{rel}","templated":true}]}}