{"id":13016,"date":"2025-10-22T15:38:08","date_gmt":"2025-10-22T14:38:08","guid":{"rendered":"https:\/\/lda.be\/?post_type=product&#038;p=13016"},"modified":"2025-10-22T15:44:23","modified_gmt":"2025-10-22T14:44:23","slug":"servomoteur-electrique-servoweld-gswa44-et-gswa04","status":"publish","type":"product","link":"https:\/\/lda.be\/fr\/produit\/servomoteur-electrique-servoweld-gswa44-et-gswa04\/","title":{"rendered":"Servomoteur \u00e9lectrique ServoWeld\u00ae GSWA44 et GSWA04"},"content":{"rendered":"<p>Les <strong>ServoWeld\u00ae GSWA44<\/strong> et <strong>GSWA04<\/strong> sont des actionneurs servo pour le soudage par r\u00e9sistance. Avec une force allant jusqu\u2019\u00e0 17,8 kN et une dur\u00e9e de vie de 20 millions de cycles ils offrent efficacit\u00e9 et fiabilit\u00e9. Le GSWA44 a une course de 457 mm et le GSWA04 une course de 152 mm. Les deux conviennent aux pinces X et C. La vis \u00e0 rouleaux garantit une longue dur\u00e9e de vie et un entretien minimal.<\/p>\n","protected":false},"excerpt":{"rendered":"<p>Les ServoWeld\u00ae GSWA44 et GSWA04 sont des actionneurs servo pour le soudage par r\u00e9sistance. Avec une force allant jusqu\u2019\u00e0 17,8 kN et une dur\u00e9e de vie de 20 millions de cycles ils offrent efficacit\u00e9 et fiabilit\u00e9. Le GSWA44 a une course de 457 mm et le GSWA04 une course de 152 mm. Les deux conviennent [&hellip;]<\/p>\n","protected":false},"featured_media":13010,"comment_status":"closed","ping_status":"closed","template":"","meta":[],"product_brand":[1797],"product_cat":[874],"product_tag":[],"class_list":{"0":"post-13016","1":"product","2":"type-product","3":"status-publish","4":"has-post-thumbnail","6":"product_brand-tolomatic","7":"product_cat-actionneur-a-tige","9":"first","10":"instock","11":"shipping-taxable","12":"product-type-simple"},"yoast_head":"<!-- This site is optimized with the Yoast SEO plugin v27.3 - https:\/\/yoast.com\/product\/yoast-seo-wordpress\/ -->\n<title>Servomoteur \u00e9lectrique ServoWeld\u00ae GSWA44 et GSWA04 - LDA Belgique<\/title>\n<meta name=\"description\" content=\"Actionneurs ServoWeld\u00ae GSWA44 et GSWA04 pour soudage par r\u00e9sistance : 17,8 kN de force 20 millions de cycles et design efficace. Fiable et durable.\" \/>\n<meta name=\"robots\" content=\"index, follow, max-snippet:-1, max-image-preview:large, max-video-preview:-1\" \/>\n<link rel=\"canonical\" href=\"https:\/\/lda.be\/fr\/produit\/servomoteur-electrique-servoweld-gswa44-et-gswa04\/\" \/>\n<meta property=\"og:locale\" content=\"fr_FR\" \/>\n<meta property=\"og:type\" content=\"article\" \/>\n<meta property=\"og:title\" content=\"Servomoteur \u00e9lectrique ServoWeld\u00ae GSWA44 et GSWA04 - LDA Belgique\" \/>\n<meta property=\"og:description\" content=\"Actionneurs ServoWeld\u00ae GSWA44 et GSWA04 pour soudage par r\u00e9sistance : 17,8 kN de force 20 millions de cycles et design efficace. Fiable et durable.\" \/>\n<meta property=\"og:url\" content=\"https:\/\/lda.be\/fr\/produit\/servomoteur-electrique-servoweld-gswa44-et-gswa04\/\" \/>\n<meta property=\"og:site_name\" content=\"LDA Belgique\" \/>\n<meta property=\"article:modified_time\" content=\"2025-10-22T14:44:23+00:00\" \/>\n<meta property=\"og:image\" content=\"https:\/\/lda.be\/wp-content\/uploads\/2025\/10\/GSWA4.webp\" \/>\n\t<meta property=\"og:image:width\" content=\"800\" \/>\n\t<meta property=\"og:image:height\" content=\"800\" \/>\n\t<meta property=\"og:image:type\" content=\"image\/webp\" \/>\n<meta name=\"twitter:card\" content=\"summary_large_image\" \/>\n<meta name=\"twitter:label1\" content=\"Dur\u00e9e de lecture estim\u00e9e\" \/>\n\t<meta name=\"twitter:data1\" content=\"1 minute\" \/>\n<script type=\"application\/ld+json\" class=\"yoast-schema-graph\">{\"@context\":\"https:\\\/\\\/schema.org\",\"@graph\":[{\"@type\":\"WebPage\",\"@id\":\"https:\\\/\\\/lda.be\\\/fr\\\/produit\\\/servomoteur-electrique-servoweld-gswa44-et-gswa04\\\/\",\"url\":\"https:\\\/\\\/lda.be\\\/fr\\\/produit\\\/servomoteur-electrique-servoweld-gswa44-et-gswa04\\\/\",\"name\":\"Servomoteur \u00e9lectrique ServoWeld\u00ae GSWA44 et GSWA04 - LDA Belgique\",\"isPartOf\":{\"@id\":\"https:\\\/\\\/lda.be\\\/fr\\\/#website\"},\"primaryImageOfPage\":{\"@id\":\"https:\\\/\\\/lda.be\\\/fr\\\/produit\\\/servomoteur-electrique-servoweld-gswa44-et-gswa04\\\/#primaryimage\"},\"image\":{\"@id\":\"https:\\\/\\\/lda.be\\\/fr\\\/produit\\\/servomoteur-electrique-servoweld-gswa44-et-gswa04\\\/#primaryimage\"},\"thumbnailUrl\":\"https:\\\/\\\/lda.be\\\/wp-content\\\/uploads\\\/2025\\\/10\\\/GSWA4.webp\",\"datePublished\":\"2025-10-22T14:38:08+00:00\",\"dateModified\":\"2025-10-22T14:44:23+00:00\",\"description\":\"Actionneurs ServoWeld\u00ae GSWA44 et GSWA04 pour soudage par r\u00e9sistance : 17,8 kN de force 20 millions de cycles et design efficace. Fiable et durable.\",\"breadcrumb\":{\"@id\":\"https:\\\/\\\/lda.be\\\/fr\\\/produit\\\/servomoteur-electrique-servoweld-gswa44-et-gswa04\\\/#breadcrumb\"},\"inLanguage\":\"fr-FR\",\"potentialAction\":[{\"@type\":\"ReadAction\",\"target\":[\"https:\\\/\\\/lda.be\\\/fr\\\/produit\\\/servomoteur-electrique-servoweld-gswa44-et-gswa04\\\/\"]}]},{\"@type\":\"ImageObject\",\"inLanguage\":\"fr-FR\",\"@id\":\"https:\\\/\\\/lda.be\\\/fr\\\/produit\\\/servomoteur-electrique-servoweld-gswa44-et-gswa04\\\/#primaryimage\",\"url\":\"https:\\\/\\\/lda.be\\\/wp-content\\\/uploads\\\/2025\\\/10\\\/GSWA4.webp\",\"contentUrl\":\"https:\\\/\\\/lda.be\\\/wp-content\\\/uploads\\\/2025\\\/10\\\/GSWA4.webp\",\"width\":800,\"height\":800,\"caption\":\"GSWA4\"},{\"@type\":\"BreadcrumbList\",\"@id\":\"https:\\\/\\\/lda.be\\\/fr\\\/produit\\\/servomoteur-electrique-servoweld-gswa44-et-gswa04\\\/#breadcrumb\",\"itemListElement\":[{\"@type\":\"ListItem\",\"position\":1,\"name\":\"Accueil\",\"item\":\"https:\\\/\\\/lda.be\\\/fr\\\/\"},{\"@type\":\"ListItem\",\"position\":2,\"name\":\"Produits\",\"item\":\"https:\\\/\\\/lda.be\\\/fr\\\/produits\\\/\"},{\"@type\":\"ListItem\",\"position\":3,\"name\":\"Servomoteur \u00e9lectrique ServoWeld\u00ae GSWA44 et GSWA04\"}]},{\"@type\":\"WebSite\",\"@id\":\"https:\\\/\\\/lda.be\\\/fr\\\/#website\",\"url\":\"https:\\\/\\\/lda.be\\\/fr\\\/\",\"name\":\"LDA Belgium\",\"description\":\"Solutions For Life\",\"publisher\":{\"@id\":\"https:\\\/\\\/lda.be\\\/fr\\\/#organization\"},\"potentialAction\":[{\"@type\":\"SearchAction\",\"target\":{\"@type\":\"EntryPoint\",\"urlTemplate\":\"https:\\\/\\\/lda.be\\\/fr\\\/?s={search_term_string}\"},\"query-input\":{\"@type\":\"PropertyValueSpecification\",\"valueRequired\":true,\"valueName\":\"search_term_string\"}}],\"inLanguage\":\"fr-FR\"},{\"@type\":\"Organization\",\"@id\":\"https:\\\/\\\/lda.be\\\/fr\\\/#organization\",\"name\":\"LDA Belgium\",\"url\":\"https:\\\/\\\/lda.be\\\/fr\\\/\",\"logo\":{\"@type\":\"ImageObject\",\"inLanguage\":\"fr-FR\",\"@id\":\"https:\\\/\\\/lda.be\\\/fr\\\/#\\\/schema\\\/logo\\\/image\\\/\",\"url\":\"https:\\\/\\\/lda.be\\\/wp-content\\\/uploads\\\/2022\\\/07\\\/Logo-LDA.webp\",\"contentUrl\":\"https:\\\/\\\/lda.be\\\/wp-content\\\/uploads\\\/2022\\\/07\\\/Logo-LDA.webp\",\"width\":311,\"height\":101,\"caption\":\"LDA Belgium\"},\"image\":{\"@id\":\"https:\\\/\\\/lda.be\\\/fr\\\/#\\\/schema\\\/logo\\\/image\\\/\"},\"sameAs\":[\"https:\\\/\\\/www.linkedin.com\\\/company\\\/lda-belgium-nv\"]}]}<\/script>\n<!-- \/ Yoast SEO plugin. -->","yoast_head_json":{"title":"Servomoteur \u00e9lectrique ServoWeld\u00ae GSWA44 et GSWA04 - LDA Belgique","description":"Actionneurs ServoWeld\u00ae GSWA44 et GSWA04 pour soudage par r\u00e9sistance : 17,8 kN de force 20 millions de cycles et design efficace. Fiable et durable.","robots":{"index":"index","follow":"follow","max-snippet":"max-snippet:-1","max-image-preview":"max-image-preview:large","max-video-preview":"max-video-preview:-1"},"canonical":"https:\/\/lda.be\/fr\/produit\/servomoteur-electrique-servoweld-gswa44-et-gswa04\/","og_locale":"fr_FR","og_type":"article","og_title":"Servomoteur \u00e9lectrique ServoWeld\u00ae GSWA44 et GSWA04 - LDA Belgique","og_description":"Actionneurs ServoWeld\u00ae GSWA44 et GSWA04 pour soudage par r\u00e9sistance : 17,8 kN de force 20 millions de cycles et design efficace. Fiable et durable.","og_url":"https:\/\/lda.be\/fr\/produit\/servomoteur-electrique-servoweld-gswa44-et-gswa04\/","og_site_name":"LDA Belgique","article_modified_time":"2025-10-22T14:44:23+00:00","og_image":[{"width":800,"height":800,"url":"https:\/\/lda.be\/wp-content\/uploads\/2025\/10\/GSWA4.webp","type":"image\/webp"}],"twitter_card":"summary_large_image","twitter_misc":{"Dur\u00e9e de lecture estim\u00e9e":"1 minute"},"schema":{"@context":"https:\/\/schema.org","@graph":[{"@type":"WebPage","@id":"https:\/\/lda.be\/fr\/produit\/servomoteur-electrique-servoweld-gswa44-et-gswa04\/","url":"https:\/\/lda.be\/fr\/produit\/servomoteur-electrique-servoweld-gswa44-et-gswa04\/","name":"Servomoteur \u00e9lectrique ServoWeld\u00ae GSWA44 et GSWA04 - LDA Belgique","isPartOf":{"@id":"https:\/\/lda.be\/fr\/#website"},"primaryImageOfPage":{"@id":"https:\/\/lda.be\/fr\/produit\/servomoteur-electrique-servoweld-gswa44-et-gswa04\/#primaryimage"},"image":{"@id":"https:\/\/lda.be\/fr\/produit\/servomoteur-electrique-servoweld-gswa44-et-gswa04\/#primaryimage"},"thumbnailUrl":"https:\/\/lda.be\/wp-content\/uploads\/2025\/10\/GSWA4.webp","datePublished":"2025-10-22T14:38:08+00:00","dateModified":"2025-10-22T14:44:23+00:00","description":"Actionneurs ServoWeld\u00ae GSWA44 et GSWA04 pour soudage par r\u00e9sistance : 17,8 kN de force 20 millions de cycles et design efficace. Fiable et durable.","breadcrumb":{"@id":"https:\/\/lda.be\/fr\/produit\/servomoteur-electrique-servoweld-gswa44-et-gswa04\/#breadcrumb"},"inLanguage":"fr-FR","potentialAction":[{"@type":"ReadAction","target":["https:\/\/lda.be\/fr\/produit\/servomoteur-electrique-servoweld-gswa44-et-gswa04\/"]}]},{"@type":"ImageObject","inLanguage":"fr-FR","@id":"https:\/\/lda.be\/fr\/produit\/servomoteur-electrique-servoweld-gswa44-et-gswa04\/#primaryimage","url":"https:\/\/lda.be\/wp-content\/uploads\/2025\/10\/GSWA4.webp","contentUrl":"https:\/\/lda.be\/wp-content\/uploads\/2025\/10\/GSWA4.webp","width":800,"height":800,"caption":"GSWA4"},{"@type":"BreadcrumbList","@id":"https:\/\/lda.be\/fr\/produit\/servomoteur-electrique-servoweld-gswa44-et-gswa04\/#breadcrumb","itemListElement":[{"@type":"ListItem","position":1,"name":"Accueil","item":"https:\/\/lda.be\/fr\/"},{"@type":"ListItem","position":2,"name":"Produits","item":"https:\/\/lda.be\/fr\/produits\/"},{"@type":"ListItem","position":3,"name":"Servomoteur \u00e9lectrique ServoWeld\u00ae GSWA44 et GSWA04"}]},{"@type":"WebSite","@id":"https:\/\/lda.be\/fr\/#website","url":"https:\/\/lda.be\/fr\/","name":"LDA Belgium","description":"Solutions For Life","publisher":{"@id":"https:\/\/lda.be\/fr\/#organization"},"potentialAction":[{"@type":"SearchAction","target":{"@type":"EntryPoint","urlTemplate":"https:\/\/lda.be\/fr\/?s={search_term_string}"},"query-input":{"@type":"PropertyValueSpecification","valueRequired":true,"valueName":"search_term_string"}}],"inLanguage":"fr-FR"},{"@type":"Organization","@id":"https:\/\/lda.be\/fr\/#organization","name":"LDA Belgium","url":"https:\/\/lda.be\/fr\/","logo":{"@type":"ImageObject","inLanguage":"fr-FR","@id":"https:\/\/lda.be\/fr\/#\/schema\/logo\/image\/","url":"https:\/\/lda.be\/wp-content\/uploads\/2022\/07\/Logo-LDA.webp","contentUrl":"https:\/\/lda.be\/wp-content\/uploads\/2022\/07\/Logo-LDA.webp","width":311,"height":101,"caption":"LDA Belgium"},"image":{"@id":"https:\/\/lda.be\/fr\/#\/schema\/logo\/image\/"},"sameAs":["https:\/\/www.linkedin.com\/company\/lda-belgium-nv"]}]}},"_links":{"self":[{"href":"https:\/\/lda.be\/fr\/wp-json\/wp\/v2\/product\/13016","targetHints":{"allow":["GET"]}}],"collection":[{"href":"https:\/\/lda.be\/fr\/wp-json\/wp\/v2\/product"}],"about":[{"href":"https:\/\/lda.be\/fr\/wp-json\/wp\/v2\/types\/product"}],"replies":[{"embeddable":true,"href":"https:\/\/lda.be\/fr\/wp-json\/wp\/v2\/comments?post=13016"}],"wp:featuredmedia":[{"embeddable":true,"href":"https:\/\/lda.be\/fr\/wp-json\/wp\/v2\/media\/13010"}],"wp:attachment":[{"href":"https:\/\/lda.be\/fr\/wp-json\/wp\/v2\/media?parent=13016"}],"wp:term":[{"taxonomy":"product_brand","embeddable":true,"href":"https:\/\/lda.be\/fr\/wp-json\/wp\/v2\/product_brand?post=13016"},{"taxonomy":"product_cat","embeddable":true,"href":"https:\/\/lda.be\/fr\/wp-json\/wp\/v2\/product_cat?post=13016"},{"taxonomy":"product_tag","embeddable":true,"href":"https:\/\/lda.be\/fr\/wp-json\/wp\/v2\/product_tag?post=13016"}],"curies":[{"name":"wp","href":"https:\/\/api.w.org\/{rel}","templated":true}]}}