{"id":13027,"date":"2025-10-23T13:01:05","date_gmt":"2025-10-23T12:01:05","guid":{"rendered":"https:\/\/lda.be\/?post_type=product&#038;p=13027"},"modified":"2025-10-23T13:07:59","modified_gmt":"2025-10-23T12:07:59","slug":"vis-a-rouleaux-planetaires","status":"publish","type":"product","link":"https:\/\/lda.be\/fr\/produit\/vis-a-rouleaux-planetaires\/","title":{"rendered":"vis \u00e0 rouleaux plan\u00e9taires"},"content":{"rendered":"<p>Les <strong>vis \u00e0 rouleaux plan\u00e9taires<\/strong> de Tolomatic offrent une force \u00e9lev\u00e9e et un fonctionnement efficace dans un format compact. Elles sont test\u00e9es et \u00e9prouv\u00e9es dans des milliers d\u2019applications exigeantes \u00e0 travers le monde. Avec une longue dur\u00e9e de vie, des options de configuration et des d\u00e9lais de livraison rapides, elles sont id\u00e9ales pour les conceptions de machines compactes. Les vis \u00e0 rouleaux ont une classification de charge dynamique plus \u00e9lev\u00e9e et une capacit\u00e9 de charge sup\u00e9rieure aux vis \u00e0 billes, ce qui les rend adapt\u00e9es aux charges lourdes et \u00e0 une longue dur\u00e9e de vie.<\/p>\n","protected":false},"excerpt":{"rendered":"<p>Les vis \u00e0 rouleaux plan\u00e9taires de Tolomatic offrent une force \u00e9lev\u00e9e et un fonctionnement efficace dans un format compact. Elles sont test\u00e9es et \u00e9prouv\u00e9es dans des milliers d\u2019applications exigeantes \u00e0 travers le monde. Avec une longue dur\u00e9e de vie, des options de configuration et des d\u00e9lais de livraison rapides, elles sont id\u00e9ales pour les conceptions [&hellip;]<\/p>\n","protected":false},"featured_media":13022,"comment_status":"closed","ping_status":"closed","template":"","meta":[],"product_brand":[1797],"product_cat":[874],"product_tag":[],"class_list":{"0":"post-13027","1":"product","2":"type-product","3":"status-publish","4":"has-post-thumbnail","6":"product_brand-tolomatic","7":"product_cat-actionneur-a-tige","9":"first","10":"instock","11":"shipping-taxable","12":"product-type-simple"},"yoast_head":"<!-- This site is optimized with the Yoast SEO plugin v27.3 - https:\/\/yoast.com\/product\/yoast-seo-wordpress\/ -->\n<title>vis \u00e0 rouleaux plan\u00e9taires - LDA Belgique<\/title>\n<meta name=\"description\" content=\"Vis \u00e0 rouleaux plan\u00e9taires Tolomatic : force jusqu\u2019\u00e0 294 kN vitesse jusqu\u2019\u00e0 3124 mm\/s et course jusqu\u2019\u00e0 2200 mm. Durables compactes et efficaces.\" \/>\n<meta name=\"robots\" content=\"index, follow, max-snippet:-1, max-image-preview:large, max-video-preview:-1\" \/>\n<link rel=\"canonical\" href=\"https:\/\/lda.be\/fr\/produit\/vis-a-rouleaux-planetaires\/\" \/>\n<meta property=\"og:locale\" content=\"fr_FR\" \/>\n<meta property=\"og:type\" content=\"article\" \/>\n<meta property=\"og:title\" content=\"vis \u00e0 rouleaux plan\u00e9taires - LDA Belgique\" \/>\n<meta property=\"og:description\" content=\"Vis \u00e0 rouleaux plan\u00e9taires Tolomatic : force jusqu\u2019\u00e0 294 kN vitesse jusqu\u2019\u00e0 3124 mm\/s et course jusqu\u2019\u00e0 2200 mm. Durables compactes et efficaces.\" \/>\n<meta property=\"og:url\" content=\"https:\/\/lda.be\/fr\/produit\/vis-a-rouleaux-planetaires\/\" \/>\n<meta property=\"og:site_name\" content=\"LDA Belgique\" \/>\n<meta property=\"article:modified_time\" content=\"2025-10-23T12:07:59+00:00\" \/>\n<meta property=\"og:image\" content=\"https:\/\/lda.be\/wp-content\/uploads\/2025\/10\/planetary-rollerr-screw.webp\" \/>\n\t<meta property=\"og:image:width\" content=\"1080\" \/>\n\t<meta property=\"og:image:height\" content=\"1080\" \/>\n\t<meta property=\"og:image:type\" content=\"image\/webp\" \/>\n<meta name=\"twitter:card\" content=\"summary_large_image\" \/>\n<meta name=\"twitter:label1\" content=\"Dur\u00e9e de lecture estim\u00e9e\" \/>\n\t<meta name=\"twitter:data1\" content=\"1 minute\" \/>\n<script type=\"application\/ld+json\" class=\"yoast-schema-graph\">{\"@context\":\"https:\\\/\\\/schema.org\",\"@graph\":[{\"@type\":\"WebPage\",\"@id\":\"https:\\\/\\\/lda.be\\\/fr\\\/produit\\\/vis-a-rouleaux-planetaires\\\/\",\"url\":\"https:\\\/\\\/lda.be\\\/fr\\\/produit\\\/vis-a-rouleaux-planetaires\\\/\",\"name\":\"vis \u00e0 rouleaux plan\u00e9taires - LDA Belgique\",\"isPartOf\":{\"@id\":\"https:\\\/\\\/lda.be\\\/fr\\\/#website\"},\"primaryImageOfPage\":{\"@id\":\"https:\\\/\\\/lda.be\\\/fr\\\/produit\\\/vis-a-rouleaux-planetaires\\\/#primaryimage\"},\"image\":{\"@id\":\"https:\\\/\\\/lda.be\\\/fr\\\/produit\\\/vis-a-rouleaux-planetaires\\\/#primaryimage\"},\"thumbnailUrl\":\"https:\\\/\\\/lda.be\\\/wp-content\\\/uploads\\\/2025\\\/10\\\/planetary-rollerr-screw.webp\",\"datePublished\":\"2025-10-23T12:01:05+00:00\",\"dateModified\":\"2025-10-23T12:07:59+00:00\",\"description\":\"Vis \u00e0 rouleaux plan\u00e9taires Tolomatic : force jusqu\u2019\u00e0 294 kN vitesse jusqu\u2019\u00e0 3124 mm\\\/s et course jusqu\u2019\u00e0 2200 mm. Durables compactes et efficaces.\",\"breadcrumb\":{\"@id\":\"https:\\\/\\\/lda.be\\\/fr\\\/produit\\\/vis-a-rouleaux-planetaires\\\/#breadcrumb\"},\"inLanguage\":\"fr-FR\",\"potentialAction\":[{\"@type\":\"ReadAction\",\"target\":[\"https:\\\/\\\/lda.be\\\/fr\\\/produit\\\/vis-a-rouleaux-planetaires\\\/\"]}]},{\"@type\":\"ImageObject\",\"inLanguage\":\"fr-FR\",\"@id\":\"https:\\\/\\\/lda.be\\\/fr\\\/produit\\\/vis-a-rouleaux-planetaires\\\/#primaryimage\",\"url\":\"https:\\\/\\\/lda.be\\\/wp-content\\\/uploads\\\/2025\\\/10\\\/planetary-rollerr-screw.webp\",\"contentUrl\":\"https:\\\/\\\/lda.be\\\/wp-content\\\/uploads\\\/2025\\\/10\\\/planetary-rollerr-screw.webp\",\"width\":1080,\"height\":1080,\"caption\":\"Tolomatic Planetary Roller Screws: kracht tot 294 kN snelheid tot 3124 mm\\\/s en slag tot 2200 mm. Duurzaam compact en effici\u00ebnt.\"},{\"@type\":\"BreadcrumbList\",\"@id\":\"https:\\\/\\\/lda.be\\\/fr\\\/produit\\\/vis-a-rouleaux-planetaires\\\/#breadcrumb\",\"itemListElement\":[{\"@type\":\"ListItem\",\"position\":1,\"name\":\"Accueil\",\"item\":\"https:\\\/\\\/lda.be\\\/fr\\\/\"},{\"@type\":\"ListItem\",\"position\":2,\"name\":\"Produits\",\"item\":\"https:\\\/\\\/lda.be\\\/fr\\\/produits\\\/\"},{\"@type\":\"ListItem\",\"position\":3,\"name\":\"vis \u00e0 rouleaux plan\u00e9taires\"}]},{\"@type\":\"WebSite\",\"@id\":\"https:\\\/\\\/lda.be\\\/fr\\\/#website\",\"url\":\"https:\\\/\\\/lda.be\\\/fr\\\/\",\"name\":\"LDA Belgium\",\"description\":\"Solutions For Life\",\"publisher\":{\"@id\":\"https:\\\/\\\/lda.be\\\/fr\\\/#organization\"},\"potentialAction\":[{\"@type\":\"SearchAction\",\"target\":{\"@type\":\"EntryPoint\",\"urlTemplate\":\"https:\\\/\\\/lda.be\\\/fr\\\/?s={search_term_string}\"},\"query-input\":{\"@type\":\"PropertyValueSpecification\",\"valueRequired\":true,\"valueName\":\"search_term_string\"}}],\"inLanguage\":\"fr-FR\"},{\"@type\":\"Organization\",\"@id\":\"https:\\\/\\\/lda.be\\\/fr\\\/#organization\",\"name\":\"LDA Belgium\",\"url\":\"https:\\\/\\\/lda.be\\\/fr\\\/\",\"logo\":{\"@type\":\"ImageObject\",\"inLanguage\":\"fr-FR\",\"@id\":\"https:\\\/\\\/lda.be\\\/fr\\\/#\\\/schema\\\/logo\\\/image\\\/\",\"url\":\"https:\\\/\\\/lda.be\\\/wp-content\\\/uploads\\\/2022\\\/07\\\/Logo-LDA.webp\",\"contentUrl\":\"https:\\\/\\\/lda.be\\\/wp-content\\\/uploads\\\/2022\\\/07\\\/Logo-LDA.webp\",\"width\":311,\"height\":101,\"caption\":\"LDA Belgium\"},\"image\":{\"@id\":\"https:\\\/\\\/lda.be\\\/fr\\\/#\\\/schema\\\/logo\\\/image\\\/\"},\"sameAs\":[\"https:\\\/\\\/www.linkedin.com\\\/company\\\/lda-belgium-nv\"]}]}<\/script>\n<!-- \/ Yoast SEO plugin. -->","yoast_head_json":{"title":"vis \u00e0 rouleaux plan\u00e9taires - LDA Belgique","description":"Vis \u00e0 rouleaux plan\u00e9taires Tolomatic : force jusqu\u2019\u00e0 294 kN vitesse jusqu\u2019\u00e0 3124 mm\/s et course jusqu\u2019\u00e0 2200 mm. Durables compactes et efficaces.","robots":{"index":"index","follow":"follow","max-snippet":"max-snippet:-1","max-image-preview":"max-image-preview:large","max-video-preview":"max-video-preview:-1"},"canonical":"https:\/\/lda.be\/fr\/produit\/vis-a-rouleaux-planetaires\/","og_locale":"fr_FR","og_type":"article","og_title":"vis \u00e0 rouleaux plan\u00e9taires - LDA Belgique","og_description":"Vis \u00e0 rouleaux plan\u00e9taires Tolomatic : force jusqu\u2019\u00e0 294 kN vitesse jusqu\u2019\u00e0 3124 mm\/s et course jusqu\u2019\u00e0 2200 mm. Durables compactes et efficaces.","og_url":"https:\/\/lda.be\/fr\/produit\/vis-a-rouleaux-planetaires\/","og_site_name":"LDA Belgique","article_modified_time":"2025-10-23T12:07:59+00:00","og_image":[{"width":1080,"height":1080,"url":"https:\/\/lda.be\/wp-content\/uploads\/2025\/10\/planetary-rollerr-screw.webp","type":"image\/webp"}],"twitter_card":"summary_large_image","twitter_misc":{"Dur\u00e9e de lecture estim\u00e9e":"1 minute"},"schema":{"@context":"https:\/\/schema.org","@graph":[{"@type":"WebPage","@id":"https:\/\/lda.be\/fr\/produit\/vis-a-rouleaux-planetaires\/","url":"https:\/\/lda.be\/fr\/produit\/vis-a-rouleaux-planetaires\/","name":"vis \u00e0 rouleaux plan\u00e9taires - LDA Belgique","isPartOf":{"@id":"https:\/\/lda.be\/fr\/#website"},"primaryImageOfPage":{"@id":"https:\/\/lda.be\/fr\/produit\/vis-a-rouleaux-planetaires\/#primaryimage"},"image":{"@id":"https:\/\/lda.be\/fr\/produit\/vis-a-rouleaux-planetaires\/#primaryimage"},"thumbnailUrl":"https:\/\/lda.be\/wp-content\/uploads\/2025\/10\/planetary-rollerr-screw.webp","datePublished":"2025-10-23T12:01:05+00:00","dateModified":"2025-10-23T12:07:59+00:00","description":"Vis \u00e0 rouleaux plan\u00e9taires Tolomatic : force jusqu\u2019\u00e0 294 kN vitesse jusqu\u2019\u00e0 3124 mm\/s et course jusqu\u2019\u00e0 2200 mm. Durables compactes et efficaces.","breadcrumb":{"@id":"https:\/\/lda.be\/fr\/produit\/vis-a-rouleaux-planetaires\/#breadcrumb"},"inLanguage":"fr-FR","potentialAction":[{"@type":"ReadAction","target":["https:\/\/lda.be\/fr\/produit\/vis-a-rouleaux-planetaires\/"]}]},{"@type":"ImageObject","inLanguage":"fr-FR","@id":"https:\/\/lda.be\/fr\/produit\/vis-a-rouleaux-planetaires\/#primaryimage","url":"https:\/\/lda.be\/wp-content\/uploads\/2025\/10\/planetary-rollerr-screw.webp","contentUrl":"https:\/\/lda.be\/wp-content\/uploads\/2025\/10\/planetary-rollerr-screw.webp","width":1080,"height":1080,"caption":"Tolomatic Planetary Roller Screws: kracht tot 294 kN snelheid tot 3124 mm\/s en slag tot 2200 mm. Duurzaam compact en effici\u00ebnt."},{"@type":"BreadcrumbList","@id":"https:\/\/lda.be\/fr\/produit\/vis-a-rouleaux-planetaires\/#breadcrumb","itemListElement":[{"@type":"ListItem","position":1,"name":"Accueil","item":"https:\/\/lda.be\/fr\/"},{"@type":"ListItem","position":2,"name":"Produits","item":"https:\/\/lda.be\/fr\/produits\/"},{"@type":"ListItem","position":3,"name":"vis \u00e0 rouleaux plan\u00e9taires"}]},{"@type":"WebSite","@id":"https:\/\/lda.be\/fr\/#website","url":"https:\/\/lda.be\/fr\/","name":"LDA Belgium","description":"Solutions For Life","publisher":{"@id":"https:\/\/lda.be\/fr\/#organization"},"potentialAction":[{"@type":"SearchAction","target":{"@type":"EntryPoint","urlTemplate":"https:\/\/lda.be\/fr\/?s={search_term_string}"},"query-input":{"@type":"PropertyValueSpecification","valueRequired":true,"valueName":"search_term_string"}}],"inLanguage":"fr-FR"},{"@type":"Organization","@id":"https:\/\/lda.be\/fr\/#organization","name":"LDA Belgium","url":"https:\/\/lda.be\/fr\/","logo":{"@type":"ImageObject","inLanguage":"fr-FR","@id":"https:\/\/lda.be\/fr\/#\/schema\/logo\/image\/","url":"https:\/\/lda.be\/wp-content\/uploads\/2022\/07\/Logo-LDA.webp","contentUrl":"https:\/\/lda.be\/wp-content\/uploads\/2022\/07\/Logo-LDA.webp","width":311,"height":101,"caption":"LDA Belgium"},"image":{"@id":"https:\/\/lda.be\/fr\/#\/schema\/logo\/image\/"},"sameAs":["https:\/\/www.linkedin.com\/company\/lda-belgium-nv"]}]}},"_links":{"self":[{"href":"https:\/\/lda.be\/fr\/wp-json\/wp\/v2\/product\/13027","targetHints":{"allow":["GET"]}}],"collection":[{"href":"https:\/\/lda.be\/fr\/wp-json\/wp\/v2\/product"}],"about":[{"href":"https:\/\/lda.be\/fr\/wp-json\/wp\/v2\/types\/product"}],"replies":[{"embeddable":true,"href":"https:\/\/lda.be\/fr\/wp-json\/wp\/v2\/comments?post=13027"}],"wp:featuredmedia":[{"embeddable":true,"href":"https:\/\/lda.be\/fr\/wp-json\/wp\/v2\/media\/13022"}],"wp:attachment":[{"href":"https:\/\/lda.be\/fr\/wp-json\/wp\/v2\/media?parent=13027"}],"wp:term":[{"taxonomy":"product_brand","embeddable":true,"href":"https:\/\/lda.be\/fr\/wp-json\/wp\/v2\/product_brand?post=13027"},{"taxonomy":"product_cat","embeddable":true,"href":"https:\/\/lda.be\/fr\/wp-json\/wp\/v2\/product_cat?post=13027"},{"taxonomy":"product_tag","embeddable":true,"href":"https:\/\/lda.be\/fr\/wp-json\/wp\/v2\/product_tag?post=13027"}],"curies":[{"name":"wp","href":"https:\/\/api.w.org\/{rel}","templated":true}]}}